{"id":250066,"date":"2026-03-19T14:47:44","date_gmt":"2026-03-19T13:47:44","guid":{"rendered":"https:\/\/www.hurom-europe.com\/?post_type=product&#038;p=250066"},"modified":"2026-04-10T09:23:22","modified_gmt":"2026-04-10T07:23:22","slug":"water-purifier","status":"publish","type":"product","link":"https:\/\/www.hurom-europe.com\/nl\/product\/water-purifier\/","title":{"rendered":"[Nieuw] Hurom-waterzuiveraar"},"content":{"rendered":"<ul>\n<li><strong>Alles-in-\u00e9\u00e9n watersysteem:<\/strong><br \/>\nE\u00e9n apparaat dat gezuiverd, warm en gekoeld water levert.<\/li>\n<\/ul>\n<p>&nbsp;<\/p>\n<ul>\n<li><strong>Perfecte temperatuur:<\/strong><br \/>\nStel de temperatuur tot op de graad nauwkeurig in tot 4 \u00b0C, voor water voor thee tot babyvoeding.<\/li>\n<\/ul>\n<p>&nbsp;<\/p>\n<ul>\n<li><strong>Drietrapsfiltratie (RO \/ PAC \/ CF):<\/strong><br \/>\nMeerlagig\u00a0filtratiesysteem dat verontreinigingen en microdeeltjes opvangt.<\/li>\n<\/ul>\n<p>&nbsp;<\/p>\n<ul>\n<li><strong>Waterreservoir van 8,5 l:<\/strong><br \/>\n<span data-teams=\"true\">Een watertank van 8,5 l ontworpen voor effici\u00ebnt watergebruik.<\/span><\/li>\n<\/ul>\n<p>&nbsp;<\/p>\n<ul>\n<li><strong>Afvoer van interne waterleiding:<\/strong><br \/>\nAutomatische of handmatige afvoer verwijdert restwater, helpt schonere leidingen te behouden en vermindert het risico op verstoppingen.<\/li>\n<\/ul>\n<p>&nbsp;<\/p>\n<ul>\n<li><strong>UV-tankonderhoud:<\/strong><br \/>\nUV-sterilisatie houdt het waterreservoir hygi\u00ebnisch schoon.<\/li>\n<\/ul>\n<p>&nbsp;<\/p>\n<ul>\n<li><strong>Veiligheidsvergrendeling voor warm water:<\/strong><br \/>\nBeschermende vergrendeling zorgt voor veiligere uitgifte van warm water.<\/li>\n<\/ul>\n<p>&nbsp;<\/p>\n<ul>\n<li><strong>Afhankelijk van het model en de productiedatum kunnen het ontwerp en de onderdelen licht afwijken en verschillen van de afbeelding.<\/strong><\/li>\n<\/ul>\n","protected":false},"excerpt":{"rendered":"<p>Alles-in-\u00e9\u00e9n watersysteem: E\u00e9n apparaat dat gezuiverd, warm en gekoeld water levert. &nbsp; Perfecte temperatuur: Stel de temperatuur tot op de graad nauwkeurig in tot 4 \u00b0C, voor water voor thee tot babyvoeding. &nbsp; Drietrapsfiltratie (RO \/ PAC \/ CF): Meerlagig\u00a0filtratiesysteem dat verontreinigingen en microdeeltjes opvangt. &nbsp; Waterreservoir van 8,5 l: Een watertank van 8,5 l [&hellip;]<\/p>\n","protected":false},"featured_media":250219,"template":"","meta":{"_acf_changed":false,"inline_featured_image":false},"product_cat":[930],"product_tag":[],"class_list":{"0":"post-250066","1":"product","2":"type-product","3":"status-publish","4":"has-post-thumbnail","6":"product_cat-others","8":"first","9":"instock","10":"taxable","11":"shipping-taxable","12":"purchasable","13":"product-type-variable","14":"has-default-attributes"},"acf":[],"yoast_head":"<!-- This site is optimized with the Yoast SEO plugin v26.6 - https:\/\/yoast.com\/wordpress\/plugins\/seo\/ -->\n<title>[Nieuw] Hurom-waterzuiveraar - Hurom Europe<\/title>\n<meta name=\"description\" content=\"Huroms Slow Juicer H320N combineert een slimme mega hopper met grote capaciteit en een meshfilter met een intelligente, automatische snijfunctie. Geniet van je sap!\" \/>\n<meta name=\"robots\" content=\"index, follow, max-snippet:-1, max-image-preview:large, max-video-preview:-1\" \/>\n<link rel=\"canonical\" href=\"https:\/\/www.hurom-europe.com\/nl\/product\/water-purifier\/\" \/>\n<meta property=\"og:locale\" content=\"nl_NL\" \/>\n<meta property=\"og:type\" content=\"article\" \/>\n<meta property=\"og:title\" content=\"[Nieuw] Hurom-waterzuiveraar - Hurom Europe\" \/>\n<meta property=\"og:description\" content=\"Huroms Slow Juicer H320N combineert een slimme mega hopper met grote capaciteit en een meshfilter met een intelligente, automatische snijfunctie. Geniet van je sap!\" \/>\n<meta property=\"og:url\" content=\"https:\/\/www.hurom-europe.com\/nl\/product\/water-purifier\/\" \/>\n<meta property=\"og:site_name\" content=\"Hurom Europe\" \/>\n<meta property=\"article:modified_time\" content=\"2026-04-10T07:23:22+00:00\" \/>\n<meta property=\"og:image\" content=\"https:\/\/www.hurom-europe.com\/wp-content\/uploads\/2026\/03\/deWP-A01EGR_thumbnail01.png\" \/>\n\t<meta property=\"og:image:width\" content=\"1200\" \/>\n\t<meta property=\"og:image:height\" content=\"1200\" \/>\n\t<meta property=\"og:image:type\" content=\"image\/png\" \/>\n<meta name=\"twitter:card\" content=\"summary_large_image\" \/>\n<meta name=\"twitter:label1\" content=\"Geschatte leestijd\" \/>\n\t<meta name=\"twitter:data1\" content=\"1 minuut\" \/>\n<script type=\"application\/ld+json\" class=\"yoast-schema-graph\">{\"@context\":\"https:\/\/schema.org\",\"@graph\":[{\"@type\":\"WebPage\",\"@id\":\"https:\/\/www.hurom-europe.com\/nl\/product\/water-purifier\/\",\"url\":\"https:\/\/www.hurom-europe.com\/nl\/product\/water-purifier\/\",\"name\":\"[Nieuw] Hurom-waterzuiveraar - Hurom Europe\",\"isPartOf\":{\"@id\":\"https:\/\/www.hurom-europe.com\/fr\/#website\"},\"primaryImageOfPage\":{\"@id\":\"https:\/\/www.hurom-europe.com\/nl\/product\/water-purifier\/#primaryimage\"},\"image\":{\"@id\":\"https:\/\/www.hurom-europe.com\/nl\/product\/water-purifier\/#primaryimage\"},\"thumbnailUrl\":\"https:\/\/www.hurom-europe.com\/wp-content\/uploads\/2026\/03\/deWP-A01EGR_thumbnail01.png\",\"datePublished\":\"2026-03-19T13:47:44+00:00\",\"dateModified\":\"2026-04-10T07:23:22+00:00\",\"description\":\"Huroms Slow Juicer H320N combineert een slimme mega hopper met grote capaciteit en een meshfilter met een intelligente, automatische snijfunctie. Geniet van je sap!\",\"breadcrumb\":{\"@id\":\"https:\/\/www.hurom-europe.com\/nl\/product\/water-purifier\/#breadcrumb\"},\"inLanguage\":\"nl-NL\",\"potentialAction\":[{\"@type\":\"ReadAction\",\"target\":[\"https:\/\/www.hurom-europe.com\/nl\/product\/water-purifier\/\"]}]},{\"@type\":\"ImageObject\",\"inLanguage\":\"nl-NL\",\"@id\":\"https:\/\/www.hurom-europe.com\/nl\/product\/water-purifier\/#primaryimage\",\"url\":\"https:\/\/www.hurom-europe.com\/wp-content\/uploads\/2026\/03\/deWP-A01EGR_thumbnail01.png\",\"contentUrl\":\"https:\/\/www.hurom-europe.com\/wp-content\/uploads\/2026\/03\/deWP-A01EGR_thumbnail01.png\",\"width\":1200,\"height\":1200},{\"@type\":\"BreadcrumbList\",\"@id\":\"https:\/\/www.hurom-europe.com\/nl\/product\/water-purifier\/#breadcrumb\",\"itemListElement\":[{\"@type\":\"ListItem\",\"position\":1,\"name\":\"Home\",\"item\":\"https:\/\/www.hurom-europe.com\/nl\/\"},{\"@type\":\"ListItem\",\"position\":2,\"name\":\"Shop\",\"item\":\"https:\/\/www.hurom-europe.com\/nl\/shop\/\"},{\"@type\":\"ListItem\",\"position\":3,\"name\":\"[Nieuw] Hurom-waterzuiveraar\"}]},{\"@type\":\"WebSite\",\"@id\":\"https:\/\/www.hurom-europe.com\/fr\/#website\",\"url\":\"https:\/\/www.hurom-europe.com\/fr\/\",\"name\":\"Hurom Europe\",\"description\":\"Healthy Way of Life with Slow Juicers\",\"potentialAction\":[{\"@type\":\"SearchAction\",\"target\":{\"@type\":\"EntryPoint\",\"urlTemplate\":\"https:\/\/www.hurom-europe.com\/fr\/?s={search_term_string}\"},\"query-input\":{\"@type\":\"PropertyValueSpecification\",\"valueRequired\":true,\"valueName\":\"search_term_string\"}}],\"inLanguage\":\"nl-NL\"}]}<\/script>\n<!-- \/ Yoast SEO plugin. -->","yoast_head_json":{"title":"[Nieuw] Hurom-waterzuiveraar - Hurom Europe","description":"Huroms Slow Juicer H320N combineert een slimme mega hopper met grote capaciteit en een meshfilter met een intelligente, automatische snijfunctie. Geniet van je sap!","robots":{"index":"index","follow":"follow","max-snippet":"max-snippet:-1","max-image-preview":"max-image-preview:large","max-video-preview":"max-video-preview:-1"},"canonical":"https:\/\/www.hurom-europe.com\/nl\/product\/water-purifier\/","og_locale":"nl_NL","og_type":"article","og_title":"[Nieuw] Hurom-waterzuiveraar - Hurom Europe","og_description":"Huroms Slow Juicer H320N combineert een slimme mega hopper met grote capaciteit en een meshfilter met een intelligente, automatische snijfunctie. Geniet van je sap!","og_url":"https:\/\/www.hurom-europe.com\/nl\/product\/water-purifier\/","og_site_name":"Hurom Europe","article_modified_time":"2026-04-10T07:23:22+00:00","og_image":[{"width":1200,"height":1200,"url":"https:\/\/www.hurom-europe.com\/wp-content\/uploads\/2026\/03\/deWP-A01EGR_thumbnail01.png","type":"image\/png"}],"twitter_card":"summary_large_image","twitter_misc":{"Geschatte leestijd":"1 minuut"},"schema":{"@context":"https:\/\/schema.org","@graph":[{"@type":"WebPage","@id":"https:\/\/www.hurom-europe.com\/nl\/product\/water-purifier\/","url":"https:\/\/www.hurom-europe.com\/nl\/product\/water-purifier\/","name":"[Nieuw] Hurom-waterzuiveraar - Hurom Europe","isPartOf":{"@id":"https:\/\/www.hurom-europe.com\/fr\/#website"},"primaryImageOfPage":{"@id":"https:\/\/www.hurom-europe.com\/nl\/product\/water-purifier\/#primaryimage"},"image":{"@id":"https:\/\/www.hurom-europe.com\/nl\/product\/water-purifier\/#primaryimage"},"thumbnailUrl":"https:\/\/www.hurom-europe.com\/wp-content\/uploads\/2026\/03\/deWP-A01EGR_thumbnail01.png","datePublished":"2026-03-19T13:47:44+00:00","dateModified":"2026-04-10T07:23:22+00:00","description":"Huroms Slow Juicer H320N combineert een slimme mega hopper met grote capaciteit en een meshfilter met een intelligente, automatische snijfunctie. Geniet van je sap!","breadcrumb":{"@id":"https:\/\/www.hurom-europe.com\/nl\/product\/water-purifier\/#breadcrumb"},"inLanguage":"nl-NL","potentialAction":[{"@type":"ReadAction","target":["https:\/\/www.hurom-europe.com\/nl\/product\/water-purifier\/"]}]},{"@type":"ImageObject","inLanguage":"nl-NL","@id":"https:\/\/www.hurom-europe.com\/nl\/product\/water-purifier\/#primaryimage","url":"https:\/\/www.hurom-europe.com\/wp-content\/uploads\/2026\/03\/deWP-A01EGR_thumbnail01.png","contentUrl":"https:\/\/www.hurom-europe.com\/wp-content\/uploads\/2026\/03\/deWP-A01EGR_thumbnail01.png","width":1200,"height":1200},{"@type":"BreadcrumbList","@id":"https:\/\/www.hurom-europe.com\/nl\/product\/water-purifier\/#breadcrumb","itemListElement":[{"@type":"ListItem","position":1,"name":"Home","item":"https:\/\/www.hurom-europe.com\/nl\/"},{"@type":"ListItem","position":2,"name":"Shop","item":"https:\/\/www.hurom-europe.com\/nl\/shop\/"},{"@type":"ListItem","position":3,"name":"[Nieuw] Hurom-waterzuiveraar"}]},{"@type":"WebSite","@id":"https:\/\/www.hurom-europe.com\/fr\/#website","url":"https:\/\/www.hurom-europe.com\/fr\/","name":"Hurom Europe","description":"Healthy Way of Life with Slow Juicers","potentialAction":[{"@type":"SearchAction","target":{"@type":"EntryPoint","urlTemplate":"https:\/\/www.hurom-europe.com\/fr\/?s={search_term_string}"},"query-input":{"@type":"PropertyValueSpecification","valueRequired":true,"valueName":"search_term_string"}}],"inLanguage":"nl-NL"}]}},"_links":{"self":[{"href":"https:\/\/www.hurom-europe.com\/nl\/wp-json\/wp\/v2\/product\/250066","targetHints":{"allow":["GET"]}}],"collection":[{"href":"https:\/\/www.hurom-europe.com\/nl\/wp-json\/wp\/v2\/product"}],"about":[{"href":"https:\/\/www.hurom-europe.com\/nl\/wp-json\/wp\/v2\/types\/product"}],"wp:featuredmedia":[{"embeddable":true,"href":"https:\/\/www.hurom-europe.com\/nl\/wp-json\/wp\/v2\/media\/250219"}],"wp:attachment":[{"href":"https:\/\/www.hurom-europe.com\/nl\/wp-json\/wp\/v2\/media?parent=250066"}],"wp:term":[{"taxonomy":"product_cat","embeddable":true,"href":"https:\/\/www.hurom-europe.com\/nl\/wp-json\/wp\/v2\/product_cat?post=250066"},{"taxonomy":"product_tag","embeddable":true,"href":"https:\/\/www.hurom-europe.com\/nl\/wp-json\/wp\/v2\/product_tag?post=250066"}],"curies":[{"name":"wp","href":"https:\/\/api.w.org\/{rel}","templated":true}]}}