{"id":239189,"date":"2026-03-04T14:04:30","date_gmt":"2026-03-04T13:04:30","guid":{"rendered":"https:\/\/www.hurom-europe.com\/?post_type=product&#038;p=239189"},"modified":"2026-04-25T12:09:23","modified_gmt":"2026-04-25T10:09:23","slug":"h80-st","status":"publish","type":"product","link":"https:\/\/www.hurom-europe.com\/nl\/product\/h80-st\/","title":{"rendered":"[Nieuw] H80-ST"},"content":{"rendered":"<ul>\n<li><strong>Hurom\u2019s nieuwe spiraalvormige persschroef-technologie:<\/strong><br \/>\nVerwerkt gemakkelijk citrus en taaie groenten en levert een glad, consistent sapresultaat.<\/li>\n<\/ul>\n<p>&nbsp;<\/p>\n<ul>\n<li><strong>Extra grote vultrechter voor gemakkelijk sap persen:<\/strong><br \/>\nVul een verscheidenheid aan ingredi\u00ebnten en maak meer sap in \u00e9\u00e9n keer persen voor een eenvoudigere routine.<\/li>\n<\/ul>\n<p>&nbsp;<\/p>\n<ul>\n<li><strong>Probleemloos gebruik &amp; onderhoud:<\/strong><br \/>\n<span class=\"TextRun SCXP248628253 BCX8\" lang=\"EN-US\" xml:lang=\"EN-US\" data-usefontface=\"true\" data-contrast=\"none\"><span class=\"NormalTextRun SCXP248628253 BCX8\">De <\/span><\/span><span class=\"TextRun SpellingErrorZoomed SCXP248628253 BCX8\" lang=\"EN-US\" xml:lang=\"EN-US\" data-usefontface=\"true\" data-contrast=\"none\"><span class=\"annotation-1b58d545-cca1-408d-9539-c6dc8bd448f6 SCXP248628253 BCX8\">meeste<\/span><\/span> <span class=\"TextRun SpellingErrorZoomed SCXP248628253 BCX8\" lang=\"EN-US\" xml:lang=\"EN-US\" data-usefontface=\"true\" data-contrast=\"none\"><span class=\"annotation-1b58d545-cca1-408d-9539-c6dc8bd448f6 SCXP248628253 BCX8\">afneembare<\/span><\/span> <span class=\"TextRun SpellingErrorZoomed SCXP248628253 BCX8\" lang=\"EN-US\" xml:lang=\"EN-US\" data-usefontface=\"true\" data-contrast=\"none\"><span class=\"annotation-1b58d545-cca1-408d-9539-c6dc8bd448f6 SCXP248628253 BCX8\">onderdelen<\/span><\/span> <span class=\"TextRun SpellingErrorZoomed SCXP248628253 BCX8\" lang=\"EN-US\" xml:lang=\"EN-US\" data-usefontface=\"true\" data-contrast=\"none\"><span class=\"annotation-1b58d545-cca1-408d-9539-c6dc8bd448f6 SCXP248628253 BCX8\">zijn<\/span><\/span> <span class=\"TextRun SpellingErrorZoomed SCXP248628253 BCX8\" lang=\"EN-US\" xml:lang=\"EN-US\" data-usefontface=\"true\" data-contrast=\"none\"><span class=\"annotation-1b58d545-cca1-408d-9539-c6dc8bd448f6 SCXP248628253 BCX8\">vaatwasmachinebestendig<\/span><\/span><span class=\"TextRun SCXP248628253 BCX8\" lang=\"EN-US\" xml:lang=\"EN-US\" data-usefontface=\"true\" data-contrast=\"none\"><span class=\"NormalTextRun SCXP248628253 BCX8\">, wat de <\/span><\/span><span class=\"TextRun SpellingErrorZoomed SCXP248628253 BCX8\" lang=\"EN-US\" xml:lang=\"EN-US\" data-usefontface=\"true\" data-contrast=\"none\"><span class=\"annotation-1b58d545-cca1-408d-9539-c6dc8bd448f6 SCXP248628253 BCX8\">schoonmaaktijd<\/span><\/span> <span class=\"TextRun SpellingErrorZoomed SCXP248628253 BCX8\" lang=\"EN-US\" xml:lang=\"EN-US\" data-usefontface=\"true\" data-contrast=\"none\"><span class=\"annotation-1b58d545-cca1-408d-9539-c6dc8bd448f6 SCXP248628253 BCX8\">verkort<\/span><\/span> <span class=\"TextRun SpellingErrorZoomed SCXP248628253 BCX8\" lang=\"EN-US\" xml:lang=\"EN-US\" data-usefontface=\"true\" data-contrast=\"none\"><span class=\"annotation-1b58d545-cca1-408d-9539-c6dc8bd448f6 SCXP248628253 BCX8\">en<\/span><\/span><span class=\"TextRun SCXP248628253 BCX8\" lang=\"EN-US\" xml:lang=\"EN-US\" data-usefontface=\"true\" data-contrast=\"none\"><span class=\"NormalTextRun SCXP248628253 BCX8\"> je <\/span><\/span><span class=\"TextRun SpellingErrorZoomed SCXP248628253 BCX8\" lang=\"EN-US\" xml:lang=\"EN-US\" data-usefontface=\"true\" data-contrast=\"none\"><span class=\"annotation-1b58d545-cca1-408d-9539-c6dc8bd448f6 SCXP248628253 BCX8\">dagelijkse<\/span><\/span><span class=\"TextRun SCXP248628253 BCX8\" lang=\"EN-US\" xml:lang=\"EN-US\" data-usefontface=\"true\" data-contrast=\"none\"><span class=\"NormalTextRun SCXP248628253 BCX8\"> routine <\/span><\/span><span class=\"TextRun SpellingErrorZoomed SCXP248628253 BCX8\" lang=\"EN-US\" xml:lang=\"EN-US\" data-usefontface=\"true\" data-contrast=\"none\"><span class=\"annotation-1b58d545-cca1-408d-9539-c6dc8bd448f6 SCXP248628253 BCX8\">vereenvoudigt<\/span><\/span><span class=\"TextRun SCXP248628253 BCX8\" lang=\"EN-US\" xml:lang=\"EN-US\" data-usefontface=\"true\" data-contrast=\"none\"><span class=\"NormalTextRun SCXP248628253 BCX8\">.<\/span><\/span><\/li>\n<\/ul>\n<p>&nbsp;<\/p>\n<ul>\n<li><strong>Verbeterde bruikbaarheid voor probleemloos sap persen:<\/strong><br \/>\nDoor de gebruiker ge\u00efnspireerd ontwerp met een strakke pulpuitlaat, intu\u00eftieve bediening en one-touch vultrechterdeksel.<\/li>\n<\/ul>\n<p>&nbsp;<\/p>\n<ul>\n<li><strong>Meerdere recepten met \u00e9\u00e9n H80-ST:<\/strong><br \/>\nKies de zeef (fijn \/ grof \/ ijs) die bij jouw favoriete recept en smaak past.<\/li>\n<\/ul>\n<p>&nbsp;<\/p>\n<ul>\n<li><strong>Duurzame verpakking:<\/strong><br \/>\nMilieubewuste materialen, waaronder FSC-gecertificeerd papier, worden gebruikt voor een duurzamere toekomst.<\/li>\n<\/ul>\n<p>&nbsp;<\/p>\n<ul>\n<li><strong>Veiligheid:<\/strong><br \/>\nNet als alle andere Hurom slowjuicers is de H80-ST-slowjuicer gemaakt van BPA-vrije materialen.<\/li>\n<\/ul>\n<p>&nbsp;<\/p>\n<ul>\n<li><strong>Afhankelijk van het model en de productiedatum kunnen het ontwerp en de onderdelen licht afwijken en verschillen van de afbeelding.<\/strong><\/li>\n<\/ul>\n","protected":false},"excerpt":{"rendered":"<p>Hurom\u2019s nieuwe spiraalvormige persschroef-technologie: Verwerkt gemakkelijk citrus en taaie groenten en levert een glad, consistent sapresultaat. &nbsp; Extra grote vultrechter voor gemakkelijk sap persen: Vul een verscheidenheid aan ingredi\u00ebnten en maak meer sap in \u00e9\u00e9n keer persen voor een eenvoudigere routine. &nbsp; Probleemloos gebruik &amp; onderhoud: De meeste afneembare onderdelen zijn vaatwasmachinebestendig, wat de schoonmaaktijd [&hellip;]<\/p>\n","protected":false},"featured_media":254195,"template":"","meta":{"_acf_changed":false,"inline_featured_image":false},"product_cat":[903],"product_tag":[],"class_list":{"0":"post-239189","1":"product","2":"type-product","3":"status-publish","4":"has-post-thumbnail","6":"product_cat-pure-press-line","8":"first","9":"instock","10":"taxable","11":"shipping-taxable","12":"purchasable","13":"product-type-variable","14":"has-default-attributes"},"acf":[],"yoast_head":"<!-- This site is optimized with the Yoast SEO plugin v26.6 - https:\/\/yoast.com\/wordpress\/plugins\/seo\/ -->\n<title>[Nieuw] H80-ST - Hurom Europe<\/title>\n<meta name=\"description\" content=\"Huroms Slow Juicer H320N combineert een slimme mega hopper met grote capaciteit en een meshfilter met een intelligente, automatische snijfunctie. Geniet van je sap!\" \/>\n<meta name=\"robots\" content=\"index, follow, max-snippet:-1, max-image-preview:large, max-video-preview:-1\" \/>\n<link rel=\"canonical\" href=\"https:\/\/www.hurom-europe.com\/nl\/product\/h80-st\/\" \/>\n<meta property=\"og:locale\" content=\"nl_NL\" \/>\n<meta property=\"og:type\" content=\"article\" \/>\n<meta property=\"og:title\" content=\"[Nieuw] H80-ST - Hurom Europe\" \/>\n<meta property=\"og:description\" content=\"Huroms Slow Juicer H320N combineert een slimme mega hopper met grote capaciteit en een meshfilter met een intelligente, automatische snijfunctie. Geniet van je sap!\" \/>\n<meta property=\"og:url\" content=\"https:\/\/www.hurom-europe.com\/nl\/product\/h80-st\/\" \/>\n<meta property=\"og:site_name\" content=\"Hurom Europe\" \/>\n<meta property=\"article:modified_time\" content=\"2026-04-25T10:09:23+00:00\" \/>\n<meta property=\"og:image\" content=\"https:\/\/www.hurom-europe.com\/wp-content\/uploads\/2026\/03\/deH80ST_Thumbnail_Marble1.jpg\" \/>\n\t<meta property=\"og:image:width\" content=\"1200\" \/>\n\t<meta property=\"og:image:height\" content=\"1200\" \/>\n\t<meta property=\"og:image:type\" content=\"image\/jpeg\" \/>\n<meta name=\"twitter:card\" content=\"summary_large_image\" \/>\n<meta name=\"twitter:label1\" content=\"Geschatte leestijd\" \/>\n\t<meta name=\"twitter:data1\" content=\"1 minuut\" \/>\n<script type=\"application\/ld+json\" class=\"yoast-schema-graph\">{\"@context\":\"https:\/\/schema.org\",\"@graph\":[{\"@type\":\"WebPage\",\"@id\":\"https:\/\/www.hurom-europe.com\/nl\/product\/h80-st\/\",\"url\":\"https:\/\/www.hurom-europe.com\/nl\/product\/h80-st\/\",\"name\":\"[Nieuw] H80-ST - Hurom Europe\",\"isPartOf\":{\"@id\":\"https:\/\/www.hurom-europe.com\/fr\/#website\"},\"primaryImageOfPage\":{\"@id\":\"https:\/\/www.hurom-europe.com\/nl\/product\/h80-st\/#primaryimage\"},\"image\":{\"@id\":\"https:\/\/www.hurom-europe.com\/nl\/product\/h80-st\/#primaryimage\"},\"thumbnailUrl\":\"https:\/\/www.hurom-europe.com\/wp-content\/uploads\/2026\/03\/deH80ST_Thumbnail_Marble1.jpg\",\"datePublished\":\"2026-03-04T13:04:30+00:00\",\"dateModified\":\"2026-04-25T10:09:23+00:00\",\"description\":\"Huroms Slow Juicer H320N combineert een slimme mega hopper met grote capaciteit en een meshfilter met een intelligente, automatische snijfunctie. Geniet van je sap!\",\"breadcrumb\":{\"@id\":\"https:\/\/www.hurom-europe.com\/nl\/product\/h80-st\/#breadcrumb\"},\"inLanguage\":\"nl-NL\",\"potentialAction\":[{\"@type\":\"ReadAction\",\"target\":[\"https:\/\/www.hurom-europe.com\/nl\/product\/h80-st\/\"]}]},{\"@type\":\"ImageObject\",\"inLanguage\":\"nl-NL\",\"@id\":\"https:\/\/www.hurom-europe.com\/nl\/product\/h80-st\/#primaryimage\",\"url\":\"https:\/\/www.hurom-europe.com\/wp-content\/uploads\/2026\/03\/deH80ST_Thumbnail_Marble1.jpg\",\"contentUrl\":\"https:\/\/www.hurom-europe.com\/wp-content\/uploads\/2026\/03\/deH80ST_Thumbnail_Marble1.jpg\",\"width\":1200,\"height\":1200},{\"@type\":\"BreadcrumbList\",\"@id\":\"https:\/\/www.hurom-europe.com\/nl\/product\/h80-st\/#breadcrumb\",\"itemListElement\":[{\"@type\":\"ListItem\",\"position\":1,\"name\":\"Home\",\"item\":\"https:\/\/www.hurom-europe.com\/nl\/\"},{\"@type\":\"ListItem\",\"position\":2,\"name\":\"Shop\",\"item\":\"https:\/\/www.hurom-europe.com\/nl\/shop\/\"},{\"@type\":\"ListItem\",\"position\":3,\"name\":\"[Nieuw] H80-ST\"}]},{\"@type\":\"WebSite\",\"@id\":\"https:\/\/www.hurom-europe.com\/fr\/#website\",\"url\":\"https:\/\/www.hurom-europe.com\/fr\/\",\"name\":\"Hurom Europe\",\"description\":\"Healthy Way of Life with Slow Juicers\",\"potentialAction\":[{\"@type\":\"SearchAction\",\"target\":{\"@type\":\"EntryPoint\",\"urlTemplate\":\"https:\/\/www.hurom-europe.com\/fr\/?s={search_term_string}\"},\"query-input\":{\"@type\":\"PropertyValueSpecification\",\"valueRequired\":true,\"valueName\":\"search_term_string\"}}],\"inLanguage\":\"nl-NL\"}]}<\/script>\n<!-- \/ Yoast SEO plugin. -->","yoast_head_json":{"title":"[Nieuw] H80-ST - Hurom Europe","description":"Huroms Slow Juicer H320N combineert een slimme mega hopper met grote capaciteit en een meshfilter met een intelligente, automatische snijfunctie. Geniet van je sap!","robots":{"index":"index","follow":"follow","max-snippet":"max-snippet:-1","max-image-preview":"max-image-preview:large","max-video-preview":"max-video-preview:-1"},"canonical":"https:\/\/www.hurom-europe.com\/nl\/product\/h80-st\/","og_locale":"nl_NL","og_type":"article","og_title":"[Nieuw] H80-ST - Hurom Europe","og_description":"Huroms Slow Juicer H320N combineert een slimme mega hopper met grote capaciteit en een meshfilter met een intelligente, automatische snijfunctie. Geniet van je sap!","og_url":"https:\/\/www.hurom-europe.com\/nl\/product\/h80-st\/","og_site_name":"Hurom Europe","article_modified_time":"2026-04-25T10:09:23+00:00","og_image":[{"width":1200,"height":1200,"url":"https:\/\/www.hurom-europe.com\/wp-content\/uploads\/2026\/03\/deH80ST_Thumbnail_Marble1.jpg","type":"image\/jpeg"}],"twitter_card":"summary_large_image","twitter_misc":{"Geschatte leestijd":"1 minuut"},"schema":{"@context":"https:\/\/schema.org","@graph":[{"@type":"WebPage","@id":"https:\/\/www.hurom-europe.com\/nl\/product\/h80-st\/","url":"https:\/\/www.hurom-europe.com\/nl\/product\/h80-st\/","name":"[Nieuw] H80-ST - Hurom Europe","isPartOf":{"@id":"https:\/\/www.hurom-europe.com\/fr\/#website"},"primaryImageOfPage":{"@id":"https:\/\/www.hurom-europe.com\/nl\/product\/h80-st\/#primaryimage"},"image":{"@id":"https:\/\/www.hurom-europe.com\/nl\/product\/h80-st\/#primaryimage"},"thumbnailUrl":"https:\/\/www.hurom-europe.com\/wp-content\/uploads\/2026\/03\/deH80ST_Thumbnail_Marble1.jpg","datePublished":"2026-03-04T13:04:30+00:00","dateModified":"2026-04-25T10:09:23+00:00","description":"Huroms Slow Juicer H320N combineert een slimme mega hopper met grote capaciteit en een meshfilter met een intelligente, automatische snijfunctie. Geniet van je sap!","breadcrumb":{"@id":"https:\/\/www.hurom-europe.com\/nl\/product\/h80-st\/#breadcrumb"},"inLanguage":"nl-NL","potentialAction":[{"@type":"ReadAction","target":["https:\/\/www.hurom-europe.com\/nl\/product\/h80-st\/"]}]},{"@type":"ImageObject","inLanguage":"nl-NL","@id":"https:\/\/www.hurom-europe.com\/nl\/product\/h80-st\/#primaryimage","url":"https:\/\/www.hurom-europe.com\/wp-content\/uploads\/2026\/03\/deH80ST_Thumbnail_Marble1.jpg","contentUrl":"https:\/\/www.hurom-europe.com\/wp-content\/uploads\/2026\/03\/deH80ST_Thumbnail_Marble1.jpg","width":1200,"height":1200},{"@type":"BreadcrumbList","@id":"https:\/\/www.hurom-europe.com\/nl\/product\/h80-st\/#breadcrumb","itemListElement":[{"@type":"ListItem","position":1,"name":"Home","item":"https:\/\/www.hurom-europe.com\/nl\/"},{"@type":"ListItem","position":2,"name":"Shop","item":"https:\/\/www.hurom-europe.com\/nl\/shop\/"},{"@type":"ListItem","position":3,"name":"[Nieuw] H80-ST"}]},{"@type":"WebSite","@id":"https:\/\/www.hurom-europe.com\/fr\/#website","url":"https:\/\/www.hurom-europe.com\/fr\/","name":"Hurom Europe","description":"Healthy Way of Life with Slow Juicers","potentialAction":[{"@type":"SearchAction","target":{"@type":"EntryPoint","urlTemplate":"https:\/\/www.hurom-europe.com\/fr\/?s={search_term_string}"},"query-input":{"@type":"PropertyValueSpecification","valueRequired":true,"valueName":"search_term_string"}}],"inLanguage":"nl-NL"}]}},"_links":{"self":[{"href":"https:\/\/www.hurom-europe.com\/nl\/wp-json\/wp\/v2\/product\/239189","targetHints":{"allow":["GET"]}}],"collection":[{"href":"https:\/\/www.hurom-europe.com\/nl\/wp-json\/wp\/v2\/product"}],"about":[{"href":"https:\/\/www.hurom-europe.com\/nl\/wp-json\/wp\/v2\/types\/product"}],"wp:featuredmedia":[{"embeddable":true,"href":"https:\/\/www.hurom-europe.com\/nl\/wp-json\/wp\/v2\/media\/254195"}],"wp:attachment":[{"href":"https:\/\/www.hurom-europe.com\/nl\/wp-json\/wp\/v2\/media?parent=239189"}],"wp:term":[{"taxonomy":"product_cat","embeddable":true,"href":"https:\/\/www.hurom-europe.com\/nl\/wp-json\/wp\/v2\/product_cat?post=239189"},{"taxonomy":"product_tag","embeddable":true,"href":"https:\/\/www.hurom-europe.com\/nl\/wp-json\/wp\/v2\/product_tag?post=239189"}],"curies":[{"name":"wp","href":"https:\/\/api.w.org\/{rel}","templated":true}]}}