{"id":228664,"date":"2025-12-18T08:26:05","date_gmt":"2025-12-18T07:26:05","guid":{"rendered":"https:\/\/www.hurom-europe.com\/product\/hurom-table-blender\/"},"modified":"2026-05-13T02:59:28","modified_gmt":"2026-05-13T00:59:28","slug":"hurom-table-blender","status":"publish","type":"product","link":"https:\/\/www.hurom-europe.com\/nl\/product\/hurom-table-blender\/","title":{"rendered":"[New] Hurom Table Blender\u200b"},"content":{"rendered":"<ul>\n<li>3-in-1 Effici\u00ebntie:<br \/>\nDe Table Blender combineert blenden, mengen en crushen in \u00e9\u00e9n krachtige unit, waardoor je keukentaken een stuk eenvoudiger worden.<\/li>\n<li>Krachtige motor voor maximale prestaties:<br \/>\nUitgerust met een robuuste motor die zelfs de meest uitdagende ingredi\u00ebnten moeiteloos verwerkt en elke keer weer zorgt voor een glad en consistent resultaat.<\/li>\n<li>Veiliger dankzij een multi-beschermingssysteem:<br \/>\nGebruik hem met een gerust gevoel dankzij oververhittingsbeveiliging en automatische uitschakeling. Eventuele warmte die tijdens gebruik ontstaat, wordt veilig afgevoerd via de ventilatieopeningen in de basis, wat de veiligheid verder verhoogt.<\/li>\n<li>Eenvoudige, moeiteloze bediening:<br \/>\nBedien het apparaat eenvoudig met de intu\u00eftieve draaiknop: \u00e9\u00e9n simpele draai voor precies blenden, elke keer opnieuw. Dankzij de zelfreinigingsfunctie verloopt ook het schoonmaken moeiteloos, zodat je tijd en gedoe bespaart.<\/li>\n<li>Modern, minimalistisch design met elegante rondingen:<br \/>\nHet strakke, gebogen silhouet van de Table Blender voegt een vleugje verfijning toe aan elke keuken, met behoud van een cleane, minimalistische uitstraling.<\/li>\n<li>Afhankelijk van het model en de productiedatum kunnen het ontwerp en de onderdelen licht afwijken en verschillen van de foto.<\/li>\n<\/ul>\n","protected":false},"excerpt":{"rendered":"<p>3-in-1 Effici\u00ebntie: De Table Blender combineert blenden, mengen en crushen in \u00e9\u00e9n krachtige unit, waardoor je keukentaken een stuk eenvoudiger worden. Krachtige motor voor maximale prestaties: Uitgerust met een robuuste motor die zelfs de meest uitdagende ingredi\u00ebnten moeiteloos verwerkt en elke keer weer zorgt voor een glad en consistent resultaat. Veiliger dankzij een multi-beschermingssysteem: Gebruik [&hellip;]<\/p>\n","protected":false},"featured_media":259690,"template":"","meta":{"_acf_changed":false,"inline_featured_image":false},"product_cat":[930],"product_tag":[],"class_list":{"0":"post-228664","1":"product","2":"type-product","3":"status-publish","4":"has-post-thumbnail","6":"product_cat-others","8":"first","9":"outofstock","10":"sale","11":"taxable","12":"shipping-taxable","13":"product-type-variable","14":"has-default-attributes"},"acf":[],"yoast_head":"<!-- This site is optimized with the Yoast SEO plugin v26.6 - https:\/\/yoast.com\/wordpress\/plugins\/seo\/ -->\n<title>[New] Hurom Table Blender\u200b - Hurom Europe<\/title>\n<meta name=\"description\" content=\"Blenden, hakken en crushen met \u00e9\u00e9n krachtige \u2018Table Blender van Hurom\u2019: 3-in-1 functionaliteit voor gestroomlijnde, dagelijkse effici\u00ebntie.\" \/>\n<meta name=\"robots\" content=\"index, follow, max-snippet:-1, max-image-preview:large, max-video-preview:-1\" \/>\n<link rel=\"canonical\" href=\"https:\/\/www.hurom-europe.com\/nl\/product\/hurom-table-blender\/\" \/>\n<meta property=\"og:locale\" content=\"nl_NL\" \/>\n<meta property=\"og:type\" content=\"article\" \/>\n<meta property=\"og:title\" content=\"[New] Hurom Table Blender\u200b - Hurom Europe\" \/>\n<meta property=\"og:description\" content=\"Blenden, hakken en crushen met \u00e9\u00e9n krachtige \u2018Table Blender van Hurom\u2019: 3-in-1 functionaliteit voor gestroomlijnde, dagelijkse effici\u00ebntie.\" \/>\n<meta property=\"og:url\" content=\"https:\/\/www.hurom-europe.com\/nl\/product\/hurom-table-blender\/\" \/>\n<meta property=\"og:site_name\" content=\"Hurom Europe\" \/>\n<meta property=\"article:modified_time\" content=\"2026-05-13T00:59:28+00:00\" \/>\n<meta property=\"og:image\" content=\"https:\/\/www.hurom-europe.com\/wp-content\/uploads\/2025\/12\/EUTableblender_web_thumbnails_01.jpg\" \/>\n\t<meta property=\"og:image:width\" content=\"1200\" \/>\n\t<meta property=\"og:image:height\" content=\"1200\" \/>\n\t<meta property=\"og:image:type\" content=\"image\/jpeg\" \/>\n<meta name=\"twitter:card\" content=\"summary_large_image\" \/>\n<meta name=\"twitter:label1\" content=\"Geschatte leestijd\" \/>\n\t<meta name=\"twitter:data1\" content=\"1 minuut\" \/>\n<script type=\"application\/ld+json\" class=\"yoast-schema-graph\">{\"@context\":\"https:\/\/schema.org\",\"@graph\":[{\"@type\":\"WebPage\",\"@id\":\"https:\/\/www.hurom-europe.com\/nl\/product\/hurom-table-blender\/\",\"url\":\"https:\/\/www.hurom-europe.com\/nl\/product\/hurom-table-blender\/\",\"name\":\"[New] Hurom Table Blender\u200b - Hurom Europe\",\"isPartOf\":{\"@id\":\"https:\/\/www.hurom-europe.com\/fr\/#website\"},\"primaryImageOfPage\":{\"@id\":\"https:\/\/www.hurom-europe.com\/nl\/product\/hurom-table-blender\/#primaryimage\"},\"image\":{\"@id\":\"https:\/\/www.hurom-europe.com\/nl\/product\/hurom-table-blender\/#primaryimage\"},\"thumbnailUrl\":\"https:\/\/www.hurom-europe.com\/wp-content\/uploads\/2025\/12\/Tableblender_Thumbnail_Mushroom1.jpg\",\"datePublished\":\"2025-12-18T07:26:05+00:00\",\"dateModified\":\"2026-05-13T00:59:28+00:00\",\"description\":\"Blenden, hakken en crushen met \u00e9\u00e9n krachtige \u2018Table Blender van Hurom\u2019: 3-in-1 functionaliteit voor gestroomlijnde, dagelijkse effici\u00ebntie.\",\"breadcrumb\":{\"@id\":\"https:\/\/www.hurom-europe.com\/nl\/product\/hurom-table-blender\/#breadcrumb\"},\"inLanguage\":\"nl-NL\",\"potentialAction\":[{\"@type\":\"ReadAction\",\"target\":[\"https:\/\/www.hurom-europe.com\/nl\/product\/hurom-table-blender\/\"]}]},{\"@type\":\"ImageObject\",\"inLanguage\":\"nl-NL\",\"@id\":\"https:\/\/www.hurom-europe.com\/nl\/product\/hurom-table-blender\/#primaryimage\",\"url\":\"https:\/\/www.hurom-europe.com\/wp-content\/uploads\/2025\/12\/Tableblender_Thumbnail_Mushroom1.jpg\",\"contentUrl\":\"https:\/\/www.hurom-europe.com\/wp-content\/uploads\/2025\/12\/Tableblender_Thumbnail_Mushroom1.jpg\",\"width\":1200,\"height\":1200},{\"@type\":\"BreadcrumbList\",\"@id\":\"https:\/\/www.hurom-europe.com\/nl\/product\/hurom-table-blender\/#breadcrumb\",\"itemListElement\":[{\"@type\":\"ListItem\",\"position\":1,\"name\":\"Home\",\"item\":\"https:\/\/www.hurom-europe.com\/nl\/\"},{\"@type\":\"ListItem\",\"position\":2,\"name\":\"Shop\",\"item\":\"https:\/\/www.hurom-europe.com\/nl\/shop\/\"},{\"@type\":\"ListItem\",\"position\":3,\"name\":\"[New] Hurom Table Blender\u200b\"}]},{\"@type\":\"WebSite\",\"@id\":\"https:\/\/www.hurom-europe.com\/fr\/#website\",\"url\":\"https:\/\/www.hurom-europe.com\/fr\/\",\"name\":\"Hurom Europe\",\"description\":\"Healthy Way of Life with Slow Juicers\",\"potentialAction\":[{\"@type\":\"SearchAction\",\"target\":{\"@type\":\"EntryPoint\",\"urlTemplate\":\"https:\/\/www.hurom-europe.com\/fr\/?s={search_term_string}\"},\"query-input\":{\"@type\":\"PropertyValueSpecification\",\"valueRequired\":true,\"valueName\":\"search_term_string\"}}],\"inLanguage\":\"nl-NL\"}]}<\/script>\n<!-- \/ Yoast SEO plugin. -->","yoast_head_json":{"title":"[New] Hurom Table Blender\u200b - Hurom Europe","description":"Blenden, hakken en crushen met \u00e9\u00e9n krachtige \u2018Table Blender van Hurom\u2019: 3-in-1 functionaliteit voor gestroomlijnde, dagelijkse effici\u00ebntie.","robots":{"index":"index","follow":"follow","max-snippet":"max-snippet:-1","max-image-preview":"max-image-preview:large","max-video-preview":"max-video-preview:-1"},"canonical":"https:\/\/www.hurom-europe.com\/nl\/product\/hurom-table-blender\/","og_locale":"nl_NL","og_type":"article","og_title":"[New] Hurom Table Blender\u200b - Hurom Europe","og_description":"Blenden, hakken en crushen met \u00e9\u00e9n krachtige \u2018Table Blender van Hurom\u2019: 3-in-1 functionaliteit voor gestroomlijnde, dagelijkse effici\u00ebntie.","og_url":"https:\/\/www.hurom-europe.com\/nl\/product\/hurom-table-blender\/","og_site_name":"Hurom Europe","article_modified_time":"2026-05-13T00:59:28+00:00","og_image":[{"width":1200,"height":1200,"url":"https:\/\/www.hurom-europe.com\/wp-content\/uploads\/2025\/12\/EUTableblender_web_thumbnails_01.jpg","type":"image\/jpeg"}],"twitter_card":"summary_large_image","twitter_misc":{"Geschatte leestijd":"1 minuut"},"schema":{"@context":"https:\/\/schema.org","@graph":[{"@type":"WebPage","@id":"https:\/\/www.hurom-europe.com\/nl\/product\/hurom-table-blender\/","url":"https:\/\/www.hurom-europe.com\/nl\/product\/hurom-table-blender\/","name":"[New] Hurom Table Blender\u200b - Hurom Europe","isPartOf":{"@id":"https:\/\/www.hurom-europe.com\/fr\/#website"},"primaryImageOfPage":{"@id":"https:\/\/www.hurom-europe.com\/nl\/product\/hurom-table-blender\/#primaryimage"},"image":{"@id":"https:\/\/www.hurom-europe.com\/nl\/product\/hurom-table-blender\/#primaryimage"},"thumbnailUrl":"https:\/\/www.hurom-europe.com\/wp-content\/uploads\/2025\/12\/Tableblender_Thumbnail_Mushroom1.jpg","datePublished":"2025-12-18T07:26:05+00:00","dateModified":"2026-05-13T00:59:28+00:00","description":"Blenden, hakken en crushen met \u00e9\u00e9n krachtige \u2018Table Blender van Hurom\u2019: 3-in-1 functionaliteit voor gestroomlijnde, dagelijkse effici\u00ebntie.","breadcrumb":{"@id":"https:\/\/www.hurom-europe.com\/nl\/product\/hurom-table-blender\/#breadcrumb"},"inLanguage":"nl-NL","potentialAction":[{"@type":"ReadAction","target":["https:\/\/www.hurom-europe.com\/nl\/product\/hurom-table-blender\/"]}]},{"@type":"ImageObject","inLanguage":"nl-NL","@id":"https:\/\/www.hurom-europe.com\/nl\/product\/hurom-table-blender\/#primaryimage","url":"https:\/\/www.hurom-europe.com\/wp-content\/uploads\/2025\/12\/Tableblender_Thumbnail_Mushroom1.jpg","contentUrl":"https:\/\/www.hurom-europe.com\/wp-content\/uploads\/2025\/12\/Tableblender_Thumbnail_Mushroom1.jpg","width":1200,"height":1200},{"@type":"BreadcrumbList","@id":"https:\/\/www.hurom-europe.com\/nl\/product\/hurom-table-blender\/#breadcrumb","itemListElement":[{"@type":"ListItem","position":1,"name":"Home","item":"https:\/\/www.hurom-europe.com\/nl\/"},{"@type":"ListItem","position":2,"name":"Shop","item":"https:\/\/www.hurom-europe.com\/nl\/shop\/"},{"@type":"ListItem","position":3,"name":"[New] Hurom Table Blender\u200b"}]},{"@type":"WebSite","@id":"https:\/\/www.hurom-europe.com\/fr\/#website","url":"https:\/\/www.hurom-europe.com\/fr\/","name":"Hurom Europe","description":"Healthy Way of Life with Slow Juicers","potentialAction":[{"@type":"SearchAction","target":{"@type":"EntryPoint","urlTemplate":"https:\/\/www.hurom-europe.com\/fr\/?s={search_term_string}"},"query-input":{"@type":"PropertyValueSpecification","valueRequired":true,"valueName":"search_term_string"}}],"inLanguage":"nl-NL"}]}},"_links":{"self":[{"href":"https:\/\/www.hurom-europe.com\/nl\/wp-json\/wp\/v2\/product\/228664","targetHints":{"allow":["GET"]}}],"collection":[{"href":"https:\/\/www.hurom-europe.com\/nl\/wp-json\/wp\/v2\/product"}],"about":[{"href":"https:\/\/www.hurom-europe.com\/nl\/wp-json\/wp\/v2\/types\/product"}],"wp:featuredmedia":[{"embeddable":true,"href":"https:\/\/www.hurom-europe.com\/nl\/wp-json\/wp\/v2\/media\/259690"}],"wp:attachment":[{"href":"https:\/\/www.hurom-europe.com\/nl\/wp-json\/wp\/v2\/media?parent=228664"}],"wp:term":[{"taxonomy":"product_cat","embeddable":true,"href":"https:\/\/www.hurom-europe.com\/nl\/wp-json\/wp\/v2\/product_cat?post=228664"},{"taxonomy":"product_tag","embeddable":true,"href":"https:\/\/www.hurom-europe.com\/nl\/wp-json\/wp\/v2\/product_tag?post=228664"}],"curies":[{"name":"wp","href":"https:\/\/api.w.org\/{rel}","templated":true}]}}