{"id":228517,"date":"2022-03-23T09:16:02","date_gmt":"2022-03-23T08:16:02","guid":{"rendered":"https:\/\/www.hurom-europe.com\/product\/h310a-series\/"},"modified":"2026-05-03T01:54:10","modified_gmt":"2026-05-02T23:54:10","slug":"h310a-series","status":"publish","type":"product","link":"https:\/\/www.hurom-europe.com\/nl\/product\/h310a-series\/","title":{"rendered":"H310A Series"},"content":{"rendered":"<ul>\n<li>Harmonie, overal:<br \/>\nEen harmonieus ontwerp dat in verschillende ruimtes past, ongeacht de inrichting en kleur. Een verfijnde textuur en een eenvoudige maar intu\u00eftieve bedieningsknop.<\/li>\n<li>Geavanceerde technologie:<br \/>\nDe nieuwe Multi-Auger combineert de persschroef en meerdere zeef functies in \u00e9\u00e9n eenvoudige oplossing.<\/li>\n<li>Slimme juicerprocessor:<br \/>\nZelfs wanneer ingredi\u00ebnten met minimale voorbereiding worden toegevoegd, worden ze automatisch fijngehakt en wordt het sap ge\u00ebxtraheerd.<\/li>\n<li>Nog eenvoudiger schoonmaken:<br \/>\nSlechts drie onderdelen om te wassen. Eenvoudig te monteren en te demonteren.<\/li>\n<li>Veiligheid:<br \/>\nNet als alle andere Hurom Slow Juicers is de H310A Slow Juicer gemaakt van volledig BPA-vrije materialen.<\/li>\n<li>Afhankelijk van het model en de productiedatum kunnen het ontwerp en de onderdelen licht afwijken en verschillen van de foto.<\/li>\n<\/ul>\n","protected":false},"excerpt":{"rendered":"<p>Harmonie, overal: Een harmonieus ontwerp dat in verschillende ruimtes past, ongeacht de inrichting en kleur. Een verfijnde textuur en een eenvoudige maar intu\u00eftieve bedieningsknop. Geavanceerde technologie: De nieuwe Multi-Auger combineert de persschroef en meerdere zeef functies in \u00e9\u00e9n eenvoudige oplossing. Slimme juicerprocessor: Zelfs wanneer ingredi\u00ebnten met minimale voorbereiding worden toegevoegd, worden ze automatisch fijngehakt en [&hellip;]<\/p>\n","protected":false},"featured_media":259653,"template":"","meta":{"_acf_changed":false,"inline_featured_image":false},"product_cat":[885],"product_tag":[],"class_list":{"0":"post-228517","1":"product","2":"type-product","3":"status-publish","4":"has-post-thumbnail","6":"product_cat-easy-press-line","8":"first","9":"outofstock","10":"sale","11":"taxable","12":"shipping-taxable","13":"product-type-variable","14":"has-default-attributes"},"acf":[],"yoast_head":"<!-- This site is optimized with the Yoast SEO plugin v26.6 - https:\/\/yoast.com\/wordpress\/plugins\/seo\/ -->\n<title>H310A Series - Hurom Europe<\/title>\n<meta name=\"description\" content=\"De Hurom Slow Juicer H310A is ontworpen voor meer dan alleen sap persen. Slanker en lichter, maar met alle functies. Geniet van je sap!\" \/>\n<meta name=\"robots\" content=\"index, follow, max-snippet:-1, max-image-preview:large, max-video-preview:-1\" \/>\n<link rel=\"canonical\" href=\"https:\/\/www.hurom-europe.com\/nl\/product\/h310a-series\/\" \/>\n<meta property=\"og:locale\" content=\"nl_NL\" \/>\n<meta property=\"og:type\" content=\"article\" \/>\n<meta property=\"og:title\" content=\"H310A Series - Hurom Europe\" \/>\n<meta property=\"og:description\" content=\"De Hurom Slow Juicer H310A is ontworpen voor meer dan alleen sap persen. Slanker en lichter, maar met alle functies. Geniet van je sap!\" \/>\n<meta property=\"og:url\" content=\"https:\/\/www.hurom-europe.com\/nl\/product\/h310a-series\/\" \/>\n<meta property=\"og:site_name\" content=\"Hurom Europe\" \/>\n<meta property=\"article:modified_time\" content=\"2026-05-02T23:54:10+00:00\" \/>\n<meta property=\"og:image\" content=\"https:\/\/www.hurom-europe.com\/wp-content\/uploads\/2026\/02\/H310A_sale_White01.jpg\" \/>\n\t<meta property=\"og:image:width\" content=\"1200\" \/>\n\t<meta property=\"og:image:height\" content=\"1200\" \/>\n\t<meta property=\"og:image:type\" content=\"image\/jpeg\" \/>\n<meta name=\"twitter:card\" content=\"summary_large_image\" \/>\n<meta name=\"twitter:label1\" content=\"Geschatte leestijd\" \/>\n\t<meta name=\"twitter:data1\" content=\"1 minuut\" \/>\n<script type=\"application\/ld+json\" class=\"yoast-schema-graph\">{\"@context\":\"https:\/\/schema.org\",\"@graph\":[{\"@type\":\"WebPage\",\"@id\":\"https:\/\/www.hurom-europe.com\/nl\/product\/h310a-series\/\",\"url\":\"https:\/\/www.hurom-europe.com\/nl\/product\/h310a-series\/\",\"name\":\"H310A Series - Hurom Europe\",\"isPartOf\":{\"@id\":\"https:\/\/www.hurom-europe.com\/fr\/#website\"},\"primaryImageOfPage\":{\"@id\":\"https:\/\/www.hurom-europe.com\/nl\/product\/h310a-series\/#primaryimage\"},\"image\":{\"@id\":\"https:\/\/www.hurom-europe.com\/nl\/product\/h310a-series\/#primaryimage\"},\"thumbnailUrl\":\"https:\/\/www.hurom-europe.com\/wp-content\/uploads\/2022\/03\/H310A_Thumbnail_White1.jpg\",\"datePublished\":\"2022-03-23T08:16:02+00:00\",\"dateModified\":\"2026-05-02T23:54:10+00:00\",\"description\":\"De Hurom Slow Juicer H310A is ontworpen voor meer dan alleen sap persen. Slanker en lichter, maar met alle functies. Geniet van je sap!\",\"breadcrumb\":{\"@id\":\"https:\/\/www.hurom-europe.com\/nl\/product\/h310a-series\/#breadcrumb\"},\"inLanguage\":\"nl-NL\",\"potentialAction\":[{\"@type\":\"ReadAction\",\"target\":[\"https:\/\/www.hurom-europe.com\/nl\/product\/h310a-series\/\"]}]},{\"@type\":\"ImageObject\",\"inLanguage\":\"nl-NL\",\"@id\":\"https:\/\/www.hurom-europe.com\/nl\/product\/h310a-series\/#primaryimage\",\"url\":\"https:\/\/www.hurom-europe.com\/wp-content\/uploads\/2022\/03\/H310A_Thumbnail_White1.jpg\",\"contentUrl\":\"https:\/\/www.hurom-europe.com\/wp-content\/uploads\/2022\/03\/H310A_Thumbnail_White1.jpg\",\"width\":1200,\"height\":1200},{\"@type\":\"BreadcrumbList\",\"@id\":\"https:\/\/www.hurom-europe.com\/nl\/product\/h310a-series\/#breadcrumb\",\"itemListElement\":[{\"@type\":\"ListItem\",\"position\":1,\"name\":\"Home\",\"item\":\"https:\/\/www.hurom-europe.com\/nl\/\"},{\"@type\":\"ListItem\",\"position\":2,\"name\":\"Shop\",\"item\":\"https:\/\/www.hurom-europe.com\/nl\/shop\/\"},{\"@type\":\"ListItem\",\"position\":3,\"name\":\"H310A Series\"}]},{\"@type\":\"WebSite\",\"@id\":\"https:\/\/www.hurom-europe.com\/fr\/#website\",\"url\":\"https:\/\/www.hurom-europe.com\/fr\/\",\"name\":\"Hurom Europe\",\"description\":\"Healthy Way of Life with Slow Juicers\",\"potentialAction\":[{\"@type\":\"SearchAction\",\"target\":{\"@type\":\"EntryPoint\",\"urlTemplate\":\"https:\/\/www.hurom-europe.com\/fr\/?s={search_term_string}\"},\"query-input\":{\"@type\":\"PropertyValueSpecification\",\"valueRequired\":true,\"valueName\":\"search_term_string\"}}],\"inLanguage\":\"nl-NL\"}]}<\/script>\n<!-- \/ Yoast SEO plugin. -->","yoast_head_json":{"title":"H310A Series - Hurom Europe","description":"De Hurom Slow Juicer H310A is ontworpen voor meer dan alleen sap persen. Slanker en lichter, maar met alle functies. Geniet van je sap!","robots":{"index":"index","follow":"follow","max-snippet":"max-snippet:-1","max-image-preview":"max-image-preview:large","max-video-preview":"max-video-preview:-1"},"canonical":"https:\/\/www.hurom-europe.com\/nl\/product\/h310a-series\/","og_locale":"nl_NL","og_type":"article","og_title":"H310A Series - Hurom Europe","og_description":"De Hurom Slow Juicer H310A is ontworpen voor meer dan alleen sap persen. Slanker en lichter, maar met alle functies. Geniet van je sap!","og_url":"https:\/\/www.hurom-europe.com\/nl\/product\/h310a-series\/","og_site_name":"Hurom Europe","article_modified_time":"2026-05-02T23:54:10+00:00","og_image":[{"width":1200,"height":1200,"url":"https:\/\/www.hurom-europe.com\/wp-content\/uploads\/2026\/02\/H310A_sale_White01.jpg","type":"image\/jpeg"}],"twitter_card":"summary_large_image","twitter_misc":{"Geschatte leestijd":"1 minuut"},"schema":{"@context":"https:\/\/schema.org","@graph":[{"@type":"WebPage","@id":"https:\/\/www.hurom-europe.com\/nl\/product\/h310a-series\/","url":"https:\/\/www.hurom-europe.com\/nl\/product\/h310a-series\/","name":"H310A Series - Hurom Europe","isPartOf":{"@id":"https:\/\/www.hurom-europe.com\/fr\/#website"},"primaryImageOfPage":{"@id":"https:\/\/www.hurom-europe.com\/nl\/product\/h310a-series\/#primaryimage"},"image":{"@id":"https:\/\/www.hurom-europe.com\/nl\/product\/h310a-series\/#primaryimage"},"thumbnailUrl":"https:\/\/www.hurom-europe.com\/wp-content\/uploads\/2022\/03\/H310A_Thumbnail_White1.jpg","datePublished":"2022-03-23T08:16:02+00:00","dateModified":"2026-05-02T23:54:10+00:00","description":"De Hurom Slow Juicer H310A is ontworpen voor meer dan alleen sap persen. Slanker en lichter, maar met alle functies. Geniet van je sap!","breadcrumb":{"@id":"https:\/\/www.hurom-europe.com\/nl\/product\/h310a-series\/#breadcrumb"},"inLanguage":"nl-NL","potentialAction":[{"@type":"ReadAction","target":["https:\/\/www.hurom-europe.com\/nl\/product\/h310a-series\/"]}]},{"@type":"ImageObject","inLanguage":"nl-NL","@id":"https:\/\/www.hurom-europe.com\/nl\/product\/h310a-series\/#primaryimage","url":"https:\/\/www.hurom-europe.com\/wp-content\/uploads\/2022\/03\/H310A_Thumbnail_White1.jpg","contentUrl":"https:\/\/www.hurom-europe.com\/wp-content\/uploads\/2022\/03\/H310A_Thumbnail_White1.jpg","width":1200,"height":1200},{"@type":"BreadcrumbList","@id":"https:\/\/www.hurom-europe.com\/nl\/product\/h310a-series\/#breadcrumb","itemListElement":[{"@type":"ListItem","position":1,"name":"Home","item":"https:\/\/www.hurom-europe.com\/nl\/"},{"@type":"ListItem","position":2,"name":"Shop","item":"https:\/\/www.hurom-europe.com\/nl\/shop\/"},{"@type":"ListItem","position":3,"name":"H310A Series"}]},{"@type":"WebSite","@id":"https:\/\/www.hurom-europe.com\/fr\/#website","url":"https:\/\/www.hurom-europe.com\/fr\/","name":"Hurom Europe","description":"Healthy Way of Life with Slow Juicers","potentialAction":[{"@type":"SearchAction","target":{"@type":"EntryPoint","urlTemplate":"https:\/\/www.hurom-europe.com\/fr\/?s={search_term_string}"},"query-input":{"@type":"PropertyValueSpecification","valueRequired":true,"valueName":"search_term_string"}}],"inLanguage":"nl-NL"}]}},"_links":{"self":[{"href":"https:\/\/www.hurom-europe.com\/nl\/wp-json\/wp\/v2\/product\/228517","targetHints":{"allow":["GET"]}}],"collection":[{"href":"https:\/\/www.hurom-europe.com\/nl\/wp-json\/wp\/v2\/product"}],"about":[{"href":"https:\/\/www.hurom-europe.com\/nl\/wp-json\/wp\/v2\/types\/product"}],"wp:featuredmedia":[{"embeddable":true,"href":"https:\/\/www.hurom-europe.com\/nl\/wp-json\/wp\/v2\/media\/259653"}],"wp:attachment":[{"href":"https:\/\/www.hurom-europe.com\/nl\/wp-json\/wp\/v2\/media?parent=228517"}],"wp:term":[{"taxonomy":"product_cat","embeddable":true,"href":"https:\/\/www.hurom-europe.com\/nl\/wp-json\/wp\/v2\/product_cat?post=228517"},{"taxonomy":"product_tag","embeddable":true,"href":"https:\/\/www.hurom-europe.com\/nl\/wp-json\/wp\/v2\/product_tag?post=228517"}],"curies":[{"name":"wp","href":"https:\/\/api.w.org\/{rel}","templated":true}]}}