{"id":228326,"date":"2022-06-07T14:13:27","date_gmt":"2022-06-07T12:13:27","guid":{"rendered":"https:\/\/www.hurom-europe.com\/product\/h320n-series\/"},"modified":"2026-05-03T01:54:21","modified_gmt":"2026-05-02T23:54:21","slug":"h320n-series","status":"publish","type":"product","link":"https:\/\/www.hurom-europe.com\/nl\/product\/h320n-series\/","title":{"rendered":"H320N Series"},"content":{"rendered":"<ul>\n<li>Moderne en veelzijdige kleuren:<br \/>\nModerne, rustige kleuren en een zachte textuur die overal en bij alles passen.<\/li>\n<li>Slim en bijzonder gebruiksvriendelijk:<br \/>\nZelfs ingredi\u00ebnten die niet zijn voorbereid, kunnen in \u00e9\u00e9n keer worden toegevoegd voor automatisch snijden en persen.<\/li>\n<li>Zelfs gekookte ingredi\u00ebnten kunnen worden gecombineerd met andere ingredi\u00ebnten om een gezonde gemengde juice te maken.<br \/>\nVan gezonde notenmelk en vegetarische en vegan sappen tot yoghurt bowls als dessert.<\/li>\n<li>Veiligheid:<br \/>\nZoals alle Hurom Slow Juicers is ook de H320N Slow Juicer gemaakt van volledig BPA-vrije materialen.<\/li>\n<li>Afhankelijk van het model en de productiedatum kunnen het ontwerp en de onderdelen licht afwijken en verschillen van de afbeelding.<\/li>\n<\/ul>\n<p>&nbsp;<\/p>\n","protected":false},"excerpt":{"rendered":"<p>Moderne en veelzijdige kleuren: Moderne, rustige kleuren en een zachte textuur die overal en bij alles passen. Slim en bijzonder gebruiksvriendelijk: Zelfs ingredi\u00ebnten die niet zijn voorbereid, kunnen in \u00e9\u00e9n keer worden toegevoegd voor automatisch snijden en persen. Zelfs gekookte ingredi\u00ebnten kunnen worden gecombineerd met andere ingredi\u00ebnten om een gezonde gemengde juice te maken. Van [&hellip;]<\/p>\n","protected":false},"featured_media":259230,"template":"","meta":{"_acf_changed":false,"inline_featured_image":false},"product_cat":[903],"product_tag":[],"class_list":{"0":"post-228326","1":"product","2":"type-product","3":"status-publish","4":"has-post-thumbnail","6":"product_cat-pure-press-line","8":"first","9":"outofstock","10":"sale","11":"taxable","12":"shipping-taxable","13":"product-type-variable","14":"has-default-attributes"},"acf":[],"yoast_head":"<!-- This site is optimized with the Yoast SEO plugin v26.6 - https:\/\/yoast.com\/wordpress\/plugins\/seo\/ -->\n<title>H320N Series - Hurom Europe<\/title>\n<meta name=\"description\" content=\"Huroms Slow Juicer H320N combineert een slimme mega hopper met grote capaciteit en een meshfilter met een intelligente, automatische snijfunctie. Geniet van je sap!\" \/>\n<meta name=\"robots\" content=\"index, follow, max-snippet:-1, max-image-preview:large, max-video-preview:-1\" \/>\n<link rel=\"canonical\" href=\"https:\/\/www.hurom-europe.com\/nl\/product\/h320n-series\/\" \/>\n<meta property=\"og:locale\" content=\"nl_NL\" \/>\n<meta property=\"og:type\" content=\"article\" \/>\n<meta property=\"og:title\" content=\"H320N Series - Hurom Europe\" \/>\n<meta property=\"og:description\" content=\"Huroms Slow Juicer H320N combineert een slimme mega hopper met grote capaciteit en een meshfilter met een intelligente, automatische snijfunctie. Geniet van je sap!\" \/>\n<meta property=\"og:url\" content=\"https:\/\/www.hurom-europe.com\/nl\/product\/h320n-series\/\" \/>\n<meta property=\"og:site_name\" content=\"Hurom Europe\" \/>\n<meta property=\"article:modified_time\" content=\"2026-05-02T23:54:21+00:00\" \/>\n<meta property=\"og:image\" content=\"https:\/\/www.hurom-europe.com\/wp-content\/uploads\/2022\/06\/H320N_DG1.jpg\" \/>\n\t<meta property=\"og:image:width\" content=\"1200\" \/>\n\t<meta property=\"og:image:height\" content=\"1200\" \/>\n\t<meta property=\"og:image:type\" content=\"image\/jpeg\" \/>\n<meta name=\"twitter:card\" content=\"summary_large_image\" \/>\n<meta name=\"twitter:label1\" content=\"Geschatte leestijd\" \/>\n\t<meta name=\"twitter:data1\" content=\"1 minuut\" \/>\n<script type=\"application\/ld+json\" class=\"yoast-schema-graph\">{\"@context\":\"https:\/\/schema.org\",\"@graph\":[{\"@type\":\"WebPage\",\"@id\":\"https:\/\/www.hurom-europe.com\/nl\/product\/h320n-series\/\",\"url\":\"https:\/\/www.hurom-europe.com\/nl\/product\/h320n-series\/\",\"name\":\"H320N Series - Hurom Europe\",\"isPartOf\":{\"@id\":\"https:\/\/www.hurom-europe.com\/fr\/#website\"},\"primaryImageOfPage\":{\"@id\":\"https:\/\/www.hurom-europe.com\/nl\/product\/h320n-series\/#primaryimage\"},\"image\":{\"@id\":\"https:\/\/www.hurom-europe.com\/nl\/product\/h320n-series\/#primaryimage\"},\"thumbnailUrl\":\"https:\/\/www.hurom-europe.com\/wp-content\/uploads\/2022\/06\/H320N_Thumbnail_Deepgreen1.jpg\",\"datePublished\":\"2022-06-07T12:13:27+00:00\",\"dateModified\":\"2026-05-02T23:54:21+00:00\",\"description\":\"Huroms Slow Juicer H320N combineert een slimme mega hopper met grote capaciteit en een meshfilter met een intelligente, automatische snijfunctie. Geniet van je sap!\",\"breadcrumb\":{\"@id\":\"https:\/\/www.hurom-europe.com\/nl\/product\/h320n-series\/#breadcrumb\"},\"inLanguage\":\"nl-NL\",\"potentialAction\":[{\"@type\":\"ReadAction\",\"target\":[\"https:\/\/www.hurom-europe.com\/nl\/product\/h320n-series\/\"]}]},{\"@type\":\"ImageObject\",\"inLanguage\":\"nl-NL\",\"@id\":\"https:\/\/www.hurom-europe.com\/nl\/product\/h320n-series\/#primaryimage\",\"url\":\"https:\/\/www.hurom-europe.com\/wp-content\/uploads\/2022\/06\/H320N_Thumbnail_Deepgreen1.jpg\",\"contentUrl\":\"https:\/\/www.hurom-europe.com\/wp-content\/uploads\/2022\/06\/H320N_Thumbnail_Deepgreen1.jpg\",\"width\":1200,\"height\":1200},{\"@type\":\"BreadcrumbList\",\"@id\":\"https:\/\/www.hurom-europe.com\/nl\/product\/h320n-series\/#breadcrumb\",\"itemListElement\":[{\"@type\":\"ListItem\",\"position\":1,\"name\":\"Home\",\"item\":\"https:\/\/www.hurom-europe.com\/nl\/\"},{\"@type\":\"ListItem\",\"position\":2,\"name\":\"Shop\",\"item\":\"https:\/\/www.hurom-europe.com\/nl\/shop\/\"},{\"@type\":\"ListItem\",\"position\":3,\"name\":\"H320N Series\"}]},{\"@type\":\"WebSite\",\"@id\":\"https:\/\/www.hurom-europe.com\/fr\/#website\",\"url\":\"https:\/\/www.hurom-europe.com\/fr\/\",\"name\":\"Hurom Europe\",\"description\":\"Healthy Way of Life with Slow Juicers\",\"potentialAction\":[{\"@type\":\"SearchAction\",\"target\":{\"@type\":\"EntryPoint\",\"urlTemplate\":\"https:\/\/www.hurom-europe.com\/fr\/?s={search_term_string}\"},\"query-input\":{\"@type\":\"PropertyValueSpecification\",\"valueRequired\":true,\"valueName\":\"search_term_string\"}}],\"inLanguage\":\"nl-NL\"}]}<\/script>\n<!-- \/ Yoast SEO plugin. -->","yoast_head_json":{"title":"H320N Series - Hurom Europe","description":"Huroms Slow Juicer H320N combineert een slimme mega hopper met grote capaciteit en een meshfilter met een intelligente, automatische snijfunctie. Geniet van je sap!","robots":{"index":"index","follow":"follow","max-snippet":"max-snippet:-1","max-image-preview":"max-image-preview:large","max-video-preview":"max-video-preview:-1"},"canonical":"https:\/\/www.hurom-europe.com\/nl\/product\/h320n-series\/","og_locale":"nl_NL","og_type":"article","og_title":"H320N Series - Hurom Europe","og_description":"Huroms Slow Juicer H320N combineert een slimme mega hopper met grote capaciteit en een meshfilter met een intelligente, automatische snijfunctie. Geniet van je sap!","og_url":"https:\/\/www.hurom-europe.com\/nl\/product\/h320n-series\/","og_site_name":"Hurom Europe","article_modified_time":"2026-05-02T23:54:21+00:00","og_image":[{"width":1200,"height":1200,"url":"https:\/\/www.hurom-europe.com\/wp-content\/uploads\/2022\/06\/H320N_DG1.jpg","type":"image\/jpeg"}],"twitter_card":"summary_large_image","twitter_misc":{"Geschatte leestijd":"1 minuut"},"schema":{"@context":"https:\/\/schema.org","@graph":[{"@type":"WebPage","@id":"https:\/\/www.hurom-europe.com\/nl\/product\/h320n-series\/","url":"https:\/\/www.hurom-europe.com\/nl\/product\/h320n-series\/","name":"H320N Series - Hurom Europe","isPartOf":{"@id":"https:\/\/www.hurom-europe.com\/fr\/#website"},"primaryImageOfPage":{"@id":"https:\/\/www.hurom-europe.com\/nl\/product\/h320n-series\/#primaryimage"},"image":{"@id":"https:\/\/www.hurom-europe.com\/nl\/product\/h320n-series\/#primaryimage"},"thumbnailUrl":"https:\/\/www.hurom-europe.com\/wp-content\/uploads\/2022\/06\/H320N_Thumbnail_Deepgreen1.jpg","datePublished":"2022-06-07T12:13:27+00:00","dateModified":"2026-05-02T23:54:21+00:00","description":"Huroms Slow Juicer H320N combineert een slimme mega hopper met grote capaciteit en een meshfilter met een intelligente, automatische snijfunctie. Geniet van je sap!","breadcrumb":{"@id":"https:\/\/www.hurom-europe.com\/nl\/product\/h320n-series\/#breadcrumb"},"inLanguage":"nl-NL","potentialAction":[{"@type":"ReadAction","target":["https:\/\/www.hurom-europe.com\/nl\/product\/h320n-series\/"]}]},{"@type":"ImageObject","inLanguage":"nl-NL","@id":"https:\/\/www.hurom-europe.com\/nl\/product\/h320n-series\/#primaryimage","url":"https:\/\/www.hurom-europe.com\/wp-content\/uploads\/2022\/06\/H320N_Thumbnail_Deepgreen1.jpg","contentUrl":"https:\/\/www.hurom-europe.com\/wp-content\/uploads\/2022\/06\/H320N_Thumbnail_Deepgreen1.jpg","width":1200,"height":1200},{"@type":"BreadcrumbList","@id":"https:\/\/www.hurom-europe.com\/nl\/product\/h320n-series\/#breadcrumb","itemListElement":[{"@type":"ListItem","position":1,"name":"Home","item":"https:\/\/www.hurom-europe.com\/nl\/"},{"@type":"ListItem","position":2,"name":"Shop","item":"https:\/\/www.hurom-europe.com\/nl\/shop\/"},{"@type":"ListItem","position":3,"name":"H320N Series"}]},{"@type":"WebSite","@id":"https:\/\/www.hurom-europe.com\/fr\/#website","url":"https:\/\/www.hurom-europe.com\/fr\/","name":"Hurom Europe","description":"Healthy Way of Life with Slow Juicers","potentialAction":[{"@type":"SearchAction","target":{"@type":"EntryPoint","urlTemplate":"https:\/\/www.hurom-europe.com\/fr\/?s={search_term_string}"},"query-input":{"@type":"PropertyValueSpecification","valueRequired":true,"valueName":"search_term_string"}}],"inLanguage":"nl-NL"}]}},"_links":{"self":[{"href":"https:\/\/www.hurom-europe.com\/nl\/wp-json\/wp\/v2\/product\/228326","targetHints":{"allow":["GET"]}}],"collection":[{"href":"https:\/\/www.hurom-europe.com\/nl\/wp-json\/wp\/v2\/product"}],"about":[{"href":"https:\/\/www.hurom-europe.com\/nl\/wp-json\/wp\/v2\/types\/product"}],"wp:featuredmedia":[{"embeddable":true,"href":"https:\/\/www.hurom-europe.com\/nl\/wp-json\/wp\/v2\/media\/259230"}],"wp:attachment":[{"href":"https:\/\/www.hurom-europe.com\/nl\/wp-json\/wp\/v2\/media?parent=228326"}],"wp:term":[{"taxonomy":"product_cat","embeddable":true,"href":"https:\/\/www.hurom-europe.com\/nl\/wp-json\/wp\/v2\/product_cat?post=228326"},{"taxonomy":"product_tag","embeddable":true,"href":"https:\/\/www.hurom-europe.com\/nl\/wp-json\/wp\/v2\/product_tag?post=228326"}],"curies":[{"name":"wp","href":"https:\/\/api.w.org\/{rel}","templated":true}]}}