{"id":227270,"date":"2020-09-22T13:39:03","date_gmt":"2020-09-22T11:39:03","guid":{"rendered":"https:\/\/www.hurom-europe.com\/imprint\/"},"modified":"2026-02-02T08:09:32","modified_gmt":"2026-02-02T07:09:32","slug":"imprint","status":"publish","type":"page","link":"https:\/\/www.hurom-europe.com\/nl\/imprint\/","title":{"rendered":"Imprint"},"content":{"rendered":"\n<p class=\"has-text-align-left\">Hurom Europe GmbH<br>Weberstra\u00dfe 19<br>65779 Kelkheim (Taunus), Duitsland<br>Vertegenwoordigd door: Won Young Jeon<br>Tel.: +49 (0) 6195 \u2013 725 7967<br>E-mail: <a href=\"mailto:info@hurom-europe.com\">info@hurom-europe.com<\/a><br>Internet: <a href=\"http:\/\/www.hurom-europe.com\/\">www.hurom-europe.com<\/a><\/p>\n\n\n\n<p>Registerrechtbank<\/p>\n\n\n\n<p>Amtsgericht K\u00f6nigstein im Taunus<br>Btw-identificatienummer: DE326795953<br>Handelsregisternummer: HRB 11884<\/p>\n\n\n\n<p>Juridische kennisgeving<\/p>\n\n\n\n<p>Onlinegeschillenbeslechting en de Wet Consumenten\u00adgeschillen\u00adbeslechting (VSBG)<\/p>\n\n\n\n<p>De Europese Commissie bood een platform voor onlinegeschillenbeslechting (ODR) aan. Dit platform is op 20 juli 2025 gesloten en is niet langer toegankelijk.<\/p>\n\n\n\n<p>Wij zijn verplicht en bereid deel te nemen aan geschillenbeslechtingsprocedures voor een consumenten\u00adgeschillencommissie. De bevoegde geschillencommissie is de Algemene Consumenten\u00adgeschillencommissie van het Zentrum f\u00fcr Schlichtung e.V., Stra\u00dfburger Stra\u00dfe 8, 77694 Kehl am Rhein, Duitsland, <a href=\"http:\/\/www.verbraucher-schlichter.de\/\">www.verbraucher-schlichter.de<\/a>.<\/p>\n","protected":false},"excerpt":{"rendered":"<p>Hurom Europe GmbHWeberstra\u00dfe 1965779 Kelkheim (Taunus), DuitslandVertegenwoordigd door: Won Young JeonTel.: +49 (0) 6195 \u2013 725 7967E-mail: info@hurom-europe.comInternet: www.hurom-europe.com Registerrechtbank Amtsgericht K\u00f6nigstein im TaunusBtw-identificatienummer: DE326795953Handelsregisternummer: HRB 11884 Juridische kennisgeving Onlinegeschillenbeslechting en de Wet Consumenten\u00adgeschillen\u00adbeslechting (VSBG) De Europese Commissie bood een platform voor onlinegeschillenbeslechting (ODR) aan. Dit platform is op 20 juli 2025 gesloten en is [&hellip;]<\/p>\n","protected":false},"author":1,"featured_media":0,"parent":0,"menu_order":9,"comment_status":"closed","ping_status":"closed","template":"","meta":{"_acf_changed":false,"inline_featured_image":false,"footnotes":""},"class_list":["post-227270","page","type-page","status-publish","hentry"],"acf":[],"yoast_head":"<!-- This site is optimized with the Yoast SEO plugin v26.6 - https:\/\/yoast.com\/wordpress\/plugins\/seo\/ -->\n<title>Imprint - Hurom Europe<\/title>\n<meta name=\"description\" content=\"Dahlert GmbH \u2013 Am Holzweg 28 \u2013 65830 Kriftel, Duitsland | Telefoon: +(49)6192 8079439 | E-mail: [info@hurom-europe.com](mailto:info@hurom-europe.com)\" \/>\n<meta name=\"robots\" content=\"index, follow, max-snippet:-1, max-image-preview:large, max-video-preview:-1\" \/>\n<link rel=\"canonical\" href=\"https:\/\/www.hurom-europe.com\/nl\/imprint\/\" \/>\n<meta property=\"og:locale\" content=\"nl_NL\" \/>\n<meta property=\"og:type\" content=\"article\" \/>\n<meta property=\"og:title\" content=\"Imprint - Hurom Europe\" \/>\n<meta property=\"og:description\" content=\"Dahlert GmbH \u2013 Am Holzweg 28 \u2013 65830 Kriftel, Duitsland | Telefoon: +(49)6192 8079439 | E-mail: [info@hurom-europe.com](mailto:info@hurom-europe.com)\" \/>\n<meta property=\"og:url\" content=\"https:\/\/www.hurom-europe.com\/nl\/imprint\/\" \/>\n<meta property=\"og:site_name\" content=\"Hurom Europe\" \/>\n<meta property=\"article:modified_time\" content=\"2026-02-02T07:09:32+00:00\" \/>\n<meta name=\"twitter:card\" content=\"summary_large_image\" \/>\n<meta name=\"twitter:label1\" content=\"Geschatte leestijd\" \/>\n\t<meta name=\"twitter:data1\" content=\"1 minuut\" \/>\n<script type=\"application\/ld+json\" class=\"yoast-schema-graph\">{\"@context\":\"https:\/\/schema.org\",\"@graph\":[{\"@type\":\"WebPage\",\"@id\":\"https:\/\/www.hurom-europe.com\/nl\/imprint\/\",\"url\":\"https:\/\/www.hurom-europe.com\/nl\/imprint\/\",\"name\":\"Imprint - Hurom Europe\",\"isPartOf\":{\"@id\":\"https:\/\/www.hurom-europe.com\/fr\/#website\"},\"datePublished\":\"2020-09-22T11:39:03+00:00\",\"dateModified\":\"2026-02-02T07:09:32+00:00\",\"description\":\"Dahlert GmbH \u2013 Am Holzweg 28 \u2013 65830 Kriftel, Duitsland | Telefoon: +(49)6192 8079439 | E-mail: [info@hurom-europe.com](mailto:info@hurom-europe.com)\",\"breadcrumb\":{\"@id\":\"https:\/\/www.hurom-europe.com\/nl\/imprint\/#breadcrumb\"},\"inLanguage\":\"nl-NL\",\"potentialAction\":[{\"@type\":\"ReadAction\",\"target\":[\"https:\/\/www.hurom-europe.com\/nl\/imprint\/\"]}]},{\"@type\":\"BreadcrumbList\",\"@id\":\"https:\/\/www.hurom-europe.com\/nl\/imprint\/#breadcrumb\",\"itemListElement\":[{\"@type\":\"ListItem\",\"position\":1,\"name\":\"Home\",\"item\":\"https:\/\/www.hurom-europe.com\/nl\/\"},{\"@type\":\"ListItem\",\"position\":2,\"name\":\"Imprint\"}]},{\"@type\":\"WebSite\",\"@id\":\"https:\/\/www.hurom-europe.com\/fr\/#website\",\"url\":\"https:\/\/www.hurom-europe.com\/fr\/\",\"name\":\"Hurom Europe\",\"description\":\"Healthy Way of Life with Slow Juicers\",\"potentialAction\":[{\"@type\":\"SearchAction\",\"target\":{\"@type\":\"EntryPoint\",\"urlTemplate\":\"https:\/\/www.hurom-europe.com\/fr\/?s={search_term_string}\"},\"query-input\":{\"@type\":\"PropertyValueSpecification\",\"valueRequired\":true,\"valueName\":\"search_term_string\"}}],\"inLanguage\":\"nl-NL\"}]}<\/script>\n<!-- \/ Yoast SEO plugin. -->","yoast_head_json":{"title":"Imprint - Hurom Europe","description":"Dahlert GmbH \u2013 Am Holzweg 28 \u2013 65830 Kriftel, Duitsland | Telefoon: +(49)6192 8079439 | E-mail: [info@hurom-europe.com](mailto:info@hurom-europe.com)","robots":{"index":"index","follow":"follow","max-snippet":"max-snippet:-1","max-image-preview":"max-image-preview:large","max-video-preview":"max-video-preview:-1"},"canonical":"https:\/\/www.hurom-europe.com\/nl\/imprint\/","og_locale":"nl_NL","og_type":"article","og_title":"Imprint - Hurom Europe","og_description":"Dahlert GmbH \u2013 Am Holzweg 28 \u2013 65830 Kriftel, Duitsland | Telefoon: +(49)6192 8079439 | E-mail: [info@hurom-europe.com](mailto:info@hurom-europe.com)","og_url":"https:\/\/www.hurom-europe.com\/nl\/imprint\/","og_site_name":"Hurom Europe","article_modified_time":"2026-02-02T07:09:32+00:00","twitter_card":"summary_large_image","twitter_misc":{"Geschatte leestijd":"1 minuut"},"schema":{"@context":"https:\/\/schema.org","@graph":[{"@type":"WebPage","@id":"https:\/\/www.hurom-europe.com\/nl\/imprint\/","url":"https:\/\/www.hurom-europe.com\/nl\/imprint\/","name":"Imprint - Hurom Europe","isPartOf":{"@id":"https:\/\/www.hurom-europe.com\/fr\/#website"},"datePublished":"2020-09-22T11:39:03+00:00","dateModified":"2026-02-02T07:09:32+00:00","description":"Dahlert GmbH \u2013 Am Holzweg 28 \u2013 65830 Kriftel, Duitsland | Telefoon: +(49)6192 8079439 | E-mail: [info@hurom-europe.com](mailto:info@hurom-europe.com)","breadcrumb":{"@id":"https:\/\/www.hurom-europe.com\/nl\/imprint\/#breadcrumb"},"inLanguage":"nl-NL","potentialAction":[{"@type":"ReadAction","target":["https:\/\/www.hurom-europe.com\/nl\/imprint\/"]}]},{"@type":"BreadcrumbList","@id":"https:\/\/www.hurom-europe.com\/nl\/imprint\/#breadcrumb","itemListElement":[{"@type":"ListItem","position":1,"name":"Home","item":"https:\/\/www.hurom-europe.com\/nl\/"},{"@type":"ListItem","position":2,"name":"Imprint"}]},{"@type":"WebSite","@id":"https:\/\/www.hurom-europe.com\/fr\/#website","url":"https:\/\/www.hurom-europe.com\/fr\/","name":"Hurom Europe","description":"Healthy Way of Life with Slow Juicers","potentialAction":[{"@type":"SearchAction","target":{"@type":"EntryPoint","urlTemplate":"https:\/\/www.hurom-europe.com\/fr\/?s={search_term_string}"},"query-input":{"@type":"PropertyValueSpecification","valueRequired":true,"valueName":"search_term_string"}}],"inLanguage":"nl-NL"}]}},"_links":{"self":[{"href":"https:\/\/www.hurom-europe.com\/nl\/wp-json\/wp\/v2\/pages\/227270","targetHints":{"allow":["GET"]}}],"collection":[{"href":"https:\/\/www.hurom-europe.com\/nl\/wp-json\/wp\/v2\/pages"}],"about":[{"href":"https:\/\/www.hurom-europe.com\/nl\/wp-json\/wp\/v2\/types\/page"}],"author":[{"embeddable":true,"href":"https:\/\/www.hurom-europe.com\/nl\/wp-json\/wp\/v2\/users\/1"}],"replies":[{"embeddable":true,"href":"https:\/\/www.hurom-europe.com\/nl\/wp-json\/wp\/v2\/comments?post=227270"}],"version-history":[{"count":0,"href":"https:\/\/www.hurom-europe.com\/nl\/wp-json\/wp\/v2\/pages\/227270\/revisions"}],"wp:attachment":[{"href":"https:\/\/www.hurom-europe.com\/nl\/wp-json\/wp\/v2\/media?parent=227270"}],"curies":[{"name":"wp","href":"https:\/\/api.w.org\/{rel}","templated":true}]}}