{"id":239179,"date":"2026-03-04T14:04:30","date_gmt":"2026-03-04T13:04:30","guid":{"rendered":"https:\/\/www.hurom-europe.com\/?post_type=product&#038;p=239179"},"modified":"2026-04-28T19:22:20","modified_gmt":"2026-04-28T17:22:20","slug":"h80-st","status":"publish","type":"product","link":"https:\/\/www.hurom-europe.com\/it\/prodotto\/h80-st\/","title":{"rendered":"[Novit\u00e0] H80-ST"},"content":{"rendered":"<ul>\n<li><strong>La nuova tecnologia con lama a spirale di Hurom:<\/strong><br \/>\nefficace con tutto, dagli agrumi alle verdure pi\u00f9 coriacee, producendo un succo omogeneo e senza grumi.<\/li>\n<\/ul>\n<p>&nbsp;<\/p>\n<ul>\n<li><strong>Tramoggia extra-large per una maggiore praticit\u00e0:<\/strong><br \/>\ninserisci diversi ingredienti insieme e produci pi\u00f9 succo in una svolta sola per un\u2019esperienza di utilizzo pi\u00f9 semplice e veloce.<\/li>\n<\/ul>\n<p>&nbsp;<\/p>\n<ul>\n<li><strong>Facilit\u00e0 d\u2019uso e manutenzione:<\/strong><br \/>\n<span class=\"TextRun SCXP182612046 BCX8\" lang=\"IT-IT\" xml:lang=\"IT-IT\" data-scheme-color=\"@000000,1,\" data-usefontface=\"true\" data-contrast=\"none\"><span class=\"NormalTextRun SCXP182612046 BCX8\">la maggior parte delle parti rimovibili \u00e8 lavabile in lavastoviglie, riducendo i tempi <\/span><\/span><span class=\"TextRun SCXP182612046 BCX8\" lang=\"IT-IT\" xml:lang=\"IT-IT\" data-scheme-color=\"@000000,1,\" data-usefontface=\"true\" data-contrast=\"none\"><span class=\"NormalTextRun SCXP182612046 BCX8\">di pulizia e semplificando la tua routine quotidiana.<\/span><\/span><\/li>\n<\/ul>\n<p>&nbsp;<\/p>\n<ul>\n<li><strong>Maggiore praticit\u00e0 d\u2019uso per un\u2019estrazione perfetta:<\/strong><br \/>\ndesign progettato secondo l\u2019input degli utenti, con sbocco della polpa pulito e funzionale, comandi intuitivi e coperchio della tramoggia one-touch.<\/li>\n<\/ul>\n<p>&nbsp;<\/p>\n<ul>\n<li><strong>Tante ricette con un solo H80-ST:<\/strong><br \/>\nscegli il filtro (a maglia fine \/ a maglia grossa \/ per sorbetti) adatto alla tua ricetta e al tuo gusto.<\/li>\n<\/ul>\n<p>&nbsp;<\/p>\n<ul>\n<li><strong>Imballaggi sostenibili:<\/strong><br \/>\nper un futuro pi\u00f9 sostenibile vengono utilizzati materiali ecocompatibili, tra cui carta certificata FSC.<\/li>\n<\/ul>\n<p>&nbsp;<\/p>\n<ul>\n<li><strong>Sicurezza:<\/strong><br \/>\ncome per tutti gli altri estrattori lenti Hurom, l\u2019estrattore lento H80-ST \u00e8 interamente realizzato con materiali privi di BPA.<\/li>\n<\/ul>\n<p>&nbsp;<\/p>\n<ul>\n<li><strong>Nota:<\/strong><br \/>\na seconda del modello e della data di produzione, design e componenti potrebbero variare leggermente rispetto alla foto.<\/li>\n<\/ul>\n","protected":false},"excerpt":{"rendered":"<p>La nuova tecnologia con lama a spirale di Hurom: efficace con tutto, dagli agrumi alle verdure pi\u00f9 coriacee, producendo un succo omogeneo e senza grumi. &nbsp; Tramoggia extra-large per una maggiore praticit\u00e0: inserisci diversi ingredienti insieme e produci pi\u00f9 succo in una svolta sola per un\u2019esperienza di utilizzo pi\u00f9 semplice e veloce. &nbsp; Facilit\u00e0 d\u2019uso [&hellip;]<\/p>\n","protected":false},"featured_media":254194,"template":"","meta":{"_acf_changed":false,"inline_featured_image":false},"product_cat":[464],"product_tag":[],"class_list":{"0":"post-239179","1":"product","2":"type-product","3":"status-publish","4":"has-post-thumbnail","6":"product_cat-pure-press-line-it","8":"first","9":"outofstock","10":"taxable","11":"shipping-taxable","12":"product-type-variable","13":"has-default-attributes"},"acf":[],"yoast_head":"<!-- This site is optimized with the Yoast SEO plugin v26.6 - https:\/\/yoast.com\/wordpress\/plugins\/seo\/ -->\n<title>[Novit\u00e0] H80-ST - Hurom Europe<\/title>\n<meta name=\"description\" content=\"Scopri l\u2019estrattore Hurom H320N con smart mega hopper ad alta capacit\u00e0 e filtro a maglia con taglio automatico intelligente. Goditi il tuo succo!\" \/>\n<meta name=\"robots\" content=\"index, follow, max-snippet:-1, max-image-preview:large, max-video-preview:-1\" \/>\n<link rel=\"canonical\" href=\"https:\/\/www.hurom-europe.com\/it\/prodotto\/h80-st\/\" \/>\n<meta property=\"og:locale\" content=\"it_IT\" \/>\n<meta property=\"og:type\" content=\"article\" \/>\n<meta property=\"og:title\" content=\"[Novit\u00e0] H80-ST - Hurom Europe\" \/>\n<meta property=\"og:description\" content=\"Scopri l\u2019estrattore Hurom H320N con smart mega hopper ad alta capacit\u00e0 e filtro a maglia con taglio automatico intelligente. Goditi il tuo succo!\" \/>\n<meta property=\"og:url\" content=\"https:\/\/www.hurom-europe.com\/it\/prodotto\/h80-st\/\" \/>\n<meta property=\"og:site_name\" content=\"Hurom Europe\" \/>\n<meta property=\"article:modified_time\" content=\"2026-04-28T17:22:20+00:00\" \/>\n<meta property=\"og:image\" content=\"https:\/\/www.hurom-europe.com\/wp-content\/uploads\/2026\/03\/deH80ST_Thumbnail_Marble1.jpg\" \/>\n\t<meta property=\"og:image:width\" content=\"1200\" \/>\n\t<meta property=\"og:image:height\" content=\"1200\" \/>\n\t<meta property=\"og:image:type\" content=\"image\/jpeg\" \/>\n<meta name=\"twitter:card\" content=\"summary_large_image\" \/>\n<meta name=\"twitter:label1\" content=\"Tempo di lettura stimato\" \/>\n\t<meta name=\"twitter:data1\" content=\"2 minuti\" \/>\n<script type=\"application\/ld+json\" class=\"yoast-schema-graph\">{\"@context\":\"https:\/\/schema.org\",\"@graph\":[{\"@type\":\"WebPage\",\"@id\":\"https:\/\/www.hurom-europe.com\/it\/prodotto\/h80-st\/\",\"url\":\"https:\/\/www.hurom-europe.com\/it\/prodotto\/h80-st\/\",\"name\":\"[Novit\u00e0] H80-ST - Hurom Europe\",\"isPartOf\":{\"@id\":\"https:\/\/www.hurom-europe.com\/fr\/#website\"},\"primaryImageOfPage\":{\"@id\":\"https:\/\/www.hurom-europe.com\/it\/prodotto\/h80-st\/#primaryimage\"},\"image\":{\"@id\":\"https:\/\/www.hurom-europe.com\/it\/prodotto\/h80-st\/#primaryimage\"},\"thumbnailUrl\":\"https:\/\/www.hurom-europe.com\/wp-content\/uploads\/2026\/03\/deH80ST_Thumbnail_Marble1.jpg\",\"datePublished\":\"2026-03-04T13:04:30+00:00\",\"dateModified\":\"2026-04-28T17:22:20+00:00\",\"description\":\"Scopri l\u2019estrattore Hurom H320N con smart mega hopper ad alta capacit\u00e0 e filtro a maglia con taglio automatico intelligente. Goditi il tuo succo!\",\"breadcrumb\":{\"@id\":\"https:\/\/www.hurom-europe.com\/it\/prodotto\/h80-st\/#breadcrumb\"},\"inLanguage\":\"it-IT\",\"potentialAction\":[{\"@type\":\"ReadAction\",\"target\":[\"https:\/\/www.hurom-europe.com\/it\/prodotto\/h80-st\/\"]}]},{\"@type\":\"ImageObject\",\"inLanguage\":\"it-IT\",\"@id\":\"https:\/\/www.hurom-europe.com\/it\/prodotto\/h80-st\/#primaryimage\",\"url\":\"https:\/\/www.hurom-europe.com\/wp-content\/uploads\/2026\/03\/deH80ST_Thumbnail_Marble1.jpg\",\"contentUrl\":\"https:\/\/www.hurom-europe.com\/wp-content\/uploads\/2026\/03\/deH80ST_Thumbnail_Marble1.jpg\",\"width\":1200,\"height\":1200},{\"@type\":\"BreadcrumbList\",\"@id\":\"https:\/\/www.hurom-europe.com\/it\/prodotto\/h80-st\/#breadcrumb\",\"itemListElement\":[{\"@type\":\"ListItem\",\"position\":1,\"name\":\"Home\",\"item\":\"https:\/\/www.hurom-europe.com\/it\/\"},{\"@type\":\"ListItem\",\"position\":2,\"name\":\"Shop\",\"item\":\"https:\/\/www.hurom-europe.com\/it\/shop\/\"},{\"@type\":\"ListItem\",\"position\":3,\"name\":\"[Novit\u00e0] H80-ST\"}]},{\"@type\":\"WebSite\",\"@id\":\"https:\/\/www.hurom-europe.com\/fr\/#website\",\"url\":\"https:\/\/www.hurom-europe.com\/fr\/\",\"name\":\"Hurom Europe\",\"description\":\"Healthy Way of Life with Slow Juicers\",\"potentialAction\":[{\"@type\":\"SearchAction\",\"target\":{\"@type\":\"EntryPoint\",\"urlTemplate\":\"https:\/\/www.hurom-europe.com\/fr\/?s={search_term_string}\"},\"query-input\":{\"@type\":\"PropertyValueSpecification\",\"valueRequired\":true,\"valueName\":\"search_term_string\"}}],\"inLanguage\":\"it-IT\"}]}<\/script>\n<!-- \/ Yoast SEO plugin. -->","yoast_head_json":{"title":"[Novit\u00e0] H80-ST - Hurom Europe","description":"Scopri l\u2019estrattore Hurom H320N con smart mega hopper ad alta capacit\u00e0 e filtro a maglia con taglio automatico intelligente. Goditi il tuo succo!","robots":{"index":"index","follow":"follow","max-snippet":"max-snippet:-1","max-image-preview":"max-image-preview:large","max-video-preview":"max-video-preview:-1"},"canonical":"https:\/\/www.hurom-europe.com\/it\/prodotto\/h80-st\/","og_locale":"it_IT","og_type":"article","og_title":"[Novit\u00e0] H80-ST - Hurom Europe","og_description":"Scopri l\u2019estrattore Hurom H320N con smart mega hopper ad alta capacit\u00e0 e filtro a maglia con taglio automatico intelligente. Goditi il tuo succo!","og_url":"https:\/\/www.hurom-europe.com\/it\/prodotto\/h80-st\/","og_site_name":"Hurom Europe","article_modified_time":"2026-04-28T17:22:20+00:00","og_image":[{"width":1200,"height":1200,"url":"https:\/\/www.hurom-europe.com\/wp-content\/uploads\/2026\/03\/deH80ST_Thumbnail_Marble1.jpg","type":"image\/jpeg"}],"twitter_card":"summary_large_image","twitter_misc":{"Tempo di lettura stimato":"2 minuti"},"schema":{"@context":"https:\/\/schema.org","@graph":[{"@type":"WebPage","@id":"https:\/\/www.hurom-europe.com\/it\/prodotto\/h80-st\/","url":"https:\/\/www.hurom-europe.com\/it\/prodotto\/h80-st\/","name":"[Novit\u00e0] H80-ST - Hurom Europe","isPartOf":{"@id":"https:\/\/www.hurom-europe.com\/fr\/#website"},"primaryImageOfPage":{"@id":"https:\/\/www.hurom-europe.com\/it\/prodotto\/h80-st\/#primaryimage"},"image":{"@id":"https:\/\/www.hurom-europe.com\/it\/prodotto\/h80-st\/#primaryimage"},"thumbnailUrl":"https:\/\/www.hurom-europe.com\/wp-content\/uploads\/2026\/03\/deH80ST_Thumbnail_Marble1.jpg","datePublished":"2026-03-04T13:04:30+00:00","dateModified":"2026-04-28T17:22:20+00:00","description":"Scopri l\u2019estrattore Hurom H320N con smart mega hopper ad alta capacit\u00e0 e filtro a maglia con taglio automatico intelligente. Goditi il tuo succo!","breadcrumb":{"@id":"https:\/\/www.hurom-europe.com\/it\/prodotto\/h80-st\/#breadcrumb"},"inLanguage":"it-IT","potentialAction":[{"@type":"ReadAction","target":["https:\/\/www.hurom-europe.com\/it\/prodotto\/h80-st\/"]}]},{"@type":"ImageObject","inLanguage":"it-IT","@id":"https:\/\/www.hurom-europe.com\/it\/prodotto\/h80-st\/#primaryimage","url":"https:\/\/www.hurom-europe.com\/wp-content\/uploads\/2026\/03\/deH80ST_Thumbnail_Marble1.jpg","contentUrl":"https:\/\/www.hurom-europe.com\/wp-content\/uploads\/2026\/03\/deH80ST_Thumbnail_Marble1.jpg","width":1200,"height":1200},{"@type":"BreadcrumbList","@id":"https:\/\/www.hurom-europe.com\/it\/prodotto\/h80-st\/#breadcrumb","itemListElement":[{"@type":"ListItem","position":1,"name":"Home","item":"https:\/\/www.hurom-europe.com\/it\/"},{"@type":"ListItem","position":2,"name":"Shop","item":"https:\/\/www.hurom-europe.com\/it\/shop\/"},{"@type":"ListItem","position":3,"name":"[Novit\u00e0] H80-ST"}]},{"@type":"WebSite","@id":"https:\/\/www.hurom-europe.com\/fr\/#website","url":"https:\/\/www.hurom-europe.com\/fr\/","name":"Hurom Europe","description":"Healthy Way of Life with Slow Juicers","potentialAction":[{"@type":"SearchAction","target":{"@type":"EntryPoint","urlTemplate":"https:\/\/www.hurom-europe.com\/fr\/?s={search_term_string}"},"query-input":{"@type":"PropertyValueSpecification","valueRequired":true,"valueName":"search_term_string"}}],"inLanguage":"it-IT"}]}},"_links":{"self":[{"href":"https:\/\/www.hurom-europe.com\/it\/wp-json\/wp\/v2\/product\/239179","targetHints":{"allow":["GET"]}}],"collection":[{"href":"https:\/\/www.hurom-europe.com\/it\/wp-json\/wp\/v2\/product"}],"about":[{"href":"https:\/\/www.hurom-europe.com\/it\/wp-json\/wp\/v2\/types\/product"}],"wp:featuredmedia":[{"embeddable":true,"href":"https:\/\/www.hurom-europe.com\/it\/wp-json\/wp\/v2\/media\/254194"}],"wp:attachment":[{"href":"https:\/\/www.hurom-europe.com\/it\/wp-json\/wp\/v2\/media?parent=239179"}],"wp:term":[{"taxonomy":"product_cat","embeddable":true,"href":"https:\/\/www.hurom-europe.com\/it\/wp-json\/wp\/v2\/product_cat?post=239179"},{"taxonomy":"product_tag","embeddable":true,"href":"https:\/\/www.hurom-europe.com\/it\/wp-json\/wp\/v2\/product_tag?post=239179"}],"curies":[{"name":"wp","href":"https:\/\/api.w.org\/{rel}","templated":true}]}}