{"id":170320,"date":"2020-08-13T14:54:46","date_gmt":"2020-08-13T12:54:46","guid":{"rendered":"https:\/\/www.hurom-europe.com\/privacy-policy\/"},"modified":"2026-01-30T11:45:48","modified_gmt":"2026-01-30T10:45:48","slug":"informativa-sulla-privacy","status":"publish","type":"page","link":"https:\/\/www.hurom-europe.com\/it\/informativa-sulla-privacy\/","title":{"rendered":"Informativa sulla privacy"},"content":{"rendered":"\n<h2 class=\"wp-block-heading\">Sez. 1 Disposizioni generali<\/h2>\n\n\n\n<p>Tratteremo i tuoi dati personali (Nome, numero di telefono, indirizzo, paese, genere, et\u00e0, indirizzo e-mail, registrazioni relative al servizio post-vendita e al servizio clienti, numero di serie del prodotto, data di registrazione del prodotto, data di acquisto del prodotto) esclusivamente in conformit\u00e0 alle disposizioni della legge tedesca sulla protezione dei dati e della normativa dell&#8217;Unione Europea (UE) in materia. Le seguenti disposizioni ti forniranno informazioni, oltre che sulle finalit\u00e0 del trattamento, sui destinatari, le basi giuridiche e i periodi di conservazione, anche sui tuoi diritti e sul titolare del trattamento. La presente informativa sulla privacy si applica solo ai nostri siti web. Se vieni reindirizzato ad altri siti tramite link presenti sulle nostre pagine, ti invitiamo a consultare l\u2019informativa sul trattamento dei dati ivi presente.<\/p>\n\n\n\n<h2 class=\"wp-block-heading\">Sez. 2 Dati identificativi<\/h2>\n\n\n\n<h3 class=\"wp-block-heading\">(1) Finalit\u00e0 del trattamento <\/h3>\n\n\n\n<p>I tuoi dati personali forniti durante il processo di acquisto sono necessari per la conclusione di un contratto con noi. Non sei obbligato a fornire tali dati, ma in mancanza dell\u2019indirizzo, non saremmo in grado di spedire i prodotti. Per alcune modalit\u00e0 di pagamento richiediamo i dati necessari per inoltrarli al fornitore di servizi di pagamento da noi incaricato. Il trattamento dei dati raccolti durante il processo di ordinazione ha pertanto esclusivamente lo scopo di eseguire il contratto. Se ci invii una richiesta via e-mail o tramite il modulo di contatto prima della conclusione del contratto, i dati saranno trattati per svolgere misure precontrattuali e rispondere alle tue domande (ad es. sui nostri prodotti).<\/p>\n\n\n\n<p><\/p>\n\n\n\n<h3 class=\"wp-block-heading\">(2) Base giuridica<\/h3>\n\n\n\n<p>La base giuridica di tale trattamento \u00e8 l\u2019art. 6, par. 1, lett. b) del GDPR.<\/p>\n\n\n\n<p><\/p>\n\n\n\n<h3 class=\"wp-block-heading\">(3) Categorie di destinatari<\/h3>\n\n\n\n<p>(a) Fornitore di servizi di pagamento, fornitore di servizi di spedizione, provider di hosting, sistema di gestione merci se necessario, fornitori se necessario (drop-shipping), fornitore di servizi in Corea ai fini del servizio post-vendita (AS) e del servizio clienti (CS).<\/p>\n\n\n\n<p>(b) Trasferimento di dati personali in Corea (Decisione di adeguatezza)<br>Ai fini della fornitura del servizio post-vendita (AS) e del servizio clienti (CS), i Suoi dati personali possono essere trasferiti a un fornitore di servizi incaricato (responsabile del trattamento) situato nella Repubblica di Corea.<\/p>\n\n\n\n<p>I dati personali saranno trattati per nostro conto dai seguenti destinatari (responsabili del trattamento):<\/p>\n\n\n\n<ul class=\"wp-block-list\">\n<li>Hurom Co., Ltd. (Korea)<\/li>\n\n\n\n<li>Concentrix Services Korea Ltd.<\/li>\n<\/ul>\n\n\n\n<p>Tale trasferimento si basa sulla decisione di adeguatezza della Commissione europea per la Repubblica di Corea ai sensi dell\u2019articolo 45 del GDPR.<\/p>\n\n\n\n<p>I dati trasferiti possono includere le seguenti categorie: nome, dati di contatto, indirizzo, dati di acquisto e assistenza, numero di serie del prodotto, data di certificazione del prodotto e data di acquisto del prodotto.<\/p>\n\n\n\n<p>I dati saranno conservati solo per il tempo necessario a soddisfare le finalit\u00e0 AS\/CS, in particolare fino al completamento della richiesta di assistenza e alla scadenza dei periodi di garanzia e di conservazione legale applicabili, e successivamente saranno cancellati, salvo obblighi legali di conservazione. \u00c8 possibile esercitare i diritti di accesso, rettifica, cancellazione, limitazione del trattamento o opposizione contattandoci all\u2019indirizzo [<a href=\"mailto:huromparts@hurom-europe.com\">huromparts@hurom-europe.com<\/a>] o i responsabili del trattamento sopra indicati.<\/p>\n\n\n\n<h3 class=\"wp-block-heading\">(4) Durata della conservazione<\/h3>\n\n\n\n<p>Conserviamo i dati necessari all\u2019esecuzione del contratto fino alla scadenza dei termini di garanzia legale e, se applicabile, di garanzia contrattuale.<br>Conserviamo i dati rilevanti ai fini fiscali e commerciali per i periodi previsti dalla legge, generalmente dieci anni (cfr. \u00a7 257 Codice commerciale tedesco &#8211; HGB, \u00a7 147 Regolamento tributario &#8211; AO).<br>I dati trattati per misure precontrattuali saranno cancellati non appena le stesse saranno state eseguite e il contratto non potr\u00e0 essere concluso.<\/p>\n\n\n\n<h2 class=\"wp-block-heading\">Sez. 3 Ulteriori informazioni<\/h2>\n\n\n\n<p>\u00c8 possibile revocare in qualsiasi momento il consenso prestato con effetto per il futuro, tramite e-mail.<\/p>\n\n\n\n<h2 class=\"wp-block-heading\">Sez. 4 Transazioni PayPal<\/h2>\n\n\n\n<p>Ti informiamo che tutte le transazioni PayPal sono soggette all\u2019informativa sulla privacy di PayPal:<br><a class=\"\" href=\"https:\/\/www.paypal.com\/de\/webapps\/mpp\/ua\/privacy-full\">https:\/\/www.paypal.com\/de\/webapps\/mpp\/ua\/privacy-full<\/a><\/p>\n\n\n\n<h2 class=\"wp-block-heading\">Sez. 5 Informazioni sui cookie<\/h2>\n\n\n\n<p><\/p>\n\n\n\n<h3 class=\"wp-block-heading\">(1) Finalit\u00e0 del trattamento<\/h3>\n\n\n\n<p>Questo sito utilizza cookie tecnicamente necessari. Si tratta di piccoli file di testo salvati nel tuo sistema o tramite il tuo browser Internet. Questi cookie permettono, ad esempio, di inserire pi\u00f9 prodotti nel carrello.<\/p>\n\n\n\n<p><\/p>\n\n\n\n<h3 class=\"wp-block-heading\">(2) Base giuridica<\/h3>\n\n\n\n<p>La base giuridica del trattamento \u00e8 l\u2019art. 6, par. 1, lett. f) del GDPR.<\/p>\n\n\n\n<p><\/p>\n\n\n\n<h3 class=\"wp-block-heading\">(3) Interesse legittimo<\/h3>\n\n\n\n<p>Il nostro interesse legittimo \u00e8 il corretto funzionamento del sito web. I dati raccolti tramite cookie tecnici non sono utilizzati per creare profili utente, salvaguardando quindi i tuoi diritti in materia di protezione dei dati.<\/p>\n\n\n\n<p><\/p>\n\n\n\n<h3 class=\"wp-block-heading\">(4) Durata della conservazione<\/h3>\n\n\n\n<p>I cookie tecnici vengono generalmente eliminati alla chiusura del browser. I cookie persistenti possono avere una durata variabile, da pochi minuti fino a diversi anni.<\/p>\n\n\n\n<p><\/p>\n\n\n\n<h3 class=\"wp-block-heading\">(5) Diritto di opposizione<\/h3>\n\n\n\n<p>Se non desideri che i cookie vengano memorizzati, puoi disattivarne l\u2019uso nel tuo browser Internet. Ci\u00f2 potrebbe per\u00f2 limitare alcune funzionalit\u00e0 del sito. Puoi anche eliminare i cookie persistenti in qualsiasi momento tramite le impostazioni del browser.<\/p>\n\n\n\n<h2 class=\"wp-block-heading\">Sez. 6 Plugin social di Facebook<\/h2>\n\n\n\n<p>Utilizziamo plugin social di facebook.com, gestiti da Facebook Inc., 1601 S. California Ave, Palo Alto, CA 94304, USA. I plugin sono riconoscibili dal logo Facebook o dalla dicitura \u201cFacebook social plugin\u201d. Se clicchi sul pulsante \u201cMi piace\u201d o inserisci un commento, tali informazioni verranno trasmesse direttamente dal tuo browser a Facebook e l\u00ec memorizzate.<br>Per informazioni dettagliate sul trattamento dei tuoi dati personali da parte di Facebook e sui tuoi diritti, consulta la loro informativa sulla privacy.<br>Se non desideri che Facebook raccolga dati su di te tramite le nostre pagine web, effettua il logout da Facebook prima di visitare il nostro sito. \u00c8 inoltre possibile bloccare completamente i plugin di Facebook con appositi componenti aggiuntivi del browser, ad esempio con il \u201cFacebook Blocker\u201d.<\/p>\n\n\n\n<h2 class=\"wp-block-heading\">Sez. 7 Newsletter<\/h2>\n\n\n\n<p><\/p>\n\n\n\n<h3 class=\"wp-block-heading\">(1) Finalit\u00e0 del trattamento<\/h3>\n\n\n\n<p>Quando ti iscrivi alla newsletter, il tuo indirizzo e-mail viene utilizzato per finalit\u00e0 promozionali, ovvero per informarti, ad esempio, sui prodotti della nostra gamma. Per fini statistici possiamo analizzare quali link vengono cliccati nella newsletter, ma non possiamo associare tali clic a persone specifiche.<br>Hai espressamente prestato il consenso, ad esempio durante il processo d\u2019ordine, con la seguente dichiarazione:<br><em>Iscriviti alla nostra newsletter per ricevere ricette di succhi freschi e ottenere 20\u202f\u20ac di sconto sul tuo primo acquisto di un estrattore lento.<\/em><\/p>\n\n\n\n<p><\/p>\n\n\n\n<h3 class=\"wp-block-heading\">(2) Base giuridica<\/h3>\n\n\n\n<p>La base giuridica \u00e8 l\u2019art. 6, par. 1, lett. a) del GDPR.<\/p>\n\n\n\n<p><\/p>\n\n\n\n<h3 class=\"wp-block-heading\">(3) Categorie di destinatari<\/h3>\n\n\n\n<p>Se necessario: fornitore del servizio newsletter.<\/p>\n\n\n\n<p><\/p>\n\n\n\n<h3 class=\"wp-block-heading\">(4) Durata della conservazione<\/h3>\n\n\n\n<p>Il tuo indirizzo e-mail sar\u00e0 conservato per tutta la durata della tua iscrizione.<\/p>\n\n\n\n<p><\/p>\n\n\n\n<h3 class=\"wp-block-heading\">(5) Diritto di revoca<\/h3>\n\n\n\n<p>Puoi revocare il tuo consenso in qualsiasi momento con effetto futuro. Se non desideri pi\u00f9 ricevere la newsletter, puoi cancellarti tramite il link di disiscrizione presente in fondo a ogni email.<\/p>\n\n\n\n<h2 class=\"wp-block-heading\">Sez. 8 I tuoi diritti in quanto interessato<\/h2>\n\n\n\n<p>Se i tuoi dati personali vengono trattati, sei considerato \u201cinteressato\u201d ai sensi del GDPR e hai i seguenti diritti nei nostri confronti, in qualit\u00e0 di titolare del trattamento:<\/p>\n\n\n\n<h3 class=\"wp-block-heading\">1. Diritto di accesso<\/h3>\n\n\n\n<p>Puoi richiederci informazioni sui dati personali da noi trattati ai sensi dell\u2019art. 15 del GDPR.<\/p>\n\n\n\n<h3 class=\"wp-block-heading\">2. Diritto di rettifica<\/h3>\n\n\n\n<p>Se i tuoi dati personali non sono aggiornati o corretti, hai il diritto di chiederne la rettifica ai sensi dell\u2019art. 16 del GDPR. Hai anche diritto a completare i dati incompleti.<\/p>\n\n\n\n<h3 class=\"wp-block-heading\">3. Diritto alla cancellazione<\/h3>\n\n\n\n<p>Hai il diritto di ottenere la cancellazione dei tuoi dati personali, ai sensi dell\u2019art. 17 del GDPR.<\/p>\n\n\n\n<h3 class=\"wp-block-heading\">4. Diritto alla limitazione del trattamento<\/h3>\n\n\n\n<p>Hai il diritto di limitare il trattamento dei tuoi dati personali ai sensi dell\u2019art. 18 del GDPR.<\/p>\n\n\n\n<h3 class=\"wp-block-heading\">5. Diritto alla portabilit\u00e0 dei dati<\/h3>\n\n\n\n<p>Hai diritto, ai sensi dell\u2019art. 20 del GDPR, a ricevere i tuoi dati personali in un formato strutturato, di uso comune e leggibile da dispositivo automatico e di trasmetterli a un altro titolare del trattamento.<\/p>\n\n\n\n<h3 class=\"wp-block-heading\">6. Diritto di revoca del consenso<\/h3>\n\n\n\n<p>Hai diritto, ai sensi dell\u2019art. 7 par. 3 del GDPR, a revocare in qualsiasi momento il consenso prestato. Ci\u00f2 non pregiudica la liceit\u00e0 del trattamento basata sul consenso prima della revoca.<\/p>\n\n\n\n<h3 class=\"wp-block-heading\">7. Diritto di reclamo presso un\u2019autorit\u00e0 di controllo<\/h3>\n\n\n\n<p>Se ritieni che il trattamento dei tuoi dati personali violi il GDPR, hai diritto, ai sensi dell\u2019art. 77 del GDPR, a presentare reclamo a un\u2019autorit\u00e0 di controllo (in particolare nello Stato membro in cui risiedi abitualmente, lavori o dove si \u00e8 verificata la presunta violazione).<\/p>\n\n\n\n<p>Nota sul diritto di opposizione ai sensi dell\u2019art. 21 GDPR<\/p>\n\n\n\n<p>a) In generale: \u00e8 richiesta motivazione<\/p>\n\n\n\n<p>Se il trattamento dei dati personali che ti riguardano avviene:<br>\u2013 per perseguire un nostro legittimo interesse prevalente (art. 6, par. 1, lett. f) GDPR), oppure<br>\u2013 per motivi di interesse pubblico (art. 6, par. 1, lett. e) GDPR),<br>hai il diritto di opporti in qualsiasi momento al trattamento per motivi legati alla tua situazione particolare; ci\u00f2 vale anche per la profilazione basata su tali disposizioni.<\/p>\n\n\n\n<p>In caso di opposizione, i tuoi dati non saranno pi\u00f9 trattati, salvo che possiamo dimostrare motivi legittimi cogenti che prevalgano sui tuoi interessi, diritti e libert\u00e0, oppure il trattamento serva per l\u2019accertamento, l\u2019esercizio o la difesa di un diritto in sede giudiziaria.<\/p>\n\n\n\n<p>b) Marketing diretto: non serve motivazione<\/p>\n\n\n\n<p>Se i tuoi dati personali sono trattati per finalit\u00e0 di marketing diretto, hai il diritto di opporti in qualsiasi momento al trattamento, senza fornire motivazioni; ci\u00f2 include anche la profilazione nella misura in cui sia connessa a tale finalit\u00e0.<\/p>\n\n\n\n<p>Se ti opponi al trattamento per finalit\u00e0 di marketing diretto, i dati non saranno pi\u00f9 trattati per tale scopo.<\/p>\n\n\n\n<h4 class=\"wp-block-heading\">Matomo (precedentemente PIWIK)<\/h4>\n\n\n\n<p>Sul nostro sito web \u00e8 installato il software open source \u201cMatomo\u201d per analizzare e migliorare l\u2019utilizzo del sito. A tal fine, il software imposta dei cookie nel tuo dispositivo, con una durata di una settimana. Abbiamo attivato la funzione di anonimizzazione IP, che tronca gli ultimi 6 numeri dell\u2019indirizzo IP, rendendone impossibile l\u2019identificazione personale. L\u2019IP non viene associato ad altri dati da noi raccolti. I dati sono trattati e conservati su server situati in Germania.<\/p>\n\n\n\n<p>Questi dati sono raccolti e conservati per finalit\u00e0 di marketing, analisi e ottimizzazione del nostro sito web.<\/p>\n\n\n\n<p>La base giuridica \u00e8 il nostro legittimo interesse al trattamento ai sensi dell\u2019art. 6, par. 1, frase 1, lett. f) GDPR.<\/p>\n\n\n\n<p>I log del server vengono automaticamente cancellati dopo 90 giorni.<\/p>\n\n\n\n<p>Puoi opporti alla raccolta e conservazione dei dati in qualsiasi momento con effetto futuro. Puoi disattivare o impedire l\u2019installazione dei cookie Matomo nei seguenti modi:<\/p>\n\n\n\n<p>\u2013 Disattivando l\u2019accettazione dei cookie nel browser (inclusi cookie di terze parti).<br>\u2013 Disabilitando i cookie Matomo tramite il seguente link: <a href=\"https:\/\/analytics.netperformers.de\/index.php?module=CoreAdminHome&amp;action=optOut&amp;language=de&amp;backgroundColor=&amp;fontColor=&amp;fontSize=16px&amp;fontFamily=Helvetica\">[Matomo Opt-Out]<\/a>.<\/p>\n\n\n\n<p>Questo cookie \u00e8 valido solo per il nostro sito web e per il browser attualmente in uso, e rimarr\u00e0 attivo fino a quando non cancellerai i cookie. In quel caso, dovrai impostarlo nuovamente.<\/p>\n\n\n\n<p>Per ulteriori informazioni consulta l\u2019informativa di Matomo:<br><a class=\"\" href=\"https:\/\/matomo.org\/privacy\/\">https:\/\/matomo.org\/privacy\/<\/a><\/p>\n\n\n\n<h3 class=\"wp-block-heading\">Titolare del trattamento:<\/h3>\n\n\n\n<p><strong>Hurom Europe GmbH<\/strong><br>Weberstra\u00dfe 19<br>65779 Kelkheim (Taunus), Germania<br>E-mail: <a><a href=\"mailto:huromparts@hurom-europe.com\" target=\"_blank\" rel=\"noreferrer noopener\">huromparts@hurom-europe.com<\/a><\/a><\/p>\n\n\n\n<h3 class=\"wp-block-heading\">Contatti del responsabile della protezione dei dati:<\/h3>\n\n\n\n<p>Weberstra\u00dfe 19<br>65779 Kelkheim (Taunus), Germania<br>E-mail: <a><a href=\"mailto:huromparts@hurom-europe.com\" target=\"_blank\" rel=\"noreferrer noopener\">huromparts@hurom-europe.com<\/a><\/a><\/p>\n","protected":false},"excerpt":{"rendered":"<p>Sez. 1 Disposizioni generali Tratteremo i tuoi dati personali (Nome, numero di telefono, indirizzo, paese, genere, et\u00e0, indirizzo e-mail, registrazioni relative al servizio post-vendita e al servizio clienti, numero di serie del prodotto, data di registrazione del prodotto, data di acquisto del prodotto) esclusivamente in conformit\u00e0 alle disposizioni della legge tedesca sulla protezione dei dati [&hellip;]<\/p>\n","protected":false},"author":1,"featured_media":0,"parent":0,"menu_order":9,"comment_status":"closed","ping_status":"closed","template":"","meta":{"_acf_changed":false,"inline_featured_image":false,"footnotes":""},"class_list":["post-170320","page","type-page","status-publish","hentry"],"acf":[],"yoast_head":"<!-- This site is optimized with the Yoast SEO plugin v26.6 - https:\/\/yoast.com\/wordpress\/plugins\/seo\/ -->\n<title>Informativa sulla privacy - Hurom Europe<\/title>\n<meta name=\"description\" content=\"L\u2019Informativa sulla privacy descrive il trattamento dei dati personali in conformit\u00e0 alle leggi sulla protezione dei dati della Germania e dell\u2019UE.\" \/>\n<meta name=\"robots\" content=\"index, follow, max-snippet:-1, max-image-preview:large, max-video-preview:-1\" \/>\n<link rel=\"canonical\" href=\"https:\/\/www.hurom-europe.com\/it\/informativa-sulla-privacy\/\" \/>\n<meta property=\"og:locale\" content=\"it_IT\" \/>\n<meta property=\"og:type\" content=\"article\" \/>\n<meta property=\"og:title\" content=\"Informativa sulla privacy - Hurom Europe\" \/>\n<meta property=\"og:description\" content=\"L\u2019Informativa sulla privacy descrive il trattamento dei dati personali in conformit\u00e0 alle leggi sulla protezione dei dati della Germania e dell\u2019UE.\" \/>\n<meta property=\"og:url\" content=\"https:\/\/www.hurom-europe.com\/it\/informativa-sulla-privacy\/\" \/>\n<meta property=\"og:site_name\" content=\"Hurom Europe\" \/>\n<meta property=\"article:modified_time\" content=\"2026-01-30T10:45:48+00:00\" \/>\n<meta name=\"twitter:card\" content=\"summary_large_image\" \/>\n<meta name=\"twitter:label1\" content=\"Tempo di lettura stimato\" \/>\n\t<meta name=\"twitter:data1\" content=\"8 minuti\" \/>\n<script type=\"application\/ld+json\" class=\"yoast-schema-graph\">{\"@context\":\"https:\/\/schema.org\",\"@graph\":[{\"@type\":\"WebPage\",\"@id\":\"https:\/\/www.hurom-europe.com\/it\/informativa-sulla-privacy\/\",\"url\":\"https:\/\/www.hurom-europe.com\/it\/informativa-sulla-privacy\/\",\"name\":\"Informativa sulla privacy - Hurom Europe\",\"isPartOf\":{\"@id\":\"https:\/\/www.hurom-europe.com\/fr\/#website\"},\"datePublished\":\"2020-08-13T12:54:46+00:00\",\"dateModified\":\"2026-01-30T10:45:48+00:00\",\"description\":\"L\u2019Informativa sulla privacy descrive il trattamento dei dati personali in conformit\u00e0 alle leggi sulla protezione dei dati della Germania e dell\u2019UE.\",\"breadcrumb\":{\"@id\":\"https:\/\/www.hurom-europe.com\/it\/informativa-sulla-privacy\/#breadcrumb\"},\"inLanguage\":\"it-IT\",\"potentialAction\":[{\"@type\":\"ReadAction\",\"target\":[\"https:\/\/www.hurom-europe.com\/it\/informativa-sulla-privacy\/\"]}]},{\"@type\":\"BreadcrumbList\",\"@id\":\"https:\/\/www.hurom-europe.com\/it\/informativa-sulla-privacy\/#breadcrumb\",\"itemListElement\":[{\"@type\":\"ListItem\",\"position\":1,\"name\":\"Home\",\"item\":\"https:\/\/www.hurom-europe.com\/it\/\"},{\"@type\":\"ListItem\",\"position\":2,\"name\":\"Informativa sulla privacy\"}]},{\"@type\":\"WebSite\",\"@id\":\"https:\/\/www.hurom-europe.com\/fr\/#website\",\"url\":\"https:\/\/www.hurom-europe.com\/fr\/\",\"name\":\"Hurom Europe\",\"description\":\"Healthy Way of Life with Slow Juicers\",\"potentialAction\":[{\"@type\":\"SearchAction\",\"target\":{\"@type\":\"EntryPoint\",\"urlTemplate\":\"https:\/\/www.hurom-europe.com\/fr\/?s={search_term_string}\"},\"query-input\":{\"@type\":\"PropertyValueSpecification\",\"valueRequired\":true,\"valueName\":\"search_term_string\"}}],\"inLanguage\":\"it-IT\"}]}<\/script>\n<!-- \/ Yoast SEO plugin. -->","yoast_head_json":{"title":"Informativa sulla privacy - Hurom Europe","description":"L\u2019Informativa sulla privacy descrive il trattamento dei dati personali in conformit\u00e0 alle leggi sulla protezione dei dati della Germania e dell\u2019UE.","robots":{"index":"index","follow":"follow","max-snippet":"max-snippet:-1","max-image-preview":"max-image-preview:large","max-video-preview":"max-video-preview:-1"},"canonical":"https:\/\/www.hurom-europe.com\/it\/informativa-sulla-privacy\/","og_locale":"it_IT","og_type":"article","og_title":"Informativa sulla privacy - Hurom Europe","og_description":"L\u2019Informativa sulla privacy descrive il trattamento dei dati personali in conformit\u00e0 alle leggi sulla protezione dei dati della Germania e dell\u2019UE.","og_url":"https:\/\/www.hurom-europe.com\/it\/informativa-sulla-privacy\/","og_site_name":"Hurom Europe","article_modified_time":"2026-01-30T10:45:48+00:00","twitter_card":"summary_large_image","twitter_misc":{"Tempo di lettura stimato":"8 minuti"},"schema":{"@context":"https:\/\/schema.org","@graph":[{"@type":"WebPage","@id":"https:\/\/www.hurom-europe.com\/it\/informativa-sulla-privacy\/","url":"https:\/\/www.hurom-europe.com\/it\/informativa-sulla-privacy\/","name":"Informativa sulla privacy - Hurom Europe","isPartOf":{"@id":"https:\/\/www.hurom-europe.com\/fr\/#website"},"datePublished":"2020-08-13T12:54:46+00:00","dateModified":"2026-01-30T10:45:48+00:00","description":"L\u2019Informativa sulla privacy descrive il trattamento dei dati personali in conformit\u00e0 alle leggi sulla protezione dei dati della Germania e dell\u2019UE.","breadcrumb":{"@id":"https:\/\/www.hurom-europe.com\/it\/informativa-sulla-privacy\/#breadcrumb"},"inLanguage":"it-IT","potentialAction":[{"@type":"ReadAction","target":["https:\/\/www.hurom-europe.com\/it\/informativa-sulla-privacy\/"]}]},{"@type":"BreadcrumbList","@id":"https:\/\/www.hurom-europe.com\/it\/informativa-sulla-privacy\/#breadcrumb","itemListElement":[{"@type":"ListItem","position":1,"name":"Home","item":"https:\/\/www.hurom-europe.com\/it\/"},{"@type":"ListItem","position":2,"name":"Informativa sulla privacy"}]},{"@type":"WebSite","@id":"https:\/\/www.hurom-europe.com\/fr\/#website","url":"https:\/\/www.hurom-europe.com\/fr\/","name":"Hurom Europe","description":"Healthy Way of Life with Slow Juicers","potentialAction":[{"@type":"SearchAction","target":{"@type":"EntryPoint","urlTemplate":"https:\/\/www.hurom-europe.com\/fr\/?s={search_term_string}"},"query-input":{"@type":"PropertyValueSpecification","valueRequired":true,"valueName":"search_term_string"}}],"inLanguage":"it-IT"}]}},"_links":{"self":[{"href":"https:\/\/www.hurom-europe.com\/it\/wp-json\/wp\/v2\/pages\/170320","targetHints":{"allow":["GET"]}}],"collection":[{"href":"https:\/\/www.hurom-europe.com\/it\/wp-json\/wp\/v2\/pages"}],"about":[{"href":"https:\/\/www.hurom-europe.com\/it\/wp-json\/wp\/v2\/types\/page"}],"author":[{"embeddable":true,"href":"https:\/\/www.hurom-europe.com\/it\/wp-json\/wp\/v2\/users\/1"}],"replies":[{"embeddable":true,"href":"https:\/\/www.hurom-europe.com\/it\/wp-json\/wp\/v2\/comments?post=170320"}],"version-history":[{"count":0,"href":"https:\/\/www.hurom-europe.com\/it\/wp-json\/wp\/v2\/pages\/170320\/revisions"}],"wp:attachment":[{"href":"https:\/\/www.hurom-europe.com\/it\/wp-json\/wp\/v2\/media?parent=170320"}],"curies":[{"name":"wp","href":"https:\/\/api.w.org\/{rel}","templated":true}]}}