{"id":170295,"date":"2020-09-22T13:42:25","date_gmt":"2020-09-22T11:42:25","guid":{"rendered":"https:\/\/www.hurom-europe.com\/shipping-and-returns\/"},"modified":"2026-03-19T16:46:40","modified_gmt":"2026-03-19T15:46:40","slug":"spedizione-e-resi","status":"publish","type":"page","link":"https:\/\/www.hurom-europe.com\/it\/spedizione-e-resi\/","title":{"rendered":"Spedizione e Resi"},"content":{"rendered":"\n<h2 class=\"wp-block-heading\">Zone di Spedizione<\/h2>\n\n\n\n<p>Spedizione gratuita! \u2013 Offriamo la spedizione gratuita su tutti gli ordini superiori a 100 \u20ac all\u2019interno della Germania e in altri paesi europei (Austria, Belgio, Croazia, Estonia, Francia, Germania, Grecia, Italia, Lettonia, Lituania, Lussemburgo, Malta, Monaco, Paesi Bassi, Portogallo, Romania, Slovacchia, Slovenia, Spagna, Svezia).<\/p>\n\n\n\n<p>***A causa di accordi di distribuzione regionali, la consegna in alcuni paesi europei potrebbe essere limitata.***&nbsp;<\/p>\n\n\n\n<p>**Si prega di notare: la consegna \u00e8 disponibile solo all\u2019interno dell\u2019Unione Europea continentale.&nbsp;<br>Non effettuiamo consegne nei territori situati al di fuori del continente europeo, anche se appartengono a uno Stato membro dell\u2019UE \u2014 come i territori francesi d\u2019oltremare (ad es. Riunione, Guadalupa, Martinica, Guyana francese, Mayotte) o i territori spagnoli al di fuori dell\u2019Europa (ad es. Isole Canarie, Ceuta, Melilla).**&nbsp;<\/p>\n\n\n\n<h2 class=\"wp-block-heading\">Elaborazione degli ordini<\/h2>\n\n\n\n<p>Termine per il giorno successivo \u2013 La maggior parte degli ordini effettuati entro le 23:00 CET sar\u00e0 elaborata e spedita il giorno lavorativo successivo. Gli ordini saranno sospesi se non riusciamo a verificare l\u2019indirizzo di spedizione o se i dettagli di fatturazione vengono segnalati dal nostro sistema antifrode.&nbsp;<br>*Durante i periodi promozionali, l\u2019elaborazione potrebbe subire ritardi di alcuni giorni a causa dell\u2019alto volume di ordini.&nbsp;<\/p>\n\n\n\n<p>Tempi di spedizione stimati:<br>&#8211; In Germania: 1\u20133 giorni lavorativi<br>&#8211; Paesi confinanti (Austria, Francia, Belgio, Lussemburgo, ecc.): 2\u20135 giorni lavorativi<br>&#8211; Altri paesi dell\u2019UE: 3\u201310 giorni lavorativi<br>*Si prega di notare che i tempi di spedizione possono essere occasionalmente prolungati a causa di ritardi del corriere.<\/p>\n\n\n\n<p>Conferma con firma \u2013 Hurom Europe si riserva il diritto di richiedere la conferma con firma alla consegna. Il nostro servizio clienti non \u00e8 autorizzato a rimuovere questo requisito.&nbsp;<\/p>\n\n\n\n<p>Modifiche o cancellazioni dell\u2019ordine \u2013 Non possiamo unire ordini multipli. Non \u00e8 possibile cancellare o modificare un ordine una volta che \u00e8 stato inoltrato al nostro magazzino. Gli ordini vengono trasmessi al nostro magazzino ogni giorno alle 23:00 CET. Contattaci al pi\u00f9 presto se noti un errore nei dettagli del tuo ordine. Ti verr\u00e0 addebitata una tassa di intercettazione se richiedi la cancellazione dopo che l\u2019ordine \u00e8 stato trasmesso.&nbsp;<\/p>\n\n\n\n<p>Ritardi del corriere \u2013 Hurom Europe non \u00e8 responsabile per ritardi causati dal corriere. Le date di consegna stimate non sono garantite.&nbsp;<\/p>\n\n\n\n<p>Reclami per danni durante la spedizione \u2013 Se sospetti che i tuoi prodotti siano stati danneggiati durante la spedizione, rifiuta la consegna, se possibile, e scrivici immediatamente all\u2019indirizzo: info@hurom-europe.com. Non rimuovere nulla dall\u2019imballo originale. Potremmo chiederti foto dei danni per avviare una richiesta di rimborso assicurativo. Ti invieremo un\u2019unit\u00e0 sostitutiva il prima possibile. I reclami per articoli danneggiati o mancanti devono essere effettuati entro 3 giorni di calendario dalla data di consegna.&nbsp;<\/p>\n\n\n\n<p>Reclami per prodotti difettosi \u2013 Se ricevi un estrattore che ritieni difettoso, contatta il nostro servizio clienti. Ti aiuteremo a eseguire una diagnosi, gestire la sostituzione e\/o verificare la garanzia del prodotto.&nbsp;<\/p>\n\n\n\n<h2 class=\"wp-block-heading\">Politica di recess<\/h2>\n\n\n\n<p>Diritto di recesso&nbsp;<\/p>\n\n\n\n<p>Lei ha il diritto di recedere dal contratto stipulato con noi entro quattordici (14) giorni senza fornire alcuna motivazione. Il periodo di recesso \u00e8 di quattordici (14) giorni dalla data in cui lei o un terzo da lei nominato, che non sia il vettore della merce, avete preso possesso della merce stessa. Per esercitare il diritto di recesso, deve informare Hurom Europe GmbH della sua decisione di recedere dal presente contratto mediante una dichiarazione esplicita. (indirizzo e-mail: info@hurom-europe.com)&nbsp;<\/p>\n\n\n\n<p>Per rispettare il periodo di recesso, \u00e8 sufficiente che lei invii la notifica del suo esercizio del diritto di recesso prima della scadenza del periodo di recesso.&nbsp;&nbsp;&nbsp;&nbsp;<\/p>\n\n\n\n<p>Nel caso di prodotti da lei ordinati e consegnati separatamente, il periodo di recesso decorre dal giorno in cui lei o un terzo da lei designato (non il vettore della merce) prendete possesso dell\u2019ultima merce da noi consegnata. Nel caso in cui lei abbia ordinato un articolo composto da pi\u00f9 parti, il periodo di recesso decorre dal giorno in cui lei o un terzo da lei designato (non il vettore della merce) prendete possesso dell\u2019ultima parte della consegna della merce.&nbsp;&nbsp;&nbsp;&nbsp;<\/p>\n\n\n\n<p>Solo per acquisti validi su hurom-europe.com \u2013 Accettiamo resi solo per elettrodomestici acquistati direttamente su<a href=\"http:\/\/www.hurom-europe.com\/\" target=\"_blank\" rel=\"noreferrer noopener\">\u202fwww.hurom-europe.com<\/a>. Le vendite di parti e accessori sono finali e non restituibili. Per articoli acquistati altrove, contatta il rivenditore originale.&nbsp;<\/p>\n\n\n\n<h2 class=\"wp-block-heading\">Conseguenze del recesso<\/h2>\n\n\n\n<p>Se recede dal presente contratto, le rimborseremo immediatamente (entro e non oltre 14 giorni dalla data di ricezione dell\u2019articolo reso) tutti i pagamenti da lei effettuati nei nostri confronti, comprese le spese di spedizione (ad eccezione dei costi derivanti dalla sua scelta di una modalit\u00e0 di consegna diversa da quella standard da noi offerta). Effettueremo il rimborso utilizzando lo stesso metodo di pagamento che lei ha utilizzato per l\u2019acquisto.&nbsp;&nbsp;<\/p>\n\n\n\n<p>Ci riserviamo il diritto di trattenere o rifiutare il rimborso fino a quando non avremo ricevuto la merce resa o lei non abbia fornito una prova di avvenuta restituzione della merce, a seconda di quale dei due casi si verifichi prima.&nbsp;<\/p>\n\n\n\n<p>Se desidera restituire il suo ordine, invii una richiesta di reso al nostro Team via e-mail (indirizzo e-mail: <a href=\"mailto:info@hurom-europe.com\" target=\"_blank\" rel=\"noreferrer noopener\">info@hurom-europe.com<\/a>). Tenga a portata di mano il suo numero d\u2019ordine originale in modo da poter recuperare i dettagli dell\u2019ordine. Ricever\u00e0 un\u2019etichetta di reso gratuita, che le consentir\u00e0 di restituire il prodotto. Il prodotto deve essere restituito completo di tutti gli accessori. Laddove il prodotto venga restituito in condizioni che non siano il risultato di una manipolazione necessaria per verificarne la natura, le propriet\u00e0 e la funzionalit\u00e0, ci riserviamo il diritto di richiedere un risarcimento per qualsiasi perdita di valore risultante.&nbsp;&nbsp;<\/p>\n\n\n\n<p>Tenga presente che al momento della restituzione di apparecchi elettrici che entrano in contatto con alimenti, \u00e8 possibile che venga effettuata una congrua detrazione dall\u2019importo del rimborso qualora vi siano residui che pongono un rischio per l\u2019igiene, ad esempio residui alimentari che non sono stati rimossi.&nbsp;&nbsp;<\/p>\n\n\n\n<p>L\u2019importo detratto dipende dal grado di contaminazione e dalla conseguente diminuzione di valore. Se il dispositivo viene restituito in condizioni di forte usura o contaminazione, tali da non poter essere ricondizionato o rivenduto come nuovo, la detrazione potr\u00e0 essere significativa.&nbsp;<\/p>\n\n\n\n<p>In caso di recesso dal contratto d\u2019acquisto o in caso di reso della merce, il cliente \u00e8 tenuto a restituire tutti gli omaggi o gli articoli promozionali ricevuti nell\u2019ambito di tale acquisto, integri e inutilizzati. Se gli omaggi non vengono restituiti o vengono restituiti danneggiati, ci riserviamo il diritto di detrarre il valore degli stessi dall\u2019importo del rimborso.&nbsp;<\/p>\n\n\n\n<p>Comme indiqu\u00e9 ci-dessus, le consommateur ou la consommatrice doit clairement informer l\u2019entreprise de son intention de se r\u00e9tracter du contrat avant de renvoyer les marchandises (par exemple par e-mail ou en utilisant le formulaire de r\u00e9tractation). Si les marchandises sont renvoy\u00e9es sans d\u00e9claration de r\u00e9tractation pr\u00e9alable ou simultan\u00e9e, le renvoi ne peut \u00eatre consid\u00e9r\u00e9 comme une r\u00e9tractation valable, \u00e0 moins qu\u2019une d\u00e9claration de r\u00e9tractation ait \u00e9t\u00e9 faite dans le d\u00e9lai l\u00e9gal de r\u00e9tractation. Les renvois effectu\u00e9s apr\u00e8s l\u2019expiration du d\u00e9lai de r\u00e9tractation l\u00e9gal, ou sans notification pr\u00e9alable de r\u00e9tractation \u00e0 l\u2019entreprise, seront refus\u00e9s. Dans ce cas, les frais d\u2019exp\u00e9dition occasionn\u00e9s par le renvoi de la marchandise au client ou \u00e0 la cliente sont \u00e0 la charge du client ou de la cliente. En cas de renvoi de marchandises avec une \u00e9tiquette d\u2019exp\u00e9dition non fournie par la soci\u00e9t\u00e9, l\u2019exp\u00e9dition du renvoi est organis\u00e9e ind\u00e9pendamment par le client ou la cliente, et le risque de perte ou de dommage pendant cette exp\u00e9dition est assum\u00e9 par le client ou la cliente.<\/p>\n\n\n\n<p>En date du : 05 f\u00e9vrier 2026<\/p>\n\n\n\n<p>Aggiornamento: revisione della guida alla politica di reso di prodotti il cui valore \u00e8 diminuito. \/ revisione delle informazioni sulle spese di spedizione del reso.&nbsp;&nbsp;<\/p>\n","protected":false},"excerpt":{"rendered":"<p>Zone di Spedizione Spedizione gratuita! \u2013 Offriamo la spedizione gratuita su tutti gli ordini superiori a 100 \u20ac all\u2019interno della Germania e in altri paesi europei (Austria, Belgio, Croazia, Estonia, Francia, Germania, Grecia, Italia, Lettonia, Lituania, Lussemburgo, Malta, Monaco, Paesi Bassi, Portogallo, Romania, Slovacchia, Slovenia, Spagna, Svezia). ***A causa di accordi di distribuzione regionali, la [&hellip;]<\/p>\n","protected":false},"author":1,"featured_media":0,"parent":0,"menu_order":9,"comment_status":"closed","ping_status":"closed","template":"","meta":{"_acf_changed":false,"inline_featured_image":false,"footnotes":""},"class_list":["post-170295","page","type-page","status-publish","hentry"],"acf":[],"yoast_head":"<!-- This site is optimized with the Yoast SEO plugin v26.6 - https:\/\/yoast.com\/wordpress\/plugins\/seo\/ -->\n<title>Spedizione e Resi - Hurom Europe<\/title>\n<meta name=\"description\" content=\"Con Hurom, hai la spedizione gratuita con ordini superiori a 50\u202f\u20ac in Germania e in altri Paesi europei.\" \/>\n<meta name=\"robots\" content=\"index, follow, max-snippet:-1, max-image-preview:large, max-video-preview:-1\" \/>\n<link rel=\"canonical\" href=\"https:\/\/www.hurom-europe.com\/it\/spedizione-e-resi\/\" \/>\n<meta property=\"og:locale\" content=\"it_IT\" \/>\n<meta property=\"og:type\" content=\"article\" \/>\n<meta property=\"og:title\" content=\"Spedizione e Resi - Hurom Europe\" \/>\n<meta property=\"og:description\" content=\"Con Hurom, hai la spedizione gratuita con ordini superiori a 50\u202f\u20ac in Germania e in altri Paesi europei.\" \/>\n<meta property=\"og:url\" content=\"https:\/\/www.hurom-europe.com\/it\/spedizione-e-resi\/\" \/>\n<meta property=\"og:site_name\" content=\"Hurom Europe\" \/>\n<meta property=\"article:modified_time\" content=\"2026-03-19T15:46:40+00:00\" \/>\n<meta name=\"twitter:card\" content=\"summary_large_image\" \/>\n<meta name=\"twitter:label1\" content=\"Tempo di lettura stimato\" \/>\n\t<meta name=\"twitter:data1\" content=\"6 minuti\" \/>\n<script type=\"application\/ld+json\" class=\"yoast-schema-graph\">{\"@context\":\"https:\/\/schema.org\",\"@graph\":[{\"@type\":\"WebPage\",\"@id\":\"https:\/\/www.hurom-europe.com\/it\/spedizione-e-resi\/\",\"url\":\"https:\/\/www.hurom-europe.com\/it\/spedizione-e-resi\/\",\"name\":\"Spedizione e Resi - Hurom Europe\",\"isPartOf\":{\"@id\":\"https:\/\/www.hurom-europe.com\/fr\/#website\"},\"datePublished\":\"2020-09-22T11:42:25+00:00\",\"dateModified\":\"2026-03-19T15:46:40+00:00\",\"description\":\"Con Hurom, hai la spedizione gratuita con ordini superiori a 50\u202f\u20ac in Germania e in altri Paesi europei.\",\"breadcrumb\":{\"@id\":\"https:\/\/www.hurom-europe.com\/it\/spedizione-e-resi\/#breadcrumb\"},\"inLanguage\":\"it-IT\",\"potentialAction\":[{\"@type\":\"ReadAction\",\"target\":[\"https:\/\/www.hurom-europe.com\/it\/spedizione-e-resi\/\"]}]},{\"@type\":\"BreadcrumbList\",\"@id\":\"https:\/\/www.hurom-europe.com\/it\/spedizione-e-resi\/#breadcrumb\",\"itemListElement\":[{\"@type\":\"ListItem\",\"position\":1,\"name\":\"Home\",\"item\":\"https:\/\/www.hurom-europe.com\/it\/\"},{\"@type\":\"ListItem\",\"position\":2,\"name\":\"Spedizione e Resi\"}]},{\"@type\":\"WebSite\",\"@id\":\"https:\/\/www.hurom-europe.com\/fr\/#website\",\"url\":\"https:\/\/www.hurom-europe.com\/fr\/\",\"name\":\"Hurom Europe\",\"description\":\"Healthy Way of Life with Slow Juicers\",\"potentialAction\":[{\"@type\":\"SearchAction\",\"target\":{\"@type\":\"EntryPoint\",\"urlTemplate\":\"https:\/\/www.hurom-europe.com\/fr\/?s={search_term_string}\"},\"query-input\":{\"@type\":\"PropertyValueSpecification\",\"valueRequired\":true,\"valueName\":\"search_term_string\"}}],\"inLanguage\":\"it-IT\"}]}<\/script>\n<!-- \/ Yoast SEO plugin. -->","yoast_head_json":{"title":"Spedizione e Resi - Hurom Europe","description":"Con Hurom, hai la spedizione gratuita con ordini superiori a 50\u202f\u20ac in Germania e in altri Paesi europei.","robots":{"index":"index","follow":"follow","max-snippet":"max-snippet:-1","max-image-preview":"max-image-preview:large","max-video-preview":"max-video-preview:-1"},"canonical":"https:\/\/www.hurom-europe.com\/it\/spedizione-e-resi\/","og_locale":"it_IT","og_type":"article","og_title":"Spedizione e Resi - Hurom Europe","og_description":"Con Hurom, hai la spedizione gratuita con ordini superiori a 50\u202f\u20ac in Germania e in altri Paesi europei.","og_url":"https:\/\/www.hurom-europe.com\/it\/spedizione-e-resi\/","og_site_name":"Hurom Europe","article_modified_time":"2026-03-19T15:46:40+00:00","twitter_card":"summary_large_image","twitter_misc":{"Tempo di lettura stimato":"6 minuti"},"schema":{"@context":"https:\/\/schema.org","@graph":[{"@type":"WebPage","@id":"https:\/\/www.hurom-europe.com\/it\/spedizione-e-resi\/","url":"https:\/\/www.hurom-europe.com\/it\/spedizione-e-resi\/","name":"Spedizione e Resi - Hurom Europe","isPartOf":{"@id":"https:\/\/www.hurom-europe.com\/fr\/#website"},"datePublished":"2020-09-22T11:42:25+00:00","dateModified":"2026-03-19T15:46:40+00:00","description":"Con Hurom, hai la spedizione gratuita con ordini superiori a 50\u202f\u20ac in Germania e in altri Paesi europei.","breadcrumb":{"@id":"https:\/\/www.hurom-europe.com\/it\/spedizione-e-resi\/#breadcrumb"},"inLanguage":"it-IT","potentialAction":[{"@type":"ReadAction","target":["https:\/\/www.hurom-europe.com\/it\/spedizione-e-resi\/"]}]},{"@type":"BreadcrumbList","@id":"https:\/\/www.hurom-europe.com\/it\/spedizione-e-resi\/#breadcrumb","itemListElement":[{"@type":"ListItem","position":1,"name":"Home","item":"https:\/\/www.hurom-europe.com\/it\/"},{"@type":"ListItem","position":2,"name":"Spedizione e Resi"}]},{"@type":"WebSite","@id":"https:\/\/www.hurom-europe.com\/fr\/#website","url":"https:\/\/www.hurom-europe.com\/fr\/","name":"Hurom Europe","description":"Healthy Way of Life with Slow Juicers","potentialAction":[{"@type":"SearchAction","target":{"@type":"EntryPoint","urlTemplate":"https:\/\/www.hurom-europe.com\/fr\/?s={search_term_string}"},"query-input":{"@type":"PropertyValueSpecification","valueRequired":true,"valueName":"search_term_string"}}],"inLanguage":"it-IT"}]}},"_links":{"self":[{"href":"https:\/\/www.hurom-europe.com\/it\/wp-json\/wp\/v2\/pages\/170295","targetHints":{"allow":["GET"]}}],"collection":[{"href":"https:\/\/www.hurom-europe.com\/it\/wp-json\/wp\/v2\/pages"}],"about":[{"href":"https:\/\/www.hurom-europe.com\/it\/wp-json\/wp\/v2\/types\/page"}],"author":[{"embeddable":true,"href":"https:\/\/www.hurom-europe.com\/it\/wp-json\/wp\/v2\/users\/1"}],"replies":[{"embeddable":true,"href":"https:\/\/www.hurom-europe.com\/it\/wp-json\/wp\/v2\/comments?post=170295"}],"version-history":[{"count":0,"href":"https:\/\/www.hurom-europe.com\/it\/wp-json\/wp\/v2\/pages\/170295\/revisions"}],"wp:attachment":[{"href":"https:\/\/www.hurom-europe.com\/it\/wp-json\/wp\/v2\/media?parent=170295"}],"curies":[{"name":"wp","href":"https:\/\/api.w.org\/{rel}","templated":true}]}}