{"id":169170,"date":"2025-07-24T13:22:28","date_gmt":"2025-07-24T11:22:28","guid":{"rendered":"https:\/\/www.hurom-europe.com\/?page_id=169170"},"modified":"2026-03-31T10:18:04","modified_gmt":"2026-03-31T08:18:04","slug":"termini-di-utilizzo","status":"publish","type":"page","link":"https:\/\/www.hurom-europe.com\/it\/termini-di-utilizzo\/","title":{"rendered":"Termini di utilizzo"},"content":{"rendered":"\n<p id=\"tw-target-text\"><\/p>\n\n\n\n<h2 class=\"wp-block-heading\">Sez. 1 \u2013 Ambito di validit\u00e0, informazioni al cliente<\/h2>\n\n\n\n<p>Le seguenti condizioni generali di contratto (CGC) regolano il rapporto contrattuale tra Hurom Europe GmbH e i consumatori o imprenditori che acquistano beni tramite questo shop. Non saranno accettate condizioni che si oppongano o si discostino dalle presenti CGC. La lingua del contratto \u00e8 il tedesco.<\/p>\n\n\n\n<h2 class=\"wp-block-heading\">Sez. 2 \u2013 Conclusione del contratto<\/h2>\n\n\n\n<p>(1) Le offerte presenti su internet rappresentano un invito vincolante all\u2019acquisto di beni.&nbsp;<br>(2) Puoi inserire uno o pi\u00f9 prodotti nel carrello. Durante il processo d\u2019ordine, inserirai i tuoi dati e le preferenze per metodo di pagamento, spedizione, ecc. Cliccando sul pulsante per confermare l\u2019ordine, accetti l\u2019offerta e concludi un contratto d\u2019acquisto.<\/p>\n\n\n\n<h2 class=\"wp-block-heading\">Sez. 3 \u2013 Informazioni al cliente: Memorizzazione del testo contrattuale<\/h2>\n\n\n\n<p>Conserveremo il contratto e i dettagli degli articoli. Tuttavia, queste informazioni non saranno accessibili online. Ti invieremo invece le CGC. In alternativa, potrai scaricarle in qualsiasi momento dal nostro sito web. Puoi anche fare uno screenshot o stampare l\u2019intera pagina al momento dell\u2019ordine.&nbsp;<\/p>\n\n\n\n<h2 class=\"wp-block-heading\">Sez. 4 \u2013 Informazioni al cliente: Nota sulle modifiche<\/h2>\n\n\n\n<p>Puoi modificare i tuoi dati in qualsiasi momento prima di inviare l\u2019ordine, utilizzando il tasto \u201celimina\u201d o le opzioni fornite durante la procedura. Potrai anche interrompere il processo d\u2019ordine chiudendo semplicemente la finestra del browser.&nbsp;<\/p>\n\n\n\n<h2 class=\"wp-block-heading\">Sez. 5 \u2013 Riserva di propriet\u00e0<\/h2>\n\n\n\n<p>La merce resta di nostra propriet\u00e0 fino al completo pagamento.&nbsp;<\/p>\n\n\n\n<h2 class=\"wp-block-heading\">Sez. 6 \u2013 Scadenza delle richieste in garanzia<\/h2>\n\n\n\n<h3 class=\"wp-block-heading\">(1) La garanzia<\/h3>\n\n\n\n<p>Offriamo garanzia su motore e componenti dei modelli Slow Juicer solo se acquistati da Hurom Europe.&nbsp;<\/p>\n\n\n\n<p>La durata della garanzia varia in base al modello. I materiali di consumo, come le parti in silicone, i contenitori per il succo e la polpa, nonch\u00e9 le spazzole per la pulizia, sono esclusi dalla garanzia.&nbsp;&nbsp;<\/p>\n\n\n\n<p>[Prodotti acquistati da settembre 2024]&nbsp;<br>\u2013 H80ST\/H400\/H330P\/H320N\/H70FT\/H70ST: Garanzia di 15 anni su motore e componenti&nbsp;<br>\u2013 H310A\/E50ST\/E30ST: Garanzia di 10 anni su motore e componenti&nbsp;<br>\u2013 Altri (esclusa la serie DT-SJ): 10 anni di garanzia sul motore, 2 anni sui componenti&nbsp;<\/p>\n\n\n\n<p>\u2013 Depuratore d\u2019acqua(WP-A01EGR): 5 anni di garanzia &#8211; La garanzia \u00e8 valida solo per l\u2019unit\u00e0 principale. Le parti di consumo, compresi i filtri, sono escluse dalla garanzia.<\/p>\n\n\n\n<p>\u2013 Frullatori e accessori (frullatore da tavolo, Power Blender, contenitori per acqua, vetro, parti, ecc.): 2 anni di garanzia<\/p>\n\n\n\n<p>* La garanzia indicata si applica solo al prodotto principale. I componenti acquistati separatamente sono coperti da 2 anni di garanzia.&nbsp;<\/p>\n\n\n\n<p>[Prodotti acquistati prima di settembre 2024]&nbsp;<br>Garanzia di 10 anni sul motore e 2 anni sui componenti per tutti i modelli Slow Juicer (esclusi serie HW, DT-SJ e S13), solo se acquistati da Hurom Europe.&nbsp;<\/p>\n\n\n\n<p>\u2013 Per richiedere l\u2019assistenza in garanzia sono necessari il nome del modello e il numero di serie del prodotto.&nbsp;<br>\u2013 Deve essere presentata la ricevuta di vendita originale o una copia.&nbsp;<\/p>\n\n\n\n<p>&#8211; La garanzia sugli accessori si applica solo ai difetti e ai danni causati da vizi di fabbricazione o dei materiali. Le parti soggette a usura sono espressamente escluse dalla garanzia. L\u2019uso inappropriato del prodotto invalider\u00e0 la garanzia.&nbsp;<\/p>\n\n\n\n<p>&#8211; Quando i prodotti sono regalati o venduti a terzi, la garanzia viene trasferita con il prodotto stesso. Il nuovo proprietario pu\u00f2 continuare a beneficiare della copertura della garanzia. Per usufruire dei vantaggi della garanzia, \u00e8 necessario presentare la ricevuta d\u2019acquisto originale con indicazione della data d\u2019acquisto. In alcuni casi, pu\u00f2 essere richiesta anche una conferma scritta del trasferimento da parte del proprietario iniziale.&nbsp;<\/p>\n\n\n\n<h3 class=\"wp-block-heading\">(2) Costi di spedizione in garanzia<\/h3>\n\n\n\n<p>Se il prodotto o una delle sue parti rientra nella garanzia, Hurom Europe provveder\u00e0 gratuitamente alla riparazione o sostituzione.<\/p>\n\n\n\n<h3 class=\"wp-block-heading\">(3) Esclusioni dalla garanzia<\/h3>\n\n\n\n<p>\u2013 Hurom non \u00e8 responsabile per perdite economiche o danni indiretti, inclusi quelli da deterioramento di alimenti causati da malfunzionamenti.&nbsp;<br>\u2013 Hurom non \u00e8 responsabile per la riparazione o la sostituzione di componenti guasti o danneggiati a seguito di interruzioni di corrente elettrica, utilizzo di prolunghe, bassa tensione o cali di tensione nell\u2019unit\u00e0.&nbsp;<\/p>\n\n\n\n<p>\u2013 Hurom non assume alcuna responsabilit\u00e0 per la copertura di parti o manodopera in caso di guasto dei componenti o altri danni derivanti da uso o installazione impropri, o dalla mancata pulizia e\/o manutenzione del prodotto come indicato nel manuale d\u2019uso fornito con ciascuna unit\u00e0.&nbsp;<br>\u2013 Non copre difetti dovuti a normale usura, maneggio scorretto, uso improprio, sostanze chimiche aggressive, rimozione o alterazione del numero di serie, modifiche da parte di personale non autorizzato o danni da alluvione o incendio.&nbsp;<br>\u2013 Non copre difetti causati da tentativi di smontaggio o riparazione da parte del cliente.&nbsp;<br>\u2013 Hurom non \u00e8 responsabile per richieste di garanzia su prodotti venduti o utilizzati fuori dai paesi europei.&nbsp;<\/p>\n\n\n\n<p>\u2013 Questa garanzia si applica solo ai prodotti venduti e utilizzati negli Stati membri dell\u2019Unione Europea continentale verso i quali effettuiamo le consegne.&nbsp;<br>Non si applica ai prodotti portati o utilizzati in territori al di fuori del continente europeo, anche se fanno parte di uno Stato membro dell\u2019UE \u2014 come i dipartimenti e le regioni d\u2019oltremare francesi (ad es. Riunione, Guadalupa, Martinica, Guyana francese, Mayotte) o i territori spagnoli al di fuori dell\u2019Europa continentale (ad es. Isole Canarie, Ceuta, Melilla).&nbsp;<br>I prodotti utilizzati in queste regioni sono esclusi dal servizio di garanzia.&nbsp;<\/p>\n\n\n\n<p>\u2013 Hurom non offre una garanzia internazionale. L\u2019assistenza in garanzia per paesi non EU (o EU dove Hurom non vende direttamente) potrebbe essere limitata. Non forniamo assistenza post-vendita per acquisti da rivenditori non autorizzati. Per sapere se un venditore \u00e8 autorizzato, contattaci: <a href=\"mailto:info@hurom-europe.com\">info@hurom-europe.com<\/a>&nbsp;<\/p>\n\n\n\n<h3 class=\"wp-block-heading\">(4) Posso inviare il mio estrattore a Hurom per riparazione anche fuori garanzia?<\/h3>\n\n\n\n<p>\u2013 Se il prodotto \u00e8 fuori garanzia, potremmo essere in grado di ripararlo o sostituirlo a pagamento. Tenga presente che le riparazioni fuori garanzia le verranno addebitate e che i relativi costi potrebbero variare.<\/p>\n\n\n\n<h3 class=\"wp-block-heading\">(5) Dove posso trovare pezzi di ricambio?<\/h3>\n\n\n\n<p>I ricambi sono disponibili nel nostro shop online:&nbsp;<br><a href=\"https:\/\/hurom-europe-parts.com\/collections\" target=\"_blank\" rel=\"noreferrer noopener\">\u202fhttps:\/\/hurom-europe-parts.com\/collections<\/a><\/p>\n\n\n\n<h2 class=\"wp-block-heading\">Sez. 7 \u2013 Limitazione di responsabilit\u00e0<\/h2>\n\n\n\n<p>Escludiamo la responsabilit\u00e0 per lievi negligenze che non riguardino obblighi contrattuali essenziali, danni alla vita, integrit\u00e0 fisica, salute, garanzie o responsabilit\u00e0 secondo la Legge tedesca sulla responsabilit\u00e0 da prodotto (Produkthaftungsgesetz \u2013 ProdHaftG).&nbsp;<br>Lo stesso vale per i nostri rappresentanti legali o collaboratori. Gli obblighi contrattuali essenziali comprendono, in particolare, la consegna del prodotto in propriet\u00e0 e privo di difetti materiali.&nbsp;<\/p>\n\n\n\n<h2 class=\"wp-block-heading\">Sez. 8 Smaltimento di apparecchiature elettriche ed elettroniche ai sensi della normativa ElektroG<\/h2>\n\n\n\n<p>(1) Le apparecchiature elettriche ed elettroniche non devono essere smaltite insieme ai rifiuti domestici. I consumatori sono tenuti per legge a smaltire le apparecchiature usate separatamente dai rifiuti urbani indifferenziati.&nbsp;&nbsp;<\/p>\n\n\n\n<p>(2) Le apparecchiature usate devono essere consegnate ai punti di raccolta comunali o ai punti di reso.&nbsp;&nbsp;&nbsp;<\/p>\n\n\n\n<p>(3) Le apparecchiature elettriche usate sono contrassegnate con il simbolo di un cassonetto barrato:<\/p>\n\n\n\n<figure class=\"wp-block-image size-full is-resized\"><img loading=\"lazy\" decoding=\"async\" width=\"500\" height=\"500\" src=\"https:\/\/www.hurom-europe.com\/wp-content\/uploads\/2025\/11\/Icon_WEEE_01.jpg\" alt=\"\" class=\"wp-image-190916\" style=\"width:110px;height:auto\" srcset=\"https:\/\/www.hurom-europe.com\/wp-content\/uploads\/2025\/11\/Icon_WEEE_01.jpg 500w, https:\/\/www.hurom-europe.com\/wp-content\/uploads\/2025\/11\/Icon_WEEE_01-300x300.jpg 300w, https:\/\/www.hurom-europe.com\/wp-content\/uploads\/2025\/11\/Icon_WEEE_01-150x150.jpg 150w, https:\/\/www.hurom-europe.com\/wp-content\/uploads\/2025\/11\/Icon_WEEE_01-100x100.jpg 100w\" sizes=\"auto, (max-width: 500px) 100vw, 500px\" \/><\/figure>\n\n\n\n<p>[Nota: il simbolo \u00e8 stampato sull\u2019apparecchio o sull\u2019imballaggio.]&nbsp;<\/p>\n\n\n\n<p>(4) Siamo registrati presso la Fondazione EAR con il seguente numero di registrazione RAEE: Reg. RAEE n. DE 43913252&nbsp;<\/p>\n\n\n\n<p>Saremo lieti di inviarle una copia dei termini e condizioni via e-mail. \u00a0<br>CGC versione 3.0 \/\/ Data del documento: 31 marzo 2026<\/p>\n","protected":false},"excerpt":{"rendered":"<p>Sez. 1 \u2013 Ambito di validit\u00e0, informazioni al cliente Le seguenti condizioni generali di contratto (CGC) regolano il rapporto contrattuale tra Hurom Europe GmbH e i consumatori o imprenditori che acquistano beni tramite questo shop. Non saranno accettate condizioni che si oppongano o si discostino dalle presenti CGC. La lingua del contratto \u00e8 il tedesco. [&hellip;]<\/p>\n","protected":false},"author":1,"featured_media":0,"parent":0,"menu_order":9,"comment_status":"closed","ping_status":"closed","template":"","meta":{"_acf_changed":false,"inline_featured_image":false,"footnotes":""},"class_list":["post-169170","page","type-page","status-publish","hentry"],"acf":[],"yoast_head":"<!-- This site is optimized with the Yoast SEO plugin v26.6 - https:\/\/yoast.com\/wordpress\/plugins\/seo\/ -->\n<title>Termini di utilizzo - Hurom Europe<\/title>\n<meta name=\"description\" content=\"Vita pi\u00f9 salutare con gli estrattori Slow Juicers Hurom\" \/>\n<meta name=\"robots\" content=\"index, follow, max-snippet:-1, max-image-preview:large, max-video-preview:-1\" \/>\n<link rel=\"canonical\" href=\"https:\/\/www.hurom-europe.com\/it\/termini-di-utilizzo\/\" \/>\n<meta property=\"og:locale\" content=\"it_IT\" \/>\n<meta property=\"og:type\" content=\"article\" \/>\n<meta property=\"og:title\" content=\"Termini di utilizzo - Hurom Europe\" \/>\n<meta property=\"og:description\" content=\"Vita pi\u00f9 salutare con gli estrattori Slow Juicers Hurom\" \/>\n<meta property=\"og:url\" content=\"https:\/\/www.hurom-europe.com\/it\/termini-di-utilizzo\/\" \/>\n<meta property=\"og:site_name\" content=\"Hurom Europe\" \/>\n<meta property=\"article:modified_time\" content=\"2026-03-31T08:18:04+00:00\" \/>\n<meta property=\"og:image\" content=\"https:\/\/www.hurom-europe.com\/wp-content\/uploads\/2025\/11\/Icon_WEEE_01.jpg\" \/>\n\t<meta property=\"og:image:width\" content=\"500\" \/>\n\t<meta property=\"og:image:height\" content=\"500\" \/>\n\t<meta property=\"og:image:type\" content=\"image\/jpeg\" \/>\n<meta name=\"twitter:card\" content=\"summary_large_image\" \/>\n<meta name=\"twitter:label1\" content=\"Tempo di lettura stimato\" \/>\n\t<meta name=\"twitter:data1\" content=\"6 minuti\" \/>\n<script type=\"application\/ld+json\" class=\"yoast-schema-graph\">{\"@context\":\"https:\/\/schema.org\",\"@graph\":[{\"@type\":\"WebPage\",\"@id\":\"https:\/\/www.hurom-europe.com\/it\/termini-di-utilizzo\/\",\"url\":\"https:\/\/www.hurom-europe.com\/it\/termini-di-utilizzo\/\",\"name\":\"Termini di utilizzo - Hurom Europe\",\"isPartOf\":{\"@id\":\"https:\/\/www.hurom-europe.com\/fr\/#website\"},\"primaryImageOfPage\":{\"@id\":\"https:\/\/www.hurom-europe.com\/it\/termini-di-utilizzo\/#primaryimage\"},\"image\":{\"@id\":\"https:\/\/www.hurom-europe.com\/it\/termini-di-utilizzo\/#primaryimage\"},\"thumbnailUrl\":\"https:\/\/www.hurom-europe.com\/wp-content\/uploads\/2025\/11\/Icon_WEEE_01.jpg\",\"datePublished\":\"2025-07-24T11:22:28+00:00\",\"dateModified\":\"2026-03-31T08:18:04+00:00\",\"description\":\"Vita pi\u00f9 salutare con gli estrattori Slow Juicers Hurom\",\"breadcrumb\":{\"@id\":\"https:\/\/www.hurom-europe.com\/it\/termini-di-utilizzo\/#breadcrumb\"},\"inLanguage\":\"it-IT\",\"potentialAction\":[{\"@type\":\"ReadAction\",\"target\":[\"https:\/\/www.hurom-europe.com\/it\/termini-di-utilizzo\/\"]}]},{\"@type\":\"ImageObject\",\"inLanguage\":\"it-IT\",\"@id\":\"https:\/\/www.hurom-europe.com\/it\/termini-di-utilizzo\/#primaryimage\",\"url\":\"https:\/\/www.hurom-europe.com\/wp-content\/uploads\/2025\/11\/Icon_WEEE_01.jpg\",\"contentUrl\":\"https:\/\/www.hurom-europe.com\/wp-content\/uploads\/2025\/11\/Icon_WEEE_01.jpg\"},{\"@type\":\"BreadcrumbList\",\"@id\":\"https:\/\/www.hurom-europe.com\/it\/termini-di-utilizzo\/#breadcrumb\",\"itemListElement\":[{\"@type\":\"ListItem\",\"position\":1,\"name\":\"Home\",\"item\":\"https:\/\/www.hurom-europe.com\/it\/\"},{\"@type\":\"ListItem\",\"position\":2,\"name\":\"Termini di utilizzo\"}]},{\"@type\":\"WebSite\",\"@id\":\"https:\/\/www.hurom-europe.com\/fr\/#website\",\"url\":\"https:\/\/www.hurom-europe.com\/fr\/\",\"name\":\"Hurom Europe\",\"description\":\"Healthy Way of Life with Slow Juicers\",\"potentialAction\":[{\"@type\":\"SearchAction\",\"target\":{\"@type\":\"EntryPoint\",\"urlTemplate\":\"https:\/\/www.hurom-europe.com\/fr\/?s={search_term_string}\"},\"query-input\":{\"@type\":\"PropertyValueSpecification\",\"valueRequired\":true,\"valueName\":\"search_term_string\"}}],\"inLanguage\":\"it-IT\"}]}<\/script>\n<!-- \/ Yoast SEO plugin. -->","yoast_head_json":{"title":"Termini di utilizzo - Hurom Europe","description":"Vita pi\u00f9 salutare con gli estrattori Slow Juicers Hurom","robots":{"index":"index","follow":"follow","max-snippet":"max-snippet:-1","max-image-preview":"max-image-preview:large","max-video-preview":"max-video-preview:-1"},"canonical":"https:\/\/www.hurom-europe.com\/it\/termini-di-utilizzo\/","og_locale":"it_IT","og_type":"article","og_title":"Termini di utilizzo - Hurom Europe","og_description":"Vita pi\u00f9 salutare con gli estrattori Slow Juicers Hurom","og_url":"https:\/\/www.hurom-europe.com\/it\/termini-di-utilizzo\/","og_site_name":"Hurom Europe","article_modified_time":"2026-03-31T08:18:04+00:00","og_image":[{"width":500,"height":500,"url":"https:\/\/www.hurom-europe.com\/wp-content\/uploads\/2025\/11\/Icon_WEEE_01.jpg","type":"image\/jpeg"}],"twitter_card":"summary_large_image","twitter_misc":{"Tempo di lettura stimato":"6 minuti"},"schema":{"@context":"https:\/\/schema.org","@graph":[{"@type":"WebPage","@id":"https:\/\/www.hurom-europe.com\/it\/termini-di-utilizzo\/","url":"https:\/\/www.hurom-europe.com\/it\/termini-di-utilizzo\/","name":"Termini di utilizzo - Hurom Europe","isPartOf":{"@id":"https:\/\/www.hurom-europe.com\/fr\/#website"},"primaryImageOfPage":{"@id":"https:\/\/www.hurom-europe.com\/it\/termini-di-utilizzo\/#primaryimage"},"image":{"@id":"https:\/\/www.hurom-europe.com\/it\/termini-di-utilizzo\/#primaryimage"},"thumbnailUrl":"https:\/\/www.hurom-europe.com\/wp-content\/uploads\/2025\/11\/Icon_WEEE_01.jpg","datePublished":"2025-07-24T11:22:28+00:00","dateModified":"2026-03-31T08:18:04+00:00","description":"Vita pi\u00f9 salutare con gli estrattori Slow Juicers Hurom","breadcrumb":{"@id":"https:\/\/www.hurom-europe.com\/it\/termini-di-utilizzo\/#breadcrumb"},"inLanguage":"it-IT","potentialAction":[{"@type":"ReadAction","target":["https:\/\/www.hurom-europe.com\/it\/termini-di-utilizzo\/"]}]},{"@type":"ImageObject","inLanguage":"it-IT","@id":"https:\/\/www.hurom-europe.com\/it\/termini-di-utilizzo\/#primaryimage","url":"https:\/\/www.hurom-europe.com\/wp-content\/uploads\/2025\/11\/Icon_WEEE_01.jpg","contentUrl":"https:\/\/www.hurom-europe.com\/wp-content\/uploads\/2025\/11\/Icon_WEEE_01.jpg"},{"@type":"BreadcrumbList","@id":"https:\/\/www.hurom-europe.com\/it\/termini-di-utilizzo\/#breadcrumb","itemListElement":[{"@type":"ListItem","position":1,"name":"Home","item":"https:\/\/www.hurom-europe.com\/it\/"},{"@type":"ListItem","position":2,"name":"Termini di utilizzo"}]},{"@type":"WebSite","@id":"https:\/\/www.hurom-europe.com\/fr\/#website","url":"https:\/\/www.hurom-europe.com\/fr\/","name":"Hurom Europe","description":"Healthy Way of Life with Slow Juicers","potentialAction":[{"@type":"SearchAction","target":{"@type":"EntryPoint","urlTemplate":"https:\/\/www.hurom-europe.com\/fr\/?s={search_term_string}"},"query-input":{"@type":"PropertyValueSpecification","valueRequired":true,"valueName":"search_term_string"}}],"inLanguage":"it-IT"}]}},"_links":{"self":[{"href":"https:\/\/www.hurom-europe.com\/it\/wp-json\/wp\/v2\/pages\/169170","targetHints":{"allow":["GET"]}}],"collection":[{"href":"https:\/\/www.hurom-europe.com\/it\/wp-json\/wp\/v2\/pages"}],"about":[{"href":"https:\/\/www.hurom-europe.com\/it\/wp-json\/wp\/v2\/types\/page"}],"author":[{"embeddable":true,"href":"https:\/\/www.hurom-europe.com\/it\/wp-json\/wp\/v2\/users\/1"}],"replies":[{"embeddable":true,"href":"https:\/\/www.hurom-europe.com\/it\/wp-json\/wp\/v2\/comments?post=169170"}],"version-history":[{"count":0,"href":"https:\/\/www.hurom-europe.com\/it\/wp-json\/wp\/v2\/pages\/169170\/revisions"}],"wp:attachment":[{"href":"https:\/\/www.hurom-europe.com\/it\/wp-json\/wp\/v2\/media?parent=169170"}],"curies":[{"name":"wp","href":"https:\/\/api.w.org\/{rel}","templated":true}]}}