{"id":71244,"date":"2024-06-04T08:43:13","date_gmt":"2024-06-04T06:43:13","guid":{"rendered":"https:\/\/www.hurom-europe.com\/?post_type=product&#038;p=71244"},"modified":"2026-05-09T15:45:18","modified_gmt":"2026-05-09T13:45:18","slug":"hurom-power-blender","status":"publish","type":"product","link":"https:\/\/www.hurom-europe.com\/fr\/produit\/hurom-power-blender\/","title":{"rendered":"Hurom Power Blender"},"content":{"rendered":"<ul class=\"ul1\">\n<li class=\"li1\"><strong><strong><strong>Puissant moteur de 900W, vitesse de 20,000 tr\/min. :<\/strong>\u200b<\/strong><\/strong><br \/>\nBroie instantan\u00e9ment les ingr\u00e9dients durs\u200b<\/li>\n<\/ul>\n<p>&nbsp;<\/p>\n<ul class=\"ul1\">\n<li class=\"li1\"><strong><strong><strong><strong>Lames Hexa En Acier Inoxydable Haute R\u00e9sistance :<br \/>\n<\/strong><\/strong><\/strong><\/strong><strong><strong>\u200b<\/strong><\/strong>Cr\u00e9ent un tourbillon pour un concassage plus rapide et plus stable\u200b<\/li>\n<\/ul>\n<p>&nbsp;<\/p>\n<ul class=\"ul1\">\n<li class=\"li1\"><strong><strong><strong><strong>Protection Anti-Surchauffe :<br \/>\n<\/strong><\/strong><\/strong><\/strong><span class=\"ui-provider a b c d e f g h i j k l m n o p q r s t u v w x y z ab ac ae af ag ah ai aj ak\" dir=\"ltr\">La technologie de moteur s\u00e9curis\u00e9e coupe l&rsquo;alimentation en cas de chaleur excessive pour r\u00e9duire le risque d&rsquo;incendie.<\/span><\/li>\n<\/ul>\n<p>&nbsp;<\/p>\n<ul class=\"ul1\">\n<li class=\"li1\"><span class=\"s2\"><span class=\"s2\"><span class=\"s2\"><strong><strong>Fonction Sensorielle Du R\u00e9cipient :<strong>\u200b<\/strong><br \/>\n<\/strong><\/strong><\/span><\/span><\/span><span class=\"s2\"><span class=\"ui-provider a b c d e f g h i j k l m n o p q r s t u v w x y z ab ac ae af ag ah ai aj ak\" dir=\"ltr\">Comme tous les mod\u00e8les HUROM, Le power mixer est enti\u00e8rement fabriqu\u00e9 \u00e0 partir de mat\u00e9riaux sans BPA<\/span><\/span><\/li>\n<\/ul>\n<p>&nbsp;<\/p>\n<ul class=\"ul1\">\n<li class=\"li1\"><span class=\"s2\"><span class=\"s2\"><span class=\"s2\"><strong><strong>Lavable Au Lave-Vaisselle :<\/strong><\/strong><\/span><\/span><\/span><span class=\"s2\"><span class=\"s2\"><br \/>\n<\/span><\/span>STRUCTURE DE LAME D\u00c9TACHABLE permettant au r\u00e9cipient et \u00e0 la lame de\u00a0 passer au lave-vaisselle, ce qui facilite le nettoyage\u200b<\/li>\n<\/ul>\n<p>&nbsp;<\/p>\n<ul class=\"ul1\">\n<li class=\"li1\"><span class=\"s2\"><span class=\"s2\"><span class=\"s2\"><strong><strong>Touche Unique :<\/strong><\/strong><\/span><\/span><\/span><span class=\"s2\"><span class=\"s2\"><br \/>\n<\/span><\/span>Facilite l\u2019utilisation par tout le monde, ce qui am\u00e9liore le confort d\u2019utilisation\u200b<\/li>\n<\/ul>\n<p>&nbsp;<\/p>\n<ul class=\"ul1\">\n<li><strong>En fonction du mod\u00e8le et de la date de production, le design et les composants peuvent l\u00e9g\u00e8rement changer et diff\u00e9rer de la photo.<\/strong><\/li>\n<\/ul>\n","protected":false},"excerpt":{"rendered":"<p>Puissant moteur de 900W, vitesse de 20,000 tr\/min. :\u200b Broie instantan\u00e9ment les ingr\u00e9dients durs\u200b &nbsp; Lames Hexa En Acier Inoxydable Haute R\u00e9sistance : \u200bCr\u00e9ent un tourbillon pour un concassage plus rapide et plus stable\u200b &nbsp; Protection Anti-Surchauffe : La technologie de moteur s\u00e9curis\u00e9e coupe l&rsquo;alimentation en cas de chaleur excessive pour r\u00e9duire le risque d&rsquo;incendie. [&hellip;]<\/p>\n","protected":false},"featured_media":259713,"template":"","meta":{"_acf_changed":false,"inline_featured_image":false},"product_cat":[253],"product_tag":[],"class_list":{"0":"post-71244","1":"product","2":"type-product","3":"status-publish","4":"has-post-thumbnail","6":"product_cat-autres","8":"first","9":"instock","10":"sale","11":"taxable","12":"shipping-taxable","13":"purchasable","14":"product-type-variable","15":"has-default-attributes"},"acf":[],"yoast_head":"<!-- This site is optimized with the Yoast SEO plugin v26.6 - https:\/\/yoast.com\/wordpress\/plugins\/seo\/ -->\n<title>Hurom Power Blender - Hurom Europe<\/title>\n<meta name=\"description\" content=\"D\u00e9couvrez une nouvelle technologie de m\u00e9lange, suffisamment puissante pour broyer m\u00eame de la glace dure. Profitez d\u2019une utilisation facile et d\u2019une performance accrue.\" \/>\n<meta name=\"robots\" content=\"index, follow, max-snippet:-1, max-image-preview:large, max-video-preview:-1\" \/>\n<link rel=\"canonical\" href=\"https:\/\/www.hurom-europe.com\/fr\/produit\/hurom-power-blender\/\" \/>\n<meta property=\"og:locale\" content=\"fr_FR\" \/>\n<meta property=\"og:type\" content=\"article\" \/>\n<meta property=\"og:title\" content=\"Hurom Power Blender - Hurom Europe\" \/>\n<meta property=\"og:description\" content=\"D\u00e9couvrez une nouvelle technologie de m\u00e9lange, suffisamment puissante pour broyer m\u00eame de la glace dure. Profitez d\u2019une utilisation facile et d\u2019une performance accrue.\" \/>\n<meta property=\"og:url\" content=\"https:\/\/www.hurom-europe.com\/fr\/produit\/hurom-power-blender\/\" \/>\n<meta property=\"og:site_name\" content=\"Hurom Europe\" \/>\n<meta property=\"article:modified_time\" content=\"2026-05-09T13:45:18+00:00\" \/>\n<meta property=\"og:image\" content=\"https:\/\/www.hurom-europe.com\/wp-content\/uploads\/2024\/07\/PB_T1.jpg\" \/>\n\t<meta property=\"og:image:width\" content=\"1200\" \/>\n\t<meta property=\"og:image:height\" content=\"1200\" \/>\n\t<meta property=\"og:image:type\" content=\"image\/jpeg\" \/>\n<meta name=\"twitter:card\" content=\"summary_large_image\" \/>\n<meta name=\"twitter:label1\" content=\"Dur\u00e9e de lecture estim\u00e9e\" \/>\n\t<meta name=\"twitter:data1\" content=\"1 minute\" \/>\n<script type=\"application\/ld+json\" class=\"yoast-schema-graph\">{\"@context\":\"https:\/\/schema.org\",\"@graph\":[{\"@type\":\"WebPage\",\"@id\":\"https:\/\/www.hurom-europe.com\/fr\/produit\/hurom-power-blender\/\",\"url\":\"https:\/\/www.hurom-europe.com\/fr\/produit\/hurom-power-blender\/\",\"name\":\"Hurom Power Blender - Hurom Europe\",\"isPartOf\":{\"@id\":\"https:\/\/www.hurom-europe.com\/fr\/#website\"},\"primaryImageOfPage\":{\"@id\":\"https:\/\/www.hurom-europe.com\/fr\/produit\/hurom-power-blender\/#primaryimage\"},\"image\":{\"@id\":\"https:\/\/www.hurom-europe.com\/fr\/produit\/hurom-power-blender\/#primaryimage\"},\"thumbnailUrl\":\"https:\/\/www.hurom-europe.com\/wp-content\/uploads\/2024\/06\/Powerblender_Thumbnail_Titangrau1.jpg\",\"datePublished\":\"2024-06-04T06:43:13+00:00\",\"dateModified\":\"2026-05-09T13:45:18+00:00\",\"description\":\"D\u00e9couvrez une nouvelle technologie de m\u00e9lange, suffisamment puissante pour broyer m\u00eame de la glace dure. Profitez d\u2019une utilisation facile et d\u2019une performance accrue.\",\"breadcrumb\":{\"@id\":\"https:\/\/www.hurom-europe.com\/fr\/produit\/hurom-power-blender\/#breadcrumb\"},\"inLanguage\":\"fr-FR\",\"potentialAction\":[{\"@type\":\"ReadAction\",\"target\":[\"https:\/\/www.hurom-europe.com\/fr\/produit\/hurom-power-blender\/\"]}]},{\"@type\":\"ImageObject\",\"inLanguage\":\"fr-FR\",\"@id\":\"https:\/\/www.hurom-europe.com\/fr\/produit\/hurom-power-blender\/#primaryimage\",\"url\":\"https:\/\/www.hurom-europe.com\/wp-content\/uploads\/2024\/06\/Powerblender_Thumbnail_Titangrau1.jpg\",\"contentUrl\":\"https:\/\/www.hurom-europe.com\/wp-content\/uploads\/2024\/06\/Powerblender_Thumbnail_Titangrau1.jpg\",\"width\":1200,\"height\":1200},{\"@type\":\"BreadcrumbList\",\"@id\":\"https:\/\/www.hurom-europe.com\/fr\/produit\/hurom-power-blender\/#breadcrumb\",\"itemListElement\":[{\"@type\":\"ListItem\",\"position\":1,\"name\":\"Home\",\"item\":\"https:\/\/www.hurom-europe.com\/fr\/\"},{\"@type\":\"ListItem\",\"position\":2,\"name\":\"Boutique\",\"item\":\"https:\/\/www.hurom-europe.com\/fr\/shop\/\"},{\"@type\":\"ListItem\",\"position\":3,\"name\":\"Hurom Power Blender\"}]},{\"@type\":\"WebSite\",\"@id\":\"https:\/\/www.hurom-europe.com\/fr\/#website\",\"url\":\"https:\/\/www.hurom-europe.com\/fr\/\",\"name\":\"Hurom Europe\",\"description\":\"Healthy Way of Life with Slow Juicers\",\"potentialAction\":[{\"@type\":\"SearchAction\",\"target\":{\"@type\":\"EntryPoint\",\"urlTemplate\":\"https:\/\/www.hurom-europe.com\/fr\/?s={search_term_string}\"},\"query-input\":{\"@type\":\"PropertyValueSpecification\",\"valueRequired\":true,\"valueName\":\"search_term_string\"}}],\"inLanguage\":\"fr-FR\"}]}<\/script>\n<!-- \/ Yoast SEO plugin. -->","yoast_head_json":{"title":"Hurom Power Blender - Hurom Europe","description":"D\u00e9couvrez une nouvelle technologie de m\u00e9lange, suffisamment puissante pour broyer m\u00eame de la glace dure. Profitez d\u2019une utilisation facile et d\u2019une performance accrue.","robots":{"index":"index","follow":"follow","max-snippet":"max-snippet:-1","max-image-preview":"max-image-preview:large","max-video-preview":"max-video-preview:-1"},"canonical":"https:\/\/www.hurom-europe.com\/fr\/produit\/hurom-power-blender\/","og_locale":"fr_FR","og_type":"article","og_title":"Hurom Power Blender - Hurom Europe","og_description":"D\u00e9couvrez une nouvelle technologie de m\u00e9lange, suffisamment puissante pour broyer m\u00eame de la glace dure. Profitez d\u2019une utilisation facile et d\u2019une performance accrue.","og_url":"https:\/\/www.hurom-europe.com\/fr\/produit\/hurom-power-blender\/","og_site_name":"Hurom Europe","article_modified_time":"2026-05-09T13:45:18+00:00","og_image":[{"width":1200,"height":1200,"url":"https:\/\/www.hurom-europe.com\/wp-content\/uploads\/2024\/07\/PB_T1.jpg","type":"image\/jpeg"}],"twitter_card":"summary_large_image","twitter_misc":{"Dur\u00e9e de lecture estim\u00e9e":"1 minute"},"schema":{"@context":"https:\/\/schema.org","@graph":[{"@type":"WebPage","@id":"https:\/\/www.hurom-europe.com\/fr\/produit\/hurom-power-blender\/","url":"https:\/\/www.hurom-europe.com\/fr\/produit\/hurom-power-blender\/","name":"Hurom Power Blender - Hurom Europe","isPartOf":{"@id":"https:\/\/www.hurom-europe.com\/fr\/#website"},"primaryImageOfPage":{"@id":"https:\/\/www.hurom-europe.com\/fr\/produit\/hurom-power-blender\/#primaryimage"},"image":{"@id":"https:\/\/www.hurom-europe.com\/fr\/produit\/hurom-power-blender\/#primaryimage"},"thumbnailUrl":"https:\/\/www.hurom-europe.com\/wp-content\/uploads\/2024\/06\/Powerblender_Thumbnail_Titangrau1.jpg","datePublished":"2024-06-04T06:43:13+00:00","dateModified":"2026-05-09T13:45:18+00:00","description":"D\u00e9couvrez une nouvelle technologie de m\u00e9lange, suffisamment puissante pour broyer m\u00eame de la glace dure. Profitez d\u2019une utilisation facile et d\u2019une performance accrue.","breadcrumb":{"@id":"https:\/\/www.hurom-europe.com\/fr\/produit\/hurom-power-blender\/#breadcrumb"},"inLanguage":"fr-FR","potentialAction":[{"@type":"ReadAction","target":["https:\/\/www.hurom-europe.com\/fr\/produit\/hurom-power-blender\/"]}]},{"@type":"ImageObject","inLanguage":"fr-FR","@id":"https:\/\/www.hurom-europe.com\/fr\/produit\/hurom-power-blender\/#primaryimage","url":"https:\/\/www.hurom-europe.com\/wp-content\/uploads\/2024\/06\/Powerblender_Thumbnail_Titangrau1.jpg","contentUrl":"https:\/\/www.hurom-europe.com\/wp-content\/uploads\/2024\/06\/Powerblender_Thumbnail_Titangrau1.jpg","width":1200,"height":1200},{"@type":"BreadcrumbList","@id":"https:\/\/www.hurom-europe.com\/fr\/produit\/hurom-power-blender\/#breadcrumb","itemListElement":[{"@type":"ListItem","position":1,"name":"Home","item":"https:\/\/www.hurom-europe.com\/fr\/"},{"@type":"ListItem","position":2,"name":"Boutique","item":"https:\/\/www.hurom-europe.com\/fr\/shop\/"},{"@type":"ListItem","position":3,"name":"Hurom Power Blender"}]},{"@type":"WebSite","@id":"https:\/\/www.hurom-europe.com\/fr\/#website","url":"https:\/\/www.hurom-europe.com\/fr\/","name":"Hurom Europe","description":"Healthy Way of Life with Slow Juicers","potentialAction":[{"@type":"SearchAction","target":{"@type":"EntryPoint","urlTemplate":"https:\/\/www.hurom-europe.com\/fr\/?s={search_term_string}"},"query-input":{"@type":"PropertyValueSpecification","valueRequired":true,"valueName":"search_term_string"}}],"inLanguage":"fr-FR"}]}},"_links":{"self":[{"href":"https:\/\/www.hurom-europe.com\/fr\/wp-json\/wp\/v2\/product\/71244","targetHints":{"allow":["GET"]}}],"collection":[{"href":"https:\/\/www.hurom-europe.com\/fr\/wp-json\/wp\/v2\/product"}],"about":[{"href":"https:\/\/www.hurom-europe.com\/fr\/wp-json\/wp\/v2\/types\/product"}],"wp:featuredmedia":[{"embeddable":true,"href":"https:\/\/www.hurom-europe.com\/fr\/wp-json\/wp\/v2\/media\/259713"}],"wp:attachment":[{"href":"https:\/\/www.hurom-europe.com\/fr\/wp-json\/wp\/v2\/media?parent=71244"}],"wp:term":[{"taxonomy":"product_cat","embeddable":true,"href":"https:\/\/www.hurom-europe.com\/fr\/wp-json\/wp\/v2\/product_cat?post=71244"},{"taxonomy":"product_tag","embeddable":true,"href":"https:\/\/www.hurom-europe.com\/fr\/wp-json\/wp\/v2\/product_tag?post=71244"}],"curies":[{"name":"wp","href":"https:\/\/api.w.org\/{rel}","templated":true}]}}