{"id":61366,"date":"2024-04-30T14:40:54","date_gmt":"2024-04-30T12:40:54","guid":{"rendered":"https:\/\/www.hurom-europe.com\/?post_type=product&#038;p=61366"},"modified":"2026-04-12T14:16:27","modified_gmt":"2026-04-12T12:16:27","slug":"edition-speciale-serie-h330p","status":"publish","type":"product","link":"https:\/\/www.hurom-europe.com\/fr\/produit\/edition-speciale-serie-h330p\/","title":{"rendered":"S\u00e9rie H330P"},"content":{"rendered":"<ul class=\"ul1\">\n<li class=\"li1\"><strong>Emballage \u00e9cologique :<\/strong><br \/>\nNous prot\u00e9geons l\u2019environnement avec des mat\u00e9riaux d\u2019emballage respectueux de l\u2019environnement.<\/li>\n<\/ul>\n<p>&nbsp;<\/p>\n<ul class=\"ul1\">\n<li class=\"li1\"><strong>Remarquablement intelligent et pratique :<\/strong><br \/>\nLes fruits et l\u00e9gumes de grandes tailles peuvent \u00eatre ajout\u00e9s entiers sans besoin de d\u00e9coupe ni d\u2019extraction.<\/li>\n<\/ul>\n<p>&nbsp;<\/p>\n<ul class=\"ul1\">\n<li class=\"li1\"><strong>Utilisations vari\u00e9es :<\/strong><br \/>\nDiverses possibilit\u00e9s de recettes, du jus au lait de noix en passant par la cr\u00e8me glac\u00e9e. Les ingr\u00e9dients cuits peuvent \u00eatre combin\u00e9s \u00e0 d\u2019autres ingr\u00e9dients pour cr\u00e9er un m\u00e9lange sain et savoureux.<\/li>\n<\/ul>\n<p>&nbsp;<\/p>\n<ul class=\"ul1\">\n<li class=\"li1\"><span class=\"s2\"><strong>S\u00e9curit\u00e9\u00a0:<\/strong><br \/>\nComme pour tous les autres slow juicers Hurom, le H330P est enti\u00e8rement fabriqu\u00e9 \u00e0 partir de mat\u00e9riaux sans BPA.<br \/>\n<\/span><\/li>\n<\/ul>\n<p>&nbsp;<\/p>\n<ul class=\"ul1\">\n<li><strong>En fonction du mod\u00e8le et de la date de production, le design et les composants peuvent l\u00e9g\u00e8rement changer et diff\u00e9rer de la photo.<\/strong><\/li>\n<\/ul>\n","protected":false},"excerpt":{"rendered":"<p>Emballage \u00e9cologique : Nous prot\u00e9geons l\u2019environnement avec des mat\u00e9riaux d\u2019emballage respectueux de l\u2019environnement. &nbsp; Remarquablement intelligent et pratique : Les fruits et l\u00e9gumes de grandes tailles peuvent \u00eatre ajout\u00e9s entiers sans besoin de d\u00e9coupe ni d\u2019extraction. &nbsp; Utilisations vari\u00e9es : Diverses possibilit\u00e9s de recettes, du jus au lait de noix en passant par la cr\u00e8me [&hellip;]<\/p>\n","protected":false},"featured_media":133879,"template":"","meta":{"_acf_changed":false,"inline_featured_image":false},"product_cat":[178],"product_tag":[],"class_list":{"0":"post-61366","1":"product","2":"type-product","3":"status-publish","4":"has-post-thumbnail","6":"product_cat-la-gamme-pure-press","8":"first","9":"instock","10":"taxable","11":"shipping-taxable","12":"purchasable","13":"product-type-variable","14":"has-default-attributes"},"acf":[],"yoast_head":"<!-- This site is optimized with the Yoast SEO plugin v26.6 - https:\/\/yoast.com\/wordpress\/plugins\/seo\/ -->\n<title>S\u00e9rie H330P - Hurom Europe<\/title>\n<meta name=\"description\" content=\"Le nouveau Slow Juicer H330P de Hurom combin\u00e9 \u00e0 une m\u00e9ga tr\u00e9mie intelligente de grande capacit\u00e9 et \u00e0 un filtre de type maille avec fonction de coupe intelligente et automatique.\" \/>\n<meta name=\"robots\" content=\"index, follow, max-snippet:-1, max-image-preview:large, max-video-preview:-1\" \/>\n<link rel=\"canonical\" href=\"https:\/\/www.hurom-europe.com\/fr\/produit\/edition-speciale-serie-h330p\/\" \/>\n<meta property=\"og:locale\" content=\"fr_FR\" \/>\n<meta property=\"og:type\" content=\"article\" \/>\n<meta property=\"og:title\" content=\"S\u00e9rie H330P - Hurom Europe\" \/>\n<meta property=\"og:description\" content=\"Le nouveau Slow Juicer H330P de Hurom combin\u00e9 \u00e0 une m\u00e9ga tr\u00e9mie intelligente de grande capacit\u00e9 et \u00e0 un filtre de type maille avec fonction de coupe intelligente et automatique.\" \/>\n<meta property=\"og:url\" content=\"https:\/\/www.hurom-europe.com\/fr\/produit\/edition-speciale-serie-h330p\/\" \/>\n<meta property=\"og:site_name\" content=\"Hurom Europe\" \/>\n<meta property=\"article:modified_time\" content=\"2026-04-12T12:16:27+00:00\" \/>\n<meta property=\"og:image\" content=\"https:\/\/www.hurom-europe.com\/wp-content\/uploads\/2024\/04\/H330P_DB1.jpg\" \/>\n\t<meta property=\"og:image:width\" content=\"1200\" \/>\n\t<meta property=\"og:image:height\" content=\"1200\" \/>\n\t<meta property=\"og:image:type\" content=\"image\/jpeg\" \/>\n<meta name=\"twitter:card\" content=\"summary_large_image\" \/>\n<meta name=\"twitter:label1\" content=\"Dur\u00e9e de lecture estim\u00e9e\" \/>\n\t<meta name=\"twitter:data1\" content=\"1 minute\" \/>\n<script type=\"application\/ld+json\" class=\"yoast-schema-graph\">{\"@context\":\"https:\/\/schema.org\",\"@graph\":[{\"@type\":\"WebPage\",\"@id\":\"https:\/\/www.hurom-europe.com\/fr\/produit\/edition-speciale-serie-h330p\/\",\"url\":\"https:\/\/www.hurom-europe.com\/fr\/produit\/edition-speciale-serie-h330p\/\",\"name\":\"S\u00e9rie H330P - Hurom Europe\",\"isPartOf\":{\"@id\":\"https:\/\/www.hurom-europe.com\/fr\/#website\"},\"primaryImageOfPage\":{\"@id\":\"https:\/\/www.hurom-europe.com\/fr\/produit\/edition-speciale-serie-h330p\/#primaryimage\"},\"image\":{\"@id\":\"https:\/\/www.hurom-europe.com\/fr\/produit\/edition-speciale-serie-h330p\/#primaryimage\"},\"thumbnailUrl\":\"https:\/\/www.hurom-europe.com\/wp-content\/uploads\/2024\/04\/H330P_DB1.jpg\",\"datePublished\":\"2024-04-30T12:40:54+00:00\",\"dateModified\":\"2026-04-12T12:16:27+00:00\",\"description\":\"Le nouveau Slow Juicer H330P de Hurom combin\u00e9 \u00e0 une m\u00e9ga tr\u00e9mie intelligente de grande capacit\u00e9 et \u00e0 un filtre de type maille avec fonction de coupe intelligente et automatique.\",\"breadcrumb\":{\"@id\":\"https:\/\/www.hurom-europe.com\/fr\/produit\/edition-speciale-serie-h330p\/#breadcrumb\"},\"inLanguage\":\"fr-FR\",\"potentialAction\":[{\"@type\":\"ReadAction\",\"target\":[\"https:\/\/www.hurom-europe.com\/fr\/produit\/edition-speciale-serie-h330p\/\"]}]},{\"@type\":\"ImageObject\",\"inLanguage\":\"fr-FR\",\"@id\":\"https:\/\/www.hurom-europe.com\/fr\/produit\/edition-speciale-serie-h330p\/#primaryimage\",\"url\":\"https:\/\/www.hurom-europe.com\/wp-content\/uploads\/2024\/04\/H330P_DB1.jpg\",\"contentUrl\":\"https:\/\/www.hurom-europe.com\/wp-content\/uploads\/2024\/04\/H330P_DB1.jpg\",\"width\":1200,\"height\":1200},{\"@type\":\"BreadcrumbList\",\"@id\":\"https:\/\/www.hurom-europe.com\/fr\/produit\/edition-speciale-serie-h330p\/#breadcrumb\",\"itemListElement\":[{\"@type\":\"ListItem\",\"position\":1,\"name\":\"Home\",\"item\":\"https:\/\/www.hurom-europe.com\/fr\/\"},{\"@type\":\"ListItem\",\"position\":2,\"name\":\"Boutique\",\"item\":\"https:\/\/www.hurom-europe.com\/fr\/shop\/\"},{\"@type\":\"ListItem\",\"position\":3,\"name\":\"S\u00e9rie H330P\"}]},{\"@type\":\"WebSite\",\"@id\":\"https:\/\/www.hurom-europe.com\/fr\/#website\",\"url\":\"https:\/\/www.hurom-europe.com\/fr\/\",\"name\":\"Hurom Europe\",\"description\":\"Healthy Way of Life with Slow Juicers\",\"potentialAction\":[{\"@type\":\"SearchAction\",\"target\":{\"@type\":\"EntryPoint\",\"urlTemplate\":\"https:\/\/www.hurom-europe.com\/fr\/?s={search_term_string}\"},\"query-input\":{\"@type\":\"PropertyValueSpecification\",\"valueRequired\":true,\"valueName\":\"search_term_string\"}}],\"inLanguage\":\"fr-FR\"}]}<\/script>\n<!-- \/ Yoast SEO plugin. -->","yoast_head_json":{"title":"S\u00e9rie H330P - Hurom Europe","description":"Le nouveau Slow Juicer H330P de Hurom combin\u00e9 \u00e0 une m\u00e9ga tr\u00e9mie intelligente de grande capacit\u00e9 et \u00e0 un filtre de type maille avec fonction de coupe intelligente et automatique.","robots":{"index":"index","follow":"follow","max-snippet":"max-snippet:-1","max-image-preview":"max-image-preview:large","max-video-preview":"max-video-preview:-1"},"canonical":"https:\/\/www.hurom-europe.com\/fr\/produit\/edition-speciale-serie-h330p\/","og_locale":"fr_FR","og_type":"article","og_title":"S\u00e9rie H330P - Hurom Europe","og_description":"Le nouveau Slow Juicer H330P de Hurom combin\u00e9 \u00e0 une m\u00e9ga tr\u00e9mie intelligente de grande capacit\u00e9 et \u00e0 un filtre de type maille avec fonction de coupe intelligente et automatique.","og_url":"https:\/\/www.hurom-europe.com\/fr\/produit\/edition-speciale-serie-h330p\/","og_site_name":"Hurom Europe","article_modified_time":"2026-04-12T12:16:27+00:00","og_image":[{"width":1200,"height":1200,"url":"https:\/\/www.hurom-europe.com\/wp-content\/uploads\/2024\/04\/H330P_DB1.jpg","type":"image\/jpeg"}],"twitter_card":"summary_large_image","twitter_misc":{"Dur\u00e9e de lecture estim\u00e9e":"1 minute"},"schema":{"@context":"https:\/\/schema.org","@graph":[{"@type":"WebPage","@id":"https:\/\/www.hurom-europe.com\/fr\/produit\/edition-speciale-serie-h330p\/","url":"https:\/\/www.hurom-europe.com\/fr\/produit\/edition-speciale-serie-h330p\/","name":"S\u00e9rie H330P - Hurom Europe","isPartOf":{"@id":"https:\/\/www.hurom-europe.com\/fr\/#website"},"primaryImageOfPage":{"@id":"https:\/\/www.hurom-europe.com\/fr\/produit\/edition-speciale-serie-h330p\/#primaryimage"},"image":{"@id":"https:\/\/www.hurom-europe.com\/fr\/produit\/edition-speciale-serie-h330p\/#primaryimage"},"thumbnailUrl":"https:\/\/www.hurom-europe.com\/wp-content\/uploads\/2024\/04\/H330P_DB1.jpg","datePublished":"2024-04-30T12:40:54+00:00","dateModified":"2026-04-12T12:16:27+00:00","description":"Le nouveau Slow Juicer H330P de Hurom combin\u00e9 \u00e0 une m\u00e9ga tr\u00e9mie intelligente de grande capacit\u00e9 et \u00e0 un filtre de type maille avec fonction de coupe intelligente et automatique.","breadcrumb":{"@id":"https:\/\/www.hurom-europe.com\/fr\/produit\/edition-speciale-serie-h330p\/#breadcrumb"},"inLanguage":"fr-FR","potentialAction":[{"@type":"ReadAction","target":["https:\/\/www.hurom-europe.com\/fr\/produit\/edition-speciale-serie-h330p\/"]}]},{"@type":"ImageObject","inLanguage":"fr-FR","@id":"https:\/\/www.hurom-europe.com\/fr\/produit\/edition-speciale-serie-h330p\/#primaryimage","url":"https:\/\/www.hurom-europe.com\/wp-content\/uploads\/2024\/04\/H330P_DB1.jpg","contentUrl":"https:\/\/www.hurom-europe.com\/wp-content\/uploads\/2024\/04\/H330P_DB1.jpg","width":1200,"height":1200},{"@type":"BreadcrumbList","@id":"https:\/\/www.hurom-europe.com\/fr\/produit\/edition-speciale-serie-h330p\/#breadcrumb","itemListElement":[{"@type":"ListItem","position":1,"name":"Home","item":"https:\/\/www.hurom-europe.com\/fr\/"},{"@type":"ListItem","position":2,"name":"Boutique","item":"https:\/\/www.hurom-europe.com\/fr\/shop\/"},{"@type":"ListItem","position":3,"name":"S\u00e9rie H330P"}]},{"@type":"WebSite","@id":"https:\/\/www.hurom-europe.com\/fr\/#website","url":"https:\/\/www.hurom-europe.com\/fr\/","name":"Hurom Europe","description":"Healthy Way of Life with Slow Juicers","potentialAction":[{"@type":"SearchAction","target":{"@type":"EntryPoint","urlTemplate":"https:\/\/www.hurom-europe.com\/fr\/?s={search_term_string}"},"query-input":{"@type":"PropertyValueSpecification","valueRequired":true,"valueName":"search_term_string"}}],"inLanguage":"fr-FR"}]}},"_links":{"self":[{"href":"https:\/\/www.hurom-europe.com\/fr\/wp-json\/wp\/v2\/product\/61366","targetHints":{"allow":["GET"]}}],"collection":[{"href":"https:\/\/www.hurom-europe.com\/fr\/wp-json\/wp\/v2\/product"}],"about":[{"href":"https:\/\/www.hurom-europe.com\/fr\/wp-json\/wp\/v2\/types\/product"}],"wp:featuredmedia":[{"embeddable":true,"href":"https:\/\/www.hurom-europe.com\/fr\/wp-json\/wp\/v2\/media\/133879"}],"wp:attachment":[{"href":"https:\/\/www.hurom-europe.com\/fr\/wp-json\/wp\/v2\/media?parent=61366"}],"wp:term":[{"taxonomy":"product_cat","embeddable":true,"href":"https:\/\/www.hurom-europe.com\/fr\/wp-json\/wp\/v2\/product_cat?post=61366"},{"taxonomy":"product_tag","embeddable":true,"href":"https:\/\/www.hurom-europe.com\/fr\/wp-json\/wp\/v2\/product_tag?post=61366"}],"curies":[{"name":"wp","href":"https:\/\/api.w.org\/{rel}","templated":true}]}}