{"id":6076,"date":"2022-03-23T09:16:02","date_gmt":"2022-03-23T08:16:02","guid":{"rendered":"https:\/\/www.hurom-europe.com\/?post_type=product&#038;p=6076"},"modified":"2026-04-14T21:26:28","modified_gmt":"2026-04-14T19:26:28","slug":"serie-h310a","status":"publish","type":"product","link":"https:\/\/www.hurom-europe.com\/fr\/produit\/serie-h310a\/","title":{"rendered":"S\u00e9rie H310A"},"content":{"rendered":"<ul class=\"ul1\">\n<li><strong>Un design qui se fond partout\u00a0:<\/strong><br \/>\nCet extracteur \u00e0 la forme harmonieuse trouve parfaitement sa place dans toutes les cuisines gr\u00e2ce \u00e0 sa structure compacte, \u00e0 sa gamme de couleurs attrayantes et \u00e0 son bouton simple mais intuitif.<\/li>\n<\/ul>\n<p>&nbsp;<\/p>\n<ul class=\"ul1\">\n<li><strong>Une technologie de pointe :<br \/>\n<\/strong><span class=\"TextRun BCX0 SCXP135365351\" lang=\"EN-US\" xml:lang=\"EN-US\" data-usefontface=\"true\" data-contrast=\"none\"><span class=\"NormalTextRun BCX0 SCXP135365351\"><span class=\"TextRun MacChromeBold SCXW13981593 BCX0\" lang=\"EN-US\" xml:lang=\"EN-US\" data-contrast=\"auto\"><span class=\"NormalTextRun SCXW13981593 BCX0\">La nouvelle vis <\/span><span class=\"NormalTextRun SpellingErrorV2Themed SCXW13981593 BCX0\">brevet\u00e9e<\/span><span class=\"NormalTextRun SCXW13981593 BCX0\"> combine <\/span><span class=\"NormalTextRun SpellingErrorV2Themed SCXW13981593 BCX0\">une<\/span><span class=\"NormalTextRun SCXW13981593 BCX0\"> vis de <\/span><span class=\"NormalTextRun SpellingErrorV2Themed SCXW13981593 BCX0\">broyage<\/span><\/span> <span class=\"TextRun MacChromeBold SCXW13981593 BCX0\" lang=\"EN-US\" xml:lang=\"EN-US\" data-contrast=\"auto\"><span class=\"NormalTextRun SpellingErrorV2Themed SCXW13981593 BCX0\">ainsi<\/span><span class=\"NormalTextRun SCXW13981593 BCX0\"> que <\/span><span class=\"NormalTextRun SpellingErrorV2Themed SCXW13981593 BCX0\">plusieurs<\/span><\/span> <span class=\"TextRun MacChromeBold SCXW13981593 BCX0\" lang=\"EN-US\" xml:lang=\"EN-US\" data-contrast=\"auto\"><span class=\"NormalTextRun SpellingErrorV2Themed SCXW13981593 BCX0\">fonctions<\/span><span class=\"NormalTextRun SCXW13981593 BCX0\"> de tamis <\/span><span class=\"NormalTextRun SpellingErrorV2Themed SCXW13981593 BCX0\">en<\/span><span class=\"NormalTextRun SCXW13981593 BCX0\"> un seul <\/span><span class=\"NormalTextRun SpellingErrorV2Themed SCXW13981593 BCX0\">ustensile<\/span><\/span><span class=\"TextRun MacChromeBold SCXW13981593 BCX0\" lang=\"KO-KR\" xml:lang=\"KO-KR\" data-contrast=\"auto\"><span class=\"NormalTextRun SCXW13981593 BCX0\">.<\/span><\/span><\/span><\/span><\/li>\n<\/ul>\n<p>&nbsp;<\/p>\n<ul>\n<li><span class=\"s2\"><strong>Un extracteur de jus astucieux\u00a0:\u00a0<\/strong><br \/>\nPlus besoin de pr\u00e9parer longuement vos aliments. Cet appareil les coupe automatiquement avant d\u2019en extraire le jus.<br \/>\n<\/span><\/li>\n<\/ul>\n<p>&nbsp;<\/p>\n<ul class=\"ul1\">\n<li class=\"li1\"><span class=\"s2\"><strong>Un nettoyage simplifi\u00e9\u00a0:\u00a0<\/strong><br \/>\nIl n\u2019y a que trois\u00a0pi\u00e8ces \u00e0 nettoyer. Elles sont faciles \u00e0 monter et d\u00e9monter. <\/span><\/li>\n<\/ul>\n<p>&nbsp;<\/p>\n<ul class=\"ul1\">\n<li class=\"li1\"><span class=\"s2\"><strong>S\u00e9curit\u00e9\u00a0:\u00a0<\/strong><br \/>\nComme tous les autres extracteurs de jus \u00e0 froid Hurom, le H310A ne contient pas de BPA.<\/span><\/li>\n<\/ul>\n<p>&nbsp;<\/p>\n<ul class=\"ul1\">\n<li><strong>En fonction du mod\u00e8le et de la date de production, l\u2019aspect et les pi\u00e8ces de l\u2019appareil peuvent l\u00e9g\u00e8rement varier par rapport \u00e0 la photo.<\/strong><\/li>\n<\/ul>\n","protected":false},"excerpt":{"rendered":"<p>Un design qui se fond partout\u00a0: Cet extracteur \u00e0 la forme harmonieuse trouve parfaitement sa place dans toutes les cuisines gr\u00e2ce \u00e0 sa structure compacte, \u00e0 sa gamme de couleurs attrayantes et \u00e0 son bouton simple mais intuitif. &nbsp; Une technologie de pointe : La nouvelle vis brevet\u00e9e combine une vis de broyage ainsi que [&hellip;]<\/p>\n","protected":false},"featured_media":134038,"template":"","meta":{"_acf_changed":false,"inline_featured_image":false},"product_cat":[174],"product_tag":[],"class_list":{"0":"post-6076","1":"product","2":"type-product","3":"status-publish","4":"has-post-thumbnail","6":"product_cat-la-gamme-easy-press","8":"first","9":"instock","10":"taxable","11":"shipping-taxable","12":"purchasable","13":"product-type-variable","14":"has-default-attributes"},"acf":[],"yoast_head":"<!-- This site is optimized with the Yoast SEO plugin v26.6 - https:\/\/yoast.com\/wordpress\/plugins\/seo\/ -->\n<title>S\u00e9rie H310A - Hurom Europe<\/title>\n<meta name=\"description\" content=\"Les fonctions de l&#039;extracteur de jus H310A vont bien au-del\u00e0 de la simple extraction de jus. Ne vous fiez pas \u00e0 sa taille, le H310A conserve toutes les fonctionnalit\u00e9s d&#039;un grand! Bonne d\u00e9gustation\" \/>\n<meta name=\"robots\" content=\"index, follow, max-snippet:-1, max-image-preview:large, max-video-preview:-1\" \/>\n<link rel=\"canonical\" href=\"https:\/\/www.hurom-europe.com\/fr\/produit\/serie-h310a\/\" \/>\n<meta property=\"og:locale\" content=\"fr_FR\" \/>\n<meta property=\"og:type\" content=\"article\" \/>\n<meta property=\"og:title\" content=\"S\u00e9rie H310A - Hurom Europe\" \/>\n<meta property=\"og:description\" content=\"Les fonctions de l&#039;extracteur de jus H310A vont bien au-del\u00e0 de la simple extraction de jus. Ne vous fiez pas \u00e0 sa taille, le H310A conserve toutes les fonctionnalit\u00e9s d&#039;un grand! Bonne d\u00e9gustation\" \/>\n<meta property=\"og:url\" content=\"https:\/\/www.hurom-europe.com\/fr\/produit\/serie-h310a\/\" \/>\n<meta property=\"og:site_name\" content=\"Hurom Europe\" \/>\n<meta property=\"article:modified_time\" content=\"2026-04-14T19:26:28+00:00\" \/>\n<meta property=\"og:image\" content=\"https:\/\/www.hurom-europe.com\/wp-content\/uploads\/2026\/02\/H310A_sale_White01.jpg\" \/>\n\t<meta property=\"og:image:width\" content=\"1200\" \/>\n\t<meta property=\"og:image:height\" content=\"1200\" \/>\n\t<meta property=\"og:image:type\" content=\"image\/jpeg\" \/>\n<meta name=\"twitter:card\" content=\"summary_large_image\" \/>\n<meta name=\"twitter:label1\" content=\"Dur\u00e9e de lecture estim\u00e9e\" \/>\n\t<meta name=\"twitter:data1\" content=\"1 minute\" \/>\n<script type=\"application\/ld+json\" class=\"yoast-schema-graph\">{\"@context\":\"https:\/\/schema.org\",\"@graph\":[{\"@type\":\"WebPage\",\"@id\":\"https:\/\/www.hurom-europe.com\/fr\/produit\/serie-h310a\/\",\"url\":\"https:\/\/www.hurom-europe.com\/fr\/produit\/serie-h310a\/\",\"name\":\"S\u00e9rie H310A - Hurom Europe\",\"isPartOf\":{\"@id\":\"https:\/\/www.hurom-europe.com\/fr\/#website\"},\"primaryImageOfPage\":{\"@id\":\"https:\/\/www.hurom-europe.com\/fr\/produit\/serie-h310a\/#primaryimage\"},\"image\":{\"@id\":\"https:\/\/www.hurom-europe.com\/fr\/produit\/serie-h310a\/#primaryimage\"},\"thumbnailUrl\":\"https:\/\/www.hurom-europe.com\/wp-content\/uploads\/2022\/03\/H310A_White1.jpg\",\"datePublished\":\"2022-03-23T08:16:02+00:00\",\"dateModified\":\"2026-04-14T19:26:28+00:00\",\"description\":\"Les fonctions de l'extracteur de jus H310A vont bien au-del\u00e0 de la simple extraction de jus. Ne vous fiez pas \u00e0 sa taille, le H310A conserve toutes les fonctionnalit\u00e9s d'un grand! Bonne d\u00e9gustation\",\"breadcrumb\":{\"@id\":\"https:\/\/www.hurom-europe.com\/fr\/produit\/serie-h310a\/#breadcrumb\"},\"inLanguage\":\"fr-FR\",\"potentialAction\":[{\"@type\":\"ReadAction\",\"target\":[\"https:\/\/www.hurom-europe.com\/fr\/produit\/serie-h310a\/\"]}]},{\"@type\":\"ImageObject\",\"inLanguage\":\"fr-FR\",\"@id\":\"https:\/\/www.hurom-europe.com\/fr\/produit\/serie-h310a\/#primaryimage\",\"url\":\"https:\/\/www.hurom-europe.com\/wp-content\/uploads\/2022\/03\/H310A_White1.jpg\",\"contentUrl\":\"https:\/\/www.hurom-europe.com\/wp-content\/uploads\/2022\/03\/H310A_White1.jpg\",\"width\":1200,\"height\":1200},{\"@type\":\"BreadcrumbList\",\"@id\":\"https:\/\/www.hurom-europe.com\/fr\/produit\/serie-h310a\/#breadcrumb\",\"itemListElement\":[{\"@type\":\"ListItem\",\"position\":1,\"name\":\"Home\",\"item\":\"https:\/\/www.hurom-europe.com\/fr\/\"},{\"@type\":\"ListItem\",\"position\":2,\"name\":\"Boutique\",\"item\":\"https:\/\/www.hurom-europe.com\/fr\/shop\/\"},{\"@type\":\"ListItem\",\"position\":3,\"name\":\"S\u00e9rie H310A\"}]},{\"@type\":\"WebSite\",\"@id\":\"https:\/\/www.hurom-europe.com\/fr\/#website\",\"url\":\"https:\/\/www.hurom-europe.com\/fr\/\",\"name\":\"Hurom Europe\",\"description\":\"Healthy Way of Life with Slow Juicers\",\"potentialAction\":[{\"@type\":\"SearchAction\",\"target\":{\"@type\":\"EntryPoint\",\"urlTemplate\":\"https:\/\/www.hurom-europe.com\/fr\/?s={search_term_string}\"},\"query-input\":{\"@type\":\"PropertyValueSpecification\",\"valueRequired\":true,\"valueName\":\"search_term_string\"}}],\"inLanguage\":\"fr-FR\"}]}<\/script>\n<!-- \/ Yoast SEO plugin. -->","yoast_head_json":{"title":"S\u00e9rie H310A - Hurom Europe","description":"Les fonctions de l'extracteur de jus H310A vont bien au-del\u00e0 de la simple extraction de jus. Ne vous fiez pas \u00e0 sa taille, le H310A conserve toutes les fonctionnalit\u00e9s d'un grand! Bonne d\u00e9gustation","robots":{"index":"index","follow":"follow","max-snippet":"max-snippet:-1","max-image-preview":"max-image-preview:large","max-video-preview":"max-video-preview:-1"},"canonical":"https:\/\/www.hurom-europe.com\/fr\/produit\/serie-h310a\/","og_locale":"fr_FR","og_type":"article","og_title":"S\u00e9rie H310A - Hurom Europe","og_description":"Les fonctions de l'extracteur de jus H310A vont bien au-del\u00e0 de la simple extraction de jus. Ne vous fiez pas \u00e0 sa taille, le H310A conserve toutes les fonctionnalit\u00e9s d'un grand! Bonne d\u00e9gustation","og_url":"https:\/\/www.hurom-europe.com\/fr\/produit\/serie-h310a\/","og_site_name":"Hurom Europe","article_modified_time":"2026-04-14T19:26:28+00:00","og_image":[{"width":1200,"height":1200,"url":"https:\/\/www.hurom-europe.com\/wp-content\/uploads\/2026\/02\/H310A_sale_White01.jpg","type":"image\/jpeg"}],"twitter_card":"summary_large_image","twitter_misc":{"Dur\u00e9e de lecture estim\u00e9e":"1 minute"},"schema":{"@context":"https:\/\/schema.org","@graph":[{"@type":"WebPage","@id":"https:\/\/www.hurom-europe.com\/fr\/produit\/serie-h310a\/","url":"https:\/\/www.hurom-europe.com\/fr\/produit\/serie-h310a\/","name":"S\u00e9rie H310A - Hurom Europe","isPartOf":{"@id":"https:\/\/www.hurom-europe.com\/fr\/#website"},"primaryImageOfPage":{"@id":"https:\/\/www.hurom-europe.com\/fr\/produit\/serie-h310a\/#primaryimage"},"image":{"@id":"https:\/\/www.hurom-europe.com\/fr\/produit\/serie-h310a\/#primaryimage"},"thumbnailUrl":"https:\/\/www.hurom-europe.com\/wp-content\/uploads\/2022\/03\/H310A_White1.jpg","datePublished":"2022-03-23T08:16:02+00:00","dateModified":"2026-04-14T19:26:28+00:00","description":"Les fonctions de l'extracteur de jus H310A vont bien au-del\u00e0 de la simple extraction de jus. Ne vous fiez pas \u00e0 sa taille, le H310A conserve toutes les fonctionnalit\u00e9s d'un grand! Bonne d\u00e9gustation","breadcrumb":{"@id":"https:\/\/www.hurom-europe.com\/fr\/produit\/serie-h310a\/#breadcrumb"},"inLanguage":"fr-FR","potentialAction":[{"@type":"ReadAction","target":["https:\/\/www.hurom-europe.com\/fr\/produit\/serie-h310a\/"]}]},{"@type":"ImageObject","inLanguage":"fr-FR","@id":"https:\/\/www.hurom-europe.com\/fr\/produit\/serie-h310a\/#primaryimage","url":"https:\/\/www.hurom-europe.com\/wp-content\/uploads\/2022\/03\/H310A_White1.jpg","contentUrl":"https:\/\/www.hurom-europe.com\/wp-content\/uploads\/2022\/03\/H310A_White1.jpg","width":1200,"height":1200},{"@type":"BreadcrumbList","@id":"https:\/\/www.hurom-europe.com\/fr\/produit\/serie-h310a\/#breadcrumb","itemListElement":[{"@type":"ListItem","position":1,"name":"Home","item":"https:\/\/www.hurom-europe.com\/fr\/"},{"@type":"ListItem","position":2,"name":"Boutique","item":"https:\/\/www.hurom-europe.com\/fr\/shop\/"},{"@type":"ListItem","position":3,"name":"S\u00e9rie H310A"}]},{"@type":"WebSite","@id":"https:\/\/www.hurom-europe.com\/fr\/#website","url":"https:\/\/www.hurom-europe.com\/fr\/","name":"Hurom Europe","description":"Healthy Way of Life with Slow Juicers","potentialAction":[{"@type":"SearchAction","target":{"@type":"EntryPoint","urlTemplate":"https:\/\/www.hurom-europe.com\/fr\/?s={search_term_string}"},"query-input":{"@type":"PropertyValueSpecification","valueRequired":true,"valueName":"search_term_string"}}],"inLanguage":"fr-FR"}]}},"_links":{"self":[{"href":"https:\/\/www.hurom-europe.com\/fr\/wp-json\/wp\/v2\/product\/6076","targetHints":{"allow":["GET"]}}],"collection":[{"href":"https:\/\/www.hurom-europe.com\/fr\/wp-json\/wp\/v2\/product"}],"about":[{"href":"https:\/\/www.hurom-europe.com\/fr\/wp-json\/wp\/v2\/types\/product"}],"wp:featuredmedia":[{"embeddable":true,"href":"https:\/\/www.hurom-europe.com\/fr\/wp-json\/wp\/v2\/media\/134038"}],"wp:attachment":[{"href":"https:\/\/www.hurom-europe.com\/fr\/wp-json\/wp\/v2\/media?parent=6076"}],"wp:term":[{"taxonomy":"product_cat","embeddable":true,"href":"https:\/\/www.hurom-europe.com\/fr\/wp-json\/wp\/v2\/product_cat?post=6076"},{"taxonomy":"product_tag","embeddable":true,"href":"https:\/\/www.hurom-europe.com\/fr\/wp-json\/wp\/v2\/product_tag?post=6076"}],"curies":[{"name":"wp","href":"https:\/\/api.w.org\/{rel}","templated":true}]}}