{"id":50551,"date":"2024-01-18T13:13:26","date_gmt":"2024-01-18T12:13:26","guid":{"rendered":"https:\/\/www.hurom-europe.com\/?post_type=product&#038;p=50551"},"modified":"2026-04-07T23:04:18","modified_gmt":"2026-04-07T21:04:18","slug":"nouveau-serie-h400","status":"publish","type":"product","link":"https:\/\/www.hurom-europe.com\/fr\/produit\/nouveau-serie-h400\/","title":{"rendered":"S\u00e9rie H400"},"content":{"rendered":"<ul class=\"ul1\">\n<li class=\"li1\"><strong>Des nutriments naturels issus des fruits et l\u00e9gumes :<\/strong><br \/>\nUne pression lente pour extraire un jus plus concentr\u00e9, avec un minimum de fibres.<\/li>\n<\/ul>\n<p>&nbsp;<\/p>\n<ul class=\"ul1\">\n<li class=\"li1\"><strong>Des recettes adapt\u00e9es \u00e0 votre sant\u00e9 :<\/strong><br \/>\nDes jus de fruits et du lait de noix, m\u00eame des glaces (sorbet)!<\/li>\n<\/ul>\n<p>&nbsp;<\/p>\n<ul class=\"ul1\">\n<li class=\"li1\"><strong>Utilisation et lavage faciles et pratiques :<\/strong><br \/>\n<span class=\"TextRun SpellingErrorZoomed BCX0 SCXP67669402\" lang=\"KO-KR\" xml:lang=\"KO-KR\" data-usefontface=\"true\" data-contrast=\"none\"><span class=\"BCX0 SCXP67669402\">Seulement<\/span><\/span><span class=\"TextRun BCX0 SCXP67669402\" lang=\"KO-KR\" xml:lang=\"KO-KR\" data-usefontface=\"true\" data-contrast=\"none\"><span class=\"NormalTextRun BCX0 SCXP67669402\"> 3\u202f<\/span><\/span><span class=\"TextRun SpellingErrorZoomed BCX0 SCXP67669402\" lang=\"KO-KR\" xml:lang=\"KO-KR\" data-usefontface=\"true\" data-contrast=\"none\"><span class=\"BCX0 SCXP67669402\">pi\u00e8ces<\/span><\/span><span class=\"TextRun BCX0 SCXP67669402\" lang=\"KO-KR\" xml:lang=\"KO-KR\" data-usefontface=\"true\" data-contrast=\"none\"><span class=\"NormalTextRun BCX0 SCXP67669402\"> (<\/span><\/span><span class=\"TextRun SpellingErrorZoomed BCX0 SCXP67669402\" lang=\"KO-KR\" xml:lang=\"KO-KR\" data-usefontface=\"true\" data-contrast=\"none\"><span class=\"BCX0 SCXP67669402\">chambre<\/span><\/span><span class=\"TextRun BCX0 SCXP67669402\" lang=\"KO-KR\" xml:lang=\"KO-KR\" data-usefontface=\"true\" data-contrast=\"none\"><span class=\"NormalTextRun BCX0 SCXP67669402\">, <\/span><\/span><span class=\"TextRun BCX0 SCXP67669402\" lang=\"EN-US\" xml:lang=\"EN-US\" data-usefontface=\"true\" data-contrast=\"none\"><span class=\"NormalTextRun BCX0 SCXP67669402\">vis<\/span><\/span> <span class=\"TextRun SpellingErrorZoomed BCX0 SCXP67669402\" lang=\"KO-KR\" xml:lang=\"KO-KR\" data-usefontface=\"true\" data-contrast=\"none\"><span class=\"BCX0 SCXP67669402\">sup\u00e9rieure<\/span><\/span> <span class=\"TextRun SpellingErrorZoomed BCX0 SCXP67669402\" lang=\"KO-KR\" xml:lang=\"KO-KR\" data-usefontface=\"true\" data-contrast=\"none\"><span class=\"BCX0 SCXP67669402\">et<\/span><\/span> <span class=\"TextRun SpellingErrorZoomed BCX0 SCXP67669402\" lang=\"KO-KR\" xml:lang=\"KO-KR\" data-usefontface=\"true\" data-contrast=\"none\"><span class=\"BCX0 SCXP67669402\">inf\u00e9rieure<\/span><\/span><span class=\"TextRun BCX0 SCXP67669402\" lang=\"KO-KR\" xml:lang=\"KO-KR\" data-usefontface=\"true\" data-contrast=\"none\"><span class=\"NormalTextRun BCX0 SCXP67669402\">) <\/span><\/span><span class=\"TextRun SpellingErrorZoomed BCX0 SCXP67669402\" lang=\"KO-KR\" xml:lang=\"KO-KR\" data-usefontface=\"true\" data-contrast=\"none\"><span class=\"BCX0 SCXP67669402\">\u00e0<\/span><\/span> <span class=\"TextRun SpellingErrorZoomed BCX0 SCXP67669402\" lang=\"KO-KR\" xml:lang=\"KO-KR\" data-usefontface=\"true\" data-contrast=\"none\"><span class=\"BCX0 SCXP67669402\">laver<\/span><\/span><span class=\"TextRun BCX0 SCXP67669402\" lang=\"KO-KR\" xml:lang=\"KO-KR\" data-usefontface=\"true\" data-contrast=\"none\"><span class=\"NormalTextRun BCX0 SCXP67669402\">\u202f! <\/span><\/span><span class=\"TextRun SpellingErrorZoomed BCX0 SCXP67669402\" lang=\"EN-US\" xml:lang=\"EN-US\" data-usefontface=\"true\" data-contrast=\"none\"><span class=\"BCX0 SCXP67669402\">Nettoyage<\/span><\/span> <span class=\"TextRun SpellingErrorZoomed BCX0 SCXP67669402\" lang=\"EN-US\" xml:lang=\"EN-US\" data-usefontface=\"true\" data-contrast=\"none\"><span class=\"BCX0 SCXP67669402\">simplifi\u00e9<\/span><\/span><span class=\"TextRun BCX0 SCXP67669402\" lang=\"EN-US\" xml:lang=\"EN-US\" data-usefontface=\"true\" data-contrast=\"none\"><span class=\"NormalTextRun BCX0 SCXP67669402\">,<\/span><\/span> <span class=\"TextRun BCX0 SCXP67669402\" lang=\"EN-US\" xml:lang=\"EN-US\" data-usefontface=\"true\" data-contrast=\"none\"><span class=\"NormalTextRun BCX0 SCXP67669402\">montage<\/span><\/span> <span class=\"TextRun BCX0 SCXP67669402\" lang=\"EN-US\" xml:lang=\"EN-US\" data-usefontface=\"true\" data-contrast=\"none\"><span class=\"NormalTextRun BCX0 SCXP67669402\">et<\/span><\/span> <span class=\"TextRun SpellingErrorZoomed BCX0 SCXP67669402\" lang=\"EN-US\" xml:lang=\"EN-US\" data-usefontface=\"true\" data-contrast=\"none\"><span class=\"BCX0 SCXP67669402\">d\u00e9montage<\/span><\/span> <span class=\"TextRun SpellingErrorZoomed BCX0 SCXP67669402\" lang=\"EN-US\" xml:lang=\"EN-US\" data-usefontface=\"true\" data-contrast=\"none\"><span class=\"BCX0 SCXP67669402\">faciles<\/span><\/span> <span class=\"TextRun BCX0 SCXP67669402\" lang=\"EN-US\" xml:lang=\"EN-US\" data-usefontface=\"true\" data-contrast=\"none\"><span class=\"NormalTextRun BCX0 SCXP67669402\">et<\/span><\/span> <span class=\"TextRun BCX0 SCXP67669402\" lang=\"EN-US\" xml:lang=\"EN-US\" data-usefontface=\"true\" data-contrast=\"none\"><span class=\"NormalTextRun BCX0 SCXP67669402\">pratiques.<\/span><\/span><\/li>\n<\/ul>\n<p>&nbsp;<\/p>\n<ul class=\"ul1\">\n<li class=\"li1\"><strong>Une nouveaut\u00e9 qui s\u2019int\u00e8gre parfaitement \u00e0 votre cuisine :<\/strong><br \/>\nSon format fin et compact permet une utilisation polyvalente dans n\u2019importe quel espace.<\/li>\n<\/ul>\n<p>&nbsp;<\/p>\n<ul class=\"ul1\">\n<li class=\"li1\"><span class=\"s2\"><strong>S\u00e9curit\u00e9\u00a0:<\/strong><br \/>\nComme de nombreux autres extracteurs de jus Hurom, le H400 est enti\u00e8rement fabriqu\u00e9 en mat\u00e9riaux sans BPA.<br \/>\n<\/span><\/li>\n<\/ul>\n<p>&nbsp;<\/p>\n<ul class=\"ul1\">\n<li><strong>En fonction du mod\u00e8le et de la date de production, le design et les composants peuvent l\u00e9g\u00e8rement changer et diff\u00e9rer de la photo.<\/strong><\/li>\n<\/ul>\n","protected":false},"excerpt":{"rendered":"<p>Des nutriments naturels issus des fruits et l\u00e9gumes : Une pression lente pour extraire un jus plus concentr\u00e9, avec un minimum de fibres. &nbsp; Des recettes adapt\u00e9es \u00e0 votre sant\u00e9 : Des jus de fruits et du lait de noix, m\u00eame des glaces (sorbet)! &nbsp; Utilisation et lavage faciles et pratiques : Seulement 3\u202fpi\u00e8ces (chambre, [&hellip;]<\/p>\n","protected":false},"featured_media":219457,"template":"","meta":{"_acf_changed":false,"inline_featured_image":false},"product_cat":[174],"product_tag":[],"class_list":{"0":"post-50551","1":"product","2":"type-product","3":"status-publish","4":"has-post-thumbnail","6":"product_cat-la-gamme-easy-press","8":"first","9":"instock","10":"taxable","11":"shipping-taxable","12":"purchasable","13":"product-type-variable","14":"has-default-attributes"},"acf":[],"yoast_head":"<!-- This site is optimized with the Yoast SEO plugin v26.6 - https:\/\/yoast.com\/wordpress\/plugins\/seo\/ -->\n<title>S\u00e9rie H400 - Hurom Europe<\/title>\n<meta name=\"description\" content=\"Le tout nouveau extracteur de jus H400 de Hurom am\u00e8ne une qualit\u00e9 de pression \u00e0 froid jamais encore in\u00e9gal\u00e9e. Son volume, ses lames de pr\u00e9-d\u00e9coupage, et ses tamis de filtration extr\u00eamement fin vont vous amener \u00e0 une exp\u00e9rience gustative encore in\u00e9gal\u00e9e. Bonne d\u00e9gustation!\" \/>\n<meta name=\"robots\" content=\"index, follow, max-snippet:-1, max-image-preview:large, max-video-preview:-1\" \/>\n<link rel=\"canonical\" href=\"https:\/\/www.hurom-europe.com\/fr\/produit\/nouveau-serie-h400\/\" \/>\n<meta property=\"og:locale\" content=\"fr_FR\" \/>\n<meta property=\"og:type\" content=\"article\" \/>\n<meta property=\"og:title\" content=\"S\u00e9rie H400 - Hurom Europe\" \/>\n<meta property=\"og:description\" content=\"Le tout nouveau extracteur de jus H400 de Hurom am\u00e8ne une qualit\u00e9 de pression \u00e0 froid jamais encore in\u00e9gal\u00e9e. Son volume, ses lames de pr\u00e9-d\u00e9coupage, et ses tamis de filtration extr\u00eamement fin vont vous amener \u00e0 une exp\u00e9rience gustative encore in\u00e9gal\u00e9e. Bonne d\u00e9gustation!\" \/>\n<meta property=\"og:url\" content=\"https:\/\/www.hurom-europe.com\/fr\/produit\/nouveau-serie-h400\/\" \/>\n<meta property=\"og:site_name\" content=\"Hurom Europe\" \/>\n<meta property=\"article:modified_time\" content=\"2026-04-07T21:04:18+00:00\" \/>\n<meta property=\"og:image\" content=\"https:\/\/www.hurom-europe.com\/wp-content\/uploads\/2024\/01\/H400_T01.jpg\" \/>\n\t<meta property=\"og:image:width\" content=\"1200\" \/>\n\t<meta property=\"og:image:height\" content=\"1200\" \/>\n\t<meta property=\"og:image:type\" content=\"image\/jpeg\" \/>\n<meta name=\"twitter:card\" content=\"summary_large_image\" \/>\n<meta name=\"twitter:label1\" content=\"Dur\u00e9e de lecture estim\u00e9e\" \/>\n\t<meta name=\"twitter:data1\" content=\"1 minute\" \/>\n<script type=\"application\/ld+json\" class=\"yoast-schema-graph\">{\"@context\":\"https:\/\/schema.org\",\"@graph\":[{\"@type\":\"WebPage\",\"@id\":\"https:\/\/www.hurom-europe.com\/fr\/produit\/nouveau-serie-h400\/\",\"url\":\"https:\/\/www.hurom-europe.com\/fr\/produit\/nouveau-serie-h400\/\",\"name\":\"S\u00e9rie H400 - Hurom Europe\",\"isPartOf\":{\"@id\":\"https:\/\/www.hurom-europe.com\/fr\/#website\"},\"primaryImageOfPage\":{\"@id\":\"https:\/\/www.hurom-europe.com\/fr\/produit\/nouveau-serie-h400\/#primaryimage\"},\"image\":{\"@id\":\"https:\/\/www.hurom-europe.com\/fr\/produit\/nouveau-serie-h400\/#primaryimage\"},\"thumbnailUrl\":\"https:\/\/www.hurom-europe.com\/wp-content\/uploads\/2025\/12\/Thumbnail_gift_H400_Titanium01.jpg\",\"datePublished\":\"2024-01-18T12:13:26+00:00\",\"dateModified\":\"2026-04-07T21:04:18+00:00\",\"description\":\"Le tout nouveau extracteur de jus H400 de Hurom am\u00e8ne une qualit\u00e9 de pression \u00e0 froid jamais encore in\u00e9gal\u00e9e. Son volume, ses lames de pr\u00e9-d\u00e9coupage, et ses tamis de filtration extr\u00eamement fin vont vous amener \u00e0 une exp\u00e9rience gustative encore in\u00e9gal\u00e9e. Bonne d\u00e9gustation!\",\"breadcrumb\":{\"@id\":\"https:\/\/www.hurom-europe.com\/fr\/produit\/nouveau-serie-h400\/#breadcrumb\"},\"inLanguage\":\"fr-FR\",\"potentialAction\":[{\"@type\":\"ReadAction\",\"target\":[\"https:\/\/www.hurom-europe.com\/fr\/produit\/nouveau-serie-h400\/\"]}]},{\"@type\":\"ImageObject\",\"inLanguage\":\"fr-FR\",\"@id\":\"https:\/\/www.hurom-europe.com\/fr\/produit\/nouveau-serie-h400\/#primaryimage\",\"url\":\"https:\/\/www.hurom-europe.com\/wp-content\/uploads\/2025\/12\/Thumbnail_gift_H400_Titanium01.jpg\",\"contentUrl\":\"https:\/\/www.hurom-europe.com\/wp-content\/uploads\/2025\/12\/Thumbnail_gift_H400_Titanium01.jpg\",\"width\":1200,\"height\":1200},{\"@type\":\"BreadcrumbList\",\"@id\":\"https:\/\/www.hurom-europe.com\/fr\/produit\/nouveau-serie-h400\/#breadcrumb\",\"itemListElement\":[{\"@type\":\"ListItem\",\"position\":1,\"name\":\"Home\",\"item\":\"https:\/\/www.hurom-europe.com\/fr\/\"},{\"@type\":\"ListItem\",\"position\":2,\"name\":\"Boutique\",\"item\":\"https:\/\/www.hurom-europe.com\/fr\/shop\/\"},{\"@type\":\"ListItem\",\"position\":3,\"name\":\"S\u00e9rie H400\"}]},{\"@type\":\"WebSite\",\"@id\":\"https:\/\/www.hurom-europe.com\/fr\/#website\",\"url\":\"https:\/\/www.hurom-europe.com\/fr\/\",\"name\":\"Hurom Europe\",\"description\":\"Healthy Way of Life with Slow Juicers\",\"potentialAction\":[{\"@type\":\"SearchAction\",\"target\":{\"@type\":\"EntryPoint\",\"urlTemplate\":\"https:\/\/www.hurom-europe.com\/fr\/?s={search_term_string}\"},\"query-input\":{\"@type\":\"PropertyValueSpecification\",\"valueRequired\":true,\"valueName\":\"search_term_string\"}}],\"inLanguage\":\"fr-FR\"}]}<\/script>\n<!-- \/ Yoast SEO plugin. -->","yoast_head_json":{"title":"S\u00e9rie H400 - Hurom Europe","description":"Le tout nouveau extracteur de jus H400 de Hurom am\u00e8ne une qualit\u00e9 de pression \u00e0 froid jamais encore in\u00e9gal\u00e9e. Son volume, ses lames de pr\u00e9-d\u00e9coupage, et ses tamis de filtration extr\u00eamement fin vont vous amener \u00e0 une exp\u00e9rience gustative encore in\u00e9gal\u00e9e. Bonne d\u00e9gustation!","robots":{"index":"index","follow":"follow","max-snippet":"max-snippet:-1","max-image-preview":"max-image-preview:large","max-video-preview":"max-video-preview:-1"},"canonical":"https:\/\/www.hurom-europe.com\/fr\/produit\/nouveau-serie-h400\/","og_locale":"fr_FR","og_type":"article","og_title":"S\u00e9rie H400 - Hurom Europe","og_description":"Le tout nouveau extracteur de jus H400 de Hurom am\u00e8ne une qualit\u00e9 de pression \u00e0 froid jamais encore in\u00e9gal\u00e9e. Son volume, ses lames de pr\u00e9-d\u00e9coupage, et ses tamis de filtration extr\u00eamement fin vont vous amener \u00e0 une exp\u00e9rience gustative encore in\u00e9gal\u00e9e. Bonne d\u00e9gustation!","og_url":"https:\/\/www.hurom-europe.com\/fr\/produit\/nouveau-serie-h400\/","og_site_name":"Hurom Europe","article_modified_time":"2026-04-07T21:04:18+00:00","og_image":[{"width":1200,"height":1200,"url":"https:\/\/www.hurom-europe.com\/wp-content\/uploads\/2024\/01\/H400_T01.jpg","type":"image\/jpeg"}],"twitter_card":"summary_large_image","twitter_misc":{"Dur\u00e9e de lecture estim\u00e9e":"1 minute"},"schema":{"@context":"https:\/\/schema.org","@graph":[{"@type":"WebPage","@id":"https:\/\/www.hurom-europe.com\/fr\/produit\/nouveau-serie-h400\/","url":"https:\/\/www.hurom-europe.com\/fr\/produit\/nouveau-serie-h400\/","name":"S\u00e9rie H400 - Hurom Europe","isPartOf":{"@id":"https:\/\/www.hurom-europe.com\/fr\/#website"},"primaryImageOfPage":{"@id":"https:\/\/www.hurom-europe.com\/fr\/produit\/nouveau-serie-h400\/#primaryimage"},"image":{"@id":"https:\/\/www.hurom-europe.com\/fr\/produit\/nouveau-serie-h400\/#primaryimage"},"thumbnailUrl":"https:\/\/www.hurom-europe.com\/wp-content\/uploads\/2025\/12\/Thumbnail_gift_H400_Titanium01.jpg","datePublished":"2024-01-18T12:13:26+00:00","dateModified":"2026-04-07T21:04:18+00:00","description":"Le tout nouveau extracteur de jus H400 de Hurom am\u00e8ne une qualit\u00e9 de pression \u00e0 froid jamais encore in\u00e9gal\u00e9e. Son volume, ses lames de pr\u00e9-d\u00e9coupage, et ses tamis de filtration extr\u00eamement fin vont vous amener \u00e0 une exp\u00e9rience gustative encore in\u00e9gal\u00e9e. Bonne d\u00e9gustation!","breadcrumb":{"@id":"https:\/\/www.hurom-europe.com\/fr\/produit\/nouveau-serie-h400\/#breadcrumb"},"inLanguage":"fr-FR","potentialAction":[{"@type":"ReadAction","target":["https:\/\/www.hurom-europe.com\/fr\/produit\/nouveau-serie-h400\/"]}]},{"@type":"ImageObject","inLanguage":"fr-FR","@id":"https:\/\/www.hurom-europe.com\/fr\/produit\/nouveau-serie-h400\/#primaryimage","url":"https:\/\/www.hurom-europe.com\/wp-content\/uploads\/2025\/12\/Thumbnail_gift_H400_Titanium01.jpg","contentUrl":"https:\/\/www.hurom-europe.com\/wp-content\/uploads\/2025\/12\/Thumbnail_gift_H400_Titanium01.jpg","width":1200,"height":1200},{"@type":"BreadcrumbList","@id":"https:\/\/www.hurom-europe.com\/fr\/produit\/nouveau-serie-h400\/#breadcrumb","itemListElement":[{"@type":"ListItem","position":1,"name":"Home","item":"https:\/\/www.hurom-europe.com\/fr\/"},{"@type":"ListItem","position":2,"name":"Boutique","item":"https:\/\/www.hurom-europe.com\/fr\/shop\/"},{"@type":"ListItem","position":3,"name":"S\u00e9rie H400"}]},{"@type":"WebSite","@id":"https:\/\/www.hurom-europe.com\/fr\/#website","url":"https:\/\/www.hurom-europe.com\/fr\/","name":"Hurom Europe","description":"Healthy Way of Life with Slow Juicers","potentialAction":[{"@type":"SearchAction","target":{"@type":"EntryPoint","urlTemplate":"https:\/\/www.hurom-europe.com\/fr\/?s={search_term_string}"},"query-input":{"@type":"PropertyValueSpecification","valueRequired":true,"valueName":"search_term_string"}}],"inLanguage":"fr-FR"}]}},"_links":{"self":[{"href":"https:\/\/www.hurom-europe.com\/fr\/wp-json\/wp\/v2\/product\/50551","targetHints":{"allow":["GET"]}}],"collection":[{"href":"https:\/\/www.hurom-europe.com\/fr\/wp-json\/wp\/v2\/product"}],"about":[{"href":"https:\/\/www.hurom-europe.com\/fr\/wp-json\/wp\/v2\/types\/product"}],"wp:featuredmedia":[{"embeddable":true,"href":"https:\/\/www.hurom-europe.com\/fr\/wp-json\/wp\/v2\/media\/219457"}],"wp:attachment":[{"href":"https:\/\/www.hurom-europe.com\/fr\/wp-json\/wp\/v2\/media?parent=50551"}],"wp:term":[{"taxonomy":"product_cat","embeddable":true,"href":"https:\/\/www.hurom-europe.com\/fr\/wp-json\/wp\/v2\/product_cat?post=50551"},{"taxonomy":"product_tag","embeddable":true,"href":"https:\/\/www.hurom-europe.com\/fr\/wp-json\/wp\/v2\/product_tag?post=50551"}],"curies":[{"name":"wp","href":"https:\/\/api.w.org\/{rel}","templated":true}]}}