{"id":46955,"date":"2023-12-29T09:26:45","date_gmt":"2023-12-29T08:26:46","guid":{"rendered":"https:\/\/www.hurom-europe.com\/?post_type=product&#038;p=46955"},"modified":"2025-05-24T18:15:33","modified_gmt":"2025-05-24T16:15:33","slug":"hurom-mug-isotherme-gratuit-valeur-e20-copy","status":"publish","type":"product","link":"https:\/\/www.hurom-europe.com\/fr\/produit\/hurom-mug-isotherme-gratuit-valeur-e20-copy\/","title":{"rendered":"Les cadeaux ne sont valables que pour l&rsquo;achat d&rsquo;un extracteur de jus. L&rsquo;achat de cadeaux sans extracteur de jus sera annul\u00e9."},"content":{"rendered":"","protected":false},"excerpt":{"rendered":"","protected":false},"featured_media":0,"template":"","meta":{"_acf_changed":false,"inline_featured_image":false},"product_cat":[253],"product_tag":[],"class_list":{"0":"post-46955","1":"product","2":"type-product","3":"status-publish","5":"product_cat-autres","7":"first","8":"instock","9":"sold-individually","10":"taxable","11":"shipping-taxable","12":"purchasable","13":"product-type-simple"},"acf":[],"yoast_head":"<!-- This site is optimized with the Yoast SEO plugin v26.6 - https:\/\/yoast.com\/wordpress\/plugins\/seo\/ -->\n<title>Les cadeaux ne sont valables que pour l&#039;achat d&#039;un extracteur de jus. L&#039;achat de cadeaux sans extracteur de jus sera annul\u00e9. - Hurom Europe<\/title>\n<meta name=\"description\" content=\"Il s&#039;agit d&#039;un mug isotherme blanc mat simple et \u00e9l\u00e9gant qui est facile \u00e0 transporter.\" \/>\n<meta name=\"robots\" content=\"index, follow, max-snippet:-1, max-image-preview:large, max-video-preview:-1\" \/>\n<link rel=\"canonical\" href=\"https:\/\/www.hurom-europe.com\/fr\/produit\/hurom-mug-isotherme-gratuit-valeur-e20-copy\/\" \/>\n<meta property=\"og:locale\" content=\"fr_FR\" \/>\n<meta property=\"og:type\" content=\"article\" \/>\n<meta property=\"og:title\" content=\"Les cadeaux ne sont valables que pour l&#039;achat d&#039;un extracteur de jus. L&#039;achat de cadeaux sans extracteur de jus sera annul\u00e9. - Hurom Europe\" \/>\n<meta property=\"og:description\" content=\"Il s&#039;agit d&#039;un mug isotherme blanc mat simple et \u00e9l\u00e9gant qui est facile \u00e0 transporter.\" \/>\n<meta property=\"og:url\" content=\"https:\/\/www.hurom-europe.com\/fr\/produit\/hurom-mug-isotherme-gratuit-valeur-e20-copy\/\" \/>\n<meta property=\"og:site_name\" content=\"Hurom Europe\" \/>\n<meta property=\"article:modified_time\" content=\"2025-05-24T16:15:33+00:00\" \/>\n<meta name=\"twitter:card\" content=\"summary_large_image\" \/>\n<meta name=\"twitter:label1\" content=\"Dur\u00e9e de lecture estim\u00e9e\" \/>\n\t<meta name=\"twitter:data1\" content=\"1 minute\" \/>\n<script type=\"application\/ld+json\" class=\"yoast-schema-graph\">{\"@context\":\"https:\/\/schema.org\",\"@graph\":[{\"@type\":\"WebPage\",\"@id\":\"https:\/\/www.hurom-europe.com\/fr\/produit\/hurom-mug-isotherme-gratuit-valeur-e20-copy\/\",\"url\":\"https:\/\/www.hurom-europe.com\/fr\/produit\/hurom-mug-isotherme-gratuit-valeur-e20-copy\/\",\"name\":\"Les cadeaux ne sont valables que pour l'achat d'un extracteur de jus. L'achat de cadeaux sans extracteur de jus sera annul\u00e9. - Hurom Europe\",\"isPartOf\":{\"@id\":\"https:\/\/www.hurom-europe.com\/fr\/#website\"},\"datePublished\":\"2023-12-29T08:26:46+00:00\",\"dateModified\":\"2025-05-24T16:15:33+00:00\",\"description\":\"Il s'agit d'un mug isotherme blanc mat simple et \u00e9l\u00e9gant qui est facile \u00e0 transporter.\",\"breadcrumb\":{\"@id\":\"https:\/\/www.hurom-europe.com\/fr\/produit\/hurom-mug-isotherme-gratuit-valeur-e20-copy\/#breadcrumb\"},\"inLanguage\":\"fr-FR\",\"potentialAction\":[{\"@type\":\"ReadAction\",\"target\":[\"https:\/\/www.hurom-europe.com\/fr\/produit\/hurom-mug-isotherme-gratuit-valeur-e20-copy\/\"]}]},{\"@type\":\"BreadcrumbList\",\"@id\":\"https:\/\/www.hurom-europe.com\/fr\/produit\/hurom-mug-isotherme-gratuit-valeur-e20-copy\/#breadcrumb\",\"itemListElement\":[{\"@type\":\"ListItem\",\"position\":1,\"name\":\"Home\",\"item\":\"https:\/\/www.hurom-europe.com\/fr\/\"},{\"@type\":\"ListItem\",\"position\":2,\"name\":\"Boutique\",\"item\":\"https:\/\/www.hurom-europe.com\/fr\/shop\/\"},{\"@type\":\"ListItem\",\"position\":3,\"name\":\"Les cadeaux ne sont valables que pour l&#8217;achat d&#8217;un extracteur de jus. L&#8217;achat de cadeaux sans extracteur de jus sera annul\u00e9.\"}]},{\"@type\":\"WebSite\",\"@id\":\"https:\/\/www.hurom-europe.com\/fr\/#website\",\"url\":\"https:\/\/www.hurom-europe.com\/fr\/\",\"name\":\"Hurom Europe\",\"description\":\"Healthy Way of Life with Slow Juicers\",\"potentialAction\":[{\"@type\":\"SearchAction\",\"target\":{\"@type\":\"EntryPoint\",\"urlTemplate\":\"https:\/\/www.hurom-europe.com\/fr\/?s={search_term_string}\"},\"query-input\":{\"@type\":\"PropertyValueSpecification\",\"valueRequired\":true,\"valueName\":\"search_term_string\"}}],\"inLanguage\":\"fr-FR\"}]}<\/script>\n<!-- \/ Yoast SEO plugin. -->","yoast_head_json":{"title":"Les cadeaux ne sont valables que pour l'achat d'un extracteur de jus. L'achat de cadeaux sans extracteur de jus sera annul\u00e9. - Hurom Europe","description":"Il s'agit d'un mug isotherme blanc mat simple et \u00e9l\u00e9gant qui est facile \u00e0 transporter.","robots":{"index":"index","follow":"follow","max-snippet":"max-snippet:-1","max-image-preview":"max-image-preview:large","max-video-preview":"max-video-preview:-1"},"canonical":"https:\/\/www.hurom-europe.com\/fr\/produit\/hurom-mug-isotherme-gratuit-valeur-e20-copy\/","og_locale":"fr_FR","og_type":"article","og_title":"Les cadeaux ne sont valables que pour l'achat d'un extracteur de jus. L'achat de cadeaux sans extracteur de jus sera annul\u00e9. - Hurom Europe","og_description":"Il s'agit d'un mug isotherme blanc mat simple et \u00e9l\u00e9gant qui est facile \u00e0 transporter.","og_url":"https:\/\/www.hurom-europe.com\/fr\/produit\/hurom-mug-isotherme-gratuit-valeur-e20-copy\/","og_site_name":"Hurom Europe","article_modified_time":"2025-05-24T16:15:33+00:00","twitter_card":"summary_large_image","twitter_misc":{"Dur\u00e9e de lecture estim\u00e9e":"1 minute"},"schema":{"@context":"https:\/\/schema.org","@graph":[{"@type":"WebPage","@id":"https:\/\/www.hurom-europe.com\/fr\/produit\/hurom-mug-isotherme-gratuit-valeur-e20-copy\/","url":"https:\/\/www.hurom-europe.com\/fr\/produit\/hurom-mug-isotherme-gratuit-valeur-e20-copy\/","name":"Les cadeaux ne sont valables que pour l'achat d'un extracteur de jus. L'achat de cadeaux sans extracteur de jus sera annul\u00e9. - Hurom Europe","isPartOf":{"@id":"https:\/\/www.hurom-europe.com\/fr\/#website"},"datePublished":"2023-12-29T08:26:46+00:00","dateModified":"2025-05-24T16:15:33+00:00","description":"Il s'agit d'un mug isotherme blanc mat simple et \u00e9l\u00e9gant qui est facile \u00e0 transporter.","breadcrumb":{"@id":"https:\/\/www.hurom-europe.com\/fr\/produit\/hurom-mug-isotherme-gratuit-valeur-e20-copy\/#breadcrumb"},"inLanguage":"fr-FR","potentialAction":[{"@type":"ReadAction","target":["https:\/\/www.hurom-europe.com\/fr\/produit\/hurom-mug-isotherme-gratuit-valeur-e20-copy\/"]}]},{"@type":"BreadcrumbList","@id":"https:\/\/www.hurom-europe.com\/fr\/produit\/hurom-mug-isotherme-gratuit-valeur-e20-copy\/#breadcrumb","itemListElement":[{"@type":"ListItem","position":1,"name":"Home","item":"https:\/\/www.hurom-europe.com\/fr\/"},{"@type":"ListItem","position":2,"name":"Boutique","item":"https:\/\/www.hurom-europe.com\/fr\/shop\/"},{"@type":"ListItem","position":3,"name":"Les cadeaux ne sont valables que pour l&#8217;achat d&#8217;un extracteur de jus. L&#8217;achat de cadeaux sans extracteur de jus sera annul\u00e9."}]},{"@type":"WebSite","@id":"https:\/\/www.hurom-europe.com\/fr\/#website","url":"https:\/\/www.hurom-europe.com\/fr\/","name":"Hurom Europe","description":"Healthy Way of Life with Slow Juicers","potentialAction":[{"@type":"SearchAction","target":{"@type":"EntryPoint","urlTemplate":"https:\/\/www.hurom-europe.com\/fr\/?s={search_term_string}"},"query-input":{"@type":"PropertyValueSpecification","valueRequired":true,"valueName":"search_term_string"}}],"inLanguage":"fr-FR"}]}},"_links":{"self":[{"href":"https:\/\/www.hurom-europe.com\/fr\/wp-json\/wp\/v2\/product\/46955","targetHints":{"allow":["GET"]}}],"collection":[{"href":"https:\/\/www.hurom-europe.com\/fr\/wp-json\/wp\/v2\/product"}],"about":[{"href":"https:\/\/www.hurom-europe.com\/fr\/wp-json\/wp\/v2\/types\/product"}],"wp:attachment":[{"href":"https:\/\/www.hurom-europe.com\/fr\/wp-json\/wp\/v2\/media?parent=46955"}],"wp:term":[{"taxonomy":"product_cat","embeddable":true,"href":"https:\/\/www.hurom-europe.com\/fr\/wp-json\/wp\/v2\/product_cat?post=46955"},{"taxonomy":"product_tag","embeddable":true,"href":"https:\/\/www.hurom-europe.com\/fr\/wp-json\/wp\/v2\/product_tag?post=46955"}],"curies":[{"name":"wp","href":"https:\/\/api.w.org\/{rel}","templated":true}]}}