{"id":254270,"date":"2026-03-20T16:27:24","date_gmt":"2026-03-20T15:27:24","guid":{"rendered":"https:\/\/www.hurom-europe.com\/?post_type=product&#038;p=254270"},"modified":"2026-04-30T21:20:16","modified_gmt":"2026-04-30T19:20:16","slug":"ro-filter","status":"publish","type":"product","link":"https:\/\/www.hurom-europe.com\/fr\/produit\/ro-filter\/","title":{"rendered":"RO Filter\u200b"},"content":{"rendered":"<p><strong><span class=\"TextRun MacChromeBold BCX0 SCXP224841412\" lang=\"FR\" xml:lang=\"FR\" data-usefontface=\"true\" data-contrast=\"none\"><span class=\"NormalTextRun BCX0 SCXP224841412\">Remarques \/ Pr\u00e9cautions<\/span><\/span><\/strong><\/p>\n<ol>\n<li><span data-usefontface=\"true\" data-contrast=\"none\">Dur\u00e9e de remplacement recommand\u00e9e : 12 \u00e0 24 mois (peut varier selon l&rsquo;utilisation et la qualit\u00e9 de l&rsquo;eau)<\/span>\u200b<\/li>\n<li><span data-usefontface=\"true\" data-contrast=\"none\">Une faible pression d&rsquo;eau peut r\u00e9duire les performances du filtre<\/span>\u200b<\/li>\n<li><span data-usefontface=\"true\" data-contrast=\"none\">Une utilisation prolong\u00e9e peut obstruer la membrane et r\u00e9duire le d\u00e9bit d&rsquo;eau<\/span>\u200b<\/li>\n<li><span data-usefontface=\"true\" data-contrast=\"none\">Ne pas utiliser le filtre au-del\u00e0 de la p\u00e9riode de remplacement recommand\u00e9e<\/span><\/li>\n<\/ol>\n","protected":false},"excerpt":{"rendered":"<p>Remarques \/ Pr\u00e9cautions Dur\u00e9e de remplacement recommand\u00e9e : 12 \u00e0 24 mois (peut varier selon l&rsquo;utilisation et la qualit\u00e9 de l&rsquo;eau)\u200b Une faible pression d&rsquo;eau peut r\u00e9duire les performances du filtre\u200b Une utilisation prolong\u00e9e peut obstruer la membrane et r\u00e9duire le d\u00e9bit d&rsquo;eau\u200b Ne pas utiliser le filtre au-del\u00e0 de la p\u00e9riode de remplacement recommand\u00e9e<\/p>\n","protected":false},"featured_media":254263,"template":"","meta":{"_acf_changed":false,"inline_featured_image":false},"product_cat":[253],"product_tag":[],"class_list":{"0":"post-254270","1":"product","2":"type-product","3":"status-publish","4":"has-post-thumbnail","6":"product_cat-autres","8":"first","9":"instock","10":"taxable","11":"shipping-taxable","12":"purchasable","13":"product-type-simple"},"acf":[],"yoast_head":"<!-- This site is optimized with the Yoast SEO plugin v26.6 - https:\/\/yoast.com\/wordpress\/plugins\/seo\/ -->\n<title>RO Filter\u200b - Hurom Europe<\/title>\n<meta name=\"description\" content=\"Remarques \/ Pr\u00e9cautions Dur\u00e9e de remplacement recommand\u00e9e : 12 \u00e0 24 mois (peut varier selon l&#039;utilisation et la qualit\u00e9 de l&#039;eau)\u200b Une faible pression\" \/>\n<meta name=\"robots\" content=\"index, follow, max-snippet:-1, max-image-preview:large, max-video-preview:-1\" \/>\n<link rel=\"canonical\" href=\"https:\/\/www.hurom-europe.com\/fr\/produit\/ro-filter\/\" \/>\n<meta property=\"og:locale\" content=\"fr_FR\" \/>\n<meta property=\"og:type\" content=\"article\" \/>\n<meta property=\"og:title\" content=\"RO Filter\u200b - Hurom Europe\" \/>\n<meta property=\"og:description\" content=\"Remarques \/ Pr\u00e9cautions Dur\u00e9e de remplacement recommand\u00e9e : 12 \u00e0 24 mois (peut varier selon l&#039;utilisation et la qualit\u00e9 de l&#039;eau)\u200b Une faible pression\" \/>\n<meta property=\"og:url\" content=\"https:\/\/www.hurom-europe.com\/fr\/produit\/ro-filter\/\" \/>\n<meta property=\"og:site_name\" content=\"Hurom Europe\" \/>\n<meta property=\"article:modified_time\" content=\"2026-04-30T19:20:16+00:00\" \/>\n<meta property=\"og:image\" content=\"https:\/\/www.hurom-europe.com\/wp-content\/uploads\/2026\/03\/deRO-filter_thumbnail01.png\" \/>\n\t<meta property=\"og:image:width\" content=\"1200\" \/>\n\t<meta property=\"og:image:height\" content=\"1200\" \/>\n\t<meta property=\"og:image:type\" content=\"image\/png\" \/>\n<meta name=\"twitter:card\" content=\"summary_large_image\" \/>\n<meta name=\"twitter:label1\" content=\"Dur\u00e9e de lecture estim\u00e9e\" \/>\n\t<meta name=\"twitter:data1\" content=\"1 minute\" \/>\n<script type=\"application\/ld+json\" class=\"yoast-schema-graph\">{\"@context\":\"https:\/\/schema.org\",\"@graph\":[{\"@type\":\"WebPage\",\"@id\":\"https:\/\/www.hurom-europe.com\/fr\/produit\/ro-filter\/\",\"url\":\"https:\/\/www.hurom-europe.com\/fr\/produit\/ro-filter\/\",\"name\":\"RO Filter\u200b - Hurom Europe\",\"isPartOf\":{\"@id\":\"https:\/\/www.hurom-europe.com\/fr\/#website\"},\"primaryImageOfPage\":{\"@id\":\"https:\/\/www.hurom-europe.com\/fr\/produit\/ro-filter\/#primaryimage\"},\"image\":{\"@id\":\"https:\/\/www.hurom-europe.com\/fr\/produit\/ro-filter\/#primaryimage\"},\"thumbnailUrl\":\"https:\/\/www.hurom-europe.com\/wp-content\/uploads\/2026\/03\/deRO-filter_thumbnail01.png\",\"datePublished\":\"2026-03-20T15:27:24+00:00\",\"dateModified\":\"2026-04-30T19:20:16+00:00\",\"description\":\"Remarques \/ Pr\u00e9cautions Dur\u00e9e de remplacement recommand\u00e9e : 12 \u00e0 24 mois (peut varier selon l'utilisation et la qualit\u00e9 de l'eau)\u200b Une faible pression\",\"breadcrumb\":{\"@id\":\"https:\/\/www.hurom-europe.com\/fr\/produit\/ro-filter\/#breadcrumb\"},\"inLanguage\":\"fr-FR\",\"potentialAction\":[{\"@type\":\"ReadAction\",\"target\":[\"https:\/\/www.hurom-europe.com\/fr\/produit\/ro-filter\/\"]}]},{\"@type\":\"ImageObject\",\"inLanguage\":\"fr-FR\",\"@id\":\"https:\/\/www.hurom-europe.com\/fr\/produit\/ro-filter\/#primaryimage\",\"url\":\"https:\/\/www.hurom-europe.com\/wp-content\/uploads\/2026\/03\/deRO-filter_thumbnail01.png\",\"contentUrl\":\"https:\/\/www.hurom-europe.com\/wp-content\/uploads\/2026\/03\/deRO-filter_thumbnail01.png\",\"width\":1200,\"height\":1200},{\"@type\":\"BreadcrumbList\",\"@id\":\"https:\/\/www.hurom-europe.com\/fr\/produit\/ro-filter\/#breadcrumb\",\"itemListElement\":[{\"@type\":\"ListItem\",\"position\":1,\"name\":\"Home\",\"item\":\"https:\/\/www.hurom-europe.com\/fr\/\"},{\"@type\":\"ListItem\",\"position\":2,\"name\":\"Boutique\",\"item\":\"https:\/\/www.hurom-europe.com\/fr\/shop\/\"},{\"@type\":\"ListItem\",\"position\":3,\"name\":\"RO Filter\u200b\"}]},{\"@type\":\"WebSite\",\"@id\":\"https:\/\/www.hurom-europe.com\/fr\/#website\",\"url\":\"https:\/\/www.hurom-europe.com\/fr\/\",\"name\":\"Hurom Europe\",\"description\":\"Healthy Way of Life with Slow Juicers\",\"potentialAction\":[{\"@type\":\"SearchAction\",\"target\":{\"@type\":\"EntryPoint\",\"urlTemplate\":\"https:\/\/www.hurom-europe.com\/fr\/?s={search_term_string}\"},\"query-input\":{\"@type\":\"PropertyValueSpecification\",\"valueRequired\":true,\"valueName\":\"search_term_string\"}}],\"inLanguage\":\"fr-FR\"}]}<\/script>\n<!-- \/ Yoast SEO plugin. -->","yoast_head_json":{"title":"RO Filter\u200b - Hurom Europe","description":"Remarques \/ Pr\u00e9cautions Dur\u00e9e de remplacement recommand\u00e9e : 12 \u00e0 24 mois (peut varier selon l'utilisation et la qualit\u00e9 de l'eau)\u200b Une faible pression","robots":{"index":"index","follow":"follow","max-snippet":"max-snippet:-1","max-image-preview":"max-image-preview:large","max-video-preview":"max-video-preview:-1"},"canonical":"https:\/\/www.hurom-europe.com\/fr\/produit\/ro-filter\/","og_locale":"fr_FR","og_type":"article","og_title":"RO Filter\u200b - Hurom Europe","og_description":"Remarques \/ Pr\u00e9cautions Dur\u00e9e de remplacement recommand\u00e9e : 12 \u00e0 24 mois (peut varier selon l'utilisation et la qualit\u00e9 de l'eau)\u200b Une faible pression","og_url":"https:\/\/www.hurom-europe.com\/fr\/produit\/ro-filter\/","og_site_name":"Hurom Europe","article_modified_time":"2026-04-30T19:20:16+00:00","og_image":[{"width":1200,"height":1200,"url":"https:\/\/www.hurom-europe.com\/wp-content\/uploads\/2026\/03\/deRO-filter_thumbnail01.png","type":"image\/png"}],"twitter_card":"summary_large_image","twitter_misc":{"Dur\u00e9e de lecture estim\u00e9e":"1 minute"},"schema":{"@context":"https:\/\/schema.org","@graph":[{"@type":"WebPage","@id":"https:\/\/www.hurom-europe.com\/fr\/produit\/ro-filter\/","url":"https:\/\/www.hurom-europe.com\/fr\/produit\/ro-filter\/","name":"RO Filter\u200b - Hurom Europe","isPartOf":{"@id":"https:\/\/www.hurom-europe.com\/fr\/#website"},"primaryImageOfPage":{"@id":"https:\/\/www.hurom-europe.com\/fr\/produit\/ro-filter\/#primaryimage"},"image":{"@id":"https:\/\/www.hurom-europe.com\/fr\/produit\/ro-filter\/#primaryimage"},"thumbnailUrl":"https:\/\/www.hurom-europe.com\/wp-content\/uploads\/2026\/03\/deRO-filter_thumbnail01.png","datePublished":"2026-03-20T15:27:24+00:00","dateModified":"2026-04-30T19:20:16+00:00","description":"Remarques \/ Pr\u00e9cautions Dur\u00e9e de remplacement recommand\u00e9e : 12 \u00e0 24 mois (peut varier selon l'utilisation et la qualit\u00e9 de l'eau)\u200b Une faible pression","breadcrumb":{"@id":"https:\/\/www.hurom-europe.com\/fr\/produit\/ro-filter\/#breadcrumb"},"inLanguage":"fr-FR","potentialAction":[{"@type":"ReadAction","target":["https:\/\/www.hurom-europe.com\/fr\/produit\/ro-filter\/"]}]},{"@type":"ImageObject","inLanguage":"fr-FR","@id":"https:\/\/www.hurom-europe.com\/fr\/produit\/ro-filter\/#primaryimage","url":"https:\/\/www.hurom-europe.com\/wp-content\/uploads\/2026\/03\/deRO-filter_thumbnail01.png","contentUrl":"https:\/\/www.hurom-europe.com\/wp-content\/uploads\/2026\/03\/deRO-filter_thumbnail01.png","width":1200,"height":1200},{"@type":"BreadcrumbList","@id":"https:\/\/www.hurom-europe.com\/fr\/produit\/ro-filter\/#breadcrumb","itemListElement":[{"@type":"ListItem","position":1,"name":"Home","item":"https:\/\/www.hurom-europe.com\/fr\/"},{"@type":"ListItem","position":2,"name":"Boutique","item":"https:\/\/www.hurom-europe.com\/fr\/shop\/"},{"@type":"ListItem","position":3,"name":"RO Filter\u200b"}]},{"@type":"WebSite","@id":"https:\/\/www.hurom-europe.com\/fr\/#website","url":"https:\/\/www.hurom-europe.com\/fr\/","name":"Hurom Europe","description":"Healthy Way of Life with Slow Juicers","potentialAction":[{"@type":"SearchAction","target":{"@type":"EntryPoint","urlTemplate":"https:\/\/www.hurom-europe.com\/fr\/?s={search_term_string}"},"query-input":{"@type":"PropertyValueSpecification","valueRequired":true,"valueName":"search_term_string"}}],"inLanguage":"fr-FR"}]}},"_links":{"self":[{"href":"https:\/\/www.hurom-europe.com\/fr\/wp-json\/wp\/v2\/product\/254270","targetHints":{"allow":["GET"]}}],"collection":[{"href":"https:\/\/www.hurom-europe.com\/fr\/wp-json\/wp\/v2\/product"}],"about":[{"href":"https:\/\/www.hurom-europe.com\/fr\/wp-json\/wp\/v2\/types\/product"}],"wp:featuredmedia":[{"embeddable":true,"href":"https:\/\/www.hurom-europe.com\/fr\/wp-json\/wp\/v2\/media\/254263"}],"wp:attachment":[{"href":"https:\/\/www.hurom-europe.com\/fr\/wp-json\/wp\/v2\/media?parent=254270"}],"wp:term":[{"taxonomy":"product_cat","embeddable":true,"href":"https:\/\/www.hurom-europe.com\/fr\/wp-json\/wp\/v2\/product_cat?post=254270"},{"taxonomy":"product_tag","embeddable":true,"href":"https:\/\/www.hurom-europe.com\/fr\/wp-json\/wp\/v2\/product_tag?post=254270"}],"curies":[{"name":"wp","href":"https:\/\/api.w.org\/{rel}","templated":true}]}}