{"id":250050,"date":"2026-03-19T14:47:44","date_gmt":"2026-03-19T13:47:44","guid":{"rendered":"https:\/\/www.hurom-europe.com\/?post_type=product&#038;p=250050"},"modified":"2026-05-03T07:17:24","modified_gmt":"2026-05-03T05:17:24","slug":"hurom-water-purifier","status":"publish","type":"product","link":"https:\/\/www.hurom-europe.com\/fr\/produit\/hurom-water-purifier\/","title":{"rendered":"[Nouveau] Purificateur d&rsquo;eau Hurom"},"content":{"rendered":"<ul>\n<li><strong><span class=\"TextRun MacChromeBold BCX0 SCXP251282178\" lang=\"KO-KR\" xml:lang=\"KO-KR\" data-usefontface=\"true\" data-contrast=\"none\"><span class=\"NormalTextRun BCX0 SCXP251282178\">Syst\u00e8me d&rsquo;eau tout-en-un:<\/span><\/span><\/strong><br \/>\n<span class=\"TextRun SCXP256551200 BCX0\" lang=\"KO-KR\" xml:lang=\"KO-KR\" data-usefontface=\"true\" data-contrast=\"none\"><span class=\"NormalTextRun SCXP256551200 BCX0\">Un seul appareil pour obtenir de l&rsquo;eau purifi\u00e9e, chaude et froide.<\/span><\/span><span class=\"EOP SCXP256551200 BCX0\">\u200b<\/span><\/li>\n<\/ul>\n<p>&nbsp;<\/p>\n<ul>\n<li><strong><span class=\"TextRun MacChromeBold SCXP214757824 BCX0\" lang=\"KO-KR\" xml:lang=\"KO-KR\" data-usefontface=\"true\" data-contrast=\"none\"><span class=\"NormalTextRun SCXP214757824 BCX0\">Temp\u00e9rature id\u00e9ale:<\/span><\/span><span class=\"EOP SCXP214757824 BCX0\">\u200b<\/span><\/strong><br \/>\n<span class=\"TextRun SCXP95239256 BCX0\" lang=\"KO-KR\" xml:lang=\"KO-KR\" data-usefontface=\"true\" data-contrast=\"none\"><span class=\"NormalTextRun SCXP95239256 BCX0\">R\u00e9glez la temp\u00e9rature avec pr\u00e9cision au 1 \u00b0C pr\u00e8s, du th\u00e9 au lait infantile, <\/span><\/span><span class=\"TextRun SCXP95239256 BCX0\" lang=\"KO-KR\" xml:lang=\"KO-KR\" data-usefontface=\"true\" data-contrast=\"none\"><span class=\"NormalTextRun SCXP95239256 BCX0\">jusqu&rsquo;\u00e0 4 \u00b0C.<\/span><\/span><\/li>\n<\/ul>\n<p>&nbsp;<\/p>\n<ul>\n<li><strong><span class=\"TextRun MacChromeBold SCXP54551238 BCX0\" lang=\"EN-US\" xml:lang=\"EN-US\" data-usefontface=\"true\" data-contrast=\"none\"><span class=\"NormalTextRun SCXP54551238 BCX0\">Filtration <\/span><\/span><span class=\"TextRun MacChromeBold SpellingErrorZoomed SCXP54551238 BCX0\" lang=\"EN-US\" xml:lang=\"EN-US\" data-usefontface=\"true\" data-contrast=\"none\"><span class=\"annotation-95622660-95b9-4076-8f89-887d187d88b4 SCXP54551238 BCX0\">en<\/span><\/span><span class=\"TextRun MacChromeBold SCXP54551238 BCX0\" lang=\"EN-US\" xml:lang=\"EN-US\" data-usefontface=\"true\" data-contrast=\"none\"><span class=\"NormalTextRun SCXP54551238 BCX0\"> trois \u00e9tapes (RO \/ PAC \/ CF):<\/span><\/span><\/strong><br \/>\n<span class=\"TextRun SCXP174850917 BCX0\" lang=\"EN-US\" xml:lang=\"EN-US\" data-usefontface=\"true\" data-contrast=\"none\"><span class=\"NormalTextRun SCXP174850917 BCX0\">Un <\/span><\/span><span class=\"TextRun SpellingErrorZoomed SCXP174850917 BCX0\" lang=\"EN-US\" xml:lang=\"EN-US\" data-usefontface=\"true\" data-contrast=\"none\"><span class=\"annotation-d7826978-d1c2-4868-aee7-a961863a7f18 SCXP174850917 BCX0\">syst\u00e8me<\/span><\/span><span class=\"TextRun SCXP174850917 BCX0\" lang=\"EN-US\" xml:lang=\"EN-US\" data-usefontface=\"true\" data-contrast=\"none\"><span class=\"NormalTextRun SCXP174850917 BCX0\"> de filtration <\/span><\/span><span class=\"TextRun SpellingErrorZoomed SCXP174850917 BCX0\" lang=\"EN-US\" xml:lang=\"EN-US\" data-usefontface=\"true\" data-contrast=\"none\"><span class=\"annotation-d7826978-d1c2-4868-aee7-a961863a7f18 SCXP174850917 BCX0\">multicouche<\/span><\/span><span class=\"TextRun SCXP174850917 BCX0\" lang=\"EN-US\" xml:lang=\"EN-US\" data-usefontface=\"true\" data-contrast=\"none\"><span class=\"NormalTextRun SCXP174850917 BCX0\"> qui <\/span><\/span><span class=\"TextRun SpellingErrorZoomed SCXP174850917 BCX0\" lang=\"EN-US\" xml:lang=\"EN-US\" data-usefontface=\"true\" data-contrast=\"none\"><span class=\"annotation-d7826978-d1c2-4868-aee7-a961863a7f18 SCXP174850917 BCX0\">retient<\/span><\/span><span class=\"TextRun SCXP174850917 BCX0\" lang=\"EN-US\" xml:lang=\"EN-US\" data-usefontface=\"true\" data-contrast=\"none\"><span class=\"NormalTextRun SCXP174850917 BCX0\"> les contaminants et les <\/span><\/span><span class=\"TextRun SpellingErrorZoomed SCXP174850917 BCX0\" lang=\"EN-US\" xml:lang=\"EN-US\" data-usefontface=\"true\" data-contrast=\"none\"><span class=\"annotation-d7826978-d1c2-4868-aee7-a961863a7f18 SCXP174850917 BCX0\">microparticules<\/span><\/span><span class=\"TextRun SCXP174850917 BCX0\" lang=\"EN-US\" xml:lang=\"EN-US\" data-usefontface=\"true\" data-contrast=\"none\"><span class=\"NormalTextRun SCXP174850917 BCX0\">.<\/span><\/span><\/li>\n<\/ul>\n<p>&nbsp;<\/p>\n<ul>\n<li><strong><span class=\"TextRun MacChromeBold SpellingErrorZoomed SCXP118160180 BCX0\" lang=\"EN-US\" xml:lang=\"EN-US\" data-usefontface=\"true\" data-contrast=\"none\"><span class=\"annotation-e0a6d751-9835-404e-b50a-7d8b9634ae72 SCXP118160180 BCX0\">R\u00e9servoir<\/span><\/span><span class=\"TextRun MacChromeBold SCXP118160180 BCX0\" lang=\"EN-US\" xml:lang=\"EN-US\" data-usefontface=\"true\" data-contrast=\"none\"><span class=\"NormalTextRun SCXP118160180 BCX0\"> haute <\/span><\/span><span class=\"TextRun MacChromeBold SpellingErrorZoomed SCXP118160180 BCX0\" lang=\"EN-US\" xml:lang=\"EN-US\" data-usefontface=\"true\" data-contrast=\"none\"><span class=\"annotation-e0a6d751-9835-404e-b50a-7d8b9634ae72 SCXP118160180 BCX0\">capacit\u00e9<\/span><\/span><span class=\"TextRun MacChromeBold SCXP118160180 BCX0\" lang=\"EN-US\" xml:lang=\"EN-US\" data-usefontface=\"true\" data-contrast=\"none\"><span class=\"NormalTextRun SCXP118160180 BCX0\"> de 8,5 L:<\/span><\/span><\/strong><br \/>\n<span class=\"EOP SCXP775257 BCX0\"><span data-teams=\"true\">Un r\u00e9servoir d\u2019eau de 8,5 L con\u00e7u pour une utilisation efficace de l\u2019eau.<\/span>\u200b<\/span><\/li>\n<\/ul>\n<p>&nbsp;<\/p>\n<ul>\n<li><strong><span class=\"TextRun MacChromeBold SCXP6340644 BCX0\" lang=\"EN-US\" xml:lang=\"EN-US\" data-usefontface=\"true\" data-contrast=\"none\"><span class=\"NormalTextRun SCXP6340644 BCX0\">Purge interne:<\/span><\/span><span class=\"EOP SCXP6340644 BCX0\">\u200b<\/span><\/strong><br \/>\n<span class=\"TextRun BCX0 SCXP242682181\" lang=\"EN-US\" xml:lang=\"EN-US\" data-usefontface=\"true\" data-contrast=\"none\"><span class=\"NormalTextRun BCX0 SCXP242682181\">La purge <\/span><\/span><span class=\"TextRun SpellingErrorZoomed BCX0 SCXP242682181\" lang=\"EN-US\" xml:lang=\"EN-US\" data-usefontface=\"true\" data-contrast=\"none\"><span class=\"annotation-70e92906-aa8f-4430-be35-b29dccb97653 BCX0 SCXP242682181\">automatique<\/span><\/span> <span class=\"TextRun SpellingErrorZoomed BCX0 SCXP242682181\" lang=\"EN-US\" xml:lang=\"EN-US\" data-usefontface=\"true\" data-contrast=\"none\"><span class=\"annotation-70e92906-aa8f-4430-be35-b29dccb97653 BCX0 SCXP242682181\">ou<\/span><\/span> <span class=\"TextRun SpellingErrorZoomed BCX0 SCXP242682181\" lang=\"EN-US\" xml:lang=\"EN-US\" data-usefontface=\"true\" data-contrast=\"none\"><span class=\"annotation-70e92906-aa8f-4430-be35-b29dccb97653 BCX0 SCXP242682181\">manuelle<\/span><\/span> <span class=\"TextRun SpellingErrorZoomed BCX0 SCXP242682181\" lang=\"EN-US\" xml:lang=\"EN-US\" data-usefontface=\"true\" data-contrast=\"none\"><span class=\"annotation-70e92906-aa8f-4430-be35-b29dccb97653 BCX0 SCXP242682181\">\u00e9limine<\/span><\/span> <span class=\"TextRun SpellingErrorZoomed BCX0 SCXP242682181\" lang=\"EN-US\" xml:lang=\"EN-US\" data-usefontface=\"true\" data-contrast=\"none\"><span class=\"annotation-70e92906-aa8f-4430-be35-b29dccb97653 BCX0 SCXP242682181\">l\u2019eau<\/span><\/span> <span class=\"TextRun SpellingErrorZoomed BCX0 SCXP242682181\" lang=\"EN-US\" xml:lang=\"EN-US\" data-usefontface=\"true\" data-contrast=\"none\"><span class=\"annotation-70e92906-aa8f-4430-be35-b29dccb97653 BCX0 SCXP242682181\">r\u00e9siduelle<\/span><\/span><span class=\"TextRun BCX0 SCXP242682181\" lang=\"EN-US\" xml:lang=\"EN-US\" data-usefontface=\"true\" data-contrast=\"none\"><span class=\"NormalTextRun BCX0 SCXP242682181\">, <\/span><\/span><span class=\"TextRun SpellingErrorZoomed BCX0 SCXP242682181\" lang=\"EN-US\" xml:lang=\"EN-US\" data-usefontface=\"true\" data-contrast=\"none\"><span class=\"annotation-70e92906-aa8f-4430-be35-b29dccb97653 BCX0 SCXP242682181\">contribuant<\/span><\/span> <span class=\"TextRun SpellingErrorZoomed BCX0 SCXP242682181\" lang=\"EN-US\" xml:lang=\"EN-US\" data-usefontface=\"true\" data-contrast=\"none\"><span class=\"annotation-70e92906-aa8f-4430-be35-b29dccb97653 BCX0 SCXP242682181\">ainsi<\/span><\/span> <span class=\"TextRun BCX0 SCXP242682181\" lang=\"EN-US\" xml:lang=\"EN-US\" data-usefontface=\"true\" data-contrast=\"none\"><span class=\"NormalTextRun BCX0 SCXP242682181\">\u00e0 <\/span><\/span><span class=\"TextRun SpellingErrorZoomed BCX0 SCXP242682181\" lang=\"EN-US\" xml:lang=\"EN-US\" data-usefontface=\"true\" data-contrast=\"none\"><span class=\"annotation-70e92906-aa8f-4430-be35-b29dccb97653 BCX0 SCXP242682181\">maintenir<\/span><\/span><span class=\"TextRun BCX0 SCXP242682181\" lang=\"EN-US\" xml:lang=\"EN-US\" data-usefontface=\"true\" data-contrast=\"none\"><span class=\"NormalTextRun BCX0 SCXP242682181\"> les <\/span><\/span><span class=\"TextRun SpellingErrorZoomed BCX0 SCXP242682181\" lang=\"EN-US\" xml:lang=\"EN-US\" data-usefontface=\"true\" data-contrast=\"none\"><span class=\"annotation-70e92906-aa8f-4430-be35-b29dccb97653 BCX0 SCXP242682181\">canalisations<\/span><\/span> <span class=\"TextRun SpellingErrorZoomed BCX0 SCXP242682181\" lang=\"EN-US\" xml:lang=\"EN-US\" data-usefontface=\"true\" data-contrast=\"none\"><span class=\"annotation-70e92906-aa8f-4430-be35-b29dccb97653 BCX0 SCXP242682181\">propres<\/span><\/span><span class=\"TextRun BCX0 SCXP242682181\" lang=\"EN-US\" xml:lang=\"EN-US\" data-usefontface=\"true\" data-contrast=\"none\"><span class=\"NormalTextRun BCX0 SCXP242682181\"> et \u00e0 <\/span><\/span><span class=\"TextRun SpellingErrorZoomed BCX0 SCXP242682181\" lang=\"EN-US\" xml:lang=\"EN-US\" data-usefontface=\"true\" data-contrast=\"none\"><span class=\"annotation-70e92906-aa8f-4430-be35-b29dccb97653 BCX0 SCXP242682181\">r\u00e9duire<\/span><\/span><span class=\"TextRun BCX0 SCXP242682181\" lang=\"EN-US\" xml:lang=\"EN-US\" data-usefontface=\"true\" data-contrast=\"none\"><span class=\"NormalTextRun BCX0 SCXP242682181\"> les <\/span><\/span><span class=\"TextRun SpellingErrorZoomed BCX0 SCXP242682181\" lang=\"EN-US\" xml:lang=\"EN-US\" data-usefontface=\"true\" data-contrast=\"none\"><span class=\"annotation-70e92906-aa8f-4430-be35-b29dccb97653 BCX0 SCXP242682181\">risques<\/span><\/span> <span class=\"TextRun SpellingErrorZoomed BCX0 SCXP242682181\" lang=\"EN-US\" xml:lang=\"EN-US\" data-usefontface=\"true\" data-contrast=\"none\"><span class=\"annotation-70e92906-aa8f-4430-be35-b29dccb97653 BCX0 SCXP242682181\">d\u2019obstruction<\/span><\/span><span class=\"TextRun BCX0 SCXP242682181\" lang=\"EN-US\" xml:lang=\"EN-US\" data-usefontface=\"true\" data-contrast=\"none\"><span class=\"NormalTextRun BCX0 SCXP242682181\">.<\/span><\/span><\/li>\n<\/ul>\n<p>&nbsp;<\/p>\n<ul>\n<li><strong><span class=\"TextRun MacChromeBold SCXP117014482 BCX0\" lang=\"EN-US\" xml:lang=\"EN-US\" data-usefontface=\"true\" data-contrast=\"none\"><span class=\"NormalTextRun SCXP117014482 BCX0\">Entretien du <\/span><\/span><span class=\"TextRun MacChromeBold SpellingErrorZoomed SCXP117014482 BCX0\" lang=\"EN-US\" xml:lang=\"EN-US\" data-usefontface=\"true\" data-contrast=\"none\"><span class=\"annotation-081f5ee1-8d46-4837-9509-fd22f94d9e1d SCXP117014482 BCX0\">r\u00e9servoir<\/span><\/span><span class=\"TextRun MacChromeBold SCXP117014482 BCX0\" lang=\"EN-US\" xml:lang=\"EN-US\" data-usefontface=\"true\" data-contrast=\"none\"><span class=\"NormalTextRun SCXP117014482 BCX0\"> UV:<\/span><\/span><\/strong><br \/>\n<span class=\"TextRun SCXP157636216 BCX0\" lang=\"EN-US\" xml:lang=\"EN-US\" data-usefontface=\"true\" data-contrast=\"none\"><span class=\"NormalTextRun SCXP157636216 BCX0\">La <\/span><\/span><span class=\"TextRun SpellingErrorZoomed SCXP157636216 BCX0\" lang=\"EN-US\" xml:lang=\"EN-US\" data-usefontface=\"true\" data-contrast=\"none\"><span class=\"annotation-45c443eb-9bcb-4cd8-8a2e-e7b8bc68a932 SCXP157636216 BCX0\">st\u00e9rilisation<\/span><\/span><span class=\"TextRun SCXP157636216 BCX0\" lang=\"EN-US\" xml:lang=\"EN-US\" data-usefontface=\"true\" data-contrast=\"none\"><span class=\"NormalTextRun SCXP157636216 BCX0\"> UV assure <\/span><\/span><span class=\"TextRun SpellingErrorZoomed SCXP157636216 BCX0\" lang=\"EN-US\" xml:lang=\"EN-US\" data-usefontface=\"true\" data-contrast=\"none\"><span class=\"annotation-45c443eb-9bcb-4cd8-8a2e-e7b8bc68a932 SCXP157636216 BCX0\">l\u2019hygi\u00e8ne<\/span><\/span><span class=\"TextRun SCXP157636216 BCX0\" lang=\"EN-US\" xml:lang=\"EN-US\" data-usefontface=\"true\" data-contrast=\"none\"><span class=\"NormalTextRun SCXP157636216 BCX0\"> du <\/span><\/span><span class=\"TextRun SpellingErrorZoomed SCXP157636216 BCX0\" lang=\"EN-US\" xml:lang=\"EN-US\" data-usefontface=\"true\" data-contrast=\"none\"><span class=\"annotation-45c443eb-9bcb-4cd8-8a2e-e7b8bc68a932 SCXP157636216 BCX0\">r\u00e9servoir<\/span><\/span><span class=\"TextRun SCXP157636216 BCX0\" lang=\"EN-US\" xml:lang=\"EN-US\" data-usefontface=\"true\" data-contrast=\"none\"><span class=\"NormalTextRun SCXP157636216 BCX0\"> d\u2019eau.<\/span><\/span><\/li>\n<\/ul>\n<p>&nbsp;<\/p>\n<ul>\n<li><strong><span class=\"TextRun MacChromeBold SCXP22644378 BCX0\" lang=\"EN-US\" xml:lang=\"EN-US\" data-usefontface=\"true\" data-contrast=\"none\"><span class=\"NormalTextRun SCXP22644378 BCX0\">S\u00e9curit\u00e9 eau <\/span><\/span><span class=\"TextRun MacChromeBold SpellingErrorZoomed SCXP22644378 BCX0\" lang=\"EN-US\" xml:lang=\"EN-US\" data-usefontface=\"true\" data-contrast=\"none\"><span class=\"annotation-00ddd4ac-2f39-4715-8420-674633bcd42c SCXP22644378 BCX0\">chaude<\/span><\/span><span class=\"TextRun MacChromeBold SCXP22644378 BCX0\" lang=\"EN-US\" xml:lang=\"EN-US\" data-usefontface=\"true\" data-contrast=\"none\"><span class=\"NormalTextRun SCXP22644378 BCX0\">:<\/span><\/span><\/strong><br \/>\n<span class=\"TextRun SCXP260690560 BCX0\" lang=\"EN-US\" xml:lang=\"EN-US\" data-usefontface=\"true\" data-contrast=\"none\"><span class=\"NormalTextRun SCXP260690560 BCX0\">Un <\/span><\/span><span class=\"TextRun SpellingErrorZoomed SCXP260690560 BCX0\" lang=\"EN-US\" xml:lang=\"EN-US\" data-usefontface=\"true\" data-contrast=\"none\"><span class=\"annotation-eff8aaa1-887d-4265-bde4-995d98635d1e SCXP260690560 BCX0\">verrouillage<\/span><\/span><span class=\"TextRun SCXP260690560 BCX0\" lang=\"EN-US\" xml:lang=\"EN-US\" data-usefontface=\"true\" data-contrast=\"none\"><span class=\"NormalTextRun SCXP260690560 BCX0\"> de s\u00e9curit\u00e9 <\/span><\/span><span class=\"TextRun SpellingErrorZoomed SCXP260690560 BCX0\" lang=\"EN-US\" xml:lang=\"EN-US\" data-usefontface=\"true\" data-contrast=\"none\"><span class=\"annotation-eff8aaa1-887d-4265-bde4-995d98635d1e SCXP260690560 BCX0\">garantit<\/span><\/span> <span class=\"TextRun SpellingErrorZoomed SCXP260690560 BCX0\" lang=\"EN-US\" xml:lang=\"EN-US\" data-usefontface=\"true\" data-contrast=\"none\"><span class=\"annotation-eff8aaa1-887d-4265-bde4-995d98635d1e SCXP260690560 BCX0\">une<\/span><\/span><span class=\"TextRun SCXP260690560 BCX0\" lang=\"EN-US\" xml:lang=\"EN-US\" data-usefontface=\"true\" data-contrast=\"none\"><span class=\"NormalTextRun SCXP260690560 BCX0\"> distribution d\u2019eau <\/span><\/span><span class=\"TextRun SpellingErrorZoomed SCXP260690560 BCX0\" lang=\"EN-US\" xml:lang=\"EN-US\" data-usefontface=\"true\" data-contrast=\"none\"><span class=\"annotation-eff8aaa1-887d-4265-bde4-995d98635d1e SCXP260690560 BCX0\">chaude<\/span><\/span><span class=\"TextRun SCXP260690560 BCX0\" lang=\"EN-US\" xml:lang=\"EN-US\" data-usefontface=\"true\" data-contrast=\"none\"><span class=\"NormalTextRun SCXP260690560 BCX0\"> plus <\/span><\/span><span class=\"TextRun SpellingErrorZoomed SCXP260690560 BCX0\" lang=\"EN-US\" xml:lang=\"EN-US\" data-usefontface=\"true\" data-contrast=\"none\"><span class=\"annotation-eff8aaa1-887d-4265-bde4-995d98635d1e SCXP260690560 BCX0\">s\u00fbre<\/span><\/span><span class=\"TextRun SCXP260690560 BCX0\" lang=\"EN-US\" xml:lang=\"EN-US\" data-usefontface=\"true\" data-contrast=\"none\"><span class=\"NormalTextRun SCXP260690560 BCX0\">.<\/span><\/span><span class=\"EOP SCXP260690560 BCX0\">\u200b<\/span><\/li>\n<\/ul>\n<p>&nbsp;<\/p>\n<ul>\n<li><strong><span class=\"TextRun MacChromeBold BCX0 SCXP236606994\" lang=\"FR-FR\" xml:lang=\"FR-FR\" data-usefontface=\"false\" data-contrast=\"none\"><span class=\"NormalTextRun BCX0 SCXP236606994\">Selon le mod\u00e8le et la date de production, le design et les composants <\/span><\/span><span class=\"TextRun MacChromeBold BCX0 SCXP236606994\" lang=\"FR-FR\" xml:lang=\"FR-FR\" data-usefontface=\"false\" data-contrast=\"none\"><span class=\"NormalTextRun BCX0 SCXP236606994\">peuvent l\u00e9g\u00e8rement varier par rapport \u00e0 la photo.<\/span><\/span><\/strong><\/li>\n<\/ul>\n","protected":false},"excerpt":{"rendered":"<p>Syst\u00e8me d&rsquo;eau tout-en-un: Un seul appareil pour obtenir de l&rsquo;eau purifi\u00e9e, chaude et froide.\u200b &nbsp; Temp\u00e9rature id\u00e9ale:\u200b R\u00e9glez la temp\u00e9rature avec pr\u00e9cision au 1 \u00b0C pr\u00e8s, du th\u00e9 au lait infantile, jusqu&rsquo;\u00e0 4 \u00b0C. &nbsp; Filtration en trois \u00e9tapes (RO \/ PAC \/ CF): Un syst\u00e8me de filtration multicouche qui retient les contaminants et les [&hellip;]<\/p>\n","protected":false},"featured_media":250220,"template":"","meta":{"_acf_changed":false,"inline_featured_image":false},"product_cat":[253],"product_tag":[],"class_list":{"0":"post-250050","1":"product","2":"type-product","3":"status-publish","4":"has-post-thumbnail","6":"product_cat-autres","8":"first","9":"instock","10":"taxable","11":"shipping-taxable","12":"purchasable","13":"product-type-variable","14":"has-default-attributes"},"acf":[],"yoast_head":"<!-- This site is optimized with the Yoast SEO plugin v26.6 - https:\/\/yoast.com\/wordpress\/plugins\/seo\/ -->\n<title>[Nouveau] Purificateur d&#039;eau Hurom - Hurom Europe<\/title>\n<meta name=\"description\" content=\"Le Slow Juicer H320N de Hurom combin\u00e9 \u00e0 une m\u00e9ga tr\u00e9mie intelligente de grande capacit\u00e9 et \u00e0 un filtre de type maille avec fonction de coupe intelligente et automatique.\" \/>\n<meta name=\"robots\" content=\"index, follow, max-snippet:-1, max-image-preview:large, max-video-preview:-1\" \/>\n<link rel=\"canonical\" href=\"https:\/\/www.hurom-europe.com\/fr\/produit\/hurom-water-purifier\/\" \/>\n<meta property=\"og:locale\" content=\"fr_FR\" \/>\n<meta property=\"og:type\" content=\"article\" \/>\n<meta property=\"og:title\" content=\"[Nouveau] Purificateur d&#039;eau Hurom - Hurom Europe\" \/>\n<meta property=\"og:description\" content=\"Le Slow Juicer H320N de Hurom combin\u00e9 \u00e0 une m\u00e9ga tr\u00e9mie intelligente de grande capacit\u00e9 et \u00e0 un filtre de type maille avec fonction de coupe intelligente et automatique.\" \/>\n<meta property=\"og:url\" content=\"https:\/\/www.hurom-europe.com\/fr\/produit\/hurom-water-purifier\/\" \/>\n<meta property=\"og:site_name\" content=\"Hurom Europe\" \/>\n<meta property=\"article:modified_time\" content=\"2026-05-03T05:17:24+00:00\" \/>\n<meta property=\"og:image\" content=\"https:\/\/www.hurom-europe.com\/wp-content\/uploads\/2026\/03\/deWP-A01EGR_thumbnail01.png\" \/>\n\t<meta property=\"og:image:width\" content=\"1200\" \/>\n\t<meta property=\"og:image:height\" content=\"1200\" \/>\n\t<meta property=\"og:image:type\" content=\"image\/png\" \/>\n<meta name=\"twitter:card\" content=\"summary_large_image\" \/>\n<meta name=\"twitter:label1\" content=\"Dur\u00e9e de lecture estim\u00e9e\" \/>\n\t<meta name=\"twitter:data1\" content=\"1 minute\" \/>\n<script type=\"application\/ld+json\" class=\"yoast-schema-graph\">{\"@context\":\"https:\/\/schema.org\",\"@graph\":[{\"@type\":\"WebPage\",\"@id\":\"https:\/\/www.hurom-europe.com\/fr\/produit\/hurom-water-purifier\/\",\"url\":\"https:\/\/www.hurom-europe.com\/fr\/produit\/hurom-water-purifier\/\",\"name\":\"[Nouveau] Purificateur d'eau Hurom - Hurom Europe\",\"isPartOf\":{\"@id\":\"https:\/\/www.hurom-europe.com\/fr\/#website\"},\"primaryImageOfPage\":{\"@id\":\"https:\/\/www.hurom-europe.com\/fr\/produit\/hurom-water-purifier\/#primaryimage\"},\"image\":{\"@id\":\"https:\/\/www.hurom-europe.com\/fr\/produit\/hurom-water-purifier\/#primaryimage\"},\"thumbnailUrl\":\"https:\/\/www.hurom-europe.com\/wp-content\/uploads\/2026\/03\/deWP-A01EGR_thumbnail01.png\",\"datePublished\":\"2026-03-19T13:47:44+00:00\",\"dateModified\":\"2026-05-03T05:17:24+00:00\",\"description\":\"Le Slow Juicer H320N de Hurom combin\u00e9 \u00e0 une m\u00e9ga tr\u00e9mie intelligente de grande capacit\u00e9 et \u00e0 un filtre de type maille avec fonction de coupe intelligente et automatique.\",\"breadcrumb\":{\"@id\":\"https:\/\/www.hurom-europe.com\/fr\/produit\/hurom-water-purifier\/#breadcrumb\"},\"inLanguage\":\"fr-FR\",\"potentialAction\":[{\"@type\":\"ReadAction\",\"target\":[\"https:\/\/www.hurom-europe.com\/fr\/produit\/hurom-water-purifier\/\"]}]},{\"@type\":\"ImageObject\",\"inLanguage\":\"fr-FR\",\"@id\":\"https:\/\/www.hurom-europe.com\/fr\/produit\/hurom-water-purifier\/#primaryimage\",\"url\":\"https:\/\/www.hurom-europe.com\/wp-content\/uploads\/2026\/03\/deWP-A01EGR_thumbnail01.png\",\"contentUrl\":\"https:\/\/www.hurom-europe.com\/wp-content\/uploads\/2026\/03\/deWP-A01EGR_thumbnail01.png\",\"width\":1200,\"height\":1200},{\"@type\":\"BreadcrumbList\",\"@id\":\"https:\/\/www.hurom-europe.com\/fr\/produit\/hurom-water-purifier\/#breadcrumb\",\"itemListElement\":[{\"@type\":\"ListItem\",\"position\":1,\"name\":\"Home\",\"item\":\"https:\/\/www.hurom-europe.com\/fr\/\"},{\"@type\":\"ListItem\",\"position\":2,\"name\":\"Boutique\",\"item\":\"https:\/\/www.hurom-europe.com\/fr\/shop\/\"},{\"@type\":\"ListItem\",\"position\":3,\"name\":\"[Nouveau] Purificateur d&#8217;eau Hurom\"}]},{\"@type\":\"WebSite\",\"@id\":\"https:\/\/www.hurom-europe.com\/fr\/#website\",\"url\":\"https:\/\/www.hurom-europe.com\/fr\/\",\"name\":\"Hurom Europe\",\"description\":\"Healthy Way of Life with Slow Juicers\",\"potentialAction\":[{\"@type\":\"SearchAction\",\"target\":{\"@type\":\"EntryPoint\",\"urlTemplate\":\"https:\/\/www.hurom-europe.com\/fr\/?s={search_term_string}\"},\"query-input\":{\"@type\":\"PropertyValueSpecification\",\"valueRequired\":true,\"valueName\":\"search_term_string\"}}],\"inLanguage\":\"fr-FR\"}]}<\/script>\n<!-- \/ Yoast SEO plugin. -->","yoast_head_json":{"title":"[Nouveau] Purificateur d'eau Hurom - Hurom Europe","description":"Le Slow Juicer H320N de Hurom combin\u00e9 \u00e0 une m\u00e9ga tr\u00e9mie intelligente de grande capacit\u00e9 et \u00e0 un filtre de type maille avec fonction de coupe intelligente et automatique.","robots":{"index":"index","follow":"follow","max-snippet":"max-snippet:-1","max-image-preview":"max-image-preview:large","max-video-preview":"max-video-preview:-1"},"canonical":"https:\/\/www.hurom-europe.com\/fr\/produit\/hurom-water-purifier\/","og_locale":"fr_FR","og_type":"article","og_title":"[Nouveau] Purificateur d'eau Hurom - Hurom Europe","og_description":"Le Slow Juicer H320N de Hurom combin\u00e9 \u00e0 une m\u00e9ga tr\u00e9mie intelligente de grande capacit\u00e9 et \u00e0 un filtre de type maille avec fonction de coupe intelligente et automatique.","og_url":"https:\/\/www.hurom-europe.com\/fr\/produit\/hurom-water-purifier\/","og_site_name":"Hurom Europe","article_modified_time":"2026-05-03T05:17:24+00:00","og_image":[{"width":1200,"height":1200,"url":"https:\/\/www.hurom-europe.com\/wp-content\/uploads\/2026\/03\/deWP-A01EGR_thumbnail01.png","type":"image\/png"}],"twitter_card":"summary_large_image","twitter_misc":{"Dur\u00e9e de lecture estim\u00e9e":"1 minute"},"schema":{"@context":"https:\/\/schema.org","@graph":[{"@type":"WebPage","@id":"https:\/\/www.hurom-europe.com\/fr\/produit\/hurom-water-purifier\/","url":"https:\/\/www.hurom-europe.com\/fr\/produit\/hurom-water-purifier\/","name":"[Nouveau] Purificateur d'eau Hurom - Hurom Europe","isPartOf":{"@id":"https:\/\/www.hurom-europe.com\/fr\/#website"},"primaryImageOfPage":{"@id":"https:\/\/www.hurom-europe.com\/fr\/produit\/hurom-water-purifier\/#primaryimage"},"image":{"@id":"https:\/\/www.hurom-europe.com\/fr\/produit\/hurom-water-purifier\/#primaryimage"},"thumbnailUrl":"https:\/\/www.hurom-europe.com\/wp-content\/uploads\/2026\/03\/deWP-A01EGR_thumbnail01.png","datePublished":"2026-03-19T13:47:44+00:00","dateModified":"2026-05-03T05:17:24+00:00","description":"Le Slow Juicer H320N de Hurom combin\u00e9 \u00e0 une m\u00e9ga tr\u00e9mie intelligente de grande capacit\u00e9 et \u00e0 un filtre de type maille avec fonction de coupe intelligente et automatique.","breadcrumb":{"@id":"https:\/\/www.hurom-europe.com\/fr\/produit\/hurom-water-purifier\/#breadcrumb"},"inLanguage":"fr-FR","potentialAction":[{"@type":"ReadAction","target":["https:\/\/www.hurom-europe.com\/fr\/produit\/hurom-water-purifier\/"]}]},{"@type":"ImageObject","inLanguage":"fr-FR","@id":"https:\/\/www.hurom-europe.com\/fr\/produit\/hurom-water-purifier\/#primaryimage","url":"https:\/\/www.hurom-europe.com\/wp-content\/uploads\/2026\/03\/deWP-A01EGR_thumbnail01.png","contentUrl":"https:\/\/www.hurom-europe.com\/wp-content\/uploads\/2026\/03\/deWP-A01EGR_thumbnail01.png","width":1200,"height":1200},{"@type":"BreadcrumbList","@id":"https:\/\/www.hurom-europe.com\/fr\/produit\/hurom-water-purifier\/#breadcrumb","itemListElement":[{"@type":"ListItem","position":1,"name":"Home","item":"https:\/\/www.hurom-europe.com\/fr\/"},{"@type":"ListItem","position":2,"name":"Boutique","item":"https:\/\/www.hurom-europe.com\/fr\/shop\/"},{"@type":"ListItem","position":3,"name":"[Nouveau] Purificateur d&#8217;eau Hurom"}]},{"@type":"WebSite","@id":"https:\/\/www.hurom-europe.com\/fr\/#website","url":"https:\/\/www.hurom-europe.com\/fr\/","name":"Hurom Europe","description":"Healthy Way of Life with Slow Juicers","potentialAction":[{"@type":"SearchAction","target":{"@type":"EntryPoint","urlTemplate":"https:\/\/www.hurom-europe.com\/fr\/?s={search_term_string}"},"query-input":{"@type":"PropertyValueSpecification","valueRequired":true,"valueName":"search_term_string"}}],"inLanguage":"fr-FR"}]}},"_links":{"self":[{"href":"https:\/\/www.hurom-europe.com\/fr\/wp-json\/wp\/v2\/product\/250050","targetHints":{"allow":["GET"]}}],"collection":[{"href":"https:\/\/www.hurom-europe.com\/fr\/wp-json\/wp\/v2\/product"}],"about":[{"href":"https:\/\/www.hurom-europe.com\/fr\/wp-json\/wp\/v2\/types\/product"}],"wp:featuredmedia":[{"embeddable":true,"href":"https:\/\/www.hurom-europe.com\/fr\/wp-json\/wp\/v2\/media\/250220"}],"wp:attachment":[{"href":"https:\/\/www.hurom-europe.com\/fr\/wp-json\/wp\/v2\/media?parent=250050"}],"wp:term":[{"taxonomy":"product_cat","embeddable":true,"href":"https:\/\/www.hurom-europe.com\/fr\/wp-json\/wp\/v2\/product_cat?post=250050"},{"taxonomy":"product_tag","embeddable":true,"href":"https:\/\/www.hurom-europe.com\/fr\/wp-json\/wp\/v2\/product_tag?post=250050"}],"curies":[{"name":"wp","href":"https:\/\/api.w.org\/{rel}","templated":true}]}}