{"id":247992,"date":"2026-03-19T13:06:10","date_gmt":"2026-03-19T12:06:10","guid":{"rendered":"https:\/\/www.hurom-europe.com\/?post_type=product&#038;p=247992"},"modified":"2026-05-10T10:01:37","modified_gmt":"2026-05-10T08:01:37","slug":"the_juice_book","status":"publish","type":"product","link":"https:\/\/www.hurom-europe.com\/fr\/produit\/the_juice_book\/","title":{"rendered":"THE JUICE BOOK (DE \/ FR)"},"content":{"rendered":"<p><strong><span class=\"TextRun SCXW127343853 BCX0\" lang=\"FR-FR\" xml:lang=\"FR-FR\" data-contrast=\"auto\"><span class=\"NormalTextRun SCXW127343853 BCX0\">Chapitre 1. L&rsquo;histoire de <\/span><span class=\"NormalTextRun SpellingErrorV2Themed SCXW127343853 BCX0\">Hurom<\/span><\/span><span class=\"EOP Selected SCXW127343853 BCX0\" data-ccp-props=\"{&quot;134245417&quot;:false}\">\u00a0<\/span><\/strong><\/p>\n<p><span class=\"TextRun SCXW40936466 BCX0\" lang=\"FR-FR\" xml:lang=\"FR-FR\" data-contrast=\"auto\"><span class=\"NormalTextRun SCXW40936466 BCX0\">Ce chapitre pr\u00e9sente l&rsquo;histoire et la philosophie de <\/span><span class=\"NormalTextRun SpellingErrorV2Themed SCXW40936466 BCX0\">Hurom<\/span><span class=\"NormalTextRun SCXW40936466 BCX0\">, ainsi que la premi\u00e8re technologie d&rsquo;extraction lente de jus au monde.<\/span><\/span><span class=\"EOP Selected SCXW40936466 BCX0\" data-ccp-props=\"{&quot;134245417&quot;:false}\">\u00a0<\/span><\/p>\n<p><strong><span class=\"TextRun SCXW127343853 BCX0\" lang=\"FR-FR\" xml:lang=\"FR-FR\" data-contrast=\"auto\"><span class=\"NormalTextRun SCXW127343853 BCX0\">Chapitre <span class=\"TextRun SCXW140314507 BCX0\" lang=\"FR-FR\" xml:lang=\"FR-FR\" data-contrast=\"auto\"><span class=\"NormalTextRun SCXW140314507 BCX0\">2. Recettes de nos partenaires<\/span><\/span><\/span><\/span><\/strong><\/p>\n<p><span class=\"TextRun SCXW40936466 BCX0\" lang=\"FR-FR\" xml:lang=\"FR-FR\" data-contrast=\"auto\"><span class=\"NormalTextRun SCXW40936466 BCX0\"><span class=\"TextRun SCXW255420417 BCX0\" lang=\"FR-FR\" xml:lang=\"FR-FR\" data-contrast=\"auto\"><span class=\"NormalTextRun SCXW255420417 BCX0\">D\u00e9couvrez des recettes de nos partenaires qui utilisent les produits <\/span><span class=\"NormalTextRun SpellingErrorV2Themed SCXW255420417 BCX0\">Hurom<\/span><span class=\"NormalTextRun SCXW255420417 BCX0\">. Vous trouverez \u00e9galement des recettes utilisant la pulpe restante apr\u00e8s l&rsquo;extraction. Lisez des t\u00e9moignages et des recettes et d\u00e9couvrez comment\u00a0<\/span><span class=\"NormalTextRun SpellingErrorV2Themed SCXW255420417 BCX0\">Hurom<\/span><span class=\"NormalTextRun SCXW255420417 BCX0\">\u00a0est devenu un \u00e9l\u00e9ment essentiel de leur mode de vie sain.<\/span><\/span><span class=\"EOP Selected SCXW255420417 BCX0\" data-ccp-props=\"{&quot;134245417&quot;:false}\">\u00a0<\/span><\/span><\/span><\/p>\n<p><strong><span class=\"TextRun SCXW127343853 BCX0\" lang=\"FR-FR\" xml:lang=\"FR-FR\" data-contrast=\"auto\"><span class=\"NormalTextRun SCXW127343853 BCX0\">Chapitre <span class=\"NormalTextRun SCXW145188164 BCX0\">3. Recettes\u00a0<\/span><span class=\"NormalTextRun SpellingErrorV2Themed SCXW145188164 BCX0\">Hurom<\/span><\/span><\/span><\/strong><\/p>\n<p><span class=\"TextRun SCXW40936466 BCX0\" lang=\"FR-FR\" xml:lang=\"FR-FR\" data-contrast=\"auto\"><span class=\"NormalTextRun SCXW40936466 BCX0\"><span class=\"TextRun SCXW255420417 BCX0\" lang=\"FR-FR\" xml:lang=\"FR-FR\" data-contrast=\"auto\"><span class=\"NormalTextRun SCXW255420417 BCX0\"><span class=\"TextRun SCXW232831859 BCX0\" lang=\"FR-FR\" xml:lang=\"FR-FR\" data-contrast=\"auto\"><span class=\"NormalTextRun SCXW232831859 BCX0\">Ce chapitre propose une vari\u00e9t\u00e9 de recettes cr\u00e9atives utilisant les extracteurs de jus et les blenders <\/span><span class=\"NormalTextRun SpellingErrorV2Themed SCXW232831859 BCX0\">Hurom<\/span><span class=\"NormalTextRun SCXW232831859 BCX0\">. D\u00e9couvrez un large \u00e9ventail de recettes\u202f: des recettes \u00e0 base de pulpe aux jus, smoothies et boissons prot\u00e9in\u00e9es, en passant par les desserts, les cocktails et les plats cor\u00e9ens.<\/span><\/span><span class=\"EOP Selected SCXW232831859 BCX0\" data-ccp-props=\"{&quot;134245417&quot;:false}\">\u00a0<\/span><\/span><\/span><\/span><\/span><\/p>\n","protected":false},"excerpt":{"rendered":"<p><span class=\"TextRun SCXW234232616 BCX0\" lang=\"FR-FR\" xml:lang=\"FR-FR\" data-contrast=\"auto\"><span class=\"NormalTextRun SCXW234232616 BCX0\">Plus de 100 recettes de jus press\u00e9s \u00e0 froid, aliments et plus encore<\/span><\/span><span class=\"EOP Selected SCXW234232616 BCX0\" data-ccp-props=\"{&quot;134245417&quot;:false}\">\u00a0<\/span><\/p>\n","protected":false},"featured_media":248822,"template":"","meta":{"_acf_changed":false,"inline_featured_image":false},"product_cat":[253],"product_tag":[],"class_list":{"0":"post-247992","1":"product","2":"type-product","3":"status-publish","4":"has-post-thumbnail","6":"product_cat-autres","8":"first","9":"instock","10":"taxable","11":"shipping-taxable","12":"purchasable","13":"product-type-variable","14":"has-default-attributes"},"acf":[],"yoast_head":"<!-- This site is optimized with the Yoast SEO plugin v26.6 - https:\/\/yoast.com\/wordpress\/plugins\/seo\/ -->\n<title>THE JUICE BOOK (DE \/ FR) - Hurom Europe<\/title>\n<meta name=\"description\" content=\"Plus de 100 recettes de jus press\u00e9s \u00e0 froid, aliments et plus encore\u00a0\" \/>\n<meta name=\"robots\" content=\"index, follow, max-snippet:-1, max-image-preview:large, max-video-preview:-1\" \/>\n<link rel=\"canonical\" href=\"https:\/\/www.hurom-europe.com\/fr\/produit\/the_juice_book\/\" \/>\n<meta property=\"og:locale\" content=\"fr_FR\" \/>\n<meta property=\"og:type\" content=\"article\" \/>\n<meta property=\"og:title\" content=\"THE JUICE BOOK (DE \/ FR) - Hurom Europe\" \/>\n<meta property=\"og:description\" content=\"Plus de 100 recettes de jus press\u00e9s \u00e0 froid, aliments et plus encore\u00a0\" \/>\n<meta property=\"og:url\" content=\"https:\/\/www.hurom-europe.com\/fr\/produit\/the_juice_book\/\" \/>\n<meta property=\"og:site_name\" content=\"Hurom Europe\" \/>\n<meta property=\"article:modified_time\" content=\"2026-05-10T08:01:37+00:00\" \/>\n<meta property=\"og:image\" content=\"https:\/\/www.hurom-europe.com\/wp-content\/uploads\/2026\/03\/frcover2.png\" \/>\n\t<meta property=\"og:image:width\" content=\"1000\" \/>\n\t<meta property=\"og:image:height\" content=\"1000\" \/>\n\t<meta property=\"og:image:type\" content=\"image\/png\" \/>\n<meta name=\"twitter:card\" content=\"summary_large_image\" \/>\n<meta name=\"twitter:label1\" content=\"Dur\u00e9e de lecture estim\u00e9e\" \/>\n\t<meta name=\"twitter:data1\" content=\"1 minute\" \/>\n<script type=\"application\/ld+json\" class=\"yoast-schema-graph\">{\"@context\":\"https:\/\/schema.org\",\"@graph\":[{\"@type\":\"WebPage\",\"@id\":\"https:\/\/www.hurom-europe.com\/fr\/produit\/the_juice_book\/\",\"url\":\"https:\/\/www.hurom-europe.com\/fr\/produit\/the_juice_book\/\",\"name\":\"THE JUICE BOOK (DE \/ FR) - Hurom Europe\",\"isPartOf\":{\"@id\":\"https:\/\/www.hurom-europe.com\/fr\/#website\"},\"primaryImageOfPage\":{\"@id\":\"https:\/\/www.hurom-europe.com\/fr\/produit\/the_juice_book\/#primaryimage\"},\"image\":{\"@id\":\"https:\/\/www.hurom-europe.com\/fr\/produit\/the_juice_book\/#primaryimage\"},\"thumbnailUrl\":\"https:\/\/www.hurom-europe.com\/wp-content\/uploads\/2026\/03\/frcover2.png\",\"datePublished\":\"2026-03-19T12:06:10+00:00\",\"dateModified\":\"2026-05-10T08:01:37+00:00\",\"description\":\"Plus de 100 recettes de jus press\u00e9s \u00e0 froid, aliments et plus encore\u00a0\",\"breadcrumb\":{\"@id\":\"https:\/\/www.hurom-europe.com\/fr\/produit\/the_juice_book\/#breadcrumb\"},\"inLanguage\":\"fr-FR\",\"potentialAction\":[{\"@type\":\"ReadAction\",\"target\":[\"https:\/\/www.hurom-europe.com\/fr\/produit\/the_juice_book\/\"]}]},{\"@type\":\"ImageObject\",\"inLanguage\":\"fr-FR\",\"@id\":\"https:\/\/www.hurom-europe.com\/fr\/produit\/the_juice_book\/#primaryimage\",\"url\":\"https:\/\/www.hurom-europe.com\/wp-content\/uploads\/2026\/03\/frcover2.png\",\"contentUrl\":\"https:\/\/www.hurom-europe.com\/wp-content\/uploads\/2026\/03\/frcover2.png\",\"width\":1000,\"height\":1000},{\"@type\":\"BreadcrumbList\",\"@id\":\"https:\/\/www.hurom-europe.com\/fr\/produit\/the_juice_book\/#breadcrumb\",\"itemListElement\":[{\"@type\":\"ListItem\",\"position\":1,\"name\":\"Home\",\"item\":\"https:\/\/www.hurom-europe.com\/fr\/\"},{\"@type\":\"ListItem\",\"position\":2,\"name\":\"Boutique\",\"item\":\"https:\/\/www.hurom-europe.com\/fr\/shop\/\"},{\"@type\":\"ListItem\",\"position\":3,\"name\":\"THE JUICE BOOK (DE \/ FR)\"}]},{\"@type\":\"WebSite\",\"@id\":\"https:\/\/www.hurom-europe.com\/fr\/#website\",\"url\":\"https:\/\/www.hurom-europe.com\/fr\/\",\"name\":\"Hurom Europe\",\"description\":\"Healthy Way of Life with Slow Juicers\",\"potentialAction\":[{\"@type\":\"SearchAction\",\"target\":{\"@type\":\"EntryPoint\",\"urlTemplate\":\"https:\/\/www.hurom-europe.com\/fr\/?s={search_term_string}\"},\"query-input\":{\"@type\":\"PropertyValueSpecification\",\"valueRequired\":true,\"valueName\":\"search_term_string\"}}],\"inLanguage\":\"fr-FR\"}]}<\/script>\n<!-- \/ Yoast SEO plugin. -->","yoast_head_json":{"title":"THE JUICE BOOK (DE \/ FR) - Hurom Europe","description":"Plus de 100 recettes de jus press\u00e9s \u00e0 froid, aliments et plus encore\u00a0","robots":{"index":"index","follow":"follow","max-snippet":"max-snippet:-1","max-image-preview":"max-image-preview:large","max-video-preview":"max-video-preview:-1"},"canonical":"https:\/\/www.hurom-europe.com\/fr\/produit\/the_juice_book\/","og_locale":"fr_FR","og_type":"article","og_title":"THE JUICE BOOK (DE \/ FR) - Hurom Europe","og_description":"Plus de 100 recettes de jus press\u00e9s \u00e0 froid, aliments et plus encore\u00a0","og_url":"https:\/\/www.hurom-europe.com\/fr\/produit\/the_juice_book\/","og_site_name":"Hurom Europe","article_modified_time":"2026-05-10T08:01:37+00:00","og_image":[{"width":1000,"height":1000,"url":"https:\/\/www.hurom-europe.com\/wp-content\/uploads\/2026\/03\/frcover2.png","type":"image\/png"}],"twitter_card":"summary_large_image","twitter_misc":{"Dur\u00e9e de lecture estim\u00e9e":"1 minute"},"schema":{"@context":"https:\/\/schema.org","@graph":[{"@type":"WebPage","@id":"https:\/\/www.hurom-europe.com\/fr\/produit\/the_juice_book\/","url":"https:\/\/www.hurom-europe.com\/fr\/produit\/the_juice_book\/","name":"THE JUICE BOOK (DE \/ FR) - Hurom Europe","isPartOf":{"@id":"https:\/\/www.hurom-europe.com\/fr\/#website"},"primaryImageOfPage":{"@id":"https:\/\/www.hurom-europe.com\/fr\/produit\/the_juice_book\/#primaryimage"},"image":{"@id":"https:\/\/www.hurom-europe.com\/fr\/produit\/the_juice_book\/#primaryimage"},"thumbnailUrl":"https:\/\/www.hurom-europe.com\/wp-content\/uploads\/2026\/03\/frcover2.png","datePublished":"2026-03-19T12:06:10+00:00","dateModified":"2026-05-10T08:01:37+00:00","description":"Plus de 100 recettes de jus press\u00e9s \u00e0 froid, aliments et plus encore\u00a0","breadcrumb":{"@id":"https:\/\/www.hurom-europe.com\/fr\/produit\/the_juice_book\/#breadcrumb"},"inLanguage":"fr-FR","potentialAction":[{"@type":"ReadAction","target":["https:\/\/www.hurom-europe.com\/fr\/produit\/the_juice_book\/"]}]},{"@type":"ImageObject","inLanguage":"fr-FR","@id":"https:\/\/www.hurom-europe.com\/fr\/produit\/the_juice_book\/#primaryimage","url":"https:\/\/www.hurom-europe.com\/wp-content\/uploads\/2026\/03\/frcover2.png","contentUrl":"https:\/\/www.hurom-europe.com\/wp-content\/uploads\/2026\/03\/frcover2.png","width":1000,"height":1000},{"@type":"BreadcrumbList","@id":"https:\/\/www.hurom-europe.com\/fr\/produit\/the_juice_book\/#breadcrumb","itemListElement":[{"@type":"ListItem","position":1,"name":"Home","item":"https:\/\/www.hurom-europe.com\/fr\/"},{"@type":"ListItem","position":2,"name":"Boutique","item":"https:\/\/www.hurom-europe.com\/fr\/shop\/"},{"@type":"ListItem","position":3,"name":"THE JUICE BOOK (DE \/ FR)"}]},{"@type":"WebSite","@id":"https:\/\/www.hurom-europe.com\/fr\/#website","url":"https:\/\/www.hurom-europe.com\/fr\/","name":"Hurom Europe","description":"Healthy Way of Life with Slow Juicers","potentialAction":[{"@type":"SearchAction","target":{"@type":"EntryPoint","urlTemplate":"https:\/\/www.hurom-europe.com\/fr\/?s={search_term_string}"},"query-input":{"@type":"PropertyValueSpecification","valueRequired":true,"valueName":"search_term_string"}}],"inLanguage":"fr-FR"}]}},"_links":{"self":[{"href":"https:\/\/www.hurom-europe.com\/fr\/wp-json\/wp\/v2\/product\/247992","targetHints":{"allow":["GET"]}}],"collection":[{"href":"https:\/\/www.hurom-europe.com\/fr\/wp-json\/wp\/v2\/product"}],"about":[{"href":"https:\/\/www.hurom-europe.com\/fr\/wp-json\/wp\/v2\/types\/product"}],"wp:featuredmedia":[{"embeddable":true,"href":"https:\/\/www.hurom-europe.com\/fr\/wp-json\/wp\/v2\/media\/248822"}],"wp:attachment":[{"href":"https:\/\/www.hurom-europe.com\/fr\/wp-json\/wp\/v2\/media?parent=247992"}],"wp:term":[{"taxonomy":"product_cat","embeddable":true,"href":"https:\/\/www.hurom-europe.com\/fr\/wp-json\/wp\/v2\/product_cat?post=247992"},{"taxonomy":"product_tag","embeddable":true,"href":"https:\/\/www.hurom-europe.com\/fr\/wp-json\/wp\/v2\/product_tag?post=247992"}],"curies":[{"name":"wp","href":"https:\/\/api.w.org\/{rel}","templated":true}]}}