{"id":239174,"date":"2026-03-04T14:04:30","date_gmt":"2026-03-04T13:04:30","guid":{"rendered":"https:\/\/www.hurom-europe.com\/?post_type=product&#038;p=239174"},"modified":"2026-04-27T17:01:56","modified_gmt":"2026-04-27T15:01:56","slug":"h80-st","status":"publish","type":"product","link":"https:\/\/www.hurom-europe.com\/fr\/produit\/h80-st\/","title":{"rendered":"[Nouveau] H80-ST"},"content":{"rendered":"<ul>\n<li><strong>La nouvelle technologie de lame en spirale de Hurom:<\/strong><br \/>\nTraite facilement les agrumes tout comme les l\u00e9gumes verts durs, pour un jus onctueux et homog\u00e8ne.<\/li>\n<\/ul>\n<p>&nbsp;<\/p>\n<ul>\n<li><strong>Tr\u00e9mie extra-large pour extraire facilement le jus:<\/strong><br \/>\nChargez une vari\u00e9t\u00e9 d\u2019ingr\u00e9dients et faites plus de jus en un seul pressage pour une routine plus simple et plus facile.<\/li>\n<\/ul>\n<p>&nbsp;<\/p>\n<ul>\n<li><strong>Utilisation et entretien en toute simplicit\u00e9:<\/strong><br \/>\n<span class=\"TextRun SCXP153053762 BCX8\" lang=\"EN-US\" xml:lang=\"EN-US\" data-scheme-color=\"@000000,1,\" data-usefontface=\"false\" data-contrast=\"none\"><span class=\"NormalTextRun SCXP153053762 BCX8\">La <\/span><\/span><span class=\"TextRun SpellingErrorZoomed SCXP153053762 BCX8\" lang=\"EN-US\" xml:lang=\"EN-US\" data-scheme-color=\"@000000,1,\" data-usefontface=\"false\" data-contrast=\"none\"><span class=\"annotation-dbdc3fac-60b8-462a-b3c8-2779b48b2580 SCXP153053762 BCX8\">plupart<\/span><\/span><span class=\"TextRun SCXP153053762 BCX8\" lang=\"EN-US\" xml:lang=\"EN-US\" data-scheme-color=\"@000000,1,\" data-usefontface=\"false\" data-contrast=\"none\"><span class=\"NormalTextRun SCXP153053762 BCX8\"> des <\/span><\/span><span class=\"TextRun SpellingErrorZoomed SCXP153053762 BCX8\" lang=\"EN-US\" xml:lang=\"EN-US\" data-scheme-color=\"@000000,1,\" data-usefontface=\"false\" data-contrast=\"none\"><span class=\"annotation-dbdc3fac-60b8-462a-b3c8-2779b48b2580 SCXP153053762 BCX8\">pi\u00e8ces<\/span><\/span> <span class=\"TextRun SpellingErrorZoomed SCXP153053762 BCX8\" lang=\"EN-US\" xml:lang=\"EN-US\" data-scheme-color=\"@000000,1,\" data-usefontface=\"false\" data-contrast=\"none\"><span class=\"annotation-dbdc3fac-60b8-462a-b3c8-2779b48b2580 SCXP153053762 BCX8\">amovibles<\/span><\/span> <span class=\"TextRun SpellingErrorZoomed SCXP153053762 BCX8\" lang=\"EN-US\" xml:lang=\"EN-US\" data-scheme-color=\"@000000,1,\" data-usefontface=\"false\" data-contrast=\"none\"><span class=\"annotation-dbdc3fac-60b8-462a-b3c8-2779b48b2580 SCXP153053762 BCX8\">passent<\/span><\/span><span class=\"TextRun SCXP153053762 BCX8\" lang=\"EN-US\" xml:lang=\"EN-US\" data-scheme-color=\"@000000,1,\" data-usefontface=\"false\" data-contrast=\"none\"><span class=\"NormalTextRun SCXP153053762 BCX8\"> au lave-<\/span><\/span><span class=\"TextRun SpellingErrorZoomed SCXP153053762 BCX8\" lang=\"EN-US\" xml:lang=\"EN-US\" data-scheme-color=\"@000000,1,\" data-usefontface=\"false\" data-contrast=\"none\"><span class=\"annotation-dbdc3fac-60b8-462a-b3c8-2779b48b2580 SCXP153053762 BCX8\">vaisselle<\/span><\/span><span class=\"TextRun SCXP153053762 BCX8\" lang=\"EN-US\" xml:lang=\"EN-US\" data-scheme-color=\"@000000,1,\" data-usefontface=\"false\" data-contrast=\"none\"><span class=\"NormalTextRun SCXP153053762 BCX8\">, <\/span><\/span><span class=\"TextRun SpellingErrorZoomed SCXP153053762 BCX8\" lang=\"EN-US\" xml:lang=\"EN-US\" data-scheme-color=\"@000000,1,\" data-usefontface=\"false\" data-contrast=\"none\"><span class=\"annotation-dbdc3fac-60b8-462a-b3c8-2779b48b2580 SCXP153053762 BCX8\">ce<\/span><\/span><span class=\"TextRun SCXP153053762 BCX8\" lang=\"EN-US\" xml:lang=\"EN-US\" data-scheme-color=\"@000000,1,\" data-usefontface=\"false\" data-contrast=\"none\"><span class=\"NormalTextRun SCXP153053762 BCX8\"> qui <\/span><\/span><span class=\"TextRun SpellingErrorZoomed SCXP153053762 BCX8\" lang=\"EN-US\" xml:lang=\"EN-US\" data-scheme-color=\"@000000,1,\" data-usefontface=\"false\" data-contrast=\"none\"><span class=\"annotation-dbdc3fac-60b8-462a-b3c8-2779b48b2580 SCXP153053762 BCX8\">r\u00e9duit<\/span><\/span><span class=\"TextRun SCXP153053762 BCX8\" lang=\"EN-US\" xml:lang=\"EN-US\" data-scheme-color=\"@000000,1,\" data-usefontface=\"false\" data-contrast=\"none\"><span class=\"NormalTextRun SCXP153053762 BCX8\"> le temps <\/span><\/span><span class=\"TextRun SCXP153053762 BCX8\" lang=\"EN-US\" xml:lang=\"EN-US\" data-scheme-color=\"@000000,1,\" data-usefontface=\"false\" data-contrast=\"none\"><span class=\"NormalTextRun SCXP153053762 BCX8\">de <\/span><\/span><span class=\"TextRun SpellingErrorZoomed SCXP153053762 BCX8\" lang=\"EN-US\" xml:lang=\"EN-US\" data-scheme-color=\"@000000,1,\" data-usefontface=\"false\" data-contrast=\"none\"><span class=\"annotation-dbdc3fac-60b8-462a-b3c8-2779b48b2580 SCXP153053762 BCX8\">nettoyage<\/span><\/span><span class=\"TextRun SCXP153053762 BCX8\" lang=\"EN-US\" xml:lang=\"EN-US\" data-scheme-color=\"@000000,1,\" data-usefontface=\"false\" data-contrast=\"none\"><span class=\"NormalTextRun SCXP153053762 BCX8\"> et <\/span><\/span><span class=\"TextRun SpellingErrorZoomed SCXP153053762 BCX8\" lang=\"EN-US\" xml:lang=\"EN-US\" data-scheme-color=\"@000000,1,\" data-usefontface=\"false\" data-contrast=\"none\"><span class=\"annotation-dbdc3fac-60b8-462a-b3c8-2779b48b2580 SCXP153053762 BCX8\">simplifie<\/span><\/span> <span class=\"TextRun SpellingErrorZoomed SCXP153053762 BCX8\" lang=\"EN-US\" xml:lang=\"EN-US\" data-scheme-color=\"@000000,1,\" data-usefontface=\"false\" data-contrast=\"none\"><span class=\"annotation-dbdc3fac-60b8-462a-b3c8-2779b48b2580 SCXP153053762 BCX8\">votre<\/span><\/span><span class=\"TextRun SCXP153053762 BCX8\" lang=\"EN-US\" xml:lang=\"EN-US\" data-scheme-color=\"@000000,1,\" data-usefontface=\"false\" data-contrast=\"none\"><span class=\"NormalTextRun SCXP153053762 BCX8\"> routine <\/span><\/span><span class=\"TextRun SpellingErrorZoomed SCXP153053762 BCX8\" lang=\"EN-US\" xml:lang=\"EN-US\" data-scheme-color=\"@000000,1,\" data-usefontface=\"false\" data-contrast=\"none\"><span class=\"annotation-dbdc3fac-60b8-462a-b3c8-2779b48b2580 SCXP153053762 BCX8\">quotidienne<\/span><\/span><span class=\"TextRun SCXP153053762 BCX8\" lang=\"EN-US\" xml:lang=\"EN-US\" data-scheme-color=\"@000000,1,\" data-usefontface=\"false\" data-contrast=\"none\"><span class=\"NormalTextRun SCXP153053762 BCX8\">. <\/span><\/span><\/li>\n<\/ul>\n<p>&nbsp;<\/p>\n<ul>\n<li><strong>Utilisation am\u00e9lior\u00e9e pour un pressage sans effort:<\/strong><br \/>\nDesign inspir\u00e9 par les utilisateurs et utilisatrices avec une sortie de pulpe adapt\u00e9e et propre, des commandes intuitives et un couvercle de tr\u00e9mie \u00e0 une touche.<\/li>\n<\/ul>\n<p>&nbsp;<\/p>\n<ul>\n<li><strong>Une multitude de recettes avec un seul H80-ST:<\/strong><br \/>\nChoisissez le tamis (fin \/ grossier \/ cr\u00e8me glac\u00e9e) correspondant \u00e0 votre recette pr\u00e9f\u00e9r\u00e9e et \u00e0 vos go\u00fbts.<\/li>\n<\/ul>\n<p>&nbsp;<\/p>\n<ul>\n<li><strong>Emballage durable:<\/strong><br \/>\nDes mat\u00e9riaux respectueux de l\u2019environnement, notamment le papier certifi\u00e9 FSC, sont utilis\u00e9s pour contribuer \u00e0 un avenir plus durable.<\/li>\n<\/ul>\n<p>&nbsp;<\/p>\n<ul>\n<li><strong>S\u00e9curit\u00e9:<\/strong><br \/>\nComme de nombreux autres slow juicers Hurom, le H80-ST est enti\u00e8rement fabriqu\u00e9 en mat\u00e9riaux sans BPA.<\/li>\n<\/ul>\n<p>&nbsp;<\/p>\n<ul>\n<li><strong>Remarque:<\/strong><br \/>\nSelon le mod\u00e8le et la date de production, le design et les composants peuvent l\u00e9g\u00e8rement varier par rapport \u00e0 la photo.<\/li>\n<\/ul>\n","protected":false},"excerpt":{"rendered":"<p>La nouvelle technologie de lame en spirale de Hurom: Traite facilement les agrumes tout comme les l\u00e9gumes verts durs, pour un jus onctueux et homog\u00e8ne. &nbsp; Tr\u00e9mie extra-large pour extraire facilement le jus: Chargez une vari\u00e9t\u00e9 d\u2019ingr\u00e9dients et faites plus de jus en un seul pressage pour une routine plus simple et plus facile. &nbsp; [&hellip;]<\/p>\n","protected":false},"featured_media":254197,"template":"","meta":{"_acf_changed":false,"inline_featured_image":false},"product_cat":[178],"product_tag":[],"class_list":{"0":"post-239174","1":"product","2":"type-product","3":"status-publish","4":"has-post-thumbnail","6":"product_cat-la-gamme-pure-press","8":"first","9":"instock","10":"taxable","11":"shipping-taxable","12":"purchasable","13":"product-type-variable","14":"has-default-attributes"},"acf":[],"yoast_head":"<!-- This site is optimized with the Yoast SEO plugin v26.6 - https:\/\/yoast.com\/wordpress\/plugins\/seo\/ -->\n<title>[Nouveau] H80-ST - Hurom Europe<\/title>\n<meta name=\"description\" content=\"Le Slow Juicer H320N de Hurom combin\u00e9 \u00e0 une m\u00e9ga tr\u00e9mie intelligente de grande capacit\u00e9 et \u00e0 un filtre de type maille avec fonction de coupe intelligente et automatique.\" \/>\n<meta name=\"robots\" content=\"index, follow, max-snippet:-1, max-image-preview:large, max-video-preview:-1\" \/>\n<link rel=\"canonical\" href=\"https:\/\/www.hurom-europe.com\/fr\/produit\/h80-st\/\" \/>\n<meta property=\"og:locale\" content=\"fr_FR\" \/>\n<meta property=\"og:type\" content=\"article\" \/>\n<meta property=\"og:title\" content=\"[Nouveau] H80-ST - Hurom Europe\" \/>\n<meta property=\"og:description\" content=\"Le Slow Juicer H320N de Hurom combin\u00e9 \u00e0 une m\u00e9ga tr\u00e9mie intelligente de grande capacit\u00e9 et \u00e0 un filtre de type maille avec fonction de coupe intelligente et automatique.\" \/>\n<meta property=\"og:url\" content=\"https:\/\/www.hurom-europe.com\/fr\/produit\/h80-st\/\" \/>\n<meta property=\"og:site_name\" content=\"Hurom Europe\" \/>\n<meta property=\"article:modified_time\" content=\"2026-04-27T15:01:56+00:00\" \/>\n<meta property=\"og:image\" content=\"https:\/\/www.hurom-europe.com\/wp-content\/uploads\/2026\/03\/deH80ST_Thumbnail_Marble1.jpg\" \/>\n\t<meta property=\"og:image:width\" content=\"1200\" \/>\n\t<meta property=\"og:image:height\" content=\"1200\" \/>\n\t<meta property=\"og:image:type\" content=\"image\/jpeg\" \/>\n<meta name=\"twitter:card\" content=\"summary_large_image\" \/>\n<meta name=\"twitter:label1\" content=\"Dur\u00e9e de lecture estim\u00e9e\" \/>\n\t<meta name=\"twitter:data1\" content=\"2 minutes\" \/>\n<script type=\"application\/ld+json\" class=\"yoast-schema-graph\">{\"@context\":\"https:\/\/schema.org\",\"@graph\":[{\"@type\":\"WebPage\",\"@id\":\"https:\/\/www.hurom-europe.com\/fr\/produit\/h80-st\/\",\"url\":\"https:\/\/www.hurom-europe.com\/fr\/produit\/h80-st\/\",\"name\":\"[Nouveau] H80-ST - Hurom Europe\",\"isPartOf\":{\"@id\":\"https:\/\/www.hurom-europe.com\/fr\/#website\"},\"primaryImageOfPage\":{\"@id\":\"https:\/\/www.hurom-europe.com\/fr\/produit\/h80-st\/#primaryimage\"},\"image\":{\"@id\":\"https:\/\/www.hurom-europe.com\/fr\/produit\/h80-st\/#primaryimage\"},\"thumbnailUrl\":\"https:\/\/www.hurom-europe.com\/wp-content\/uploads\/2026\/03\/deH80ST_Thumbnail_Marble1.jpg\",\"datePublished\":\"2026-03-04T13:04:30+00:00\",\"dateModified\":\"2026-04-27T15:01:56+00:00\",\"description\":\"Le Slow Juicer H320N de Hurom combin\u00e9 \u00e0 une m\u00e9ga tr\u00e9mie intelligente de grande capacit\u00e9 et \u00e0 un filtre de type maille avec fonction de coupe intelligente et automatique.\",\"breadcrumb\":{\"@id\":\"https:\/\/www.hurom-europe.com\/fr\/produit\/h80-st\/#breadcrumb\"},\"inLanguage\":\"fr-FR\",\"potentialAction\":[{\"@type\":\"ReadAction\",\"target\":[\"https:\/\/www.hurom-europe.com\/fr\/produit\/h80-st\/\"]}]},{\"@type\":\"ImageObject\",\"inLanguage\":\"fr-FR\",\"@id\":\"https:\/\/www.hurom-europe.com\/fr\/produit\/h80-st\/#primaryimage\",\"url\":\"https:\/\/www.hurom-europe.com\/wp-content\/uploads\/2026\/03\/deH80ST_Thumbnail_Marble1.jpg\",\"contentUrl\":\"https:\/\/www.hurom-europe.com\/wp-content\/uploads\/2026\/03\/deH80ST_Thumbnail_Marble1.jpg\",\"width\":1200,\"height\":1200},{\"@type\":\"BreadcrumbList\",\"@id\":\"https:\/\/www.hurom-europe.com\/fr\/produit\/h80-st\/#breadcrumb\",\"itemListElement\":[{\"@type\":\"ListItem\",\"position\":1,\"name\":\"Home\",\"item\":\"https:\/\/www.hurom-europe.com\/fr\/\"},{\"@type\":\"ListItem\",\"position\":2,\"name\":\"Boutique\",\"item\":\"https:\/\/www.hurom-europe.com\/fr\/shop\/\"},{\"@type\":\"ListItem\",\"position\":3,\"name\":\"[Nouveau] H80-ST\"}]},{\"@type\":\"WebSite\",\"@id\":\"https:\/\/www.hurom-europe.com\/fr\/#website\",\"url\":\"https:\/\/www.hurom-europe.com\/fr\/\",\"name\":\"Hurom Europe\",\"description\":\"Healthy Way of Life with Slow Juicers\",\"potentialAction\":[{\"@type\":\"SearchAction\",\"target\":{\"@type\":\"EntryPoint\",\"urlTemplate\":\"https:\/\/www.hurom-europe.com\/fr\/?s={search_term_string}\"},\"query-input\":{\"@type\":\"PropertyValueSpecification\",\"valueRequired\":true,\"valueName\":\"search_term_string\"}}],\"inLanguage\":\"fr-FR\"}]}<\/script>\n<!-- \/ Yoast SEO plugin. -->","yoast_head_json":{"title":"[Nouveau] H80-ST - Hurom Europe","description":"Le Slow Juicer H320N de Hurom combin\u00e9 \u00e0 une m\u00e9ga tr\u00e9mie intelligente de grande capacit\u00e9 et \u00e0 un filtre de type maille avec fonction de coupe intelligente et automatique.","robots":{"index":"index","follow":"follow","max-snippet":"max-snippet:-1","max-image-preview":"max-image-preview:large","max-video-preview":"max-video-preview:-1"},"canonical":"https:\/\/www.hurom-europe.com\/fr\/produit\/h80-st\/","og_locale":"fr_FR","og_type":"article","og_title":"[Nouveau] H80-ST - Hurom Europe","og_description":"Le Slow Juicer H320N de Hurom combin\u00e9 \u00e0 une m\u00e9ga tr\u00e9mie intelligente de grande capacit\u00e9 et \u00e0 un filtre de type maille avec fonction de coupe intelligente et automatique.","og_url":"https:\/\/www.hurom-europe.com\/fr\/produit\/h80-st\/","og_site_name":"Hurom Europe","article_modified_time":"2026-04-27T15:01:56+00:00","og_image":[{"width":1200,"height":1200,"url":"https:\/\/www.hurom-europe.com\/wp-content\/uploads\/2026\/03\/deH80ST_Thumbnail_Marble1.jpg","type":"image\/jpeg"}],"twitter_card":"summary_large_image","twitter_misc":{"Dur\u00e9e de lecture estim\u00e9e":"2 minutes"},"schema":{"@context":"https:\/\/schema.org","@graph":[{"@type":"WebPage","@id":"https:\/\/www.hurom-europe.com\/fr\/produit\/h80-st\/","url":"https:\/\/www.hurom-europe.com\/fr\/produit\/h80-st\/","name":"[Nouveau] H80-ST - Hurom Europe","isPartOf":{"@id":"https:\/\/www.hurom-europe.com\/fr\/#website"},"primaryImageOfPage":{"@id":"https:\/\/www.hurom-europe.com\/fr\/produit\/h80-st\/#primaryimage"},"image":{"@id":"https:\/\/www.hurom-europe.com\/fr\/produit\/h80-st\/#primaryimage"},"thumbnailUrl":"https:\/\/www.hurom-europe.com\/wp-content\/uploads\/2026\/03\/deH80ST_Thumbnail_Marble1.jpg","datePublished":"2026-03-04T13:04:30+00:00","dateModified":"2026-04-27T15:01:56+00:00","description":"Le Slow Juicer H320N de Hurom combin\u00e9 \u00e0 une m\u00e9ga tr\u00e9mie intelligente de grande capacit\u00e9 et \u00e0 un filtre de type maille avec fonction de coupe intelligente et automatique.","breadcrumb":{"@id":"https:\/\/www.hurom-europe.com\/fr\/produit\/h80-st\/#breadcrumb"},"inLanguage":"fr-FR","potentialAction":[{"@type":"ReadAction","target":["https:\/\/www.hurom-europe.com\/fr\/produit\/h80-st\/"]}]},{"@type":"ImageObject","inLanguage":"fr-FR","@id":"https:\/\/www.hurom-europe.com\/fr\/produit\/h80-st\/#primaryimage","url":"https:\/\/www.hurom-europe.com\/wp-content\/uploads\/2026\/03\/deH80ST_Thumbnail_Marble1.jpg","contentUrl":"https:\/\/www.hurom-europe.com\/wp-content\/uploads\/2026\/03\/deH80ST_Thumbnail_Marble1.jpg","width":1200,"height":1200},{"@type":"BreadcrumbList","@id":"https:\/\/www.hurom-europe.com\/fr\/produit\/h80-st\/#breadcrumb","itemListElement":[{"@type":"ListItem","position":1,"name":"Home","item":"https:\/\/www.hurom-europe.com\/fr\/"},{"@type":"ListItem","position":2,"name":"Boutique","item":"https:\/\/www.hurom-europe.com\/fr\/shop\/"},{"@type":"ListItem","position":3,"name":"[Nouveau] H80-ST"}]},{"@type":"WebSite","@id":"https:\/\/www.hurom-europe.com\/fr\/#website","url":"https:\/\/www.hurom-europe.com\/fr\/","name":"Hurom Europe","description":"Healthy Way of Life with Slow Juicers","potentialAction":[{"@type":"SearchAction","target":{"@type":"EntryPoint","urlTemplate":"https:\/\/www.hurom-europe.com\/fr\/?s={search_term_string}"},"query-input":{"@type":"PropertyValueSpecification","valueRequired":true,"valueName":"search_term_string"}}],"inLanguage":"fr-FR"}]}},"_links":{"self":[{"href":"https:\/\/www.hurom-europe.com\/fr\/wp-json\/wp\/v2\/product\/239174","targetHints":{"allow":["GET"]}}],"collection":[{"href":"https:\/\/www.hurom-europe.com\/fr\/wp-json\/wp\/v2\/product"}],"about":[{"href":"https:\/\/www.hurom-europe.com\/fr\/wp-json\/wp\/v2\/types\/product"}],"wp:featuredmedia":[{"embeddable":true,"href":"https:\/\/www.hurom-europe.com\/fr\/wp-json\/wp\/v2\/media\/254197"}],"wp:attachment":[{"href":"https:\/\/www.hurom-europe.com\/fr\/wp-json\/wp\/v2\/media?parent=239174"}],"wp:term":[{"taxonomy":"product_cat","embeddable":true,"href":"https:\/\/www.hurom-europe.com\/fr\/wp-json\/wp\/v2\/product_cat?post=239174"},{"taxonomy":"product_tag","embeddable":true,"href":"https:\/\/www.hurom-europe.com\/fr\/wp-json\/wp\/v2\/product_tag?post=239174"}],"curies":[{"name":"wp","href":"https:\/\/api.w.org\/{rel}","templated":true}]}}