{"id":233001,"date":"2026-02-17T15:05:35","date_gmt":"2026-02-17T14:05:35","guid":{"rendered":"https:\/\/www.hurom-europe.com\/?post_type=product&#038;p=233001"},"modified":"2026-04-16T10:59:26","modified_gmt":"2026-04-16T08:59:26","slug":"new-h310a","status":"publish","type":"product","link":"https:\/\/www.hurom-europe.com\/fr\/produit\/new-h310a\/","title":{"rendered":"[Nouveau] H310A"},"content":{"rendered":"<ul class=\"ul1\">\n<li><strong><span class=\"TextRun SCXP141930089 BCX0\" lang=\"EN-US\" xml:lang=\"EN-US\" data-scheme-color=\"@000000,1,\" data-usefontface=\"true\" data-contrast=\"none\"><span class=\"NormalTextRun SCXP141930089 BCX0\">Un<\/span><\/span> <span class=\"TextRun SCXP141930089 BCX0\" lang=\"EN-US\" xml:lang=\"EN-US\" data-scheme-color=\"@000000,1,\" data-usefontface=\"true\" data-contrast=\"none\"><span class=\"NormalTextRun SCXP141930089 BCX0\">choix<\/span><\/span> <span class=\"TextRun SpellingErrorZoomed SCXP141930089 BCX0\" lang=\"EN-US\" xml:lang=\"EN-US\" data-scheme-color=\"@000000,1,\" data-usefontface=\"true\" data-contrast=\"none\"><span class=\"annotation-672238c0-f6e6-419e-ac84-20e7cdc298ca SCXP141930089 BCX0\">respectueux<\/span><\/span> <span class=\"TextRun SCXP141930089 BCX0\" lang=\"EN-US\" xml:lang=\"EN-US\" data-scheme-color=\"@000000,1,\" data-usefontface=\"true\" data-contrast=\"none\"><span class=\"NormalTextRun SCXP141930089 BCX0\">de<\/span><\/span> <span class=\"TextRun SpellingErrorZoomed SCXP141930089 BCX0\" lang=\"EN-US\" xml:lang=\"EN-US\" data-scheme-color=\"@000000,1,\" data-usefontface=\"true\" data-contrast=\"none\"><span class=\"annotation-672238c0-f6e6-419e-ac84-20e7cdc298ca SCXP141930089 BCX0\">l\u2019environnement<\/span><\/span><span class=\"TextRun SCXP141930089 BCX0\" lang=\"EN-US\" xml:lang=\"EN-US\" data-scheme-color=\"@000000,1,\" data-usefontface=\"true\" data-contrast=\"none\"><span class=\"NormalTextRun SCXP141930089 BCX0\">\u202f:<\/span><\/span><\/strong><br \/>\n<span class=\"TextRun SCXP139499610 BCX0\" lang=\"EN-US\" xml:lang=\"EN-US\" data-scheme-color=\"@000000,1,\" data-usefontface=\"true\" data-contrast=\"none\"><span class=\"NormalTextRun SCXP139499610 BCX0\">Le<\/span><\/span> <span class=\"TextRun SCXP139499610 BCX0\" lang=\"EN-US\" xml:lang=\"EN-US\" data-scheme-color=\"@000000,1,\" data-usefontface=\"true\" data-contrast=\"none\"><span class=\"NormalTextRun SCXP139499610 BCX0\">nouveau<\/span><\/span> <span class=\"TextRun SCXP139499610 BCX0\" lang=\"EN-US\" xml:lang=\"EN-US\" data-scheme-color=\"@000000,1,\" data-usefontface=\"true\" data-contrast=\"none\"><span class=\"NormalTextRun SCXP139499610 BCX0\">H310A<\/span><\/span> <span class=\"TextRun SCXP139499610 BCX0\" lang=\"EN-US\" xml:lang=\"EN-US\" data-scheme-color=\"@000000,1,\" data-usefontface=\"true\" data-contrast=\"none\"><span class=\"NormalTextRun SCXP139499610 BCX0\">est<\/span><\/span> <span class=\"TextRun SpellingErrorZoomed SCXP139499610 BCX0\" lang=\"EN-US\" xml:lang=\"EN-US\" data-scheme-color=\"@000000,1,\" data-usefontface=\"true\" data-contrast=\"none\"><span class=\"annotation-6694fc87-3673-4477-8810-9b603005c6b9 SCXP139499610 BCX0\">fabriqu\u00e9<\/span><\/span> <span class=\"TextRun SCXP139499610 BCX0\" lang=\"EN-US\" xml:lang=\"EN-US\" data-scheme-color=\"@000000,1,\" data-usefontface=\"true\" data-contrast=\"none\"><span class=\"NormalTextRun SCXP139499610 BCX0\">\u00e0<\/span><\/span> <span class=\"TextRun SpellingErrorZoomed SCXP139499610 BCX0\" lang=\"EN-US\" xml:lang=\"EN-US\" data-scheme-color=\"@000000,1,\" data-usefontface=\"true\" data-contrast=\"none\"><span class=\"annotation-6694fc87-3673-4477-8810-9b603005c6b9 SCXP139499610 BCX0\">partir<\/span><\/span> <span class=\"TextRun SCXP139499610 BCX0\" lang=\"EN-US\" xml:lang=\"EN-US\" data-scheme-color=\"@000000,1,\" data-usefontface=\"true\" data-contrast=\"none\"><span class=\"NormalTextRun SCXP139499610 BCX0\">de<\/span><\/span> <span class=\"TextRun SpellingErrorZoomed SCXP139499610 BCX0\" lang=\"EN-US\" xml:lang=\"EN-US\" data-scheme-color=\"@000000,1,\" data-usefontface=\"true\" data-contrast=\"none\"><span class=\"annotation-6694fc87-3673-4477-8810-9b603005c6b9 SCXP139499610 BCX0\">mat\u00e9riaux<\/span><\/span> <span class=\"TextRun SpellingErrorZoomed SCXP139499610 BCX0\" lang=\"EN-US\" xml:lang=\"EN-US\" data-scheme-color=\"@000000,1,\" data-usefontface=\"true\" data-contrast=\"none\"><span class=\"annotation-6694fc87-3673-4477-8810-9b603005c6b9 SCXP139499610 BCX0\">recycl\u00e9s<\/span><\/span> <span class=\"TextRun SpellingErrorZoomed SCXP139499610 BCX0\" lang=\"EN-US\" xml:lang=\"EN-US\" data-scheme-color=\"@000000,1,\" data-usefontface=\"true\" data-contrast=\"none\"><span class=\"annotation-6694fc87-3673-4477-8810-9b603005c6b9 SCXP139499610 BCX0\">respectueux<\/span><\/span> <span class=\"TextRun SCXP139499610 BCX0\" lang=\"EN-US\" xml:lang=\"EN-US\" data-scheme-color=\"@000000,1,\" data-usefontface=\"true\" data-contrast=\"none\"><span class=\"NormalTextRun SCXP139499610 BCX0\">de<\/span><\/span> <span class=\"TextRun SpellingErrorZoomed SCXP139499610 BCX0\" lang=\"EN-US\" xml:lang=\"EN-US\" data-scheme-color=\"@000000,1,\" data-usefontface=\"true\" data-contrast=\"none\"><span class=\"annotation-6694fc87-3673-4477-8810-9b603005c6b9 SCXP139499610 BCX0\">l\u2019environnement<\/span><\/span><span class=\"TextRun SCXP139499610 BCX0\" lang=\"EN-US\" xml:lang=\"EN-US\" data-scheme-color=\"@000000,1,\" data-usefontface=\"true\" data-contrast=\"none\"><span class=\"NormalTextRun SCXP139499610 BCX0\">,<\/span><\/span> <span class=\"TextRun SpellingErrorZoomed SCXP139499610 BCX0\" lang=\"EN-US\" xml:lang=\"EN-US\" data-scheme-color=\"@000000,1,\" data-usefontface=\"true\" data-contrast=\"none\"><span class=\"annotation-6694fc87-3673-4477-8810-9b603005c6b9 SCXP139499610 BCX0\">con\u00e7u<\/span><\/span> <span class=\"TextRun SCXP139499610 BCX0\" lang=\"EN-US\" xml:lang=\"EN-US\" data-scheme-color=\"@000000,1,\" data-usefontface=\"true\" data-contrast=\"none\"><span class=\"NormalTextRun SCXP139499610 BCX0\">pour<\/span><\/span> <span class=\"TextRun SpellingErrorZoomed SCXP139499610 BCX0\" lang=\"EN-US\" xml:lang=\"EN-US\" data-scheme-color=\"@000000,1,\" data-usefontface=\"true\" data-contrast=\"none\"><span class=\"annotation-6694fc87-3673-4477-8810-9b603005c6b9 SCXP139499610 BCX0\">votre<\/span><\/span> <span class=\"TextRun SCXP139499610 BCX0\" lang=\"EN-US\" xml:lang=\"EN-US\" data-scheme-color=\"@000000,1,\" data-usefontface=\"true\" data-contrast=\"none\"><span class=\"NormalTextRun SCXP139499610 BCX0\">bien-<\/span><\/span><span class=\"TextRun SpellingErrorZoomed SCXP139499610 BCX0\" lang=\"EN-US\" xml:lang=\"EN-US\" data-scheme-color=\"@000000,1,\" data-usefontface=\"true\" data-contrast=\"none\"><span class=\"annotation-6694fc87-3673-4477-8810-9b603005c6b9 SCXP139499610 BCX0\">\u00eatre<\/span><\/span> <span class=\"TextRun SCXP139499610 BCX0\" lang=\"EN-US\" xml:lang=\"EN-US\" data-scheme-color=\"@000000,1,\" data-usefontface=\"true\" data-contrast=\"none\"><span class=\"NormalTextRun SCXP139499610 BCX0\">tout<\/span><\/span> <span class=\"TextRun SpellingErrorZoomed SCXP139499610 BCX0\" lang=\"EN-US\" xml:lang=\"EN-US\" data-scheme-color=\"@000000,1,\" data-usefontface=\"true\" data-contrast=\"none\"><span class=\"annotation-6694fc87-3673-4477-8810-9b603005c6b9 SCXP139499610 BCX0\">en<\/span><\/span> <span class=\"TextRun SpellingErrorZoomed SCXP139499610 BCX0\" lang=\"EN-US\" xml:lang=\"EN-US\" data-scheme-color=\"@000000,1,\" data-usefontface=\"true\" data-contrast=\"none\"><span class=\"annotation-6694fc87-3673-4477-8810-9b603005c6b9 SCXP139499610 BCX0\">prenant<\/span><\/span> <span class=\"TextRun SpellingErrorZoomed SCXP139499610 BCX0\" lang=\"EN-US\" xml:lang=\"EN-US\" data-scheme-color=\"@000000,1,\" data-usefontface=\"true\" data-contrast=\"none\"><span class=\"annotation-6694fc87-3673-4477-8810-9b603005c6b9 SCXP139499610 BCX0\">soin<\/span><\/span> <span class=\"TextRun SCXP139499610 BCX0\" lang=\"EN-US\" xml:lang=\"EN-US\" data-scheme-color=\"@000000,1,\" data-usefontface=\"true\" data-contrast=\"none\"><span class=\"NormalTextRun SCXP139499610 BCX0\">de<\/span><\/span> <span class=\"TextRun SCXP139499610 BCX0\" lang=\"EN-US\" xml:lang=\"EN-US\" data-scheme-color=\"@000000,1,\" data-usefontface=\"true\" data-contrast=\"none\"><span class=\"NormalTextRun SCXP139499610 BCX0\">la<\/span><\/span> <span class=\"TextRun SpellingErrorZoomed SCXP139499610 BCX0\" lang=\"EN-US\" xml:lang=\"EN-US\" data-scheme-color=\"@000000,1,\" data-usefontface=\"true\" data-contrast=\"none\"><span class=\"annotation-6694fc87-3673-4477-8810-9b603005c6b9 SCXP139499610 BCX0\">plan\u00e8te<\/span><\/span><span class=\"TextRun SCXP139499610 BCX0\" lang=\"EN-US\" xml:lang=\"EN-US\" data-scheme-color=\"@000000,1,\" data-usefontface=\"true\" data-contrast=\"none\"><span class=\"NormalTextRun SCXP139499610 BCX0\">.<\/span><\/span><\/li>\n<\/ul>\n<p>&nbsp;<\/p>\n<ul class=\"ul1\">\n<li><strong>Un design qui se fond partout\u00a0:<\/strong><br \/>\nCet extracteur \u00e0 la forme harmonieuse trouve parfaitement sa place dans toutes les cuisines gr\u00e2ce \u00e0 sa structure compacte, \u00e0 sa gamme de couleurs attrayantes et \u00e0 son bouton simple mais intuitif.<\/li>\n<\/ul>\n<p>&nbsp;<\/p>\n<ul class=\"ul1\">\n<li><strong>Une technologie de pointe :<br \/>\n<\/strong><span class=\"TextRun BCX0 SCXP135365351\" lang=\"EN-US\" xml:lang=\"EN-US\" data-usefontface=\"true\" data-contrast=\"none\"><span class=\"NormalTextRun BCX0 SCXP135365351\"><span class=\"TextRun MacChromeBold SCXW13981593 BCX0\" lang=\"EN-US\" xml:lang=\"EN-US\" data-contrast=\"auto\"><span class=\"NormalTextRun SCXW13981593 BCX0\">La nouvelle vis <\/span><span class=\"NormalTextRun SpellingErrorV2Themed SCXW13981593 BCX0\">brevet\u00e9e<\/span><span class=\"NormalTextRun SCXW13981593 BCX0\"> combine <\/span><span class=\"NormalTextRun SpellingErrorV2Themed SCXW13981593 BCX0\">une<\/span><span class=\"NormalTextRun SCXW13981593 BCX0\"> vis de <\/span><span class=\"NormalTextRun SpellingErrorV2Themed SCXW13981593 BCX0\">broyage<\/span><\/span> <span class=\"TextRun MacChromeBold SCXW13981593 BCX0\" lang=\"EN-US\" xml:lang=\"EN-US\" data-contrast=\"auto\"><span class=\"NormalTextRun SpellingErrorV2Themed SCXW13981593 BCX0\">ainsi<\/span><span class=\"NormalTextRun SCXW13981593 BCX0\"> que <\/span><span class=\"NormalTextRun SpellingErrorV2Themed SCXW13981593 BCX0\">plusieurs<\/span><\/span> <span class=\"TextRun MacChromeBold SCXW13981593 BCX0\" lang=\"EN-US\" xml:lang=\"EN-US\" data-contrast=\"auto\"><span class=\"NormalTextRun SpellingErrorV2Themed SCXW13981593 BCX0\">fonctions<\/span><span class=\"NormalTextRun SCXW13981593 BCX0\"> de tamis <\/span><span class=\"NormalTextRun SpellingErrorV2Themed SCXW13981593 BCX0\">en<\/span><span class=\"NormalTextRun SCXW13981593 BCX0\"> un seul <\/span><span class=\"NormalTextRun SpellingErrorV2Themed SCXW13981593 BCX0\">ustensile<\/span><\/span><span class=\"TextRun MacChromeBold SCXW13981593 BCX0\" lang=\"KO-KR\" xml:lang=\"KO-KR\" data-contrast=\"auto\"><span class=\"NormalTextRun SCXW13981593 BCX0\">.<\/span><\/span><\/span><\/span><\/li>\n<\/ul>\n<p>&nbsp;<\/p>\n<ul>\n<li><span class=\"s2\"><strong>Un extracteur de jus astucieux\u00a0:\u00a0<\/strong><br \/>\nPlus besoin de pr\u00e9parer longuement vos aliments. Cet appareil les coupe automatiquement avant d\u2019en extraire le jus.<br \/>\n<\/span><\/li>\n<\/ul>\n<p>&nbsp;<\/p>\n<ul class=\"ul1\">\n<li class=\"li1\"><span class=\"s2\"><strong>Un nettoyage simplifi\u00e9\u00a0:\u00a0<\/strong><br \/>\nIl n\u2019y a que trois\u00a0pi\u00e8ces \u00e0 nettoyer. Elles sont faciles \u00e0 monter et d\u00e9monter. <\/span><\/li>\n<\/ul>\n<p>&nbsp;<\/p>\n<ul class=\"ul1\">\n<li class=\"li1\"><span class=\"s2\"><strong>S\u00e9curit\u00e9\u00a0:\u00a0<\/strong><br \/>\nComme tous les autres extracteurs de jus \u00e0 froid Hurom, le H310A ne contient pas de BPA.<\/span><\/li>\n<\/ul>\n<p>&nbsp;<\/p>\n<ul class=\"ul1\">\n<li><strong>En fonction du mod\u00e8le et de la date de production, l\u2019aspect et les pi\u00e8ces de l\u2019appareil peuvent l\u00e9g\u00e8rement varier par rapport \u00e0 la photo.<\/strong><\/li>\n<\/ul>\n","protected":false},"excerpt":{"rendered":"<p>Un choix respectueux de l\u2019environnement\u202f: Le nouveau H310A est fabriqu\u00e9 \u00e0 partir de mat\u00e9riaux recycl\u00e9s respectueux de l\u2019environnement, con\u00e7u pour votre bien-\u00eatre tout en prenant soin de la plan\u00e8te. &nbsp; Un design qui se fond partout\u00a0: Cet extracteur \u00e0 la forme harmonieuse trouve parfaitement sa place dans toutes les cuisines gr\u00e2ce \u00e0 sa structure compacte, [&hellip;]<\/p>\n","protected":false},"featured_media":233023,"template":"","meta":{"_acf_changed":false,"inline_featured_image":false},"product_cat":[174],"product_tag":[],"class_list":{"0":"post-233001","1":"product","2":"type-product","3":"status-publish","4":"has-post-thumbnail","6":"product_cat-la-gamme-easy-press","8":"first","9":"instock","10":"taxable","11":"shipping-taxable","12":"purchasable","13":"product-type-variable","14":"has-default-attributes"},"acf":[],"yoast_head":"<!-- This site is optimized with the Yoast SEO plugin v26.6 - https:\/\/yoast.com\/wordpress\/plugins\/seo\/ -->\n<title>[Nouveau] H310A - Hurom Europe<\/title>\n<meta name=\"description\" content=\"Les fonctions de l&#039;extracteur de jus H310A vont bien au-del\u00e0 de la simple extraction de jus. Ne vous fiez pas \u00e0 sa taille, le H310A conserve toutes les fonctionnalit\u00e9s d&#039;un grand! Bonne d\u00e9gustation\" \/>\n<meta name=\"robots\" content=\"index, follow, max-snippet:-1, max-image-preview:large, max-video-preview:-1\" \/>\n<link rel=\"canonical\" href=\"https:\/\/www.hurom-europe.com\/fr\/produit\/new-h310a\/\" \/>\n<meta property=\"og:locale\" content=\"fr_FR\" \/>\n<meta property=\"og:type\" content=\"article\" \/>\n<meta property=\"og:title\" content=\"[Nouveau] H310A - Hurom Europe\" \/>\n<meta property=\"og:description\" content=\"Les fonctions de l&#039;extracteur de jus H310A vont bien au-del\u00e0 de la simple extraction de jus. Ne vous fiez pas \u00e0 sa taille, le H310A conserve toutes les fonctionnalit\u00e9s d&#039;un grand! Bonne d\u00e9gustation\" \/>\n<meta property=\"og:url\" content=\"https:\/\/www.hurom-europe.com\/fr\/produit\/new-h310a\/\" \/>\n<meta property=\"og:site_name\" content=\"Hurom Europe\" \/>\n<meta property=\"article:modified_time\" content=\"2026-04-16T08:59:26+00:00\" \/>\n<meta property=\"og:image\" content=\"https:\/\/www.hurom-europe.com\/wp-content\/uploads\/2026\/02\/H310A_Kale-Green1.jpg\" \/>\n\t<meta property=\"og:image:width\" content=\"1200\" \/>\n\t<meta property=\"og:image:height\" content=\"1200\" \/>\n\t<meta property=\"og:image:type\" content=\"image\/jpeg\" \/>\n<meta name=\"twitter:card\" content=\"summary_large_image\" \/>\n<meta name=\"twitter:label1\" content=\"Dur\u00e9e de lecture estim\u00e9e\" \/>\n\t<meta name=\"twitter:data1\" content=\"1 minute\" \/>\n<script type=\"application\/ld+json\" class=\"yoast-schema-graph\">{\"@context\":\"https:\/\/schema.org\",\"@graph\":[{\"@type\":\"WebPage\",\"@id\":\"https:\/\/www.hurom-europe.com\/fr\/produit\/new-h310a\/\",\"url\":\"https:\/\/www.hurom-europe.com\/fr\/produit\/new-h310a\/\",\"name\":\"[Nouveau] H310A - Hurom Europe\",\"isPartOf\":{\"@id\":\"https:\/\/www.hurom-europe.com\/fr\/#website\"},\"primaryImageOfPage\":{\"@id\":\"https:\/\/www.hurom-europe.com\/fr\/produit\/new-h310a\/#primaryimage\"},\"image\":{\"@id\":\"https:\/\/www.hurom-europe.com\/fr\/produit\/new-h310a\/#primaryimage\"},\"thumbnailUrl\":\"https:\/\/www.hurom-europe.com\/wp-content\/uploads\/2026\/02\/H310A_Kale-Green1.jpg\",\"datePublished\":\"2026-02-17T14:05:35+00:00\",\"dateModified\":\"2026-04-16T08:59:26+00:00\",\"description\":\"Les fonctions de l'extracteur de jus H310A vont bien au-del\u00e0 de la simple extraction de jus. Ne vous fiez pas \u00e0 sa taille, le H310A conserve toutes les fonctionnalit\u00e9s d'un grand! Bonne d\u00e9gustation\",\"breadcrumb\":{\"@id\":\"https:\/\/www.hurom-europe.com\/fr\/produit\/new-h310a\/#breadcrumb\"},\"inLanguage\":\"fr-FR\",\"potentialAction\":[{\"@type\":\"ReadAction\",\"target\":[\"https:\/\/www.hurom-europe.com\/fr\/produit\/new-h310a\/\"]}]},{\"@type\":\"ImageObject\",\"inLanguage\":\"fr-FR\",\"@id\":\"https:\/\/www.hurom-europe.com\/fr\/produit\/new-h310a\/#primaryimage\",\"url\":\"https:\/\/www.hurom-europe.com\/wp-content\/uploads\/2026\/02\/H310A_Kale-Green1.jpg\",\"contentUrl\":\"https:\/\/www.hurom-europe.com\/wp-content\/uploads\/2026\/02\/H310A_Kale-Green1.jpg\",\"width\":1200,\"height\":1200},{\"@type\":\"BreadcrumbList\",\"@id\":\"https:\/\/www.hurom-europe.com\/fr\/produit\/new-h310a\/#breadcrumb\",\"itemListElement\":[{\"@type\":\"ListItem\",\"position\":1,\"name\":\"Home\",\"item\":\"https:\/\/www.hurom-europe.com\/fr\/\"},{\"@type\":\"ListItem\",\"position\":2,\"name\":\"Boutique\",\"item\":\"https:\/\/www.hurom-europe.com\/fr\/shop\/\"},{\"@type\":\"ListItem\",\"position\":3,\"name\":\"[Nouveau] H310A\"}]},{\"@type\":\"WebSite\",\"@id\":\"https:\/\/www.hurom-europe.com\/fr\/#website\",\"url\":\"https:\/\/www.hurom-europe.com\/fr\/\",\"name\":\"Hurom Europe\",\"description\":\"Healthy Way of Life with Slow Juicers\",\"potentialAction\":[{\"@type\":\"SearchAction\",\"target\":{\"@type\":\"EntryPoint\",\"urlTemplate\":\"https:\/\/www.hurom-europe.com\/fr\/?s={search_term_string}\"},\"query-input\":{\"@type\":\"PropertyValueSpecification\",\"valueRequired\":true,\"valueName\":\"search_term_string\"}}],\"inLanguage\":\"fr-FR\"}]}<\/script>\n<!-- \/ Yoast SEO plugin. -->","yoast_head_json":{"title":"[Nouveau] H310A - Hurom Europe","description":"Les fonctions de l'extracteur de jus H310A vont bien au-del\u00e0 de la simple extraction de jus. Ne vous fiez pas \u00e0 sa taille, le H310A conserve toutes les fonctionnalit\u00e9s d'un grand! Bonne d\u00e9gustation","robots":{"index":"index","follow":"follow","max-snippet":"max-snippet:-1","max-image-preview":"max-image-preview:large","max-video-preview":"max-video-preview:-1"},"canonical":"https:\/\/www.hurom-europe.com\/fr\/produit\/new-h310a\/","og_locale":"fr_FR","og_type":"article","og_title":"[Nouveau] H310A - Hurom Europe","og_description":"Les fonctions de l'extracteur de jus H310A vont bien au-del\u00e0 de la simple extraction de jus. Ne vous fiez pas \u00e0 sa taille, le H310A conserve toutes les fonctionnalit\u00e9s d'un grand! Bonne d\u00e9gustation","og_url":"https:\/\/www.hurom-europe.com\/fr\/produit\/new-h310a\/","og_site_name":"Hurom Europe","article_modified_time":"2026-04-16T08:59:26+00:00","og_image":[{"width":1200,"height":1200,"url":"https:\/\/www.hurom-europe.com\/wp-content\/uploads\/2026\/02\/H310A_Kale-Green1.jpg","type":"image\/jpeg"}],"twitter_card":"summary_large_image","twitter_misc":{"Dur\u00e9e de lecture estim\u00e9e":"1 minute"},"schema":{"@context":"https:\/\/schema.org","@graph":[{"@type":"WebPage","@id":"https:\/\/www.hurom-europe.com\/fr\/produit\/new-h310a\/","url":"https:\/\/www.hurom-europe.com\/fr\/produit\/new-h310a\/","name":"[Nouveau] H310A - Hurom Europe","isPartOf":{"@id":"https:\/\/www.hurom-europe.com\/fr\/#website"},"primaryImageOfPage":{"@id":"https:\/\/www.hurom-europe.com\/fr\/produit\/new-h310a\/#primaryimage"},"image":{"@id":"https:\/\/www.hurom-europe.com\/fr\/produit\/new-h310a\/#primaryimage"},"thumbnailUrl":"https:\/\/www.hurom-europe.com\/wp-content\/uploads\/2026\/02\/H310A_Kale-Green1.jpg","datePublished":"2026-02-17T14:05:35+00:00","dateModified":"2026-04-16T08:59:26+00:00","description":"Les fonctions de l'extracteur de jus H310A vont bien au-del\u00e0 de la simple extraction de jus. Ne vous fiez pas \u00e0 sa taille, le H310A conserve toutes les fonctionnalit\u00e9s d'un grand! Bonne d\u00e9gustation","breadcrumb":{"@id":"https:\/\/www.hurom-europe.com\/fr\/produit\/new-h310a\/#breadcrumb"},"inLanguage":"fr-FR","potentialAction":[{"@type":"ReadAction","target":["https:\/\/www.hurom-europe.com\/fr\/produit\/new-h310a\/"]}]},{"@type":"ImageObject","inLanguage":"fr-FR","@id":"https:\/\/www.hurom-europe.com\/fr\/produit\/new-h310a\/#primaryimage","url":"https:\/\/www.hurom-europe.com\/wp-content\/uploads\/2026\/02\/H310A_Kale-Green1.jpg","contentUrl":"https:\/\/www.hurom-europe.com\/wp-content\/uploads\/2026\/02\/H310A_Kale-Green1.jpg","width":1200,"height":1200},{"@type":"BreadcrumbList","@id":"https:\/\/www.hurom-europe.com\/fr\/produit\/new-h310a\/#breadcrumb","itemListElement":[{"@type":"ListItem","position":1,"name":"Home","item":"https:\/\/www.hurom-europe.com\/fr\/"},{"@type":"ListItem","position":2,"name":"Boutique","item":"https:\/\/www.hurom-europe.com\/fr\/shop\/"},{"@type":"ListItem","position":3,"name":"[Nouveau] H310A"}]},{"@type":"WebSite","@id":"https:\/\/www.hurom-europe.com\/fr\/#website","url":"https:\/\/www.hurom-europe.com\/fr\/","name":"Hurom Europe","description":"Healthy Way of Life with Slow Juicers","potentialAction":[{"@type":"SearchAction","target":{"@type":"EntryPoint","urlTemplate":"https:\/\/www.hurom-europe.com\/fr\/?s={search_term_string}"},"query-input":{"@type":"PropertyValueSpecification","valueRequired":true,"valueName":"search_term_string"}}],"inLanguage":"fr-FR"}]}},"_links":{"self":[{"href":"https:\/\/www.hurom-europe.com\/fr\/wp-json\/wp\/v2\/product\/233001","targetHints":{"allow":["GET"]}}],"collection":[{"href":"https:\/\/www.hurom-europe.com\/fr\/wp-json\/wp\/v2\/product"}],"about":[{"href":"https:\/\/www.hurom-europe.com\/fr\/wp-json\/wp\/v2\/types\/product"}],"wp:featuredmedia":[{"embeddable":true,"href":"https:\/\/www.hurom-europe.com\/fr\/wp-json\/wp\/v2\/media\/233023"}],"wp:attachment":[{"href":"https:\/\/www.hurom-europe.com\/fr\/wp-json\/wp\/v2\/media?parent=233001"}],"wp:term":[{"taxonomy":"product_cat","embeddable":true,"href":"https:\/\/www.hurom-europe.com\/fr\/wp-json\/wp\/v2\/product_cat?post=233001"},{"taxonomy":"product_tag","embeddable":true,"href":"https:\/\/www.hurom-europe.com\/fr\/wp-json\/wp\/v2\/product_tag?post=233001"}],"curies":[{"name":"wp","href":"https:\/\/api.w.org\/{rel}","templated":true}]}}