{"id":19993,"date":"2023-07-31T14:50:20","date_gmt":"2023-07-31T12:50:20","guid":{"rendered":"https:\/\/www.hurom-europe.com\/?post_type=product&#038;p=19993"},"modified":"2026-04-04T12:16:37","modified_gmt":"2026-04-04T10:16:37","slug":"tamis-a-sorbet-pour-h320n","status":"publish","type":"product","link":"https:\/\/www.hurom-europe.com\/fr\/produit\/tamis-a-sorbet-pour-h320n\/","title":{"rendered":"Tamis \u00e0 sorbet pour H320N"},"content":{"rendered":"<ul>\n<li><strong>Comment utiliser<\/strong><br \/>\n1. Fixez le filtre \u00e0 cr\u00e8me glac\u00e9e au produit, puis allumez le produit.<br \/>\n2. Ajoutez lentement les fruits (ou jus) pr\u00e9-congel\u00e9s et pr\u00e9-hach\u00e9s un par un dans la fente suppl\u00e9mentaire.<br \/>\n3. Obtenez de la cr\u00e8me glac\u00e9e \u00e0 la sortie de la pulpe de l&rsquo;extracteur de jus.<\/li>\n<\/ul>\n<p>&nbsp;<\/p>\n<ul>\n<li><strong>Pr\u00e9cautions de s\u00e9curit\u00e9<\/strong><br \/>\n&#8211; Veuillez utiliser le filtre \u00e0 cr\u00e8me glac\u00e9e uniquement pour les fruits surgel\u00e9s.<br \/>\n&#8211; Ne l&rsquo;utilisez pas pour concasser ou broyer de la glace ou d&rsquo;autres ingr\u00e9dients.<br \/>\n&#8211; Couper les fruits en morceaux de 2 cm et les congeler avant utilisation.<br \/>\n&#8211; Les graines dures qui ne peuvent pas \u00eatre m\u00e2ch\u00e9es doivent \u00eatre retir\u00e9es du fruit avant utilisation.<br \/>\n&#8211; <strong>Le filtre peut se coincer si vous ajoutez de gros morceaux ou une grande quantit\u00e9 \u00e0 la fois. Ajoutez lentement les ingr\u00e9dients un par un via la fente suppl\u00e9mentaire.<\/strong><br \/>\n&#8211; Lors de la compression de fruits l\u00e9g\u00e8rement d\u00e9congel\u00e9s, le jus peut s&rsquo;\u00e9chapper par la sortie glace ou le filtre. Il s&rsquo;agit d&rsquo;un ph\u00e9nom\u00e8ne naturel et non d&rsquo;un dysfonctionnement du produit.<\/li>\n<\/ul>\n","protected":false},"excerpt":{"rendered":"<p>Comment utiliser 1. Fixez le filtre \u00e0 cr\u00e8me glac\u00e9e au produit, puis allumez le produit. 2. Ajoutez lentement les fruits (ou jus) pr\u00e9-congel\u00e9s et pr\u00e9-hach\u00e9s un par un dans la fente suppl\u00e9mentaire. 3. Obtenez de la cr\u00e8me glac\u00e9e \u00e0 la sortie de la pulpe de l&rsquo;extracteur de jus. &nbsp; Pr\u00e9cautions de s\u00e9curit\u00e9 &#8211; Veuillez utiliser [&hellip;]<\/p>\n","protected":false},"featured_media":20001,"template":"","meta":{"_acf_changed":false,"inline_featured_image":false},"product_cat":[253],"product_tag":[],"class_list":{"0":"post-19993","1":"product","2":"type-product","3":"status-publish","4":"has-post-thumbnail","6":"product_cat-autres","8":"first","9":"instock","10":"taxable","11":"shipping-taxable","12":"purchasable","13":"product-type-simple"},"acf":[],"yoast_head":"<!-- This site is optimized with the Yoast SEO plugin v26.6 - https:\/\/yoast.com\/wordpress\/plugins\/seo\/ -->\n<title>Tamis \u00e0 sorbet pour H320N - Hurom Europe<\/title>\n<meta name=\"description\" content=\"Comment utiliser 1. Fixez le filtre \u00e0 cr\u00e8me glac\u00e9e au produit, puis allumez le produit. 2. Ajoutez lentement les fruits (ou jus) pr\u00e9-congel\u00e9s et\" \/>\n<meta name=\"robots\" content=\"index, follow, max-snippet:-1, max-image-preview:large, max-video-preview:-1\" \/>\n<link rel=\"canonical\" href=\"https:\/\/www.hurom-europe.com\/fr\/produit\/tamis-a-sorbet-pour-h320n\/\" \/>\n<meta property=\"og:locale\" content=\"fr_FR\" \/>\n<meta property=\"og:type\" content=\"article\" \/>\n<meta property=\"og:title\" content=\"Tamis \u00e0 sorbet pour H320N - Hurom Europe\" \/>\n<meta property=\"og:description\" content=\"Comment utiliser 1. Fixez le filtre \u00e0 cr\u00e8me glac\u00e9e au produit, puis allumez le produit. 2. Ajoutez lentement les fruits (ou jus) pr\u00e9-congel\u00e9s et\" \/>\n<meta property=\"og:url\" content=\"https:\/\/www.hurom-europe.com\/fr\/produit\/tamis-a-sorbet-pour-h320n\/\" \/>\n<meta property=\"og:site_name\" content=\"Hurom Europe\" \/>\n<meta property=\"article:modified_time\" content=\"2026-04-04T10:16:37+00:00\" \/>\n<meta property=\"og:image\" content=\"https:\/\/www.hurom-europe.com\/wp-content\/uploads\/2023\/07\/2.jpg\" \/>\n\t<meta property=\"og:image:width\" content=\"1200\" \/>\n\t<meta property=\"og:image:height\" content=\"1200\" \/>\n\t<meta property=\"og:image:type\" content=\"image\/jpeg\" \/>\n<meta name=\"twitter:card\" content=\"summary_large_image\" \/>\n<meta name=\"twitter:label1\" content=\"Dur\u00e9e de lecture estim\u00e9e\" \/>\n\t<meta name=\"twitter:data1\" content=\"1 minute\" \/>\n<script type=\"application\/ld+json\" class=\"yoast-schema-graph\">{\"@context\":\"https:\/\/schema.org\",\"@graph\":[{\"@type\":\"WebPage\",\"@id\":\"https:\/\/www.hurom-europe.com\/fr\/produit\/tamis-a-sorbet-pour-h320n\/\",\"url\":\"https:\/\/www.hurom-europe.com\/fr\/produit\/tamis-a-sorbet-pour-h320n\/\",\"name\":\"Tamis \u00e0 sorbet pour H320N - Hurom Europe\",\"isPartOf\":{\"@id\":\"https:\/\/www.hurom-europe.com\/fr\/#website\"},\"primaryImageOfPage\":{\"@id\":\"https:\/\/www.hurom-europe.com\/fr\/produit\/tamis-a-sorbet-pour-h320n\/#primaryimage\"},\"image\":{\"@id\":\"https:\/\/www.hurom-europe.com\/fr\/produit\/tamis-a-sorbet-pour-h320n\/#primaryimage\"},\"thumbnailUrl\":\"https:\/\/www.hurom-europe.com\/wp-content\/uploads\/2023\/07\/2.jpg\",\"datePublished\":\"2023-07-31T12:50:20+00:00\",\"dateModified\":\"2026-04-04T10:16:37+00:00\",\"description\":\"Comment utiliser 1. Fixez le filtre \u00e0 cr\u00e8me glac\u00e9e au produit, puis allumez le produit. 2. Ajoutez lentement les fruits (ou jus) pr\u00e9-congel\u00e9s et\",\"breadcrumb\":{\"@id\":\"https:\/\/www.hurom-europe.com\/fr\/produit\/tamis-a-sorbet-pour-h320n\/#breadcrumb\"},\"inLanguage\":\"fr-FR\",\"potentialAction\":[{\"@type\":\"ReadAction\",\"target\":[\"https:\/\/www.hurom-europe.com\/fr\/produit\/tamis-a-sorbet-pour-h320n\/\"]}]},{\"@type\":\"ImageObject\",\"inLanguage\":\"fr-FR\",\"@id\":\"https:\/\/www.hurom-europe.com\/fr\/produit\/tamis-a-sorbet-pour-h320n\/#primaryimage\",\"url\":\"https:\/\/www.hurom-europe.com\/wp-content\/uploads\/2023\/07\/2.jpg\",\"contentUrl\":\"https:\/\/www.hurom-europe.com\/wp-content\/uploads\/2023\/07\/2.jpg\",\"width\":1200,\"height\":1200},{\"@type\":\"BreadcrumbList\",\"@id\":\"https:\/\/www.hurom-europe.com\/fr\/produit\/tamis-a-sorbet-pour-h320n\/#breadcrumb\",\"itemListElement\":[{\"@type\":\"ListItem\",\"position\":1,\"name\":\"Home\",\"item\":\"https:\/\/www.hurom-europe.com\/fr\/\"},{\"@type\":\"ListItem\",\"position\":2,\"name\":\"Boutique\",\"item\":\"https:\/\/www.hurom-europe.com\/fr\/shop\/\"},{\"@type\":\"ListItem\",\"position\":3,\"name\":\"Tamis \u00e0 sorbet pour H320N\"}]},{\"@type\":\"WebSite\",\"@id\":\"https:\/\/www.hurom-europe.com\/fr\/#website\",\"url\":\"https:\/\/www.hurom-europe.com\/fr\/\",\"name\":\"Hurom Europe\",\"description\":\"Healthy Way of Life with Slow Juicers\",\"potentialAction\":[{\"@type\":\"SearchAction\",\"target\":{\"@type\":\"EntryPoint\",\"urlTemplate\":\"https:\/\/www.hurom-europe.com\/fr\/?s={search_term_string}\"},\"query-input\":{\"@type\":\"PropertyValueSpecification\",\"valueRequired\":true,\"valueName\":\"search_term_string\"}}],\"inLanguage\":\"fr-FR\"}]}<\/script>\n<!-- \/ Yoast SEO plugin. -->","yoast_head_json":{"title":"Tamis \u00e0 sorbet pour H320N - Hurom Europe","description":"Comment utiliser 1. Fixez le filtre \u00e0 cr\u00e8me glac\u00e9e au produit, puis allumez le produit. 2. Ajoutez lentement les fruits (ou jus) pr\u00e9-congel\u00e9s et","robots":{"index":"index","follow":"follow","max-snippet":"max-snippet:-1","max-image-preview":"max-image-preview:large","max-video-preview":"max-video-preview:-1"},"canonical":"https:\/\/www.hurom-europe.com\/fr\/produit\/tamis-a-sorbet-pour-h320n\/","og_locale":"fr_FR","og_type":"article","og_title":"Tamis \u00e0 sorbet pour H320N - Hurom Europe","og_description":"Comment utiliser 1. Fixez le filtre \u00e0 cr\u00e8me glac\u00e9e au produit, puis allumez le produit. 2. Ajoutez lentement les fruits (ou jus) pr\u00e9-congel\u00e9s et","og_url":"https:\/\/www.hurom-europe.com\/fr\/produit\/tamis-a-sorbet-pour-h320n\/","og_site_name":"Hurom Europe","article_modified_time":"2026-04-04T10:16:37+00:00","og_image":[{"width":1200,"height":1200,"url":"https:\/\/www.hurom-europe.com\/wp-content\/uploads\/2023\/07\/2.jpg","type":"image\/jpeg"}],"twitter_card":"summary_large_image","twitter_misc":{"Dur\u00e9e de lecture estim\u00e9e":"1 minute"},"schema":{"@context":"https:\/\/schema.org","@graph":[{"@type":"WebPage","@id":"https:\/\/www.hurom-europe.com\/fr\/produit\/tamis-a-sorbet-pour-h320n\/","url":"https:\/\/www.hurom-europe.com\/fr\/produit\/tamis-a-sorbet-pour-h320n\/","name":"Tamis \u00e0 sorbet pour H320N - Hurom Europe","isPartOf":{"@id":"https:\/\/www.hurom-europe.com\/fr\/#website"},"primaryImageOfPage":{"@id":"https:\/\/www.hurom-europe.com\/fr\/produit\/tamis-a-sorbet-pour-h320n\/#primaryimage"},"image":{"@id":"https:\/\/www.hurom-europe.com\/fr\/produit\/tamis-a-sorbet-pour-h320n\/#primaryimage"},"thumbnailUrl":"https:\/\/www.hurom-europe.com\/wp-content\/uploads\/2023\/07\/2.jpg","datePublished":"2023-07-31T12:50:20+00:00","dateModified":"2026-04-04T10:16:37+00:00","description":"Comment utiliser 1. Fixez le filtre \u00e0 cr\u00e8me glac\u00e9e au produit, puis allumez le produit. 2. Ajoutez lentement les fruits (ou jus) pr\u00e9-congel\u00e9s et","breadcrumb":{"@id":"https:\/\/www.hurom-europe.com\/fr\/produit\/tamis-a-sorbet-pour-h320n\/#breadcrumb"},"inLanguage":"fr-FR","potentialAction":[{"@type":"ReadAction","target":["https:\/\/www.hurom-europe.com\/fr\/produit\/tamis-a-sorbet-pour-h320n\/"]}]},{"@type":"ImageObject","inLanguage":"fr-FR","@id":"https:\/\/www.hurom-europe.com\/fr\/produit\/tamis-a-sorbet-pour-h320n\/#primaryimage","url":"https:\/\/www.hurom-europe.com\/wp-content\/uploads\/2023\/07\/2.jpg","contentUrl":"https:\/\/www.hurom-europe.com\/wp-content\/uploads\/2023\/07\/2.jpg","width":1200,"height":1200},{"@type":"BreadcrumbList","@id":"https:\/\/www.hurom-europe.com\/fr\/produit\/tamis-a-sorbet-pour-h320n\/#breadcrumb","itemListElement":[{"@type":"ListItem","position":1,"name":"Home","item":"https:\/\/www.hurom-europe.com\/fr\/"},{"@type":"ListItem","position":2,"name":"Boutique","item":"https:\/\/www.hurom-europe.com\/fr\/shop\/"},{"@type":"ListItem","position":3,"name":"Tamis \u00e0 sorbet pour H320N"}]},{"@type":"WebSite","@id":"https:\/\/www.hurom-europe.com\/fr\/#website","url":"https:\/\/www.hurom-europe.com\/fr\/","name":"Hurom Europe","description":"Healthy Way of Life with Slow Juicers","potentialAction":[{"@type":"SearchAction","target":{"@type":"EntryPoint","urlTemplate":"https:\/\/www.hurom-europe.com\/fr\/?s={search_term_string}"},"query-input":{"@type":"PropertyValueSpecification","valueRequired":true,"valueName":"search_term_string"}}],"inLanguage":"fr-FR"}]}},"_links":{"self":[{"href":"https:\/\/www.hurom-europe.com\/fr\/wp-json\/wp\/v2\/product\/19993","targetHints":{"allow":["GET"]}}],"collection":[{"href":"https:\/\/www.hurom-europe.com\/fr\/wp-json\/wp\/v2\/product"}],"about":[{"href":"https:\/\/www.hurom-europe.com\/fr\/wp-json\/wp\/v2\/types\/product"}],"wp:featuredmedia":[{"embeddable":true,"href":"https:\/\/www.hurom-europe.com\/fr\/wp-json\/wp\/v2\/media\/20001"}],"wp:attachment":[{"href":"https:\/\/www.hurom-europe.com\/fr\/wp-json\/wp\/v2\/media?parent=19993"}],"wp:term":[{"taxonomy":"product_cat","embeddable":true,"href":"https:\/\/www.hurom-europe.com\/fr\/wp-json\/wp\/v2\/product_cat?post=19993"},{"taxonomy":"product_tag","embeddable":true,"href":"https:\/\/www.hurom-europe.com\/fr\/wp-json\/wp\/v2\/product_tag?post=19993"}],"curies":[{"name":"wp","href":"https:\/\/api.w.org\/{rel}","templated":true}]}}