{"id":172819,"date":"2025-08-13T15:42:28","date_gmt":"2025-08-13T13:42:28","guid":{"rendered":"https:\/\/www.hurom-europe.com\/?post_type=product&#038;p=172819"},"modified":"2026-03-30T13:15:04","modified_gmt":"2026-03-30T11:15:04","slug":"hurom-my-bottle","status":"publish","type":"product","link":"https:\/\/www.hurom-europe.com\/fr\/produit\/hurom-my-bottle\/","title":{"rendered":"Hurom My Bottle"},"content":{"rendered":"<p data-ccp-props=\"{&quot;335551550&quot;:1,&quot;335551620&quot;:1,&quot;335559683&quot;:0,&quot;335559685&quot;:0,&quot;335559731&quot;:0,&quot;335559737&quot;:0,&quot;335562764&quot;:2,&quot;335562765&quot;:1,&quot;335562766&quot;:4,&quot;335562767&quot;:0,&quot;335562768&quot;:4,&quot;335562769&quot;:0}\"><b><span data-usefontface=\"true\" data-contrast=\"none\">PR\u00c9CAUTIONS<\/span><\/b>\u200b<\/p>\n<p data-ccp-props=\"{&quot;335551550&quot;:1,&quot;335551620&quot;:1,&quot;335559683&quot;:0,&quot;335559685&quot;:0,&quot;335559731&quot;:0,&quot;335559737&quot;:0,&quot;335562764&quot;:2,&quot;335562765&quot;:1,&quot;335562766&quot;:4,&quot;335562767&quot;:0,&quot;335562768&quot;:4,&quot;335562769&quot;:0}\"><b><span data-usefontface=\"true\" data-contrast=\"none\"><span class=\"TextRun MacChromeBold SpellingErrorZoomed SCXP93001714 BCX0\" lang=\"EN-US\" xml:lang=\"EN-US\" data-usefontface=\"false\" data-contrast=\"none\"><span class=\"SCXP93001714 BCX0\">Veuillez<\/span><\/span><span class=\"TextRun MacChromeBold SCXP93001714 BCX0\" lang=\"EN-US\" xml:lang=\"EN-US\" data-usefontface=\"false\" data-contrast=\"none\"><span class=\"NormalTextRun SCXP93001714 BCX0\">\u00a0lire\u00a0<\/span><\/span><span class=\"TextRun MacChromeBold SpellingErrorZoomed SCXP93001714 BCX0\" lang=\"EN-US\" xml:lang=\"EN-US\" data-usefontface=\"false\" data-contrast=\"none\"><span class=\"SCXP93001714 BCX0\">attentivement<\/span><\/span><span class=\"TextRun MacChromeBold SCXP93001714 BCX0\" lang=\"EN-US\" xml:lang=\"EN-US\" data-usefontface=\"false\" data-contrast=\"none\"><span class=\"NormalTextRun SCXP93001714 BCX0\">\u00a0les instructions\u00a0<\/span><\/span><span class=\"TextRun MacChromeBold SpellingErrorZoomed SCXP93001714 BCX0\" lang=\"EN-US\" xml:lang=\"EN-US\" data-usefontface=\"false\" data-contrast=\"none\"><span class=\"SCXP93001714 BCX0\">suivantes<\/span><\/span><span class=\"TextRun MacChromeBold SCXP93001714 BCX0\" lang=\"EN-US\" xml:lang=\"EN-US\" data-usefontface=\"false\" data-contrast=\"none\"><span class=\"NormalTextRun SCXP93001714 BCX0\">\u00a0et\u00a0<\/span><\/span><span class=\"TextRun MacChromeBold SpellingErrorZoomed SCXP93001714 BCX0\" lang=\"EN-US\" xml:lang=\"EN-US\" data-usefontface=\"false\" data-contrast=\"none\"><span class=\"SCXP93001714 BCX0\">utiliser<\/span><\/span><span class=\"TextRun MacChromeBold SCXP93001714 BCX0\" lang=\"EN-US\" xml:lang=\"EN-US\" data-usefontface=\"false\" data-contrast=\"none\"><span class=\"NormalTextRun SCXP93001714 BCX0\">\u00a0le\u00a0<\/span><\/span><span class=\"TextRun MacChromeBold SpellingErrorZoomed SCXP93001714 BCX0\" lang=\"EN-US\" xml:lang=\"EN-US\" data-usefontface=\"false\" data-contrast=\"none\"><span class=\"SCXP93001714 BCX0\">produit<\/span><\/span><span class=\"TextRun MacChromeBold SCXP93001714 BCX0\" lang=\"EN-US\" xml:lang=\"EN-US\" data-usefontface=\"false\" data-contrast=\"none\"><span class=\"NormalTextRun SCXP93001714 BCX0\">\u00a0<\/span><\/span><span class=\"TextRun MacChromeBold SpellingErrorZoomed SCXP93001714 BCX0\" lang=\"EN-US\" xml:lang=\"EN-US\" data-usefontface=\"false\" data-contrast=\"none\"><span class=\"SCXP93001714 BCX0\">en<\/span><\/span><span class=\"TextRun MacChromeBold SCXP93001714 BCX0\" lang=\"EN-US\" xml:lang=\"EN-US\" data-usefontface=\"false\" data-contrast=\"none\"><span class=\"NormalTextRun SCXP93001714 BCX0\">\u00a0<\/span><\/span><span class=\"TextRun MacChromeBold SpellingErrorZoomed SCXP93001714 BCX0\" lang=\"EN-US\" xml:lang=\"EN-US\" data-usefontface=\"false\" data-contrast=\"none\"><span class=\"SCXP93001714 BCX0\">cons\u00e9quence<\/span><\/span><span class=\"TextRun MacChromeBold SCXP93001714 BCX0\" lang=\"EN-US\" xml:lang=\"EN-US\" data-usefontface=\"false\" data-contrast=\"none\"><span class=\"NormalTextRun SCXP93001714 BCX0\">.<\/span><\/span><\/span><\/b>\u200b<\/p>\n<ul>\n<li data-charcodes=\"8226\" data-font=\"Arial,Sans-Serif\" data-buautonum=\"8\" data-margin=\"450\" data-aria-posinset=\"1\" data-aria-level=\"1\"><span data-usefontface=\"true\" data-contrast=\"none\">Assurez-vous<\/span><span data-usefontface=\"true\" data-contrast=\"none\">\u00a0que le\u00a0<\/span><span data-usefontface=\"true\" data-contrast=\"none\">produit<\/span><span data-usefontface=\"true\" data-contrast=\"none\">\u00a0<\/span><span data-usefontface=\"true\" data-contrast=\"none\">est<\/span><span data-usefontface=\"true\" data-contrast=\"none\">\u00a0<\/span><span data-usefontface=\"true\" data-contrast=\"none\">soigneusement<\/span><span data-usefontface=\"true\" data-contrast=\"none\">\u00a0<\/span><span data-usefontface=\"true\" data-contrast=\"none\">nettoy\u00e9<\/span><span data-usefontface=\"true\" data-contrast=\"none\">\u00a0<\/span><span data-usefontface=\"true\" data-contrast=\"none\">avant<\/span><span data-usefontface=\"true\" data-contrast=\"none\">\u00a0la premi\u00e8re\u00a0<\/span><span data-usefontface=\"true\" data-contrast=\"none\">utilisation<\/span><span data-usefontface=\"true\" data-contrast=\"none\">.\u00a0<\/span>\u200b<\/li>\n<li data-charcodes=\"8226\" data-font=\"Arial,Sans-Serif\" data-buautonum=\"8\" data-margin=\"450\" data-aria-posinset=\"2\" data-aria-level=\"1\"><span data-usefontface=\"true\" data-contrast=\"none\">Pour un\u00a0<\/span><span data-usefontface=\"true\" data-contrast=\"none\">entretien<\/span><span data-usefontface=\"true\" data-contrast=\"none\">\u00a0optimal,\u00a0<\/span><span data-usefontface=\"true\" data-contrast=\"none\">nettoyez<\/span><span data-usefontface=\"true\" data-contrast=\"none\">-le\u00a0<\/span><span data-usefontface=\"true\" data-contrast=\"none\">d\u00e9licatement<\/span><span data-usefontface=\"true\" data-contrast=\"none\">\u00a0avec\u00a0<\/span><span data-usefontface=\"true\" data-contrast=\"none\">une<\/span><span data-usefontface=\"true\" data-contrast=\"none\">\u00a0brosse\u00a0<\/span><span data-usefontface=\"true\" data-contrast=\"none\">douce<\/span><span data-usefontface=\"true\" data-contrast=\"none\">.\u00a0<\/span>\u200b<\/li>\n<li data-charcodes=\"8226\" data-font=\"Arial,Sans-Serif\" data-buautonum=\"8\" data-margin=\"450\" data-aria-posinset=\"3\" data-aria-level=\"1\"><span data-usefontface=\"true\" data-contrast=\"none\">Ce\u00a0<\/span><span data-usefontface=\"true\" data-contrast=\"none\">produit<\/span><span data-usefontface=\"true\" data-contrast=\"none\">\u00a0<\/span><span data-usefontface=\"true\" data-contrast=\"none\">est<\/span><span data-usefontface=\"true\" data-contrast=\"none\">\u00a0<\/span><span data-usefontface=\"true\" data-contrast=\"none\">destin\u00e9<\/span><span data-usefontface=\"true\" data-contrast=\"none\">\u00a0\u00e0\u00a0<\/span><span data-usefontface=\"true\" data-contrast=\"none\">l&rsquo;usage<\/span><span data-usefontface=\"true\" data-contrast=\"none\">\u00a0<\/span><span data-usefontface=\"true\" data-contrast=\"none\">auquel<\/span><span data-usefontface=\"true\" data-contrast=\"none\">\u00a0il\u00a0<\/span><span data-usefontface=\"true\" data-contrast=\"none\">est<\/span><span data-usefontface=\"true\" data-contrast=\"none\">\u00a0<\/span><span data-usefontface=\"true\" data-contrast=\"none\">destin\u00e9<\/span><span data-usefontface=\"true\" data-contrast=\"none\">\u00a0:\u00a0<\/span><span data-usefontface=\"true\" data-contrast=\"none\">une<\/span><span data-usefontface=\"true\" data-contrast=\"none\">\u00a0<\/span><span data-usefontface=\"true\" data-contrast=\"none\">mauvaise<\/span><span data-usefontface=\"true\" data-contrast=\"none\">\u00a0manipulation\u00a0<\/span><span data-usefontface=\"true\" data-contrast=\"none\">peut<\/span><span data-usefontface=\"true\" data-contrast=\"none\">\u00a0<\/span><span data-usefontface=\"true\" data-contrast=\"none\">entra\u00eener<\/span><span data-usefontface=\"true\" data-contrast=\"none\">\u00a0des bris\u00a0<\/span><span data-usefontface=\"true\" data-contrast=\"none\">ou<\/span><span data-usefontface=\"true\" data-contrast=\"none\">\u00a0des<\/span><span data-usefontface=\"true\" data-contrast=\"none\">blessures<\/span><span data-usefontface=\"true\" data-contrast=\"none\">\u00a0;\u00a0<\/span><span data-usefontface=\"true\" data-contrast=\"none\">manipulez<\/span><span data-usefontface=\"true\" data-contrast=\"none\">-le avec\u00a0<\/span><span data-usefontface=\"true\" data-contrast=\"none\">pr\u00e9caution<\/span><span data-usefontface=\"true\" data-contrast=\"none\">.\u00a0<\/span>\u200b<\/li>\n<li data-charcodes=\"8226\" data-font=\"Arial,Sans-Serif\" data-buautonum=\"8\" data-margin=\"450\" data-aria-posinset=\"4\" data-aria-level=\"1\"><span data-usefontface=\"true\" data-contrast=\"none\">Tenir<\/span><span data-usefontface=\"true\" data-contrast=\"none\">\u00a0\u00e0\u00a0<\/span><span data-usefontface=\"true\" data-contrast=\"none\">l&rsquo;\u00e9cart<\/span><span data-usefontface=\"true\" data-contrast=\"none\">\u00a0des\u00a0<\/span><span data-usefontface=\"true\" data-contrast=\"none\">flammes<\/span><span data-usefontface=\"true\" data-contrast=\"none\">\u00a0<\/span><span data-usefontface=\"true\" data-contrast=\"none\">nues<\/span><span data-usefontface=\"true\" data-contrast=\"none\">\u00a0et des sources de\u00a0<\/span><span data-usefontface=\"true\" data-contrast=\"none\">chaleur<\/span><span data-usefontface=\"true\" data-contrast=\"none\">.\u00a0<\/span>\u200b<\/li>\n<li data-charcodes=\"8226\" data-font=\"Arial,Sans-Serif\" data-buautonum=\"8\" data-margin=\"450\" data-aria-posinset=\"5\" data-aria-level=\"1\"><span data-usefontface=\"true\" data-contrast=\"none\">Ne pas\u00a0<\/span><span data-usefontface=\"true\" data-contrast=\"none\">utiliser<\/span><span data-usefontface=\"true\" data-contrast=\"none\">\u00a0au micro-ondes, au four\u00a0<\/span><span data-usefontface=\"true\" data-contrast=\"none\">ou<\/span><span data-usefontface=\"true\" data-contrast=\"none\">\u00a0au lave-<\/span><span data-usefontface=\"true\" data-contrast=\"none\">vaisselle<\/span><span data-usefontface=\"true\" data-contrast=\"none\">.\u00a0<\/span>\u200b<\/li>\n<li data-charcodes=\"8226\" data-font=\"Arial,Sans-Serif\" data-buautonum=\"8\" data-margin=\"450\" data-aria-posinset=\"7\" data-aria-level=\"1\"><span data-usefontface=\"true\" data-contrast=\"none\">Secouer le produit apr\u00e8s l\u2019avoir rempli de boissons gazeuses peut provoquer une accumulation de pression et une fuite potentielle. <\/span>\u200b<\/li>\n<li data-charcodes=\"8226\" data-font=\"Arial,Sans-Serif\" data-buautonum=\"8\" data-margin=\"450\" data-aria-posinset=\"8\" data-aria-level=\"1\"><span data-usefontface=\"true\" data-contrast=\"none\">\u00c9vitez de stocker des liquides susceptibles de provoquer une d\u00e9formation ou une pression interne, tels que des<\/span><span data-usefontface=\"true\" data-contrast=\"none\">solutions sal\u00e9es, des boissons gazeuses ou des liquides ferment\u00e9s.\u00a0<\/span>\u200b<\/li>\n<li data-charcodes=\"8226\" data-font=\"Arial,Sans-Serif\" data-buautonum=\"8\" data-margin=\"450\" data-aria-posinset=\"9\" data-aria-level=\"1\"><span data-usefontface=\"true\" data-contrast=\"none\">La cong\u00e9lation peut provoquer une dilatation du contenu, pouvant entra\u00eener un gonflement ou une rupture.\u00a0<\/span>\u200b<\/li>\n<li data-charcodes=\"8226\" data-font=\"Arial,Sans-Serif\" data-buautonum=\"8\" data-margin=\"450\" data-aria-posinset=\"10\" data-aria-level=\"1\"><span data-usefontface=\"true\" data-contrast=\"none\">Tenir hors de port\u00e9e des nourrissons et des jeunes enfants.\u00a0<\/span>\u200b<\/li>\n<li data-charcodes=\"8226\" data-font=\"Arial,Sans-Serif\" data-buautonum=\"8\" data-margin=\"450\" data-aria-posinset=\"11\" data-aria-level=\"1\"><span data-usefontface=\"true\" data-contrast=\"none\">Les dommages r\u00e9sultant d&rsquo;une mauvaise utilisation, d&rsquo;un choc, de changements brusques de temp\u00e9rature, de<\/span><span data-usefontface=\"true\" data-contrast=\"none\">l&rsquo;usure normale, de rayures superficielles, d&rsquo;un nettoyage inad\u00e9quat ou de d\u00e9fauts de fabrication mineurs ne sont pas<\/span><span data-usefontface=\"true\" data-contrast=\"none\">couverts par la garantie.<\/span><\/li>\n<\/ul>\n","protected":false},"excerpt":{"rendered":"<p>PR\u00c9CAUTIONS\u200b Veuillez\u00a0lire\u00a0attentivement\u00a0les instructions\u00a0suivantes\u00a0et\u00a0utiliser\u00a0le\u00a0produit\u00a0en\u00a0cons\u00e9quence.\u200b Assurez-vous\u00a0que le\u00a0produit\u00a0est\u00a0soigneusement\u00a0nettoy\u00e9\u00a0avant\u00a0la premi\u00e8re\u00a0utilisation.\u00a0\u200b Pour un\u00a0entretien\u00a0optimal,\u00a0nettoyez-le\u00a0d\u00e9licatement\u00a0avec\u00a0une\u00a0brosse\u00a0douce.\u00a0\u200b Ce\u00a0produit\u00a0est\u00a0destin\u00e9\u00a0\u00e0\u00a0l&rsquo;usage\u00a0auquel\u00a0il\u00a0est\u00a0destin\u00e9\u00a0:\u00a0une\u00a0mauvaise\u00a0manipulation\u00a0peut\u00a0entra\u00eener\u00a0des bris\u00a0ou\u00a0desblessures\u00a0;\u00a0manipulez-le avec\u00a0pr\u00e9caution.\u00a0\u200b Tenir\u00a0\u00e0\u00a0l&rsquo;\u00e9cart\u00a0des\u00a0flammes\u00a0nues\u00a0et des sources de\u00a0chaleur.\u00a0\u200b Ne pas\u00a0utiliser\u00a0au micro-ondes, au four\u00a0ou\u00a0au lave-vaisselle.\u00a0\u200b Secouer le produit apr\u00e8s l\u2019avoir rempli de boissons gazeuses peut provoquer une accumulation de pression et une fuite potentielle. \u200b \u00c9vitez de stocker des liquides susceptibles de provoquer une d\u00e9formation ou une pression interne, [&hellip;]<\/p>\n","protected":false},"featured_media":172832,"template":"","meta":{"_acf_changed":false,"inline_featured_image":false},"product_cat":[253],"product_tag":[],"class_list":{"0":"post-172819","1":"product","2":"type-product","3":"status-publish","4":"has-post-thumbnail","6":"product_cat-autres","8":"first","9":"instock","10":"taxable","11":"shipping-taxable","12":"purchasable","13":"product-type-simple"},"acf":[],"yoast_head":"<!-- This site is optimized with the Yoast SEO plugin v26.6 - https:\/\/yoast.com\/wordpress\/plugins\/seo\/ -->\n<title>Hurom My Bottle - Hurom Europe<\/title>\n<meta name=\"description\" content=\"Avec son design \u00e9l\u00e9gant et transparent, la bouteille Hurom My Bottle allie style minimaliste et fonctionnalit\u00e9 au quotidien.\" \/>\n<meta name=\"robots\" content=\"index, follow, max-snippet:-1, max-image-preview:large, max-video-preview:-1\" \/>\n<link rel=\"canonical\" href=\"https:\/\/www.hurom-europe.com\/fr\/produit\/hurom-my-bottle\/\" \/>\n<meta property=\"og:locale\" content=\"fr_FR\" \/>\n<meta property=\"og:type\" content=\"article\" \/>\n<meta property=\"og:title\" content=\"Hurom My Bottle - Hurom Europe\" \/>\n<meta property=\"og:description\" content=\"Avec son design \u00e9l\u00e9gant et transparent, la bouteille Hurom My Bottle allie style minimaliste et fonctionnalit\u00e9 au quotidien.\" \/>\n<meta property=\"og:url\" content=\"https:\/\/www.hurom-europe.com\/fr\/produit\/hurom-my-bottle\/\" \/>\n<meta property=\"og:site_name\" content=\"Hurom Europe\" \/>\n<meta property=\"article:modified_time\" content=\"2026-03-30T11:15:04+00:00\" \/>\n<meta property=\"og:image\" content=\"https:\/\/www.hurom-europe.com\/wp-content\/uploads\/2025\/08\/Hurom-my-bottle_Thumbnail_01.jpg\" \/>\n\t<meta property=\"og:image:width\" content=\"1200\" \/>\n\t<meta property=\"og:image:height\" content=\"1200\" \/>\n\t<meta property=\"og:image:type\" content=\"image\/jpeg\" \/>\n<meta name=\"twitter:card\" content=\"summary_large_image\" \/>\n<meta name=\"twitter:label1\" content=\"Dur\u00e9e de lecture estim\u00e9e\" \/>\n\t<meta name=\"twitter:data1\" content=\"2 minutes\" \/>\n<script type=\"application\/ld+json\" class=\"yoast-schema-graph\">{\"@context\":\"https:\/\/schema.org\",\"@graph\":[{\"@type\":\"WebPage\",\"@id\":\"https:\/\/www.hurom-europe.com\/fr\/produit\/hurom-my-bottle\/\",\"url\":\"https:\/\/www.hurom-europe.com\/fr\/produit\/hurom-my-bottle\/\",\"name\":\"Hurom My Bottle - Hurom Europe\",\"isPartOf\":{\"@id\":\"https:\/\/www.hurom-europe.com\/fr\/#website\"},\"primaryImageOfPage\":{\"@id\":\"https:\/\/www.hurom-europe.com\/fr\/produit\/hurom-my-bottle\/#primaryimage\"},\"image\":{\"@id\":\"https:\/\/www.hurom-europe.com\/fr\/produit\/hurom-my-bottle\/#primaryimage\"},\"thumbnailUrl\":\"https:\/\/www.hurom-europe.com\/wp-content\/uploads\/2025\/08\/Hurom-my-bottle_Thumbnail_01.jpg\",\"datePublished\":\"2025-08-13T13:42:28+00:00\",\"dateModified\":\"2026-03-30T11:15:04+00:00\",\"description\":\"Avec son design \u00e9l\u00e9gant et transparent, la bouteille Hurom My Bottle allie style minimaliste et fonctionnalit\u00e9 au quotidien.\",\"breadcrumb\":{\"@id\":\"https:\/\/www.hurom-europe.com\/fr\/produit\/hurom-my-bottle\/#breadcrumb\"},\"inLanguage\":\"fr-FR\",\"potentialAction\":[{\"@type\":\"ReadAction\",\"target\":[\"https:\/\/www.hurom-europe.com\/fr\/produit\/hurom-my-bottle\/\"]}]},{\"@type\":\"ImageObject\",\"inLanguage\":\"fr-FR\",\"@id\":\"https:\/\/www.hurom-europe.com\/fr\/produit\/hurom-my-bottle\/#primaryimage\",\"url\":\"https:\/\/www.hurom-europe.com\/wp-content\/uploads\/2025\/08\/Hurom-my-bottle_Thumbnail_01.jpg\",\"contentUrl\":\"https:\/\/www.hurom-europe.com\/wp-content\/uploads\/2025\/08\/Hurom-my-bottle_Thumbnail_01.jpg\",\"width\":1200,\"height\":1200},{\"@type\":\"BreadcrumbList\",\"@id\":\"https:\/\/www.hurom-europe.com\/fr\/produit\/hurom-my-bottle\/#breadcrumb\",\"itemListElement\":[{\"@type\":\"ListItem\",\"position\":1,\"name\":\"Home\",\"item\":\"https:\/\/www.hurom-europe.com\/fr\/\"},{\"@type\":\"ListItem\",\"position\":2,\"name\":\"Boutique\",\"item\":\"https:\/\/www.hurom-europe.com\/fr\/shop\/\"},{\"@type\":\"ListItem\",\"position\":3,\"name\":\"Hurom My Bottle\"}]},{\"@type\":\"WebSite\",\"@id\":\"https:\/\/www.hurom-europe.com\/fr\/#website\",\"url\":\"https:\/\/www.hurom-europe.com\/fr\/\",\"name\":\"Hurom Europe\",\"description\":\"Healthy Way of Life with Slow Juicers\",\"potentialAction\":[{\"@type\":\"SearchAction\",\"target\":{\"@type\":\"EntryPoint\",\"urlTemplate\":\"https:\/\/www.hurom-europe.com\/fr\/?s={search_term_string}\"},\"query-input\":{\"@type\":\"PropertyValueSpecification\",\"valueRequired\":true,\"valueName\":\"search_term_string\"}}],\"inLanguage\":\"fr-FR\"}]}<\/script>\n<!-- \/ Yoast SEO plugin. -->","yoast_head_json":{"title":"Hurom My Bottle - Hurom Europe","description":"Avec son design \u00e9l\u00e9gant et transparent, la bouteille Hurom My Bottle allie style minimaliste et fonctionnalit\u00e9 au quotidien.","robots":{"index":"index","follow":"follow","max-snippet":"max-snippet:-1","max-image-preview":"max-image-preview:large","max-video-preview":"max-video-preview:-1"},"canonical":"https:\/\/www.hurom-europe.com\/fr\/produit\/hurom-my-bottle\/","og_locale":"fr_FR","og_type":"article","og_title":"Hurom My Bottle - Hurom Europe","og_description":"Avec son design \u00e9l\u00e9gant et transparent, la bouteille Hurom My Bottle allie style minimaliste et fonctionnalit\u00e9 au quotidien.","og_url":"https:\/\/www.hurom-europe.com\/fr\/produit\/hurom-my-bottle\/","og_site_name":"Hurom Europe","article_modified_time":"2026-03-30T11:15:04+00:00","og_image":[{"width":1200,"height":1200,"url":"https:\/\/www.hurom-europe.com\/wp-content\/uploads\/2025\/08\/Hurom-my-bottle_Thumbnail_01.jpg","type":"image\/jpeg"}],"twitter_card":"summary_large_image","twitter_misc":{"Dur\u00e9e de lecture estim\u00e9e":"2 minutes"},"schema":{"@context":"https:\/\/schema.org","@graph":[{"@type":"WebPage","@id":"https:\/\/www.hurom-europe.com\/fr\/produit\/hurom-my-bottle\/","url":"https:\/\/www.hurom-europe.com\/fr\/produit\/hurom-my-bottle\/","name":"Hurom My Bottle - Hurom Europe","isPartOf":{"@id":"https:\/\/www.hurom-europe.com\/fr\/#website"},"primaryImageOfPage":{"@id":"https:\/\/www.hurom-europe.com\/fr\/produit\/hurom-my-bottle\/#primaryimage"},"image":{"@id":"https:\/\/www.hurom-europe.com\/fr\/produit\/hurom-my-bottle\/#primaryimage"},"thumbnailUrl":"https:\/\/www.hurom-europe.com\/wp-content\/uploads\/2025\/08\/Hurom-my-bottle_Thumbnail_01.jpg","datePublished":"2025-08-13T13:42:28+00:00","dateModified":"2026-03-30T11:15:04+00:00","description":"Avec son design \u00e9l\u00e9gant et transparent, la bouteille Hurom My Bottle allie style minimaliste et fonctionnalit\u00e9 au quotidien.","breadcrumb":{"@id":"https:\/\/www.hurom-europe.com\/fr\/produit\/hurom-my-bottle\/#breadcrumb"},"inLanguage":"fr-FR","potentialAction":[{"@type":"ReadAction","target":["https:\/\/www.hurom-europe.com\/fr\/produit\/hurom-my-bottle\/"]}]},{"@type":"ImageObject","inLanguage":"fr-FR","@id":"https:\/\/www.hurom-europe.com\/fr\/produit\/hurom-my-bottle\/#primaryimage","url":"https:\/\/www.hurom-europe.com\/wp-content\/uploads\/2025\/08\/Hurom-my-bottle_Thumbnail_01.jpg","contentUrl":"https:\/\/www.hurom-europe.com\/wp-content\/uploads\/2025\/08\/Hurom-my-bottle_Thumbnail_01.jpg","width":1200,"height":1200},{"@type":"BreadcrumbList","@id":"https:\/\/www.hurom-europe.com\/fr\/produit\/hurom-my-bottle\/#breadcrumb","itemListElement":[{"@type":"ListItem","position":1,"name":"Home","item":"https:\/\/www.hurom-europe.com\/fr\/"},{"@type":"ListItem","position":2,"name":"Boutique","item":"https:\/\/www.hurom-europe.com\/fr\/shop\/"},{"@type":"ListItem","position":3,"name":"Hurom My Bottle"}]},{"@type":"WebSite","@id":"https:\/\/www.hurom-europe.com\/fr\/#website","url":"https:\/\/www.hurom-europe.com\/fr\/","name":"Hurom Europe","description":"Healthy Way of Life with Slow Juicers","potentialAction":[{"@type":"SearchAction","target":{"@type":"EntryPoint","urlTemplate":"https:\/\/www.hurom-europe.com\/fr\/?s={search_term_string}"},"query-input":{"@type":"PropertyValueSpecification","valueRequired":true,"valueName":"search_term_string"}}],"inLanguage":"fr-FR"}]}},"_links":{"self":[{"href":"https:\/\/www.hurom-europe.com\/fr\/wp-json\/wp\/v2\/product\/172819","targetHints":{"allow":["GET"]}}],"collection":[{"href":"https:\/\/www.hurom-europe.com\/fr\/wp-json\/wp\/v2\/product"}],"about":[{"href":"https:\/\/www.hurom-europe.com\/fr\/wp-json\/wp\/v2\/types\/product"}],"wp:featuredmedia":[{"embeddable":true,"href":"https:\/\/www.hurom-europe.com\/fr\/wp-json\/wp\/v2\/media\/172832"}],"wp:attachment":[{"href":"https:\/\/www.hurom-europe.com\/fr\/wp-json\/wp\/v2\/media?parent=172819"}],"wp:term":[{"taxonomy":"product_cat","embeddable":true,"href":"https:\/\/www.hurom-europe.com\/fr\/wp-json\/wp\/v2\/product_cat?post=172819"},{"taxonomy":"product_tag","embeddable":true,"href":"https:\/\/www.hurom-europe.com\/fr\/wp-json\/wp\/v2\/product_tag?post=172819"}],"curies":[{"name":"wp","href":"https:\/\/api.w.org\/{rel}","templated":true}]}}