{"id":166736,"date":"2025-07-01T15:08:39","date_gmt":"2025-07-01T13:08:39","guid":{"rendered":"https:\/\/www.hurom-europe.com\/?post_type=product&#038;p=166736"},"modified":"2026-03-30T13:15:05","modified_gmt":"2026-03-30T11:15:05","slug":"hurom-x-ichendorf-verre","status":"publish","type":"product","link":"https:\/\/www.hurom-europe.com\/fr\/produit\/hurom-x-ichendorf-verre\/","title":{"rendered":"Hurom x Ichendorf Verre"},"content":{"rendered":"<p data-ccp-props=\"{&quot;335551550&quot;:1,&quot;335551620&quot;:1,&quot;335559683&quot;:0,&quot;335559685&quot;:0,&quot;335559731&quot;:0,&quot;335559737&quot;:0,&quot;335562764&quot;:2,&quot;335562765&quot;:1,&quot;335562766&quot;:4,&quot;335562767&quot;:0,&quot;335562768&quot;:4,&quot;335562769&quot;:0}\"><b><span data-usefontface=\"true\" data-contrast=\"none\">PR\u00c9CAUTIONS<\/span><\/b>\u200b<\/p>\n<p data-ccp-props=\"{&quot;335551550&quot;:1,&quot;335551620&quot;:1,&quot;335559683&quot;:0,&quot;335559685&quot;:0,&quot;335559731&quot;:0,&quot;335559737&quot;:0,&quot;335562764&quot;:2,&quot;335562765&quot;:1,&quot;335562766&quot;:4,&quot;335562767&quot;:0,&quot;335562768&quot;:4,&quot;335562769&quot;:0}\"><b><span data-usefontface=\"true\" data-contrast=\"none\">Veuillez<\/span><\/b><b><span data-usefontface=\"true\" data-contrast=\"none\"> lire <\/span><\/b><b><span data-usefontface=\"true\" data-contrast=\"none\">attentivement<\/span><\/b><b><span data-usefontface=\"true\" data-contrast=\"none\"> les instructions <\/span><\/b><b><span data-usefontface=\"true\" data-contrast=\"none\">suivantes<\/span><\/b><b><span data-usefontface=\"true\" data-contrast=\"none\"> et <\/span><\/b><b><span data-usefontface=\"true\" data-contrast=\"none\">utiliser<\/span><\/b><b><span data-usefontface=\"true\" data-contrast=\"none\"> le <\/span><\/b><b><span data-usefontface=\"true\" data-contrast=\"none\">produit<\/span><\/b> <b><span data-usefontface=\"true\" data-contrast=\"none\">en<\/span><\/b> <b><span data-usefontface=\"true\" data-contrast=\"none\">cons\u00e9quence<\/span><\/b><b><span data-usefontface=\"true\" data-contrast=\"none\">.<\/span><\/b>\u200b<\/p>\n<ul>\n<li data-ccp-props=\"{&quot;335551550&quot;:1,&quot;335551620&quot;:1,&quot;335559683&quot;:0,&quot;335559685&quot;:0,&quot;335559731&quot;:0,&quot;335559737&quot;:0,&quot;335562764&quot;:2,&quot;335562765&quot;:1,&quot;335562766&quot;:4,&quot;335562767&quot;:0,&quot;335562768&quot;:4,&quot;335562769&quot;:0}\"><span data-usefontface=\"true\" data-contrast=\"none\">Ce <\/span><span data-usefontface=\"true\" data-contrast=\"none\">produit<\/span> <span data-usefontface=\"true\" data-contrast=\"none\">\u00e9tant<\/span> <span data-usefontface=\"true\" data-contrast=\"none\">fabriqu\u00e9<\/span><span data-usefontface=\"true\" data-contrast=\"none\"> \u00e0 la main, de petites <\/span><span data-usefontface=\"true\" data-contrast=\"none\">bulles<\/span><span data-usefontface=\"true\" data-contrast=\"none\">, de <\/span><span data-usefontface=\"true\" data-contrast=\"none\">l\u00e9g\u00e8res<\/span> <span data-usefontface=\"true\" data-contrast=\"none\">rayures<\/span> <span data-usefontface=\"true\" data-contrast=\"none\">ou<\/span><span data-usefontface=\"true\" data-contrast=\"none\"> de <\/span><span data-usefontface=\"true\" data-contrast=\"none\">l\u00e9g\u00e8res<\/span><span data-usefontface=\"true\" data-contrast=\"none\"> taches <\/span><span data-usefontface=\"true\" data-contrast=\"none\">peuvent<\/span> <span data-usefontface=\"true\" data-contrast=\"none\">appara\u00eetre<\/span> <span data-usefontface=\"true\" data-contrast=\"none\">en<\/span><span data-usefontface=\"true\" data-contrast=\"none\"> raison du <\/span><span data-usefontface=\"true\" data-contrast=\"none\">processus de fabrication.<\/span>\u200b<\/li>\n<li data-ccp-props=\"{&quot;335551550&quot;:1,&quot;335551620&quot;:1,&quot;335559683&quot;:0,&quot;335559685&quot;:0,&quot;335559731&quot;:0,&quot;335559737&quot;:0,&quot;335562764&quot;:2,&quot;335562765&quot;:1,&quot;335562766&quot;:4,&quot;335562767&quot;:0,&quot;335562768&quot;:4,&quot;335562769&quot;:0}\"><span data-usefontface=\"true\" data-contrast=\"none\">Ce <\/span><span data-usefontface=\"true\" data-contrast=\"none\">produit<\/span> <span data-usefontface=\"true\" data-contrast=\"none\">\u00e9tant<\/span> <span data-usefontface=\"true\" data-contrast=\"none\">fabriqu\u00e9<\/span><span data-usefontface=\"true\" data-contrast=\"none\"> \u00e0 la main, la couleur et la <\/span><span data-usefontface=\"true\" data-contrast=\"none\">forme<\/span> <span data-usefontface=\"true\" data-contrast=\"none\">peuvent<\/span> <span data-usefontface=\"true\" data-contrast=\"none\">diff\u00e9rer<\/span><span data-usefontface=\"true\" data-contrast=\"none\"> de <\/span><span data-usefontface=\"true\" data-contrast=\"none\">l&rsquo;image<\/span><span data-usefontface=\"true\" data-contrast=\"none\">.<\/span>\u200b<\/li>\n<li data-ccp-props=\"{&quot;335551550&quot;:1,&quot;335551620&quot;:1,&quot;335559683&quot;:0,&quot;335559685&quot;:0,&quot;335559731&quot;:0,&quot;335559737&quot;:0,&quot;335562764&quot;:2,&quot;335562765&quot;:1,&quot;335562766&quot;:4,&quot;335562767&quot;:0,&quot;335562768&quot;:4,&quot;335562769&quot;:0}\"><span data-usefontface=\"true\" data-contrast=\"none\">Ne pas <\/span><span data-usefontface=\"true\" data-contrast=\"none\">mettre<\/span><span data-usefontface=\"true\" data-contrast=\"none\"> au micro-ondes <\/span><span data-usefontface=\"true\" data-contrast=\"none\">ni<\/span><span data-usefontface=\"true\" data-contrast=\"none\"> au four.<\/span>\u200b<\/li>\n<li data-ccp-props=\"{&quot;335551550&quot;:1,&quot;335551620&quot;:1,&quot;335559683&quot;:0,&quot;335559685&quot;:0,&quot;335559731&quot;:0,&quot;335559737&quot;:0,&quot;335562764&quot;:2,&quot;335562765&quot;:1,&quot;335562766&quot;:4,&quot;335562767&quot;:0,&quot;335562768&quot;:4,&quot;335562769&quot;:0}\"><span data-usefontface=\"true\" data-contrast=\"none\">Ne pas <\/span><span data-usefontface=\"true\" data-contrast=\"none\">utiliser<\/span><span data-usefontface=\"true\" data-contrast=\"none\"> au lave-<\/span><span data-usefontface=\"true\" data-contrast=\"none\">vaisselle<\/span><span data-usefontface=\"true\" data-contrast=\"none\">.<\/span>\u200b<\/li>\n<li data-ccp-props=\"{&quot;335551550&quot;:1,&quot;335551620&quot;:1,&quot;335559683&quot;:0,&quot;335559685&quot;:0,&quot;335559731&quot;:0,&quot;335559737&quot;:0,&quot;335562764&quot;:2,&quot;335562765&quot;:1,&quot;335562766&quot;:4,&quot;335562767&quot;:0,&quot;335562768&quot;:4,&quot;335562769&quot;:0}\"><span data-usefontface=\"true\" data-contrast=\"none\">Pour un <\/span><span data-usefontface=\"true\" data-contrast=\"none\">entretien<\/span><span data-usefontface=\"true\" data-contrast=\"none\"> optimal, <\/span><span data-usefontface=\"true\" data-contrast=\"none\">nettoyer<\/span> <span data-usefontface=\"true\" data-contrast=\"none\">d\u00e9licatement<\/span><span data-usefontface=\"true\" data-contrast=\"none\"> avec <\/span><span data-usefontface=\"true\" data-contrast=\"none\">une<\/span><span data-usefontface=\"true\" data-contrast=\"none\"> brosse <\/span><span data-usefontface=\"true\" data-contrast=\"none\">douce<\/span><span data-usefontface=\"true\" data-contrast=\"none\">.<\/span>\u200b<\/li>\n<li data-ccp-props=\"{&quot;335551550&quot;:1,&quot;335551620&quot;:1,&quot;335559683&quot;:0,&quot;335559685&quot;:0,&quot;335559731&quot;:0,&quot;335559737&quot;:0,&quot;335562764&quot;:2,&quot;335562765&quot;:1,&quot;335562766&quot;:4,&quot;335562767&quot;:0,&quot;335562768&quot;:4,&quot;335562769&quot;:0}\"><span data-usefontface=\"true\" data-contrast=\"none\">Les <\/span><span data-usefontface=\"true\" data-contrast=\"none\">produits<\/span> <span data-usefontface=\"true\" data-contrast=\"none\">en<\/span><span data-usefontface=\"true\" data-contrast=\"none\"> verre <\/span><span data-usefontface=\"true\" data-contrast=\"none\">sont<\/span> <span data-usefontface=\"true\" data-contrast=\"none\">fragiles<\/span><span data-usefontface=\"true\" data-contrast=\"none\">. Une manipulation <\/span><span data-usefontface=\"true\" data-contrast=\"none\">n\u00e9gligente<\/span> <span data-usefontface=\"true\" data-contrast=\"none\">peut<\/span> <span data-usefontface=\"true\" data-contrast=\"none\">entra\u00eener<\/span><span data-usefontface=\"true\" data-contrast=\"none\"> des <\/span><span data-usefontface=\"true\" data-contrast=\"none\">dommages<\/span><span data-usefontface=\"true\" data-contrast=\"none\"> et des <\/span><span data-usefontface=\"true\" data-contrast=\"none\">blessures<\/span><span data-usefontface=\"true\" data-contrast=\"none\">. <\/span><span data-usefontface=\"true\" data-contrast=\"none\">Manipuler<\/span><span data-usefontface=\"true\" data-contrast=\"none\"> avec <\/span><span data-usefontface=\"true\" data-contrast=\"none\">pr\u00e9caution<\/span><span data-usefontface=\"true\" data-contrast=\"none\">.<\/span>\u200b<\/li>\n<li data-ccp-props=\"{&quot;335551550&quot;:1,&quot;335551620&quot;:1,&quot;335559683&quot;:0,&quot;335559685&quot;:0,&quot;335559731&quot;:0,&quot;335559737&quot;:0,&quot;335562764&quot;:2,&quot;335562765&quot;:1,&quot;335562766&quot;:4,&quot;335562767&quot;:0,&quot;335562768&quot;:4,&quot;335562769&quot;:0}\"><span data-usefontface=\"true\" data-contrast=\"none\">Tenir<\/span><span data-usefontface=\"true\" data-contrast=\"none\"> hors de <\/span><span data-usefontface=\"true\" data-contrast=\"none\">port\u00e9e<\/span><span data-usefontface=\"true\" data-contrast=\"none\"> des <\/span><span data-usefontface=\"true\" data-contrast=\"none\">nourrissons<\/span><span data-usefontface=\"true\" data-contrast=\"none\"> et des jeunes enfants.<\/span>\u200b<\/li>\n<li data-ccp-props=\"{&quot;335551550&quot;:1,&quot;335551620&quot;:1,&quot;335559683&quot;:0,&quot;335559685&quot;:0,&quot;335559731&quot;:0,&quot;335559737&quot;:0,&quot;335562764&quot;:2,&quot;335562765&quot;:1,&quot;335562766&quot;:4,&quot;335562767&quot;:0,&quot;335562768&quot;:4,&quot;335562769&quot;:0}\"><span data-usefontface=\"true\" data-contrast=\"none\">Les <\/span><span data-usefontface=\"true\" data-contrast=\"none\">dommages<\/span> <span data-usefontface=\"true\" data-contrast=\"none\">caus\u00e9s<\/span><span data-usefontface=\"true\" data-contrast=\"none\"> par <\/span><span data-usefontface=\"true\" data-contrast=\"none\">une<\/span> <span data-usefontface=\"true\" data-contrast=\"none\">mauvaise<\/span> <span data-usefontface=\"true\" data-contrast=\"none\">utilisation<\/span><span data-usefontface=\"true\" data-contrast=\"none\">, un choc <\/span><span data-usefontface=\"true\" data-contrast=\"none\">ou<\/span> <span data-usefontface=\"true\" data-contrast=\"none\">une<\/span> <span data-usefontface=\"true\" data-contrast=\"none\">chute, des <\/span><span data-usefontface=\"true\" data-contrast=\"none\">changements<\/span> <span data-usefontface=\"true\" data-contrast=\"none\">brusques<\/span><span data-usefontface=\"true\" data-contrast=\"none\"> de <\/span><span data-usefontface=\"true\" data-contrast=\"none\">temp\u00e9rature<\/span><span data-usefontface=\"true\" data-contrast=\"none\">, <\/span><span data-usefontface=\"true\" data-contrast=\"none\">l&rsquo;usure<\/span> <span data-usefontface=\"true\" data-contrast=\"none\">normale<\/span><span data-usefontface=\"true\" data-contrast=\"none\">, <\/span><span data-usefontface=\"true\" data-contrast=\"none\">des <\/span><span data-usefontface=\"true\" data-contrast=\"none\">rayures<\/span> <span data-usefontface=\"true\" data-contrast=\"none\">ou<\/span><span data-usefontface=\"true\" data-contrast=\"none\"> un <\/span><span data-usefontface=\"true\" data-contrast=\"none\">nettoyage<\/span> <span data-usefontface=\"true\" data-contrast=\"none\">n\u00e9gligent<\/span><span data-usefontface=\"true\" data-contrast=\"none\"> ne <\/span><span data-usefontface=\"true\" data-contrast=\"none\">sont<\/span><span data-usefontface=\"true\" data-contrast=\"none\"> pas <\/span><span data-usefontface=\"true\" data-contrast=\"none\">couverts<\/span><span data-usefontface=\"true\" data-contrast=\"none\">.<\/span><\/li>\n<\/ul>\n","protected":false},"excerpt":{"rendered":"<p>PR\u00c9CAUTIONS\u200b Veuillez lire attentivement les instructions suivantes et utiliser le produit en cons\u00e9quence.\u200b Ce produit \u00e9tant fabriqu\u00e9 \u00e0 la main, de petites bulles, de l\u00e9g\u00e8res rayures ou de l\u00e9g\u00e8res taches peuvent appara\u00eetre en raison du processus de fabrication.\u200b Ce produit \u00e9tant fabriqu\u00e9 \u00e0 la main, la couleur et la forme peuvent diff\u00e9rer de l&rsquo;image.\u200b Ne [&hellip;]<\/p>\n","protected":false},"featured_media":166377,"template":"","meta":{"_acf_changed":false,"inline_featured_image":false},"product_cat":[253],"product_tag":[],"class_list":{"0":"post-166736","1":"product","2":"type-product","3":"status-publish","4":"has-post-thumbnail","6":"product_cat-autres","8":"first","9":"instock","10":"taxable","11":"shipping-taxable","12":"purchasable","13":"product-type-variable","14":"has-default-attributes"},"acf":[],"yoast_head":"<!-- This site is optimized with the Yoast SEO plugin v26.6 - https:\/\/yoast.com\/wordpress\/plugins\/seo\/ -->\n<title>Hurom x Ichendorf Verre - Hurom Europe<\/title>\n<meta name=\"description\" content=\"PR\u00c9CAUTIONS\u200b Veuillez lire attentivement les instructions suivantes et utiliser le produit en cons\u00e9quence.\u200b Ce produit \u00e9tant fabriqu\u00e9 \u00e0 la main, de Un charmant verre aux couleurs fruit\u00e9es, id\u00e9al pour d\u00e9guster un jus fra\u00eechement press\u00e9 avec un extracteur de jus Hurom, ou comme cadeau attentionn\u00e9. Il s&#039;accorde parfaitement avec divers articles de table et apporte une touche d&#039;\u00e9l\u00e9gance \u00e0 toute table.\" \/>\n<meta name=\"robots\" content=\"index, follow, max-snippet:-1, max-image-preview:large, max-video-preview:-1\" \/>\n<link rel=\"canonical\" href=\"https:\/\/www.hurom-europe.com\/fr\/produit\/hurom-x-ichendorf-verre\/\" \/>\n<meta property=\"og:locale\" content=\"fr_FR\" \/>\n<meta property=\"og:type\" content=\"article\" \/>\n<meta property=\"og:title\" content=\"Hurom x Ichendorf Verre - Hurom Europe\" \/>\n<meta property=\"og:description\" content=\"PR\u00c9CAUTIONS\u200b Veuillez lire attentivement les instructions suivantes et utiliser le produit en cons\u00e9quence.\u200b Ce produit \u00e9tant fabriqu\u00e9 \u00e0 la main, de Un charmant verre aux couleurs fruit\u00e9es, id\u00e9al pour d\u00e9guster un jus fra\u00eechement press\u00e9 avec un extracteur de jus Hurom, ou comme cadeau attentionn\u00e9. Il s&#039;accorde parfaitement avec divers articles de table et apporte une touche d&#039;\u00e9l\u00e9gance \u00e0 toute table.\" \/>\n<meta property=\"og:url\" content=\"https:\/\/www.hurom-europe.com\/fr\/produit\/hurom-x-ichendorf-verre\/\" \/>\n<meta property=\"og:site_name\" content=\"Hurom Europe\" \/>\n<meta property=\"article:modified_time\" content=\"2026-03-30T11:15:05+00:00\" \/>\n<meta property=\"og:image\" content=\"https:\/\/www.hurom-europe.com\/wp-content\/uploads\/2025\/06\/ichendorf_grape-1.jpg\" \/>\n\t<meta property=\"og:image:width\" content=\"1200\" \/>\n\t<meta property=\"og:image:height\" content=\"1200\" \/>\n\t<meta property=\"og:image:type\" content=\"image\/jpeg\" \/>\n<meta name=\"twitter:card\" content=\"summary_large_image\" \/>\n<meta name=\"twitter:label1\" content=\"Dur\u00e9e de lecture estim\u00e9e\" \/>\n\t<meta name=\"twitter:data1\" content=\"1 minute\" \/>\n<script type=\"application\/ld+json\" class=\"yoast-schema-graph\">{\"@context\":\"https:\/\/schema.org\",\"@graph\":[{\"@type\":\"WebPage\",\"@id\":\"https:\/\/www.hurom-europe.com\/fr\/produit\/hurom-x-ichendorf-verre\/\",\"url\":\"https:\/\/www.hurom-europe.com\/fr\/produit\/hurom-x-ichendorf-verre\/\",\"name\":\"Hurom x Ichendorf Verre - Hurom Europe\",\"isPartOf\":{\"@id\":\"https:\/\/www.hurom-europe.com\/fr\/#website\"},\"primaryImageOfPage\":{\"@id\":\"https:\/\/www.hurom-europe.com\/fr\/produit\/hurom-x-ichendorf-verre\/#primaryimage\"},\"image\":{\"@id\":\"https:\/\/www.hurom-europe.com\/fr\/produit\/hurom-x-ichendorf-verre\/#primaryimage\"},\"thumbnailUrl\":\"https:\/\/www.hurom-europe.com\/wp-content\/uploads\/2025\/06\/ichendorf_grape-1.jpg\",\"datePublished\":\"2025-07-01T13:08:39+00:00\",\"dateModified\":\"2026-03-30T11:15:05+00:00\",\"description\":\"PR\u00c9CAUTIONS\u200b Veuillez lire attentivement les instructions suivantes et utiliser le produit en cons\u00e9quence.\u200b Ce produit \u00e9tant fabriqu\u00e9 \u00e0 la main, de Un charmant verre aux couleurs fruit\u00e9es, id\u00e9al pour d\u00e9guster un jus fra\u00eechement press\u00e9 avec un extracteur de jus Hurom, ou comme cadeau attentionn\u00e9. Il s'accorde parfaitement avec divers articles de table et apporte une touche d'\u00e9l\u00e9gance \u00e0 toute table.\",\"breadcrumb\":{\"@id\":\"https:\/\/www.hurom-europe.com\/fr\/produit\/hurom-x-ichendorf-verre\/#breadcrumb\"},\"inLanguage\":\"fr-FR\",\"potentialAction\":[{\"@type\":\"ReadAction\",\"target\":[\"https:\/\/www.hurom-europe.com\/fr\/produit\/hurom-x-ichendorf-verre\/\"]}]},{\"@type\":\"ImageObject\",\"inLanguage\":\"fr-FR\",\"@id\":\"https:\/\/www.hurom-europe.com\/fr\/produit\/hurom-x-ichendorf-verre\/#primaryimage\",\"url\":\"https:\/\/www.hurom-europe.com\/wp-content\/uploads\/2025\/06\/ichendorf_grape-1.jpg\",\"contentUrl\":\"https:\/\/www.hurom-europe.com\/wp-content\/uploads\/2025\/06\/ichendorf_grape-1.jpg\",\"width\":1200,\"height\":1200},{\"@type\":\"BreadcrumbList\",\"@id\":\"https:\/\/www.hurom-europe.com\/fr\/produit\/hurom-x-ichendorf-verre\/#breadcrumb\",\"itemListElement\":[{\"@type\":\"ListItem\",\"position\":1,\"name\":\"Home\",\"item\":\"https:\/\/www.hurom-europe.com\/fr\/\"},{\"@type\":\"ListItem\",\"position\":2,\"name\":\"Boutique\",\"item\":\"https:\/\/www.hurom-europe.com\/fr\/shop\/\"},{\"@type\":\"ListItem\",\"position\":3,\"name\":\"Hurom x Ichendorf Verre\"}]},{\"@type\":\"WebSite\",\"@id\":\"https:\/\/www.hurom-europe.com\/fr\/#website\",\"url\":\"https:\/\/www.hurom-europe.com\/fr\/\",\"name\":\"Hurom Europe\",\"description\":\"Healthy Way of Life with Slow Juicers\",\"potentialAction\":[{\"@type\":\"SearchAction\",\"target\":{\"@type\":\"EntryPoint\",\"urlTemplate\":\"https:\/\/www.hurom-europe.com\/fr\/?s={search_term_string}\"},\"query-input\":{\"@type\":\"PropertyValueSpecification\",\"valueRequired\":true,\"valueName\":\"search_term_string\"}}],\"inLanguage\":\"fr-FR\"}]}<\/script>\n<!-- \/ Yoast SEO plugin. -->","yoast_head_json":{"title":"Hurom x Ichendorf Verre - Hurom Europe","description":"PR\u00c9CAUTIONS\u200b Veuillez lire attentivement les instructions suivantes et utiliser le produit en cons\u00e9quence.\u200b Ce produit \u00e9tant fabriqu\u00e9 \u00e0 la main, de Un charmant verre aux couleurs fruit\u00e9es, id\u00e9al pour d\u00e9guster un jus fra\u00eechement press\u00e9 avec un extracteur de jus Hurom, ou comme cadeau attentionn\u00e9. Il s'accorde parfaitement avec divers articles de table et apporte une touche d'\u00e9l\u00e9gance \u00e0 toute table.","robots":{"index":"index","follow":"follow","max-snippet":"max-snippet:-1","max-image-preview":"max-image-preview:large","max-video-preview":"max-video-preview:-1"},"canonical":"https:\/\/www.hurom-europe.com\/fr\/produit\/hurom-x-ichendorf-verre\/","og_locale":"fr_FR","og_type":"article","og_title":"Hurom x Ichendorf Verre - Hurom Europe","og_description":"PR\u00c9CAUTIONS\u200b Veuillez lire attentivement les instructions suivantes et utiliser le produit en cons\u00e9quence.\u200b Ce produit \u00e9tant fabriqu\u00e9 \u00e0 la main, de Un charmant verre aux couleurs fruit\u00e9es, id\u00e9al pour d\u00e9guster un jus fra\u00eechement press\u00e9 avec un extracteur de jus Hurom, ou comme cadeau attentionn\u00e9. Il s'accorde parfaitement avec divers articles de table et apporte une touche d'\u00e9l\u00e9gance \u00e0 toute table.","og_url":"https:\/\/www.hurom-europe.com\/fr\/produit\/hurom-x-ichendorf-verre\/","og_site_name":"Hurom Europe","article_modified_time":"2026-03-30T11:15:05+00:00","og_image":[{"width":1200,"height":1200,"url":"https:\/\/www.hurom-europe.com\/wp-content\/uploads\/2025\/06\/ichendorf_grape-1.jpg","type":"image\/jpeg"}],"twitter_card":"summary_large_image","twitter_misc":{"Dur\u00e9e de lecture estim\u00e9e":"1 minute"},"schema":{"@context":"https:\/\/schema.org","@graph":[{"@type":"WebPage","@id":"https:\/\/www.hurom-europe.com\/fr\/produit\/hurom-x-ichendorf-verre\/","url":"https:\/\/www.hurom-europe.com\/fr\/produit\/hurom-x-ichendorf-verre\/","name":"Hurom x Ichendorf Verre - Hurom Europe","isPartOf":{"@id":"https:\/\/www.hurom-europe.com\/fr\/#website"},"primaryImageOfPage":{"@id":"https:\/\/www.hurom-europe.com\/fr\/produit\/hurom-x-ichendorf-verre\/#primaryimage"},"image":{"@id":"https:\/\/www.hurom-europe.com\/fr\/produit\/hurom-x-ichendorf-verre\/#primaryimage"},"thumbnailUrl":"https:\/\/www.hurom-europe.com\/wp-content\/uploads\/2025\/06\/ichendorf_grape-1.jpg","datePublished":"2025-07-01T13:08:39+00:00","dateModified":"2026-03-30T11:15:05+00:00","description":"PR\u00c9CAUTIONS\u200b Veuillez lire attentivement les instructions suivantes et utiliser le produit en cons\u00e9quence.\u200b Ce produit \u00e9tant fabriqu\u00e9 \u00e0 la main, de Un charmant verre aux couleurs fruit\u00e9es, id\u00e9al pour d\u00e9guster un jus fra\u00eechement press\u00e9 avec un extracteur de jus Hurom, ou comme cadeau attentionn\u00e9. Il s'accorde parfaitement avec divers articles de table et apporte une touche d'\u00e9l\u00e9gance \u00e0 toute table.","breadcrumb":{"@id":"https:\/\/www.hurom-europe.com\/fr\/produit\/hurom-x-ichendorf-verre\/#breadcrumb"},"inLanguage":"fr-FR","potentialAction":[{"@type":"ReadAction","target":["https:\/\/www.hurom-europe.com\/fr\/produit\/hurom-x-ichendorf-verre\/"]}]},{"@type":"ImageObject","inLanguage":"fr-FR","@id":"https:\/\/www.hurom-europe.com\/fr\/produit\/hurom-x-ichendorf-verre\/#primaryimage","url":"https:\/\/www.hurom-europe.com\/wp-content\/uploads\/2025\/06\/ichendorf_grape-1.jpg","contentUrl":"https:\/\/www.hurom-europe.com\/wp-content\/uploads\/2025\/06\/ichendorf_grape-1.jpg","width":1200,"height":1200},{"@type":"BreadcrumbList","@id":"https:\/\/www.hurom-europe.com\/fr\/produit\/hurom-x-ichendorf-verre\/#breadcrumb","itemListElement":[{"@type":"ListItem","position":1,"name":"Home","item":"https:\/\/www.hurom-europe.com\/fr\/"},{"@type":"ListItem","position":2,"name":"Boutique","item":"https:\/\/www.hurom-europe.com\/fr\/shop\/"},{"@type":"ListItem","position":3,"name":"Hurom x Ichendorf Verre"}]},{"@type":"WebSite","@id":"https:\/\/www.hurom-europe.com\/fr\/#website","url":"https:\/\/www.hurom-europe.com\/fr\/","name":"Hurom Europe","description":"Healthy Way of Life with Slow Juicers","potentialAction":[{"@type":"SearchAction","target":{"@type":"EntryPoint","urlTemplate":"https:\/\/www.hurom-europe.com\/fr\/?s={search_term_string}"},"query-input":{"@type":"PropertyValueSpecification","valueRequired":true,"valueName":"search_term_string"}}],"inLanguage":"fr-FR"}]}},"_links":{"self":[{"href":"https:\/\/www.hurom-europe.com\/fr\/wp-json\/wp\/v2\/product\/166736","targetHints":{"allow":["GET"]}}],"collection":[{"href":"https:\/\/www.hurom-europe.com\/fr\/wp-json\/wp\/v2\/product"}],"about":[{"href":"https:\/\/www.hurom-europe.com\/fr\/wp-json\/wp\/v2\/types\/product"}],"wp:featuredmedia":[{"embeddable":true,"href":"https:\/\/www.hurom-europe.com\/fr\/wp-json\/wp\/v2\/media\/166377"}],"wp:attachment":[{"href":"https:\/\/www.hurom-europe.com\/fr\/wp-json\/wp\/v2\/media?parent=166736"}],"wp:term":[{"taxonomy":"product_cat","embeddable":true,"href":"https:\/\/www.hurom-europe.com\/fr\/wp-json\/wp\/v2\/product_cat?post=166736"},{"taxonomy":"product_tag","embeddable":true,"href":"https:\/\/www.hurom-europe.com\/fr\/wp-json\/wp\/v2\/product_tag?post=166736"}],"curies":[{"name":"wp","href":"https:\/\/api.w.org\/{rel}","templated":true}]}}