{"id":161752,"date":"2025-06-02T08:55:26","date_gmt":"2025-06-02T06:55:26","guid":{"rendered":"https:\/\/www.hurom-europe.com\/?post_type=product&#038;p=161752"},"modified":"2026-05-05T14:00:24","modified_gmt":"2026-05-05T12:00:24","slug":"e50-st","status":"publish","type":"product","link":"https:\/\/www.hurom-europe.com\/fr\/produit\/e50-st\/","title":{"rendered":"E50-ST"},"content":{"rendered":"<ul class=\"ul1\">\n<li class=\"li1\"><strong><span class=\"TextRun MacChromeBold SCXP123052892 BCX0\" lang=\"EN-US\" xml:lang=\"EN-US\" data-usefontface=\"true\" data-contrast=\"none\"><span class=\"NormalTextRun SCXP123052892 BCX0\">Le go\u00fbt de la nature dans son <\/span><\/span><span class=\"TextRun MacChromeBold SpellingErrorZoomed SCXP123052892 BCX0\" lang=\"EN-US\" xml:lang=\"EN-US\" data-usefontface=\"true\" data-contrast=\"none\"><span class=\"SCXP123052892 BCX0\">enti\u00e8ret\u00e9<\/span><\/span><span class=\"TextRun MacChromeBold SCXP123052892 BCX0\" lang=\"EN-US\" xml:lang=\"EN-US\" data-usefontface=\"true\" data-contrast=\"none\"><span class=\"NormalTextRun SCXP123052892 BCX0\"> : <\/span><\/span><\/strong><br \/>\nAppr\u00e9ciez un jus dont les nutriments naturels sont pr\u00e9serv\u00e9s gr\u00e2ce \u00e0 une extraction \u00e0 basse <span data-usefontface=\"false\" data-contrast=\"none\">temp\u00e9rature et \u00e0 faible vitesse. Le E50-ST offre \u00e0 chaque pression une puret\u00e9 sans pulpe.<\/span>\u200b<\/li>\n<\/ul>\n<p>&nbsp;<\/p>\n<ul class=\"ul1\">\n<li class=\"li1\"><strong><span class=\"TextRun MacChromeBold BCX0 SCXP137291737\" lang=\"EN-US\" xml:lang=\"EN-US\" data-usefontface=\"true\" data-contrast=\"none\"><span class=\"NormalTextRun BCX0 SCXP137291737\">Un jus au go\u00fbt puissant, <\/span><\/span><span class=\"TextRun MacChromeBold SpellingErrorZoomed BCX0 SCXP137291737\" lang=\"EN-US\" xml:lang=\"EN-US\" data-usefontface=\"true\" data-contrast=\"none\"><span class=\"BCX0 SCXP137291737\">alli\u00e9<\/span><\/span><span class=\"TextRun MacChromeBold BCX0 SCXP137291737\" lang=\"EN-US\" xml:lang=\"EN-US\" data-usefontface=\"true\" data-contrast=\"none\"><span class=\"NormalTextRun BCX0 SCXP137291737\"> \u00e0 <\/span><\/span><span class=\"TextRun MacChromeBold SpellingErrorZoomed BCX0 SCXP137291737\" lang=\"EN-US\" xml:lang=\"EN-US\" data-usefontface=\"true\" data-contrast=\"none\"><span class=\"BCX0 SCXP137291737\">une<\/span><\/span><span class=\"TextRun MacChromeBold BCX0 SCXP137291737\" lang=\"EN-US\" xml:lang=\"EN-US\" data-usefontface=\"true\" data-contrast=\"none\"><span class=\"NormalTextRun BCX0 SCXP137291737\"> texture <\/span><\/span><span class=\"TextRun MacChromeBold SpellingErrorZoomed BCX0 SCXP137291737\" lang=\"EN-US\" xml:lang=\"EN-US\" data-usefontface=\"true\" data-contrast=\"none\"><span class=\"BCX0 SCXP137291737\">\u00e9pur\u00e9e<\/span><\/span><span class=\"TextRun MacChromeBold BCX0 SCXP137291737\" lang=\"EN-US\" xml:lang=\"EN-US\" data-usefontface=\"true\" data-contrast=\"none\"><span class=\"NormalTextRun BCX0 SCXP137291737\"> :<\/span><\/span><\/strong><br \/>\n<span class=\"TextRun SCXP72546360 BCX0\" lang=\"EN-US\" xml:lang=\"EN-US\" data-usefontface=\"true\" data-contrast=\"none\"><span class=\"NormalTextRun SCXP72546360 BCX0\"><span class=\"TextRun BCX0 SCXP189611151\" lang=\"FR-FR\" xml:lang=\"FR-FR\" data-usefontface=\"false\" data-contrast=\"none\"><span class=\"NormalTextRun BCX0 SCXP189611151\">Deux types de filtres tamisent les gros morceaux pour une extraction du jus plus pure et plus propre.<\/span><\/span><\/span><\/span><\/li>\n<\/ul>\n<p>&nbsp;<\/p>\n<ul class=\"ul1\">\n<li class=\"li1\"><strong><span class=\"TextRun MacChromeBold BCX0 SCXP171423478\" lang=\"EN-US\" xml:lang=\"EN-US\" data-usefontface=\"true\" data-contrast=\"none\"><span class=\"NormalTextRun BCX0 SCXP171423478\"><span class=\"TextRun MacChromeBold BCX0 SCXP92700814\" lang=\"FR\" xml:lang=\"FR\" data-usefontface=\"true\" data-contrast=\"none\"><span class=\"NormalTextRun BCX0 SCXP92700814\">Incroyablement intelligent et pratique :<\/span><\/span><\/span><\/span><\/strong><br \/>\n<span class=\"TextRun SpellingErrorZoomed BCX0 SCXP67669402\" lang=\"KO-KR\" xml:lang=\"KO-KR\" data-usefontface=\"true\" data-contrast=\"none\"><span class=\"BCX0 SCXP67669402\"><span class=\"TextRun SpellingErrorZoomed SCXP130356009 BCX0\" lang=\"EN-US\" xml:lang=\"EN-US\" data-usefontface=\"true\" data-contrast=\"none\"><span class=\"SCXP130356009 BCX0\"><span class=\"TextRun BCX0 SCXP229529029\" lang=\"FR\" xml:lang=\"FR\" data-usefontface=\"true\" data-contrast=\"none\"><span class=\"NormalTextRun BCX0 SCXP229529029\">La fonction Smart Hopper vous permet de charger facilement les fruit et l\u00e9gumes avec graines et <\/span><\/span><span class=\"TextRun BCX0 SCXP229529029\" lang=\"FR\" xml:lang=\"FR\" data-usefontface=\"true\" data-contrast=\"none\"><span class=\"NormalTextRun BCX0 SCXP229529029\">pelures en une seule fois. Vous n&rsquo;avez plus besoin de les hacher ou de les couper en petits <\/span><\/span><span class=\"TextRun BCX0 SCXP229529029\" lang=\"FR\" xml:lang=\"FR\" data-usefontface=\"true\" data-contrast=\"none\"><span class=\"NormalTextRun BCX0 SCXP229529029\">morceaux.\u00a0<\/span><\/span><\/span><\/span><\/span><\/span><\/li>\n<\/ul>\n<p>&nbsp;<\/p>\n<ul class=\"ul1\">\n<li class=\"li1\"><strong><span class=\"TextRun MacChromeBold SpellingErrorZoomed BCX0 SCXP174025686\" lang=\"EN-US\" xml:lang=\"EN-US\" data-usefontface=\"true\" data-contrast=\"none\"><span class=\"BCX0 SCXP174025686\"><span class=\"TextRun MacChromeBold BCX0 SCXP15787409\" lang=\"FR-FR\" xml:lang=\"FR-FR\" data-usefontface=\"false\" data-contrast=\"none\"><span class=\"NormalTextRun BCX0 SCXP15787409\">Design compact et gain de place :<\/span><\/span><span class=\"LineBreakBlob BlobObject BCX0 SCXP15787409\"><span class=\"BCX0 SCXP15787409\">\u200b<\/span><\/span><\/span><\/span><\/strong><br \/>\n<span class=\"TextRun BCX0 SCXP153301599\" lang=\"EN-US\" xml:lang=\"EN-US\" data-usefontface=\"true\" data-contrast=\"none\"><span class=\"ContextualSpellingAndGrammarErrorZoomed BCX0 SCXP153301599\"><span class=\"TextRun BCX0 SCXP15787409\" lang=\"FR\" xml:lang=\"FR\" data-usefontface=\"true\" data-contrast=\"none\"><span class=\"NormalTextRun BCX0 SCXP15787409\">Con\u00e7ue pour les cuisines modernes, la finition blanche et \u00e9l\u00e9gante de l\u2019E50-ST s\u2019int\u00e8gre facilement <\/span><\/span><span class=\"TextRun BCX0 SCXP15787409\" lang=\"FR\" xml:lang=\"FR\" data-usefontface=\"true\" data-contrast=\"none\"><span class=\"NormalTextRun BCX0 SCXP15787409\">dans n\u2019importe quel espace tout en n\u2019encombrant pas votre plan de travail. Ranger votre extracteur <\/span><\/span><span class=\"TextRun BCX0 SCXP15787409\" lang=\"FR\" xml:lang=\"FR\" data-usefontface=\"true\" data-contrast=\"none\"><span class=\"NormalTextRun BCX0 SCXP15787409\">de jus n\u2019a jamais \u00e9t\u00e9 plus facile.<\/span><\/span><\/span><\/span><\/li>\n<\/ul>\n<p>&nbsp;<\/p>\n<ul class=\"ul1\">\n<li class=\"li1\"><span class=\"s2\"><strong><span class=\"TextRun MacChromeBold BCX0 SCXP66299982\" lang=\"EN-US\" xml:lang=\"EN-US\" data-usefontface=\"true\" data-contrast=\"none\"><span class=\"NormalTextRun BCX0 SCXP66299982\">S\u00e9curit\u00e9 : <\/span><\/span><\/strong><br \/>\n<span class=\"TextRun SCXP202384985 BCX0\" lang=\"EN-US\" xml:lang=\"EN-US\" data-usefontface=\"true\" data-contrast=\"none\"><span class=\"NormalTextRun SCXP202384985 BCX0\"><span class=\"TextRun SCXP206990742 BCX0\" lang=\"FR\" xml:lang=\"FR\" data-usefontface=\"true\" data-contrast=\"none\"><span class=\"NormalTextRun SCXP206990742 BCX0\">Comme tous les autres extracteur de jus <\/span><\/span><span class=\"TextRun SpellingErrorZoomed SCXP206990742 BCX0\" lang=\"FR\" xml:lang=\"FR\" data-usefontface=\"true\" data-contrast=\"none\"><span class=\"SCXP206990742 BCX0\">Hurom<\/span><\/span><span class=\"TextRun SCXP206990742 BCX0\" lang=\"FR\" xml:lang=\"FR\" data-usefontface=\"true\" data-contrast=\"none\"><span class=\"NormalTextRun SCXP206990742 BCX0\">, l\u2019E50-ST est fabriqu\u00e9 \u00e0 partir de mat\u00e9riaux sans <\/span><\/span><span class=\"TextRun SCXP206990742 BCX0\" lang=\"FR\" xml:lang=\"FR\" data-usefontface=\"true\" data-contrast=\"none\"><span class=\"NormalTextRun SCXP206990742 BCX0\">BPA. Son design comprend des fentes inf\u00e9rieures pour un syst\u00e8me de ventilation qui expulse la <\/span><\/span><span class=\"TextRun SCXP206990742 BCX0\" lang=\"FR\" xml:lang=\"FR\" data-usefontface=\"true\" data-contrast=\"none\"><span class=\"NormalTextRun SCXP206990742 BCX0\">chaleur interne, r\u00e9duisant ainsi autant que possible le risque de surchauffe.<\/span><\/span><\/span><\/span><br \/>\n<\/span><\/li>\n<\/ul>\n<p>&nbsp;<\/p>\n<ul class=\"ul1\">\n<li><strong><span class=\"TextRun MacChromeBold SpellingErrorZoomed SCXP29058271 BCX0\" lang=\"EN-US\" xml:lang=\"EN-US\" data-usefontface=\"true\" data-contrast=\"none\"><span class=\"SCXP29058271 BCX0\">Selon<\/span><\/span><span class=\"TextRun MacChromeBold SCXP29058271 BCX0\" lang=\"EN-US\" xml:lang=\"EN-US\" data-usefontface=\"true\" data-contrast=\"none\"><span class=\"NormalTextRun SCXP29058271 BCX0\"> le <\/span><\/span><span class=\"TextRun MacChromeBold SpellingErrorZoomed SCXP29058271 BCX0\" lang=\"EN-US\" xml:lang=\"EN-US\" data-usefontface=\"true\" data-contrast=\"none\"><span class=\"SCXP29058271 BCX0\">mod\u00e8le<\/span><\/span><span class=\"TextRun MacChromeBold SCXP29058271 BCX0\" lang=\"EN-US\" xml:lang=\"EN-US\" data-usefontface=\"true\" data-contrast=\"none\"><span class=\"NormalTextRun SCXP29058271 BCX0\"> et la date de production, le design et les <\/span><\/span><span class=\"TextRun MacChromeBold SpellingErrorZoomed SCXP29058271 BCX0\" lang=\"EN-US\" xml:lang=\"EN-US\" data-usefontface=\"true\" data-contrast=\"none\"><span class=\"SCXP29058271 BCX0\">composants<\/span><\/span> <span class=\"TextRun MacChromeBold SpellingErrorZoomed SCXP29058271 BCX0\" lang=\"EN-US\" xml:lang=\"EN-US\" data-usefontface=\"true\" data-contrast=\"none\"><span class=\"SCXP29058271 BCX0\">peuvent<\/span><\/span> <span class=\"TextRun MacChromeBold SpellingErrorZoomed SCXP29058271 BCX0\" lang=\"EN-US\" xml:lang=\"EN-US\" data-usefontface=\"true\" data-contrast=\"none\"><span class=\"SCXP29058271 BCX0\">l\u00e9g\u00e8rement<\/span><\/span><span class=\"TextRun MacChromeBold SCXP29058271 BCX0\" lang=\"EN-US\" xml:lang=\"EN-US\" data-usefontface=\"true\" data-contrast=\"none\"><span class=\"NormalTextRun SCXP29058271 BCX0\"> varier par rapport \u00e0 la photo.<\/span><\/span><\/strong><\/li>\n<\/ul>\n","protected":false},"excerpt":{"rendered":"<p>Le go\u00fbt de la nature dans son enti\u00e8ret\u00e9 : Appr\u00e9ciez un jus dont les nutriments naturels sont pr\u00e9serv\u00e9s gr\u00e2ce \u00e0 une extraction \u00e0 basse temp\u00e9rature et \u00e0 faible vitesse. Le E50-ST offre \u00e0 chaque pression une puret\u00e9 sans pulpe.\u200b &nbsp; Un jus au go\u00fbt puissant, alli\u00e9 \u00e0 une texture \u00e9pur\u00e9e : Deux types de filtres [&hellip;]<\/p>\n","protected":false},"featured_media":259360,"template":"","meta":{"_acf_changed":false,"inline_featured_image":false},"product_cat":[178],"product_tag":[],"class_list":{"0":"post-161752","1":"product","2":"type-product","3":"status-publish","4":"has-post-thumbnail","6":"product_cat-la-gamme-pure-press","8":"first","9":"outofstock","10":"sale","11":"taxable","12":"shipping-taxable","13":"product-type-variable","14":"has-default-attributes"},"acf":[],"yoast_head":"<!-- This site is optimized with the Yoast SEO plugin v26.6 - https:\/\/yoast.com\/wordpress\/plugins\/seo\/ -->\n<title>E50-ST - Hurom Europe<\/title>\n<meta name=\"description\" content=\"Le E50-ST extrait le jus avec propret\u00e9 \u00e0 l\u2019aide de deux types de filtres, pour des textures de jus vari\u00e9es.\" \/>\n<meta name=\"robots\" content=\"index, follow, max-snippet:-1, max-image-preview:large, max-video-preview:-1\" \/>\n<link rel=\"canonical\" href=\"https:\/\/www.hurom-europe.com\/fr\/produit\/e50-st\/\" \/>\n<meta property=\"og:locale\" content=\"fr_FR\" \/>\n<meta property=\"og:type\" content=\"article\" \/>\n<meta property=\"og:title\" content=\"E50-ST - Hurom Europe\" \/>\n<meta property=\"og:description\" content=\"Le E50-ST extrait le jus avec propret\u00e9 \u00e0 l\u2019aide de deux types de filtres, pour des textures de jus vari\u00e9es.\" \/>\n<meta property=\"og:url\" content=\"https:\/\/www.hurom-europe.com\/fr\/produit\/e50-st\/\" \/>\n<meta property=\"og:site_name\" content=\"Hurom Europe\" \/>\n<meta property=\"article:modified_time\" content=\"2026-05-05T12:00:24+00:00\" \/>\n<meta property=\"og:image\" content=\"https:\/\/www.hurom-europe.com\/wp-content\/uploads\/2025\/05\/E50-ST_01.jpg\" \/>\n\t<meta property=\"og:image:width\" content=\"1200\" \/>\n\t<meta property=\"og:image:height\" content=\"1200\" \/>\n\t<meta property=\"og:image:type\" content=\"image\/jpeg\" \/>\n<meta name=\"twitter:card\" content=\"summary_large_image\" \/>\n<meta name=\"twitter:label1\" content=\"Dur\u00e9e de lecture estim\u00e9e\" \/>\n\t<meta name=\"twitter:data1\" content=\"2 minutes\" \/>\n<script type=\"application\/ld+json\" class=\"yoast-schema-graph\">{\"@context\":\"https:\/\/schema.org\",\"@graph\":[{\"@type\":\"WebPage\",\"@id\":\"https:\/\/www.hurom-europe.com\/fr\/produit\/e50-st\/\",\"url\":\"https:\/\/www.hurom-europe.com\/fr\/produit\/e50-st\/\",\"name\":\"E50-ST - Hurom Europe\",\"isPartOf\":{\"@id\":\"https:\/\/www.hurom-europe.com\/fr\/#website\"},\"primaryImageOfPage\":{\"@id\":\"https:\/\/www.hurom-europe.com\/fr\/produit\/e50-st\/#primaryimage\"},\"image\":{\"@id\":\"https:\/\/www.hurom-europe.com\/fr\/produit\/e50-st\/#primaryimage\"},\"thumbnailUrl\":\"https:\/\/www.hurom-europe.com\/wp-content\/uploads\/2025\/06\/E50-ST_Thumbnail_Mushroom1.jpg\",\"datePublished\":\"2025-06-02T06:55:26+00:00\",\"dateModified\":\"2026-05-05T12:00:24+00:00\",\"description\":\"Le E50-ST extrait le jus avec propret\u00e9 \u00e0 l\u2019aide de deux types de filtres, pour des textures de jus vari\u00e9es.\",\"breadcrumb\":{\"@id\":\"https:\/\/www.hurom-europe.com\/fr\/produit\/e50-st\/#breadcrumb\"},\"inLanguage\":\"fr-FR\",\"potentialAction\":[{\"@type\":\"ReadAction\",\"target\":[\"https:\/\/www.hurom-europe.com\/fr\/produit\/e50-st\/\"]}]},{\"@type\":\"ImageObject\",\"inLanguage\":\"fr-FR\",\"@id\":\"https:\/\/www.hurom-europe.com\/fr\/produit\/e50-st\/#primaryimage\",\"url\":\"https:\/\/www.hurom-europe.com\/wp-content\/uploads\/2025\/06\/E50-ST_Thumbnail_Mushroom1.jpg\",\"contentUrl\":\"https:\/\/www.hurom-europe.com\/wp-content\/uploads\/2025\/06\/E50-ST_Thumbnail_Mushroom1.jpg\",\"width\":1200,\"height\":1200},{\"@type\":\"BreadcrumbList\",\"@id\":\"https:\/\/www.hurom-europe.com\/fr\/produit\/e50-st\/#breadcrumb\",\"itemListElement\":[{\"@type\":\"ListItem\",\"position\":1,\"name\":\"Home\",\"item\":\"https:\/\/www.hurom-europe.com\/fr\/\"},{\"@type\":\"ListItem\",\"position\":2,\"name\":\"Boutique\",\"item\":\"https:\/\/www.hurom-europe.com\/fr\/shop\/\"},{\"@type\":\"ListItem\",\"position\":3,\"name\":\"E50-ST\"}]},{\"@type\":\"WebSite\",\"@id\":\"https:\/\/www.hurom-europe.com\/fr\/#website\",\"url\":\"https:\/\/www.hurom-europe.com\/fr\/\",\"name\":\"Hurom Europe\",\"description\":\"Healthy Way of Life with Slow Juicers\",\"potentialAction\":[{\"@type\":\"SearchAction\",\"target\":{\"@type\":\"EntryPoint\",\"urlTemplate\":\"https:\/\/www.hurom-europe.com\/fr\/?s={search_term_string}\"},\"query-input\":{\"@type\":\"PropertyValueSpecification\",\"valueRequired\":true,\"valueName\":\"search_term_string\"}}],\"inLanguage\":\"fr-FR\"}]}<\/script>\n<!-- \/ Yoast SEO plugin. -->","yoast_head_json":{"title":"E50-ST - Hurom Europe","description":"Le E50-ST extrait le jus avec propret\u00e9 \u00e0 l\u2019aide de deux types de filtres, pour des textures de jus vari\u00e9es.","robots":{"index":"index","follow":"follow","max-snippet":"max-snippet:-1","max-image-preview":"max-image-preview:large","max-video-preview":"max-video-preview:-1"},"canonical":"https:\/\/www.hurom-europe.com\/fr\/produit\/e50-st\/","og_locale":"fr_FR","og_type":"article","og_title":"E50-ST - Hurom Europe","og_description":"Le E50-ST extrait le jus avec propret\u00e9 \u00e0 l\u2019aide de deux types de filtres, pour des textures de jus vari\u00e9es.","og_url":"https:\/\/www.hurom-europe.com\/fr\/produit\/e50-st\/","og_site_name":"Hurom Europe","article_modified_time":"2026-05-05T12:00:24+00:00","og_image":[{"width":1200,"height":1200,"url":"https:\/\/www.hurom-europe.com\/wp-content\/uploads\/2025\/05\/E50-ST_01.jpg","type":"image\/jpeg"}],"twitter_card":"summary_large_image","twitter_misc":{"Dur\u00e9e de lecture estim\u00e9e":"2 minutes"},"schema":{"@context":"https:\/\/schema.org","@graph":[{"@type":"WebPage","@id":"https:\/\/www.hurom-europe.com\/fr\/produit\/e50-st\/","url":"https:\/\/www.hurom-europe.com\/fr\/produit\/e50-st\/","name":"E50-ST - Hurom Europe","isPartOf":{"@id":"https:\/\/www.hurom-europe.com\/fr\/#website"},"primaryImageOfPage":{"@id":"https:\/\/www.hurom-europe.com\/fr\/produit\/e50-st\/#primaryimage"},"image":{"@id":"https:\/\/www.hurom-europe.com\/fr\/produit\/e50-st\/#primaryimage"},"thumbnailUrl":"https:\/\/www.hurom-europe.com\/wp-content\/uploads\/2025\/06\/E50-ST_Thumbnail_Mushroom1.jpg","datePublished":"2025-06-02T06:55:26+00:00","dateModified":"2026-05-05T12:00:24+00:00","description":"Le E50-ST extrait le jus avec propret\u00e9 \u00e0 l\u2019aide de deux types de filtres, pour des textures de jus vari\u00e9es.","breadcrumb":{"@id":"https:\/\/www.hurom-europe.com\/fr\/produit\/e50-st\/#breadcrumb"},"inLanguage":"fr-FR","potentialAction":[{"@type":"ReadAction","target":["https:\/\/www.hurom-europe.com\/fr\/produit\/e50-st\/"]}]},{"@type":"ImageObject","inLanguage":"fr-FR","@id":"https:\/\/www.hurom-europe.com\/fr\/produit\/e50-st\/#primaryimage","url":"https:\/\/www.hurom-europe.com\/wp-content\/uploads\/2025\/06\/E50-ST_Thumbnail_Mushroom1.jpg","contentUrl":"https:\/\/www.hurom-europe.com\/wp-content\/uploads\/2025\/06\/E50-ST_Thumbnail_Mushroom1.jpg","width":1200,"height":1200},{"@type":"BreadcrumbList","@id":"https:\/\/www.hurom-europe.com\/fr\/produit\/e50-st\/#breadcrumb","itemListElement":[{"@type":"ListItem","position":1,"name":"Home","item":"https:\/\/www.hurom-europe.com\/fr\/"},{"@type":"ListItem","position":2,"name":"Boutique","item":"https:\/\/www.hurom-europe.com\/fr\/shop\/"},{"@type":"ListItem","position":3,"name":"E50-ST"}]},{"@type":"WebSite","@id":"https:\/\/www.hurom-europe.com\/fr\/#website","url":"https:\/\/www.hurom-europe.com\/fr\/","name":"Hurom Europe","description":"Healthy Way of Life with Slow Juicers","potentialAction":[{"@type":"SearchAction","target":{"@type":"EntryPoint","urlTemplate":"https:\/\/www.hurom-europe.com\/fr\/?s={search_term_string}"},"query-input":{"@type":"PropertyValueSpecification","valueRequired":true,"valueName":"search_term_string"}}],"inLanguage":"fr-FR"}]}},"_links":{"self":[{"href":"https:\/\/www.hurom-europe.com\/fr\/wp-json\/wp\/v2\/product\/161752","targetHints":{"allow":["GET"]}}],"collection":[{"href":"https:\/\/www.hurom-europe.com\/fr\/wp-json\/wp\/v2\/product"}],"about":[{"href":"https:\/\/www.hurom-europe.com\/fr\/wp-json\/wp\/v2\/types\/product"}],"wp:featuredmedia":[{"embeddable":true,"href":"https:\/\/www.hurom-europe.com\/fr\/wp-json\/wp\/v2\/media\/259360"}],"wp:attachment":[{"href":"https:\/\/www.hurom-europe.com\/fr\/wp-json\/wp\/v2\/media?parent=161752"}],"wp:term":[{"taxonomy":"product_cat","embeddable":true,"href":"https:\/\/www.hurom-europe.com\/fr\/wp-json\/wp\/v2\/product_cat?post=161752"},{"taxonomy":"product_tag","embeddable":true,"href":"https:\/\/www.hurom-europe.com\/fr\/wp-json\/wp\/v2\/product_tag?post=161752"}],"curies":[{"name":"wp","href":"https:\/\/api.w.org\/{rel}","templated":true}]}}