{"id":11759,"date":"2022-12-19T11:52:21","date_gmt":"2022-12-19T10:52:22","guid":{"rendered":"https:\/\/www.hurom-europe.com\/?post_type=product&#038;p=11759"},"modified":"2023-01-17T16:36:04","modified_gmt":"2023-01-17T15:36:04","slug":"cadeau-gratuit","status":"publish","type":"product","link":"https:\/\/www.hurom-europe.com\/fr\/produit\/cadeau-gratuit\/","title":{"rendered":"Cadeau gratuit"},"content":{"rendered":"<p><strong>Veuillez noter &#8211; La langue du livre de recettes est \u00e9crite uniquement en allemand et en anglais.<\/strong><\/p>\n<p>Fortement recommand\u00e9 pour..<\/p>\n<ul>\n<li>qui ach\u00e8tent un Slow Juicer et veulent commencer \u00e0 faire du jus pour la premi\u00e8re fois<\/li>\n<li>qui sont v\u00e9g\u00e9taliens ou qui souhaitent commencer un r\u00e9gime v\u00e9g\u00e9tarien sain<\/li>\n<li>qui veulent commencer une alimentation saine avec Juice Cleansing<\/li>\n<li>qui s&rsquo;int\u00e9resse \u00e0 diverses recettes de jus<\/li>\n<\/ul>\n","protected":false},"excerpt":{"rendered":"<p>HUROM X HAPPY VITA<br \/>\nLivre de recettes de jus avec 80 recettes<\/p>\n","protected":false},"featured_media":11761,"template":"","meta":{"_acf_changed":false,"inline_featured_image":false},"product_cat":[253],"product_tag":[],"class_list":{"0":"post-11759","1":"product","2":"type-product","3":"status-publish","4":"has-post-thumbnail","6":"product_cat-autres","8":"first","9":"outofstock","10":"taxable","11":"shipping-taxable","12":"purchasable","13":"product-type-simple"},"acf":[],"yoast_head":"<!-- This site is optimized with the Yoast SEO plugin v26.6 - https:\/\/yoast.com\/wordpress\/plugins\/seo\/ -->\n<title>Cadeau gratuit - Hurom Europe<\/title>\n<meta name=\"description\" content=\"HUROM X HAPPY VITA Livre de recettes de jus avec 80 recettes\" \/>\n<meta name=\"robots\" content=\"index, follow, max-snippet:-1, max-image-preview:large, max-video-preview:-1\" \/>\n<link rel=\"canonical\" href=\"https:\/\/www.hurom-europe.com\/fr\/produit\/cadeau-gratuit\/\" \/>\n<meta property=\"og:locale\" content=\"fr_FR\" \/>\n<meta property=\"og:type\" content=\"article\" \/>\n<meta property=\"og:title\" content=\"Cadeau gratuit - Hurom Europe\" \/>\n<meta property=\"og:description\" content=\"HUROM X HAPPY VITA Livre de recettes de jus avec 80 recettes\" \/>\n<meta property=\"og:url\" content=\"https:\/\/www.hurom-europe.com\/fr\/produit\/cadeau-gratuit\/\" \/>\n<meta property=\"og:site_name\" content=\"Hurom Europe\" \/>\n<meta property=\"article:modified_time\" content=\"2023-01-17T15:36:04+00:00\" \/>\n<meta property=\"og:image\" content=\"https:\/\/www.hurom-europe.com\/wp-content\/uploads\/2022\/12\/WhatsApp-Image-2022-12-19-at-11.12.11.jpeg\" \/>\n\t<meta property=\"og:image:width\" content=\"500\" \/>\n\t<meta property=\"og:image:height\" content=\"500\" \/>\n\t<meta property=\"og:image:type\" content=\"image\/jpeg\" \/>\n<meta name=\"twitter:card\" content=\"summary_large_image\" \/>\n<script type=\"application\/ld+json\" class=\"yoast-schema-graph\">{\"@context\":\"https:\/\/schema.org\",\"@graph\":[{\"@type\":\"WebPage\",\"@id\":\"https:\/\/www.hurom-europe.com\/fr\/produit\/cadeau-gratuit\/\",\"url\":\"https:\/\/www.hurom-europe.com\/fr\/produit\/cadeau-gratuit\/\",\"name\":\"Cadeau gratuit - Hurom Europe\",\"isPartOf\":{\"@id\":\"https:\/\/www.hurom-europe.com\/fr\/#website\"},\"primaryImageOfPage\":{\"@id\":\"https:\/\/www.hurom-europe.com\/fr\/produit\/cadeau-gratuit\/#primaryimage\"},\"image\":{\"@id\":\"https:\/\/www.hurom-europe.com\/fr\/produit\/cadeau-gratuit\/#primaryimage\"},\"thumbnailUrl\":\"https:\/\/www.hurom-europe.com\/wp-content\/uploads\/2022\/12\/WhatsApp-Image-2022-12-19-at-11.12.11.jpeg\",\"datePublished\":\"2022-12-19T10:52:22+00:00\",\"dateModified\":\"2023-01-17T15:36:04+00:00\",\"description\":\"HUROM X HAPPY VITA Livre de recettes de jus avec 80 recettes\",\"breadcrumb\":{\"@id\":\"https:\/\/www.hurom-europe.com\/fr\/produit\/cadeau-gratuit\/#breadcrumb\"},\"inLanguage\":\"fr-FR\",\"potentialAction\":[{\"@type\":\"ReadAction\",\"target\":[\"https:\/\/www.hurom-europe.com\/fr\/produit\/cadeau-gratuit\/\"]}]},{\"@type\":\"ImageObject\",\"inLanguage\":\"fr-FR\",\"@id\":\"https:\/\/www.hurom-europe.com\/fr\/produit\/cadeau-gratuit\/#primaryimage\",\"url\":\"https:\/\/www.hurom-europe.com\/wp-content\/uploads\/2022\/12\/WhatsApp-Image-2022-12-19-at-11.12.11.jpeg\",\"contentUrl\":\"https:\/\/www.hurom-europe.com\/wp-content\/uploads\/2022\/12\/WhatsApp-Image-2022-12-19-at-11.12.11.jpeg\",\"width\":500,\"height\":500},{\"@type\":\"BreadcrumbList\",\"@id\":\"https:\/\/www.hurom-europe.com\/fr\/produit\/cadeau-gratuit\/#breadcrumb\",\"itemListElement\":[{\"@type\":\"ListItem\",\"position\":1,\"name\":\"Home\",\"item\":\"https:\/\/www.hurom-europe.com\/fr\/\"},{\"@type\":\"ListItem\",\"position\":2,\"name\":\"Boutique\",\"item\":\"https:\/\/www.hurom-europe.com\/fr\/shop\/\"},{\"@type\":\"ListItem\",\"position\":3,\"name\":\"Cadeau gratuit\"}]},{\"@type\":\"WebSite\",\"@id\":\"https:\/\/www.hurom-europe.com\/fr\/#website\",\"url\":\"https:\/\/www.hurom-europe.com\/fr\/\",\"name\":\"Hurom Europe\",\"description\":\"Healthy Way of Life with Slow Juicers\",\"potentialAction\":[{\"@type\":\"SearchAction\",\"target\":{\"@type\":\"EntryPoint\",\"urlTemplate\":\"https:\/\/www.hurom-europe.com\/fr\/?s={search_term_string}\"},\"query-input\":{\"@type\":\"PropertyValueSpecification\",\"valueRequired\":true,\"valueName\":\"search_term_string\"}}],\"inLanguage\":\"fr-FR\"}]}<\/script>\n<!-- \/ Yoast SEO plugin. -->","yoast_head_json":{"title":"Cadeau gratuit - Hurom Europe","description":"HUROM X HAPPY VITA Livre de recettes de jus avec 80 recettes","robots":{"index":"index","follow":"follow","max-snippet":"max-snippet:-1","max-image-preview":"max-image-preview:large","max-video-preview":"max-video-preview:-1"},"canonical":"https:\/\/www.hurom-europe.com\/fr\/produit\/cadeau-gratuit\/","og_locale":"fr_FR","og_type":"article","og_title":"Cadeau gratuit - Hurom Europe","og_description":"HUROM X HAPPY VITA Livre de recettes de jus avec 80 recettes","og_url":"https:\/\/www.hurom-europe.com\/fr\/produit\/cadeau-gratuit\/","og_site_name":"Hurom Europe","article_modified_time":"2023-01-17T15:36:04+00:00","og_image":[{"width":500,"height":500,"url":"https:\/\/www.hurom-europe.com\/wp-content\/uploads\/2022\/12\/WhatsApp-Image-2022-12-19-at-11.12.11.jpeg","type":"image\/jpeg"}],"twitter_card":"summary_large_image","schema":{"@context":"https:\/\/schema.org","@graph":[{"@type":"WebPage","@id":"https:\/\/www.hurom-europe.com\/fr\/produit\/cadeau-gratuit\/","url":"https:\/\/www.hurom-europe.com\/fr\/produit\/cadeau-gratuit\/","name":"Cadeau gratuit - Hurom Europe","isPartOf":{"@id":"https:\/\/www.hurom-europe.com\/fr\/#website"},"primaryImageOfPage":{"@id":"https:\/\/www.hurom-europe.com\/fr\/produit\/cadeau-gratuit\/#primaryimage"},"image":{"@id":"https:\/\/www.hurom-europe.com\/fr\/produit\/cadeau-gratuit\/#primaryimage"},"thumbnailUrl":"https:\/\/www.hurom-europe.com\/wp-content\/uploads\/2022\/12\/WhatsApp-Image-2022-12-19-at-11.12.11.jpeg","datePublished":"2022-12-19T10:52:22+00:00","dateModified":"2023-01-17T15:36:04+00:00","description":"HUROM X HAPPY VITA Livre de recettes de jus avec 80 recettes","breadcrumb":{"@id":"https:\/\/www.hurom-europe.com\/fr\/produit\/cadeau-gratuit\/#breadcrumb"},"inLanguage":"fr-FR","potentialAction":[{"@type":"ReadAction","target":["https:\/\/www.hurom-europe.com\/fr\/produit\/cadeau-gratuit\/"]}]},{"@type":"ImageObject","inLanguage":"fr-FR","@id":"https:\/\/www.hurom-europe.com\/fr\/produit\/cadeau-gratuit\/#primaryimage","url":"https:\/\/www.hurom-europe.com\/wp-content\/uploads\/2022\/12\/WhatsApp-Image-2022-12-19-at-11.12.11.jpeg","contentUrl":"https:\/\/www.hurom-europe.com\/wp-content\/uploads\/2022\/12\/WhatsApp-Image-2022-12-19-at-11.12.11.jpeg","width":500,"height":500},{"@type":"BreadcrumbList","@id":"https:\/\/www.hurom-europe.com\/fr\/produit\/cadeau-gratuit\/#breadcrumb","itemListElement":[{"@type":"ListItem","position":1,"name":"Home","item":"https:\/\/www.hurom-europe.com\/fr\/"},{"@type":"ListItem","position":2,"name":"Boutique","item":"https:\/\/www.hurom-europe.com\/fr\/shop\/"},{"@type":"ListItem","position":3,"name":"Cadeau gratuit"}]},{"@type":"WebSite","@id":"https:\/\/www.hurom-europe.com\/fr\/#website","url":"https:\/\/www.hurom-europe.com\/fr\/","name":"Hurom Europe","description":"Healthy Way of Life with Slow Juicers","potentialAction":[{"@type":"SearchAction","target":{"@type":"EntryPoint","urlTemplate":"https:\/\/www.hurom-europe.com\/fr\/?s={search_term_string}"},"query-input":{"@type":"PropertyValueSpecification","valueRequired":true,"valueName":"search_term_string"}}],"inLanguage":"fr-FR"}]}},"_links":{"self":[{"href":"https:\/\/www.hurom-europe.com\/fr\/wp-json\/wp\/v2\/product\/11759","targetHints":{"allow":["GET"]}}],"collection":[{"href":"https:\/\/www.hurom-europe.com\/fr\/wp-json\/wp\/v2\/product"}],"about":[{"href":"https:\/\/www.hurom-europe.com\/fr\/wp-json\/wp\/v2\/types\/product"}],"wp:featuredmedia":[{"embeddable":true,"href":"https:\/\/www.hurom-europe.com\/fr\/wp-json\/wp\/v2\/media\/11761"}],"wp:attachment":[{"href":"https:\/\/www.hurom-europe.com\/fr\/wp-json\/wp\/v2\/media?parent=11759"}],"wp:term":[{"taxonomy":"product_cat","embeddable":true,"href":"https:\/\/www.hurom-europe.com\/fr\/wp-json\/wp\/v2\/product_cat?post=11759"},{"taxonomy":"product_tag","embeddable":true,"href":"https:\/\/www.hurom-europe.com\/fr\/wp-json\/wp\/v2\/product_tag?post=11759"}],"curies":[{"name":"wp","href":"https:\/\/api.w.org\/{rel}","templated":true}]}}