{"id":5670,"date":"2022-01-06T16:00:43","date_gmt":"2022-01-06T15:00:43","guid":{"rendered":"https:\/\/www.hurom-europe.com\/?page_id=5670"},"modified":"2025-10-22T16:58:17","modified_gmt":"2025-10-22T14:58:17","slug":"partnership","status":"publish","type":"page","link":"https:\/\/www.hurom-europe.com\/fr\/partnership\/","title":{"rendered":"Nous Rejoindre"},"content":{"rendered":"\n\n\t\t<form id=\"affwp-register-form\" class=\"field-description affwp-form\" action=\"\" method=\"post\">\n\n\t\t\t\n\t\t\t<fieldset>\n\t\t\t\t<legend>Enregistrer un nouveau compte d\u2019affiliation<\/legend>\n\n\t\t\t\t\n\t\t\t\t\n\n\t\t<p class=\"review_text\">\n\t\t\t<label for=\"affwp-user-name\" class=\"affwp-field-label\">L&rsquo;examen de votre demande prend g\u00e9n\u00e9ralement entre deux et quatre semaines. Merci de votre aimable compr\u00e9hension!<\/label>\n\t\t\t<input\n\t\t\t\ttype=\"text\"\n\t\t\t\tid=\"affwp-user-name\"\n\t\t\t\tname=\"affwp_user_name\"\n\t\t\t\ttitle=\"L&#039;examen de votre demande prend g\u00e9n\u00e9ralement entre deux et quatre semaines. Merci de votre aimable compr\u00e9hension!\"\n\t\t\t\tvalue=\"\"\n\t\t\t\tplaceholder=\"\"\n\t\t\t\t\t\t\t\t\t\t\t\t class=\"affwp-field affwp-field-name\"\t\t\t\/>\n\t\t<\/p>\n\n\t\t\n\n\n\t\t<p>\n\t\t\t<label for=\"affwp-user-name\" class=\"affwp-field-label\">Votre nom <span class=\"required\">(required)<\/span><\/label>\n\t\t\t<input\n\t\t\t\ttype=\"text\"\n\t\t\t\tid=\"affwp-user-name\"\n\t\t\t\tname=\"affwp_user_name\"\n\t\t\t\ttitle=\"Votre nom\"\n\t\t\t\tvalue=\"\"\n\t\t\t\tplaceholder=\"\"\n\t\t\t\trequired\t\t\t\t\t\t\t\t class=\"affwp-field affwp-field-name\"\t\t\t\/>\n\t\t<\/p>\n\n\t\t\n\n\n\t\t<p>\n\t\t\t<label for=\"affwp-user-login\" class=\"affwp-field-label\">Nom d&rsquo;utilisateur <span class=\"required\">(required)<\/span><\/label>\n\t\t\t<input\n\t\t\t\ttype=\"text\"\n\t\t\t\tid=\"affwp-user-login\"\n\t\t\t\tname=\"affwp_user_login\"\n\t\t\t\ttitle=\"Nom d&#039;utilisateur\"\n\t\t\t\tvalue=\"\"\n\t\t\t\tplaceholder=\"\"\n\t\t\t\trequired\t\t\t\t\t\t\t\t class=\"affwp-field affwp-field-name\"\t\t\t\/>\n\t\t<\/p>\n\n\t\t\n\n\n<p><p style=\"margin-top: -25px;\"><span class=\"field-description\" style=\"font-size: 12px;\">* Veuillez choisir un nom d&rsquo;utilisateur court et simple sans caract\u00e8res sp\u00e9ciaux, car il sera automatiquement utilis\u00e9 pour le nom du coupon et l&rsquo;adresse URL de parrainage.<\/span><\/p><\/p>\n\n\n\t\t<p>\n\t\t\t<label for=\"affwp-user-email\" class=\"affwp-field-label\">E-mail du compte <span class=\"required\">(required)<\/span><\/label>\n\t\t\t<input\n\t\t\t\ttype=\"email\"\n\t\t\t\tid=\"affwp-user-email\"\n\t\t\t\tname=\"affwp_user_email\"\n\t\t\t\tplaceholder=\"\"\n\t\t\t\ttitle=\"E-mail du compte\"\n\t\t\t\tvalue=\"\"\n\t\t\t\t class=\"affwp-field affwp-field-email\"\t\t\t\t1\t\t\t\t\t\t\t\/>\n\t\t<\/p>\n\n\t\t\n\n\t\t<p>\n\t\t\t<label for=\"affwp-payment-email\" class=\"affwp-field-label\">E-mail de paiement <span class=\"required\">(required)<\/span><\/label>\n\t\t\t<input\n\t\t\t\ttype=\"email\"\n\t\t\t\tid=\"affwp-payment-email\"\n\t\t\t\tname=\"affwp_payment_email\"\n\t\t\t\tplaceholder=\"\"\n\t\t\t\ttitle=\"E-mail de paiement\"\n\t\t\t\tvalue=\"\"\n\t\t\t\t class=\"affwp-field affwp-field-email\"\t\t\t\trequired\t\t\t\t\t\t\t\/>\n\t\t<\/p>\n\n\t\t\n\n\n\t\t<p>\n\t\t\t<label for=\"affwp-url-instagram\" class=\"affwp-field-label\">URL Instagram<\/label>\n\t\t\t<input\n\t\t\t\ttype=\"text\" id=\"affwp-url-instagram\"\n\t\t\t\tname=\"affwp_url_instagram_text\"\n\t\t\t\ttitle=\"URL Instagram\"\n\t\t\t\tvalue=\"\"\n\t\t\t\tplaceholder=\"\"\n\t\t\t\t\t\t\t\t\t\t\t\t class=\"affwp-field affwp-field-name\"\t\t\t\/>\n\t\t<\/p>\n\n\t\t\n\n\n\t\t<p>\n\t\t\t<label for=\"affwp-nombre-de-followers-instagram\" class=\"affwp-field-label\">Nombre de followers Instagram<\/label>\n\t\t\t<input\n\t\t\t\ttype=\"text\" id=\"affwp-nombre-de-followers-instagram\"\n\t\t\t\tname=\"affwp_nombre_de_followers_instagram_text\"\n\t\t\t\ttitle=\"Nombre de followers Instagram\"\n\t\t\t\tvalue=\"\"\n\t\t\t\tplaceholder=\"\"\n\t\t\t\t\t\t\t\t\t\t\t\t class=\"affwp-field affwp-field-name\"\t\t\t\/>\n\t\t<\/p>\n\n\t\t\n\n\n\t\t<p>\n\t\t\t<label for=\"affwp-url-youtube\" class=\"affwp-field-label\">URL Youtube<\/label>\n\t\t\t<input\n\t\t\t\ttype=\"text\" id=\"affwp-url-youtube\"\n\t\t\t\tname=\"affwp_url_youtube_text\"\n\t\t\t\ttitle=\"URL Youtube\"\n\t\t\t\tvalue=\"\"\n\t\t\t\tplaceholder=\"\"\n\t\t\t\t\t\t\t\t\t\t\t\t class=\"affwp-field affwp-field-name\"\t\t\t\/>\n\t\t<\/p>\n\n\t\t\n\n\n\t\t<p>\n\t\t\t<label for=\"affwp-nombre-de-followers-youtube\" class=\"affwp-field-label\">Nombre de followers YouTube<\/label>\n\t\t\t<input\n\t\t\t\ttype=\"text\" id=\"affwp-nombre-de-followers-youtube\"\n\t\t\t\tname=\"affwp_nombre_de_followers_youtube_text\"\n\t\t\t\ttitle=\"Nombre de followers YouTube\"\n\t\t\t\tvalue=\"\"\n\t\t\t\tplaceholder=\"\"\n\t\t\t\t\t\t\t\t\t\t\t\t class=\"affwp-field affwp-field-name\"\t\t\t\/>\n\t\t<\/p>\n\n\t\t\n\n\n\t\t<p>\n\t\t\t<label for=\"affwp-url-tiktok\" class=\"affwp-field-label\">URL TikTok<\/label>\n\t\t\t<input\n\t\t\t\ttype=\"text\" id=\"affwp-url-tiktok\"\n\t\t\t\tname=\"affwp_url_tiktok_text\"\n\t\t\t\ttitle=\"URL TikTok\"\n\t\t\t\tvalue=\"\"\n\t\t\t\tplaceholder=\"\"\n\t\t\t\t\t\t\t\t\t\t\t\t class=\"affwp-field affwp-field-name\"\t\t\t\/>\n\t\t<\/p>\n\n\t\t\n\n\n\t\t<p>\n\t\t\t<label for=\"affwp-nombre-de-followers-tiktok\" class=\"affwp-field-label\">Nombre de followers TikTok<\/label>\n\t\t\t<input\n\t\t\t\ttype=\"text\" id=\"affwp-nombre-de-followers-tiktok\"\n\t\t\t\tname=\"affwp_nombre_de_followers_tiktok_text\"\n\t\t\t\ttitle=\"Nombre de followers TikTok\"\n\t\t\t\tvalue=\"\"\n\t\t\t\tplaceholder=\"\"\n\t\t\t\t\t\t\t\t\t\t\t\t class=\"affwp-field affwp-field-name\"\t\t\t\/>\n\t\t<\/p>\n\n\t\t\n\n\n\t\t<p>\n\t\t\t<label for=\"affwp-user-url\" class=\"affwp-field-label\">URL du site web<\/label>\n\t\t\t<input\n\t\t\t\ttype=\"url\"\n\t\t\t\tid=\"affwp-user-url\"\n\t\t\t\tvalue=\"\"\n\t\t\t\tname=\"affwp_user_url\"\n\t\t\t\ttitle=\"URL du site web\"\n\t\t\t\tplaceholder=\"\"\n\t\t\t\t class=\"affwp-field affwp-field-website\"\t\t\t\t\t\t\t\/>\n\t\t<\/p>\n\n\t\t\n\n\n<p><p style=\"margin-top: -25px;\"><span class=\"field-description\" style=\"font-size: 12px;\">* Vous devez indiquer au moins une URL.<\/span><\/p><\/p>\n\n\n\n\t\t<p>\n\t\t\t<label for=\"affwp-pays-ou-vous-vivez-actuellement\" class=\"affwp-field-label\">Pays o\u00f9 vous vivez actuellement <span class=\"required\">(required)<\/span><\/label>\n\t\t\t<input\n\t\t\t\ttype=\"text\" id=\"affwp-pays-ou-vous-vivez-actuellement\"\n\t\t\t\tname=\"affwp_pays_ou_vous_vivez_actuellement_text\"\n\t\t\t\ttitle=\"Pays o\u00f9 vous vivez actuellement\"\n\t\t\t\tvalue=\"\"\n\t\t\t\tplaceholder=\"\"\n\t\t\t\trequired\t\t\t\t\t\t\t\t class=\"affwp-field affwp-field-name\"\t\t\t\/>\n\t\t<\/p>\n\n\t\t\n\n\n\t\t<p>\n\t\t\t<label for=\"affwp-pays-ou-se-trouvent-vos-audiences-abonnes-cibles\" class=\"affwp-field-label\">Pays o\u00f9 se trouvent vos audiences\/abonn\u00e9s cibles<\/label>\n\t\t\t<input\n\t\t\t\ttype=\"text\" id=\"affwp-pays-ou-se-trouvent-vos-audiences-abonnes-cibles\"\n\t\t\t\tname=\"affwp_pays_ou_se_trouvent_vos_audiences_abonnes_cibles_text\"\n\t\t\t\ttitle=\"Pays o\u00f9 se trouvent vos audiences\/abonn\u00e9s cibles\"\n\t\t\t\tvalue=\"\"\n\t\t\t\tplaceholder=\"\"\n\t\t\t\t\t\t\t\t\t\t\t\t class=\"affwp-field affwp-field-name\"\t\t\t\/>\n\t\t<\/p>\n\n\t\t\n\n\n\t\t<p>\n\t\t\t<label for=\"affwp-promotion-method\" class=\"affwp-field-label\">Comment allez-vous nous promouvoir ?<\/label>\t\t\t<textarea\n\t\t\t\tname=\"affwp_promotion_method\"\n\t\t\t\tid=\"affwp-promotion-method\"\n\t\t\t\trows=\"5\"\n\t\t\t\ttitle=\"Comment allez-vous nous promouvoir ?\"\n\t\t\t\tplaceholder=\"\"\n\t\t\t\t\t\t\t\t class=\"affwp-field affwp-field-textarea\"\t\t\t\t><\/textarea>\n\t\t<\/p>\n\n\t\t\n\n\n\t\t<p>\n\t\t\t<label for=\"affwp-nom-du-referent\" class=\"affwp-field-label\">Nom du r\u00e9f\u00e9rent<\/label>\n\t\t\t<input\n\t\t\t\ttype=\"text\" id=\"affwp-nom-du-referent\"\n\t\t\t\tname=\"affwp_nom_du_referent_text\"\n\t\t\t\ttitle=\"Nom du r\u00e9f\u00e9rent\"\n\t\t\t\tvalue=\"\"\n\t\t\t\tplaceholder=\"\"\n\t\t\t\t\t\t\t\t\t\t\t\t class=\"affwp-field affwp-field-name\"\t\t\t\/>\n\t\t<\/p>\n\n\t\t\n\n\n<p><p style=\"margin-top: -25px;\"><span class=\"field-description\" style=\"font-size: 12px;\">* Le nom complet de la personne qui vous a recommand\u00e9 ce programme.<\/span><\/p><\/p>\n\n\n\n\t\t\n\t\t\n\t\t<input type=\"hidden\" name=\"g-recaptcha-remoteip\" value=\"216.73.217.17\" \/>\n\n\t\t\n\t\t\n\t\t<input type=\"hidden\" name=\"affwp_honeypot\" value=\"\"\/>\n\t\t<input type=\"hidden\" name=\"affwp_redirect\" value=\"\"\/>\n\t\t<input type=\"hidden\" name=\"affwp_register_nonce\" value=\"14ed37f734\"\/>\n\t\t<input type=\"hidden\" name=\"affwp_action\" value=\"affiliate_register\"\/>\n\t\t\t\t\t<input type=\"hidden\" name=\"affwp_post_id\" value=\"5670\"\/>\n\t\t\t<input type=\"hidden\" name=\"affwp_block_hash\" value=\"4083793951\">\n\t\t\n\t\t\t\t\t\t\t\t<input\n\t\t\t\tdata-sitekey=\"6LdeafgqAAAAAC9_dCY4S22ouU73DV_l2leEzEvq\"\n\t\t\t\tdata-callback=\"onSubmit\"\n\t\t\t\ttype=\"submit\"\n\t\t\t\tdata-action=\"affiliate_register_5670\"\n\t\t\t\tvalue=\"Inscription\"\n\t\t\t\t class=\"button g-recaptcha\"\t\t\t\/>\n\t\t\t<script>\n\t\t\t\tfunction onSubmit(token) {\n\t\t\t\t\tconst regForm = document.getElementById(\"affwp-register-form\");\n\n\t\t\t\t\tif ( regForm.checkValidity() ) {\n\t\t\t\t\t\tregForm.submit();\n\t\t\t\t\t\treturn;\n\t\t\t\t\t}\n\n\t\t\t\t\tgrecaptcha.reset();\n\t\t\t\t\tregForm.reportValidity();\n\t\t\t\t}\n\t\t\t<\/script>\n\t\t\n\t\t\n\t\t\n\n\t\t\t\t\t\t\t<\/fieldset>\n\n\t\t\t\n\t\t<\/form>\n\t\t\n\n\n\t\t<form id=\"affwp-login-form\" class=\"affwp-form\" action=\"\" method=\"post\">\n\t\t\t\n\t\t\t<fieldset>\n\t\t\t\t<legend>Connectez-vous \u00e0 votre compte<\/legend>\n\n\t\t\t\t\n\t\t\t\t<p>\n\t\t\t\t\t<label for=\"affwp-login-user-login\">Identifiant<\/label>\n\t\t\t\t\t<input\n\t\t\t\t\t\tid=\"affwp-login-user-login\"\n\t\t\t\t\t\tclass=\"required\"\n\t\t\t\t\t\ttype=\"text\"\n\t\t\t\t\t\tname=\"affwp_user_login\"\n\t\t\t\t\t\ttitle=\"Identifiant\"\n\t\t\t\t\t\tplaceholder=\"\"\n\t\t\t\t\t\/>\n\t\t\t\t<\/p>\n\n\t\t\t\t<p>\n\t\t\t\t\t<label for=\"affwp-login-user-pass\">Mot de passe<\/label>\n\t\t\t\t\t<input\n\t\t\t\t\t\tid=\"affwp-login-user-pass\"\n\t\t\t\t\t\tclass=\"password required\"\n\t\t\t\t\t\ttype=\"password\"\n\t\t\t\t\t\tname=\"affwp_user_pass\"\n\t\t\t\t\t\ttitle=\"Mot de passe\"\n\t\t\t\t\t\tplaceholder=\"\"\n\t\t\t\t\t\/>\n\t\t\t\t<\/p>\n\n\t\t\t\t<p>\n\t\t\t\t\t<label class=\"affwp-user-remember\" for=\"affwp-user-remember\">\n\t\t\t\t\t\t<input\n\t\t\t\t\t\t\tid=\"affwp-user-remember\"\n\t\t\t\t\t\t\ttype=\"checkbox\"\n\t\t\t\t\t\t\tname=\"affwp_user_remember\"\n\t\t\t\t\t\t\tvalue=\"1\"\n\t\t\t\t\t\t\/> Se souvenir de moi\t\t\t\t\t<\/label>\n\t\t\t\t<\/p>\n\n\t\t\t\t<p>\n\t\t\t\t\t\t\t\t\t\t<input type=\"hidden\" name=\"affwp_login_nonce\" value=\"88fe745762\"\/>\n\t\t\t\t\t<input type=\"hidden\" name=\"affwp_action\" value=\"user_login\"\/>\n\t\t\t\t\t<input type=\"submit\" class=\"button\" value=\"Connexion\"\/>\n\t\t\t\t<\/p>\n\n\t\t\t\t<p class=\"affwp-lost-password\">\n\t\t\t\t\t<a href=\"https:\/\/www.hurom-europe.com\/fr\/mon-compte\/lost-password\/\">Mot de passe oubli\u00e9\u00a0?<\/a>\n\t\t\t\t<\/p>\n\n\t\t\t\t\t\t\t<\/fieldset>\n\n\t\t\t\t\t<\/form>\n\n\t\t\n\n\n\n<style>\n.review_text input{\ndisplay: none !important;\n}\n\n.review_text label{\nfont-size: 14px !important;\n}\n\n.field-description fieldset legend{\nmargin-bottom: 0;\n}\n\n<\/style>\n","protected":false},"excerpt":{"rendered":"","protected":false},"author":8,"featured_media":0,"parent":0,"menu_order":0,"comment_status":"closed","ping_status":"closed","template":"templates\/template--affiliates.php","meta":{"_acf_changed":false,"inline_featured_image":false,"footnotes":""},"class_list":["post-5670","page","type-page","status-publish","hentry"],"acf":[],"yoast_head":"<!-- This site is optimized with the Yoast SEO plugin v26.6 - https:\/\/yoast.com\/wordpress\/plugins\/seo\/ -->\n<title>Nous Rejoindre - Hurom Europe<\/title>\n<meta name=\"description\" content=\"Healthy Way of Life with Slow Juicers\" \/>\n<meta name=\"robots\" content=\"index, follow, max-snippet:-1, max-image-preview:large, max-video-preview:-1\" \/>\n<link rel=\"canonical\" href=\"https:\/\/www.hurom-europe.com\/fr\/partnership\/\" \/>\n<meta property=\"og:locale\" content=\"fr_FR\" \/>\n<meta property=\"og:type\" content=\"article\" \/>\n<meta property=\"og:title\" content=\"Nous Rejoindre - Hurom Europe\" \/>\n<meta property=\"og:description\" content=\"Healthy Way of Life with Slow Juicers\" \/>\n<meta property=\"og:url\" content=\"https:\/\/www.hurom-europe.com\/fr\/partnership\/\" \/>\n<meta property=\"og:site_name\" content=\"Hurom Europe\" \/>\n<meta property=\"article:modified_time\" content=\"2025-10-22T14:58:17+00:00\" \/>\n<meta name=\"twitter:card\" content=\"summary_large_image\" \/>\n<meta name=\"twitter:label1\" content=\"Dur\u00e9e de lecture estim\u00e9e\" \/>\n\t<meta name=\"twitter:data1\" content=\"1 minute\" \/>\n<script type=\"application\/ld+json\" class=\"yoast-schema-graph\">{\"@context\":\"https:\/\/schema.org\",\"@graph\":[{\"@type\":\"WebPage\",\"@id\":\"https:\/\/www.hurom-europe.com\/fr\/partnership\/\",\"url\":\"https:\/\/www.hurom-europe.com\/fr\/partnership\/\",\"name\":\"Nous Rejoindre - Hurom Europe\",\"isPartOf\":{\"@id\":\"https:\/\/www.hurom-europe.com\/fr\/#website\"},\"datePublished\":\"2022-01-06T15:00:43+00:00\",\"dateModified\":\"2025-10-22T14:58:17+00:00\",\"description\":\"Healthy Way of Life with Slow Juicers\",\"breadcrumb\":{\"@id\":\"https:\/\/www.hurom-europe.com\/fr\/partnership\/#breadcrumb\"},\"inLanguage\":\"fr-FR\",\"potentialAction\":[{\"@type\":\"ReadAction\",\"target\":[\"https:\/\/www.hurom-europe.com\/fr\/partnership\/\"]}]},{\"@type\":\"BreadcrumbList\",\"@id\":\"https:\/\/www.hurom-europe.com\/fr\/partnership\/#breadcrumb\",\"itemListElement\":[{\"@type\":\"ListItem\",\"position\":1,\"name\":\"Home\",\"item\":\"https:\/\/www.hurom-europe.com\/fr\/\"},{\"@type\":\"ListItem\",\"position\":2,\"name\":\"Nous Rejoindre\"}]},{\"@type\":\"WebSite\",\"@id\":\"https:\/\/www.hurom-europe.com\/fr\/#website\",\"url\":\"https:\/\/www.hurom-europe.com\/fr\/\",\"name\":\"Hurom Europe\",\"description\":\"Healthy Way of Life with Slow Juicers\",\"potentialAction\":[{\"@type\":\"SearchAction\",\"target\":{\"@type\":\"EntryPoint\",\"urlTemplate\":\"https:\/\/www.hurom-europe.com\/fr\/?s={search_term_string}\"},\"query-input\":{\"@type\":\"PropertyValueSpecification\",\"valueRequired\":true,\"valueName\":\"search_term_string\"}}],\"inLanguage\":\"fr-FR\"}]}<\/script>\n<!-- \/ Yoast SEO plugin. -->","yoast_head_json":{"title":"Nous Rejoindre - Hurom Europe","description":"Healthy Way of Life with Slow Juicers","robots":{"index":"index","follow":"follow","max-snippet":"max-snippet:-1","max-image-preview":"max-image-preview:large","max-video-preview":"max-video-preview:-1"},"canonical":"https:\/\/www.hurom-europe.com\/fr\/partnership\/","og_locale":"fr_FR","og_type":"article","og_title":"Nous Rejoindre - Hurom Europe","og_description":"Healthy Way of Life with Slow Juicers","og_url":"https:\/\/www.hurom-europe.com\/fr\/partnership\/","og_site_name":"Hurom Europe","article_modified_time":"2025-10-22T14:58:17+00:00","twitter_card":"summary_large_image","twitter_misc":{"Dur\u00e9e de lecture estim\u00e9e":"1 minute"},"schema":{"@context":"https:\/\/schema.org","@graph":[{"@type":"WebPage","@id":"https:\/\/www.hurom-europe.com\/fr\/partnership\/","url":"https:\/\/www.hurom-europe.com\/fr\/partnership\/","name":"Nous Rejoindre - Hurom Europe","isPartOf":{"@id":"https:\/\/www.hurom-europe.com\/fr\/#website"},"datePublished":"2022-01-06T15:00:43+00:00","dateModified":"2025-10-22T14:58:17+00:00","description":"Healthy Way of Life with Slow Juicers","breadcrumb":{"@id":"https:\/\/www.hurom-europe.com\/fr\/partnership\/#breadcrumb"},"inLanguage":"fr-FR","potentialAction":[{"@type":"ReadAction","target":["https:\/\/www.hurom-europe.com\/fr\/partnership\/"]}]},{"@type":"BreadcrumbList","@id":"https:\/\/www.hurom-europe.com\/fr\/partnership\/#breadcrumb","itemListElement":[{"@type":"ListItem","position":1,"name":"Home","item":"https:\/\/www.hurom-europe.com\/fr\/"},{"@type":"ListItem","position":2,"name":"Nous Rejoindre"}]},{"@type":"WebSite","@id":"https:\/\/www.hurom-europe.com\/fr\/#website","url":"https:\/\/www.hurom-europe.com\/fr\/","name":"Hurom Europe","description":"Healthy Way of Life with Slow Juicers","potentialAction":[{"@type":"SearchAction","target":{"@type":"EntryPoint","urlTemplate":"https:\/\/www.hurom-europe.com\/fr\/?s={search_term_string}"},"query-input":{"@type":"PropertyValueSpecification","valueRequired":true,"valueName":"search_term_string"}}],"inLanguage":"fr-FR"}]}},"_links":{"self":[{"href":"https:\/\/www.hurom-europe.com\/fr\/wp-json\/wp\/v2\/pages\/5670","targetHints":{"allow":["GET"]}}],"collection":[{"href":"https:\/\/www.hurom-europe.com\/fr\/wp-json\/wp\/v2\/pages"}],"about":[{"href":"https:\/\/www.hurom-europe.com\/fr\/wp-json\/wp\/v2\/types\/page"}],"author":[{"embeddable":true,"href":"https:\/\/www.hurom-europe.com\/fr\/wp-json\/wp\/v2\/users\/8"}],"replies":[{"embeddable":true,"href":"https:\/\/www.hurom-europe.com\/fr\/wp-json\/wp\/v2\/comments?post=5670"}],"version-history":[{"count":0,"href":"https:\/\/www.hurom-europe.com\/fr\/wp-json\/wp\/v2\/pages\/5670\/revisions"}],"wp:attachment":[{"href":"https:\/\/www.hurom-europe.com\/fr\/wp-json\/wp\/v2\/media?parent=5670"}],"curies":[{"name":"wp","href":"https:\/\/api.w.org\/{rel}","templated":true}]}}