{"id":4747,"date":"2021-12-15T10:32:13","date_gmt":"2021-12-15T09:32:13","guid":{"rendered":"https:\/\/www.hurom-europe.com\/?page_id=4747"},"modified":"2026-02-02T08:06:41","modified_gmt":"2026-02-02T07:06:41","slug":"mentions_legales","status":"publish","type":"page","link":"https:\/\/www.hurom-europe.com\/fr\/mentions_legales\/","title":{"rendered":"Mentions L\u00e9gales"},"content":{"rendered":"\n<p>Hurom Europe GmbH<br>Weberstra\u00dfe 19<br>65779 Kelkheim (Taunus), L&rsquo;Allemagne<br>Repr\u00e9sent\u00e9 par: Won Young Jeon<br>TEL : +49 (0) 6195 \u2013 725 7967<br>Courriel\u00a0: <a href=\"http:\/\/E-Mail: info@hurom-europe.com\nInternet: www.hurom-europe.com\" target=\"_blank\" rel=\"noreferrer noopener\">info@hurom-europe.com<\/a><br>Internet\u00a0: <a href=\"http:\/\/www.hurom-europe.com\">www.hurom-europe.com<\/a><br><\/p>\n\n\n\n<h2 class=\"wp-block-heading\">Tribunal charg\u00e9 de la tenue du registre&nbsp;<\/h2>\n\n\n\n<p>Amtsgerichts Frankfurt am Main<br>Num\u00e9ro d\u2019identification \u00e0 la TVA: DE326795953<br>Num\u00e9ro d&rsquo;inscription au registre du commerce&nbsp;: HRB 11884<\/p>\n\n\n\n<p><\/p>\n\n\n\n<h2 class=\"wp-block-heading\">Note juridique&nbsp;<\/h2>\n\n\n\n<p><a href=\"https:\/\/ec.europa.eu\/odr\">Lien vers la plateforme de la Commission europ\u00e9enne<\/a> (<a href=\"https:\/\/ec.europa.eu\/odr\" target=\"_blank\" rel=\"noreferrer noopener\">https:\/\/ec.europa.eu\/odr<\/a>) conform\u00e9ment au r\u00e8glement sur la r\u00e9solution en ligne des litiges des consommateurs. Bien que nous ne soyons pas l\u00e9galement tenus de participer \u00e0 une proc\u00e9dure de r\u00e8glement des litiges devant un m\u00e9diateur de la consommation, nous restons toujours ouverts \u00e0 la r\u00e9solution directe de tout probl\u00e8me avec nos clients.<\/p>\n","protected":false},"excerpt":{"rendered":"<p>Hurom Europe GmbHWeberstra\u00dfe 1965779 Kelkheim (Taunus), L&rsquo;AllemagneRepr\u00e9sent\u00e9 par: Won Young JeonTEL : +49 (0) 6195 \u2013 725 7967Courriel\u00a0: info@hurom-europe.comInternet\u00a0: www.hurom-europe.com Tribunal charg\u00e9 de la tenue du registre&nbsp; Amtsgerichts Frankfurt am MainNum\u00e9ro d\u2019identification \u00e0 la TVA: DE326795953Num\u00e9ro d&rsquo;inscription au registre du commerce&nbsp;: HRB 11884 Note juridique&nbsp; Lien vers la plateforme de la Commission europ\u00e9enne (https:\/\/ec.europa.eu\/odr) conform\u00e9ment [&hellip;]<\/p>\n","protected":false},"author":4,"featured_media":0,"parent":0,"menu_order":9,"comment_status":"closed","ping_status":"closed","template":"","meta":{"_acf_changed":false,"inline_featured_image":false,"footnotes":""},"class_list":["post-4747","page","type-page","status-publish","hentry"],"acf":[],"yoast_head":"<!-- This site is optimized with the Yoast SEO plugin v26.6 - https:\/\/yoast.com\/wordpress\/plugins\/seo\/ -->\n<title>Mentions L\u00e9gales - Hurom Europe<\/title>\n<meta name=\"description\" content=\"Dahlert GmbH \u2013 Am Holzweg 28 \u2013 65830 Kriftel, Germany | Phone: +(49)6192 8079439 | E-Mail: info@hurom-europe.com\" \/>\n<meta name=\"robots\" content=\"index, follow, max-snippet:-1, max-image-preview:large, max-video-preview:-1\" \/>\n<link rel=\"canonical\" href=\"https:\/\/www.hurom-europe.com\/fr\/mentions_legales\/\" \/>\n<meta property=\"og:locale\" content=\"fr_FR\" \/>\n<meta property=\"og:type\" content=\"article\" \/>\n<meta property=\"og:title\" content=\"Mentions L\u00e9gales - Hurom Europe\" \/>\n<meta property=\"og:description\" content=\"Dahlert GmbH \u2013 Am Holzweg 28 \u2013 65830 Kriftel, Germany | Phone: +(49)6192 8079439 | E-Mail: info@hurom-europe.com\" \/>\n<meta property=\"og:url\" content=\"https:\/\/www.hurom-europe.com\/fr\/mentions_legales\/\" \/>\n<meta property=\"og:site_name\" content=\"Hurom Europe\" \/>\n<meta property=\"article:modified_time\" content=\"2026-02-02T07:06:41+00:00\" \/>\n<meta name=\"twitter:card\" content=\"summary_large_image\" \/>\n<script type=\"application\/ld+json\" class=\"yoast-schema-graph\">{\"@context\":\"https:\/\/schema.org\",\"@graph\":[{\"@type\":\"WebPage\",\"@id\":\"https:\/\/www.hurom-europe.com\/fr\/mentions_legales\/\",\"url\":\"https:\/\/www.hurom-europe.com\/fr\/mentions_legales\/\",\"name\":\"Mentions L\u00e9gales - Hurom Europe\",\"isPartOf\":{\"@id\":\"https:\/\/www.hurom-europe.com\/fr\/#website\"},\"datePublished\":\"2021-12-15T09:32:13+00:00\",\"dateModified\":\"2026-02-02T07:06:41+00:00\",\"description\":\"Dahlert GmbH \u2013 Am Holzweg 28 \u2013 65830 Kriftel, Germany | Phone: +(49)6192 8079439 | E-Mail: info@hurom-europe.com\",\"breadcrumb\":{\"@id\":\"https:\/\/www.hurom-europe.com\/fr\/mentions_legales\/#breadcrumb\"},\"inLanguage\":\"fr-FR\",\"potentialAction\":[{\"@type\":\"ReadAction\",\"target\":[\"https:\/\/www.hurom-europe.com\/fr\/mentions_legales\/\"]}]},{\"@type\":\"BreadcrumbList\",\"@id\":\"https:\/\/www.hurom-europe.com\/fr\/mentions_legales\/#breadcrumb\",\"itemListElement\":[{\"@type\":\"ListItem\",\"position\":1,\"name\":\"Home\",\"item\":\"https:\/\/www.hurom-europe.com\/fr\/\"},{\"@type\":\"ListItem\",\"position\":2,\"name\":\"Mentions L\u00e9gales\"}]},{\"@type\":\"WebSite\",\"@id\":\"https:\/\/www.hurom-europe.com\/fr\/#website\",\"url\":\"https:\/\/www.hurom-europe.com\/fr\/\",\"name\":\"Hurom Europe\",\"description\":\"Healthy Way of Life with Slow Juicers\",\"potentialAction\":[{\"@type\":\"SearchAction\",\"target\":{\"@type\":\"EntryPoint\",\"urlTemplate\":\"https:\/\/www.hurom-europe.com\/fr\/?s={search_term_string}\"},\"query-input\":{\"@type\":\"PropertyValueSpecification\",\"valueRequired\":true,\"valueName\":\"search_term_string\"}}],\"inLanguage\":\"fr-FR\"}]}<\/script>\n<!-- \/ Yoast SEO plugin. -->","yoast_head_json":{"title":"Mentions L\u00e9gales - Hurom Europe","description":"Dahlert GmbH \u2013 Am Holzweg 28 \u2013 65830 Kriftel, Germany | Phone: +(49)6192 8079439 | E-Mail: info@hurom-europe.com","robots":{"index":"index","follow":"follow","max-snippet":"max-snippet:-1","max-image-preview":"max-image-preview:large","max-video-preview":"max-video-preview:-1"},"canonical":"https:\/\/www.hurom-europe.com\/fr\/mentions_legales\/","og_locale":"fr_FR","og_type":"article","og_title":"Mentions L\u00e9gales - Hurom Europe","og_description":"Dahlert GmbH \u2013 Am Holzweg 28 \u2013 65830 Kriftel, Germany | Phone: +(49)6192 8079439 | E-Mail: info@hurom-europe.com","og_url":"https:\/\/www.hurom-europe.com\/fr\/mentions_legales\/","og_site_name":"Hurom Europe","article_modified_time":"2026-02-02T07:06:41+00:00","twitter_card":"summary_large_image","schema":{"@context":"https:\/\/schema.org","@graph":[{"@type":"WebPage","@id":"https:\/\/www.hurom-europe.com\/fr\/mentions_legales\/","url":"https:\/\/www.hurom-europe.com\/fr\/mentions_legales\/","name":"Mentions L\u00e9gales - Hurom Europe","isPartOf":{"@id":"https:\/\/www.hurom-europe.com\/fr\/#website"},"datePublished":"2021-12-15T09:32:13+00:00","dateModified":"2026-02-02T07:06:41+00:00","description":"Dahlert GmbH \u2013 Am Holzweg 28 \u2013 65830 Kriftel, Germany | Phone: +(49)6192 8079439 | E-Mail: info@hurom-europe.com","breadcrumb":{"@id":"https:\/\/www.hurom-europe.com\/fr\/mentions_legales\/#breadcrumb"},"inLanguage":"fr-FR","potentialAction":[{"@type":"ReadAction","target":["https:\/\/www.hurom-europe.com\/fr\/mentions_legales\/"]}]},{"@type":"BreadcrumbList","@id":"https:\/\/www.hurom-europe.com\/fr\/mentions_legales\/#breadcrumb","itemListElement":[{"@type":"ListItem","position":1,"name":"Home","item":"https:\/\/www.hurom-europe.com\/fr\/"},{"@type":"ListItem","position":2,"name":"Mentions L\u00e9gales"}]},{"@type":"WebSite","@id":"https:\/\/www.hurom-europe.com\/fr\/#website","url":"https:\/\/www.hurom-europe.com\/fr\/","name":"Hurom Europe","description":"Healthy Way of Life with Slow Juicers","potentialAction":[{"@type":"SearchAction","target":{"@type":"EntryPoint","urlTemplate":"https:\/\/www.hurom-europe.com\/fr\/?s={search_term_string}"},"query-input":{"@type":"PropertyValueSpecification","valueRequired":true,"valueName":"search_term_string"}}],"inLanguage":"fr-FR"}]}},"_links":{"self":[{"href":"https:\/\/www.hurom-europe.com\/fr\/wp-json\/wp\/v2\/pages\/4747","targetHints":{"allow":["GET"]}}],"collection":[{"href":"https:\/\/www.hurom-europe.com\/fr\/wp-json\/wp\/v2\/pages"}],"about":[{"href":"https:\/\/www.hurom-europe.com\/fr\/wp-json\/wp\/v2\/types\/page"}],"author":[{"embeddable":true,"href":"https:\/\/www.hurom-europe.com\/fr\/wp-json\/wp\/v2\/users\/4"}],"replies":[{"embeddable":true,"href":"https:\/\/www.hurom-europe.com\/fr\/wp-json\/wp\/v2\/comments?post=4747"}],"version-history":[{"count":0,"href":"https:\/\/www.hurom-europe.com\/fr\/wp-json\/wp\/v2\/pages\/4747\/revisions"}],"wp:attachment":[{"href":"https:\/\/www.hurom-europe.com\/fr\/wp-json\/wp\/v2\/media?parent=4747"}],"curies":[{"name":"wp","href":"https:\/\/api.w.org\/{rel}","templated":true}]}}