{"id":2360,"date":"2020-09-22T13:43:21","date_gmt":"2020-09-22T11:43:21","guid":{"rendered":"https:\/\/www.hurom-europe.com\/warranty\/"},"modified":"2026-03-31T10:30:47","modified_gmt":"2026-03-31T08:30:47","slug":"garantie","status":"publish","type":"page","link":"https:\/\/www.hurom-europe.com\/fr\/garantie\/","title":{"rendered":"Garantie"},"content":{"rendered":"\n<h1 class=\"wp-block-heading\">Enregistrement de la garantie<\/h1>\n\n\n\n<p><strong>Informations concernant la garantie de votre produit fournies par Hurom<\/strong>.<\/p>\n\n\n\n<p>Merci pour votre r\u00e9cent achat d&rsquo;un appareil Hurom.<br>Veuillez remplir le formulaire ci-dessous pour proc\u00e9der \u00e0 l&rsquo;enregistrement de votre garantie.<\/p>\n\n\n\n<p>Veuillez noter que cette garantie ne couvre que les produits vendus et utilis\u00e9s en Europe.<br>(*Nous offrons une garantie \u00e0 compter de la date d&rsquo;achat)<br>(**Cette garantie peut ne pas s&rsquo;appliquer aux produits vendus et utilis\u00e9s dans certains pays europ\u00e9ens.)<\/p>\n\n\n\n<p>Les p\u00e9riodes de garantie varient selon le mod\u00e8le.<\/p>\n\n\n\n<p>Les consommables tels que les pi\u00e8ces en silicone et les r\u00e9cipients de jus et de pulpe sont exclus de la garantie.<\/p>\n\n\n\n<p>[Produits achet\u00e9s \u00e0 partir de septembre 2024]<\/p>\n\n\n\n<p>&#8211; H80ST\/H400\/H330P\/H320N\/H70ST\/H70FT : moteur et pi\u00e8ces : 15 ans de garantie<\/p>\n\n\n\n<p>&#8211; H310A\/E50ST\/E30ST : moteur et pi\u00e8ces : 10 ans de garantie<\/p>\n\n\n\n<p>&#8211; Autres (sauf s\u00e9ries DT-SJ) : garantie de 10 ans sur le moteur, 2 ans sur les pi\u00e8ces<\/p>\n\n\n\n<p>\u2013 Purificateur d&rsquo;eau(WP-A01EGR) : Garantie de 5 ans &#8211; Cette garantie s&rsquo;applique uniquement \u00e0 l&rsquo;unit\u00e9 principale. Les pi\u00e8ces consommables, y compris les filtres, ne sont pas couvertes par la garantie.<\/p>\n\n\n\n<p>\u2013 Mixeurs et accessoires (Mixeur de table, Power Blender, etc ) : 2 ans de garantie<\/p>\n\n\n\n<p>*La p\u00e9riode de garantie ci-dessus s\u2019applique uniquement au produit principal, tandis que les pi\u00e8ces suppl\u00e9mentaires achet\u00e9es sont couvertes par une garantie de 2 ans.<\/p>\n\n\n\n<p><br><mark style=\"background-color:rgba(0, 0, 0, 0)\" class=\"has-inline-color has-black-color\">Veuillez noter qu\u2019une extension de garantie s\u2019applique aux produits achet\u00e9s \u00e0 partir du 1er septembre et disposant d\u2019une garantie enregistr\u00e9e sur le site Hurom Europe. La facture originale et le num\u00e9ro de commande sont n\u00e9cessaires pour faire fonctionner la garantie.<\/mark><\/p>\n\n\n\n<p>[Produits achet\u00e9s avant septembre 2024]<\/p>\n\n\n\n<p>Garantie de 10 ans sur les moteurs et de 2 ans sur les pi\u00e8ces pour tous les mod\u00e8les de slow juicer (sauf s\u00e9ries HW, DT-SJ et S13) uniquement en cas d\u2019achat aupr\u00e8s de Hurom Europe.<\/p>\n","protected":false},"excerpt":{"rendered":"<p>Enregistrement de la garantie Informations concernant la garantie de votre produit fournies par Hurom. Merci pour votre r\u00e9cent achat d&rsquo;un appareil Hurom.Veuillez remplir le formulaire ci-dessous pour proc\u00e9der \u00e0 l&rsquo;enregistrement de votre garantie. Veuillez noter que cette garantie ne couvre que les produits vendus et utilis\u00e9s en Europe.(*Nous offrons une garantie \u00e0 compter de la [&hellip;]<\/p>\n","protected":false},"author":1,"featured_media":0,"parent":0,"menu_order":9,"comment_status":"closed","ping_status":"closed","template":"templates\/template--warranty.php","meta":{"_acf_changed":false,"inline_featured_image":false,"footnotes":""},"class_list":["post-2360","page","type-page","status-publish","hentry"],"acf":[],"yoast_head":"<!-- This site is optimized with the Yoast SEO plugin v26.6 - https:\/\/yoast.com\/wordpress\/plugins\/seo\/ -->\n<title>Garantie - Hurom Europe<\/title>\n<meta name=\"description\" content=\"Enregistrement de la garantie Informations concernant la garantie de votre produit fournies par Hurom. Merci pour votre r\u00e9cent achat d&#039;un appareil\" \/>\n<meta name=\"robots\" content=\"index, follow, max-snippet:-1, max-image-preview:large, max-video-preview:-1\" \/>\n<link rel=\"canonical\" href=\"https:\/\/www.hurom-europe.com\/fr\/garantie\/\" \/>\n<meta property=\"og:locale\" content=\"fr_FR\" \/>\n<meta property=\"og:type\" content=\"article\" \/>\n<meta property=\"og:title\" content=\"Garantie - Hurom Europe\" \/>\n<meta property=\"og:description\" content=\"Enregistrement de la garantie Informations concernant la garantie de votre produit fournies par Hurom. Merci pour votre r\u00e9cent achat d&#039;un appareil\" \/>\n<meta property=\"og:url\" content=\"https:\/\/www.hurom-europe.com\/fr\/garantie\/\" \/>\n<meta property=\"og:site_name\" content=\"Hurom Europe\" \/>\n<meta property=\"article:modified_time\" content=\"2026-03-31T08:30:47+00:00\" \/>\n<meta name=\"twitter:card\" content=\"summary_large_image\" \/>\n<meta name=\"twitter:label1\" content=\"Dur\u00e9e de lecture estim\u00e9e\" \/>\n\t<meta name=\"twitter:data1\" content=\"2 minutes\" \/>\n<script type=\"application\/ld+json\" class=\"yoast-schema-graph\">{\"@context\":\"https:\/\/schema.org\",\"@graph\":[{\"@type\":\"WebPage\",\"@id\":\"https:\/\/www.hurom-europe.com\/fr\/garantie\/\",\"url\":\"https:\/\/www.hurom-europe.com\/fr\/garantie\/\",\"name\":\"Garantie - Hurom Europe\",\"isPartOf\":{\"@id\":\"https:\/\/www.hurom-europe.com\/fr\/#website\"},\"datePublished\":\"2020-09-22T11:43:21+00:00\",\"dateModified\":\"2026-03-31T08:30:47+00:00\",\"description\":\"Enregistrement de la garantie Informations concernant la garantie de votre produit fournies par Hurom. Merci pour votre r\u00e9cent achat d'un appareil\",\"breadcrumb\":{\"@id\":\"https:\/\/www.hurom-europe.com\/fr\/garantie\/#breadcrumb\"},\"inLanguage\":\"fr-FR\",\"potentialAction\":[{\"@type\":\"ReadAction\",\"target\":[\"https:\/\/www.hurom-europe.com\/fr\/garantie\/\"]}]},{\"@type\":\"BreadcrumbList\",\"@id\":\"https:\/\/www.hurom-europe.com\/fr\/garantie\/#breadcrumb\",\"itemListElement\":[{\"@type\":\"ListItem\",\"position\":1,\"name\":\"Home\",\"item\":\"https:\/\/www.hurom-europe.com\/fr\/\"},{\"@type\":\"ListItem\",\"position\":2,\"name\":\"Garantie\"}]},{\"@type\":\"WebSite\",\"@id\":\"https:\/\/www.hurom-europe.com\/fr\/#website\",\"url\":\"https:\/\/www.hurom-europe.com\/fr\/\",\"name\":\"Hurom Europe\",\"description\":\"Healthy Way of Life with Slow Juicers\",\"potentialAction\":[{\"@type\":\"SearchAction\",\"target\":{\"@type\":\"EntryPoint\",\"urlTemplate\":\"https:\/\/www.hurom-europe.com\/fr\/?s={search_term_string}\"},\"query-input\":{\"@type\":\"PropertyValueSpecification\",\"valueRequired\":true,\"valueName\":\"search_term_string\"}}],\"inLanguage\":\"fr-FR\"}]}<\/script>\n<!-- \/ Yoast SEO plugin. -->","yoast_head_json":{"title":"Garantie - Hurom Europe","description":"Enregistrement de la garantie Informations concernant la garantie de votre produit fournies par Hurom. Merci pour votre r\u00e9cent achat d'un appareil","robots":{"index":"index","follow":"follow","max-snippet":"max-snippet:-1","max-image-preview":"max-image-preview:large","max-video-preview":"max-video-preview:-1"},"canonical":"https:\/\/www.hurom-europe.com\/fr\/garantie\/","og_locale":"fr_FR","og_type":"article","og_title":"Garantie - Hurom Europe","og_description":"Enregistrement de la garantie Informations concernant la garantie de votre produit fournies par Hurom. Merci pour votre r\u00e9cent achat d'un appareil","og_url":"https:\/\/www.hurom-europe.com\/fr\/garantie\/","og_site_name":"Hurom Europe","article_modified_time":"2026-03-31T08:30:47+00:00","twitter_card":"summary_large_image","twitter_misc":{"Dur\u00e9e de lecture estim\u00e9e":"2 minutes"},"schema":{"@context":"https:\/\/schema.org","@graph":[{"@type":"WebPage","@id":"https:\/\/www.hurom-europe.com\/fr\/garantie\/","url":"https:\/\/www.hurom-europe.com\/fr\/garantie\/","name":"Garantie - Hurom Europe","isPartOf":{"@id":"https:\/\/www.hurom-europe.com\/fr\/#website"},"datePublished":"2020-09-22T11:43:21+00:00","dateModified":"2026-03-31T08:30:47+00:00","description":"Enregistrement de la garantie Informations concernant la garantie de votre produit fournies par Hurom. Merci pour votre r\u00e9cent achat d'un appareil","breadcrumb":{"@id":"https:\/\/www.hurom-europe.com\/fr\/garantie\/#breadcrumb"},"inLanguage":"fr-FR","potentialAction":[{"@type":"ReadAction","target":["https:\/\/www.hurom-europe.com\/fr\/garantie\/"]}]},{"@type":"BreadcrumbList","@id":"https:\/\/www.hurom-europe.com\/fr\/garantie\/#breadcrumb","itemListElement":[{"@type":"ListItem","position":1,"name":"Home","item":"https:\/\/www.hurom-europe.com\/fr\/"},{"@type":"ListItem","position":2,"name":"Garantie"}]},{"@type":"WebSite","@id":"https:\/\/www.hurom-europe.com\/fr\/#website","url":"https:\/\/www.hurom-europe.com\/fr\/","name":"Hurom Europe","description":"Healthy Way of Life with Slow Juicers","potentialAction":[{"@type":"SearchAction","target":{"@type":"EntryPoint","urlTemplate":"https:\/\/www.hurom-europe.com\/fr\/?s={search_term_string}"},"query-input":{"@type":"PropertyValueSpecification","valueRequired":true,"valueName":"search_term_string"}}],"inLanguage":"fr-FR"}]}},"_links":{"self":[{"href":"https:\/\/www.hurom-europe.com\/fr\/wp-json\/wp\/v2\/pages\/2360","targetHints":{"allow":["GET"]}}],"collection":[{"href":"https:\/\/www.hurom-europe.com\/fr\/wp-json\/wp\/v2\/pages"}],"about":[{"href":"https:\/\/www.hurom-europe.com\/fr\/wp-json\/wp\/v2\/types\/page"}],"author":[{"embeddable":true,"href":"https:\/\/www.hurom-europe.com\/fr\/wp-json\/wp\/v2\/users\/1"}],"replies":[{"embeddable":true,"href":"https:\/\/www.hurom-europe.com\/fr\/wp-json\/wp\/v2\/comments?post=2360"}],"version-history":[{"count":0,"href":"https:\/\/www.hurom-europe.com\/fr\/wp-json\/wp\/v2\/pages\/2360\/revisions"}],"wp:attachment":[{"href":"https:\/\/www.hurom-europe.com\/fr\/wp-json\/wp\/v2\/media?parent=2360"}],"curies":[{"name":"wp","href":"https:\/\/api.w.org\/{rel}","templated":true}]}}