{"id":2359,"date":"2020-09-22T13:41:01","date_gmt":"2020-09-22T11:41:01","guid":{"rendered":"https:\/\/www.hurom-europe.com\/terms-of-use\/"},"modified":"2026-03-31T10:16:03","modified_gmt":"2026-03-31T08:16:03","slug":"modalites-dutilisation","status":"publish","type":"page","link":"https:\/\/www.hurom-europe.com\/fr\/modalites-dutilisation\/","title":{"rendered":"Modalit\u00e9s d\u2019utilisation"},"content":{"rendered":"\n<h2 class=\"wp-block-heading\">Article 1. Champ de validit\u00e9, informations \u00e0 destination des clients<\/h2>\n\n\n\n<p>Les conditions g\u00e9n\u00e9rales de vente (CGV) suivantes r\u00e9gissent les relations contractuelles entre Dahlert GmbH Hurom Europe official et les consommateurs particuliers et professionnels qui ach\u00e8tent des marchandises dans notre boutique. Les conditions qui s\u2019opposent ou diff\u00e8rent de nos conditions g\u00e9n\u00e9rales ne sont pas accept\u00e9es par notre soci\u00e9t\u00e9. Le contrat est r\u00e9dig\u00e9 en allemand.&nbsp;<\/p>\n\n\n\n<h2 class=\"wp-block-heading\">Article 2. Conclusion du contrat<\/h2>\n\n\n\n<p>(1) Les offres sur Internet constituent une invitation obligatoire \u00e0 l\u2019achat de marchandises.&nbsp;<\/p>\n\n\n\n<p>(2) Vous pouvez d\u00e9poser un ou plusieurs produits dans le panier. Lors du processus de commande, vous saisissez vos donn\u00e9es et vos souhaits concernant le mode de paiement, les modalit\u00e9s de livraison, etc. En cliquant sur le bouton de commande, vous acceptez de conclure un contrat d\u2019achat.&nbsp;<\/p>\n\n\n\n<h2 class=\"wp-block-heading\">Article 3. Informations \u00e0 destination des clients: Conservation du texte contractuel<\/h2>\n\n\n\n<p>Le contrat et les d\u00e9tails de l\u2019article seront conserv\u00e9s par notre soci\u00e9t\u00e9. Vous n\u2019avez pas acc\u00e8s \u00e0 ces informations sur Internet. Nous vous enverrons les CGV mais vous pouvez \u00e9galement les t\u00e9l\u00e9charger \u00e0 tout moment sur notre site Internet. Vous pouvez faire une capture d\u2019\u00e9cran (= photographie d\u2019\u00e9cran) au moment de la commande ou bien imprimer la page enti\u00e8re.&nbsp;<\/p>\n\n\n\n<h2 class=\"wp-block-heading\">Article 4. Informations \u00e0 destination des clients: Note rectificative<\/h2>\n\n\n\n<p>Vous pouvez modifier les donn\u00e9es que vous avez saisies \u00e0 tout moment avant de soumettre la commande en utilisant la touche de suppression. Nous vous tiendrons inform\u00e9s des autres possibilit\u00e9s de correction tout au long du processus de commande. Vous pouvez \u00e9galement mettre fin au processus de commande \u00e0 tout moment en fermant directement la fen\u00eatre du navigateur.&nbsp;<\/p>\n\n\n\n<h2 class=\"wp-block-heading\">Article 5. R\u00e9tention du titre de propri\u00e9t\u00e9<\/h2>\n\n\n\n<p>L\u2019article achet\u00e9 reste notre propri\u00e9t\u00e9 jusqu\u2019\u00e0 ce qu\u2019il ait \u00e9t\u00e9 int\u00e9gralement pay\u00e9.&nbsp;<\/p>\n\n\n\n<h2 class=\"wp-block-heading\">Article 6. Expiration de vos droits \u00e0 la garantie<\/h2>\n\n\n\n<h3 class=\"wp-block-heading\">(1) La garantie<\/h3>\n\n\n\n<p>Nous offrons une garantie pour les moteurs et les pi\u00e8ces des mod\u00e8les de slow juicer uniquement lorsqu\u2019ils sont achet\u00e9s aupr\u00e8s de Hurom Europe.&nbsp;&nbsp;<\/p>\n\n\n\n<p>Les p\u00e9riodes de garantie varient selon le mod\u00e8le. Les consommables tels que les pi\u00e8ces en silicone et les r\u00e9cipients de jus et de pulpe, brosses de nettoyage sont exclus de la garantie.&nbsp;&nbsp;<\/p>\n\n\n\n<p>[Produits achet\u00e9s \u00e0 partir de septembre 2024]&nbsp;<\/p>\n\n\n\n<p>\u2013 H80ST\/H400\/H330P\/H320N\/H70FT\/H70ST : moteur et pi\u00e8ces : 15 ans de garantie&nbsp;<\/p>\n\n\n\n<p>\u2013 H310A\/E50ST\/E30ST : moteur et pi\u00e8ces : 10 ans de garantie&nbsp;<\/p>\n\n\n\n<p>\u2013 Autres (sauf s\u00e9ries DT-SJ) : garantie de 10 ans sur le moteur, 2 ans sur les pieces&nbsp;<\/p>\n\n\n\n<p>\u2013 Purificateur d&rsquo;eau(WP-A01EGR) : Garantie de 5 ans &#8211; Cette garantie s&rsquo;applique uniquement \u00e0 l&rsquo;unit\u00e9 principale. Les pi\u00e8ces consommables, y compris les filtres, ne sont pas couvertes par la garantie.<\/p>\n\n\n\n<p>\u2013 Mixeurs et accessoires (Mixeur de table, Power Blender, bouteilles d\u2019eau, verres, pi\u00e8ces d\u00e9tach\u00e9es, etc ) : 2 ans de garantie<\/p>\n\n\n\n<p>*La p\u00e9riode de garantie ci-dessus s\u2019applique uniquement au produit principal, tandis que les pi\u00e8ces suppl\u00e9mentaires achet\u00e9es sont couvertes par une garantie de 2 ans.&nbsp;<\/p>\n\n\n\n<p>[Produits achet\u00e9s avant septembre 2024]&nbsp;<\/p>\n\n\n\n<p>Garantie de 10 ans sur les moteurs et de 2 ans sur les pi\u00e8ces pour tous les mod\u00e8les de slow juicer (sauf s\u00e9ries HW, DT-SJ et S13) uniquement en cas d\u2019achat aupr\u00e8s de Hurom Europe.&nbsp;<\/p>\n\n\n\n<p>\u2013 Il est obligatoire de fournir le num\u00e9ro de mod\u00e8le et le num\u00e9ro de s\u00e9rie du produit pour demander un service de garantie.&nbsp;<\/p>\n\n\n\n<p>\u2013 Vous devez \u00eatre en possession de l\u2019original ou d\u2019une copie du ticket de caisse.&nbsp;<\/p>\n\n\n\n<p>&#8211; La garantie des accessoires s&rsquo;applique uniquement aux d\u00e9fauts et dommages caus\u00e9s par des d\u00e9fauts de fabrication ou de mat\u00e9riaux. Les pi\u00e8ces d&rsquo;usure sont express\u00e9ment exclues de la garantie. Une utilisation inappropri\u00e9e du produit invalidera la garantie.&nbsp;<\/p>\n\n\n\n<p>&#8211; En cas de don ou de vente des produits \u00e0 un tiers, la garantie est transf\u00e9r\u00e9e avec le produit lui-m\u00eame. Le nouveau propri\u00e9taire peut continuer \u00e0 b\u00e9n\u00e9ficier de la garantie. Pour b\u00e9n\u00e9ficier de la garantie, la preuve d&rsquo;achat originale indiquant la date d&rsquo;achat doit \u00eatre pr\u00e9sent\u00e9e. Dans certains cas, une confirmation \u00e9crite du transfert de garantie du propri\u00e9taire initial peut \u00e9galement \u00eatre demand\u00e9e.&nbsp;<\/p>\n\n\n\n<h3 class=\"wp-block-heading\">(2) Co\u00fbt de l&rsquo;exp\u00e9dition dans le cadre de la garantie<\/h3>\n\n\n\n<p>Si le produit, ou une de ses pi\u00e8ces, r\u00e9pond aux conditions de la garantie, Hurom Europe remplacera ou r\u00e9parera gratuitement le produit endommag\u00e9.&nbsp;<\/p>\n\n\n\n<h3 class=\"wp-block-heading\">(3) Exclusions de garantie<\/h3>\n\n\n\n<p>\u2013 Hurom n\u2019est pas responsable des pertes \u00e9conomiques ou des pertes sp\u00e9ciales, indirectes ou cons\u00e9cutives, y compris, entre autres, les pertes ou les dommages r\u00e9sultant de la d\u00e9t\u00e9rioration des aliments ou des produits, li\u00e9s ou non \u00e0 une d\u00e9faillance du produit.&nbsp;<\/p>\n\n\n\n<p>\u2013 Hurom n\u2019est pas responsable de la r\u00e9paration ou du remplacement des composants d\u00e9faillants ou endommag\u00e9s de l\u2019appareil r\u00e9sultants d\u2019une panne de courant, de l\u2019utilisation de rallonges, d\u2019une basse tension ou de chutes de tension.&nbsp;<\/p>\n\n\n\n<p>\u2013 Hurom n\u2019assume aucune responsabilit\u00e9 pour la couverture des pi\u00e8ces ou de la main-d\u2019\u0153uvre en cas de d\u00e9faillance d\u2019un composant ou d\u2019autres dommages r\u00e9sultant d\u2019une utilisation ou d\u2019une installation incorrecte ou d\u2019un manque de nettoyage et\/ou d\u2019entretien du produit comme indiqu\u00e9 dans le manuel d\u2019utilisation fourni avec chaque appareil.&nbsp;<\/p>\n\n\n\n<p>\u2013 Cette garantie ne couvre pas les d\u00e9fauts dus \u00e0 ou r\u00e9sultant de l\u2019usure normale, la manipulation, l\u2019usage excessif, l\u2019usage inappropri\u00e9 ou l\u2019action de produits chimiques agressifs. Elle ne s\u2019applique pas non plus aux produits dont le num\u00e9ro de s\u00e9rie a \u00e9t\u00e9 retir\u00e9 ou alt\u00e9r\u00e9, aux modifications apport\u00e9es par un personnel de service non autoris\u00e9 ou aux dommages caus\u00e9s par une inondation ou un incendie.&nbsp;<\/p>\n\n\n\n<p>\u2013 Hurom n\u2019est pas responsable des demandes de garantie relatives aux produits vendus ou utilis\u00e9s en dehors des territoires des pays europ\u00e9ens.&nbsp;&nbsp;<\/p>\n\n\n\n<p>\u2013 Cette garantie s\u2019applique uniquement aux produits vendus et utilis\u00e9s dans les \u00c9tats membres de l\u2019Union europ\u00e9enne continentale vers lesquels nous livrons.&nbsp;<br>Elle ne s\u2019applique pas aux produits emport\u00e9s ou utilis\u00e9s dans des territoires situ\u00e9s en dehors du continent europ\u00e9en, m\u00eame s\u2019ils font partie d\u2019un \u00c9tat membre de l\u2019UE \u2014 tels que les d\u00e9partements et r\u00e9gions d\u2019outre-mer fran\u00e7ais (par ex. La R\u00e9union, la Guadeloupe, la Martinique, la Guyane fran\u00e7aise, Mayotte) ou les territoires espagnols situ\u00e9s hors de l\u2019Europe continentale (par ex. les \u00eeles Canaries, Ceuta, Melilla).&nbsp;<br>Les produits utilis\u00e9s dans ces r\u00e9gions sont exclus du service de garantie.&nbsp;<\/p>\n\n\n\n<p>\u2013 Hurom n\u2019offre pas de garantie internationale. Par cons\u00e9quent, le service de garantie pour les pays hors UE ainsi que pour les pays de l\u2019UE o\u00f9 nous ne distribuons pas nos produits peut \u00eatre limit\u00e9. Nous n\u2019offrons aucun service apr\u00e8s-vente pour les achats effectu\u00e9s aupr\u00e8s de vendeurs non autoris\u00e9s. Si vous avez des questions concernant l\u2019autorisation d\u2019un vendeur en ligne, veuillez nous contacter \u00e0 l\u2019adresse suivante : <strong>Info@hurom-europe.com<\/strong>.&nbsp;&nbsp;<\/p>\n\n\n\n<h3 class=\"wp-block-heading\">(4) Puis-je envoyer mon appareil \u00e0 Hurom pour une r\u00e9paration alors qu&rsquo;il n&rsquo;est plus sous garantie ?<\/h3>\n\n\n\n<p>\u2013 Nous pouvons r\u00e9parer ou remplacer votre produit moyennant des frais s&rsquo;il n&rsquo;est plus sous garantie. Veuillez noter que les r\u00e9parations hors garantie vous seront factur\u00e9es et que ces co\u00fbts peuvent varier.&nbsp;<\/p>\n\n\n\n<h3 class=\"wp-block-heading\">(5) O\u00f9 puis-je trouver des pi\u00e8ces de rechange ?<\/h3>\n\n\n\n<p>Les pi\u00e8ces d\u00e9tach\u00e9es pour nos produits sont disponibles sur notre boutique en ligne de pi\u00e8ces d\u00e9tach\u00e9es \u00e0 l\u2019adresse suivante : <a href=\"https:\/\/hurom-europe-parts.com\/collections\" target=\"_blank\" rel=\"noreferrer noopener\">https:\/\/hurom-europe-parts.com\/collection<\/a><a href=\"https:\/\/hurom-europe-parts.com\/collections.\" target=\"_blank\" rel=\"noreferrer noopener\">s<\/a>&nbsp;<\/p>\n\n\n\n<h2 class=\"wp-block-heading\">Article 7. Limitation de la responsabilit\u00e9<\/h2>\n\n\n\n<p>Nous excluons toute responsabilit\u00e9 en cas de n\u00e9gligence mineure dans le cadre d\u2019un manquement \u00e0 une obligation, dans la mesure o\u00f9 il ne s\u2019agit pas d\u2019obligations contractuelles essentielles, de dommages caus\u00e9s par la mort, de dommages corporels, d\u2019atteinte \u00e0 la sant\u00e9 ou de garanties et o\u00f9 il ne s\u2019agit pas de droits conform\u00e9ment \u00e0 la loi sur la responsabilit\u00e9 du fait des produits (Produkthaftungsgesetz, ProdHaftG). Il en va de m\u00eame pour les manquements aux obligations de l\u2019un de nos agents et repr\u00e9sentants l\u00e9gaux. Les obligations contractuelles comprennent en particulier l\u2019obligation de vous livrer l\u2019objet et le titre de propri\u00e9t\u00e9. Nous devons en outre vous livrer l\u2019article exempt de tout d\u00e9faut mat\u00e9riel et de tout dysfonctionnement.&nbsp;<\/p>\n\n\n\n<h2 class=\"wp-block-heading\">Article 8 : \u00c9limination des \u00e9quipements \u00e9lectriques et \u00e9lectroniques conform\u00e9ment \u00e0 la loi sur l&rsquo;\u00e9lectricit\u00e9&nbsp;<\/h2>\n\n\n\n<p>(1) Les \u00e9quipements \u00e9lectriques et \u00e9lectroniques ne doivent pas \u00eatre jet\u00e9s avec les ordures m\u00e9nag\u00e8res. Les consommateurs sont l\u00e9galement tenus de les \u00e9liminer s\u00e9par\u00e9ment des d\u00e9chets municipaux non tri\u00e9s.&nbsp;<\/p>\n\n\n\n<p>(2) Les appareils usag\u00e9s doivent \u00eatre d\u00e9pos\u00e9s dans les points de collecte ou de retour municipaux.&nbsp;<\/p>\n\n\n\n<p>(3) Les appareils \u00e9lectriques usag\u00e9s sont marqu\u00e9s du symbole d&rsquo;une poubelle barr\u00e9e&nbsp;:<\/p>\n\n\n\n<figure class=\"wp-block-image size-full is-resized\"><img loading=\"lazy\" decoding=\"async\" width=\"500\" height=\"500\" src=\"https:\/\/www.hurom-europe.com\/wp-content\/uploads\/2025\/11\/Icon_WEEE_01.jpg\" alt=\"\" class=\"wp-image-190914\" style=\"width:110px;height:auto\" srcset=\"https:\/\/www.hurom-europe.com\/wp-content\/uploads\/2025\/11\/Icon_WEEE_01.jpg 500w, https:\/\/www.hurom-europe.com\/wp-content\/uploads\/2025\/11\/Icon_WEEE_01-300x300.jpg 300w, https:\/\/www.hurom-europe.com\/wp-content\/uploads\/2025\/11\/Icon_WEEE_01-150x150.jpg 150w, https:\/\/www.hurom-europe.com\/wp-content\/uploads\/2025\/11\/Icon_WEEE_01-100x100.jpg 100w\" sizes=\"auto, (max-width: 500px) 100vw, 500px\" \/><\/figure>\n\n\n\n<p>[Remarque : Le symbole est imprim\u00e9 sur l\u2019appareil ou l\u2019emballage.]&nbsp;<\/p>\n\n\n\n<p>(4) Nous sommes enregistr\u00e9s aupr\u00e8s de la Fondation EAR sous le num\u00e9ro d\u2019enregistrement DEEE suivant :&nbsp;<\/p>\n\n\n\n<p>N\u00b0 d\u2019enregistrement DEEE : DE 43913252 \/ FR044463_05MN12&nbsp;<\/p>\n\n\n\n<p>Nous vous ferons parvenir un exemplaire des pr\u00e9sentes conditions g\u00e9n\u00e9rales par e-mail.&nbsp;<\/p>\n\n\n\n<p>CGV &#8211; Version 3.0 \/\/ \u00c0 compter du 31\/03\/2026\u00a0<\/p>\n","protected":false},"excerpt":{"rendered":"<p>Article 1. Champ de validit\u00e9, informations \u00e0 destination des clients Les conditions g\u00e9n\u00e9rales de vente (CGV) suivantes r\u00e9gissent les relations contractuelles entre Dahlert GmbH Hurom Europe official et les consommateurs particuliers et professionnels qui ach\u00e8tent des marchandises dans notre boutique. Les conditions qui s\u2019opposent ou diff\u00e8rent de nos conditions g\u00e9n\u00e9rales ne sont pas accept\u00e9es par [&hellip;]<\/p>\n","protected":false},"author":1,"featured_media":0,"parent":0,"menu_order":9,"comment_status":"closed","ping_status":"closed","template":"","meta":{"_acf_changed":false,"inline_featured_image":false,"footnotes":""},"class_list":["post-2359","page","type-page","status-publish","hentry"],"acf":[],"yoast_head":"<!-- This site is optimized with the Yoast SEO plugin v26.6 - https:\/\/yoast.com\/wordpress\/plugins\/seo\/ -->\n<title>Modalit\u00e9s d\u2019utilisation - Hurom Europe<\/title>\n<meta name=\"description\" content=\"Article 1. Champ de validit\u00e9, informations \u00e0 destination des clients Les conditions g\u00e9n\u00e9rales de vente (CGV) suivantes r\u00e9gissent les relations\" \/>\n<meta name=\"robots\" content=\"index, follow, max-snippet:-1, max-image-preview:large, max-video-preview:-1\" \/>\n<link rel=\"canonical\" href=\"https:\/\/www.hurom-europe.com\/fr\/modalites-dutilisation\/\" \/>\n<meta property=\"og:locale\" content=\"fr_FR\" \/>\n<meta property=\"og:type\" content=\"article\" \/>\n<meta property=\"og:title\" content=\"Modalit\u00e9s d\u2019utilisation - Hurom Europe\" \/>\n<meta property=\"og:description\" content=\"Article 1. Champ de validit\u00e9, informations \u00e0 destination des clients Les conditions g\u00e9n\u00e9rales de vente (CGV) suivantes r\u00e9gissent les relations\" \/>\n<meta property=\"og:url\" content=\"https:\/\/www.hurom-europe.com\/fr\/modalites-dutilisation\/\" \/>\n<meta property=\"og:site_name\" content=\"Hurom Europe\" \/>\n<meta property=\"article:modified_time\" content=\"2026-03-31T08:16:03+00:00\" \/>\n<meta property=\"og:image\" content=\"https:\/\/www.hurom-europe.com\/wp-content\/uploads\/2025\/11\/Icon_WEEE_01.jpg\" \/>\n\t<meta property=\"og:image:width\" content=\"500\" \/>\n\t<meta property=\"og:image:height\" content=\"500\" \/>\n\t<meta property=\"og:image:type\" content=\"image\/jpeg\" \/>\n<meta name=\"twitter:card\" content=\"summary_large_image\" \/>\n<meta name=\"twitter:label1\" content=\"Dur\u00e9e de lecture estim\u00e9e\" \/>\n\t<meta name=\"twitter:data1\" content=\"7 minutes\" \/>\n<script type=\"application\/ld+json\" class=\"yoast-schema-graph\">{\"@context\":\"https:\/\/schema.org\",\"@graph\":[{\"@type\":\"WebPage\",\"@id\":\"https:\/\/www.hurom-europe.com\/fr\/modalites-dutilisation\/\",\"url\":\"https:\/\/www.hurom-europe.com\/fr\/modalites-dutilisation\/\",\"name\":\"Modalit\u00e9s d\u2019utilisation - Hurom Europe\",\"isPartOf\":{\"@id\":\"https:\/\/www.hurom-europe.com\/fr\/#website\"},\"primaryImageOfPage\":{\"@id\":\"https:\/\/www.hurom-europe.com\/fr\/modalites-dutilisation\/#primaryimage\"},\"image\":{\"@id\":\"https:\/\/www.hurom-europe.com\/fr\/modalites-dutilisation\/#primaryimage\"},\"thumbnailUrl\":\"https:\/\/www.hurom-europe.com\/wp-content\/uploads\/2025\/11\/Icon_WEEE_01.jpg\",\"datePublished\":\"2020-09-22T11:41:01+00:00\",\"dateModified\":\"2026-03-31T08:16:03+00:00\",\"description\":\"Article 1. Champ de validit\u00e9, informations \u00e0 destination des clients Les conditions g\u00e9n\u00e9rales de vente (CGV) suivantes r\u00e9gissent les relations\",\"breadcrumb\":{\"@id\":\"https:\/\/www.hurom-europe.com\/fr\/modalites-dutilisation\/#breadcrumb\"},\"inLanguage\":\"fr-FR\",\"potentialAction\":[{\"@type\":\"ReadAction\",\"target\":[\"https:\/\/www.hurom-europe.com\/fr\/modalites-dutilisation\/\"]}]},{\"@type\":\"ImageObject\",\"inLanguage\":\"fr-FR\",\"@id\":\"https:\/\/www.hurom-europe.com\/fr\/modalites-dutilisation\/#primaryimage\",\"url\":\"https:\/\/www.hurom-europe.com\/wp-content\/uploads\/2025\/11\/Icon_WEEE_01.jpg\",\"contentUrl\":\"https:\/\/www.hurom-europe.com\/wp-content\/uploads\/2025\/11\/Icon_WEEE_01.jpg\"},{\"@type\":\"BreadcrumbList\",\"@id\":\"https:\/\/www.hurom-europe.com\/fr\/modalites-dutilisation\/#breadcrumb\",\"itemListElement\":[{\"@type\":\"ListItem\",\"position\":1,\"name\":\"Home\",\"item\":\"https:\/\/www.hurom-europe.com\/fr\/\"},{\"@type\":\"ListItem\",\"position\":2,\"name\":\"Modalit\u00e9s d\u2019utilisation\"}]},{\"@type\":\"WebSite\",\"@id\":\"https:\/\/www.hurom-europe.com\/fr\/#website\",\"url\":\"https:\/\/www.hurom-europe.com\/fr\/\",\"name\":\"Hurom Europe\",\"description\":\"Healthy Way of Life with Slow Juicers\",\"potentialAction\":[{\"@type\":\"SearchAction\",\"target\":{\"@type\":\"EntryPoint\",\"urlTemplate\":\"https:\/\/www.hurom-europe.com\/fr\/?s={search_term_string}\"},\"query-input\":{\"@type\":\"PropertyValueSpecification\",\"valueRequired\":true,\"valueName\":\"search_term_string\"}}],\"inLanguage\":\"fr-FR\"}]}<\/script>\n<!-- \/ Yoast SEO plugin. -->","yoast_head_json":{"title":"Modalit\u00e9s d\u2019utilisation - Hurom Europe","description":"Article 1. Champ de validit\u00e9, informations \u00e0 destination des clients Les conditions g\u00e9n\u00e9rales de vente (CGV) suivantes r\u00e9gissent les relations","robots":{"index":"index","follow":"follow","max-snippet":"max-snippet:-1","max-image-preview":"max-image-preview:large","max-video-preview":"max-video-preview:-1"},"canonical":"https:\/\/www.hurom-europe.com\/fr\/modalites-dutilisation\/","og_locale":"fr_FR","og_type":"article","og_title":"Modalit\u00e9s d\u2019utilisation - Hurom Europe","og_description":"Article 1. Champ de validit\u00e9, informations \u00e0 destination des clients Les conditions g\u00e9n\u00e9rales de vente (CGV) suivantes r\u00e9gissent les relations","og_url":"https:\/\/www.hurom-europe.com\/fr\/modalites-dutilisation\/","og_site_name":"Hurom Europe","article_modified_time":"2026-03-31T08:16:03+00:00","og_image":[{"width":500,"height":500,"url":"https:\/\/www.hurom-europe.com\/wp-content\/uploads\/2025\/11\/Icon_WEEE_01.jpg","type":"image\/jpeg"}],"twitter_card":"summary_large_image","twitter_misc":{"Dur\u00e9e de lecture estim\u00e9e":"7 minutes"},"schema":{"@context":"https:\/\/schema.org","@graph":[{"@type":"WebPage","@id":"https:\/\/www.hurom-europe.com\/fr\/modalites-dutilisation\/","url":"https:\/\/www.hurom-europe.com\/fr\/modalites-dutilisation\/","name":"Modalit\u00e9s d\u2019utilisation - Hurom Europe","isPartOf":{"@id":"https:\/\/www.hurom-europe.com\/fr\/#website"},"primaryImageOfPage":{"@id":"https:\/\/www.hurom-europe.com\/fr\/modalites-dutilisation\/#primaryimage"},"image":{"@id":"https:\/\/www.hurom-europe.com\/fr\/modalites-dutilisation\/#primaryimage"},"thumbnailUrl":"https:\/\/www.hurom-europe.com\/wp-content\/uploads\/2025\/11\/Icon_WEEE_01.jpg","datePublished":"2020-09-22T11:41:01+00:00","dateModified":"2026-03-31T08:16:03+00:00","description":"Article 1. Champ de validit\u00e9, informations \u00e0 destination des clients Les conditions g\u00e9n\u00e9rales de vente (CGV) suivantes r\u00e9gissent les relations","breadcrumb":{"@id":"https:\/\/www.hurom-europe.com\/fr\/modalites-dutilisation\/#breadcrumb"},"inLanguage":"fr-FR","potentialAction":[{"@type":"ReadAction","target":["https:\/\/www.hurom-europe.com\/fr\/modalites-dutilisation\/"]}]},{"@type":"ImageObject","inLanguage":"fr-FR","@id":"https:\/\/www.hurom-europe.com\/fr\/modalites-dutilisation\/#primaryimage","url":"https:\/\/www.hurom-europe.com\/wp-content\/uploads\/2025\/11\/Icon_WEEE_01.jpg","contentUrl":"https:\/\/www.hurom-europe.com\/wp-content\/uploads\/2025\/11\/Icon_WEEE_01.jpg"},{"@type":"BreadcrumbList","@id":"https:\/\/www.hurom-europe.com\/fr\/modalites-dutilisation\/#breadcrumb","itemListElement":[{"@type":"ListItem","position":1,"name":"Home","item":"https:\/\/www.hurom-europe.com\/fr\/"},{"@type":"ListItem","position":2,"name":"Modalit\u00e9s d\u2019utilisation"}]},{"@type":"WebSite","@id":"https:\/\/www.hurom-europe.com\/fr\/#website","url":"https:\/\/www.hurom-europe.com\/fr\/","name":"Hurom Europe","description":"Healthy Way of Life with Slow Juicers","potentialAction":[{"@type":"SearchAction","target":{"@type":"EntryPoint","urlTemplate":"https:\/\/www.hurom-europe.com\/fr\/?s={search_term_string}"},"query-input":{"@type":"PropertyValueSpecification","valueRequired":true,"valueName":"search_term_string"}}],"inLanguage":"fr-FR"}]}},"_links":{"self":[{"href":"https:\/\/www.hurom-europe.com\/fr\/wp-json\/wp\/v2\/pages\/2359","targetHints":{"allow":["GET"]}}],"collection":[{"href":"https:\/\/www.hurom-europe.com\/fr\/wp-json\/wp\/v2\/pages"}],"about":[{"href":"https:\/\/www.hurom-europe.com\/fr\/wp-json\/wp\/v2\/types\/page"}],"author":[{"embeddable":true,"href":"https:\/\/www.hurom-europe.com\/fr\/wp-json\/wp\/v2\/users\/1"}],"replies":[{"embeddable":true,"href":"https:\/\/www.hurom-europe.com\/fr\/wp-json\/wp\/v2\/comments?post=2359"}],"version-history":[{"count":0,"href":"https:\/\/www.hurom-europe.com\/fr\/wp-json\/wp\/v2\/pages\/2359\/revisions"}],"wp:attachment":[{"href":"https:\/\/www.hurom-europe.com\/fr\/wp-json\/wp\/v2\/media?parent=2359"}],"curies":[{"name":"wp","href":"https:\/\/api.w.org\/{rel}","templated":true}]}}