{"id":2356,"date":"2020-09-22T13:42:25","date_gmt":"2020-09-22T11:42:25","guid":{"rendered":"https:\/\/www.hurom-europe.com\/shipping-and-returns\/"},"modified":"2026-03-19T16:45:54","modified_gmt":"2026-03-19T15:45:54","slug":"livraison-et-retours","status":"publish","type":"page","link":"https:\/\/www.hurom-europe.com\/fr\/livraison-et-retours\/","title":{"rendered":"Livraison et retours"},"content":{"rendered":"\n<h2 class=\"wp-block-heading\">Zones de livraison<\/h2>\n\n\n\n<p>Livraison gratuite ! \u2013 Nous offrons la livraison terrestre gratuite pour toutes les commandes de 100 \u20ac ou plus en Allemagne et dans d\u2019autres pays europ\u00e9ens (Allemagne, Autriche, Belgique, Croatie, Estonie, France, Gr\u00e8ce, Italie, Lettonie, Lituanie, Luxembourg, Malte, Monaco, Pays-Bas, Portugal, Roumanie, Slovaquie, Slov\u00e9nie, Espagne, Su\u00e8de).\u00a0<\/p>\n\n\n\n<p>***En raison d\u2019accords de distribution r\u00e9gionaux, la livraison vers certains pays europ\u00e9ens peut\u202f\u00eatre\u202flimit\u00e9e.***<\/p>\n\n\n\n<p>**Veuillez noter : La livraison est disponible uniquement \u00e0 l\u2019int\u00e9rieur de l\u2019Union europ\u00e9enne continentale.&nbsp;<br>Nous ne livrons pas dans les territoires situ\u00e9s en dehors du continent europ\u00e9en, m\u00eame s\u2019ils appartiennent \u00e0 un \u00c9tat membre de l\u2019UE \u2014 tels que les territoires d\u2019outre-mer fran\u00e7ais (par ex. La R\u00e9union, la Guadeloupe, la Martinique, la Guyane fran\u00e7aise, Mayotte) ou les territoires espagnols hors d\u2019Europe (par ex. les \u00eeles Canaries, Ceuta, Melilla).**<\/p>\n\n\n\n<h2 class=\"wp-block-heading\">Traitement des livraisons<\/h2>\n\n\n\n<p>Fin du jour suivant \u2013 La plupart des commandes pass\u00e9es avant 23h CET seront trait\u00e9es et exp\u00e9di\u00e9es le jour ouvrable suivant. Les commandes sont retenues si nous ne pouvons pas v\u00e9rifier votre adresse de livraison ou si vos coordonn\u00e9es de facturation sont signal\u00e9es par notre syst\u00e8me de d\u00e9tection des fraudes. Hurom Europe n\u2019est pas responsable des retards de traitement ind\u00e9pendants de notre volont\u00e9.&nbsp;<br>* Pendant la saison promotionnelle, la livraison peut \u00eatre retard\u00e9e de quelques jours en raison du volume \u00e9lev\u00e9 de commandes.&nbsp;<\/p>\n\n\n\n<p>D\u00e9lai d\u2019exp\u00e9dition estim\u00e9 :<br>&#8211; En Allemagne : 1 \u00e0 3 jours ouvrables<br>&#8211; Pays voisins (Autriche, France, Belgique, Luxembourg, etc.) : 2 \u00e0 5 jours ouvrables<br>&#8211; Autres pays de l\u2019Union europ\u00e9enne : 3 \u00e0 10 jours ouvrables<br>*Veuillez noter que les d\u00e9lais d\u2019exp\u00e9dition peuvent occasionnellement \u00eatre prolong\u00e9s en raison de retards du transporteur.<\/p>\n\n\n\n<p>Confirmation de signature \u2013 Hurom Europe se r\u00e9serve le droit d\u2019exiger une confirmation de signature pour toute exp\u00e9dition. Nos collaborateurs du service client\u00e8le ne sont pas autoris\u00e9s \u00e0 lib\u00e9rer des exigences en mati\u00e8re de signatures.&nbsp;<\/p>\n\n\n\n<p>Demandes de modification ou d\u2019annulation de commande \u2013 Nous ne sommes pas en mesure de combiner des commandes multiples. Nous ne pouvons pas annuler ou modifier les d\u00e9tails d\u2019une commande une fois qu\u2019elle a \u00e9t\u00e9 transmise \u00e0 notre entrep\u00f4t. Les commandes sont envoy\u00e9es \u00e0 notre entrep\u00f4t tous les jours \u00e0 23h00 CET (heure normale de l\u2019Est). Veuillez nous contacter le plus rapidement possible si vous constatez une erreur dans les d\u00e9tails de votre commande.&nbsp;&nbsp;<\/p>\n\n\n\n<p>Retards de livraison dus au transporteur \u2013 Hurom Europe n\u2019est pas responsable des retards de livraison dus au transporteur. Les dates de livraison estim\u00e9es ne sont pas garanties.&nbsp;<\/p>\n\n\n\n<p>R\u00e9clamations pour dommages caus\u00e9s par la livraison \u2013 Si vous pensez que vos produits ont \u00e9t\u00e9 endommag\u00e9s pendant le transport, veuillez refuser la marchandise et envoyez-nous imm\u00e9diatement un courriel \u00e0 l\u2019adresse info@hurom-europe.com. Ne retirez aucun article et conservez l\u2019emballage tel quel. Si nous d\u00e9posons une d\u00e9claration de sinistre, nous pouvons vous demander de prendre des photos du dommage. Nous vous enverrons une nouvelle unit\u00e9 dans les plus brefs d\u00e9lais. Les r\u00e9clamations concernant des articles endommag\u00e9s ou manquants doivent \u00eatre notifi\u00e9es dans les 3 jours calendaires suivant la date de livraison.&nbsp;<\/p>\n\n\n\n<p>R\u00e9clamations relatives \u00e0 des vices d\u2019un produit \u2013 Si vous recevez un extracteur de jus qui vous semble d\u00e9fectueux, veuillez contacter notre \u00e9quipe du SAV. Nous vous aiderons \u00e0 r\u00e9soudre le probl\u00e8me, \u00e0 traiter un \u00e9change et\/ou \u00e0 v\u00e9rifier la garantie du produit pour une assistance suppl\u00e9mentaire.&nbsp;<\/p>\n\n\n\n<h2 class=\"wp-block-heading\">Politique de r\u00e9tractation<\/h2>\n\n\n\n<p>Droit de r\u00e9tractation&nbsp;<\/p>\n\n\n\n<p>Vous avez le droit de vous r\u00e9tracter du contrat que vous avez conclu avec nous dans un d\u00e9lai de quatorze (14) jours sans donner de motif. Le d\u00e9lai de r\u00e9tractation est de quatorze (14) jours \u00e0 compter du jour o\u00f9 vous ou un tiers d\u00e9sign\u00e9 par vous, qui n&rsquo;est pas le transporteur des marchandises, avez pris possession des marchandises. Pour exercer votre droit de r\u00e9tractation, vous devez informer Hurom Europe GmbH de votre d\u00e9cision de vous r\u00e9tracter du pr\u00e9sent contrat au moyen d&rsquo;une d\u00e9claration claire (adresse e-mail : info@hurom-europe.com).&nbsp;&nbsp;&nbsp;<\/p>\n\n\n\n<p>Pour respecter le d\u00e9lai de r\u00e9tractation, il suffit que vous envoyiez la notification de votre exercice du droit de r\u00e9tractation avant l&rsquo;expiration du d\u00e9lai de r\u00e9tractation.&nbsp;&nbsp;&nbsp;<\/p>\n\n\n\n<p>Dans le cas de produits command\u00e9s par vous et livr\u00e9s s\u00e9par\u00e9ment, le d\u00e9lai de r\u00e9tractation commence \u00e0 courir le jour o\u00f9 vous ou un tiers d\u00e9sign\u00e9 par vous (autre que le transporteur des marchandises) avez pris possession des derni\u00e8res marchandises livr\u00e9es par nous. Dans le cas o\u00f9 vous avez command\u00e9 un article compos\u00e9 de plusieurs parties, le d\u00e9lai de r\u00e9tractation commence \u00e0 compter du jour o\u00f9 vous ou un tiers d\u00e9sign\u00e9 par vous (autre que le transporteur des marchandises) avez pris possession de la derni\u00e8re partie de la livraison des marchandises.&nbsp;&nbsp;&nbsp;<\/p>\n\n\n\n<p>Nous n\u2019acceptons que les retours d\u2019appareils achet\u00e9s directement sur www.hurom-europe.com. Les ventes de pi\u00e8ces et d\u2019accessoires sont d\u00e9finitives et ne peuvent faire l\u2019objet d\u2019un retour. Pour les produits Hurom achet\u00e9s ailleurs, veuillez contacter le revendeur d\u2019origine pour conna\u00eetre sa politique de retour.<\/p>\n\n\n\n<h2 class=\"wp-block-heading\">Cons\u00e9quences de r\u00e9tractation<\/h2>\n\n\n\n<p>Si vous vous r\u00e9tractez du pr\u00e9sent contrat, nous vous rembourserons sans d\u00e9lai (au plus tard 14 jours apr\u00e8s la date \u00e0 laquelle nous avons re\u00e7u l&rsquo;article retourn\u00e9) tous les paiements que nous avons re\u00e7us de votre part, y compris les frais de livraison (\u00e0 l&rsquo;exception des frais li\u00e9s \u00e0 un mode de livraison autre que le mode de livraison standard que nous proposons et que vous avez choisi). Nous effectuerons ce remboursement en utilisant le m\u00eame moyen de paiement que celui que vous avez utilis\u00e9 pour l&rsquo;achat.&nbsp;<\/p>\n\n\n\n<p>Nous pouvons retenir ou refuser le remboursement jusqu&rsquo;\u00e0 ce que nous ayons re\u00e7u les marchandises ou que vous ayez fourni la preuve d\u2019envoi, selon la premi\u00e8re \u00e9ventualit\u00e9.&nbsp;<\/p>\n\n\n\n<p>Si vous souhaitez retourner votre commande, veuillez envoyer une demande de retour \u00e0 notre \u00e9quipe par e-mail ( adresse e-mail : <a href=\"mailto:info@hurom-europe.com\" target=\"_blank\" rel=\"noreferrer noopener\">info@hurom-europe.com<\/a> ). Munissez-vous de votre num\u00e9ro de commande afin que nous puissions retrouver les d\u00e9tails de votre commande. Vous recevrez alors une \u00e9tiquette de retour gratuite qui vous permettra de renvoyer le produit. Le produit doit \u00eatre retourn\u00e9 avec tous ses accessoires. Si le produit est retourn\u00e9 dans un \u00e9tat qui ne r\u00e9sulte pas d&rsquo;une manipulation n\u00e9cessaire pour v\u00e9rifier sa nature, ses propri\u00e9t\u00e9s et son fonctionnement, nous nous r\u00e9servons le droit de r\u00e9clamer une indemnisation pour toute perte de valeur qui en r\u00e9sulterait.&nbsp;<\/p>\n\n\n\n<p>Veuillez noter que lors du retour d&rsquo;appareils \u00e9lectriques entrant en contact avec des aliments, une d\u00e9duction appropri\u00e9e peut \u00eatre effectu\u00e9e sur le montant du remboursement s&rsquo;il y a des r\u00e9sidus pr\u00e9sentant un risque pour l&rsquo;hygi\u00e8ne, par exemple des r\u00e9sidus alimentaires qui n&rsquo;ont pas \u00e9t\u00e9 \u00e9limin\u00e9s.&nbsp;<\/p>\n\n\n\n<p>Le montant d\u00e9duit d\u00e9pend du degr\u00e9 de contamination et de la perte de valeur qui en r\u00e9sulte. Si l&rsquo;appareil est retourn\u00e9 dans un \u00e9tat fortement usag\u00e9 ou contamin\u00e9 et ne peut \u00eatre reconditionn\u00e9 ou revendu comme neuf, la d\u00e9duction peut \u00eatre importante.&nbsp;<\/p>\n\n\n\n<p>En cas de r\u00e9tractation du contrat d&rsquo;achat ou de retour des marchandises, le client est tenu de restituer tous les cadeaux ou articles promotionnels re\u00e7us dans le cadre de cet achat, dans leur int\u00e9gralit\u00e9 et en parfait \u00e9tat. Si les cadeaux ne sont pas restitu\u00e9s ou sont retourn\u00e9s endommag\u00e9s, nous nous r\u00e9servons le droit de d\u00e9duire la valeur du cadeau du montant du remboursement.&nbsp;<\/p>\n\n\n\n<p>Comme indiqu\u00e9 ci-dessus, le consommateur ou la consommatrice doit clairement informer l\u2019entreprise de son intention de se r\u00e9tracter du contrat avant de renvoyer les marchandises (par exemple par e-mail ou en utilisant le formulaire de r\u00e9tractation). Si les marchandises sont renvoy\u00e9es sans d\u00e9claration de r\u00e9tractation pr\u00e9alable ou simultan\u00e9e, le renvoi ne peut \u00eatre consid\u00e9r\u00e9 comme une r\u00e9tractation valable, \u00e0 moins qu\u2019une d\u00e9claration de r\u00e9tractation ait \u00e9t\u00e9 faite dans le d\u00e9lai l\u00e9gal de r\u00e9tractation. Les renvois effectu\u00e9s apr\u00e8s l\u2019expiration du d\u00e9lai de r\u00e9tractation l\u00e9gal, ou sans notification pr\u00e9alable de r\u00e9tractation \u00e0 l\u2019entreprise, seront refus\u00e9s. Dans ce cas, les frais d\u2019exp\u00e9dition occasionn\u00e9s par le renvoi de la marchandise au client ou \u00e0 la cliente sont \u00e0 la charge du client ou de la cliente. En cas de renvoi de marchandises avec une \u00e9tiquette d\u2019exp\u00e9dition non fournie par la soci\u00e9t\u00e9, l\u2019exp\u00e9dition du renvoi est organis\u00e9e ind\u00e9pendamment par le client ou la cliente, et le risque de perte ou de dommage pendant cette exp\u00e9dition est assum\u00e9 par le client ou la cliente.<\/p>\n\n\n\n<p>En date du : 05 f\u00e9vrier 2026<\/p>\n\n\n\n<p>Mise \u00e0 jour : r\u00e9vision du guide des politiques relatives au retour des produits dont la valeur a diminu\u00e9.&nbsp; R\u00e9vision des informations relatives aux frais de retour.&nbsp;<\/p>\n\n\n\n<p><\/p>\n","protected":false},"excerpt":{"rendered":"<p>Zones de livraison Livraison gratuite ! \u2013 Nous offrons la livraison terrestre gratuite pour toutes les commandes de 100 \u20ac ou plus en Allemagne et dans d\u2019autres pays europ\u00e9ens (Allemagne, Autriche, Belgique, Croatie, Estonie, France, Gr\u00e8ce, Italie, Lettonie, Lituanie, Luxembourg, Malte, Monaco, Pays-Bas, Portugal, Roumanie, Slovaquie, Slov\u00e9nie, Espagne, Su\u00e8de).\u00a0 ***En raison d\u2019accords de distribution r\u00e9gionaux, [&hellip;]<\/p>\n","protected":false},"author":1,"featured_media":0,"parent":0,"menu_order":9,"comment_status":"closed","ping_status":"closed","template":"","meta":{"_acf_changed":false,"inline_featured_image":false,"footnotes":""},"class_list":["post-2356","page","type-page","status-publish","hentry"],"acf":[],"yoast_head":"<!-- This site is optimized with the Yoast SEO plugin v26.6 - https:\/\/yoast.com\/wordpress\/plugins\/seo\/ -->\n<title>Livraison et retours - Hurom Europe<\/title>\n<meta name=\"description\" content=\"Zones de livraison Livraison gratuite ! \u2013 Nous offrons la livraison terrestre gratuite pour toutes les commandes de 100 \u20ac ou plus en Allemagne et dans\" \/>\n<meta name=\"robots\" content=\"index, follow, max-snippet:-1, max-image-preview:large, max-video-preview:-1\" \/>\n<link rel=\"canonical\" href=\"https:\/\/www.hurom-europe.com\/fr\/livraison-et-retours\/\" \/>\n<meta property=\"og:locale\" content=\"fr_FR\" \/>\n<meta property=\"og:type\" content=\"article\" \/>\n<meta property=\"og:title\" content=\"Livraison et retours - Hurom Europe\" \/>\n<meta property=\"og:description\" content=\"Zones de livraison Livraison gratuite ! \u2013 Nous offrons la livraison terrestre gratuite pour toutes les commandes de 100 \u20ac ou plus en Allemagne et dans\" \/>\n<meta property=\"og:url\" content=\"https:\/\/www.hurom-europe.com\/fr\/livraison-et-retours\/\" \/>\n<meta property=\"og:site_name\" content=\"Hurom Europe\" \/>\n<meta property=\"article:modified_time\" content=\"2026-03-19T15:45:54+00:00\" \/>\n<meta name=\"twitter:card\" content=\"summary_large_image\" \/>\n<meta name=\"twitter:label1\" content=\"Dur\u00e9e de lecture estim\u00e9e\" \/>\n\t<meta name=\"twitter:data1\" content=\"6 minutes\" \/>\n<script type=\"application\/ld+json\" class=\"yoast-schema-graph\">{\"@context\":\"https:\/\/schema.org\",\"@graph\":[{\"@type\":\"WebPage\",\"@id\":\"https:\/\/www.hurom-europe.com\/fr\/livraison-et-retours\/\",\"url\":\"https:\/\/www.hurom-europe.com\/fr\/livraison-et-retours\/\",\"name\":\"Livraison et retours - Hurom Europe\",\"isPartOf\":{\"@id\":\"https:\/\/www.hurom-europe.com\/fr\/#website\"},\"datePublished\":\"2020-09-22T11:42:25+00:00\",\"dateModified\":\"2026-03-19T15:45:54+00:00\",\"description\":\"Zones de livraison Livraison gratuite ! \u2013 Nous offrons la livraison terrestre gratuite pour toutes les commandes de 100 \u20ac ou plus en Allemagne et dans\",\"breadcrumb\":{\"@id\":\"https:\/\/www.hurom-europe.com\/fr\/livraison-et-retours\/#breadcrumb\"},\"inLanguage\":\"fr-FR\",\"potentialAction\":[{\"@type\":\"ReadAction\",\"target\":[\"https:\/\/www.hurom-europe.com\/fr\/livraison-et-retours\/\"]}]},{\"@type\":\"BreadcrumbList\",\"@id\":\"https:\/\/www.hurom-europe.com\/fr\/livraison-et-retours\/#breadcrumb\",\"itemListElement\":[{\"@type\":\"ListItem\",\"position\":1,\"name\":\"Home\",\"item\":\"https:\/\/www.hurom-europe.com\/fr\/\"},{\"@type\":\"ListItem\",\"position\":2,\"name\":\"Livraison et retours\"}]},{\"@type\":\"WebSite\",\"@id\":\"https:\/\/www.hurom-europe.com\/fr\/#website\",\"url\":\"https:\/\/www.hurom-europe.com\/fr\/\",\"name\":\"Hurom Europe\",\"description\":\"Healthy Way of Life with Slow Juicers\",\"potentialAction\":[{\"@type\":\"SearchAction\",\"target\":{\"@type\":\"EntryPoint\",\"urlTemplate\":\"https:\/\/www.hurom-europe.com\/fr\/?s={search_term_string}\"},\"query-input\":{\"@type\":\"PropertyValueSpecification\",\"valueRequired\":true,\"valueName\":\"search_term_string\"}}],\"inLanguage\":\"fr-FR\"}]}<\/script>\n<!-- \/ Yoast SEO plugin. -->","yoast_head_json":{"title":"Livraison et retours - Hurom Europe","description":"Zones de livraison Livraison gratuite ! \u2013 Nous offrons la livraison terrestre gratuite pour toutes les commandes de 100 \u20ac ou plus en Allemagne et dans","robots":{"index":"index","follow":"follow","max-snippet":"max-snippet:-1","max-image-preview":"max-image-preview:large","max-video-preview":"max-video-preview:-1"},"canonical":"https:\/\/www.hurom-europe.com\/fr\/livraison-et-retours\/","og_locale":"fr_FR","og_type":"article","og_title":"Livraison et retours - Hurom Europe","og_description":"Zones de livraison Livraison gratuite ! \u2013 Nous offrons la livraison terrestre gratuite pour toutes les commandes de 100 \u20ac ou plus en Allemagne et dans","og_url":"https:\/\/www.hurom-europe.com\/fr\/livraison-et-retours\/","og_site_name":"Hurom Europe","article_modified_time":"2026-03-19T15:45:54+00:00","twitter_card":"summary_large_image","twitter_misc":{"Dur\u00e9e de lecture estim\u00e9e":"6 minutes"},"schema":{"@context":"https:\/\/schema.org","@graph":[{"@type":"WebPage","@id":"https:\/\/www.hurom-europe.com\/fr\/livraison-et-retours\/","url":"https:\/\/www.hurom-europe.com\/fr\/livraison-et-retours\/","name":"Livraison et retours - Hurom Europe","isPartOf":{"@id":"https:\/\/www.hurom-europe.com\/fr\/#website"},"datePublished":"2020-09-22T11:42:25+00:00","dateModified":"2026-03-19T15:45:54+00:00","description":"Zones de livraison Livraison gratuite ! \u2013 Nous offrons la livraison terrestre gratuite pour toutes les commandes de 100 \u20ac ou plus en Allemagne et dans","breadcrumb":{"@id":"https:\/\/www.hurom-europe.com\/fr\/livraison-et-retours\/#breadcrumb"},"inLanguage":"fr-FR","potentialAction":[{"@type":"ReadAction","target":["https:\/\/www.hurom-europe.com\/fr\/livraison-et-retours\/"]}]},{"@type":"BreadcrumbList","@id":"https:\/\/www.hurom-europe.com\/fr\/livraison-et-retours\/#breadcrumb","itemListElement":[{"@type":"ListItem","position":1,"name":"Home","item":"https:\/\/www.hurom-europe.com\/fr\/"},{"@type":"ListItem","position":2,"name":"Livraison et retours"}]},{"@type":"WebSite","@id":"https:\/\/www.hurom-europe.com\/fr\/#website","url":"https:\/\/www.hurom-europe.com\/fr\/","name":"Hurom Europe","description":"Healthy Way of Life with Slow Juicers","potentialAction":[{"@type":"SearchAction","target":{"@type":"EntryPoint","urlTemplate":"https:\/\/www.hurom-europe.com\/fr\/?s={search_term_string}"},"query-input":{"@type":"PropertyValueSpecification","valueRequired":true,"valueName":"search_term_string"}}],"inLanguage":"fr-FR"}]}},"_links":{"self":[{"href":"https:\/\/www.hurom-europe.com\/fr\/wp-json\/wp\/v2\/pages\/2356","targetHints":{"allow":["GET"]}}],"collection":[{"href":"https:\/\/www.hurom-europe.com\/fr\/wp-json\/wp\/v2\/pages"}],"about":[{"href":"https:\/\/www.hurom-europe.com\/fr\/wp-json\/wp\/v2\/types\/page"}],"author":[{"embeddable":true,"href":"https:\/\/www.hurom-europe.com\/fr\/wp-json\/wp\/v2\/users\/1"}],"replies":[{"embeddable":true,"href":"https:\/\/www.hurom-europe.com\/fr\/wp-json\/wp\/v2\/comments?post=2356"}],"version-history":[{"count":0,"href":"https:\/\/www.hurom-europe.com\/fr\/wp-json\/wp\/v2\/pages\/2356\/revisions"}],"wp:attachment":[{"href":"https:\/\/www.hurom-europe.com\/fr\/wp-json\/wp\/v2\/media?parent=2356"}],"curies":[{"name":"wp","href":"https:\/\/api.w.org\/{rel}","templated":true}]}}