{"id":2354,"date":"2020-08-13T14:54:46","date_gmt":"2020-08-13T12:54:46","guid":{"rendered":"https:\/\/www.hurom-europe.com\/privacy-policy\/"},"modified":"2026-01-30T11:31:18","modified_gmt":"2026-01-30T10:31:18","slug":"politique-de-confidentialite","status":"publish","type":"page","link":"https:\/\/www.hurom-europe.com\/fr\/politique-de-confidentialite\/","title":{"rendered":"Politique de confidentialit\u00e9"},"content":{"rendered":"\n<h2 class=\"wp-block-heading\">Article 1. G\u00e9n\u00e9ralit\u00e9s<\/h2>\n\n\n\n<p>Nous traiterons vos donn\u00e9es personnelles (Nom, num\u00e9ro de t\u00e9l\u00e9phone, adresse, pays, sexe, \u00e2ge, adresse e-mail, enregistrements li\u00e9s au service apr\u00e8s-vente et au service client, num\u00e9ro de s\u00e9rie du produit, date d\u2019enregistrement du produit, date d\u2019achat du produit) conform\u00e9ment aux dispositions de la loi allemande sur la protection des donn\u00e9es et de la loi sur la protection des donn\u00e9es de l&rsquo;Union europ\u00e9enne (UE). Les dispositions suivantes vous fourniront des informations sur les finalit\u00e9s du traitement, les destinataires, les bases juridiques, les dur\u00e9es de stockage, mais \u00e9galement sur vos droits et sur le responsable du traitement de vos donn\u00e9es. La pr\u00e9sente politique de confidentialit\u00e9 s&rsquo;applique uniquement \u00e0 nos sites Internet. Si vous \u00eates redirig\u00e9 vers d&rsquo;autres sites via des liens pr\u00e9sents sur nos pages, veuillez vous renseigner \u00e0 propos de l&rsquo;utilisation respective de vos donn\u00e9es sur lesdits sites.<\/p>\n\n\n\n<h2 class=\"wp-block-heading\">Article 2. Donn\u00e9es d\u2019inventaire<\/h2>\n\n\n\n<h3 class=\"wp-block-heading\">(1) Finalit\u00e9 du traitement des donn\u00e9es<\/h3>\n\n\n\n<p>Les donn\u00e9es personnelles que vous nous fournissez lors du processus de commande sont n\u00e9cessaires \u00e0 la conclusion d&rsquo;un contrat avec notre soci\u00e9t\u00e9. Vous n\u2019\u00eates pas tenu(e) de fournir vos donn\u00e9es personnelles. Cependant, nous ne pourrons pas vous envoyer les marchandises si vous ne nous communiquez pas votre adresse. Pour certains modes de paiement, nous demandons les donn\u00e9es de paiement n\u00e9cessaires afin de les transmettre \u00e0 un prestataire de services de paiement mandat\u00e9 par notre soci\u00e9t\u00e9. Ainsi, le traitement de vos donn\u00e9es collect\u00e9es lors du processus de commande est uniquement destin\u00e9 \u00e0 l&rsquo;ex\u00e9cution du contrat. Si vous nous envoyez une demande par courriel ou en utilisant le formulaire de contact, etc. avant la conclusion du contrat, nous traitons les donn\u00e9es obtenues pour effectuer des mesures pr\u00e9contractuelles et r\u00e9pondre \u00e0 vos questions concernant, par exemple, nos produits.<\/p>\n\n\n\n<h3 class=\"wp-block-heading\">(2) Base juridique<\/h3>\n\n\n\n<p>La base juridique de ce traitement est \u00e9nonc\u00e9e \u00e0 l&rsquo;article 6, paragraphe 1, point b) du RGPD.<\/p>\n\n\n\n<h3 class=\"wp-block-heading\">(3) Cat\u00e9gories de destinataires<\/h3>\n\n\n\n<p>(a) Fournisseur de services de paiement, fournisseur de services d\u2019exp\u00e9dition, fournisseur d\u2019h\u00e9bergement, syst\u00e8me de gestion des marchandises si n\u00e9cessaire, fournisseurs si n\u00e9cessaire (drop-shipping), prestataire de services en Cor\u00e9e aux fins du service apr\u00e8s-vente (AS) et du service client (CS).<\/p>\n\n\n\n<p>(b) Transfert de donn\u00e9es personnelles vers la Cor\u00e9e (D\u00e9cision d\u2019ad\u00e9quation)<br>Aux fins de la fourniture du service apr\u00e8s-vente (AS) et du service client (CS), vos donn\u00e9es personnelles peuvent \u00eatre transf\u00e9r\u00e9es \u00e0 un prestataire de services contractuel (sous-traitant) situ\u00e9 en R\u00e9publique de Cor\u00e9e.<\/p>\n\n\n\n<p>Les donn\u00e9es personnelles seront trait\u00e9es pour notre compte par les destinataires (sous-traitants) suivants :<\/p>\n\n\n\n<ul class=\"wp-block-list\">\n<li>Hurom Co., Ltd. (Korea)<\/li>\n\n\n\n<li>Concentrix Services Korea Ltd.<\/li>\n<\/ul>\n\n\n\n<p>Ce transfert est fond\u00e9 sur la d\u00e9cision d\u2019ad\u00e9quation de la Commission europ\u00e9enne pour la R\u00e9publique de Cor\u00e9e conform\u00e9ment \u00e0 l\u2019article 45 du RGPD.<\/p>\n\n\n\n<p>Les donn\u00e9es transf\u00e9r\u00e9es peuvent inclure les cat\u00e9gories suivantes : nom, coordonn\u00e9es, adresse, informations d\u2019achat et de service, num\u00e9ro de s\u00e9rie du produit, date de certification du produit et date d\u2019achat du produit.<\/p>\n\n\n\n<p>Les donn\u00e9es seront conserv\u00e9es uniquement pendant la dur\u00e9e n\u00e9cessaire \u00e0 la r\u00e9alisation des finalit\u00e9s AS\/CS, notamment jusqu\u2019\u00e0 la finalisation de la demande de service et l\u2019expiration des p\u00e9riodes de garantie et de conservation l\u00e9gales applicables, puis seront supprim\u00e9es, sauf si des obligations l\u00e9gales de conservation s\u2019appliquent. Vous pouvez exercer vos droits d\u2019acc\u00e8s, de rectification, d\u2019effacement, de limitation du traitement ou d\u2019opposition en nous contactant \u00e0 [<a href=\"mailto:huromparts@hurom-europe.com\">huromparts@hurom-europe.com<\/a>] ou les sous-traitants mentionn\u00e9s ci-dessus.<\/p>\n\n\n\n<h3 class=\"wp-block-heading\">(4) Dur\u00e9e de stockage<\/h3>\n\n\n\n<p>Nous conservons les donn\u00e9es n\u00e9cessaires \u00e0 l&rsquo;ex\u00e9cution du contrat jusqu&rsquo;\u00e0 l&rsquo;expiration des p\u00e9riodes de garantie l\u00e9gale et, le cas \u00e9ch\u00e9ant, de garantie contractuelle.<\/p>\n\n\n\n<p>Nous conservons les donn\u00e9es requises par le droit commercial et fiscal pendant les d\u00e9lais l\u00e9gaux, g\u00e9n\u00e9ralement dix ans (cf. \u00a7 257 du code de commerce allemand (HGB), \u00a7 147 du r\u00e8glement sur les imp\u00f4ts (AO)).<\/p>\n\n\n\n<p>Les donn\u00e9es trait\u00e9es pour l&rsquo;ex\u00e9cution de mesures pr\u00e9contractuelles seront effac\u00e9es d\u00e8s que ces mesures auront \u00e9t\u00e9 effectu\u00e9es et le contrat ne pourra pas \u00eatre conclu.<\/p>\n\n\n\n<h2 class=\"wp-block-heading\">Article 3. Informations compl\u00e9mentaires<\/h2>\n\n\n\n<p>Vous pouvez r\u00e9voquer votre consentement \u00e0 tout moment par courriel avec effet \u00e0 venir.<\/p>\n\n\n\n<h2 class=\"wp-block-heading\">Article 4. Transactions PayPal<\/h2>\n\n\n\n<p>Veuillez noter que toutes les transactions PayPal sont soumises \u00e0 la politique de confidentialit\u00e9 de PayPal:<br><a href=\"https:\/\/www.paypal.com\/de\/webapps\/mpp\/ua\/privacy-full\" target=\"_blank\" rel=\"noreferrer noopener\">https:\/\/www.paypal.com\/de\/webapps\/mpp\/ua\/privacy-full<\/a><\/p>\n\n\n\n<h2 class=\"wp-block-heading\">Article 5. Informations sur les cookies<\/h2>\n\n\n\n<h3 class=\"wp-block-heading\">(1) Finalit\u00e9 du traitement des donn\u00e9es<\/h3>\n\n\n\n<p>Ce site Internet utilise des cookies techniquement n\u00e9cessaires. Ce sont de petits fichiers texte qui sont stock\u00e9s sur votre syst\u00e8me informatique dans ou par votre navigateur. Ces cookies permettent, par exemple, d&rsquo;ins\u00e9rer plusieurs produits dans un panier.<\/p>\n\n\n\n<h3 class=\"wp-block-heading\">(2) Base juridique<\/h3>\n\n\n\n<p>La base juridique de ce traitement est \u00e9nonc\u00e9e \u00e0 l&rsquo;article 6, paragraphe 1, point f) du RGPD.<\/p>\n\n\n\n<h3 class=\"wp-block-heading\">(3) Int\u00e9r\u00eat l\u00e9gitime<\/h3>\n\n\n\n<p>Notre int\u00e9r\u00eat l\u00e9gitime est la fonctionnalit\u00e9 de notre site Internet. Les donn\u00e9es d&rsquo;utilisateur collect\u00e9es par les cookies techniquement n\u00e9cessaires ne sont pas utilis\u00e9es pour cr\u00e9er des profils d&rsquo;utilisateur. Cela pr\u00e9serve votre int\u00e9r\u00eat en mati\u00e8re de protection des donn\u00e9es.<\/p>\n\n\n\n<h3 class=\"wp-block-heading\">(4) Dur\u00e9e de stockage<\/h3>\n\n\n\n<p>Les cookies techniquement n\u00e9cessaires sont g\u00e9n\u00e9ralement supprim\u00e9s lorsque le navigateur est ferm\u00e9. Les cookies persistants ont des dur\u00e9es de validit\u00e9 diff\u00e9rentes, allant de quelques minutes \u00e0 plusieurs ann\u00e9es.<\/p>\n\n\n\n<h3 class=\"wp-block-heading\">(5) Droit d\u2019opposition<\/h3>\n\n\n\n<p>Si vous ne souhaitez pas que ces cookies soient stock\u00e9s, veuillez d\u00e9sactiver l&rsquo;utilisation des cookies dans votre navigateur. Mais cela peut entra\u00eener une utilisation restreinte de notre site Internet. Vous pouvez \u00e9galement supprimer les cookies persistants \u00e0 tout moment en modifiant les param\u00e8tres de votre navigateur.<\/p>\n\n\n\n<h2 class=\"wp-block-heading\">Article 6. Plugins sociaux de Facebook<\/h2>\n\n\n\n<p>Nous utilisons les plugins sociaux de facebook.com, exploit\u00e9s par Facebook Inc, 1601 S. California Ave, Palo Alto, CA 94304, \u00c9tats-Unis. Les plugins sont reconnaissables au logo Facebook ou \u00e0 la mention \u00ab&nbsp;Facebook social plugin&nbsp;\u00bb&nbsp;. Si vous cliquez sur le bouton \u00ab&nbsp;J&rsquo;aime&nbsp;\u00bb ou saisissez un commentaire, les informations correspondantes sont envoy\u00e9es directement de votre navigateur \u00e0 Facebook pour y \u00eatre stock\u00e9es. Vous trouverez plus d&rsquo;informations relatives au traitement de vos donn\u00e9es personnelles par Facebook et vos droits correspondants dans la politique de confidentialit\u00e9 : Facebook. Si vous ne souhaitez pas que Facebook collecte vos informations personnelles via nos pages Internet, vous devez vous d\u00e9connecter de Facebook avant de visiter notre site Internet. Vous pouvez \u00e9galement emp\u00eacher totalement le stockage des plugins Facebook \u00e0 l&rsquo;aide de modules compl\u00e9mentaires pour votre navigateur, par exemple avec \u00ab&nbsp;Facebook blocker&nbsp;\u00bb (Facebook).<\/p>\n\n\n\n<h2 class=\"wp-block-heading\">Article 7. Newsletter<\/h2>\n\n\n\n<h3 class=\"wp-block-heading\">(1) Finalit\u00e9 du traitement des donn\u00e9es<\/h3>\n\n\n\n<p>Lors de l&rsquo;inscription \u00e0 la newsletter, votre adresse e-mail sera utilis\u00e9e \u00e0 des fins publicitaires&nbsp;;la newsletter vous informera notamment sur les produits de notre gamme. \u00c0 des fins statistiques, nous pouvons analyser les liens qui sont consult\u00e9s dans la newsletter. N\u00e9anmoins, nous ne pouvons pas savoir quelle personne a consult\u00e9 ce ou ces liens. Vous avez express\u00e9ment donn\u00e9 le consentement suivant s\u00e9par\u00e9ment ou, le cas \u00e9ch\u00e9ant, lors du processus de commande : Inscrivez-vous \u00e0 notre newsletter pour recevoir des recettes de jus de fruits frais et 20 \u20ac de r\u00e9duction sur l&rsquo;achat de votre premier extracteur \u00e0 rotation lente.<\/p>\n\n\n\n<h3 class=\"wp-block-heading\">(2) Base juridique<\/h3>\n\n\n\n<p>La base juridique de ce traitement est \u00e9nonc\u00e9e \u00e0 l&rsquo;article 6, paragraphe 1, point a) du RGPD.<\/p>\n\n\n\n<h3 class=\"wp-block-heading\">(3) Cat\u00e9gories de destinataires<\/h3>\n\n\n\n<p>Si n\u00e9cessaire: Fournisseur de la newsletter<\/p>\n\n\n\n<h3 class=\"wp-block-heading\">(4) Dur\u00e9e de stockage<\/h3>\n\n\n\n<p>Votre adresse e-mail ne sera conserv\u00e9e que pendant la dur\u00e9e respective de votre inscription.<\/p>\n\n\n\n<h3 class=\"wp-block-heading\">(5) Droit de r\u00e9vocation<\/h3>\n\n\n\n<p>Vous pouvez r\u00e9voquer votre consentement \u00e0 tout moment avec effet \u00e0 venir. Si vous ne souhaitez plus recevoir la newsletter, vous pouvez vous d\u00e9sabonner comme suit: En cliquant sur le lien de d\u00e9connexion figurant au bas de l&rsquo;e-mail.<\/p>\n\n\n\n<h2 class=\"wp-block-heading\">Article 8. Vos droits en tant que personne concern\u00e9e<\/h2>\n\n\n\n<p>Si vos donn\u00e9es personnelles sont trait\u00e9es, vous \u00eates une \u00ab&nbsp;personne concern\u00e9e&nbsp;\u00bb aux termes du RGPD et vous jouissez des droits suivants \u00e0 notre \u00e9gard, le responsable du traitement:<\/p>\n\n\n\n<h3 class=\"wp-block-heading\">1. Droit \u00e0 l\u2019information<\/h3>\n\n\n\n<p>Vous pouvez nous demander de vous fournir des informations sur vos donn\u00e9es personnelles trait\u00e9es par nos soins en vertu de l&rsquo;article 15 du RGPD.<\/p>\n\n\n\n<h3 class=\"wp-block-heading\">2. Droit \u00e0 la rectification<\/h3>\n\n\n\n<p>Si les donn\u00e9es personnelles que vous nous avez fournies ne sont pas \u00e0 jour ou ne sont pas exactes, vous avez le droit de demander des modifications de vos donn\u00e9es personnelles en vertu de l&rsquo;article 16 du RGPD. Vous avez \u00e9galement le droit de nous demander de compl\u00e9ter des donn\u00e9es incompl\u00e8tes.<\/p>\n\n\n\n<h3 class=\"wp-block-heading\">3. Droit \u00e0 l\u2019effacement<\/h3>\n\n\n\n<p>Vous avez le droit de faire effacer vos donn\u00e9es personnelles et de demander l&rsquo;effacement de vos donn\u00e9es aux termes de l&rsquo;article 17 du RGPD.<\/p>\n\n\n\n<h3 class=\"wp-block-heading\">4. Droit \u00e0 la limitation du traitement<\/h3>\n\n\n\n<p>Vous avez le droit de restreindre le traitement de vos donn\u00e9es personnelles en vertu de l&rsquo;article 18 du RGPD.<\/p>\n\n\n\n<h3 class=\"wp-block-heading\">5. Droit \u00e0 la portabilit\u00e9 des donn\u00e9es<\/h3>\n\n\n\n<p>Vous avez le droit vis\u00e9 \u00e0 l&rsquo;article 20 du RGPD de recevoir les donn\u00e9es \u00e0 caract\u00e8re personnel que vous nous avez fournies dans un format structur\u00e9, couramment utilis\u00e9 et lisible par machine et vous avez le droit de transmettre ces donn\u00e9es \u00e0 un autre responsable du traitement des donn\u00e9es.<\/p>\n\n\n\n<h3 class=\"wp-block-heading\">6. Droit de r\u00e9voquer le consentement donn\u00e9 en vertu de la loi sur la protection des donn\u00e9es<\/h3>\n\n\n\n<p>Vous avez le droit, conform\u00e9ment \u00e0 l&rsquo;article 7, paragraphe 3, de r\u00e9voquer \u00e0 tout moment le consentement que vous avez accord\u00e9 sur la base des dispositions relatives \u00e0 la protection des donn\u00e9es. Cela n&rsquo;affecte pas le caract\u00e8re licite du traitement fond\u00e9 sur le consentement avant sa r\u00e9vocation.<\/p>\n\n\n\n<h3 class=\"wp-block-heading\">7. Droit de d\u00e9poser une plainte aupr\u00e8s d&rsquo;une autorit\u00e9 de contr\u00f4le<\/h3>\n\n\n\n<p>Si vous consid\u00e9rez que le traitement des donn\u00e9es \u00e0 caract\u00e8re personnel vous concernant enfreint le RGPD, vous avez le droit, conform\u00e9ment \u00e0 l&rsquo;article 77 du RGPD, de d\u00e9poser une plainte aupr\u00e8s de l&rsquo;autorit\u00e9 de contr\u00f4le contre le traitement de vos donn\u00e9es \u00e0 caract\u00e8re personnel (en particulier dans l&rsquo;\u00c9tat membre de votre lieu de r\u00e9sidence habituelle, de votre lieu de travail ou du lieu de l&rsquo;infraction pr\u00e9sum\u00e9e).<\/p>\n\n\n\n<p>Veuillez \u00e9galement prendre connaissance de votre droit d&rsquo;opposition en vertu de l&rsquo;article 21 du RGPD:<\/p>\n\n\n\n<p>a) En g\u00e9n\u00e9ral: Objection motiv\u00e9e requise<br>Si le traitement des donn\u00e9es personnelles vous concernant est effectu\u00e9 pour- garantir notre int\u00e9r\u00eat l\u00e9gitime pr\u00e9pond\u00e9rant (base juridique: Article 6 (1f) RGPD)<br>ou<br>&#8211; sauvegarder l&rsquo;int\u00e9r\u00eat public (base juridique: Article 6 (1e) RGPD),<br>vous avez le droit de vous opposer au traitement \u00e0 tout moment pour des raisons d\u00e9coulant de votre situation particuli\u00e8re; cela s&rsquo;applique \u00e9galement au profilage conform\u00e9ment aux les dispositions du RGPD.<\/p>\n\n\n\n<p>En cas d&rsquo;opposition, nous ne traiterons plus les donn\u00e9es \u00e0 caract\u00e8re personnel vous concernant, \u00e0 moins que nous puissions prouver des raisons imp\u00e9rieuses pour le traitement qui l&#8217;emportent sur vos int\u00e9r\u00eats, droits et libert\u00e9s ou \u00e0 moins que le traitement soit n\u00e9cessaire pour la constatation, l&rsquo;exercice ou la d\u00e9fense de droits en justice;<\/p>\n\n\n\n<p>b) Cas particulier du marketing direct: une simple objection suffit<br>Si les donn\u00e9es \u00e0 caract\u00e8re personnel vous concernant sont trait\u00e9es \u00e0 des fins de marketing direct, vous avez le droit de vous opposer \u00e0 tout moment au traitement, et ce sans avoir \u00e0 fournir de motifs; cela inclut le profilage dans la mesure o\u00f9 il est li\u00e9 \u00e0 ce type de marketing direct.<\/p>\n\n\n\n<p>Si vous vous opposez au traitement \u00e0 des fins de marketing direct, vos donn\u00e9es personnelles ne seront plus trait\u00e9es \u00e0 ces fins.<\/p>\n\n\n\n<h4 class=\"wp-block-heading\">Matomo (auparavant PIWIK)<\/h4>\n\n\n\n<p>Nous avons install\u00e9 le service d&rsquo;analyse web \/ logiciel libre \u00ab&nbsp;Matomo&nbsp;\u00bb sur notre site Internet pour analyser et am\u00e9liorer l&rsquo;utilisation de notre site. Pour l&rsquo;analyse, le logiciel installe des cookies avec une dur\u00e9e de stockage d&rsquo;une semaine sur votre ordinateur. Nous avons activ\u00e9 la fonction \u00ab&nbsp;d&rsquo;anonymisation IP&nbsp;\u00bb, qui permet de raccourcir les 6 derniers chiffres de votre adresse IP. Par cons\u00e9quent, il n&rsquo;est plus possible de rendre les donn\u00e9es personnellement identifiables. En outre, cette IP n&rsquo;est pas reli\u00e9e \u00e0 d&rsquo;autres donn\u00e9es collect\u00e9es par notre soci\u00e9t\u00e9. Les donn\u00e9es sont trait\u00e9es et stock\u00e9es sur des serveurs bas\u00e9s en Allemagne.<\/p>\n\n\n\n<p>Ces donn\u00e9es sont collect\u00e9es et stock\u00e9es \u00e0 des fins de marketing, d&rsquo;analyse et d&rsquo;optimisation de notre site Internet.<\/p>\n\n\n\n<p>La base juridique de cette d\u00e9marche est notre int\u00e9r\u00eat l\u00e9gitime pour le traitement des donn\u00e9es, conform\u00e9ment \u00e0 l&rsquo;article 6 paragraphe 1, point&nbsp;f), du RGPD, qui se retrouve \u00e9galement dans les objectifs susmentionn\u00e9s.<\/p>\n\n\n\n<p>Les journaux du serveur sont automatiquement effac\u00e9s au bout de 90 jours.<\/p>\n\n\n\n<p>Vous pouvez vous opposer \u00e0 la collecte et au stockage des donn\u00e9es \u00e0 tout moment et gratuitement, avec effet pour l&rsquo;avenir. Vous pouvez vous opposer \u00e0 l&rsquo;installation de cookies par Matomo ou l&#8217;emp\u00eacher de diff\u00e9rentes mani\u00e8res:<\/p>\n\n\n\n<p>\u2013 Vous pouvez emp\u00eacher les cookies sur votre navigateur en param\u00e9trant \u00ab&nbsp;ne pas accepter les cookies&nbsp;\u00bb, ce qui inclut \u00e9galement les cookies de tiers:<\/p>\n\n\n\n<p>\u2013 Vous pouvez d\u00e9sactiver les cookies de Matomo en utilisant ce lien: <a href=\"https:\/\/analytics.netperformers.de\/index.php?module=CoreAdminHome&amp;action=optOut&amp;language=de&amp;backgroundColor=&amp;fontColor=&amp;fontSize=16px&amp;fontFamily=Helvetica\">[Matomo Opt-Out]<\/a>.<\/p>\n\n\n\n<p>Ce cookie est uniquement valable pour notre site Internet et votre navigateur actuel et ne sera valable que jusqu&rsquo;\u00e0 ce que vous effaciez vos cookies. Le cas \u00e9ch\u00e9ant, vous devez \u00e0 nouveau param\u00e9trer le cookie.<\/p>\n\n\n\n<p>Pour de plus amples informations, veuillez consulter la politique de confidentialit\u00e9 de Matomo \u00e0 l&rsquo;adresse suivante: <a href=\"https:\/\/matomo.org\/privacy\/\" target=\"_blank\" rel=\"noreferrer noopener\">https:\/\/matomo.org\/privacy\/<\/a>.<\/p>\n\n\n\n<h4 class=\"wp-block-heading\">Responsable du traitement des donn\u00e9es:<\/h4>\n\n\n\n<p>Hurom Europe GmbH<br>Weberstra\u00dfe 19<br>65779 Kelkheim (Taunus), Allemange<br>T\u00e9l\u00e9phone: <a href=\"tel:+4961928079439\">+(49)6192 8079439<\/a><br>E-mail: <a href=\"mailto:huromparts@hurom-europe.com\" target=\"_blank\" rel=\"noreferrer noopener\">huromparts@hurom-europe.com<\/a><\/p>\n\n\n\n<h4 class=\"wp-block-heading\">Coordonn\u00e9es de notre charg\u00e9 de la protection des donn\u00e9es:<\/h4>\n\n\n\n<p>Weberstra\u00dfe 19<br>65779 Kelkheim (Taunus), Allemange<br>E-mail: <a href=\"mailto:huromparts@hurom-europe.com\" target=\"_blank\" rel=\"noreferrer noopener\">huromparts@hurom-europe.com<\/a><\/p>\n","protected":false},"excerpt":{"rendered":"<p>Article 1. G\u00e9n\u00e9ralit\u00e9s Nous traiterons vos donn\u00e9es personnelles (Nom, num\u00e9ro de t\u00e9l\u00e9phone, adresse, pays, sexe, \u00e2ge, adresse e-mail, enregistrements li\u00e9s au service apr\u00e8s-vente et au service client, num\u00e9ro de s\u00e9rie du produit, date d\u2019enregistrement du produit, date d\u2019achat du produit) conform\u00e9ment aux dispositions de la loi allemande sur la protection des donn\u00e9es et de la [&hellip;]<\/p>\n","protected":false},"author":1,"featured_media":0,"parent":0,"menu_order":9,"comment_status":"closed","ping_status":"closed","template":"","meta":{"_acf_changed":false,"inline_featured_image":false,"footnotes":""},"class_list":["post-2354","page","type-page","status-publish","hentry"],"acf":[],"yoast_head":"<!-- This site is optimized with the Yoast SEO plugin v26.6 - https:\/\/yoast.com\/wordpress\/plugins\/seo\/ -->\n<title>Politique de confidentialit\u00e9 - Hurom Europe<\/title>\n<meta name=\"description\" content=\"Article 1. G\u00e9n\u00e9ralit\u00e9s Nous traiterons vos donn\u00e9es personnelles (Nom, num\u00e9ro de t\u00e9l\u00e9phone, adresse, pays, sexe, \u00e2ge, adresse e-mail, enregistrements li\u00e9s\" \/>\n<meta name=\"robots\" content=\"index, follow, max-snippet:-1, max-image-preview:large, max-video-preview:-1\" \/>\n<link rel=\"canonical\" href=\"https:\/\/www.hurom-europe.com\/fr\/politique-de-confidentialite\/\" \/>\n<meta property=\"og:locale\" content=\"fr_FR\" \/>\n<meta property=\"og:type\" content=\"article\" \/>\n<meta property=\"og:title\" content=\"Politique de confidentialit\u00e9 - Hurom Europe\" \/>\n<meta property=\"og:description\" content=\"Article 1. G\u00e9n\u00e9ralit\u00e9s Nous traiterons vos donn\u00e9es personnelles (Nom, num\u00e9ro de t\u00e9l\u00e9phone, adresse, pays, sexe, \u00e2ge, adresse e-mail, enregistrements li\u00e9s\" \/>\n<meta property=\"og:url\" content=\"https:\/\/www.hurom-europe.com\/fr\/politique-de-confidentialite\/\" \/>\n<meta property=\"og:site_name\" content=\"Hurom Europe\" \/>\n<meta property=\"article:modified_time\" content=\"2026-01-30T10:31:18+00:00\" \/>\n<meta name=\"twitter:card\" content=\"summary_large_image\" \/>\n<meta name=\"twitter:label1\" content=\"Dur\u00e9e de lecture estim\u00e9e\" \/>\n\t<meta name=\"twitter:data1\" content=\"10 minutes\" \/>\n<script type=\"application\/ld+json\" class=\"yoast-schema-graph\">{\"@context\":\"https:\/\/schema.org\",\"@graph\":[{\"@type\":\"WebPage\",\"@id\":\"https:\/\/www.hurom-europe.com\/fr\/politique-de-confidentialite\/\",\"url\":\"https:\/\/www.hurom-europe.com\/fr\/politique-de-confidentialite\/\",\"name\":\"Politique de confidentialit\u00e9 - Hurom Europe\",\"isPartOf\":{\"@id\":\"https:\/\/www.hurom-europe.com\/fr\/#website\"},\"datePublished\":\"2020-08-13T12:54:46+00:00\",\"dateModified\":\"2026-01-30T10:31:18+00:00\",\"description\":\"Article 1. G\u00e9n\u00e9ralit\u00e9s Nous traiterons vos donn\u00e9es personnelles (Nom, num\u00e9ro de t\u00e9l\u00e9phone, adresse, pays, sexe, \u00e2ge, adresse e-mail, enregistrements li\u00e9s\",\"breadcrumb\":{\"@id\":\"https:\/\/www.hurom-europe.com\/fr\/politique-de-confidentialite\/#breadcrumb\"},\"inLanguage\":\"fr-FR\",\"potentialAction\":[{\"@type\":\"ReadAction\",\"target\":[\"https:\/\/www.hurom-europe.com\/fr\/politique-de-confidentialite\/\"]}]},{\"@type\":\"BreadcrumbList\",\"@id\":\"https:\/\/www.hurom-europe.com\/fr\/politique-de-confidentialite\/#breadcrumb\",\"itemListElement\":[{\"@type\":\"ListItem\",\"position\":1,\"name\":\"Home\",\"item\":\"https:\/\/www.hurom-europe.com\/fr\/\"},{\"@type\":\"ListItem\",\"position\":2,\"name\":\"Politique de confidentialit\u00e9\"}]},{\"@type\":\"WebSite\",\"@id\":\"https:\/\/www.hurom-europe.com\/fr\/#website\",\"url\":\"https:\/\/www.hurom-europe.com\/fr\/\",\"name\":\"Hurom Europe\",\"description\":\"Healthy Way of Life with Slow Juicers\",\"potentialAction\":[{\"@type\":\"SearchAction\",\"target\":{\"@type\":\"EntryPoint\",\"urlTemplate\":\"https:\/\/www.hurom-europe.com\/fr\/?s={search_term_string}\"},\"query-input\":{\"@type\":\"PropertyValueSpecification\",\"valueRequired\":true,\"valueName\":\"search_term_string\"}}],\"inLanguage\":\"fr-FR\"}]}<\/script>\n<!-- \/ Yoast SEO plugin. -->","yoast_head_json":{"title":"Politique de confidentialit\u00e9 - Hurom Europe","description":"Article 1. G\u00e9n\u00e9ralit\u00e9s Nous traiterons vos donn\u00e9es personnelles (Nom, num\u00e9ro de t\u00e9l\u00e9phone, adresse, pays, sexe, \u00e2ge, adresse e-mail, enregistrements li\u00e9s","robots":{"index":"index","follow":"follow","max-snippet":"max-snippet:-1","max-image-preview":"max-image-preview:large","max-video-preview":"max-video-preview:-1"},"canonical":"https:\/\/www.hurom-europe.com\/fr\/politique-de-confidentialite\/","og_locale":"fr_FR","og_type":"article","og_title":"Politique de confidentialit\u00e9 - Hurom Europe","og_description":"Article 1. G\u00e9n\u00e9ralit\u00e9s Nous traiterons vos donn\u00e9es personnelles (Nom, num\u00e9ro de t\u00e9l\u00e9phone, adresse, pays, sexe, \u00e2ge, adresse e-mail, enregistrements li\u00e9s","og_url":"https:\/\/www.hurom-europe.com\/fr\/politique-de-confidentialite\/","og_site_name":"Hurom Europe","article_modified_time":"2026-01-30T10:31:18+00:00","twitter_card":"summary_large_image","twitter_misc":{"Dur\u00e9e de lecture estim\u00e9e":"10 minutes"},"schema":{"@context":"https:\/\/schema.org","@graph":[{"@type":"WebPage","@id":"https:\/\/www.hurom-europe.com\/fr\/politique-de-confidentialite\/","url":"https:\/\/www.hurom-europe.com\/fr\/politique-de-confidentialite\/","name":"Politique de confidentialit\u00e9 - Hurom Europe","isPartOf":{"@id":"https:\/\/www.hurom-europe.com\/fr\/#website"},"datePublished":"2020-08-13T12:54:46+00:00","dateModified":"2026-01-30T10:31:18+00:00","description":"Article 1. G\u00e9n\u00e9ralit\u00e9s Nous traiterons vos donn\u00e9es personnelles (Nom, num\u00e9ro de t\u00e9l\u00e9phone, adresse, pays, sexe, \u00e2ge, adresse e-mail, enregistrements li\u00e9s","breadcrumb":{"@id":"https:\/\/www.hurom-europe.com\/fr\/politique-de-confidentialite\/#breadcrumb"},"inLanguage":"fr-FR","potentialAction":[{"@type":"ReadAction","target":["https:\/\/www.hurom-europe.com\/fr\/politique-de-confidentialite\/"]}]},{"@type":"BreadcrumbList","@id":"https:\/\/www.hurom-europe.com\/fr\/politique-de-confidentialite\/#breadcrumb","itemListElement":[{"@type":"ListItem","position":1,"name":"Home","item":"https:\/\/www.hurom-europe.com\/fr\/"},{"@type":"ListItem","position":2,"name":"Politique de confidentialit\u00e9"}]},{"@type":"WebSite","@id":"https:\/\/www.hurom-europe.com\/fr\/#website","url":"https:\/\/www.hurom-europe.com\/fr\/","name":"Hurom Europe","description":"Healthy Way of Life with Slow Juicers","potentialAction":[{"@type":"SearchAction","target":{"@type":"EntryPoint","urlTemplate":"https:\/\/www.hurom-europe.com\/fr\/?s={search_term_string}"},"query-input":{"@type":"PropertyValueSpecification","valueRequired":true,"valueName":"search_term_string"}}],"inLanguage":"fr-FR"}]}},"_links":{"self":[{"href":"https:\/\/www.hurom-europe.com\/fr\/wp-json\/wp\/v2\/pages\/2354","targetHints":{"allow":["GET"]}}],"collection":[{"href":"https:\/\/www.hurom-europe.com\/fr\/wp-json\/wp\/v2\/pages"}],"about":[{"href":"https:\/\/www.hurom-europe.com\/fr\/wp-json\/wp\/v2\/types\/page"}],"author":[{"embeddable":true,"href":"https:\/\/www.hurom-europe.com\/fr\/wp-json\/wp\/v2\/users\/1"}],"replies":[{"embeddable":true,"href":"https:\/\/www.hurom-europe.com\/fr\/wp-json\/wp\/v2\/comments?post=2354"}],"version-history":[{"count":0,"href":"https:\/\/www.hurom-europe.com\/fr\/wp-json\/wp\/v2\/pages\/2354\/revisions"}],"wp:attachment":[{"href":"https:\/\/www.hurom-europe.com\/fr\/wp-json\/wp\/v2\/media?parent=2354"}],"curies":[{"name":"wp","href":"https:\/\/api.w.org\/{rel}","templated":true}]}}