{"id":13641,"date":"2023-02-14T15:09:48","date_gmt":"2023-02-14T14:09:48","guid":{"rendered":"https:\/\/www.hurom-europe.com\/?page_id=13641"},"modified":"2023-02-14T16:40:10","modified_gmt":"2023-02-14T15:40:10","slug":"plus-fr","status":"publish","type":"page","link":"https:\/\/www.hurom-europe.com\/fr\/plus-fr\/","title":{"rendered":"Rejoignez le partenariat Hurom Plus"},"content":{"rendered":"\n<figure class=\"wp-block-image size-large\" id=\"block-3c991404-0fb1-4a44-b410-8c3c7b56a5d9\"><img loading=\"lazy\" decoding=\"async\" width=\"1024\" height=\"1024\" src=\"https:\/\/www.hurom-europe.com\/wp-content\/uploads\/2023\/02\/230214_process-1-1024x1024.jpg\" alt=\"\" class=\"wp-image-13658\" srcset=\"https:\/\/www.hurom-europe.com\/wp-content\/uploads\/2023\/02\/230214_process-1-1024x1024.jpg 1024w, https:\/\/www.hurom-europe.com\/wp-content\/uploads\/2023\/02\/230214_process-1-300x300.jpg 300w, https:\/\/www.hurom-europe.com\/wp-content\/uploads\/2023\/02\/230214_process-1-150x150.jpg 150w, https:\/\/www.hurom-europe.com\/wp-content\/uploads\/2023\/02\/230214_process-1-768x768.jpg 768w, https:\/\/www.hurom-europe.com\/wp-content\/uploads\/2023\/02\/230214_process-1-690x690.jpg 690w, https:\/\/www.hurom-europe.com\/wp-content\/uploads\/2023\/02\/230214_process-1-600x600.jpg 600w, https:\/\/www.hurom-europe.com\/wp-content\/uploads\/2023\/02\/230214_process-1-100x100.jpg 100w, https:\/\/www.hurom-europe.com\/wp-content\/uploads\/2023\/02\/230214_process-1.jpg 1500w\" sizes=\"auto, (max-width: 1024px) 100vw, 1024px\" \/><\/figure>\n\n\n\n<ul class=\"wp-block-list\"><li>\u00c9tape 1. Acc\u00e9dez \u00e0 <a href=\"https:\/\/www.hurom-europe.com\/fr\/partnership\/\">la page d&rsquo;enregistrement du partenariat<\/a> et remplissez le formulaire.<br><a href=\"https:\/\/www.hurom-europe.com\/fr\/partnership\/\">https:\/\/www.hurom-europe.com\/fr\/partnertship\/<\/a><br>*N&rsquo;oubliez pas de renseigner l&rsquo;URL de votre site Web ou de votre r\u00e9seau social. Si vous n&rsquo;en avez pas, veuillez d\u00e9crire en d\u00e9tail vos canaux de promotion et vos plans.<\/li><li>\u00c9tape 2. Attendez l&rsquo;e-mail d&rsquo;approbation. En cas d&rsquo;approbation, vous recevrez un e-mail.<\/li><li>\u00c9tape 3. Recommandez Hurom aux personnes qui vous entourent et transmettez votre propre code de coupon ou votre URL de parrainage personnalis\u00e9e.<\/li><li>\u00c9tape 4. Lorsqu&rsquo;il y a une commande en utilisant votre code ou votre URL de parrainage, vous gagnerez de la commission de vente par commande&nbsp;!<\/li><li>\u00c9tape 5. Vous pouvez \u00e9galement v\u00e9rifier l&rsquo;\u00e9tat des ventes et d&rsquo;autres donn\u00e9es directement sur votre tableau de bord d&rsquo;affiliation.<\/li><li>\u00c9tape 6. Nous vous envoyons des commissions par mois.<\/li><\/ul>\n\n\n\n<p>* Veuillez noter que nous ne couvrons que les pays d&rsquo;Europe (certains pays d&rsquo;Europe pourraient \u00eatre exclus pour diff\u00e9rentes raisons)<\/p>\n\n\n\n<p>** Si vous avez votre propre entreprise et souhaitez travailler avec nous en tant que partenaire commercial, n&rsquo;h\u00e9sitez pas \u00e0 nous contacter \u00e0 info@hurom-europe.com<\/p>\n","protected":false},"excerpt":{"rendered":"<p>\u00c9tape 1. Acc\u00e9dez \u00e0 la page d&rsquo;enregistrement du partenariat et remplissez le formulaire.https:\/\/www.hurom-europe.com\/fr\/partnertship\/*N&rsquo;oubliez pas de renseigner l&rsquo;URL de votre site Web ou de votre r\u00e9seau social. Si vous n&rsquo;en avez pas, veuillez d\u00e9crire en d\u00e9tail vos canaux de promotion et vos plans. \u00c9tape 2. Attendez l&rsquo;e-mail d&rsquo;approbation. En cas d&rsquo;approbation, vous recevrez un e-mail. \u00c9tape [&hellip;]<\/p>\n","protected":false},"author":586,"featured_media":0,"parent":0,"menu_order":0,"comment_status":"closed","ping_status":"closed","template":"","meta":{"_acf_changed":false,"inline_featured_image":false,"footnotes":""},"class_list":["post-13641","page","type-page","status-publish","hentry"],"acf":[],"yoast_head":"<!-- This site is optimized with the Yoast SEO plugin v26.6 - https:\/\/yoast.com\/wordpress\/plugins\/seo\/ -->\n<title>Rejoignez le partenariat Hurom Plus - Hurom Europe<\/title>\n<meta name=\"description\" content=\"Healthy Way of Life with Slow Juicers\" \/>\n<meta name=\"robots\" content=\"index, follow, max-snippet:-1, max-image-preview:large, max-video-preview:-1\" \/>\n<link rel=\"canonical\" href=\"https:\/\/www.hurom-europe.com\/plus-en\/\" \/>\n<meta property=\"og:locale\" content=\"fr_FR\" \/>\n<meta property=\"og:type\" content=\"article\" \/>\n<meta property=\"og:title\" content=\"Rejoignez le partenariat Hurom Plus - Hurom Europe\" \/>\n<meta property=\"og:description\" content=\"Healthy Way of Life with Slow Juicers\" \/>\n<meta property=\"og:url\" content=\"https:\/\/www.hurom-europe.com\/plus-en\/\" \/>\n<meta property=\"og:site_name\" content=\"Hurom Europe\" \/>\n<meta property=\"article:modified_time\" content=\"2023-02-14T15:40:10+00:00\" \/>\n<meta property=\"og:image\" content=\"https:\/\/www.hurom-europe.com\/wp-content\/uploads\/2023\/02\/230214_process-1-1024x1024.jpg\" \/>\n<meta name=\"twitter:card\" content=\"summary_large_image\" \/>\n<meta name=\"twitter:label1\" content=\"Dur\u00e9e de lecture estim\u00e9e\" \/>\n\t<meta name=\"twitter:data1\" content=\"1 minute\" \/>\n<script type=\"application\/ld+json\" class=\"yoast-schema-graph\">{\"@context\":\"https:\/\/schema.org\",\"@graph\":[{\"@type\":\"WebPage\",\"@id\":\"https:\/\/www.hurom-europe.com\/plus-en\/\",\"url\":\"https:\/\/www.hurom-europe.com\/plus-en\/\",\"name\":\"Rejoignez le partenariat Hurom Plus - Hurom Europe\",\"isPartOf\":{\"@id\":\"https:\/\/www.hurom-europe.com\/fr\/#website\"},\"primaryImageOfPage\":{\"@id\":\"https:\/\/www.hurom-europe.com\/plus-en\/#primaryimage\"},\"image\":{\"@id\":\"https:\/\/www.hurom-europe.com\/plus-en\/#primaryimage\"},\"thumbnailUrl\":\"https:\/\/www.hurom-europe.com\/wp-content\/uploads\/2023\/02\/230214_process-1-1024x1024.jpg\",\"datePublished\":\"2023-02-14T14:09:48+00:00\",\"dateModified\":\"2023-02-14T15:40:10+00:00\",\"description\":\"Healthy Way of Life with Slow Juicers\",\"breadcrumb\":{\"@id\":\"https:\/\/www.hurom-europe.com\/plus-en\/#breadcrumb\"},\"inLanguage\":\"fr-FR\",\"potentialAction\":[{\"@type\":\"ReadAction\",\"target\":[\"https:\/\/www.hurom-europe.com\/plus-en\/\"]}]},{\"@type\":\"ImageObject\",\"inLanguage\":\"fr-FR\",\"@id\":\"https:\/\/www.hurom-europe.com\/plus-en\/#primaryimage\",\"url\":\"https:\/\/www.hurom-europe.com\/wp-content\/uploads\/2023\/02\/230214_process-1-1024x1024.jpg\",\"contentUrl\":\"https:\/\/www.hurom-europe.com\/wp-content\/uploads\/2023\/02\/230214_process-1-1024x1024.jpg\"},{\"@type\":\"BreadcrumbList\",\"@id\":\"https:\/\/www.hurom-europe.com\/plus-en\/#breadcrumb\",\"itemListElement\":[{\"@type\":\"ListItem\",\"position\":1,\"name\":\"Home\",\"item\":\"https:\/\/www.hurom-europe.com\/fr\/\"},{\"@type\":\"ListItem\",\"position\":2,\"name\":\"Rejoignez le partenariat Hurom Plus\"}]},{\"@type\":\"WebSite\",\"@id\":\"https:\/\/www.hurom-europe.com\/fr\/#website\",\"url\":\"https:\/\/www.hurom-europe.com\/fr\/\",\"name\":\"Hurom Europe\",\"description\":\"Healthy Way of Life with Slow Juicers\",\"potentialAction\":[{\"@type\":\"SearchAction\",\"target\":{\"@type\":\"EntryPoint\",\"urlTemplate\":\"https:\/\/www.hurom-europe.com\/fr\/?s={search_term_string}\"},\"query-input\":{\"@type\":\"PropertyValueSpecification\",\"valueRequired\":true,\"valueName\":\"search_term_string\"}}],\"inLanguage\":\"fr-FR\"}]}<\/script>\n<!-- \/ Yoast SEO plugin. -->","yoast_head_json":{"title":"Rejoignez le partenariat Hurom Plus - Hurom Europe","description":"Healthy Way of Life with Slow Juicers","robots":{"index":"index","follow":"follow","max-snippet":"max-snippet:-1","max-image-preview":"max-image-preview:large","max-video-preview":"max-video-preview:-1"},"canonical":"https:\/\/www.hurom-europe.com\/plus-en\/","og_locale":"fr_FR","og_type":"article","og_title":"Rejoignez le partenariat Hurom Plus - Hurom Europe","og_description":"Healthy Way of Life with Slow Juicers","og_url":"https:\/\/www.hurom-europe.com\/plus-en\/","og_site_name":"Hurom Europe","article_modified_time":"2023-02-14T15:40:10+00:00","og_image":[{"url":"https:\/\/www.hurom-europe.com\/wp-content\/uploads\/2023\/02\/230214_process-1-1024x1024.jpg","type":"","width":"","height":""}],"twitter_card":"summary_large_image","twitter_misc":{"Dur\u00e9e de lecture estim\u00e9e":"1 minute"},"schema":{"@context":"https:\/\/schema.org","@graph":[{"@type":"WebPage","@id":"https:\/\/www.hurom-europe.com\/plus-en\/","url":"https:\/\/www.hurom-europe.com\/plus-en\/","name":"Rejoignez le partenariat Hurom Plus - Hurom Europe","isPartOf":{"@id":"https:\/\/www.hurom-europe.com\/fr\/#website"},"primaryImageOfPage":{"@id":"https:\/\/www.hurom-europe.com\/plus-en\/#primaryimage"},"image":{"@id":"https:\/\/www.hurom-europe.com\/plus-en\/#primaryimage"},"thumbnailUrl":"https:\/\/www.hurom-europe.com\/wp-content\/uploads\/2023\/02\/230214_process-1-1024x1024.jpg","datePublished":"2023-02-14T14:09:48+00:00","dateModified":"2023-02-14T15:40:10+00:00","description":"Healthy Way of Life with Slow Juicers","breadcrumb":{"@id":"https:\/\/www.hurom-europe.com\/plus-en\/#breadcrumb"},"inLanguage":"fr-FR","potentialAction":[{"@type":"ReadAction","target":["https:\/\/www.hurom-europe.com\/plus-en\/"]}]},{"@type":"ImageObject","inLanguage":"fr-FR","@id":"https:\/\/www.hurom-europe.com\/plus-en\/#primaryimage","url":"https:\/\/www.hurom-europe.com\/wp-content\/uploads\/2023\/02\/230214_process-1-1024x1024.jpg","contentUrl":"https:\/\/www.hurom-europe.com\/wp-content\/uploads\/2023\/02\/230214_process-1-1024x1024.jpg"},{"@type":"BreadcrumbList","@id":"https:\/\/www.hurom-europe.com\/plus-en\/#breadcrumb","itemListElement":[{"@type":"ListItem","position":1,"name":"Home","item":"https:\/\/www.hurom-europe.com\/fr\/"},{"@type":"ListItem","position":2,"name":"Rejoignez le partenariat Hurom Plus"}]},{"@type":"WebSite","@id":"https:\/\/www.hurom-europe.com\/fr\/#website","url":"https:\/\/www.hurom-europe.com\/fr\/","name":"Hurom Europe","description":"Healthy Way of Life with Slow Juicers","potentialAction":[{"@type":"SearchAction","target":{"@type":"EntryPoint","urlTemplate":"https:\/\/www.hurom-europe.com\/fr\/?s={search_term_string}"},"query-input":{"@type":"PropertyValueSpecification","valueRequired":true,"valueName":"search_term_string"}}],"inLanguage":"fr-FR"}]}},"_links":{"self":[{"href":"https:\/\/www.hurom-europe.com\/fr\/wp-json\/wp\/v2\/pages\/13641","targetHints":{"allow":["GET"]}}],"collection":[{"href":"https:\/\/www.hurom-europe.com\/fr\/wp-json\/wp\/v2\/pages"}],"about":[{"href":"https:\/\/www.hurom-europe.com\/fr\/wp-json\/wp\/v2\/types\/page"}],"author":[{"embeddable":true,"href":"https:\/\/www.hurom-europe.com\/fr\/wp-json\/wp\/v2\/users\/586"}],"replies":[{"embeddable":true,"href":"https:\/\/www.hurom-europe.com\/fr\/wp-json\/wp\/v2\/comments?post=13641"}],"version-history":[{"count":0,"href":"https:\/\/www.hurom-europe.com\/fr\/wp-json\/wp\/v2\/pages\/13641\/revisions"}],"wp:attachment":[{"href":"https:\/\/www.hurom-europe.com\/fr\/wp-json\/wp\/v2\/media?parent=13641"}],"curies":[{"name":"wp","href":"https:\/\/api.w.org\/{rel}","templated":true}]}}