{"id":254272,"date":"2026-03-20T16:27:24","date_gmt":"2026-03-20T15:27:24","guid":{"rendered":"https:\/\/www.hurom-europe.com\/?post_type=product&#038;p=254272"},"modified":"2026-03-31T08:52:00","modified_gmt":"2026-03-31T06:52:00","slug":"ro-filter","status":"publish","type":"product","link":"https:\/\/www.hurom-europe.com\/es\/producto\/ro-filter\/","title":{"rendered":"RO Filter"},"content":{"rendered":"<p><strong><span class=\"TextRun MacChromeBold SpellingErrorZoomed SCXP68485861 BCX0\" lang=\"EN-US\" xml:lang=\"EN-US\" data-usefontface=\"true\" data-contrast=\"none\"><span class=\"annotation-1909fab2-5aaf-4e80-b4c4-40b2ac84a411 SCXP68485861 BCX0\"><span class=\"TextRun MacChromeBold SpellingErrorZoomed SCXP177700723 BCX0\" lang=\"EN-US\" xml:lang=\"EN-US\" data-usefontface=\"true\" data-contrast=\"none\"><span class=\"annotation-e202edf4-58bc-43d2-bbdb-0600e9faed58 SCXP177700723 BCX0\">Avisos<\/span><\/span><span class=\"TextRun MacChromeBold SCXP177700723 BCX0\" lang=\"EN-US\" xml:lang=\"EN-US\" data-usefontface=\"true\" data-contrast=\"none\"><span class=\"NormalTextRun SCXP177700723 BCX0\">\/<\/span><\/span><span class=\"TextRun MacChromeBold SpellingErrorZoomed SCXP177700723 BCX0\" lang=\"EN-US\" xml:lang=\"EN-US\" data-usefontface=\"true\" data-contrast=\"none\"><span class=\"annotation-e202edf4-58bc-43d2-bbdb-0600e9faed58 SCXP177700723 BCX0\">precauciones<\/span><\/span> <\/span><\/span><\/strong><\/p>\n<ol>\n<li data-ccp-props=\"{&quot;335551550&quot;:1,&quot;335551620&quot;:1,&quot;335559683&quot;:0,&quot;335562764&quot;:2,&quot;335562765&quot;:1,&quot;335562766&quot;:4,&quot;335562767&quot;:0,&quot;335562768&quot;:4,&quot;335562769&quot;:0}\"><span data-usefontface=\"true\" data-contrast=\"none\">Sustituci\u00f3n<\/span> <span data-usefontface=\"true\" data-contrast=\"none\">recomendada<\/span><span data-usefontface=\"true\" data-contrast=\"none\">: 12-24 meses (<\/span><span data-usefontface=\"true\" data-contrast=\"none\">puede<\/span> <span data-usefontface=\"true\" data-contrast=\"none\">variar<\/span> <span data-usefontface=\"true\" data-contrast=\"none\">en<\/span> <span data-usefontface=\"true\" data-contrast=\"none\">funci\u00f3n<\/span><span data-usefontface=\"true\" data-contrast=\"none\"> del <\/span><span data-usefontface=\"true\" data-contrast=\"none\">uso<\/span><span data-usefontface=\"true\" data-contrast=\"none\"> y la <\/span><span data-usefontface=\"true\" data-contrast=\"none\">calidad<\/span><span data-usefontface=\"true\" data-contrast=\"none\"> del <\/span><span data-usefontface=\"true\" data-contrast=\"none\">agua<\/span><span data-usefontface=\"true\" data-contrast=\"none\">) <\/span>\u200b<\/li>\n<li data-ccp-props=\"{&quot;335551550&quot;:1,&quot;335551620&quot;:1,&quot;335559683&quot;:0,&quot;335562764&quot;:2,&quot;335562765&quot;:1,&quot;335562766&quot;:4,&quot;335562767&quot;:0,&quot;335562768&quot;:4,&quot;335562769&quot;:0}\"><span data-usefontface=\"true\" data-contrast=\"none\">La baja <\/span><span data-usefontface=\"true\" data-contrast=\"none\">presi\u00f3n<\/span><span data-usefontface=\"true\" data-contrast=\"none\"> de <\/span><span data-usefontface=\"true\" data-contrast=\"none\">agua<\/span> <span data-usefontface=\"true\" data-contrast=\"none\">puede<\/span> <span data-usefontface=\"true\" data-contrast=\"none\">reducir<\/span> <span data-usefontface=\"true\" data-contrast=\"none\">el<\/span> <span data-usefontface=\"true\" data-contrast=\"none\">rendimiento<\/span><span data-usefontface=\"true\" data-contrast=\"none\"> del <\/span><span data-usefontface=\"true\" data-contrast=\"none\">filtro<\/span> \u200b<\/li>\n<li data-ccp-props=\"{&quot;335551550&quot;:1,&quot;335551620&quot;:1,&quot;335559683&quot;:0,&quot;335562764&quot;:2,&quot;335562765&quot;:1,&quot;335562766&quot;:4,&quot;335562767&quot;:0,&quot;335562768&quot;:4,&quot;335562769&quot;:0}\"><span data-usefontface=\"true\" data-contrast=\"none\">El <\/span><span data-usefontface=\"true\" data-contrast=\"none\">uso<\/span> <span data-usefontface=\"true\" data-contrast=\"none\">prolongado<\/span> <span data-usefontface=\"true\" data-contrast=\"none\">puede<\/span> <span data-usefontface=\"true\" data-contrast=\"none\">obstruir<\/span><span data-usefontface=\"true\" data-contrast=\"none\"> la membrana y <\/span><span data-usefontface=\"true\" data-contrast=\"none\">reducir<\/span> <span data-usefontface=\"true\" data-contrast=\"none\">el<\/span> <span data-usefontface=\"true\" data-contrast=\"none\">flujo<\/span><span data-usefontface=\"true\" data-contrast=\"none\"> de <\/span><span data-usefontface=\"true\" data-contrast=\"none\">agua<\/span> \u200b<\/li>\n<li data-ccp-props=\"{&quot;335551550&quot;:1,&quot;335551620&quot;:1,&quot;335559683&quot;:0,&quot;335562764&quot;:2,&quot;335562765&quot;:1,&quot;335562766&quot;:4,&quot;335562767&quot;:0,&quot;335562768&quot;:4,&quot;335562769&quot;:0}\"><span data-usefontface=\"true\" data-contrast=\"none\">No <\/span><span data-usefontface=\"true\" data-contrast=\"none\">utilizar<\/span> <span data-usefontface=\"true\" data-contrast=\"none\">el<\/span> <span data-usefontface=\"true\" data-contrast=\"none\">filtro<\/span> <span data-usefontface=\"true\" data-contrast=\"none\">m\u00e1s<\/span> <span data-usefontface=\"true\" data-contrast=\"none\">all\u00e1<\/span><span data-usefontface=\"true\" data-contrast=\"none\"> del <\/span><span data-usefontface=\"true\" data-contrast=\"none\">plazo<\/span><span data-usefontface=\"true\" data-contrast=\"none\"> de <\/span><span data-usefontface=\"true\" data-contrast=\"none\">sustituci\u00f3n<\/span> <span data-usefontface=\"true\" data-contrast=\"none\">recomendado<\/span> \u200b<\/li>\n<\/ol>\n","protected":false},"excerpt":{"rendered":"<p>Avisos\/precauciones Sustituci\u00f3n recomendada: 12-24 meses (puede variar en funci\u00f3n del uso y la calidad del agua) \u200b La baja presi\u00f3n de agua puede reducir el rendimiento del filtro \u200b El uso prolongado puede obstruir la membrana y reducir el flujo de agua \u200b No utilizar el filtro m\u00e1s all\u00e1 del plazo de sustituci\u00f3n recomendado \u200b<\/p>\n","protected":false},"featured_media":254266,"template":"","meta":{"_acf_changed":false,"inline_featured_image":false},"product_cat":[585],"product_tag":[],"class_list":{"0":"post-254272","1":"product","2":"type-product","3":"status-publish","4":"has-post-thumbnail","6":"product_cat-otros-productos","8":"first","9":"instock","10":"taxable","11":"shipping-taxable","12":"purchasable","13":"product-type-simple"},"acf":[],"yoast_head":"<!-- This site is optimized with the Yoast SEO plugin v26.6 - https:\/\/yoast.com\/wordpress\/plugins\/seo\/ -->\n<title>RO Filter - Hurom Europe<\/title>\n<meta name=\"description\" content=\"Avisos\/precauciones Sustituci\u00f3n recomendada: 12-24 meses (puede variar en funci\u00f3n del uso y la calidad del agua) \u200b La baja presi\u00f3n de agua puede reducir\" \/>\n<meta name=\"robots\" content=\"index, follow, max-snippet:-1, max-image-preview:large, max-video-preview:-1\" \/>\n<link rel=\"canonical\" href=\"https:\/\/www.hurom-europe.com\/es\/producto\/ro-filter\/\" \/>\n<meta property=\"og:locale\" content=\"es_ES\" \/>\n<meta property=\"og:type\" content=\"article\" \/>\n<meta property=\"og:title\" content=\"RO Filter - Hurom Europe\" \/>\n<meta property=\"og:description\" content=\"Avisos\/precauciones Sustituci\u00f3n recomendada: 12-24 meses (puede variar en funci\u00f3n del uso y la calidad del agua) \u200b La baja presi\u00f3n de agua puede reducir\" \/>\n<meta property=\"og:url\" content=\"https:\/\/www.hurom-europe.com\/es\/producto\/ro-filter\/\" \/>\n<meta property=\"og:site_name\" content=\"Hurom Europe\" \/>\n<meta property=\"article:modified_time\" content=\"2026-03-31T06:52:00+00:00\" \/>\n<meta property=\"og:image\" content=\"https:\/\/www.hurom-europe.com\/wp-content\/uploads\/2026\/03\/deRO-filter_thumbnail01.png\" \/>\n\t<meta property=\"og:image:width\" content=\"1200\" \/>\n\t<meta property=\"og:image:height\" content=\"1200\" \/>\n\t<meta property=\"og:image:type\" content=\"image\/png\" \/>\n<meta name=\"twitter:card\" content=\"summary_large_image\" \/>\n<meta name=\"twitter:label1\" content=\"Tiempo de lectura\" \/>\n\t<meta name=\"twitter:data1\" content=\"1 minuto\" \/>\n<script type=\"application\/ld+json\" class=\"yoast-schema-graph\">{\"@context\":\"https:\/\/schema.org\",\"@graph\":[{\"@type\":\"WebPage\",\"@id\":\"https:\/\/www.hurom-europe.com\/es\/producto\/ro-filter\/\",\"url\":\"https:\/\/www.hurom-europe.com\/es\/producto\/ro-filter\/\",\"name\":\"RO Filter - Hurom Europe\",\"isPartOf\":{\"@id\":\"https:\/\/www.hurom-europe.com\/fr\/#website\"},\"primaryImageOfPage\":{\"@id\":\"https:\/\/www.hurom-europe.com\/es\/producto\/ro-filter\/#primaryimage\"},\"image\":{\"@id\":\"https:\/\/www.hurom-europe.com\/es\/producto\/ro-filter\/#primaryimage\"},\"thumbnailUrl\":\"https:\/\/www.hurom-europe.com\/wp-content\/uploads\/2026\/03\/deRO-filter_thumbnail01.png\",\"datePublished\":\"2026-03-20T15:27:24+00:00\",\"dateModified\":\"2026-03-31T06:52:00+00:00\",\"description\":\"Avisos\/precauciones Sustituci\u00f3n recomendada: 12-24 meses (puede variar en funci\u00f3n del uso y la calidad del agua) \u200b La baja presi\u00f3n de agua puede reducir\",\"breadcrumb\":{\"@id\":\"https:\/\/www.hurom-europe.com\/es\/producto\/ro-filter\/#breadcrumb\"},\"inLanguage\":\"es\",\"potentialAction\":[{\"@type\":\"ReadAction\",\"target\":[\"https:\/\/www.hurom-europe.com\/es\/producto\/ro-filter\/\"]}]},{\"@type\":\"ImageObject\",\"inLanguage\":\"es\",\"@id\":\"https:\/\/www.hurom-europe.com\/es\/producto\/ro-filter\/#primaryimage\",\"url\":\"https:\/\/www.hurom-europe.com\/wp-content\/uploads\/2026\/03\/deRO-filter_thumbnail01.png\",\"contentUrl\":\"https:\/\/www.hurom-europe.com\/wp-content\/uploads\/2026\/03\/deRO-filter_thumbnail01.png\",\"width\":1200,\"height\":1200},{\"@type\":\"BreadcrumbList\",\"@id\":\"https:\/\/www.hurom-europe.com\/es\/producto\/ro-filter\/#breadcrumb\",\"itemListElement\":[{\"@type\":\"ListItem\",\"position\":1,\"name\":\"Home\",\"item\":\"https:\/\/www.hurom-europe.com\/es\/\"},{\"@type\":\"ListItem\",\"position\":2,\"name\":\"Tienda\",\"item\":\"https:\/\/www.hurom-europe.com\/es\/tienda\/\"},{\"@type\":\"ListItem\",\"position\":3,\"name\":\"RO Filter\"}]},{\"@type\":\"WebSite\",\"@id\":\"https:\/\/www.hurom-europe.com\/fr\/#website\",\"url\":\"https:\/\/www.hurom-europe.com\/fr\/\",\"name\":\"Hurom Europe\",\"description\":\"Healthy Way of Life with Slow Juicers\",\"potentialAction\":[{\"@type\":\"SearchAction\",\"target\":{\"@type\":\"EntryPoint\",\"urlTemplate\":\"https:\/\/www.hurom-europe.com\/fr\/?s={search_term_string}\"},\"query-input\":{\"@type\":\"PropertyValueSpecification\",\"valueRequired\":true,\"valueName\":\"search_term_string\"}}],\"inLanguage\":\"es\"}]}<\/script>\n<!-- \/ Yoast SEO plugin. -->","yoast_head_json":{"title":"RO Filter - Hurom Europe","description":"Avisos\/precauciones Sustituci\u00f3n recomendada: 12-24 meses (puede variar en funci\u00f3n del uso y la calidad del agua) \u200b La baja presi\u00f3n de agua puede reducir","robots":{"index":"index","follow":"follow","max-snippet":"max-snippet:-1","max-image-preview":"max-image-preview:large","max-video-preview":"max-video-preview:-1"},"canonical":"https:\/\/www.hurom-europe.com\/es\/producto\/ro-filter\/","og_locale":"es_ES","og_type":"article","og_title":"RO Filter - Hurom Europe","og_description":"Avisos\/precauciones Sustituci\u00f3n recomendada: 12-24 meses (puede variar en funci\u00f3n del uso y la calidad del agua) \u200b La baja presi\u00f3n de agua puede reducir","og_url":"https:\/\/www.hurom-europe.com\/es\/producto\/ro-filter\/","og_site_name":"Hurom Europe","article_modified_time":"2026-03-31T06:52:00+00:00","og_image":[{"width":1200,"height":1200,"url":"https:\/\/www.hurom-europe.com\/wp-content\/uploads\/2026\/03\/deRO-filter_thumbnail01.png","type":"image\/png"}],"twitter_card":"summary_large_image","twitter_misc":{"Tiempo de lectura":"1 minuto"},"schema":{"@context":"https:\/\/schema.org","@graph":[{"@type":"WebPage","@id":"https:\/\/www.hurom-europe.com\/es\/producto\/ro-filter\/","url":"https:\/\/www.hurom-europe.com\/es\/producto\/ro-filter\/","name":"RO Filter - Hurom Europe","isPartOf":{"@id":"https:\/\/www.hurom-europe.com\/fr\/#website"},"primaryImageOfPage":{"@id":"https:\/\/www.hurom-europe.com\/es\/producto\/ro-filter\/#primaryimage"},"image":{"@id":"https:\/\/www.hurom-europe.com\/es\/producto\/ro-filter\/#primaryimage"},"thumbnailUrl":"https:\/\/www.hurom-europe.com\/wp-content\/uploads\/2026\/03\/deRO-filter_thumbnail01.png","datePublished":"2026-03-20T15:27:24+00:00","dateModified":"2026-03-31T06:52:00+00:00","description":"Avisos\/precauciones Sustituci\u00f3n recomendada: 12-24 meses (puede variar en funci\u00f3n del uso y la calidad del agua) \u200b La baja presi\u00f3n de agua puede reducir","breadcrumb":{"@id":"https:\/\/www.hurom-europe.com\/es\/producto\/ro-filter\/#breadcrumb"},"inLanguage":"es","potentialAction":[{"@type":"ReadAction","target":["https:\/\/www.hurom-europe.com\/es\/producto\/ro-filter\/"]}]},{"@type":"ImageObject","inLanguage":"es","@id":"https:\/\/www.hurom-europe.com\/es\/producto\/ro-filter\/#primaryimage","url":"https:\/\/www.hurom-europe.com\/wp-content\/uploads\/2026\/03\/deRO-filter_thumbnail01.png","contentUrl":"https:\/\/www.hurom-europe.com\/wp-content\/uploads\/2026\/03\/deRO-filter_thumbnail01.png","width":1200,"height":1200},{"@type":"BreadcrumbList","@id":"https:\/\/www.hurom-europe.com\/es\/producto\/ro-filter\/#breadcrumb","itemListElement":[{"@type":"ListItem","position":1,"name":"Home","item":"https:\/\/www.hurom-europe.com\/es\/"},{"@type":"ListItem","position":2,"name":"Tienda","item":"https:\/\/www.hurom-europe.com\/es\/tienda\/"},{"@type":"ListItem","position":3,"name":"RO Filter"}]},{"@type":"WebSite","@id":"https:\/\/www.hurom-europe.com\/fr\/#website","url":"https:\/\/www.hurom-europe.com\/fr\/","name":"Hurom Europe","description":"Healthy Way of Life with Slow Juicers","potentialAction":[{"@type":"SearchAction","target":{"@type":"EntryPoint","urlTemplate":"https:\/\/www.hurom-europe.com\/fr\/?s={search_term_string}"},"query-input":{"@type":"PropertyValueSpecification","valueRequired":true,"valueName":"search_term_string"}}],"inLanguage":"es"}]}},"_links":{"self":[{"href":"https:\/\/www.hurom-europe.com\/es\/wp-json\/wp\/v2\/product\/254272","targetHints":{"allow":["GET"]}}],"collection":[{"href":"https:\/\/www.hurom-europe.com\/es\/wp-json\/wp\/v2\/product"}],"about":[{"href":"https:\/\/www.hurom-europe.com\/es\/wp-json\/wp\/v2\/types\/product"}],"wp:featuredmedia":[{"embeddable":true,"href":"https:\/\/www.hurom-europe.com\/es\/wp-json\/wp\/v2\/media\/254266"}],"wp:attachment":[{"href":"https:\/\/www.hurom-europe.com\/es\/wp-json\/wp\/v2\/media?parent=254272"}],"wp:term":[{"taxonomy":"product_cat","embeddable":true,"href":"https:\/\/www.hurom-europe.com\/es\/wp-json\/wp\/v2\/product_cat?post=254272"},{"taxonomy":"product_tag","embeddable":true,"href":"https:\/\/www.hurom-europe.com\/es\/wp-json\/wp\/v2\/product_tag?post=254272"}],"curies":[{"name":"wp","href":"https:\/\/api.w.org\/{rel}","templated":true}]}}