{"id":239184,"date":"2026-03-04T14:04:30","date_gmt":"2026-03-04T13:04:30","guid":{"rendered":"https:\/\/www.hurom-europe.com\/?post_type=product&#038;p=239184"},"modified":"2026-04-28T13:43:21","modified_gmt":"2026-04-28T11:43:21","slug":"h80-st","status":"publish","type":"product","link":"https:\/\/www.hurom-europe.com\/es\/producto\/h80-st\/","title":{"rendered":"[Nuevo] H80-ST"},"content":{"rendered":"<ul>\n<li><strong>La nueva tecnolog\u00eda de cuchilla en espiral de Hurom:<\/strong><br \/>\nProcesa f\u00e1cilmente tanto c\u00edtricos como verduras duras, proporcionando un jugo homog\u00e9neo y consistente.<\/li>\n<\/ul>\n<p>&nbsp;<\/p>\n<ul>\n<li><strong>Tolva extragrande para una extracci\u00f3n c\u00f3moda de jugo:<\/strong><br \/>\nCarga una variedad de ingredientes y prepara m\u00e1s jugo con un solo prensado para una rutina m\u00e1s simple y sencilla.<\/li>\n<\/ul>\n<p>&nbsp;<\/p>\n<ul>\n<li><strong>Uso y cuidados sin complicaciones:<\/strong><br \/>\n<span class=\"TextRun SCXP191437225 BCX8\" lang=\"EN-US\" xml:lang=\"EN-US\" data-scheme-color=\"@000000,1,\" data-usefontface=\"false\" data-contrast=\"none\"><span class=\"NormalTextRun SCXP191437225 BCX8\">La <\/span><\/span><span class=\"TextRun SpellingErrorZoomed SCXP191437225 BCX8\" lang=\"EN-US\" xml:lang=\"EN-US\" data-scheme-color=\"@000000,1,\" data-usefontface=\"false\" data-contrast=\"none\"><span class=\"annotation-e87d9c93-8fee-431c-8493-e5a44be33cec SCXP191437225 BCX8\">mayor\u00eda<\/span><\/span><span class=\"TextRun SCXP191437225 BCX8\" lang=\"EN-US\" xml:lang=\"EN-US\" data-scheme-color=\"@000000,1,\" data-usefontface=\"false\" data-contrast=\"none\"><span class=\"NormalTextRun SCXP191437225 BCX8\"> de las <\/span><\/span><span class=\"TextRun SpellingErrorZoomed SCXP191437225 BCX8\" lang=\"EN-US\" xml:lang=\"EN-US\" data-scheme-color=\"@000000,1,\" data-usefontface=\"false\" data-contrast=\"none\"><span class=\"annotation-e87d9c93-8fee-431c-8493-e5a44be33cec SCXP191437225 BCX8\">piezas<\/span><\/span> <span class=\"TextRun SpellingErrorZoomed SCXP191437225 BCX8\" lang=\"EN-US\" xml:lang=\"EN-US\" data-scheme-color=\"@000000,1,\" data-usefontface=\"false\" data-contrast=\"none\"><span class=\"annotation-e87d9c93-8fee-431c-8493-e5a44be33cec SCXP191437225 BCX8\">desmontables<\/span><\/span><span class=\"TextRun SCXP191437225 BCX8\" lang=\"EN-US\" xml:lang=\"EN-US\" data-scheme-color=\"@000000,1,\" data-usefontface=\"false\" data-contrast=\"none\"><span class=\"NormalTextRun SCXP191437225 BCX8\"> son <\/span><\/span><span class=\"TextRun SpellingErrorZoomed SCXP191437225 BCX8\" lang=\"EN-US\" xml:lang=\"EN-US\" data-scheme-color=\"@000000,1,\" data-usefontface=\"false\" data-contrast=\"none\"><span class=\"annotation-e87d9c93-8fee-431c-8493-e5a44be33cec SCXP191437225 BCX8\">aptas<\/span><\/span><span class=\"TextRun SCXP191437225 BCX8\" lang=\"EN-US\" xml:lang=\"EN-US\" data-scheme-color=\"@000000,1,\" data-usefontface=\"false\" data-contrast=\"none\"><span class=\"NormalTextRun SCXP191437225 BCX8\"> para <\/span><\/span><span class=\"TextRun SpellingErrorZoomed SCXP191437225 BCX8\" lang=\"EN-US\" xml:lang=\"EN-US\" data-scheme-color=\"@000000,1,\" data-usefontface=\"false\" data-contrast=\"none\"><span class=\"annotation-e87d9c93-8fee-431c-8493-e5a44be33cec SCXP191437225 BCX8\">lavavajillas<\/span><\/span><span class=\"TextRun SCXP191437225 BCX8\" lang=\"EN-US\" xml:lang=\"EN-US\" data-scheme-color=\"@000000,1,\" data-usefontface=\"false\" data-contrast=\"none\"><span class=\"NormalTextRun SCXP191437225 BCX8\">, lo <\/span><\/span><span class=\"TextRun SpellingErrorZoomed SCXP191437225 BCX8\" lang=\"EN-US\" xml:lang=\"EN-US\" data-scheme-color=\"@000000,1,\" data-usefontface=\"false\" data-contrast=\"none\"><span class=\"annotation-e87d9c93-8fee-431c-8493-e5a44be33cec SCXP191437225 BCX8\">que<\/span><\/span><span class=\"TextRun SCXP191437225 BCX8\" lang=\"EN-US\" xml:lang=\"EN-US\" data-scheme-color=\"@000000,1,\" data-usefontface=\"false\" data-contrast=\"none\"><span class=\"NormalTextRun SCXP191437225 BCX8\"> reduce <\/span><\/span><span class=\"TextRun SpellingErrorZoomed SCXP191437225 BCX8\" lang=\"EN-US\" xml:lang=\"EN-US\" data-scheme-color=\"@000000,1,\" data-usefontface=\"false\" data-contrast=\"none\"><span class=\"annotation-e87d9c93-8fee-431c-8493-e5a44be33cec SCXP191437225 BCX8\">el<\/span><\/span> <span class=\"TextRun SpellingErrorZoomed SCXP191437225 BCX8\" lang=\"EN-US\" xml:lang=\"EN-US\" data-scheme-color=\"@000000,1,\" data-usefontface=\"false\" data-contrast=\"none\"><span class=\"annotation-e87d9c93-8fee-431c-8493-e5a44be33cec SCXP191437225 BCX8\">tiempo<\/span><\/span><span class=\"TextRun SCXP191437225 BCX8\" lang=\"EN-US\" xml:lang=\"EN-US\" data-scheme-color=\"@000000,1,\" data-usefontface=\"false\" data-contrast=\"none\"><span class=\"NormalTextRun SCXP191437225 BCX8\"> de <\/span><\/span><span class=\"TextRun SpellingErrorZoomed SCXP191437225 BCX8\" lang=\"EN-US\" xml:lang=\"EN-US\" data-scheme-color=\"@000000,1,\" data-usefontface=\"false\" data-contrast=\"none\"><span class=\"annotation-e87d9c93-8fee-431c-8493-e5a44be33cec SCXP191437225 BCX8\">limpieza<\/span><\/span><span class=\"TextRun SCXP191437225 BCX8\" lang=\"EN-US\" xml:lang=\"EN-US\" data-scheme-color=\"@000000,1,\" data-usefontface=\"false\" data-contrast=\"none\"><span class=\"NormalTextRun SCXP191437225 BCX8\"> y <\/span><\/span><span class=\"TextRun SpellingErrorZoomed SCXP191437225 BCX8\" lang=\"EN-US\" xml:lang=\"EN-US\" data-scheme-color=\"@000000,1,\" data-usefontface=\"false\" data-contrast=\"none\"><span class=\"annotation-e87d9c93-8fee-431c-8493-e5a44be33cec SCXP191437225 BCX8\">simplifica<\/span><\/span> <span class=\"TextRun SpellingErrorZoomed SCXP191437225 BCX8\" lang=\"EN-US\" xml:lang=\"EN-US\" data-scheme-color=\"@000000,1,\" data-usefontface=\"false\" data-contrast=\"none\"><span class=\"annotation-e87d9c93-8fee-431c-8493-e5a44be33cec SCXP191437225 BCX8\">tu<\/span><\/span> <span class=\"TextRun SpellingErrorZoomed SCXP191437225 BCX8\" lang=\"EN-US\" xml:lang=\"EN-US\" data-scheme-color=\"@000000,1,\" data-usefontface=\"false\" data-contrast=\"none\"><span class=\"annotation-e87d9c93-8fee-431c-8493-e5a44be33cec SCXP191437225 BCX8\">rutina<\/span><\/span> <span class=\"TextRun SpellingErrorZoomed SCXP191437225 BCX8\" lang=\"EN-US\" xml:lang=\"EN-US\" data-scheme-color=\"@000000,1,\" data-usefontface=\"false\" data-contrast=\"none\"><span class=\"annotation-e87d9c93-8fee-431c-8493-e5a44be33cec SCXP191437225 BCX8\">diaria<\/span><\/span><span class=\"TextRun SCXP191437225 BCX8\" lang=\"EN-US\" xml:lang=\"EN-US\" data-scheme-color=\"@000000,1,\" data-usefontface=\"false\" data-contrast=\"none\"><span class=\"NormalTextRun SCXP191437225 BCX8\">.<\/span><\/span><\/li>\n<\/ul>\n<p>&nbsp;<\/p>\n<ul>\n<li><strong>Usabilidad mejorada para una extracci\u00f3n de jugo perfecta:<\/strong><br \/>\nDise\u00f1o inspirado en el usuario con salida de pulpa limpia, controles intuitivos y tapa de tolva de un solo toque.<\/li>\n<\/ul>\n<p>&nbsp;<\/p>\n<ul>\n<li><strong>M\u00faltiples recetas con un solo H80-ST:<\/strong><br \/>\nElige el colador (fino \/ grueso \/ helado) adecuado para tu receta y sabor preferidos.<\/li>\n<\/ul>\n<p>&nbsp;<\/p>\n<ul>\n<li><strong>Embalaje sostenible:<\/strong><br \/>\nSe utilizan materiales respetuosos con el medioambiente, incluido papel certificado FSC, para ayudar a construir un futuro m\u00e1s sostenible.<\/li>\n<\/ul>\n<p>&nbsp;<\/p>\n<ul>\n<li><strong>Seguridad:<\/strong><br \/>\nAl igual que otros exprimidores lentos Hurom, el H80-ST est\u00e1 fabricado con materiales sin BPA.<\/li>\n<\/ul>\n<p>&nbsp;<\/p>\n<ul>\n<li><strong>Nota:<\/strong><br \/>\nEn funci\u00f3n del modelo y de la fecha de producci\u00f3n, el dise\u00f1o y los componentes pueden variar ligeramente y diferir de la fotograf\u00eda.<\/li>\n<\/ul>\n","protected":false},"excerpt":{"rendered":"<p>La nueva tecnolog\u00eda de cuchilla en espiral de Hurom: Procesa f\u00e1cilmente tanto c\u00edtricos como verduras duras, proporcionando un jugo homog\u00e9neo y consistente. &nbsp; Tolva extragrande para una extracci\u00f3n c\u00f3moda de jugo: Carga una variedad de ingredientes y prepara m\u00e1s jugo con un solo prensado para una rutina m\u00e1s simple y sencilla. &nbsp; Uso y cuidados [&hellip;]<\/p>\n","protected":false},"featured_media":254199,"template":"","meta":{"_acf_changed":false,"inline_featured_image":false},"product_cat":[571],"product_tag":[],"class_list":{"0":"post-239184","1":"product","2":"type-product","3":"status-publish","4":"has-post-thumbnail","6":"product_cat-pure-press-line","8":"first","9":"instock","10":"taxable","11":"shipping-taxable","12":"purchasable","13":"product-type-variable","14":"has-default-attributes"},"acf":[],"yoast_head":"<!-- This site is optimized with the Yoast SEO plugin v26.6 - https:\/\/yoast.com\/wordpress\/plugins\/seo\/ -->\n<title>[Nuevo] H80-ST - Hurom Europe<\/title>\n<meta name=\"description\" content=\"El Slow Juicer H320N de Hurom combina un smart mega hopper de gran capacidad con un filtro tipo malla y una funci\u00f3n inteligente de corte autom\u00e1tico. Disfruta de tu zumo.\" \/>\n<meta name=\"robots\" content=\"index, follow, max-snippet:-1, max-image-preview:large, max-video-preview:-1\" \/>\n<link rel=\"canonical\" href=\"https:\/\/www.hurom-europe.com\/es\/producto\/h80-st\/\" \/>\n<meta property=\"og:locale\" content=\"es_ES\" \/>\n<meta property=\"og:type\" content=\"article\" \/>\n<meta property=\"og:title\" content=\"[Nuevo] H80-ST - Hurom Europe\" \/>\n<meta property=\"og:description\" content=\"El Slow Juicer H320N de Hurom combina un smart mega hopper de gran capacidad con un filtro tipo malla y una funci\u00f3n inteligente de corte autom\u00e1tico. Disfruta de tu zumo.\" \/>\n<meta property=\"og:url\" content=\"https:\/\/www.hurom-europe.com\/es\/producto\/h80-st\/\" \/>\n<meta property=\"og:site_name\" content=\"Hurom Europe\" \/>\n<meta property=\"article:modified_time\" content=\"2026-04-28T11:43:21+00:00\" \/>\n<meta property=\"og:image\" content=\"https:\/\/www.hurom-europe.com\/wp-content\/uploads\/2026\/03\/deH80ST_Thumbnail_Marble1.jpg\" \/>\n\t<meta property=\"og:image:width\" content=\"1200\" \/>\n\t<meta property=\"og:image:height\" content=\"1200\" \/>\n\t<meta property=\"og:image:type\" content=\"image\/jpeg\" \/>\n<meta name=\"twitter:card\" content=\"summary_large_image\" \/>\n<meta name=\"twitter:label1\" content=\"Tiempo de lectura\" \/>\n\t<meta name=\"twitter:data1\" content=\"2 minutos\" \/>\n<script type=\"application\/ld+json\" class=\"yoast-schema-graph\">{\"@context\":\"https:\/\/schema.org\",\"@graph\":[{\"@type\":\"WebPage\",\"@id\":\"https:\/\/www.hurom-europe.com\/es\/producto\/h80-st\/\",\"url\":\"https:\/\/www.hurom-europe.com\/es\/producto\/h80-st\/\",\"name\":\"[Nuevo] H80-ST - Hurom Europe\",\"isPartOf\":{\"@id\":\"https:\/\/www.hurom-europe.com\/fr\/#website\"},\"primaryImageOfPage\":{\"@id\":\"https:\/\/www.hurom-europe.com\/es\/producto\/h80-st\/#primaryimage\"},\"image\":{\"@id\":\"https:\/\/www.hurom-europe.com\/es\/producto\/h80-st\/#primaryimage\"},\"thumbnailUrl\":\"https:\/\/www.hurom-europe.com\/wp-content\/uploads\/2026\/03\/deH80ST_Thumbnail_Marble1.jpg\",\"datePublished\":\"2026-03-04T13:04:30+00:00\",\"dateModified\":\"2026-04-28T11:43:21+00:00\",\"description\":\"El Slow Juicer H320N de Hurom combina un smart mega hopper de gran capacidad con un filtro tipo malla y una funci\u00f3n inteligente de corte autom\u00e1tico. Disfruta de tu zumo.\",\"breadcrumb\":{\"@id\":\"https:\/\/www.hurom-europe.com\/es\/producto\/h80-st\/#breadcrumb\"},\"inLanguage\":\"es\",\"potentialAction\":[{\"@type\":\"ReadAction\",\"target\":[\"https:\/\/www.hurom-europe.com\/es\/producto\/h80-st\/\"]}]},{\"@type\":\"ImageObject\",\"inLanguage\":\"es\",\"@id\":\"https:\/\/www.hurom-europe.com\/es\/producto\/h80-st\/#primaryimage\",\"url\":\"https:\/\/www.hurom-europe.com\/wp-content\/uploads\/2026\/03\/deH80ST_Thumbnail_Marble1.jpg\",\"contentUrl\":\"https:\/\/www.hurom-europe.com\/wp-content\/uploads\/2026\/03\/deH80ST_Thumbnail_Marble1.jpg\",\"width\":1200,\"height\":1200},{\"@type\":\"BreadcrumbList\",\"@id\":\"https:\/\/www.hurom-europe.com\/es\/producto\/h80-st\/#breadcrumb\",\"itemListElement\":[{\"@type\":\"ListItem\",\"position\":1,\"name\":\"Home\",\"item\":\"https:\/\/www.hurom-europe.com\/es\/\"},{\"@type\":\"ListItem\",\"position\":2,\"name\":\"Tienda\",\"item\":\"https:\/\/www.hurom-europe.com\/es\/tienda\/\"},{\"@type\":\"ListItem\",\"position\":3,\"name\":\"[Nuevo] H80-ST\"}]},{\"@type\":\"WebSite\",\"@id\":\"https:\/\/www.hurom-europe.com\/fr\/#website\",\"url\":\"https:\/\/www.hurom-europe.com\/fr\/\",\"name\":\"Hurom Europe\",\"description\":\"Healthy Way of Life with Slow Juicers\",\"potentialAction\":[{\"@type\":\"SearchAction\",\"target\":{\"@type\":\"EntryPoint\",\"urlTemplate\":\"https:\/\/www.hurom-europe.com\/fr\/?s={search_term_string}\"},\"query-input\":{\"@type\":\"PropertyValueSpecification\",\"valueRequired\":true,\"valueName\":\"search_term_string\"}}],\"inLanguage\":\"es\"}]}<\/script>\n<!-- \/ Yoast SEO plugin. -->","yoast_head_json":{"title":"[Nuevo] H80-ST - Hurom Europe","description":"El Slow Juicer H320N de Hurom combina un smart mega hopper de gran capacidad con un filtro tipo malla y una funci\u00f3n inteligente de corte autom\u00e1tico. Disfruta de tu zumo.","robots":{"index":"index","follow":"follow","max-snippet":"max-snippet:-1","max-image-preview":"max-image-preview:large","max-video-preview":"max-video-preview:-1"},"canonical":"https:\/\/www.hurom-europe.com\/es\/producto\/h80-st\/","og_locale":"es_ES","og_type":"article","og_title":"[Nuevo] H80-ST - Hurom Europe","og_description":"El Slow Juicer H320N de Hurom combina un smart mega hopper de gran capacidad con un filtro tipo malla y una funci\u00f3n inteligente de corte autom\u00e1tico. Disfruta de tu zumo.","og_url":"https:\/\/www.hurom-europe.com\/es\/producto\/h80-st\/","og_site_name":"Hurom Europe","article_modified_time":"2026-04-28T11:43:21+00:00","og_image":[{"width":1200,"height":1200,"url":"https:\/\/www.hurom-europe.com\/wp-content\/uploads\/2026\/03\/deH80ST_Thumbnail_Marble1.jpg","type":"image\/jpeg"}],"twitter_card":"summary_large_image","twitter_misc":{"Tiempo de lectura":"2 minutos"},"schema":{"@context":"https:\/\/schema.org","@graph":[{"@type":"WebPage","@id":"https:\/\/www.hurom-europe.com\/es\/producto\/h80-st\/","url":"https:\/\/www.hurom-europe.com\/es\/producto\/h80-st\/","name":"[Nuevo] H80-ST - Hurom Europe","isPartOf":{"@id":"https:\/\/www.hurom-europe.com\/fr\/#website"},"primaryImageOfPage":{"@id":"https:\/\/www.hurom-europe.com\/es\/producto\/h80-st\/#primaryimage"},"image":{"@id":"https:\/\/www.hurom-europe.com\/es\/producto\/h80-st\/#primaryimage"},"thumbnailUrl":"https:\/\/www.hurom-europe.com\/wp-content\/uploads\/2026\/03\/deH80ST_Thumbnail_Marble1.jpg","datePublished":"2026-03-04T13:04:30+00:00","dateModified":"2026-04-28T11:43:21+00:00","description":"El Slow Juicer H320N de Hurom combina un smart mega hopper de gran capacidad con un filtro tipo malla y una funci\u00f3n inteligente de corte autom\u00e1tico. Disfruta de tu zumo.","breadcrumb":{"@id":"https:\/\/www.hurom-europe.com\/es\/producto\/h80-st\/#breadcrumb"},"inLanguage":"es","potentialAction":[{"@type":"ReadAction","target":["https:\/\/www.hurom-europe.com\/es\/producto\/h80-st\/"]}]},{"@type":"ImageObject","inLanguage":"es","@id":"https:\/\/www.hurom-europe.com\/es\/producto\/h80-st\/#primaryimage","url":"https:\/\/www.hurom-europe.com\/wp-content\/uploads\/2026\/03\/deH80ST_Thumbnail_Marble1.jpg","contentUrl":"https:\/\/www.hurom-europe.com\/wp-content\/uploads\/2026\/03\/deH80ST_Thumbnail_Marble1.jpg","width":1200,"height":1200},{"@type":"BreadcrumbList","@id":"https:\/\/www.hurom-europe.com\/es\/producto\/h80-st\/#breadcrumb","itemListElement":[{"@type":"ListItem","position":1,"name":"Home","item":"https:\/\/www.hurom-europe.com\/es\/"},{"@type":"ListItem","position":2,"name":"Tienda","item":"https:\/\/www.hurom-europe.com\/es\/tienda\/"},{"@type":"ListItem","position":3,"name":"[Nuevo] H80-ST"}]},{"@type":"WebSite","@id":"https:\/\/www.hurom-europe.com\/fr\/#website","url":"https:\/\/www.hurom-europe.com\/fr\/","name":"Hurom Europe","description":"Healthy Way of Life with Slow Juicers","potentialAction":[{"@type":"SearchAction","target":{"@type":"EntryPoint","urlTemplate":"https:\/\/www.hurom-europe.com\/fr\/?s={search_term_string}"},"query-input":{"@type":"PropertyValueSpecification","valueRequired":true,"valueName":"search_term_string"}}],"inLanguage":"es"}]}},"_links":{"self":[{"href":"https:\/\/www.hurom-europe.com\/es\/wp-json\/wp\/v2\/product\/239184","targetHints":{"allow":["GET"]}}],"collection":[{"href":"https:\/\/www.hurom-europe.com\/es\/wp-json\/wp\/v2\/product"}],"about":[{"href":"https:\/\/www.hurom-europe.com\/es\/wp-json\/wp\/v2\/types\/product"}],"wp:featuredmedia":[{"embeddable":true,"href":"https:\/\/www.hurom-europe.com\/es\/wp-json\/wp\/v2\/media\/254199"}],"wp:attachment":[{"href":"https:\/\/www.hurom-europe.com\/es\/wp-json\/wp\/v2\/media?parent=239184"}],"wp:term":[{"taxonomy":"product_cat","embeddable":true,"href":"https:\/\/www.hurom-europe.com\/es\/wp-json\/wp\/v2\/product_cat?post=239184"},{"taxonomy":"product_tag","embeddable":true,"href":"https:\/\/www.hurom-europe.com\/es\/wp-json\/wp\/v2\/product_tag?post=239184"}],"curies":[{"name":"wp","href":"https:\/\/api.w.org\/{rel}","templated":true}]}}