{"id":233011,"date":"2026-02-17T15:05:35","date_gmt":"2026-02-17T14:05:35","guid":{"rendered":"https:\/\/www.hurom-europe.com\/?post_type=product&#038;p=233011"},"modified":"2026-03-28T18:09:31","modified_gmt":"2026-03-28T17:09:31","slug":"new-h310a","status":"publish","type":"product","link":"https:\/\/www.hurom-europe.com\/es\/producto\/new-h310a\/","title":{"rendered":"[Nuevo] H310A"},"content":{"rendered":"<ul>\n<li><strong><span class=\"TextRun SCXP8356687 BCX0\" lang=\"EN-US\" xml:lang=\"EN-US\" data-scheme-color=\"@000000,1,\" data-usefontface=\"true\" data-contrast=\"none\"><span class=\"NormalTextRun SCXP8356687 BCX0\">Una <\/span><\/span><span class=\"TextRun SpellingErrorZoomed SCXP8356687 BCX0\" lang=\"EN-US\" xml:lang=\"EN-US\" data-scheme-color=\"@000000,1,\" data-usefontface=\"true\" data-contrast=\"none\"><span class=\"annotation-59880d7b-0992-467e-a0d0-72d0aaff68ae SCXP8356687 BCX0\">opci\u00f3n<\/span><\/span> <span class=\"TextRun SpellingErrorZoomed SCXP8356687 BCX0\" lang=\"EN-US\" xml:lang=\"EN-US\" data-scheme-color=\"@000000,1,\" data-usefontface=\"true\" data-contrast=\"none\"><span class=\"annotation-59880d7b-0992-467e-a0d0-72d0aaff68ae SCXP8356687 BCX0\">respetuosa<\/span><\/span><span class=\"TextRun SCXP8356687 BCX0\" lang=\"EN-US\" xml:lang=\"EN-US\" data-scheme-color=\"@000000,1,\" data-usefontface=\"true\" data-contrast=\"none\"><span class=\"NormalTextRun SCXP8356687 BCX0\"> con <\/span><\/span><span class=\"TextRun SpellingErrorZoomed SCXP8356687 BCX0\" lang=\"EN-US\" xml:lang=\"EN-US\" data-scheme-color=\"@000000,1,\" data-usefontface=\"true\" data-contrast=\"none\"><span class=\"annotation-59880d7b-0992-467e-a0d0-72d0aaff68ae SCXP8356687 BCX0\">el<\/span><\/span> <span class=\"TextRun SpellingErrorZoomed SCXP8356687 BCX0\" lang=\"EN-US\" xml:lang=\"EN-US\" data-scheme-color=\"@000000,1,\" data-usefontface=\"true\" data-contrast=\"none\"><span class=\"annotation-59880d7b-0992-467e-a0d0-72d0aaff68ae SCXP8356687 BCX0\">medioambiente<\/span><\/span><span class=\"TextRun SCXP8356687 BCX0\" lang=\"EN-US\" xml:lang=\"EN-US\" data-scheme-color=\"@000000,1,\" data-usefontface=\"true\" data-contrast=\"none\"><span class=\"NormalTextRun SCXP8356687 BCX0\">: <\/span><\/span><\/strong><br \/>\n<span class=\"TextRun SpellingErrorZoomed SCXP139091882 BCX0\" lang=\"EN-US\" xml:lang=\"EN-US\" data-scheme-color=\"@000000,1,\" data-usefontface=\"true\" data-contrast=\"none\"><span class=\"annotation-ec425c02-d3a6-49b9-bc57-070e0886fa7d SCXP139091882 BCX0\">el<\/span><\/span><span class=\"TextRun SCXP139091882 BCX0\" lang=\"EN-US\" xml:lang=\"EN-US\" data-scheme-color=\"@000000,1,\" data-usefontface=\"true\" data-contrast=\"none\"><span class=\"NormalTextRun SCXP139091882 BCX0\"> nuevo H310A <\/span><\/span><span class=\"TextRun SpellingErrorZoomed SCXP139091882 BCX0\" lang=\"EN-US\" xml:lang=\"EN-US\" data-scheme-color=\"@000000,1,\" data-usefontface=\"true\" data-contrast=\"none\"><span class=\"annotation-ec425c02-d3a6-49b9-bc57-070e0886fa7d SCXP139091882 BCX0\">est\u00e1<\/span><\/span> <span class=\"TextRun SpellingErrorZoomed SCXP139091882 BCX0\" lang=\"EN-US\" xml:lang=\"EN-US\" data-scheme-color=\"@000000,1,\" data-usefontface=\"true\" data-contrast=\"none\"><span class=\"annotation-ec425c02-d3a6-49b9-bc57-070e0886fa7d SCXP139091882 BCX0\">fabricado<\/span><\/span><span class=\"TextRun SCXP139091882 BCX0\" lang=\"EN-US\" xml:lang=\"EN-US\" data-scheme-color=\"@000000,1,\" data-usefontface=\"true\" data-contrast=\"none\"><span class=\"NormalTextRun SCXP139091882 BCX0\"> con <\/span><\/span><span class=\"TextRun SpellingErrorZoomed SCXP139091882 BCX0\" lang=\"EN-US\" xml:lang=\"EN-US\" data-scheme-color=\"@000000,1,\" data-usefontface=\"true\" data-contrast=\"none\"><span class=\"annotation-ec425c02-d3a6-49b9-bc57-070e0886fa7d SCXP139091882 BCX0\">materiales<\/span><\/span> <span class=\"TextRun SpellingErrorZoomed SCXP139091882 BCX0\" lang=\"EN-US\" xml:lang=\"EN-US\" data-scheme-color=\"@000000,1,\" data-usefontface=\"true\" data-contrast=\"none\"><span class=\"annotation-ec425c02-d3a6-49b9-bc57-070e0886fa7d SCXP139091882 BCX0\">ecol\u00f3gicos<\/span><\/span> <span class=\"TextRun SpellingErrorZoomed SCXP139091882 BCX0\" lang=\"EN-US\" xml:lang=\"EN-US\" data-scheme-color=\"@000000,1,\" data-usefontface=\"true\" data-contrast=\"none\"><span class=\"annotation-ec425c02-d3a6-49b9-bc57-070e0886fa7d SCXP139091882 BCX0\">reciclados<\/span><\/span><span class=\"TextRun SCXP139091882 BCX0\" lang=\"EN-US\" xml:lang=\"EN-US\" data-scheme-color=\"@000000,1,\" data-usefontface=\"true\" data-contrast=\"none\"><span class=\"NormalTextRun SCXP139091882 BCX0\">; <\/span><\/span><span class=\"TextRun SpellingErrorZoomed SCXP139091882 BCX0\" lang=\"EN-US\" xml:lang=\"EN-US\" data-scheme-color=\"@000000,1,\" data-usefontface=\"true\" data-contrast=\"none\"><span class=\"annotation-ec425c02-d3a6-49b9-bc57-070e0886fa7d SCXP139091882 BCX0\">dise\u00f1ado<\/span><\/span> <span class=\"TextRun SpellingErrorZoomed SCXP139091882 BCX0\" lang=\"EN-US\" xml:lang=\"EN-US\" data-scheme-color=\"@000000,1,\" data-usefontface=\"true\" data-contrast=\"none\"><span class=\"annotation-ec425c02-d3a6-49b9-bc57-070e0886fa7d SCXP139091882 BCX0\">pensando<\/span><\/span><span class=\"TextRun SCXP139091882 BCX0\" lang=\"EN-US\" xml:lang=\"EN-US\" data-scheme-color=\"@000000,1,\" data-usefontface=\"true\" data-contrast=\"none\"><span class=\"NormalTextRun SCXP139091882 BCX0\"> tanto <\/span><\/span><span class=\"TextRun SpellingErrorZoomed SCXP139091882 BCX0\" lang=\"EN-US\" xml:lang=\"EN-US\" data-scheme-color=\"@000000,1,\" data-usefontface=\"true\" data-contrast=\"none\"><span class=\"annotation-ec425c02-d3a6-49b9-bc57-070e0886fa7d SCXP139091882 BCX0\">en<\/span><\/span> <span class=\"TextRun SpellingErrorZoomed SCXP139091882 BCX0\" lang=\"EN-US\" xml:lang=\"EN-US\" data-scheme-color=\"@000000,1,\" data-usefontface=\"true\" data-contrast=\"none\"><span class=\"annotation-ec425c02-d3a6-49b9-bc57-070e0886fa7d SCXP139091882 BCX0\">tu<\/span><\/span> <span class=\"TextRun SpellingErrorZoomed SCXP139091882 BCX0\" lang=\"EN-US\" xml:lang=\"EN-US\" data-scheme-color=\"@000000,1,\" data-usefontface=\"true\" data-contrast=\"none\"><span class=\"annotation-ec425c02-d3a6-49b9-bc57-070e0886fa7d SCXP139091882 BCX0\">bienestar<\/span><\/span> <span class=\"TextRun SpellingErrorZoomed SCXP139091882 BCX0\" lang=\"EN-US\" xml:lang=\"EN-US\" data-scheme-color=\"@000000,1,\" data-usefontface=\"true\" data-contrast=\"none\"><span class=\"annotation-ec425c02-d3a6-49b9-bc57-070e0886fa7d SCXP139091882 BCX0\">como<\/span><\/span> <span class=\"TextRun SpellingErrorZoomed SCXP139091882 BCX0\" lang=\"EN-US\" xml:lang=\"EN-US\" data-scheme-color=\"@000000,1,\" data-usefontface=\"true\" data-contrast=\"none\"><span class=\"annotation-ec425c02-d3a6-49b9-bc57-070e0886fa7d SCXP139091882 BCX0\">en<\/span><\/span><span class=\"TextRun SCXP139091882 BCX0\" lang=\"EN-US\" xml:lang=\"EN-US\" data-scheme-color=\"@000000,1,\" data-usefontface=\"true\" data-contrast=\"none\"><span class=\"NormalTextRun SCXP139091882 BCX0\"> la <\/span><\/span><span class=\"TextRun SpellingErrorZoomed SCXP139091882 BCX0\" lang=\"EN-US\" xml:lang=\"EN-US\" data-scheme-color=\"@000000,1,\" data-usefontface=\"true\" data-contrast=\"none\"><span class=\"annotation-ec425c02-d3a6-49b9-bc57-070e0886fa7d SCXP139091882 BCX0\">salud<\/span><\/span><span class=\"TextRun SCXP139091882 BCX0\" lang=\"EN-US\" xml:lang=\"EN-US\" data-scheme-color=\"@000000,1,\" data-usefontface=\"true\" data-contrast=\"none\"><span class=\"NormalTextRun SCXP139091882 BCX0\"> del <\/span><\/span><span class=\"TextRun SpellingErrorZoomed SCXP139091882 BCX0\" lang=\"EN-US\" xml:lang=\"EN-US\" data-scheme-color=\"@000000,1,\" data-usefontface=\"true\" data-contrast=\"none\"><span class=\"annotation-ec425c02-d3a6-49b9-bc57-070e0886fa7d SCXP139091882 BCX0\">planeta<\/span><\/span><span class=\"TextRun SCXP139091882 BCX0\" lang=\"EN-US\" xml:lang=\"EN-US\" data-scheme-color=\"@000000,1,\" data-usefontface=\"true\" data-contrast=\"none\"><span class=\"NormalTextRun SCXP139091882 BCX0\">. <\/span><\/span><\/li>\n<\/ul>\n<p>&nbsp;<\/p>\n<ul>\n<li><strong>Armonioso en cualquier lugar:<\/strong><br \/>\nUna forma armoniosa que se adapta a distintos espacios independientemente de su estructura y color. Textura sensorial y un dial de potencia simple pero intuitivo.<\/li>\n<\/ul>\n<p>&nbsp;<\/p>\n<ul>\n<li><strong>Tecnolog\u00eda avanzada:<\/strong><br \/>\nEl nuevo Multi-Auger combina en una sola pieza la funci\u00f3n de tornillo de prensado y las funciones de m\u00faltiples filtros.<\/li>\n<\/ul>\n<p>&nbsp;<\/p>\n<ul>\n<li><strong>Procesador de zumos inteligente:<\/strong><br \/>\nIncluso si se introducen ingredientes con una preparaci\u00f3n m\u00ednima, los pica autom\u00e1ticamente y extrae el zumo.<\/li>\n<\/ul>\n<p>&nbsp;<\/p>\n<ul>\n<li><strong>Limpieza a\u00fan m\u00e1s sencilla:<\/strong><br \/>\nSolo tres piezas que lavar. F\u00e1cil de montar y desmontar.<\/li>\n<\/ul>\n<p>&nbsp;<\/p>\n<ul>\n<li><strong>Seguridad:<\/strong><br \/>\nComo en cualquier otro Slow Juicers de Hurom, el H310A Slow Juicer est\u00e1 fabricado con materiales libres de BPA.<\/li>\n<\/ul>\n<p>&nbsp;<\/p>\n<ul>\n<li><strong>En funci\u00f3n del modelo y de la fecha de producci\u00f3n, el dise\u00f1o y los componentes pueden variar ligeramente y diferir de la fotograf\u00eda.<\/strong><\/li>\n<\/ul>\n","protected":false},"excerpt":{"rendered":"<p>Una opci\u00f3n respetuosa con el medioambiente: el nuevo H310A est\u00e1 fabricado con materiales ecol\u00f3gicos reciclados; dise\u00f1ado pensando tanto en tu bienestar como en la salud del planeta. &nbsp; Armonioso en cualquier lugar: Una forma armoniosa que se adapta a distintos espacios independientemente de su estructura y color. Textura sensorial y un dial de potencia simple [&hellip;]<\/p>\n","protected":false},"featured_media":233026,"template":"","meta":{"_acf_changed":false,"inline_featured_image":false},"product_cat":[567],"product_tag":[],"class_list":{"0":"post-233011","1":"product","2":"type-product","3":"status-publish","4":"has-post-thumbnail","6":"product_cat-easy-press-line","8":"first","9":"instock","10":"taxable","11":"shipping-taxable","12":"purchasable","13":"product-type-variable","14":"has-default-attributes"},"acf":[],"yoast_head":"<!-- This site is optimized with the Yoast SEO plugin v26.6 - https:\/\/yoast.com\/wordpress\/plugins\/seo\/ -->\n<title>[Nuevo] H310A - Hurom Europe<\/title>\n<meta name=\"description\" content=\"El Slow Juicer H310A de Hurom est\u00e1 pensado para mucho m\u00e1s que simplemente exprimir. M\u00e1s delgado y ligero, pero con todas las prestaciones. Disfruta de tu zumo.\" \/>\n<meta name=\"robots\" content=\"index, follow, max-snippet:-1, max-image-preview:large, max-video-preview:-1\" \/>\n<link rel=\"canonical\" href=\"https:\/\/www.hurom-europe.com\/es\/producto\/new-h310a\/\" \/>\n<meta property=\"og:locale\" content=\"es_ES\" \/>\n<meta property=\"og:type\" content=\"article\" \/>\n<meta property=\"og:title\" content=\"[Nuevo] H310A - Hurom Europe\" \/>\n<meta property=\"og:description\" content=\"El Slow Juicer H310A de Hurom est\u00e1 pensado para mucho m\u00e1s que simplemente exprimir. M\u00e1s delgado y ligero, pero con todas las prestaciones. Disfruta de tu zumo.\" \/>\n<meta property=\"og:url\" content=\"https:\/\/www.hurom-europe.com\/es\/producto\/new-h310a\/\" \/>\n<meta property=\"og:site_name\" content=\"Hurom Europe\" \/>\n<meta property=\"article:modified_time\" content=\"2026-03-28T17:09:31+00:00\" \/>\n<meta property=\"og:image\" content=\"https:\/\/www.hurom-europe.com\/wp-content\/uploads\/2026\/02\/H310A_Kale-Green1.jpg\" \/>\n\t<meta property=\"og:image:width\" content=\"1200\" \/>\n\t<meta property=\"og:image:height\" content=\"1200\" \/>\n\t<meta property=\"og:image:type\" content=\"image\/jpeg\" \/>\n<meta name=\"twitter:card\" content=\"summary_large_image\" \/>\n<meta name=\"twitter:label1\" content=\"Tiempo de lectura\" \/>\n\t<meta name=\"twitter:data1\" content=\"1 minuto\" \/>\n<script type=\"application\/ld+json\" class=\"yoast-schema-graph\">{\"@context\":\"https:\/\/schema.org\",\"@graph\":[{\"@type\":\"WebPage\",\"@id\":\"https:\/\/www.hurom-europe.com\/es\/producto\/new-h310a\/\",\"url\":\"https:\/\/www.hurom-europe.com\/es\/producto\/new-h310a\/\",\"name\":\"[Nuevo] H310A - Hurom Europe\",\"isPartOf\":{\"@id\":\"https:\/\/www.hurom-europe.com\/fr\/#website\"},\"primaryImageOfPage\":{\"@id\":\"https:\/\/www.hurom-europe.com\/es\/producto\/new-h310a\/#primaryimage\"},\"image\":{\"@id\":\"https:\/\/www.hurom-europe.com\/es\/producto\/new-h310a\/#primaryimage\"},\"thumbnailUrl\":\"https:\/\/www.hurom-europe.com\/wp-content\/uploads\/2026\/02\/H310A_Kale-Green1.jpg\",\"datePublished\":\"2026-02-17T14:05:35+00:00\",\"dateModified\":\"2026-03-28T17:09:31+00:00\",\"description\":\"El Slow Juicer H310A de Hurom est\u00e1 pensado para mucho m\u00e1s que simplemente exprimir. M\u00e1s delgado y ligero, pero con todas las prestaciones. Disfruta de tu zumo.\",\"breadcrumb\":{\"@id\":\"https:\/\/www.hurom-europe.com\/es\/producto\/new-h310a\/#breadcrumb\"},\"inLanguage\":\"es\",\"potentialAction\":[{\"@type\":\"ReadAction\",\"target\":[\"https:\/\/www.hurom-europe.com\/es\/producto\/new-h310a\/\"]}]},{\"@type\":\"ImageObject\",\"inLanguage\":\"es\",\"@id\":\"https:\/\/www.hurom-europe.com\/es\/producto\/new-h310a\/#primaryimage\",\"url\":\"https:\/\/www.hurom-europe.com\/wp-content\/uploads\/2026\/02\/H310A_Kale-Green1.jpg\",\"contentUrl\":\"https:\/\/www.hurom-europe.com\/wp-content\/uploads\/2026\/02\/H310A_Kale-Green1.jpg\",\"width\":1200,\"height\":1200},{\"@type\":\"BreadcrumbList\",\"@id\":\"https:\/\/www.hurom-europe.com\/es\/producto\/new-h310a\/#breadcrumb\",\"itemListElement\":[{\"@type\":\"ListItem\",\"position\":1,\"name\":\"Home\",\"item\":\"https:\/\/www.hurom-europe.com\/es\/\"},{\"@type\":\"ListItem\",\"position\":2,\"name\":\"Tienda\",\"item\":\"https:\/\/www.hurom-europe.com\/es\/tienda\/\"},{\"@type\":\"ListItem\",\"position\":3,\"name\":\"[Nuevo] H310A\"}]},{\"@type\":\"WebSite\",\"@id\":\"https:\/\/www.hurom-europe.com\/fr\/#website\",\"url\":\"https:\/\/www.hurom-europe.com\/fr\/\",\"name\":\"Hurom Europe\",\"description\":\"Healthy Way of Life with Slow Juicers\",\"potentialAction\":[{\"@type\":\"SearchAction\",\"target\":{\"@type\":\"EntryPoint\",\"urlTemplate\":\"https:\/\/www.hurom-europe.com\/fr\/?s={search_term_string}\"},\"query-input\":{\"@type\":\"PropertyValueSpecification\",\"valueRequired\":true,\"valueName\":\"search_term_string\"}}],\"inLanguage\":\"es\"}]}<\/script>\n<!-- \/ Yoast SEO plugin. -->","yoast_head_json":{"title":"[Nuevo] H310A - Hurom Europe","description":"El Slow Juicer H310A de Hurom est\u00e1 pensado para mucho m\u00e1s que simplemente exprimir. M\u00e1s delgado y ligero, pero con todas las prestaciones. Disfruta de tu zumo.","robots":{"index":"index","follow":"follow","max-snippet":"max-snippet:-1","max-image-preview":"max-image-preview:large","max-video-preview":"max-video-preview:-1"},"canonical":"https:\/\/www.hurom-europe.com\/es\/producto\/new-h310a\/","og_locale":"es_ES","og_type":"article","og_title":"[Nuevo] H310A - Hurom Europe","og_description":"El Slow Juicer H310A de Hurom est\u00e1 pensado para mucho m\u00e1s que simplemente exprimir. M\u00e1s delgado y ligero, pero con todas las prestaciones. Disfruta de tu zumo.","og_url":"https:\/\/www.hurom-europe.com\/es\/producto\/new-h310a\/","og_site_name":"Hurom Europe","article_modified_time":"2026-03-28T17:09:31+00:00","og_image":[{"width":1200,"height":1200,"url":"https:\/\/www.hurom-europe.com\/wp-content\/uploads\/2026\/02\/H310A_Kale-Green1.jpg","type":"image\/jpeg"}],"twitter_card":"summary_large_image","twitter_misc":{"Tiempo de lectura":"1 minuto"},"schema":{"@context":"https:\/\/schema.org","@graph":[{"@type":"WebPage","@id":"https:\/\/www.hurom-europe.com\/es\/producto\/new-h310a\/","url":"https:\/\/www.hurom-europe.com\/es\/producto\/new-h310a\/","name":"[Nuevo] H310A - Hurom Europe","isPartOf":{"@id":"https:\/\/www.hurom-europe.com\/fr\/#website"},"primaryImageOfPage":{"@id":"https:\/\/www.hurom-europe.com\/es\/producto\/new-h310a\/#primaryimage"},"image":{"@id":"https:\/\/www.hurom-europe.com\/es\/producto\/new-h310a\/#primaryimage"},"thumbnailUrl":"https:\/\/www.hurom-europe.com\/wp-content\/uploads\/2026\/02\/H310A_Kale-Green1.jpg","datePublished":"2026-02-17T14:05:35+00:00","dateModified":"2026-03-28T17:09:31+00:00","description":"El Slow Juicer H310A de Hurom est\u00e1 pensado para mucho m\u00e1s que simplemente exprimir. M\u00e1s delgado y ligero, pero con todas las prestaciones. Disfruta de tu zumo.","breadcrumb":{"@id":"https:\/\/www.hurom-europe.com\/es\/producto\/new-h310a\/#breadcrumb"},"inLanguage":"es","potentialAction":[{"@type":"ReadAction","target":["https:\/\/www.hurom-europe.com\/es\/producto\/new-h310a\/"]}]},{"@type":"ImageObject","inLanguage":"es","@id":"https:\/\/www.hurom-europe.com\/es\/producto\/new-h310a\/#primaryimage","url":"https:\/\/www.hurom-europe.com\/wp-content\/uploads\/2026\/02\/H310A_Kale-Green1.jpg","contentUrl":"https:\/\/www.hurom-europe.com\/wp-content\/uploads\/2026\/02\/H310A_Kale-Green1.jpg","width":1200,"height":1200},{"@type":"BreadcrumbList","@id":"https:\/\/www.hurom-europe.com\/es\/producto\/new-h310a\/#breadcrumb","itemListElement":[{"@type":"ListItem","position":1,"name":"Home","item":"https:\/\/www.hurom-europe.com\/es\/"},{"@type":"ListItem","position":2,"name":"Tienda","item":"https:\/\/www.hurom-europe.com\/es\/tienda\/"},{"@type":"ListItem","position":3,"name":"[Nuevo] H310A"}]},{"@type":"WebSite","@id":"https:\/\/www.hurom-europe.com\/fr\/#website","url":"https:\/\/www.hurom-europe.com\/fr\/","name":"Hurom Europe","description":"Healthy Way of Life with Slow Juicers","potentialAction":[{"@type":"SearchAction","target":{"@type":"EntryPoint","urlTemplate":"https:\/\/www.hurom-europe.com\/fr\/?s={search_term_string}"},"query-input":{"@type":"PropertyValueSpecification","valueRequired":true,"valueName":"search_term_string"}}],"inLanguage":"es"}]}},"_links":{"self":[{"href":"https:\/\/www.hurom-europe.com\/es\/wp-json\/wp\/v2\/product\/233011","targetHints":{"allow":["GET"]}}],"collection":[{"href":"https:\/\/www.hurom-europe.com\/es\/wp-json\/wp\/v2\/product"}],"about":[{"href":"https:\/\/www.hurom-europe.com\/es\/wp-json\/wp\/v2\/types\/product"}],"wp:featuredmedia":[{"embeddable":true,"href":"https:\/\/www.hurom-europe.com\/es\/wp-json\/wp\/v2\/media\/233026"}],"wp:attachment":[{"href":"https:\/\/www.hurom-europe.com\/es\/wp-json\/wp\/v2\/media?parent=233011"}],"wp:term":[{"taxonomy":"product_cat","embeddable":true,"href":"https:\/\/www.hurom-europe.com\/es\/wp-json\/wp\/v2\/product_cat?post=233011"},{"taxonomy":"product_tag","embeddable":true,"href":"https:\/\/www.hurom-europe.com\/es\/wp-json\/wp\/v2\/product_tag?post=233011"}],"curies":[{"name":"wp","href":"https:\/\/api.w.org\/{rel}","templated":true}]}}