{"id":190331,"date":"2023-12-29T09:26:45","date_gmt":"2023-12-29T08:26:45","guid":{"rendered":"https:\/\/www.hurom-europe.com\/product\/free-gifts-are-only-valid-for-any-juicer-purchase-free-gifts-purchase-without-juicer-will-be-cancelled\/"},"modified":"2025-11-03T10:48:04","modified_gmt":"2025-11-03T09:48:04","slug":"free-gifts-are-only-valid-for-any-juicer-purchase-free-gifts-purchase-without-juicer-will-be-cancelled","status":"publish","type":"product","link":"https:\/\/www.hurom-europe.com\/es\/producto\/free-gifts-are-only-valid-for-any-juicer-purchase-free-gifts-purchase-without-juicer-will-be-cancelled\/","title":{"rendered":"Los regalos gratuitos son v\u00e1lidos \u00fanicamente con la compra de un extractor. Los pedidos de regalos gratuitos sin extractor ser\u00e1n cancelados."},"content":{"rendered":"","protected":false},"excerpt":{"rendered":"","protected":false},"featured_media":0,"template":"","meta":{"_acf_changed":false,"inline_featured_image":false},"product_cat":[585],"product_tag":[],"class_list":{"0":"post-190331","1":"product","2":"type-product","3":"status-publish","5":"product_cat-otros-productos","7":"first","8":"instock","9":"sold-individually","10":"taxable","11":"shipping-taxable","12":"purchasable","13":"product-type-simple"},"acf":[],"yoast_head":"<!-- This site is optimized with the Yoast SEO plugin v26.6 - https:\/\/yoast.com\/wordpress\/plugins\/seo\/ -->\n<title>Los regalos gratuitos son v\u00e1lidos \u00fanicamente con la compra de un extractor. Los pedidos de regalos gratuitos sin extractor ser\u00e1n cancelados. - Hurom Europe<\/title>\n<meta name=\"description\" content=\"Tumbler para Slow Juicers de Hurom. Es un tumbler blanco mate, simple y elegante, f\u00e1cil de llevar a todas partes.\" \/>\n<meta name=\"robots\" content=\"index, follow, max-snippet:-1, max-image-preview:large, max-video-preview:-1\" \/>\n<link rel=\"canonical\" href=\"https:\/\/www.hurom-europe.com\/es\/producto\/free-gifts-are-only-valid-for-any-juicer-purchase-free-gifts-purchase-without-juicer-will-be-cancelled\/\" \/>\n<meta property=\"og:locale\" content=\"es_ES\" \/>\n<meta property=\"og:type\" content=\"article\" \/>\n<meta property=\"og:title\" content=\"Los regalos gratuitos son v\u00e1lidos \u00fanicamente con la compra de un extractor. Los pedidos de regalos gratuitos sin extractor ser\u00e1n cancelados. - Hurom Europe\" \/>\n<meta property=\"og:description\" content=\"Tumbler para Slow Juicers de Hurom. Es un tumbler blanco mate, simple y elegante, f\u00e1cil de llevar a todas partes.\" \/>\n<meta property=\"og:url\" content=\"https:\/\/www.hurom-europe.com\/es\/producto\/free-gifts-are-only-valid-for-any-juicer-purchase-free-gifts-purchase-without-juicer-will-be-cancelled\/\" \/>\n<meta property=\"og:site_name\" content=\"Hurom Europe\" \/>\n<meta property=\"article:modified_time\" content=\"2025-11-03T09:48:04+00:00\" \/>\n<meta name=\"twitter:card\" content=\"summary_large_image\" \/>\n<script type=\"application\/ld+json\" class=\"yoast-schema-graph\">{\"@context\":\"https:\/\/schema.org\",\"@graph\":[{\"@type\":\"WebPage\",\"@id\":\"https:\/\/www.hurom-europe.com\/es\/producto\/free-gifts-are-only-valid-for-any-juicer-purchase-free-gifts-purchase-without-juicer-will-be-cancelled\/\",\"url\":\"https:\/\/www.hurom-europe.com\/es\/producto\/free-gifts-are-only-valid-for-any-juicer-purchase-free-gifts-purchase-without-juicer-will-be-cancelled\/\",\"name\":\"Los regalos gratuitos son v\u00e1lidos \u00fanicamente con la compra de un extractor. Los pedidos de regalos gratuitos sin extractor ser\u00e1n cancelados. - Hurom Europe\",\"isPartOf\":{\"@id\":\"https:\/\/www.hurom-europe.com\/fr\/#website\"},\"datePublished\":\"2023-12-29T08:26:45+00:00\",\"dateModified\":\"2025-11-03T09:48:04+00:00\",\"description\":\"Tumbler para Slow Juicers de Hurom. Es un tumbler blanco mate, simple y elegante, f\u00e1cil de llevar a todas partes.\",\"breadcrumb\":{\"@id\":\"https:\/\/www.hurom-europe.com\/es\/producto\/free-gifts-are-only-valid-for-any-juicer-purchase-free-gifts-purchase-without-juicer-will-be-cancelled\/#breadcrumb\"},\"inLanguage\":\"es\",\"potentialAction\":[{\"@type\":\"ReadAction\",\"target\":[\"https:\/\/www.hurom-europe.com\/es\/producto\/free-gifts-are-only-valid-for-any-juicer-purchase-free-gifts-purchase-without-juicer-will-be-cancelled\/\"]}]},{\"@type\":\"BreadcrumbList\",\"@id\":\"https:\/\/www.hurom-europe.com\/es\/producto\/free-gifts-are-only-valid-for-any-juicer-purchase-free-gifts-purchase-without-juicer-will-be-cancelled\/#breadcrumb\",\"itemListElement\":[{\"@type\":\"ListItem\",\"position\":1,\"name\":\"Home\",\"item\":\"https:\/\/www.hurom-europe.com\/es\/\"},{\"@type\":\"ListItem\",\"position\":2,\"name\":\"Tienda\",\"item\":\"https:\/\/www.hurom-europe.com\/es\/tienda\/\"},{\"@type\":\"ListItem\",\"position\":3,\"name\":\"Los regalos gratuitos son v\u00e1lidos \u00fanicamente con la compra de un extractor. Los pedidos de regalos gratuitos sin extractor ser\u00e1n cancelados.\"}]},{\"@type\":\"WebSite\",\"@id\":\"https:\/\/www.hurom-europe.com\/fr\/#website\",\"url\":\"https:\/\/www.hurom-europe.com\/fr\/\",\"name\":\"Hurom Europe\",\"description\":\"Healthy Way of Life with Slow Juicers\",\"potentialAction\":[{\"@type\":\"SearchAction\",\"target\":{\"@type\":\"EntryPoint\",\"urlTemplate\":\"https:\/\/www.hurom-europe.com\/fr\/?s={search_term_string}\"},\"query-input\":{\"@type\":\"PropertyValueSpecification\",\"valueRequired\":true,\"valueName\":\"search_term_string\"}}],\"inLanguage\":\"es\"}]}<\/script>\n<!-- \/ Yoast SEO plugin. -->","yoast_head_json":{"title":"Los regalos gratuitos son v\u00e1lidos \u00fanicamente con la compra de un extractor. Los pedidos de regalos gratuitos sin extractor ser\u00e1n cancelados. - Hurom Europe","description":"Tumbler para Slow Juicers de Hurom. Es un tumbler blanco mate, simple y elegante, f\u00e1cil de llevar a todas partes.","robots":{"index":"index","follow":"follow","max-snippet":"max-snippet:-1","max-image-preview":"max-image-preview:large","max-video-preview":"max-video-preview:-1"},"canonical":"https:\/\/www.hurom-europe.com\/es\/producto\/free-gifts-are-only-valid-for-any-juicer-purchase-free-gifts-purchase-without-juicer-will-be-cancelled\/","og_locale":"es_ES","og_type":"article","og_title":"Los regalos gratuitos son v\u00e1lidos \u00fanicamente con la compra de un extractor. Los pedidos de regalos gratuitos sin extractor ser\u00e1n cancelados. - Hurom Europe","og_description":"Tumbler para Slow Juicers de Hurom. Es un tumbler blanco mate, simple y elegante, f\u00e1cil de llevar a todas partes.","og_url":"https:\/\/www.hurom-europe.com\/es\/producto\/free-gifts-are-only-valid-for-any-juicer-purchase-free-gifts-purchase-without-juicer-will-be-cancelled\/","og_site_name":"Hurom Europe","article_modified_time":"2025-11-03T09:48:04+00:00","twitter_card":"summary_large_image","schema":{"@context":"https:\/\/schema.org","@graph":[{"@type":"WebPage","@id":"https:\/\/www.hurom-europe.com\/es\/producto\/free-gifts-are-only-valid-for-any-juicer-purchase-free-gifts-purchase-without-juicer-will-be-cancelled\/","url":"https:\/\/www.hurom-europe.com\/es\/producto\/free-gifts-are-only-valid-for-any-juicer-purchase-free-gifts-purchase-without-juicer-will-be-cancelled\/","name":"Los regalos gratuitos son v\u00e1lidos \u00fanicamente con la compra de un extractor. Los pedidos de regalos gratuitos sin extractor ser\u00e1n cancelados. - Hurom Europe","isPartOf":{"@id":"https:\/\/www.hurom-europe.com\/fr\/#website"},"datePublished":"2023-12-29T08:26:45+00:00","dateModified":"2025-11-03T09:48:04+00:00","description":"Tumbler para Slow Juicers de Hurom. Es un tumbler blanco mate, simple y elegante, f\u00e1cil de llevar a todas partes.","breadcrumb":{"@id":"https:\/\/www.hurom-europe.com\/es\/producto\/free-gifts-are-only-valid-for-any-juicer-purchase-free-gifts-purchase-without-juicer-will-be-cancelled\/#breadcrumb"},"inLanguage":"es","potentialAction":[{"@type":"ReadAction","target":["https:\/\/www.hurom-europe.com\/es\/producto\/free-gifts-are-only-valid-for-any-juicer-purchase-free-gifts-purchase-without-juicer-will-be-cancelled\/"]}]},{"@type":"BreadcrumbList","@id":"https:\/\/www.hurom-europe.com\/es\/producto\/free-gifts-are-only-valid-for-any-juicer-purchase-free-gifts-purchase-without-juicer-will-be-cancelled\/#breadcrumb","itemListElement":[{"@type":"ListItem","position":1,"name":"Home","item":"https:\/\/www.hurom-europe.com\/es\/"},{"@type":"ListItem","position":2,"name":"Tienda","item":"https:\/\/www.hurom-europe.com\/es\/tienda\/"},{"@type":"ListItem","position":3,"name":"Los regalos gratuitos son v\u00e1lidos \u00fanicamente con la compra de un extractor. Los pedidos de regalos gratuitos sin extractor ser\u00e1n cancelados."}]},{"@type":"WebSite","@id":"https:\/\/www.hurom-europe.com\/fr\/#website","url":"https:\/\/www.hurom-europe.com\/fr\/","name":"Hurom Europe","description":"Healthy Way of Life with Slow Juicers","potentialAction":[{"@type":"SearchAction","target":{"@type":"EntryPoint","urlTemplate":"https:\/\/www.hurom-europe.com\/fr\/?s={search_term_string}"},"query-input":{"@type":"PropertyValueSpecification","valueRequired":true,"valueName":"search_term_string"}}],"inLanguage":"es"}]}},"_links":{"self":[{"href":"https:\/\/www.hurom-europe.com\/es\/wp-json\/wp\/v2\/product\/190331","targetHints":{"allow":["GET"]}}],"collection":[{"href":"https:\/\/www.hurom-europe.com\/es\/wp-json\/wp\/v2\/product"}],"about":[{"href":"https:\/\/www.hurom-europe.com\/es\/wp-json\/wp\/v2\/types\/product"}],"wp:attachment":[{"href":"https:\/\/www.hurom-europe.com\/es\/wp-json\/wp\/v2\/media?parent=190331"}],"wp:term":[{"taxonomy":"product_cat","embeddable":true,"href":"https:\/\/www.hurom-europe.com\/es\/wp-json\/wp\/v2\/product_cat?post=190331"},{"taxonomy":"product_tag","embeddable":true,"href":"https:\/\/www.hurom-europe.com\/es\/wp-json\/wp\/v2\/product_tag?post=190331"}],"curies":[{"name":"wp","href":"https:\/\/api.w.org\/{rel}","templated":true}]}}