{"id":190306,"date":"2022-11-16T14:56:55","date_gmt":"2022-11-16T13:56:55","guid":{"rendered":"https:\/\/www.hurom-europe.com\/product\/juicing-1x1-recipe-book\/"},"modified":"2026-03-28T19:05:46","modified_gmt":"2026-03-28T18:05:46","slug":"juicing-1x1-recipe-book","status":"publish","type":"product","link":"https:\/\/www.hurom-europe.com\/es\/producto\/juicing-1x1-recipe-book\/","title":{"rendered":"Juicing 1&#215;1 Libro de Recetas (EN\/DE &#038; EN\/FR)"},"content":{"rendered":"<p>Ten en cuenta: el idioma del libro de recetas est\u00e1 en 2 versiones: Ingl\u00e9s + Alem\u00e1n y Ingl\u00e9s + Franc\u00e9s.<\/p>\n<p>Muy recomendado para\u2026<\/p>\n<p>\u2022 quienes compran un Slow Juicer y quieren empezar a hacer zumos por primera vez<br \/>\n\u2022 quienes son veganos o quieren comenzar una dieta vegetariana saludable<br \/>\n\u2022 quienes quieren iniciar una dieta saludable con Juice Cleansing<br \/>\n\u2022 quienes est\u00e1n interesados en una gran variedad de recetas de zumos<\/p>\n","protected":false},"excerpt":{"rendered":"<p>HUROM X HAPPY VITA<br \/>\nLibro de recetas de zumos con 80 recetas<\/p>\n","protected":false},"featured_media":190302,"template":"","meta":{"_acf_changed":false,"inline_featured_image":false},"product_cat":[585],"product_tag":[],"class_list":{"0":"post-190306","1":"product","2":"type-product","3":"status-publish","4":"has-post-thumbnail","6":"product_cat-otros-productos","8":"first","9":"instock","10":"taxable","11":"shipping-taxable","12":"purchasable","13":"product-type-variable"},"acf":[],"yoast_head":"<!-- This site is optimized with the Yoast SEO plugin v26.6 - https:\/\/yoast.com\/wordpress\/plugins\/seo\/ -->\n<title>Juicing 1x1 Libro de Recetas (EN\/DE &amp; EN\/FR) - Hurom Europe<\/title>\n<meta name=\"description\" content=\"HUROM X HAPPY VITA Libro de recetas de zumos con 80 recetas\" \/>\n<meta name=\"robots\" content=\"index, follow, max-snippet:-1, max-image-preview:large, max-video-preview:-1\" \/>\n<link rel=\"canonical\" href=\"https:\/\/www.hurom-europe.com\/es\/producto\/juicing-1x1-recipe-book\/\" \/>\n<meta property=\"og:locale\" content=\"es_ES\" \/>\n<meta property=\"og:type\" content=\"article\" \/>\n<meta property=\"og:title\" content=\"Juicing 1x1 Libro de Recetas (EN\/DE &amp; EN\/FR) - Hurom Europe\" \/>\n<meta property=\"og:description\" content=\"HUROM X HAPPY VITA Libro de recetas de zumos con 80 recetas\" \/>\n<meta property=\"og:url\" content=\"https:\/\/www.hurom-europe.com\/es\/producto\/juicing-1x1-recipe-book\/\" \/>\n<meta property=\"og:site_name\" content=\"Hurom Europe\" \/>\n<meta property=\"article:modified_time\" content=\"2026-03-28T18:05:46+00:00\" \/>\n<meta property=\"og:image\" content=\"https:\/\/www.hurom-europe.com\/wp-content\/uploads\/2022\/11\/1.jpg\" \/>\n\t<meta property=\"og:image:width\" content=\"2000\" \/>\n\t<meta property=\"og:image:height\" content=\"2000\" \/>\n\t<meta property=\"og:image:type\" content=\"image\/jpeg\" \/>\n<meta name=\"twitter:card\" content=\"summary_large_image\" \/>\n<meta name=\"twitter:label1\" content=\"Tiempo de lectura\" \/>\n\t<meta name=\"twitter:data1\" content=\"1 minuto\" \/>\n<script type=\"application\/ld+json\" class=\"yoast-schema-graph\">{\"@context\":\"https:\/\/schema.org\",\"@graph\":[{\"@type\":\"WebPage\",\"@id\":\"https:\/\/www.hurom-europe.com\/es\/producto\/juicing-1x1-recipe-book\/\",\"url\":\"https:\/\/www.hurom-europe.com\/es\/producto\/juicing-1x1-recipe-book\/\",\"name\":\"Juicing 1x1 Libro de Recetas (EN\/DE & EN\/FR) - Hurom Europe\",\"isPartOf\":{\"@id\":\"https:\/\/www.hurom-europe.com\/fr\/#website\"},\"primaryImageOfPage\":{\"@id\":\"https:\/\/www.hurom-europe.com\/es\/producto\/juicing-1x1-recipe-book\/#primaryimage\"},\"image\":{\"@id\":\"https:\/\/www.hurom-europe.com\/es\/producto\/juicing-1x1-recipe-book\/#primaryimage\"},\"thumbnailUrl\":\"https:\/\/www.hurom-europe.com\/wp-content\/uploads\/2022\/11\/1.jpg\",\"datePublished\":\"2022-11-16T13:56:55+00:00\",\"dateModified\":\"2026-03-28T18:05:46+00:00\",\"description\":\"HUROM X HAPPY VITA Libro de recetas de zumos con 80 recetas\",\"breadcrumb\":{\"@id\":\"https:\/\/www.hurom-europe.com\/es\/producto\/juicing-1x1-recipe-book\/#breadcrumb\"},\"inLanguage\":\"es\",\"potentialAction\":[{\"@type\":\"ReadAction\",\"target\":[\"https:\/\/www.hurom-europe.com\/es\/producto\/juicing-1x1-recipe-book\/\"]}]},{\"@type\":\"ImageObject\",\"inLanguage\":\"es\",\"@id\":\"https:\/\/www.hurom-europe.com\/es\/producto\/juicing-1x1-recipe-book\/#primaryimage\",\"url\":\"https:\/\/www.hurom-europe.com\/wp-content\/uploads\/2022\/11\/1.jpg\",\"contentUrl\":\"https:\/\/www.hurom-europe.com\/wp-content\/uploads\/2022\/11\/1.jpg\",\"width\":2000,\"height\":2000},{\"@type\":\"BreadcrumbList\",\"@id\":\"https:\/\/www.hurom-europe.com\/es\/producto\/juicing-1x1-recipe-book\/#breadcrumb\",\"itemListElement\":[{\"@type\":\"ListItem\",\"position\":1,\"name\":\"Home\",\"item\":\"https:\/\/www.hurom-europe.com\/es\/\"},{\"@type\":\"ListItem\",\"position\":2,\"name\":\"Tienda\",\"item\":\"https:\/\/www.hurom-europe.com\/es\/tienda\/\"},{\"@type\":\"ListItem\",\"position\":3,\"name\":\"Juicing 1&#215;1 Libro de Recetas (EN\/DE &#038; EN\/FR)\"}]},{\"@type\":\"WebSite\",\"@id\":\"https:\/\/www.hurom-europe.com\/fr\/#website\",\"url\":\"https:\/\/www.hurom-europe.com\/fr\/\",\"name\":\"Hurom Europe\",\"description\":\"Healthy Way of Life with Slow Juicers\",\"potentialAction\":[{\"@type\":\"SearchAction\",\"target\":{\"@type\":\"EntryPoint\",\"urlTemplate\":\"https:\/\/www.hurom-europe.com\/fr\/?s={search_term_string}\"},\"query-input\":{\"@type\":\"PropertyValueSpecification\",\"valueRequired\":true,\"valueName\":\"search_term_string\"}}],\"inLanguage\":\"es\"}]}<\/script>\n<!-- \/ Yoast SEO plugin. -->","yoast_head_json":{"title":"Juicing 1x1 Libro de Recetas (EN\/DE & EN\/FR) - Hurom Europe","description":"HUROM X HAPPY VITA Libro de recetas de zumos con 80 recetas","robots":{"index":"index","follow":"follow","max-snippet":"max-snippet:-1","max-image-preview":"max-image-preview:large","max-video-preview":"max-video-preview:-1"},"canonical":"https:\/\/www.hurom-europe.com\/es\/producto\/juicing-1x1-recipe-book\/","og_locale":"es_ES","og_type":"article","og_title":"Juicing 1x1 Libro de Recetas (EN\/DE & EN\/FR) - Hurom Europe","og_description":"HUROM X HAPPY VITA Libro de recetas de zumos con 80 recetas","og_url":"https:\/\/www.hurom-europe.com\/es\/producto\/juicing-1x1-recipe-book\/","og_site_name":"Hurom Europe","article_modified_time":"2026-03-28T18:05:46+00:00","og_image":[{"width":2000,"height":2000,"url":"https:\/\/www.hurom-europe.com\/wp-content\/uploads\/2022\/11\/1.jpg","type":"image\/jpeg"}],"twitter_card":"summary_large_image","twitter_misc":{"Tiempo de lectura":"1 minuto"},"schema":{"@context":"https:\/\/schema.org","@graph":[{"@type":"WebPage","@id":"https:\/\/www.hurom-europe.com\/es\/producto\/juicing-1x1-recipe-book\/","url":"https:\/\/www.hurom-europe.com\/es\/producto\/juicing-1x1-recipe-book\/","name":"Juicing 1x1 Libro de Recetas (EN\/DE & EN\/FR) - Hurom Europe","isPartOf":{"@id":"https:\/\/www.hurom-europe.com\/fr\/#website"},"primaryImageOfPage":{"@id":"https:\/\/www.hurom-europe.com\/es\/producto\/juicing-1x1-recipe-book\/#primaryimage"},"image":{"@id":"https:\/\/www.hurom-europe.com\/es\/producto\/juicing-1x1-recipe-book\/#primaryimage"},"thumbnailUrl":"https:\/\/www.hurom-europe.com\/wp-content\/uploads\/2022\/11\/1.jpg","datePublished":"2022-11-16T13:56:55+00:00","dateModified":"2026-03-28T18:05:46+00:00","description":"HUROM X HAPPY VITA Libro de recetas de zumos con 80 recetas","breadcrumb":{"@id":"https:\/\/www.hurom-europe.com\/es\/producto\/juicing-1x1-recipe-book\/#breadcrumb"},"inLanguage":"es","potentialAction":[{"@type":"ReadAction","target":["https:\/\/www.hurom-europe.com\/es\/producto\/juicing-1x1-recipe-book\/"]}]},{"@type":"ImageObject","inLanguage":"es","@id":"https:\/\/www.hurom-europe.com\/es\/producto\/juicing-1x1-recipe-book\/#primaryimage","url":"https:\/\/www.hurom-europe.com\/wp-content\/uploads\/2022\/11\/1.jpg","contentUrl":"https:\/\/www.hurom-europe.com\/wp-content\/uploads\/2022\/11\/1.jpg","width":2000,"height":2000},{"@type":"BreadcrumbList","@id":"https:\/\/www.hurom-europe.com\/es\/producto\/juicing-1x1-recipe-book\/#breadcrumb","itemListElement":[{"@type":"ListItem","position":1,"name":"Home","item":"https:\/\/www.hurom-europe.com\/es\/"},{"@type":"ListItem","position":2,"name":"Tienda","item":"https:\/\/www.hurom-europe.com\/es\/tienda\/"},{"@type":"ListItem","position":3,"name":"Juicing 1&#215;1 Libro de Recetas (EN\/DE &#038; EN\/FR)"}]},{"@type":"WebSite","@id":"https:\/\/www.hurom-europe.com\/fr\/#website","url":"https:\/\/www.hurom-europe.com\/fr\/","name":"Hurom Europe","description":"Healthy Way of Life with Slow Juicers","potentialAction":[{"@type":"SearchAction","target":{"@type":"EntryPoint","urlTemplate":"https:\/\/www.hurom-europe.com\/fr\/?s={search_term_string}"},"query-input":{"@type":"PropertyValueSpecification","valueRequired":true,"valueName":"search_term_string"}}],"inLanguage":"es"}]}},"_links":{"self":[{"href":"https:\/\/www.hurom-europe.com\/es\/wp-json\/wp\/v2\/product\/190306","targetHints":{"allow":["GET"]}}],"collection":[{"href":"https:\/\/www.hurom-europe.com\/es\/wp-json\/wp\/v2\/product"}],"about":[{"href":"https:\/\/www.hurom-europe.com\/es\/wp-json\/wp\/v2\/types\/product"}],"wp:featuredmedia":[{"embeddable":true,"href":"https:\/\/www.hurom-europe.com\/es\/wp-json\/wp\/v2\/media\/190302"}],"wp:attachment":[{"href":"https:\/\/www.hurom-europe.com\/es\/wp-json\/wp\/v2\/media?parent=190306"}],"wp:term":[{"taxonomy":"product_cat","embeddable":true,"href":"https:\/\/www.hurom-europe.com\/es\/wp-json\/wp\/v2\/product_cat?post=190306"},{"taxonomy":"product_tag","embeddable":true,"href":"https:\/\/www.hurom-europe.com\/es\/wp-json\/wp\/v2\/product_tag?post=190306"}],"curies":[{"name":"wp","href":"https:\/\/api.w.org\/{rel}","templated":true}]}}