{"id":190288,"date":"2022-03-11T14:25:53","date_gmt":"2022-03-11T13:25:53","guid":{"rendered":"https:\/\/www.hurom-europe.com\/product\/hurom-tumbler\/"},"modified":"2026-03-28T18:09:29","modified_gmt":"2026-03-28T17:09:29","slug":"hurom-tumbler","status":"publish","type":"product","link":"https:\/\/www.hurom-europe.com\/es\/producto\/hurom-tumbler\/","title":{"rendered":"Hurom Tumbler"},"content":{"rendered":"<p>PRECAUCIONES<\/p>\n<p>Por favor, aseg\u00farate de leer las siguientes instrucciones y utiliza el producto tal y como se indica.<\/p>\n<p>\u2022 L\u00edmpialo antes de utilizarlo por primera vez.<br \/>\n\u2022 \u00dasalo \u00fanicamente para almacenar bebidas.<br \/>\n\u2022 No sometas el producto a golpes extremos.<br \/>\n\u2022 No lo guardes cerca de armas de fuego.<br \/>\n\u2022 No es apto para microondas ni lavavajillas.<br \/>\n\u2022 La leche, los productos l\u00e1cteos, el zumo, etc. pueden deteriorarse si se almacenan durante mucho tiempo.<br \/>\n\u2022 Mant\u00e9n el producto fuera del alcance de beb\u00e9s y ni\u00f1os.<br \/>\n\u2022 No abras la tapa cuando el recipiente est\u00e9 inclinado.<br \/>\n\u2022 Al hervir el producto, puede deformarse.<br \/>\n\u2022 No limpies el producto con disolvente, lej\u00eda, benceno, etc.<br \/>\n\u2022 Mant\u00e9n el producto en posici\u00f3n vertical cuando haya bebida en su interior.<br \/>\n\u2022 Si superas la capacidad y cierras la tapa, puede desbordarse.<br \/>\n\u2022 Cierra bien la tapa antes de usarlo.<br \/>\n\u2022 No lo utilices para almacenar hielo seco ni bebidas con gas.<\/p>\n","protected":false},"excerpt":{"rendered":"<p>PRECAUCIONES Por favor, aseg\u00farate de leer las siguientes instrucciones y utiliza el producto tal y como se indica. \u2022 L\u00edmpialo antes de utilizarlo por primera vez. \u2022 \u00dasalo \u00fanicamente para almacenar bebidas. \u2022 No sometas el producto a golpes extremos. \u2022 No lo guardes cerca de armas de fuego. \u2022 No es apto para microondas [&hellip;]<\/p>\n","protected":false},"featured_media":190284,"template":"","meta":{"_acf_changed":false,"inline_featured_image":false},"product_cat":[585],"product_tag":[],"class_list":{"0":"post-190288","1":"product","2":"type-product","3":"status-publish","4":"has-post-thumbnail","6":"product_cat-otros-productos","8":"first","9":"instock","10":"taxable","11":"shipping-taxable","12":"purchasable","13":"product-type-simple"},"acf":[],"yoast_head":"<!-- This site is optimized with the Yoast SEO plugin v26.6 - https:\/\/yoast.com\/wordpress\/plugins\/seo\/ -->\n<title>Hurom Tumbler - Hurom Europe<\/title>\n<meta name=\"description\" content=\"Tumbler para Slow Juicers de Hurom. Es un tumbler blanco mate, simple y elegante, f\u00e1cil de llevar a todas partes.\" \/>\n<meta name=\"robots\" content=\"index, follow, max-snippet:-1, max-image-preview:large, max-video-preview:-1\" \/>\n<link rel=\"canonical\" href=\"https:\/\/www.hurom-europe.com\/es\/producto\/hurom-tumbler\/\" \/>\n<meta property=\"og:locale\" content=\"es_ES\" \/>\n<meta property=\"og:type\" content=\"article\" \/>\n<meta property=\"og:title\" content=\"Hurom Tumbler - Hurom Europe\" \/>\n<meta property=\"og:description\" content=\"Tumbler para Slow Juicers de Hurom. Es un tumbler blanco mate, simple y elegante, f\u00e1cil de llevar a todas partes.\" \/>\n<meta property=\"og:url\" content=\"https:\/\/www.hurom-europe.com\/es\/producto\/hurom-tumbler\/\" \/>\n<meta property=\"og:site_name\" content=\"Hurom Europe\" \/>\n<meta property=\"article:modified_time\" content=\"2026-03-28T17:09:29+00:00\" \/>\n<meta property=\"og:image\" content=\"https:\/\/www.hurom-europe.com\/wp-content\/uploads\/1000x1000_3.jpg\" \/>\n\t<meta property=\"og:image:width\" content=\"1000\" \/>\n\t<meta property=\"og:image:height\" content=\"1000\" \/>\n\t<meta property=\"og:image:type\" content=\"image\/jpeg\" \/>\n<meta name=\"twitter:card\" content=\"summary_large_image\" \/>\n<meta name=\"twitter:label1\" content=\"Tiempo de lectura\" \/>\n\t<meta name=\"twitter:data1\" content=\"1 minuto\" \/>\n<script type=\"application\/ld+json\" class=\"yoast-schema-graph\">{\"@context\":\"https:\/\/schema.org\",\"@graph\":[{\"@type\":\"WebPage\",\"@id\":\"https:\/\/www.hurom-europe.com\/es\/producto\/hurom-tumbler\/\",\"url\":\"https:\/\/www.hurom-europe.com\/es\/producto\/hurom-tumbler\/\",\"name\":\"Hurom Tumbler - Hurom Europe\",\"isPartOf\":{\"@id\":\"https:\/\/www.hurom-europe.com\/fr\/#website\"},\"primaryImageOfPage\":{\"@id\":\"https:\/\/www.hurom-europe.com\/es\/producto\/hurom-tumbler\/#primaryimage\"},\"image\":{\"@id\":\"https:\/\/www.hurom-europe.com\/es\/producto\/hurom-tumbler\/#primaryimage\"},\"thumbnailUrl\":\"https:\/\/www.hurom-europe.com\/wp-content\/uploads\/1000x1000_3.jpg\",\"datePublished\":\"2022-03-11T13:25:53+00:00\",\"dateModified\":\"2026-03-28T17:09:29+00:00\",\"description\":\"Tumbler para Slow Juicers de Hurom. Es un tumbler blanco mate, simple y elegante, f\u00e1cil de llevar a todas partes.\",\"breadcrumb\":{\"@id\":\"https:\/\/www.hurom-europe.com\/es\/producto\/hurom-tumbler\/#breadcrumb\"},\"inLanguage\":\"es\",\"potentialAction\":[{\"@type\":\"ReadAction\",\"target\":[\"https:\/\/www.hurom-europe.com\/es\/producto\/hurom-tumbler\/\"]}]},{\"@type\":\"ImageObject\",\"inLanguage\":\"es\",\"@id\":\"https:\/\/www.hurom-europe.com\/es\/producto\/hurom-tumbler\/#primaryimage\",\"url\":\"https:\/\/www.hurom-europe.com\/wp-content\/uploads\/1000x1000_3.jpg\",\"contentUrl\":\"https:\/\/www.hurom-europe.com\/wp-content\/uploads\/1000x1000_3.jpg\",\"width\":1000,\"height\":1000},{\"@type\":\"BreadcrumbList\",\"@id\":\"https:\/\/www.hurom-europe.com\/es\/producto\/hurom-tumbler\/#breadcrumb\",\"itemListElement\":[{\"@type\":\"ListItem\",\"position\":1,\"name\":\"Home\",\"item\":\"https:\/\/www.hurom-europe.com\/es\/\"},{\"@type\":\"ListItem\",\"position\":2,\"name\":\"Tienda\",\"item\":\"https:\/\/www.hurom-europe.com\/es\/tienda\/\"},{\"@type\":\"ListItem\",\"position\":3,\"name\":\"Hurom Tumbler\"}]},{\"@type\":\"WebSite\",\"@id\":\"https:\/\/www.hurom-europe.com\/fr\/#website\",\"url\":\"https:\/\/www.hurom-europe.com\/fr\/\",\"name\":\"Hurom Europe\",\"description\":\"Healthy Way of Life with Slow Juicers\",\"potentialAction\":[{\"@type\":\"SearchAction\",\"target\":{\"@type\":\"EntryPoint\",\"urlTemplate\":\"https:\/\/www.hurom-europe.com\/fr\/?s={search_term_string}\"},\"query-input\":{\"@type\":\"PropertyValueSpecification\",\"valueRequired\":true,\"valueName\":\"search_term_string\"}}],\"inLanguage\":\"es\"}]}<\/script>\n<!-- \/ Yoast SEO plugin. -->","yoast_head_json":{"title":"Hurom Tumbler - Hurom Europe","description":"Tumbler para Slow Juicers de Hurom. Es un tumbler blanco mate, simple y elegante, f\u00e1cil de llevar a todas partes.","robots":{"index":"index","follow":"follow","max-snippet":"max-snippet:-1","max-image-preview":"max-image-preview:large","max-video-preview":"max-video-preview:-1"},"canonical":"https:\/\/www.hurom-europe.com\/es\/producto\/hurom-tumbler\/","og_locale":"es_ES","og_type":"article","og_title":"Hurom Tumbler - Hurom Europe","og_description":"Tumbler para Slow Juicers de Hurom. Es un tumbler blanco mate, simple y elegante, f\u00e1cil de llevar a todas partes.","og_url":"https:\/\/www.hurom-europe.com\/es\/producto\/hurom-tumbler\/","og_site_name":"Hurom Europe","article_modified_time":"2026-03-28T17:09:29+00:00","og_image":[{"width":1000,"height":1000,"url":"https:\/\/www.hurom-europe.com\/wp-content\/uploads\/1000x1000_3.jpg","type":"image\/jpeg"}],"twitter_card":"summary_large_image","twitter_misc":{"Tiempo de lectura":"1 minuto"},"schema":{"@context":"https:\/\/schema.org","@graph":[{"@type":"WebPage","@id":"https:\/\/www.hurom-europe.com\/es\/producto\/hurom-tumbler\/","url":"https:\/\/www.hurom-europe.com\/es\/producto\/hurom-tumbler\/","name":"Hurom Tumbler - Hurom Europe","isPartOf":{"@id":"https:\/\/www.hurom-europe.com\/fr\/#website"},"primaryImageOfPage":{"@id":"https:\/\/www.hurom-europe.com\/es\/producto\/hurom-tumbler\/#primaryimage"},"image":{"@id":"https:\/\/www.hurom-europe.com\/es\/producto\/hurom-tumbler\/#primaryimage"},"thumbnailUrl":"https:\/\/www.hurom-europe.com\/wp-content\/uploads\/1000x1000_3.jpg","datePublished":"2022-03-11T13:25:53+00:00","dateModified":"2026-03-28T17:09:29+00:00","description":"Tumbler para Slow Juicers de Hurom. Es un tumbler blanco mate, simple y elegante, f\u00e1cil de llevar a todas partes.","breadcrumb":{"@id":"https:\/\/www.hurom-europe.com\/es\/producto\/hurom-tumbler\/#breadcrumb"},"inLanguage":"es","potentialAction":[{"@type":"ReadAction","target":["https:\/\/www.hurom-europe.com\/es\/producto\/hurom-tumbler\/"]}]},{"@type":"ImageObject","inLanguage":"es","@id":"https:\/\/www.hurom-europe.com\/es\/producto\/hurom-tumbler\/#primaryimage","url":"https:\/\/www.hurom-europe.com\/wp-content\/uploads\/1000x1000_3.jpg","contentUrl":"https:\/\/www.hurom-europe.com\/wp-content\/uploads\/1000x1000_3.jpg","width":1000,"height":1000},{"@type":"BreadcrumbList","@id":"https:\/\/www.hurom-europe.com\/es\/producto\/hurom-tumbler\/#breadcrumb","itemListElement":[{"@type":"ListItem","position":1,"name":"Home","item":"https:\/\/www.hurom-europe.com\/es\/"},{"@type":"ListItem","position":2,"name":"Tienda","item":"https:\/\/www.hurom-europe.com\/es\/tienda\/"},{"@type":"ListItem","position":3,"name":"Hurom Tumbler"}]},{"@type":"WebSite","@id":"https:\/\/www.hurom-europe.com\/fr\/#website","url":"https:\/\/www.hurom-europe.com\/fr\/","name":"Hurom Europe","description":"Healthy Way of Life with Slow Juicers","potentialAction":[{"@type":"SearchAction","target":{"@type":"EntryPoint","urlTemplate":"https:\/\/www.hurom-europe.com\/fr\/?s={search_term_string}"},"query-input":{"@type":"PropertyValueSpecification","valueRequired":true,"valueName":"search_term_string"}}],"inLanguage":"es"}]}},"_links":{"self":[{"href":"https:\/\/www.hurom-europe.com\/es\/wp-json\/wp\/v2\/product\/190288","targetHints":{"allow":["GET"]}}],"collection":[{"href":"https:\/\/www.hurom-europe.com\/es\/wp-json\/wp\/v2\/product"}],"about":[{"href":"https:\/\/www.hurom-europe.com\/es\/wp-json\/wp\/v2\/types\/product"}],"wp:featuredmedia":[{"embeddable":true,"href":"https:\/\/www.hurom-europe.com\/es\/wp-json\/wp\/v2\/media\/190284"}],"wp:attachment":[{"href":"https:\/\/www.hurom-europe.com\/es\/wp-json\/wp\/v2\/media?parent=190288"}],"wp:term":[{"taxonomy":"product_cat","embeddable":true,"href":"https:\/\/www.hurom-europe.com\/es\/wp-json\/wp\/v2\/product_cat?post=190288"},{"taxonomy":"product_tag","embeddable":true,"href":"https:\/\/www.hurom-europe.com\/es\/wp-json\/wp\/v2\/product_tag?post=190288"}],"curies":[{"name":"wp","href":"https:\/\/api.w.org\/{rel}","templated":true}]}}