{"id":189914,"date":"2022-03-23T09:16:02","date_gmt":"2022-03-23T08:16:02","guid":{"rendered":"https:\/\/www.hurom-europe.com\/product\/h310a-series\/"},"modified":"2026-05-02T13:17:08","modified_gmt":"2026-05-02T11:17:08","slug":"serie-h310a","status":"publish","type":"product","link":"https:\/\/www.hurom-europe.com\/es\/producto\/serie-h310a\/","title":{"rendered":"Serie H310A"},"content":{"rendered":"<ul>\n<li>Armonioso en cualquier lugar:<br \/>\nUna forma armoniosa que se adapta a distintos espacios independientemente de su estructura y color. Textura sensorial y un dial de potencia simple pero intuitivo.<\/li>\n<li>Tecnolog\u00eda avanzada:<br \/>\nEl nuevo Multi-Auger combina en una sola pieza la funci\u00f3n de tornillo de prensado y las funciones de m\u00faltiples filtros.<\/li>\n<li>Procesador de zumos inteligente:<br \/>\nIncluso si se introducen ingredientes con una preparaci\u00f3n m\u00ednima, los pica autom\u00e1ticamente y extrae el zumo.<\/li>\n<li>Limpieza a\u00fan m\u00e1s sencilla:<br \/>\nSolo tres piezas que lavar. F\u00e1cil de montar y desmontar.<\/li>\n<li>Seguridad:<br \/>\nComo en cualquier otro Slow Juicers de Hurom, el H310A Slow Juicer est\u00e1 fabricado con materiales libres de BPA.<\/li>\n<li>En funci\u00f3n del modelo y de la fecha de producci\u00f3n, el dise\u00f1o y los componentes pueden variar ligeramente y diferir de la fotograf\u00eda.<\/li>\n<\/ul>\n","protected":false},"excerpt":{"rendered":"<p>Armonioso en cualquier lugar: Una forma armoniosa que se adapta a distintos espacios independientemente de su estructura y color. Textura sensorial y un dial de potencia simple pero intuitivo. Tecnolog\u00eda avanzada: El nuevo Multi-Auger combina en una sola pieza la funci\u00f3n de tornillo de prensado y las funciones de m\u00faltiples filtros. Procesador de zumos inteligente: [&hellip;]<\/p>\n","protected":false},"featured_media":259657,"template":"","meta":{"_acf_changed":false,"inline_featured_image":false},"product_cat":[567],"product_tag":[],"class_list":{"0":"post-189914","1":"product","2":"type-product","3":"status-publish","4":"has-post-thumbnail","6":"product_cat-easy-press-line","8":"first","9":"instock","10":"sale","11":"taxable","12":"shipping-taxable","13":"purchasable","14":"product-type-variable","15":"has-default-attributes"},"acf":[],"yoast_head":"<!-- This site is optimized with the Yoast SEO plugin v26.6 - https:\/\/yoast.com\/wordpress\/plugins\/seo\/ -->\n<title>Serie H310A - Hurom Europe<\/title>\n<meta name=\"description\" content=\"El Slow Juicer H310A de Hurom est\u00e1 pensado para mucho m\u00e1s que simplemente exprimir. M\u00e1s delgado y ligero, pero con todas las prestaciones. Disfruta de tu zumo.\" \/>\n<meta name=\"robots\" content=\"index, follow, max-snippet:-1, max-image-preview:large, max-video-preview:-1\" \/>\n<link rel=\"canonical\" href=\"https:\/\/www.hurom-europe.com\/es\/producto\/serie-h310a\/\" \/>\n<meta property=\"og:locale\" content=\"es_ES\" \/>\n<meta property=\"og:type\" content=\"article\" \/>\n<meta property=\"og:title\" content=\"Serie H310A - Hurom Europe\" \/>\n<meta property=\"og:description\" content=\"El Slow Juicer H310A de Hurom est\u00e1 pensado para mucho m\u00e1s que simplemente exprimir. M\u00e1s delgado y ligero, pero con todas las prestaciones. Disfruta de tu zumo.\" \/>\n<meta property=\"og:url\" content=\"https:\/\/www.hurom-europe.com\/es\/producto\/serie-h310a\/\" \/>\n<meta property=\"og:site_name\" content=\"Hurom Europe\" \/>\n<meta property=\"article:modified_time\" content=\"2026-05-02T11:17:08+00:00\" \/>\n<meta property=\"og:image\" content=\"https:\/\/www.hurom-europe.com\/wp-content\/uploads\/2026\/02\/H310A_sale_White01.jpg\" \/>\n\t<meta property=\"og:image:width\" content=\"1200\" \/>\n\t<meta property=\"og:image:height\" content=\"1200\" \/>\n\t<meta property=\"og:image:type\" content=\"image\/jpeg\" \/>\n<meta name=\"twitter:card\" content=\"summary_large_image\" \/>\n<meta name=\"twitter:label1\" content=\"Tiempo de lectura\" \/>\n\t<meta name=\"twitter:data1\" content=\"1 minuto\" \/>\n<script type=\"application\/ld+json\" class=\"yoast-schema-graph\">{\"@context\":\"https:\/\/schema.org\",\"@graph\":[{\"@type\":\"WebPage\",\"@id\":\"https:\/\/www.hurom-europe.com\/es\/producto\/serie-h310a\/\",\"url\":\"https:\/\/www.hurom-europe.com\/es\/producto\/serie-h310a\/\",\"name\":\"Serie H310A - Hurom Europe\",\"isPartOf\":{\"@id\":\"https:\/\/www.hurom-europe.com\/fr\/#website\"},\"primaryImageOfPage\":{\"@id\":\"https:\/\/www.hurom-europe.com\/es\/producto\/serie-h310a\/#primaryimage\"},\"image\":{\"@id\":\"https:\/\/www.hurom-europe.com\/es\/producto\/serie-h310a\/#primaryimage\"},\"thumbnailUrl\":\"https:\/\/www.hurom-europe.com\/wp-content\/uploads\/2022\/03\/H310A_Thumbnail_White1.jpg\",\"datePublished\":\"2022-03-23T08:16:02+00:00\",\"dateModified\":\"2026-05-02T11:17:08+00:00\",\"description\":\"El Slow Juicer H310A de Hurom est\u00e1 pensado para mucho m\u00e1s que simplemente exprimir. M\u00e1s delgado y ligero, pero con todas las prestaciones. Disfruta de tu zumo.\",\"breadcrumb\":{\"@id\":\"https:\/\/www.hurom-europe.com\/es\/producto\/serie-h310a\/#breadcrumb\"},\"inLanguage\":\"es\",\"potentialAction\":[{\"@type\":\"ReadAction\",\"target\":[\"https:\/\/www.hurom-europe.com\/es\/producto\/serie-h310a\/\"]}]},{\"@type\":\"ImageObject\",\"inLanguage\":\"es\",\"@id\":\"https:\/\/www.hurom-europe.com\/es\/producto\/serie-h310a\/#primaryimage\",\"url\":\"https:\/\/www.hurom-europe.com\/wp-content\/uploads\/2022\/03\/H310A_Thumbnail_White1.jpg\",\"contentUrl\":\"https:\/\/www.hurom-europe.com\/wp-content\/uploads\/2022\/03\/H310A_Thumbnail_White1.jpg\",\"width\":1200,\"height\":1200},{\"@type\":\"BreadcrumbList\",\"@id\":\"https:\/\/www.hurom-europe.com\/es\/producto\/serie-h310a\/#breadcrumb\",\"itemListElement\":[{\"@type\":\"ListItem\",\"position\":1,\"name\":\"Home\",\"item\":\"https:\/\/www.hurom-europe.com\/es\/\"},{\"@type\":\"ListItem\",\"position\":2,\"name\":\"Tienda\",\"item\":\"https:\/\/www.hurom-europe.com\/es\/tienda\/\"},{\"@type\":\"ListItem\",\"position\":3,\"name\":\"Serie H310A\"}]},{\"@type\":\"WebSite\",\"@id\":\"https:\/\/www.hurom-europe.com\/fr\/#website\",\"url\":\"https:\/\/www.hurom-europe.com\/fr\/\",\"name\":\"Hurom Europe\",\"description\":\"Healthy Way of Life with Slow Juicers\",\"potentialAction\":[{\"@type\":\"SearchAction\",\"target\":{\"@type\":\"EntryPoint\",\"urlTemplate\":\"https:\/\/www.hurom-europe.com\/fr\/?s={search_term_string}\"},\"query-input\":{\"@type\":\"PropertyValueSpecification\",\"valueRequired\":true,\"valueName\":\"search_term_string\"}}],\"inLanguage\":\"es\"}]}<\/script>\n<!-- \/ Yoast SEO plugin. -->","yoast_head_json":{"title":"Serie H310A - Hurom Europe","description":"El Slow Juicer H310A de Hurom est\u00e1 pensado para mucho m\u00e1s que simplemente exprimir. M\u00e1s delgado y ligero, pero con todas las prestaciones. Disfruta de tu zumo.","robots":{"index":"index","follow":"follow","max-snippet":"max-snippet:-1","max-image-preview":"max-image-preview:large","max-video-preview":"max-video-preview:-1"},"canonical":"https:\/\/www.hurom-europe.com\/es\/producto\/serie-h310a\/","og_locale":"es_ES","og_type":"article","og_title":"Serie H310A - Hurom Europe","og_description":"El Slow Juicer H310A de Hurom est\u00e1 pensado para mucho m\u00e1s que simplemente exprimir. M\u00e1s delgado y ligero, pero con todas las prestaciones. Disfruta de tu zumo.","og_url":"https:\/\/www.hurom-europe.com\/es\/producto\/serie-h310a\/","og_site_name":"Hurom Europe","article_modified_time":"2026-05-02T11:17:08+00:00","og_image":[{"width":1200,"height":1200,"url":"https:\/\/www.hurom-europe.com\/wp-content\/uploads\/2026\/02\/H310A_sale_White01.jpg","type":"image\/jpeg"}],"twitter_card":"summary_large_image","twitter_misc":{"Tiempo de lectura":"1 minuto"},"schema":{"@context":"https:\/\/schema.org","@graph":[{"@type":"WebPage","@id":"https:\/\/www.hurom-europe.com\/es\/producto\/serie-h310a\/","url":"https:\/\/www.hurom-europe.com\/es\/producto\/serie-h310a\/","name":"Serie H310A - Hurom Europe","isPartOf":{"@id":"https:\/\/www.hurom-europe.com\/fr\/#website"},"primaryImageOfPage":{"@id":"https:\/\/www.hurom-europe.com\/es\/producto\/serie-h310a\/#primaryimage"},"image":{"@id":"https:\/\/www.hurom-europe.com\/es\/producto\/serie-h310a\/#primaryimage"},"thumbnailUrl":"https:\/\/www.hurom-europe.com\/wp-content\/uploads\/2022\/03\/H310A_Thumbnail_White1.jpg","datePublished":"2022-03-23T08:16:02+00:00","dateModified":"2026-05-02T11:17:08+00:00","description":"El Slow Juicer H310A de Hurom est\u00e1 pensado para mucho m\u00e1s que simplemente exprimir. M\u00e1s delgado y ligero, pero con todas las prestaciones. Disfruta de tu zumo.","breadcrumb":{"@id":"https:\/\/www.hurom-europe.com\/es\/producto\/serie-h310a\/#breadcrumb"},"inLanguage":"es","potentialAction":[{"@type":"ReadAction","target":["https:\/\/www.hurom-europe.com\/es\/producto\/serie-h310a\/"]}]},{"@type":"ImageObject","inLanguage":"es","@id":"https:\/\/www.hurom-europe.com\/es\/producto\/serie-h310a\/#primaryimage","url":"https:\/\/www.hurom-europe.com\/wp-content\/uploads\/2022\/03\/H310A_Thumbnail_White1.jpg","contentUrl":"https:\/\/www.hurom-europe.com\/wp-content\/uploads\/2022\/03\/H310A_Thumbnail_White1.jpg","width":1200,"height":1200},{"@type":"BreadcrumbList","@id":"https:\/\/www.hurom-europe.com\/es\/producto\/serie-h310a\/#breadcrumb","itemListElement":[{"@type":"ListItem","position":1,"name":"Home","item":"https:\/\/www.hurom-europe.com\/es\/"},{"@type":"ListItem","position":2,"name":"Tienda","item":"https:\/\/www.hurom-europe.com\/es\/tienda\/"},{"@type":"ListItem","position":3,"name":"Serie H310A"}]},{"@type":"WebSite","@id":"https:\/\/www.hurom-europe.com\/fr\/#website","url":"https:\/\/www.hurom-europe.com\/fr\/","name":"Hurom Europe","description":"Healthy Way of Life with Slow Juicers","potentialAction":[{"@type":"SearchAction","target":{"@type":"EntryPoint","urlTemplate":"https:\/\/www.hurom-europe.com\/fr\/?s={search_term_string}"},"query-input":{"@type":"PropertyValueSpecification","valueRequired":true,"valueName":"search_term_string"}}],"inLanguage":"es"}]}},"_links":{"self":[{"href":"https:\/\/www.hurom-europe.com\/es\/wp-json\/wp\/v2\/product\/189914","targetHints":{"allow":["GET"]}}],"collection":[{"href":"https:\/\/www.hurom-europe.com\/es\/wp-json\/wp\/v2\/product"}],"about":[{"href":"https:\/\/www.hurom-europe.com\/es\/wp-json\/wp\/v2\/types\/product"}],"wp:featuredmedia":[{"embeddable":true,"href":"https:\/\/www.hurom-europe.com\/es\/wp-json\/wp\/v2\/media\/259657"}],"wp:attachment":[{"href":"https:\/\/www.hurom-europe.com\/es\/wp-json\/wp\/v2\/media?parent=189914"}],"wp:term":[{"taxonomy":"product_cat","embeddable":true,"href":"https:\/\/www.hurom-europe.com\/es\/wp-json\/wp\/v2\/product_cat?post=189914"},{"taxonomy":"product_tag","embeddable":true,"href":"https:\/\/www.hurom-europe.com\/es\/wp-json\/wp\/v2\/product_tag?post=189914"}],"curies":[{"name":"wp","href":"https:\/\/api.w.org\/{rel}","templated":true}]}}