{"id":189549,"date":"2025-02-25T15:53:06","date_gmt":"2025-02-25T14:53:06","guid":{"rendered":"https:\/\/www.hurom-europe.com\/product\/new-h70-ft\/"},"modified":"2026-05-03T01:54:19","modified_gmt":"2026-05-02T23:54:19","slug":"nuevo-h70-ft","status":"publish","type":"product","link":"https:\/\/www.hurom-europe.com\/es\/producto\/nuevo-h70-ft\/","title":{"rendered":"H70-FT"},"content":{"rendered":"<ul>\n<li>Sabor de la naturaleza en su totalidad:<br \/>\nDisfruta de un zumo que conserva los nutrientes naturales gracias a un exprimido a baja temperatura y baja velocidad.<\/li>\n<li>F\u00e1cil de usar y de limpiar:<br \/>\nMontaje y desmontaje r\u00e1pidos, con una limpieza simplificada.<\/li>\n<li>Smart Hopper generoso:<br \/>\nPermite cargar verduras y frutas con semillas y pieles de una vez, sin necesidad de cortarlas.<\/li>\n<li>Se integra perfectamente en cualquier cocina:<br \/>\nM\u00e1s elegancia y brillo con el corte tipo cristal.<\/li>\n<li>Seguridad:<br \/>\nComo en cualquier otro Slow Juicers de Hurom, el H70-FT est\u00e1 fabricado con materiales libres de BPA.<\/li>\n<li>En funci\u00f3n del modelo y de la fecha de producci\u00f3n, el dise\u00f1o y los componentes pueden variar ligeramente y diferir de la fotograf\u00eda.<\/li>\n<\/ul>\n","protected":false},"excerpt":{"rendered":"<p>Sabor de la naturaleza en su totalidad: Disfruta de un zumo que conserva los nutrientes naturales gracias a un exprimido a baja temperatura y baja velocidad. F\u00e1cil de usar y de limpiar: Montaje y desmontaje r\u00e1pidos, con una limpieza simplificada. Smart Hopper generoso: Permite cargar verduras y frutas con semillas y pieles de una vez, [&hellip;]<\/p>\n","protected":false},"featured_media":259497,"template":"","meta":{"_acf_changed":false,"inline_featured_image":false},"product_cat":[567],"product_tag":[],"class_list":{"0":"post-189549","1":"product","2":"type-product","3":"status-publish","4":"has-post-thumbnail","6":"product_cat-easy-press-line","8":"first","9":"outofstock","10":"sale","11":"taxable","12":"shipping-taxable","13":"product-type-variable","14":"has-default-attributes"},"acf":[],"yoast_head":"<!-- This site is optimized with the Yoast SEO plugin v26.6 - https:\/\/yoast.com\/wordpress\/plugins\/seo\/ -->\n<title>H70-FT - Hurom Europe<\/title>\n<meta name=\"description\" content=\"El H70-FT cuenta con un Multi-Auger que extrae el zumo de forma eficiente, haciendo que su uso y limpieza sean m\u00e1s f\u00e1ciles y c\u00f3modos.\" \/>\n<meta name=\"robots\" content=\"index, follow, max-snippet:-1, max-image-preview:large, max-video-preview:-1\" \/>\n<link rel=\"canonical\" href=\"https:\/\/www.hurom-europe.com\/es\/producto\/nuevo-h70-ft\/\" \/>\n<meta property=\"og:locale\" content=\"es_ES\" \/>\n<meta property=\"og:type\" content=\"article\" \/>\n<meta property=\"og:title\" content=\"H70-FT - Hurom Europe\" \/>\n<meta property=\"og:description\" content=\"El H70-FT cuenta con un Multi-Auger que extrae el zumo de forma eficiente, haciendo que su uso y limpieza sean m\u00e1s f\u00e1ciles y c\u00f3modos.\" \/>\n<meta property=\"og:url\" content=\"https:\/\/www.hurom-europe.com\/es\/producto\/nuevo-h70-ft\/\" \/>\n<meta property=\"og:site_name\" content=\"Hurom Europe\" \/>\n<meta property=\"article:modified_time\" content=\"2026-05-02T23:54:19+00:00\" \/>\n<meta property=\"og:image\" content=\"https:\/\/www.hurom-europe.com\/wp-content\/uploads\/2026\/02\/H70-FT_sale_Matt-Black01.jpg\" \/>\n\t<meta property=\"og:image:width\" content=\"1200\" \/>\n\t<meta property=\"og:image:height\" content=\"1200\" \/>\n\t<meta property=\"og:image:type\" content=\"image\/jpeg\" \/>\n<meta name=\"twitter:card\" content=\"summary_large_image\" \/>\n<meta name=\"twitter:label1\" content=\"Tiempo de lectura\" \/>\n\t<meta name=\"twitter:data1\" content=\"1 minuto\" \/>\n<script type=\"application\/ld+json\" class=\"yoast-schema-graph\">{\"@context\":\"https:\/\/schema.org\",\"@graph\":[{\"@type\":\"WebPage\",\"@id\":\"https:\/\/www.hurom-europe.com\/es\/producto\/nuevo-h70-ft\/\",\"url\":\"https:\/\/www.hurom-europe.com\/es\/producto\/nuevo-h70-ft\/\",\"name\":\"H70-FT - Hurom Europe\",\"isPartOf\":{\"@id\":\"https:\/\/www.hurom-europe.com\/fr\/#website\"},\"primaryImageOfPage\":{\"@id\":\"https:\/\/www.hurom-europe.com\/es\/producto\/nuevo-h70-ft\/#primaryimage\"},\"image\":{\"@id\":\"https:\/\/www.hurom-europe.com\/es\/producto\/nuevo-h70-ft\/#primaryimage\"},\"thumbnailUrl\":\"https:\/\/www.hurom-europe.com\/wp-content\/uploads\/2025\/02\/H70-FT_Thumbnail_Mattblack1.jpg\",\"datePublished\":\"2025-02-25T14:53:06+00:00\",\"dateModified\":\"2026-05-02T23:54:19+00:00\",\"description\":\"El H70-FT cuenta con un Multi-Auger que extrae el zumo de forma eficiente, haciendo que su uso y limpieza sean m\u00e1s f\u00e1ciles y c\u00f3modos.\",\"breadcrumb\":{\"@id\":\"https:\/\/www.hurom-europe.com\/es\/producto\/nuevo-h70-ft\/#breadcrumb\"},\"inLanguage\":\"es\",\"potentialAction\":[{\"@type\":\"ReadAction\",\"target\":[\"https:\/\/www.hurom-europe.com\/es\/producto\/nuevo-h70-ft\/\"]}]},{\"@type\":\"ImageObject\",\"inLanguage\":\"es\",\"@id\":\"https:\/\/www.hurom-europe.com\/es\/producto\/nuevo-h70-ft\/#primaryimage\",\"url\":\"https:\/\/www.hurom-europe.com\/wp-content\/uploads\/2025\/02\/H70-FT_Thumbnail_Mattblack1.jpg\",\"contentUrl\":\"https:\/\/www.hurom-europe.com\/wp-content\/uploads\/2025\/02\/H70-FT_Thumbnail_Mattblack1.jpg\",\"width\":1200,\"height\":1200},{\"@type\":\"BreadcrumbList\",\"@id\":\"https:\/\/www.hurom-europe.com\/es\/producto\/nuevo-h70-ft\/#breadcrumb\",\"itemListElement\":[{\"@type\":\"ListItem\",\"position\":1,\"name\":\"Home\",\"item\":\"https:\/\/www.hurom-europe.com\/es\/\"},{\"@type\":\"ListItem\",\"position\":2,\"name\":\"Tienda\",\"item\":\"https:\/\/www.hurom-europe.com\/es\/tienda\/\"},{\"@type\":\"ListItem\",\"position\":3,\"name\":\"H70-FT\"}]},{\"@type\":\"WebSite\",\"@id\":\"https:\/\/www.hurom-europe.com\/fr\/#website\",\"url\":\"https:\/\/www.hurom-europe.com\/fr\/\",\"name\":\"Hurom Europe\",\"description\":\"Healthy Way of Life with Slow Juicers\",\"potentialAction\":[{\"@type\":\"SearchAction\",\"target\":{\"@type\":\"EntryPoint\",\"urlTemplate\":\"https:\/\/www.hurom-europe.com\/fr\/?s={search_term_string}\"},\"query-input\":{\"@type\":\"PropertyValueSpecification\",\"valueRequired\":true,\"valueName\":\"search_term_string\"}}],\"inLanguage\":\"es\"}]}<\/script>\n<!-- \/ Yoast SEO plugin. -->","yoast_head_json":{"title":"H70-FT - Hurom Europe","description":"El H70-FT cuenta con un Multi-Auger que extrae el zumo de forma eficiente, haciendo que su uso y limpieza sean m\u00e1s f\u00e1ciles y c\u00f3modos.","robots":{"index":"index","follow":"follow","max-snippet":"max-snippet:-1","max-image-preview":"max-image-preview:large","max-video-preview":"max-video-preview:-1"},"canonical":"https:\/\/www.hurom-europe.com\/es\/producto\/nuevo-h70-ft\/","og_locale":"es_ES","og_type":"article","og_title":"H70-FT - Hurom Europe","og_description":"El H70-FT cuenta con un Multi-Auger que extrae el zumo de forma eficiente, haciendo que su uso y limpieza sean m\u00e1s f\u00e1ciles y c\u00f3modos.","og_url":"https:\/\/www.hurom-europe.com\/es\/producto\/nuevo-h70-ft\/","og_site_name":"Hurom Europe","article_modified_time":"2026-05-02T23:54:19+00:00","og_image":[{"width":1200,"height":1200,"url":"https:\/\/www.hurom-europe.com\/wp-content\/uploads\/2026\/02\/H70-FT_sale_Matt-Black01.jpg","type":"image\/jpeg"}],"twitter_card":"summary_large_image","twitter_misc":{"Tiempo de lectura":"1 minuto"},"schema":{"@context":"https:\/\/schema.org","@graph":[{"@type":"WebPage","@id":"https:\/\/www.hurom-europe.com\/es\/producto\/nuevo-h70-ft\/","url":"https:\/\/www.hurom-europe.com\/es\/producto\/nuevo-h70-ft\/","name":"H70-FT - Hurom Europe","isPartOf":{"@id":"https:\/\/www.hurom-europe.com\/fr\/#website"},"primaryImageOfPage":{"@id":"https:\/\/www.hurom-europe.com\/es\/producto\/nuevo-h70-ft\/#primaryimage"},"image":{"@id":"https:\/\/www.hurom-europe.com\/es\/producto\/nuevo-h70-ft\/#primaryimage"},"thumbnailUrl":"https:\/\/www.hurom-europe.com\/wp-content\/uploads\/2025\/02\/H70-FT_Thumbnail_Mattblack1.jpg","datePublished":"2025-02-25T14:53:06+00:00","dateModified":"2026-05-02T23:54:19+00:00","description":"El H70-FT cuenta con un Multi-Auger que extrae el zumo de forma eficiente, haciendo que su uso y limpieza sean m\u00e1s f\u00e1ciles y c\u00f3modos.","breadcrumb":{"@id":"https:\/\/www.hurom-europe.com\/es\/producto\/nuevo-h70-ft\/#breadcrumb"},"inLanguage":"es","potentialAction":[{"@type":"ReadAction","target":["https:\/\/www.hurom-europe.com\/es\/producto\/nuevo-h70-ft\/"]}]},{"@type":"ImageObject","inLanguage":"es","@id":"https:\/\/www.hurom-europe.com\/es\/producto\/nuevo-h70-ft\/#primaryimage","url":"https:\/\/www.hurom-europe.com\/wp-content\/uploads\/2025\/02\/H70-FT_Thumbnail_Mattblack1.jpg","contentUrl":"https:\/\/www.hurom-europe.com\/wp-content\/uploads\/2025\/02\/H70-FT_Thumbnail_Mattblack1.jpg","width":1200,"height":1200},{"@type":"BreadcrumbList","@id":"https:\/\/www.hurom-europe.com\/es\/producto\/nuevo-h70-ft\/#breadcrumb","itemListElement":[{"@type":"ListItem","position":1,"name":"Home","item":"https:\/\/www.hurom-europe.com\/es\/"},{"@type":"ListItem","position":2,"name":"Tienda","item":"https:\/\/www.hurom-europe.com\/es\/tienda\/"},{"@type":"ListItem","position":3,"name":"H70-FT"}]},{"@type":"WebSite","@id":"https:\/\/www.hurom-europe.com\/fr\/#website","url":"https:\/\/www.hurom-europe.com\/fr\/","name":"Hurom Europe","description":"Healthy Way of Life with Slow Juicers","potentialAction":[{"@type":"SearchAction","target":{"@type":"EntryPoint","urlTemplate":"https:\/\/www.hurom-europe.com\/fr\/?s={search_term_string}"},"query-input":{"@type":"PropertyValueSpecification","valueRequired":true,"valueName":"search_term_string"}}],"inLanguage":"es"}]}},"_links":{"self":[{"href":"https:\/\/www.hurom-europe.com\/es\/wp-json\/wp\/v2\/product\/189549","targetHints":{"allow":["GET"]}}],"collection":[{"href":"https:\/\/www.hurom-europe.com\/es\/wp-json\/wp\/v2\/product"}],"about":[{"href":"https:\/\/www.hurom-europe.com\/es\/wp-json\/wp\/v2\/types\/product"}],"wp:featuredmedia":[{"embeddable":true,"href":"https:\/\/www.hurom-europe.com\/es\/wp-json\/wp\/v2\/media\/259497"}],"wp:attachment":[{"href":"https:\/\/www.hurom-europe.com\/es\/wp-json\/wp\/v2\/media?parent=189549"}],"wp:term":[{"taxonomy":"product_cat","embeddable":true,"href":"https:\/\/www.hurom-europe.com\/es\/wp-json\/wp\/v2\/product_cat?post=189549"},{"taxonomy":"product_tag","embeddable":true,"href":"https:\/\/www.hurom-europe.com\/es\/wp-json\/wp\/v2\/product_tag?post=189549"}],"curies":[{"name":"wp","href":"https:\/\/api.w.org\/{rel}","templated":true}]}}