{"id":189501,"date":"2024-04-30T14:40:54","date_gmt":"2024-04-30T12:40:54","guid":{"rendered":"https:\/\/www.hurom-europe.com\/product\/special-edition-h330p-series\/"},"modified":"2026-05-03T01:54:22","modified_gmt":"2026-05-02T23:54:22","slug":"edicion-especial-serie-h330p","status":"publish","type":"product","link":"https:\/\/www.hurom-europe.com\/es\/producto\/edicion-especial-serie-h330p\/","title":{"rendered":"Serie H330P"},"content":{"rendered":"<ul>\n<li data-start=\"0\" data-end=\"88\"><strong data-start=\"0\" data-end=\"18\">Eco-Packaging:<\/strong><br data-start=\"18\" data-end=\"21\" \/>Protegemos el medio ambiente con materiales de embalaje ecol\u00f3gicos.<\/li>\n<li data-start=\"90\" data-end=\"238\"><strong data-start=\"90\" data-end=\"135\">Sorprendentemente inteligente y pr\u00e1ctico:<\/strong><br data-start=\"135\" data-end=\"138\" \/>Las frutas y verduras grandes pueden a\u00f1adirse enteras sin necesidad de cortarlas para la extracci\u00f3n.<\/li>\n<li data-start=\"240\" data-end=\"427\"><strong data-start=\"240\" data-end=\"258\">Usos variados:<\/strong><br data-start=\"258\" data-end=\"261\" \/>Amplia variedad de recetas: desde zumos hasta leches vegetales y helados. Incluso los ingredientes hervidos pueden combinarse con otros para crear mezclas saludables.<\/li>\n<li data-start=\"429\" data-end=\"555\"><strong data-start=\"429\" data-end=\"443\">Seguridad:<\/strong><br data-start=\"443\" data-end=\"446\" \/>Como todos los extractores lentos de Hurom, el Slow Juicer H330P est\u00e1 fabricado con materiales libres de BPA.<\/li>\n<li data-start=\"557\" data-end=\"693\"><em data-start=\"557\" data-end=\"693\" data-is-last-node=\"\">Dependiendo del modelo y de la fecha de producci\u00f3n, el dise\u00f1o y los componentes pueden variar ligeramente y pueden diferir de la foto.<\/em><\/li>\n<\/ul>\n","protected":false},"excerpt":{"rendered":"<p>Eco-Packaging:Protegemos el medio ambiente con materiales de embalaje ecol\u00f3gicos. Sorprendentemente inteligente y pr\u00e1ctico:Las frutas y verduras grandes pueden a\u00f1adirse enteras sin necesidad de cortarlas para la extracci\u00f3n. Usos variados:Amplia variedad de recetas: desde zumos hasta leches vegetales y helados. Incluso los ingredientes hervidos pueden combinarse con otros para crear mezclas saludables. Seguridad:Como todos los extractores [&hellip;]<\/p>\n","protected":false},"featured_media":259171,"template":"","meta":{"_acf_changed":false,"inline_featured_image":false},"product_cat":[571],"product_tag":[],"class_list":{"0":"post-189501","1":"product","2":"type-product","3":"status-publish","4":"has-post-thumbnail","6":"product_cat-pure-press-line","8":"first","9":"outofstock","10":"sale","11":"taxable","12":"shipping-taxable","13":"product-type-variable","14":"has-default-attributes"},"acf":[],"yoast_head":"<!-- This site is optimized with the Yoast SEO plugin v26.6 - https:\/\/yoast.com\/wordpress\/plugins\/seo\/ -->\n<title>Serie H330P - Hurom Europe<\/title>\n<meta name=\"description\" content=\"El nuevo Slow Juicer H320N de Hurom combina una tolva inteligente de gran capacidad (*smart mega hopper*) y un filtro de tipo malla con funci\u00f3n inteligente y autom\u00e1tica de corte.\" \/>\n<meta name=\"robots\" content=\"index, follow, max-snippet:-1, max-image-preview:large, max-video-preview:-1\" \/>\n<link rel=\"canonical\" href=\"https:\/\/www.hurom-europe.com\/es\/producto\/edicion-especial-serie-h330p\/\" \/>\n<meta property=\"og:locale\" content=\"es_ES\" \/>\n<meta property=\"og:type\" content=\"article\" \/>\n<meta property=\"og:title\" content=\"Serie H330P - Hurom Europe\" \/>\n<meta property=\"og:description\" content=\"El nuevo Slow Juicer H320N de Hurom combina una tolva inteligente de gran capacidad (*smart mega hopper*) y un filtro de tipo malla con funci\u00f3n inteligente y autom\u00e1tica de corte.\" \/>\n<meta property=\"og:url\" content=\"https:\/\/www.hurom-europe.com\/es\/producto\/edicion-especial-serie-h330p\/\" \/>\n<meta property=\"og:site_name\" content=\"Hurom Europe\" \/>\n<meta property=\"article:modified_time\" content=\"2026-05-02T23:54:22+00:00\" \/>\n<meta property=\"og:image\" content=\"https:\/\/www.hurom-europe.com\/wp-content\/uploads\/2024\/04\/H330P_DB1.jpg\" \/>\n\t<meta property=\"og:image:width\" content=\"1200\" \/>\n\t<meta property=\"og:image:height\" content=\"1200\" \/>\n\t<meta property=\"og:image:type\" content=\"image\/jpeg\" \/>\n<meta name=\"twitter:card\" content=\"summary_large_image\" \/>\n<meta name=\"twitter:label1\" content=\"Tiempo de lectura\" \/>\n\t<meta name=\"twitter:data1\" content=\"1 minuto\" \/>\n<script type=\"application\/ld+json\" class=\"yoast-schema-graph\">{\"@context\":\"https:\/\/schema.org\",\"@graph\":[{\"@type\":\"WebPage\",\"@id\":\"https:\/\/www.hurom-europe.com\/es\/producto\/edicion-especial-serie-h330p\/\",\"url\":\"https:\/\/www.hurom-europe.com\/es\/producto\/edicion-especial-serie-h330p\/\",\"name\":\"Serie H330P - Hurom Europe\",\"isPartOf\":{\"@id\":\"https:\/\/www.hurom-europe.com\/fr\/#website\"},\"primaryImageOfPage\":{\"@id\":\"https:\/\/www.hurom-europe.com\/es\/producto\/edicion-especial-serie-h330p\/#primaryimage\"},\"image\":{\"@id\":\"https:\/\/www.hurom-europe.com\/es\/producto\/edicion-especial-serie-h330p\/#primaryimage\"},\"thumbnailUrl\":\"https:\/\/www.hurom-europe.com\/wp-content\/uploads\/2024\/04\/H330P_Thumbnail_Deepblue1.jpg\",\"datePublished\":\"2024-04-30T12:40:54+00:00\",\"dateModified\":\"2026-05-02T23:54:22+00:00\",\"description\":\"El nuevo Slow Juicer H320N de Hurom combina una tolva inteligente de gran capacidad (*smart mega hopper*) y un filtro de tipo malla con funci\u00f3n inteligente y autom\u00e1tica de corte.\",\"breadcrumb\":{\"@id\":\"https:\/\/www.hurom-europe.com\/es\/producto\/edicion-especial-serie-h330p\/#breadcrumb\"},\"inLanguage\":\"es\",\"potentialAction\":[{\"@type\":\"ReadAction\",\"target\":[\"https:\/\/www.hurom-europe.com\/es\/producto\/edicion-especial-serie-h330p\/\"]}]},{\"@type\":\"ImageObject\",\"inLanguage\":\"es\",\"@id\":\"https:\/\/www.hurom-europe.com\/es\/producto\/edicion-especial-serie-h330p\/#primaryimage\",\"url\":\"https:\/\/www.hurom-europe.com\/wp-content\/uploads\/2024\/04\/H330P_Thumbnail_Deepblue1.jpg\",\"contentUrl\":\"https:\/\/www.hurom-europe.com\/wp-content\/uploads\/2024\/04\/H330P_Thumbnail_Deepblue1.jpg\",\"width\":1200,\"height\":1200},{\"@type\":\"BreadcrumbList\",\"@id\":\"https:\/\/www.hurom-europe.com\/es\/producto\/edicion-especial-serie-h330p\/#breadcrumb\",\"itemListElement\":[{\"@type\":\"ListItem\",\"position\":1,\"name\":\"Home\",\"item\":\"https:\/\/www.hurom-europe.com\/es\/\"},{\"@type\":\"ListItem\",\"position\":2,\"name\":\"Tienda\",\"item\":\"https:\/\/www.hurom-europe.com\/es\/tienda\/\"},{\"@type\":\"ListItem\",\"position\":3,\"name\":\"Serie H330P\"}]},{\"@type\":\"WebSite\",\"@id\":\"https:\/\/www.hurom-europe.com\/fr\/#website\",\"url\":\"https:\/\/www.hurom-europe.com\/fr\/\",\"name\":\"Hurom Europe\",\"description\":\"Healthy Way of Life with Slow Juicers\",\"potentialAction\":[{\"@type\":\"SearchAction\",\"target\":{\"@type\":\"EntryPoint\",\"urlTemplate\":\"https:\/\/www.hurom-europe.com\/fr\/?s={search_term_string}\"},\"query-input\":{\"@type\":\"PropertyValueSpecification\",\"valueRequired\":true,\"valueName\":\"search_term_string\"}}],\"inLanguage\":\"es\"}]}<\/script>\n<!-- \/ Yoast SEO plugin. -->","yoast_head_json":{"title":"Serie H330P - Hurom Europe","description":"El nuevo Slow Juicer H320N de Hurom combina una tolva inteligente de gran capacidad (*smart mega hopper*) y un filtro de tipo malla con funci\u00f3n inteligente y autom\u00e1tica de corte.","robots":{"index":"index","follow":"follow","max-snippet":"max-snippet:-1","max-image-preview":"max-image-preview:large","max-video-preview":"max-video-preview:-1"},"canonical":"https:\/\/www.hurom-europe.com\/es\/producto\/edicion-especial-serie-h330p\/","og_locale":"es_ES","og_type":"article","og_title":"Serie H330P - Hurom Europe","og_description":"El nuevo Slow Juicer H320N de Hurom combina una tolva inteligente de gran capacidad (*smart mega hopper*) y un filtro de tipo malla con funci\u00f3n inteligente y autom\u00e1tica de corte.","og_url":"https:\/\/www.hurom-europe.com\/es\/producto\/edicion-especial-serie-h330p\/","og_site_name":"Hurom Europe","article_modified_time":"2026-05-02T23:54:22+00:00","og_image":[{"width":1200,"height":1200,"url":"https:\/\/www.hurom-europe.com\/wp-content\/uploads\/2024\/04\/H330P_DB1.jpg","type":"image\/jpeg"}],"twitter_card":"summary_large_image","twitter_misc":{"Tiempo de lectura":"1 minuto"},"schema":{"@context":"https:\/\/schema.org","@graph":[{"@type":"WebPage","@id":"https:\/\/www.hurom-europe.com\/es\/producto\/edicion-especial-serie-h330p\/","url":"https:\/\/www.hurom-europe.com\/es\/producto\/edicion-especial-serie-h330p\/","name":"Serie H330P - Hurom Europe","isPartOf":{"@id":"https:\/\/www.hurom-europe.com\/fr\/#website"},"primaryImageOfPage":{"@id":"https:\/\/www.hurom-europe.com\/es\/producto\/edicion-especial-serie-h330p\/#primaryimage"},"image":{"@id":"https:\/\/www.hurom-europe.com\/es\/producto\/edicion-especial-serie-h330p\/#primaryimage"},"thumbnailUrl":"https:\/\/www.hurom-europe.com\/wp-content\/uploads\/2024\/04\/H330P_Thumbnail_Deepblue1.jpg","datePublished":"2024-04-30T12:40:54+00:00","dateModified":"2026-05-02T23:54:22+00:00","description":"El nuevo Slow Juicer H320N de Hurom combina una tolva inteligente de gran capacidad (*smart mega hopper*) y un filtro de tipo malla con funci\u00f3n inteligente y autom\u00e1tica de corte.","breadcrumb":{"@id":"https:\/\/www.hurom-europe.com\/es\/producto\/edicion-especial-serie-h330p\/#breadcrumb"},"inLanguage":"es","potentialAction":[{"@type":"ReadAction","target":["https:\/\/www.hurom-europe.com\/es\/producto\/edicion-especial-serie-h330p\/"]}]},{"@type":"ImageObject","inLanguage":"es","@id":"https:\/\/www.hurom-europe.com\/es\/producto\/edicion-especial-serie-h330p\/#primaryimage","url":"https:\/\/www.hurom-europe.com\/wp-content\/uploads\/2024\/04\/H330P_Thumbnail_Deepblue1.jpg","contentUrl":"https:\/\/www.hurom-europe.com\/wp-content\/uploads\/2024\/04\/H330P_Thumbnail_Deepblue1.jpg","width":1200,"height":1200},{"@type":"BreadcrumbList","@id":"https:\/\/www.hurom-europe.com\/es\/producto\/edicion-especial-serie-h330p\/#breadcrumb","itemListElement":[{"@type":"ListItem","position":1,"name":"Home","item":"https:\/\/www.hurom-europe.com\/es\/"},{"@type":"ListItem","position":2,"name":"Tienda","item":"https:\/\/www.hurom-europe.com\/es\/tienda\/"},{"@type":"ListItem","position":3,"name":"Serie H330P"}]},{"@type":"WebSite","@id":"https:\/\/www.hurom-europe.com\/fr\/#website","url":"https:\/\/www.hurom-europe.com\/fr\/","name":"Hurom Europe","description":"Healthy Way of Life with Slow Juicers","potentialAction":[{"@type":"SearchAction","target":{"@type":"EntryPoint","urlTemplate":"https:\/\/www.hurom-europe.com\/fr\/?s={search_term_string}"},"query-input":{"@type":"PropertyValueSpecification","valueRequired":true,"valueName":"search_term_string"}}],"inLanguage":"es"}]}},"_links":{"self":[{"href":"https:\/\/www.hurom-europe.com\/es\/wp-json\/wp\/v2\/product\/189501","targetHints":{"allow":["GET"]}}],"collection":[{"href":"https:\/\/www.hurom-europe.com\/es\/wp-json\/wp\/v2\/product"}],"about":[{"href":"https:\/\/www.hurom-europe.com\/es\/wp-json\/wp\/v2\/types\/product"}],"wp:featuredmedia":[{"embeddable":true,"href":"https:\/\/www.hurom-europe.com\/es\/wp-json\/wp\/v2\/media\/259171"}],"wp:attachment":[{"href":"https:\/\/www.hurom-europe.com\/es\/wp-json\/wp\/v2\/media?parent=189501"}],"wp:term":[{"taxonomy":"product_cat","embeddable":true,"href":"https:\/\/www.hurom-europe.com\/es\/wp-json\/wp\/v2\/product_cat?post=189501"},{"taxonomy":"product_tag","embeddable":true,"href":"https:\/\/www.hurom-europe.com\/es\/wp-json\/wp\/v2\/product_tag?post=189501"}],"curies":[{"name":"wp","href":"https:\/\/api.w.org\/{rel}","templated":true}]}}