{"id":189419,"date":"2024-01-18T13:13:26","date_gmt":"2024-01-18T12:13:26","guid":{"rendered":"https:\/\/www.hurom-europe.com\/product\/h400-series\/"},"modified":"2026-05-03T01:54:20","modified_gmt":"2026-05-02T23:54:20","slug":"serie-h400","status":"publish","type":"product","link":"https:\/\/www.hurom-europe.com\/es\/producto\/serie-h400\/","title":{"rendered":"Serie H400"},"content":{"rendered":"<ul>\n<li data-start=\"109\" data-end=\"221\"><strong data-start=\"109\" data-end=\"155\">Nutrientes naturales de frutas y verduras:<\/strong><br data-start=\"155\" data-end=\"158\" \/>Un zumo m\u00e1s claro, m\u00e1s denso y saludable, exprimido lentamente.<\/li>\n<li data-start=\"223\" data-end=\"336\"><strong data-start=\"223\" data-end=\"256\">Recetas adaptadas a tu salud:<\/strong><br data-start=\"256\" data-end=\"259\" \/>Desde zumos y <em data-start=\"273\" data-end=\"284\">smoothies<\/em> hasta incluso leches vegetales, c\u00f3cteles y postres.<\/li>\n<li data-start=\"338\" data-end=\"466\"><strong data-start=\"338\" data-end=\"375\">F\u00e1cil y c\u00f3modo de usar y limpiar:<\/strong><br data-start=\"375\" data-end=\"378\" \/>\u00a1Solo 3 piezas que lavar! Limpieza simplificada. Montaje y desmontaje f\u00e1ciles y c\u00f3modos.<\/li>\n<li data-start=\"468\" data-end=\"592\"><strong data-start=\"468\" data-end=\"508\">Se adapta perfectamente a tu cocina:<\/strong><br data-start=\"508\" data-end=\"511\" \/>Tama\u00f1o fino y compacto para una gran versatilidad en cualquier espacio de cocina.<\/li>\n<li data-start=\"594\" data-end=\"707\"><strong data-start=\"594\" data-end=\"608\">Seguridad:<\/strong><br data-start=\"608\" data-end=\"611\" \/>Como todos los extractores lentos de Hurom, el H400 est\u00e1 fabricado con materiales libres de BPA.<\/li>\n<li data-start=\"709\" data-end=\"845\"><em data-start=\"709\" data-end=\"845\" data-is-last-node=\"\">Dependiendo del modelo y de la fecha de producci\u00f3n, el dise\u00f1o y los componentes pueden variar ligeramente y pueden diferir de la foto.<\/em><\/li>\n<\/ul>\n","protected":false},"excerpt":{"rendered":"<p>Nutrientes naturales de frutas y verduras:Un zumo m\u00e1s claro, m\u00e1s denso y saludable, exprimido lentamente. Recetas adaptadas a tu salud:Desde zumos y smoothies hasta incluso leches vegetales, c\u00f3cteles y postres. F\u00e1cil y c\u00f3modo de usar y limpiar:\u00a1Solo 3 piezas que lavar! Limpieza simplificada. Montaje y desmontaje f\u00e1ciles y c\u00f3modos. Se adapta perfectamente a tu cocina:Tama\u00f1o [&hellip;]<\/p>\n","protected":false},"featured_media":259452,"template":"","meta":{"_acf_changed":false,"inline_featured_image":false},"product_cat":[567],"product_tag":[],"class_list":{"0":"post-189419","1":"product","2":"type-product","3":"status-publish","4":"has-post-thumbnail","6":"product_cat-easy-press-line","8":"first","9":"outofstock","10":"sale","11":"taxable","12":"shipping-taxable","13":"product-type-variable","14":"has-default-attributes"},"acf":[],"yoast_head":"<!-- This site is optimized with the Yoast SEO plugin v26.6 - https:\/\/yoast.com\/wordpress\/plugins\/seo\/ -->\n<title>Serie H400 - Hurom Europe<\/title>\n<meta name=\"description\" content=\"El nuevo extractor lento H400 de Hurom ofrece un zumo exprimido lentamente de manera a\u00fan m\u00e1s f\u00e1cil y clara, con una capacidad de extracci\u00f3n a\u00fan mayor.\" \/>\n<meta name=\"robots\" content=\"index, follow, max-snippet:-1, max-image-preview:large, max-video-preview:-1\" \/>\n<link rel=\"canonical\" href=\"https:\/\/www.hurom-europe.com\/es\/producto\/serie-h400\/\" \/>\n<meta property=\"og:locale\" content=\"es_ES\" \/>\n<meta property=\"og:type\" content=\"article\" \/>\n<meta property=\"og:title\" content=\"Serie H400 - Hurom Europe\" \/>\n<meta property=\"og:description\" content=\"El nuevo extractor lento H400 de Hurom ofrece un zumo exprimido lentamente de manera a\u00fan m\u00e1s f\u00e1cil y clara, con una capacidad de extracci\u00f3n a\u00fan mayor.\" \/>\n<meta property=\"og:url\" content=\"https:\/\/www.hurom-europe.com\/es\/producto\/serie-h400\/\" \/>\n<meta property=\"og:site_name\" content=\"Hurom Europe\" \/>\n<meta property=\"article:modified_time\" content=\"2026-05-02T23:54:20+00:00\" \/>\n<meta property=\"og:image\" content=\"https:\/\/www.hurom-europe.com\/wp-content\/uploads\/2024\/01\/Thumbnail_gift_H400_Titanium01.jpg\" \/>\n\t<meta property=\"og:image:width\" content=\"1200\" \/>\n\t<meta property=\"og:image:height\" content=\"1200\" \/>\n\t<meta property=\"og:image:type\" content=\"image\/jpeg\" \/>\n<meta name=\"twitter:card\" content=\"summary_large_image\" \/>\n<meta name=\"twitter:label1\" content=\"Tiempo de lectura\" \/>\n\t<meta name=\"twitter:data1\" content=\"1 minuto\" \/>\n<script type=\"application\/ld+json\" class=\"yoast-schema-graph\">{\"@context\":\"https:\/\/schema.org\",\"@graph\":[{\"@type\":\"WebPage\",\"@id\":\"https:\/\/www.hurom-europe.com\/es\/producto\/serie-h400\/\",\"url\":\"https:\/\/www.hurom-europe.com\/es\/producto\/serie-h400\/\",\"name\":\"Serie H400 - Hurom Europe\",\"isPartOf\":{\"@id\":\"https:\/\/www.hurom-europe.com\/fr\/#website\"},\"primaryImageOfPage\":{\"@id\":\"https:\/\/www.hurom-europe.com\/es\/producto\/serie-h400\/#primaryimage\"},\"image\":{\"@id\":\"https:\/\/www.hurom-europe.com\/es\/producto\/serie-h400\/#primaryimage\"},\"thumbnailUrl\":\"https:\/\/www.hurom-europe.com\/wp-content\/uploads\/2024\/01\/H400_Thumbnail_Titanium1.jpg\",\"datePublished\":\"2024-01-18T12:13:26+00:00\",\"dateModified\":\"2026-05-02T23:54:20+00:00\",\"description\":\"El nuevo extractor lento H400 de Hurom ofrece un zumo exprimido lentamente de manera a\u00fan m\u00e1s f\u00e1cil y clara, con una capacidad de extracci\u00f3n a\u00fan mayor.\",\"breadcrumb\":{\"@id\":\"https:\/\/www.hurom-europe.com\/es\/producto\/serie-h400\/#breadcrumb\"},\"inLanguage\":\"es\",\"potentialAction\":[{\"@type\":\"ReadAction\",\"target\":[\"https:\/\/www.hurom-europe.com\/es\/producto\/serie-h400\/\"]}]},{\"@type\":\"ImageObject\",\"inLanguage\":\"es\",\"@id\":\"https:\/\/www.hurom-europe.com\/es\/producto\/serie-h400\/#primaryimage\",\"url\":\"https:\/\/www.hurom-europe.com\/wp-content\/uploads\/2024\/01\/H400_Thumbnail_Titanium1.jpg\",\"contentUrl\":\"https:\/\/www.hurom-europe.com\/wp-content\/uploads\/2024\/01\/H400_Thumbnail_Titanium1.jpg\",\"width\":1200,\"height\":1200},{\"@type\":\"BreadcrumbList\",\"@id\":\"https:\/\/www.hurom-europe.com\/es\/producto\/serie-h400\/#breadcrumb\",\"itemListElement\":[{\"@type\":\"ListItem\",\"position\":1,\"name\":\"Home\",\"item\":\"https:\/\/www.hurom-europe.com\/es\/\"},{\"@type\":\"ListItem\",\"position\":2,\"name\":\"Tienda\",\"item\":\"https:\/\/www.hurom-europe.com\/es\/tienda\/\"},{\"@type\":\"ListItem\",\"position\":3,\"name\":\"Serie H400\"}]},{\"@type\":\"WebSite\",\"@id\":\"https:\/\/www.hurom-europe.com\/fr\/#website\",\"url\":\"https:\/\/www.hurom-europe.com\/fr\/\",\"name\":\"Hurom Europe\",\"description\":\"Healthy Way of Life with Slow Juicers\",\"potentialAction\":[{\"@type\":\"SearchAction\",\"target\":{\"@type\":\"EntryPoint\",\"urlTemplate\":\"https:\/\/www.hurom-europe.com\/fr\/?s={search_term_string}\"},\"query-input\":{\"@type\":\"PropertyValueSpecification\",\"valueRequired\":true,\"valueName\":\"search_term_string\"}}],\"inLanguage\":\"es\"}]}<\/script>\n<!-- \/ Yoast SEO plugin. -->","yoast_head_json":{"title":"Serie H400 - Hurom Europe","description":"El nuevo extractor lento H400 de Hurom ofrece un zumo exprimido lentamente de manera a\u00fan m\u00e1s f\u00e1cil y clara, con una capacidad de extracci\u00f3n a\u00fan mayor.","robots":{"index":"index","follow":"follow","max-snippet":"max-snippet:-1","max-image-preview":"max-image-preview:large","max-video-preview":"max-video-preview:-1"},"canonical":"https:\/\/www.hurom-europe.com\/es\/producto\/serie-h400\/","og_locale":"es_ES","og_type":"article","og_title":"Serie H400 - Hurom Europe","og_description":"El nuevo extractor lento H400 de Hurom ofrece un zumo exprimido lentamente de manera a\u00fan m\u00e1s f\u00e1cil y clara, con una capacidad de extracci\u00f3n a\u00fan mayor.","og_url":"https:\/\/www.hurom-europe.com\/es\/producto\/serie-h400\/","og_site_name":"Hurom Europe","article_modified_time":"2026-05-02T23:54:20+00:00","og_image":[{"width":1200,"height":1200,"url":"https:\/\/www.hurom-europe.com\/wp-content\/uploads\/2024\/01\/Thumbnail_gift_H400_Titanium01.jpg","type":"image\/jpeg"}],"twitter_card":"summary_large_image","twitter_misc":{"Tiempo de lectura":"1 minuto"},"schema":{"@context":"https:\/\/schema.org","@graph":[{"@type":"WebPage","@id":"https:\/\/www.hurom-europe.com\/es\/producto\/serie-h400\/","url":"https:\/\/www.hurom-europe.com\/es\/producto\/serie-h400\/","name":"Serie H400 - Hurom Europe","isPartOf":{"@id":"https:\/\/www.hurom-europe.com\/fr\/#website"},"primaryImageOfPage":{"@id":"https:\/\/www.hurom-europe.com\/es\/producto\/serie-h400\/#primaryimage"},"image":{"@id":"https:\/\/www.hurom-europe.com\/es\/producto\/serie-h400\/#primaryimage"},"thumbnailUrl":"https:\/\/www.hurom-europe.com\/wp-content\/uploads\/2024\/01\/H400_Thumbnail_Titanium1.jpg","datePublished":"2024-01-18T12:13:26+00:00","dateModified":"2026-05-02T23:54:20+00:00","description":"El nuevo extractor lento H400 de Hurom ofrece un zumo exprimido lentamente de manera a\u00fan m\u00e1s f\u00e1cil y clara, con una capacidad de extracci\u00f3n a\u00fan mayor.","breadcrumb":{"@id":"https:\/\/www.hurom-europe.com\/es\/producto\/serie-h400\/#breadcrumb"},"inLanguage":"es","potentialAction":[{"@type":"ReadAction","target":["https:\/\/www.hurom-europe.com\/es\/producto\/serie-h400\/"]}]},{"@type":"ImageObject","inLanguage":"es","@id":"https:\/\/www.hurom-europe.com\/es\/producto\/serie-h400\/#primaryimage","url":"https:\/\/www.hurom-europe.com\/wp-content\/uploads\/2024\/01\/H400_Thumbnail_Titanium1.jpg","contentUrl":"https:\/\/www.hurom-europe.com\/wp-content\/uploads\/2024\/01\/H400_Thumbnail_Titanium1.jpg","width":1200,"height":1200},{"@type":"BreadcrumbList","@id":"https:\/\/www.hurom-europe.com\/es\/producto\/serie-h400\/#breadcrumb","itemListElement":[{"@type":"ListItem","position":1,"name":"Home","item":"https:\/\/www.hurom-europe.com\/es\/"},{"@type":"ListItem","position":2,"name":"Tienda","item":"https:\/\/www.hurom-europe.com\/es\/tienda\/"},{"@type":"ListItem","position":3,"name":"Serie H400"}]},{"@type":"WebSite","@id":"https:\/\/www.hurom-europe.com\/fr\/#website","url":"https:\/\/www.hurom-europe.com\/fr\/","name":"Hurom Europe","description":"Healthy Way of Life with Slow Juicers","potentialAction":[{"@type":"SearchAction","target":{"@type":"EntryPoint","urlTemplate":"https:\/\/www.hurom-europe.com\/fr\/?s={search_term_string}"},"query-input":{"@type":"PropertyValueSpecification","valueRequired":true,"valueName":"search_term_string"}}],"inLanguage":"es"}]}},"_links":{"self":[{"href":"https:\/\/www.hurom-europe.com\/es\/wp-json\/wp\/v2\/product\/189419","targetHints":{"allow":["GET"]}}],"collection":[{"href":"https:\/\/www.hurom-europe.com\/es\/wp-json\/wp\/v2\/product"}],"about":[{"href":"https:\/\/www.hurom-europe.com\/es\/wp-json\/wp\/v2\/types\/product"}],"wp:featuredmedia":[{"embeddable":true,"href":"https:\/\/www.hurom-europe.com\/es\/wp-json\/wp\/v2\/media\/259452"}],"wp:attachment":[{"href":"https:\/\/www.hurom-europe.com\/es\/wp-json\/wp\/v2\/media?parent=189419"}],"wp:term":[{"taxonomy":"product_cat","embeddable":true,"href":"https:\/\/www.hurom-europe.com\/es\/wp-json\/wp\/v2\/product_cat?post=189419"},{"taxonomy":"product_tag","embeddable":true,"href":"https:\/\/www.hurom-europe.com\/es\/wp-json\/wp\/v2\/product_tag?post=189419"}],"curies":[{"name":"wp","href":"https:\/\/api.w.org\/{rel}","templated":true}]}}