{"id":188784,"date":"2020-09-22T13:39:03","date_gmt":"2020-09-22T11:39:03","guid":{"rendered":"https:\/\/www.hurom-europe.com\/aviso-legal\/"},"modified":"2026-02-02T08:10:39","modified_gmt":"2026-02-02T07:10:39","slug":"aviso-legal","status":"publish","type":"page","link":"https:\/\/www.hurom-europe.com\/es\/aviso-legal\/","title":{"rendered":"Aviso legal"},"content":{"rendered":"\n<p class=\"has-text-align-left\">Hurom Europe GmbH<br>Weberstra\u00dfe 19<br>65779 Kelkheim (Taunus), Alemania<br>Representada por: Won Young Jeon<br>Tel.: +49 (0) 6195 \u2013 725 7967<br>Correo electr\u00f3nico: <a>info@hurom-europe.com<\/a><br>Sitio web: <a href=\"https:\/\/www.hurom-europe.com\/es\/\">www.hurom-europe.com<\/a><\/p>\n\n\n\n<p class=\"has-text-align-left\">Jurisdicci\u00f3n del registro<\/p>\n\n\n\n<p class=\"has-text-align-left\">Amtsgericht K\u00f6nigstein im Taunus<br>N\u00famero de identificaci\u00f3n fiscal (IVA): DE326795953<br>N\u00famero de registro: HRB 11884<\/p>\n\n\n\n<p><\/p>\n\n\n\n<p class=\"has-text-align-left\">Nota legal<\/p>\n\n\n\n<p>Resoluci\u00f3n de litigios en l\u00ednea y Ley de Resoluci\u00f3n de Litigios de Consumo (VSBG)<\/p>\n\n\n\n<p>La Comisi\u00f3n Europea proporcionaba una plataforma para la resoluci\u00f3n de litigios en l\u00ednea (ODR).<br>Esta plataforma fue cerrada el 20 de julio de 2025 y ya no est\u00e1 disponible.<\/p>\n\n\n\n<p class=\"has-text-align-left\">Estamos obligados y dispuestos a participar en procedimientos de resoluci\u00f3n de litigios ante una junta arbitral de consumo.<br>La junta responsable es la Junta General de Arbitraje de Consumo del Centro de Arbitraje e.V.,<br>Stra\u00dfburger Stra\u00dfe 8, 77694 Kehl am Rhein, Alemania<br>\ud83c\udf10 <a href=\"https:\/\/www.verbraucher-schlichter.de\">www.verbraucher-schlichter.de<\/a><\/p>\n\n\n\n<p><\/p>\n","protected":false},"excerpt":{"rendered":"<p>Hurom Europe GmbHWeberstra\u00dfe 1965779 Kelkheim (Taunus), AlemaniaRepresentada por: Won Young JeonTel.: +49 (0) 6195 \u2013 725 7967Correo electr\u00f3nico: info@hurom-europe.comSitio web: www.hurom-europe.com Jurisdicci\u00f3n del registro Amtsgericht K\u00f6nigstein im TaunusN\u00famero de identificaci\u00f3n fiscal (IVA): DE326795953N\u00famero de registro: HRB 11884 Nota legal Resoluci\u00f3n de litigios en l\u00ednea y Ley de Resoluci\u00f3n de Litigios de Consumo (VSBG) La Comisi\u00f3n [&hellip;]<\/p>\n","protected":false},"author":1,"featured_media":0,"parent":0,"menu_order":9,"comment_status":"closed","ping_status":"closed","template":"","meta":{"_acf_changed":false,"inline_featured_image":false,"footnotes":""},"class_list":["post-188784","page","type-page","status-publish","hentry"],"acf":[],"yoast_head":"<!-- This site is optimized with the Yoast SEO plugin v26.6 - https:\/\/yoast.com\/wordpress\/plugins\/seo\/ -->\n<title>Aviso legal - Hurom Europe<\/title>\n<meta name=\"description\" content=\"Dahlert GmbH \u2013 Am Holzweg 28 \u2013 65830 Kriftel, Germany | Phone: +(49)6192 8079439 | E-Mail: info@hurom-europe.com\" \/>\n<meta name=\"robots\" content=\"index, follow, max-snippet:-1, max-image-preview:large, max-video-preview:-1\" \/>\n<link rel=\"canonical\" href=\"https:\/\/www.hurom-europe.com\/es\/aviso-legal\/\" \/>\n<meta property=\"og:locale\" content=\"es_ES\" \/>\n<meta property=\"og:type\" content=\"article\" \/>\n<meta property=\"og:title\" content=\"Aviso legal - Hurom Europe\" \/>\n<meta property=\"og:description\" content=\"Dahlert GmbH \u2013 Am Holzweg 28 \u2013 65830 Kriftel, Germany | Phone: +(49)6192 8079439 | E-Mail: info@hurom-europe.com\" \/>\n<meta property=\"og:url\" content=\"https:\/\/www.hurom-europe.com\/es\/aviso-legal\/\" \/>\n<meta property=\"og:site_name\" content=\"Hurom Europe\" \/>\n<meta property=\"article:modified_time\" content=\"2026-02-02T07:10:39+00:00\" \/>\n<meta name=\"twitter:card\" content=\"summary_large_image\" \/>\n<meta name=\"twitter:label1\" content=\"Tiempo de lectura\" \/>\n\t<meta name=\"twitter:data1\" content=\"1 minuto\" \/>\n<script type=\"application\/ld+json\" class=\"yoast-schema-graph\">{\"@context\":\"https:\/\/schema.org\",\"@graph\":[{\"@type\":\"WebPage\",\"@id\":\"https:\/\/www.hurom-europe.com\/es\/aviso-legal\/\",\"url\":\"https:\/\/www.hurom-europe.com\/es\/aviso-legal\/\",\"name\":\"Aviso legal - Hurom Europe\",\"isPartOf\":{\"@id\":\"https:\/\/www.hurom-europe.com\/fr\/#website\"},\"datePublished\":\"2020-09-22T11:39:03+00:00\",\"dateModified\":\"2026-02-02T07:10:39+00:00\",\"description\":\"Dahlert GmbH \u2013 Am Holzweg 28 \u2013 65830 Kriftel, Germany | Phone: +(49)6192 8079439 | E-Mail: info@hurom-europe.com\",\"breadcrumb\":{\"@id\":\"https:\/\/www.hurom-europe.com\/es\/aviso-legal\/#breadcrumb\"},\"inLanguage\":\"es\",\"potentialAction\":[{\"@type\":\"ReadAction\",\"target\":[\"https:\/\/www.hurom-europe.com\/es\/aviso-legal\/\"]}]},{\"@type\":\"BreadcrumbList\",\"@id\":\"https:\/\/www.hurom-europe.com\/es\/aviso-legal\/#breadcrumb\",\"itemListElement\":[{\"@type\":\"ListItem\",\"position\":1,\"name\":\"Home\",\"item\":\"https:\/\/www.hurom-europe.com\/es\/\"},{\"@type\":\"ListItem\",\"position\":2,\"name\":\"Aviso legal\"}]},{\"@type\":\"WebSite\",\"@id\":\"https:\/\/www.hurom-europe.com\/fr\/#website\",\"url\":\"https:\/\/www.hurom-europe.com\/fr\/\",\"name\":\"Hurom Europe\",\"description\":\"Healthy Way of Life with Slow Juicers\",\"potentialAction\":[{\"@type\":\"SearchAction\",\"target\":{\"@type\":\"EntryPoint\",\"urlTemplate\":\"https:\/\/www.hurom-europe.com\/fr\/?s={search_term_string}\"},\"query-input\":{\"@type\":\"PropertyValueSpecification\",\"valueRequired\":true,\"valueName\":\"search_term_string\"}}],\"inLanguage\":\"es\"}]}<\/script>\n<!-- \/ Yoast SEO plugin. -->","yoast_head_json":{"title":"Aviso legal - Hurom Europe","description":"Dahlert GmbH \u2013 Am Holzweg 28 \u2013 65830 Kriftel, Germany | Phone: +(49)6192 8079439 | E-Mail: info@hurom-europe.com","robots":{"index":"index","follow":"follow","max-snippet":"max-snippet:-1","max-image-preview":"max-image-preview:large","max-video-preview":"max-video-preview:-1"},"canonical":"https:\/\/www.hurom-europe.com\/es\/aviso-legal\/","og_locale":"es_ES","og_type":"article","og_title":"Aviso legal - Hurom Europe","og_description":"Dahlert GmbH \u2013 Am Holzweg 28 \u2013 65830 Kriftel, Germany | Phone: +(49)6192 8079439 | E-Mail: info@hurom-europe.com","og_url":"https:\/\/www.hurom-europe.com\/es\/aviso-legal\/","og_site_name":"Hurom Europe","article_modified_time":"2026-02-02T07:10:39+00:00","twitter_card":"summary_large_image","twitter_misc":{"Tiempo de lectura":"1 minuto"},"schema":{"@context":"https:\/\/schema.org","@graph":[{"@type":"WebPage","@id":"https:\/\/www.hurom-europe.com\/es\/aviso-legal\/","url":"https:\/\/www.hurom-europe.com\/es\/aviso-legal\/","name":"Aviso legal - Hurom Europe","isPartOf":{"@id":"https:\/\/www.hurom-europe.com\/fr\/#website"},"datePublished":"2020-09-22T11:39:03+00:00","dateModified":"2026-02-02T07:10:39+00:00","description":"Dahlert GmbH \u2013 Am Holzweg 28 \u2013 65830 Kriftel, Germany | Phone: +(49)6192 8079439 | E-Mail: info@hurom-europe.com","breadcrumb":{"@id":"https:\/\/www.hurom-europe.com\/es\/aviso-legal\/#breadcrumb"},"inLanguage":"es","potentialAction":[{"@type":"ReadAction","target":["https:\/\/www.hurom-europe.com\/es\/aviso-legal\/"]}]},{"@type":"BreadcrumbList","@id":"https:\/\/www.hurom-europe.com\/es\/aviso-legal\/#breadcrumb","itemListElement":[{"@type":"ListItem","position":1,"name":"Home","item":"https:\/\/www.hurom-europe.com\/es\/"},{"@type":"ListItem","position":2,"name":"Aviso legal"}]},{"@type":"WebSite","@id":"https:\/\/www.hurom-europe.com\/fr\/#website","url":"https:\/\/www.hurom-europe.com\/fr\/","name":"Hurom Europe","description":"Healthy Way of Life with Slow Juicers","potentialAction":[{"@type":"SearchAction","target":{"@type":"EntryPoint","urlTemplate":"https:\/\/www.hurom-europe.com\/fr\/?s={search_term_string}"},"query-input":{"@type":"PropertyValueSpecification","valueRequired":true,"valueName":"search_term_string"}}],"inLanguage":"es"}]}},"_links":{"self":[{"href":"https:\/\/www.hurom-europe.com\/es\/wp-json\/wp\/v2\/pages\/188784","targetHints":{"allow":["GET"]}}],"collection":[{"href":"https:\/\/www.hurom-europe.com\/es\/wp-json\/wp\/v2\/pages"}],"about":[{"href":"https:\/\/www.hurom-europe.com\/es\/wp-json\/wp\/v2\/types\/page"}],"author":[{"embeddable":true,"href":"https:\/\/www.hurom-europe.com\/es\/wp-json\/wp\/v2\/users\/1"}],"replies":[{"embeddable":true,"href":"https:\/\/www.hurom-europe.com\/es\/wp-json\/wp\/v2\/comments?post=188784"}],"version-history":[{"count":0,"href":"https:\/\/www.hurom-europe.com\/es\/wp-json\/wp\/v2\/pages\/188784\/revisions"}],"wp:attachment":[{"href":"https:\/\/www.hurom-europe.com\/es\/wp-json\/wp\/v2\/media?parent=188784"}],"curies":[{"name":"wp","href":"https:\/\/api.w.org\/{rel}","templated":true}]}}