{"id":188749,"date":"2020-08-14T06:19:24","date_gmt":"2020-08-14T04:19:24","guid":{"rendered":"https:\/\/www.hurom-europe.com\/contact\/"},"modified":"2026-02-02T08:23:28","modified_gmt":"2026-02-02T07:23:28","slug":"contacto","status":"publish","type":"page","link":"https:\/\/www.hurom-europe.com\/es\/contacto\/","title":{"rendered":"Contacto"},"content":{"rendered":"\n<h2 class=\"wp-block-heading\">Contacto<\/h2>\n\n\n\n<h3 class=\"wp-block-heading\">\u00bfTiene alguna pregunta o necesita ayuda con su producto? Estaremos encantados de ayudarle.<\/h3>\n\n\n\n<p>Completa el siguiente formulario y un representante de Hurom se pondr\u00e1 en contacto contigo en breve.<\/p>\n\n\n\n<p><strong>P.D.: Para consultas sobre el servicio de garant\u00eda, por favor cont\u00e1ctanos haciendo clic en <a href=\"https:\/\/hurom-europe-parts.com\/pages\/contact\">este enlace.<\/a><\/strong><\/p>\n\n\n\n<style>\n\/* CF7 select \u2013 make it identical to text inputs *\/\n.wpcf7-form .wpcf7-form-control-wrap select {\n  width: 100%;\n  box-sizing: border-box;\n\n  \/* EXACT match to inputs *\/\n  padding: 8px 40px 8px 16px;\n  border: 1px solid #3b3c39;\n  border-radius: 5px;\n\n  font-family: OpenSansRegular, sans-serif;\n  font-size: 14px;\n  line-height: 1.6; \/* matches 160% *\/\n  color: #000;\n  background-color: #fff;\n\n  \/* remove native styling *\/\n  -webkit-appearance: none;\n  -moz-appearance: none;\n  appearance: none;\n\n  \/* prevent height mismatch *\/\n  height: auto;\n\n  \/* custom arrow (does NOT affect height) *\/\n  background-image:\n    linear-gradient(45deg, transparent 50%, #3b3c39 50%),\n    linear-gradient(135deg, #3b3c39 50%, transparent 50%);\n  background-position:\n    calc(100% - 18px) 50%,\n    calc(100% - 12px) 50%;\n  background-size: 6px 6px, 6px 6px;\n  background-repeat: no-repeat;\n}\n\n\/* Focus state identical to inputs *\/\n.wpcf7-form .wpcf7-form-control-wrap select:focus {\n  outline: none;\n  border-color: #3b3c39;\n}\n\n\/* Fix Safari vertical alignment quirk *\/\n.wpcf7-form .wpcf7-form-control-wrap select::-ms-expand {\n  display: none;\n}\n\n<\/style>\n\n\n\n<p>Servicio telef\u00f3nico<br>Tel <strong><a href=\"tel:+4961957257967\">+49 (0) 6195 &#8211; 725 7967<\/a><\/strong><br>Lunes &#8211; viernes: 08:00 \u2013 12:00 y 13:00 \u2013 17:00<\/p>\n","protected":false},"excerpt":{"rendered":"<p>Contacto \u00bfTiene alguna pregunta o necesita ayuda con su producto? Estaremos encantados de ayudarle. Completa el siguiente formulario y un representante de Hurom se pondr\u00e1 en contacto contigo en breve. P.D.: Para consultas sobre el servicio de garant\u00eda, por favor cont\u00e1ctanos haciendo clic en este enlace. Servicio telef\u00f3nicoTel +49 (0) 6195 &#8211; 725 7967Lunes &#8211; [&hellip;]<\/p>\n","protected":false},"author":1,"featured_media":0,"parent":0,"menu_order":9,"comment_status":"closed","ping_status":"closed","template":"templates\/template--contact.php","meta":{"_acf_changed":false,"inline_featured_image":false,"footnotes":""},"class_list":["post-188749","page","type-page","status-publish","hentry"],"acf":[],"yoast_head":"<!-- This site is optimized with the Yoast SEO plugin v26.6 - https:\/\/yoast.com\/wordpress\/plugins\/seo\/ -->\n<title>Contacto - Hurom Europe<\/title>\n<meta name=\"description\" content=\"Siempre estamos aqu\u00ed para ti. Completa nuestro formulario en l\u00ednea y un representante de Hurom se pondr\u00e1 en contacto contigo en breve.\" \/>\n<meta name=\"robots\" content=\"index, follow, max-snippet:-1, max-image-preview:large, max-video-preview:-1\" \/>\n<link rel=\"canonical\" href=\"https:\/\/www.hurom-europe.com\/es\/contacto\/\" \/>\n<meta property=\"og:locale\" content=\"es_ES\" \/>\n<meta property=\"og:type\" content=\"article\" \/>\n<meta property=\"og:title\" content=\"Contacto - Hurom Europe\" \/>\n<meta property=\"og:description\" content=\"Siempre estamos aqu\u00ed para ti. Completa nuestro formulario en l\u00ednea y un representante de Hurom se pondr\u00e1 en contacto contigo en breve.\" \/>\n<meta property=\"og:url\" content=\"https:\/\/www.hurom-europe.com\/es\/contacto\/\" \/>\n<meta property=\"og:site_name\" content=\"Hurom Europe\" \/>\n<meta property=\"article:modified_time\" content=\"2026-02-02T07:23:28+00:00\" \/>\n<meta name=\"twitter:card\" content=\"summary_large_image\" \/>\n<meta name=\"twitter:label1\" content=\"Tiempo de lectura\" \/>\n\t<meta name=\"twitter:data1\" content=\"1 minuto\" \/>\n<script type=\"application\/ld+json\" class=\"yoast-schema-graph\">{\"@context\":\"https:\/\/schema.org\",\"@graph\":[{\"@type\":\"WebPage\",\"@id\":\"https:\/\/www.hurom-europe.com\/es\/contacto\/\",\"url\":\"https:\/\/www.hurom-europe.com\/es\/contacto\/\",\"name\":\"Contacto - Hurom Europe\",\"isPartOf\":{\"@id\":\"https:\/\/www.hurom-europe.com\/fr\/#website\"},\"datePublished\":\"2020-08-14T04:19:24+00:00\",\"dateModified\":\"2026-02-02T07:23:28+00:00\",\"description\":\"Siempre estamos aqu\u00ed para ti. Completa nuestro formulario en l\u00ednea y un representante de Hurom se pondr\u00e1 en contacto contigo en breve.\",\"breadcrumb\":{\"@id\":\"https:\/\/www.hurom-europe.com\/es\/contacto\/#breadcrumb\"},\"inLanguage\":\"es\",\"potentialAction\":[{\"@type\":\"ReadAction\",\"target\":[\"https:\/\/www.hurom-europe.com\/es\/contacto\/\"]}]},{\"@type\":\"BreadcrumbList\",\"@id\":\"https:\/\/www.hurom-europe.com\/es\/contacto\/#breadcrumb\",\"itemListElement\":[{\"@type\":\"ListItem\",\"position\":1,\"name\":\"Home\",\"item\":\"https:\/\/www.hurom-europe.com\/es\/\"},{\"@type\":\"ListItem\",\"position\":2,\"name\":\"Contacto\"}]},{\"@type\":\"WebSite\",\"@id\":\"https:\/\/www.hurom-europe.com\/fr\/#website\",\"url\":\"https:\/\/www.hurom-europe.com\/fr\/\",\"name\":\"Hurom Europe\",\"description\":\"Healthy Way of Life with Slow Juicers\",\"potentialAction\":[{\"@type\":\"SearchAction\",\"target\":{\"@type\":\"EntryPoint\",\"urlTemplate\":\"https:\/\/www.hurom-europe.com\/fr\/?s={search_term_string}\"},\"query-input\":{\"@type\":\"PropertyValueSpecification\",\"valueRequired\":true,\"valueName\":\"search_term_string\"}}],\"inLanguage\":\"es\"}]}<\/script>\n<!-- \/ Yoast SEO plugin. -->","yoast_head_json":{"title":"Contacto - Hurom Europe","description":"Siempre estamos aqu\u00ed para ti. Completa nuestro formulario en l\u00ednea y un representante de Hurom se pondr\u00e1 en contacto contigo en breve.","robots":{"index":"index","follow":"follow","max-snippet":"max-snippet:-1","max-image-preview":"max-image-preview:large","max-video-preview":"max-video-preview:-1"},"canonical":"https:\/\/www.hurom-europe.com\/es\/contacto\/","og_locale":"es_ES","og_type":"article","og_title":"Contacto - Hurom Europe","og_description":"Siempre estamos aqu\u00ed para ti. Completa nuestro formulario en l\u00ednea y un representante de Hurom se pondr\u00e1 en contacto contigo en breve.","og_url":"https:\/\/www.hurom-europe.com\/es\/contacto\/","og_site_name":"Hurom Europe","article_modified_time":"2026-02-02T07:23:28+00:00","twitter_card":"summary_large_image","twitter_misc":{"Tiempo de lectura":"1 minuto"},"schema":{"@context":"https:\/\/schema.org","@graph":[{"@type":"WebPage","@id":"https:\/\/www.hurom-europe.com\/es\/contacto\/","url":"https:\/\/www.hurom-europe.com\/es\/contacto\/","name":"Contacto - Hurom Europe","isPartOf":{"@id":"https:\/\/www.hurom-europe.com\/fr\/#website"},"datePublished":"2020-08-14T04:19:24+00:00","dateModified":"2026-02-02T07:23:28+00:00","description":"Siempre estamos aqu\u00ed para ti. Completa nuestro formulario en l\u00ednea y un representante de Hurom se pondr\u00e1 en contacto contigo en breve.","breadcrumb":{"@id":"https:\/\/www.hurom-europe.com\/es\/contacto\/#breadcrumb"},"inLanguage":"es","potentialAction":[{"@type":"ReadAction","target":["https:\/\/www.hurom-europe.com\/es\/contacto\/"]}]},{"@type":"BreadcrumbList","@id":"https:\/\/www.hurom-europe.com\/es\/contacto\/#breadcrumb","itemListElement":[{"@type":"ListItem","position":1,"name":"Home","item":"https:\/\/www.hurom-europe.com\/es\/"},{"@type":"ListItem","position":2,"name":"Contacto"}]},{"@type":"WebSite","@id":"https:\/\/www.hurom-europe.com\/fr\/#website","url":"https:\/\/www.hurom-europe.com\/fr\/","name":"Hurom Europe","description":"Healthy Way of Life with Slow Juicers","potentialAction":[{"@type":"SearchAction","target":{"@type":"EntryPoint","urlTemplate":"https:\/\/www.hurom-europe.com\/fr\/?s={search_term_string}"},"query-input":{"@type":"PropertyValueSpecification","valueRequired":true,"valueName":"search_term_string"}}],"inLanguage":"es"}]}},"_links":{"self":[{"href":"https:\/\/www.hurom-europe.com\/es\/wp-json\/wp\/v2\/pages\/188749","targetHints":{"allow":["GET"]}}],"collection":[{"href":"https:\/\/www.hurom-europe.com\/es\/wp-json\/wp\/v2\/pages"}],"about":[{"href":"https:\/\/www.hurom-europe.com\/es\/wp-json\/wp\/v2\/types\/page"}],"author":[{"embeddable":true,"href":"https:\/\/www.hurom-europe.com\/es\/wp-json\/wp\/v2\/users\/1"}],"replies":[{"embeddable":true,"href":"https:\/\/www.hurom-europe.com\/es\/wp-json\/wp\/v2\/comments?post=188749"}],"version-history":[{"count":0,"href":"https:\/\/www.hurom-europe.com\/es\/wp-json\/wp\/v2\/pages\/188749\/revisions"}],"wp:attachment":[{"href":"https:\/\/www.hurom-europe.com\/es\/wp-json\/wp\/v2\/media?parent=188749"}],"curies":[{"name":"wp","href":"https:\/\/api.w.org\/{rel}","templated":true}]}}