{"id":188744,"date":"2020-09-22T13:37:21","date_gmt":"2020-09-22T11:37:21","guid":{"rendered":"https:\/\/www.hurom-europe.com\/desistimiento\/"},"modified":"2025-10-28T11:31:36","modified_gmt":"2025-10-28T10:31:36","slug":"desistimiento","status":"publish","type":"page","link":"https:\/\/www.hurom-europe.com\/es\/desistimiento\/","title":{"rendered":"Desistimiento"},"content":{"rendered":"\n<h2 class=\"wp-block-heading\"><strong>Derecho de desistimiento<\/strong><\/h2>\n\n\n\n<p>Tienes derecho a desistir de este contrato en un plazo de <strong>catorce (14) d\u00edas<\/strong> sin necesidad de indicar el motivo.<\/p>\n\n\n\n<p>El plazo de desistimiento ser\u00e1 de <strong>catorce d\u00edas<\/strong> a partir del d\u00eda en que t\u00fa, o un tercero designado por ti distinto del transportista, haya tomado posesi\u00f3n de los bienes.<\/p>\n\n\n\n<p>Para ejercer tu derecho de desistimiento, debes notificarnos tu decisi\u00f3n de desistir del contrato mediante una <strong>declaraci\u00f3n clara e inequ\u00edvoca<\/strong>, completando un <strong>formulario de desistimiento<\/strong>.<\/p>\n\n\n\n<p>Para cumplir con el plazo de desistimiento, basta con que env\u00edes la notificaci\u00f3n del ejercicio de este derecho <strong>antes de que venza el plazo de catorce d\u00edas<\/strong>.<\/p>\n\n\n\n<h2 class=\"wp-block-heading\"><strong>Efectos del desistimiento<\/strong><\/h2>\n\n\n\n<p>Si cancelas este contrato, te reembolsaremos <strong>todos los pagos<\/strong> que hayamos recibido de ti, incluidos los costos de entrega (excepto los costos adicionales derivados de tu elecci\u00f3n de un m\u00e9todo de env\u00edo diferente al est\u00e1ndar m\u00e1s econ\u00f3mico ofrecido por nosotros), de manera inmediata y, en cualquier caso, <strong>a m\u00e1s tardar 14 d\u00edas despu\u00e9s<\/strong> de recibir los bienes en nuestro almac\u00e9n.<\/p>\n\n\n\n<p>Para dicho reembolso, utilizaremos el <strong>mismo m\u00e9todo de pago<\/strong> que usaste en la transacci\u00f3n original (a menos que se acuerde expresamente otro contigo); en ning\u00fan caso se te cobrar\u00e1 ninguna tarifa por el reembolso.<\/p>\n\n\n\n<p>Debes devolver o entregar los bienes a nuestro socio log\u00edstico:<\/p>\n\n\n\n<p><strong>KS Global GmbH (Puerta B)<\/strong><br>Am Holzweg 28\u201334<br>65830 Kriftel, Alemania<\/p>\n\n\n\n<p>El plazo se considerar\u00e1 cumplido si env\u00edas los bienes <strong>antes de que expire el per\u00edodo de catorce d\u00edas<\/strong>.<\/p>\n\n\n\n<p>Los <strong>costos directos de la devoluci\u00f3n<\/strong> de los bienes correr\u00e1n por tu cuenta.<\/p>\n\n\n\n<p>Solo deber\u00e1s pagar por cualquier <strong>disminuci\u00f3n del valor<\/strong> de los bienes si esta p\u00e9rdida de valor se debe a una manipulaci\u00f3n no necesaria para comprobar su naturaleza, caracter\u00edsticas o funcionamiento.<\/p>\n\n\n\n<p><strong>Descargar el formulario de desistimiento<\/strong><\/p>\n\n\n\n<p>Puedes descargar el <strong>formulario de desistimiento (en alem\u00e1n)<\/strong> haciendo clic aqu\u00ed.<\/p>\n\n\n\n<p>Para cualquier otra consulta, visita nuestra <strong>p\u00e1gina de Preguntas Frecuentes (FAQ)<\/strong> o <strong>cont\u00e1ctanos aqu\u00ed.<\/strong><\/p>\n\n\n\n<p><\/p>\n","protected":false},"excerpt":{"rendered":"<p>Derecho de desistimiento Tienes derecho a desistir de este contrato en un plazo de catorce (14) d\u00edas sin necesidad de indicar el motivo. El plazo de desistimiento ser\u00e1 de catorce d\u00edas a partir del d\u00eda en que t\u00fa, o un tercero designado por ti distinto del transportista, haya tomado posesi\u00f3n de los bienes. Para ejercer [&hellip;]<\/p>\n","protected":false},"author":1,"featured_media":0,"parent":0,"menu_order":9,"comment_status":"closed","ping_status":"closed","template":"templates\/template--withdrawal.php","meta":{"_acf_changed":false,"inline_featured_image":false,"footnotes":""},"class_list":["post-188744","page","type-page","status-publish","hentry"],"acf":[],"yoast_head":"<!-- This site is optimized with the Yoast SEO plugin v26.6 - https:\/\/yoast.com\/wordpress\/plugins\/seo\/ -->\n<title>Desistimiento - Hurom Europe<\/title>\n<meta name=\"description\" content=\"Aqu\u00ed encontrar\u00e1s informaci\u00f3n sobre tus derechos en relaci\u00f3n con el desistimiento de un contrato ya celebrado con Hurom.\" \/>\n<meta name=\"robots\" content=\"index, follow, max-snippet:-1, max-image-preview:large, max-video-preview:-1\" \/>\n<link rel=\"canonical\" href=\"https:\/\/www.hurom-europe.com\/es\/desistimiento\/\" \/>\n<meta property=\"og:locale\" content=\"es_ES\" \/>\n<meta property=\"og:type\" content=\"article\" \/>\n<meta property=\"og:title\" content=\"Desistimiento - Hurom Europe\" \/>\n<meta property=\"og:description\" content=\"Aqu\u00ed encontrar\u00e1s informaci\u00f3n sobre tus derechos en relaci\u00f3n con el desistimiento de un contrato ya celebrado con Hurom.\" \/>\n<meta property=\"og:url\" content=\"https:\/\/www.hurom-europe.com\/es\/desistimiento\/\" \/>\n<meta property=\"og:site_name\" content=\"Hurom Europe\" \/>\n<meta property=\"article:modified_time\" content=\"2025-10-28T10:31:36+00:00\" \/>\n<meta name=\"twitter:card\" content=\"summary_large_image\" \/>\n<meta name=\"twitter:label1\" content=\"Tiempo de lectura\" \/>\n\t<meta name=\"twitter:data1\" content=\"2 minutos\" \/>\n<script type=\"application\/ld+json\" class=\"yoast-schema-graph\">{\"@context\":\"https:\/\/schema.org\",\"@graph\":[{\"@type\":\"WebPage\",\"@id\":\"https:\/\/www.hurom-europe.com\/es\/desistimiento\/\",\"url\":\"https:\/\/www.hurom-europe.com\/es\/desistimiento\/\",\"name\":\"Desistimiento - Hurom Europe\",\"isPartOf\":{\"@id\":\"https:\/\/www.hurom-europe.com\/fr\/#website\"},\"datePublished\":\"2020-09-22T11:37:21+00:00\",\"dateModified\":\"2025-10-28T10:31:36+00:00\",\"description\":\"Aqu\u00ed encontrar\u00e1s informaci\u00f3n sobre tus derechos en relaci\u00f3n con el desistimiento de un contrato ya celebrado con Hurom.\",\"breadcrumb\":{\"@id\":\"https:\/\/www.hurom-europe.com\/es\/desistimiento\/#breadcrumb\"},\"inLanguage\":\"es\",\"potentialAction\":[{\"@type\":\"ReadAction\",\"target\":[\"https:\/\/www.hurom-europe.com\/es\/desistimiento\/\"]}]},{\"@type\":\"BreadcrumbList\",\"@id\":\"https:\/\/www.hurom-europe.com\/es\/desistimiento\/#breadcrumb\",\"itemListElement\":[{\"@type\":\"ListItem\",\"position\":1,\"name\":\"Home\",\"item\":\"https:\/\/www.hurom-europe.com\/es\/\"},{\"@type\":\"ListItem\",\"position\":2,\"name\":\"Desistimiento\"}]},{\"@type\":\"WebSite\",\"@id\":\"https:\/\/www.hurom-europe.com\/fr\/#website\",\"url\":\"https:\/\/www.hurom-europe.com\/fr\/\",\"name\":\"Hurom Europe\",\"description\":\"Healthy Way of Life with Slow Juicers\",\"potentialAction\":[{\"@type\":\"SearchAction\",\"target\":{\"@type\":\"EntryPoint\",\"urlTemplate\":\"https:\/\/www.hurom-europe.com\/fr\/?s={search_term_string}\"},\"query-input\":{\"@type\":\"PropertyValueSpecification\",\"valueRequired\":true,\"valueName\":\"search_term_string\"}}],\"inLanguage\":\"es\"}]}<\/script>\n<!-- \/ Yoast SEO plugin. -->","yoast_head_json":{"title":"Desistimiento - Hurom Europe","description":"Aqu\u00ed encontrar\u00e1s informaci\u00f3n sobre tus derechos en relaci\u00f3n con el desistimiento de un contrato ya celebrado con Hurom.","robots":{"index":"index","follow":"follow","max-snippet":"max-snippet:-1","max-image-preview":"max-image-preview:large","max-video-preview":"max-video-preview:-1"},"canonical":"https:\/\/www.hurom-europe.com\/es\/desistimiento\/","og_locale":"es_ES","og_type":"article","og_title":"Desistimiento - Hurom Europe","og_description":"Aqu\u00ed encontrar\u00e1s informaci\u00f3n sobre tus derechos en relaci\u00f3n con el desistimiento de un contrato ya celebrado con Hurom.","og_url":"https:\/\/www.hurom-europe.com\/es\/desistimiento\/","og_site_name":"Hurom Europe","article_modified_time":"2025-10-28T10:31:36+00:00","twitter_card":"summary_large_image","twitter_misc":{"Tiempo de lectura":"2 minutos"},"schema":{"@context":"https:\/\/schema.org","@graph":[{"@type":"WebPage","@id":"https:\/\/www.hurom-europe.com\/es\/desistimiento\/","url":"https:\/\/www.hurom-europe.com\/es\/desistimiento\/","name":"Desistimiento - Hurom Europe","isPartOf":{"@id":"https:\/\/www.hurom-europe.com\/fr\/#website"},"datePublished":"2020-09-22T11:37:21+00:00","dateModified":"2025-10-28T10:31:36+00:00","description":"Aqu\u00ed encontrar\u00e1s informaci\u00f3n sobre tus derechos en relaci\u00f3n con el desistimiento de un contrato ya celebrado con Hurom.","breadcrumb":{"@id":"https:\/\/www.hurom-europe.com\/es\/desistimiento\/#breadcrumb"},"inLanguage":"es","potentialAction":[{"@type":"ReadAction","target":["https:\/\/www.hurom-europe.com\/es\/desistimiento\/"]}]},{"@type":"BreadcrumbList","@id":"https:\/\/www.hurom-europe.com\/es\/desistimiento\/#breadcrumb","itemListElement":[{"@type":"ListItem","position":1,"name":"Home","item":"https:\/\/www.hurom-europe.com\/es\/"},{"@type":"ListItem","position":2,"name":"Desistimiento"}]},{"@type":"WebSite","@id":"https:\/\/www.hurom-europe.com\/fr\/#website","url":"https:\/\/www.hurom-europe.com\/fr\/","name":"Hurom Europe","description":"Healthy Way of Life with Slow Juicers","potentialAction":[{"@type":"SearchAction","target":{"@type":"EntryPoint","urlTemplate":"https:\/\/www.hurom-europe.com\/fr\/?s={search_term_string}"},"query-input":{"@type":"PropertyValueSpecification","valueRequired":true,"valueName":"search_term_string"}}],"inLanguage":"es"}]}},"_links":{"self":[{"href":"https:\/\/www.hurom-europe.com\/es\/wp-json\/wp\/v2\/pages\/188744","targetHints":{"allow":["GET"]}}],"collection":[{"href":"https:\/\/www.hurom-europe.com\/es\/wp-json\/wp\/v2\/pages"}],"about":[{"href":"https:\/\/www.hurom-europe.com\/es\/wp-json\/wp\/v2\/types\/page"}],"author":[{"embeddable":true,"href":"https:\/\/www.hurom-europe.com\/es\/wp-json\/wp\/v2\/users\/1"}],"replies":[{"embeddable":true,"href":"https:\/\/www.hurom-europe.com\/es\/wp-json\/wp\/v2\/comments?post=188744"}],"version-history":[{"count":0,"href":"https:\/\/www.hurom-europe.com\/es\/wp-json\/wp\/v2\/pages\/188744\/revisions"}],"wp:attachment":[{"href":"https:\/\/www.hurom-europe.com\/es\/wp-json\/wp\/v2\/media?parent=188744"}],"curies":[{"name":"wp","href":"https:\/\/api.w.org\/{rel}","templated":true}]}}