{"id":188743,"date":"2020-09-22T13:41:01","date_gmt":"2020-09-22T11:41:01","guid":{"rendered":"https:\/\/www.hurom-europe.com\/terms-of-use\/"},"modified":"2026-04-09T16:54:46","modified_gmt":"2026-04-09T14:54:46","slug":"terminos-de-uso","status":"publish","type":"page","link":"https:\/\/www.hurom-europe.com\/es\/terminos-de-uso\/","title":{"rendered":"T\u00e9rminos de uso"},"content":{"rendered":"\n<h2 class=\"wp-block-heading\">Secci\u00f3n 1. \u00c1mbito de validez, informaci\u00f3n para el cliente<\/h2>\n\n\n\n<p>Las siguientes Condiciones Generales de Contrataci\u00f3n (CGC) regulan la relaci\u00f3n contractual entre Hurom Europe GmbH y los consumidores o empresarios que compran productos en esta tienda.<br>No se aceptar\u00e1n condiciones que contradigan o difieran de estas condiciones generales.<br>El idioma del contrato ser\u00e1 alem\u00e1n.<\/p>\n\n\n\n<h2 class=\"wp-block-heading\">Secci\u00f3n 2. Celebraci\u00f3n del contrato<\/h2>\n\n\n\n<p>Puedes a\u00f1adir uno o varios productos al carrito. Durante el proceso de pedido, introduces tus datos y preferencias respecto al m\u00e9todo de pago, tipo de entrega, etc.<br>Al hacer clic en el bot\u00f3n de pedido, aceptas la oferta y concluyes un contrato de compraventa.<\/p>\n\n\n\n<p>Las ofertas publicadas en Internet constituyen una invitaci\u00f3n vinculante a comprar los productos.<\/p>\n\n\n\n<h2 class=\"wp-block-heading\">Secci\u00f3n 3. Informaci\u00f3n para el cliente: almacenamiento del texto contractual<\/h2>\n\n\n\n<p>El contrato con los detalles del pedido ser\u00e1 almacenado por nosotros.<br>Sin embargo, no podr\u00e1s acceder a esta informaci\u00f3n a trav\u00e9s de Internet.<br>Puedes descargar las CGC en cualquier momento desde nuestro sitio web.<br>Tambi\u00e9n puedes hacer una captura de pantalla en el momento de la compra o imprimir la p\u00e1gina completa.<\/p>\n\n\n\n<h2 class=\"wp-block-heading\">Secci\u00f3n 4. Informaci\u00f3n para el cliente: nota sobre correcciones<\/h2>\n\n\n\n<p>Puedes modificar tus datos en cualquier momento antes de enviar el pedido utilizando la tecla \u201celiminar\u201d.<br>Durante el proceso de pago te informaremos sobre otras opciones de correcci\u00f3n.<br>Tambi\u00e9n puedes cancelar el proceso de pedido en cualquier momento cerrando la ventana del navegador.<\/p>\n\n\n\n<h2 class=\"wp-block-heading\">Secci\u00f3n 5. Reserva de propiedad<\/h2>\n\n\n\n<p>La mercanc\u00eda seguir\u00e1 siendo propiedad de Hurom Europe GmbH hasta que se haya efectuado el pago completo.<\/p>\n\n\n\n<h2 class=\"wp-block-heading\">Secci\u00f3n 6. Vencimiento de las reclamaciones de garant\u00eda<\/h2>\n\n\n\n<h3 class=\"wp-block-heading\">(1) Garant\u00eda<\/h3>\n\n\n\n<p>Solo ofrecemos garant\u00eda para motores y piezas de los modelos de extractores lentos si fueron comprados en Hurom Europe.<br>El periodo de garant\u00eda var\u00eda seg\u00fan el modelo.<br>Los consumibles, como las piezas de silicona y los recipientes de jugo y pulpa, est\u00e1n excluidos de la garant\u00eda.<\/p>\n\n\n\n<p>[Productos comprados a partir de septiembre de 2024]<\/p>\n\n\n\n<p>&#8211; H80ST\/H400 \/ H330P \/ H320N \/ H70FT \/ H70ST: 15 a\u00f1os de garant\u00eda en motor y piezas<\/p>\n\n\n\n<p>&#8211; H310A\/E50ST\/E30ST: 10 a\u00f1os de garant\u00eda en motor y piezas<\/p>\n\n\n\n<p>&#8211; Otros (excepto la serie DT-SJ): 10 a\u00f1os de garant\u00eda en el motor y 2 a\u00f1os en las piezas<\/p>\n\n\n\n<p>&#8211;  Purificador de agua(WP-A01EGR): 5 a\u00f1os de garant\u00eda &#8211; Esta garant\u00eda se aplica \u00fanicamente a la unidad principal. Los consumibles, incluidos los filtros, no se incluyen en la garant\u00eda.<\/p>\n\n\n\n<p>&#8211; Batidoras y accesorios(Batidora de sobremesa, Power Blender, botellas de agua, vasos, piezas, etc.): garant\u00eda de 2 a\u00f1os<\/p>\n\n\n\n<p>*El periodo de garant\u00eda anterior se aplica \u00fanicamente al producto principal. Las piezas adicionales compradas por separado cuentan con 2 a\u00f1os de garant\u00eda.<\/p>\n\n\n\n<p>[Productos comprados antes de septiembre de 2024]<br>10 a\u00f1os de garant\u00eda para el motor y 2 a\u00f1os para las piezas en todos los modelos de Slow Juicer (excepto las series HW, DT-SJ y S13), \u00fanicamente si fueron comprados en Hurom Europe.<\/p>\n\n\n\n<p>Debe presentarse el recibo de compra original o una copia.<\/p>\n\n\n\n<p><\/p>\n\n\n\n<h3 class=\"wp-block-heading\">(2) Costos de env\u00edo bajo garant\u00eda<\/h3>\n\n\n\n<p>Si el producto o alguna de sus piezas est\u00e1n cubiertos por el servicio de garant\u00eda, Hurom Europe reparar\u00e1 o reemplazar\u00e1 el producto da\u00f1ado sin costo adicional.<br>Si la reclamaci\u00f3n se realiza dentro de un a\u00f1o desde la fecha de compra, Hurom Europe cubrir\u00e1 los gastos de env\u00edo.<br>Despu\u00e9s de un a\u00f1o, o si se requiere un env\u00edo especial, los costos de env\u00edo correr\u00e1n por cuenta del consumidor.<\/p>\n\n\n\n<h3 class=\"wp-block-heading\">(3) Exclusiones de garant\u00eda<\/h3>\n\n\n\n<p>&#8211; Hurom no se hace responsable de da\u00f1os econ\u00f3micos ni de da\u00f1os especiales, indirectos o consecuentes, incluidos los derivados del deterioro de alimentos o de da\u00f1os al producto, ya sea por defecto o no.<\/p>\n\n\n\n<p>&#8211; La garant\u00eda es intransferible y no reembolsable, y solo es v\u00e1lida para el comprador original verificado que haya adquirido el producto a un distribuidor autorizado.<\/p>\n\n\n\n<p>&#8211; Hurom no se responsabiliza de la reparaci\u00f3n o sustituci\u00f3n de piezas defectuosas o da\u00f1adas como resultado de cortes de energ\u00eda, uso de extensiones el\u00e9ctricas, bajo voltaje o fluctuaciones el\u00e9ctricas.<\/p>\n\n\n\n<p>&#8211; Hurom no asume responsabilidad alguna por fallos o da\u00f1os derivados de un uso o instalaci\u00f3n incorrectos, o por no limpiar y\/o mantener el producto conforme al manual de instrucciones.<\/p>\n\n\n\n<p>&#8211; La garant\u00eda no cubre defectos causados por el desgaste normal, manipulaci\u00f3n inadecuada, uso indebido, exposici\u00f3n a productos qu\u00edmicos agresivos, ni por productos con n\u00fameros de serie eliminados o alterados, ni por modificaciones no autorizadas, ni por da\u00f1os causados por inundaciones o incendios.<\/p>\n\n\n\n<p>&#8211; Tampoco cubre los defectos ocasionados por intentos del consumidor de desmontar o reparar el producto.<\/p>\n\n\n\n<p>&#8211; Hurom no se hace responsable de reclamaciones de garant\u00eda de productos vendidos o utilizados fuera de Europa.<\/p>\n\n\n\n<p>Ten en cuenta que Hurom no ofrece una garant\u00eda internacional.<br>Por tanto, la cobertura de la garant\u00eda puede estar limitada en los pa\u00edses fuera de la UE y en aquellos pa\u00edses europeos a los que no enviamos nuestros productos.<br>Agradecemos tu comprensi\u00f3n.<\/p>\n\n\n\n<p>No ofrecemos servicio posventa para productos comprados a vendedores no autorizados.<br>Si tienes dudas sobre la autorizaci\u00f3n de un vendedor en l\u00ednea, cont\u00e1ctanos en: <a>info@hurom-europe.com<\/a><\/p>\n\n\n\n<h3 class=\"wp-block-heading\">(4) \u00bfPuedo enviar mi m\u00e1quina a Hurom para reparaci\u00f3n si ya no est\u00e1 en garant\u00eda?<\/h3>\n\n\n\n<p>S\u00ed. Podemos reparar o reemplazar tu producto con un costo adicional.<br>Ten en cuenta que el servicio fuera de garant\u00eda implicar\u00e1 gastos de reparaci\u00f3n, que pueden variar seg\u00fan el caso.<\/p>\n\n\n\n<h3 class=\"wp-block-heading\">(5) \u00bfD\u00f3nde puedo encontrar repuestos?<\/h3>\n\n\n\n<p>Puedes encontrar repuestos para nuestros productos en nuestra tienda online de piezas:<br>\ud83d\udd17 <a href=\"https:\/\/hurom-europe-parts.com\/collections\">https:\/\/hurom-europe-parts.com\/collections<\/a><\/p>\n\n\n\n<h2 class=\"wp-block-heading\">Secci\u00f3n 7. Limitaci\u00f3n de responsabilidad<\/h2>\n\n\n\n<p>Excluimos la responsabilidad por incumplimientos leves, salvo que afecten obligaciones contractuales esenciales, causen muerte, lesiones personales o da\u00f1os a la salud, o est\u00e9n relacionados con garant\u00edas o reclamaciones seg\u00fan la Ley de Responsabilidad por Productos (ProdHaftG).<br>Lo mismo aplica para los incumplimientos cometidos por nuestros representantes legales o agentes.<\/p>\n\n\n\n<p>Las obligaciones contractuales esenciales incluyen, en particular, la entrega del producto conforme al contrato y libre de defectos materiales.<\/p>\n\n\n\n<h2 class=\"wp-block-heading\">Secci\u00f3n 8. Eliminaci\u00f3n de aparatos el\u00e9ctricos y electr\u00f3nicos conforme a la ElektroG<\/h2>\n\n\n\n<p>(1) Los aparatos el\u00e9ctricos y electr\u00f3nicos no deben desecharse junto con los residuos dom\u00e9sticos. Los consumidores est\u00e1n legalmente obligados a eliminar los equipos antiguos por separado de los residuos municipales no clasificados.<\/p>\n\n\n\n<p>(2) Los aparatos antiguos deben entregarse en puntos de recogida municipales o puntos de devoluci\u00f3n.<\/p>\n\n\n\n<p>(3) Los aparatos el\u00e9ctricos antiguos est\u00e1n marcados con el s\u00edmbolo de un contenedor de basura tachado:<\/p>\n\n\n\n<figure class=\"wp-block-image size-full is-resized\"><img loading=\"lazy\" decoding=\"async\" width=\"500\" height=\"500\" src=\"https:\/\/www.hurom-europe.com\/wp-content\/uploads\/2025\/11\/Icon_WEEE_01.jpg\" alt=\"\" class=\"wp-image-190913\" style=\"width:111px;height:auto\" srcset=\"https:\/\/www.hurom-europe.com\/wp-content\/uploads\/2025\/11\/Icon_WEEE_01.jpg 500w, https:\/\/www.hurom-europe.com\/wp-content\/uploads\/2025\/11\/Icon_WEEE_01-300x300.jpg 300w, https:\/\/www.hurom-europe.com\/wp-content\/uploads\/2025\/11\/Icon_WEEE_01-150x150.jpg 150w, https:\/\/www.hurom-europe.com\/wp-content\/uploads\/2025\/11\/Icon_WEEE_01-100x100.jpg 100w\" sizes=\"auto, (max-width: 500px) 100vw, 500px\" \/><\/figure>\n\n\n\n<p>[Nota: El s\u00edmbolo est\u00e1 impreso en el aparato o en el embalaje.]<\/p>\n\n\n\n<p>(4) Estamos registrados en la Fundaci\u00f3n EAR con el siguiente n\u00famero de registro WEEE:<\/p>\n\n\n\n<p>N.\u00ba de registro WEEE: DE 43913252 \/ FR044463_05MN12<\/p>\n\n\n\n<p>Estaremos encantados de enviarle una copia de las condiciones generales por correo electr\u00f3nico.<\/p>\n\n\n\n<p>Versi\u00f3n de las CGC 3.0 \/\/ A partir del 31.03.2026<\/p>\n","protected":false},"excerpt":{"rendered":"<p>Secci\u00f3n 1. \u00c1mbito de validez, informaci\u00f3n para el cliente Las siguientes Condiciones Generales de Contrataci\u00f3n (CGC) regulan la relaci\u00f3n contractual entre Hurom Europe GmbH y los consumidores o empresarios que compran productos en esta tienda.No se aceptar\u00e1n condiciones que contradigan o difieran de estas condiciones generales.El idioma del contrato ser\u00e1 alem\u00e1n. Secci\u00f3n 2. Celebraci\u00f3n del [&hellip;]<\/p>\n","protected":false},"author":1,"featured_media":0,"parent":0,"menu_order":9,"comment_status":"closed","ping_status":"closed","template":"","meta":{"_acf_changed":false,"inline_featured_image":false,"footnotes":""},"class_list":["post-188743","page","type-page","status-publish","hentry"],"acf":[],"yoast_head":"<!-- This site is optimized with the Yoast SEO plugin v26.6 - https:\/\/yoast.com\/wordpress\/plugins\/seo\/ -->\n<title>T\u00e9rminos de uso - Hurom Europe<\/title>\n<meta name=\"description\" content=\"Los t\u00e9rminos y condiciones generales regulan la relaci\u00f3n contractual entre nosotros y los consumidores que compran productos en la tienda.\" \/>\n<meta name=\"robots\" content=\"index, follow, max-snippet:-1, max-image-preview:large, max-video-preview:-1\" \/>\n<link rel=\"canonical\" href=\"https:\/\/www.hurom-europe.com\/es\/terminos-de-uso\/\" \/>\n<meta property=\"og:locale\" content=\"es_ES\" \/>\n<meta property=\"og:type\" content=\"article\" \/>\n<meta property=\"og:title\" content=\"T\u00e9rminos de uso - Hurom Europe\" \/>\n<meta property=\"og:description\" content=\"Los t\u00e9rminos y condiciones generales regulan la relaci\u00f3n contractual entre nosotros y los consumidores que compran productos en la tienda.\" \/>\n<meta property=\"og:url\" content=\"https:\/\/www.hurom-europe.com\/es\/terminos-de-uso\/\" \/>\n<meta property=\"og:site_name\" content=\"Hurom Europe\" \/>\n<meta property=\"article:modified_time\" content=\"2026-04-09T14:54:46+00:00\" \/>\n<meta property=\"og:image\" content=\"https:\/\/www.hurom-europe.com\/wp-content\/uploads\/2025\/11\/Icon_WEEE_01.jpg\" \/>\n\t<meta property=\"og:image:width\" content=\"500\" \/>\n\t<meta property=\"og:image:height\" content=\"500\" \/>\n\t<meta property=\"og:image:type\" content=\"image\/jpeg\" \/>\n<meta name=\"twitter:card\" content=\"summary_large_image\" \/>\n<meta name=\"twitter:label1\" content=\"Tiempo de lectura\" \/>\n\t<meta name=\"twitter:data1\" content=\"5 minutos\" \/>\n<script type=\"application\/ld+json\" class=\"yoast-schema-graph\">{\"@context\":\"https:\/\/schema.org\",\"@graph\":[{\"@type\":\"WebPage\",\"@id\":\"https:\/\/www.hurom-europe.com\/es\/terminos-de-uso\/\",\"url\":\"https:\/\/www.hurom-europe.com\/es\/terminos-de-uso\/\",\"name\":\"T\u00e9rminos de uso - Hurom Europe\",\"isPartOf\":{\"@id\":\"https:\/\/www.hurom-europe.com\/fr\/#website\"},\"primaryImageOfPage\":{\"@id\":\"https:\/\/www.hurom-europe.com\/es\/terminos-de-uso\/#primaryimage\"},\"image\":{\"@id\":\"https:\/\/www.hurom-europe.com\/es\/terminos-de-uso\/#primaryimage\"},\"thumbnailUrl\":\"https:\/\/www.hurom-europe.com\/wp-content\/uploads\/2025\/11\/Icon_WEEE_01.jpg\",\"datePublished\":\"2020-09-22T11:41:01+00:00\",\"dateModified\":\"2026-04-09T14:54:46+00:00\",\"description\":\"Los t\u00e9rminos y condiciones generales regulan la relaci\u00f3n contractual entre nosotros y los consumidores que compran productos en la tienda.\",\"breadcrumb\":{\"@id\":\"https:\/\/www.hurom-europe.com\/es\/terminos-de-uso\/#breadcrumb\"},\"inLanguage\":\"es\",\"potentialAction\":[{\"@type\":\"ReadAction\",\"target\":[\"https:\/\/www.hurom-europe.com\/es\/terminos-de-uso\/\"]}]},{\"@type\":\"ImageObject\",\"inLanguage\":\"es\",\"@id\":\"https:\/\/www.hurom-europe.com\/es\/terminos-de-uso\/#primaryimage\",\"url\":\"https:\/\/www.hurom-europe.com\/wp-content\/uploads\/2025\/11\/Icon_WEEE_01.jpg\",\"contentUrl\":\"https:\/\/www.hurom-europe.com\/wp-content\/uploads\/2025\/11\/Icon_WEEE_01.jpg\"},{\"@type\":\"BreadcrumbList\",\"@id\":\"https:\/\/www.hurom-europe.com\/es\/terminos-de-uso\/#breadcrumb\",\"itemListElement\":[{\"@type\":\"ListItem\",\"position\":1,\"name\":\"Home\",\"item\":\"https:\/\/www.hurom-europe.com\/es\/\"},{\"@type\":\"ListItem\",\"position\":2,\"name\":\"T\u00e9rminos de uso\"}]},{\"@type\":\"WebSite\",\"@id\":\"https:\/\/www.hurom-europe.com\/fr\/#website\",\"url\":\"https:\/\/www.hurom-europe.com\/fr\/\",\"name\":\"Hurom Europe\",\"description\":\"Healthy Way of Life with Slow Juicers\",\"potentialAction\":[{\"@type\":\"SearchAction\",\"target\":{\"@type\":\"EntryPoint\",\"urlTemplate\":\"https:\/\/www.hurom-europe.com\/fr\/?s={search_term_string}\"},\"query-input\":{\"@type\":\"PropertyValueSpecification\",\"valueRequired\":true,\"valueName\":\"search_term_string\"}}],\"inLanguage\":\"es\"}]}<\/script>\n<!-- \/ Yoast SEO plugin. -->","yoast_head_json":{"title":"T\u00e9rminos de uso - Hurom Europe","description":"Los t\u00e9rminos y condiciones generales regulan la relaci\u00f3n contractual entre nosotros y los consumidores que compran productos en la tienda.","robots":{"index":"index","follow":"follow","max-snippet":"max-snippet:-1","max-image-preview":"max-image-preview:large","max-video-preview":"max-video-preview:-1"},"canonical":"https:\/\/www.hurom-europe.com\/es\/terminos-de-uso\/","og_locale":"es_ES","og_type":"article","og_title":"T\u00e9rminos de uso - Hurom Europe","og_description":"Los t\u00e9rminos y condiciones generales regulan la relaci\u00f3n contractual entre nosotros y los consumidores que compran productos en la tienda.","og_url":"https:\/\/www.hurom-europe.com\/es\/terminos-de-uso\/","og_site_name":"Hurom Europe","article_modified_time":"2026-04-09T14:54:46+00:00","og_image":[{"width":500,"height":500,"url":"https:\/\/www.hurom-europe.com\/wp-content\/uploads\/2025\/11\/Icon_WEEE_01.jpg","type":"image\/jpeg"}],"twitter_card":"summary_large_image","twitter_misc":{"Tiempo de lectura":"5 minutos"},"schema":{"@context":"https:\/\/schema.org","@graph":[{"@type":"WebPage","@id":"https:\/\/www.hurom-europe.com\/es\/terminos-de-uso\/","url":"https:\/\/www.hurom-europe.com\/es\/terminos-de-uso\/","name":"T\u00e9rminos de uso - Hurom Europe","isPartOf":{"@id":"https:\/\/www.hurom-europe.com\/fr\/#website"},"primaryImageOfPage":{"@id":"https:\/\/www.hurom-europe.com\/es\/terminos-de-uso\/#primaryimage"},"image":{"@id":"https:\/\/www.hurom-europe.com\/es\/terminos-de-uso\/#primaryimage"},"thumbnailUrl":"https:\/\/www.hurom-europe.com\/wp-content\/uploads\/2025\/11\/Icon_WEEE_01.jpg","datePublished":"2020-09-22T11:41:01+00:00","dateModified":"2026-04-09T14:54:46+00:00","description":"Los t\u00e9rminos y condiciones generales regulan la relaci\u00f3n contractual entre nosotros y los consumidores que compran productos en la tienda.","breadcrumb":{"@id":"https:\/\/www.hurom-europe.com\/es\/terminos-de-uso\/#breadcrumb"},"inLanguage":"es","potentialAction":[{"@type":"ReadAction","target":["https:\/\/www.hurom-europe.com\/es\/terminos-de-uso\/"]}]},{"@type":"ImageObject","inLanguage":"es","@id":"https:\/\/www.hurom-europe.com\/es\/terminos-de-uso\/#primaryimage","url":"https:\/\/www.hurom-europe.com\/wp-content\/uploads\/2025\/11\/Icon_WEEE_01.jpg","contentUrl":"https:\/\/www.hurom-europe.com\/wp-content\/uploads\/2025\/11\/Icon_WEEE_01.jpg"},{"@type":"BreadcrumbList","@id":"https:\/\/www.hurom-europe.com\/es\/terminos-de-uso\/#breadcrumb","itemListElement":[{"@type":"ListItem","position":1,"name":"Home","item":"https:\/\/www.hurom-europe.com\/es\/"},{"@type":"ListItem","position":2,"name":"T\u00e9rminos de uso"}]},{"@type":"WebSite","@id":"https:\/\/www.hurom-europe.com\/fr\/#website","url":"https:\/\/www.hurom-europe.com\/fr\/","name":"Hurom Europe","description":"Healthy Way of Life with Slow Juicers","potentialAction":[{"@type":"SearchAction","target":{"@type":"EntryPoint","urlTemplate":"https:\/\/www.hurom-europe.com\/fr\/?s={search_term_string}"},"query-input":{"@type":"PropertyValueSpecification","valueRequired":true,"valueName":"search_term_string"}}],"inLanguage":"es"}]}},"_links":{"self":[{"href":"https:\/\/www.hurom-europe.com\/es\/wp-json\/wp\/v2\/pages\/188743","targetHints":{"allow":["GET"]}}],"collection":[{"href":"https:\/\/www.hurom-europe.com\/es\/wp-json\/wp\/v2\/pages"}],"about":[{"href":"https:\/\/www.hurom-europe.com\/es\/wp-json\/wp\/v2\/types\/page"}],"author":[{"embeddable":true,"href":"https:\/\/www.hurom-europe.com\/es\/wp-json\/wp\/v2\/users\/1"}],"replies":[{"embeddable":true,"href":"https:\/\/www.hurom-europe.com\/es\/wp-json\/wp\/v2\/comments?post=188743"}],"version-history":[{"count":0,"href":"https:\/\/www.hurom-europe.com\/es\/wp-json\/wp\/v2\/pages\/188743\/revisions"}],"wp:attachment":[{"href":"https:\/\/www.hurom-europe.com\/es\/wp-json\/wp\/v2\/media?parent=188743"}],"curies":[{"name":"wp","href":"https:\/\/api.w.org\/{rel}","templated":true}]}}