{"id":188737,"date":"2020-09-22T13:43:21","date_gmt":"2020-09-22T11:43:21","guid":{"rendered":"https:\/\/www.hurom-europe.com\/warranty\/"},"modified":"2026-03-31T10:33:40","modified_gmt":"2026-03-31T08:33:40","slug":"garantia","status":"publish","type":"page","link":"https:\/\/www.hurom-europe.com\/es\/garantia\/","title":{"rendered":"Garant\u00eda"},"content":{"rendered":"\n<h1 class=\"wp-block-heading\">Registro de Garant\u00eda<\/h1>\n\n\n\n<p><strong>Informaci\u00f3n sobre la garant\u00eda de tu producto ofrecida por Hurom.<\/strong><\/p>\n\n\n\n<p>Gracias por tu reciente compra de un electrodom\u00e9stico Hurom.<br>Por favor, completa el siguiente formulario para finalizar el registro de tu garant\u00eda.<\/p>\n\n\n\n<p>Ten en cuenta que esta garant\u00eda <strong>solo cubre los productos vendidos y utilizados en Europa.<\/strong><br>(*Ofrecemos garant\u00eda a partir de la fecha de compra.)<br>(**Esta garant\u00eda puede no aplicarse a los productos vendidos y utilizados en algunos pa\u00edses europeos.)<\/p>\n\n\n\n<p>Los <strong>periodos de garant\u00eda var\u00edan seg\u00fan el modelo.<\/strong><\/p>\n\n\n\n<p>Los consumibles, como las piezas de silicona y los recipientes de jugo y pulpa, <strong>no est\u00e1n cubiertos por la garant\u00eda.<\/strong><\/p>\n\n\n\n<p>[Productos comprados a partir de septiembre de 2024]<\/p>\n\n\n\n<p><strong>H80ST\/H400 \/ H330P \/ H320N \/ H70ST \/ H70FT:<\/strong> Motor y piezas con <strong>15 a\u00f1os de garant\u00eda<\/strong><\/p>\n\n\n\n<p><strong>H310A \/ E50ST \/ E30ST:<\/strong> Motor y piezas con <strong>10 a\u00f1os de garant\u00eda<\/strong><\/p>\n\n\n\n<p><strong>Otros (excepto la serie DT-SJ):<\/strong> <strong>10 a\u00f1os de garant\u00eda<\/strong> para el motor y <strong>2 a\u00f1os de garant\u00eda<\/strong> para las piezas<\/p>\n\n\n\n<p>Purificador de agua(WP-A01EGR): 5 a\u00f1os de garant\u00eda &#8211; Esta garant\u00eda se aplica \u00fanicamente a la unidad principal. Los consumibles, incluidos los filtros, no se incluyen en la garant\u00eda.<\/p>\n\n\n\n<p> Batidoras y accesorios(Batidora de sobremesa, Power Blender, etc.): garant\u00eda de 2 a\u00f1os<\/p>\n\n\n\n<p class=\"has-text-align-left\">*El periodo de garant\u00eda anterior se aplica \u00fanicamente al producto principal. Las piezas adicionales compradas por separado cuentan con <strong>2 a\u00f1os de garant\u00eda.<\/strong><\/p>\n\n\n\n<p class=\"has-text-align-left\">Ten en cuenta que la <strong>garant\u00eda extendida<\/strong> se aplica a los productos comprados a partir del <strong>1 de septiembre<\/strong> y con la garant\u00eda <strong>registrada en el sitio web de Hurom Europa.<\/strong><br>Se requiere la <strong>factura original y el n\u00famero de pedido<\/strong> para obtener esta garant\u00eda.<\/p>\n\n\n\n<p class=\"has-text-align-left\"><\/p>\n\n\n\n<p class=\"has-text-align-left\">[Productos comprados antes de septiembre de 2024]<\/p>\n\n\n\n<p class=\"has-text-align-left\"><strong>10 a\u00f1os de garant\u00eda<\/strong> para el motor y <strong>2 a\u00f1os de garant\u00eda<\/strong> para las piezas en todos los modelos de <strong>Slow Juicer<\/strong><br>(excepto las series <strong>HW<\/strong>, <strong>DT-SJ<\/strong> y <strong>S13<\/strong>), <strong>solo si fueron comprados en Hurom Europa.<\/strong><\/p>\n","protected":false},"excerpt":{"rendered":"<p>Registro de Garant\u00eda Informaci\u00f3n sobre la garant\u00eda de tu producto ofrecida por Hurom. Gracias por tu reciente compra de un electrodom\u00e9stico Hurom.Por favor, completa el siguiente formulario para finalizar el registro de tu garant\u00eda. Ten en cuenta que esta garant\u00eda solo cubre los productos vendidos y utilizados en Europa.(*Ofrecemos garant\u00eda a partir de la fecha [&hellip;]<\/p>\n","protected":false},"author":1,"featured_media":0,"parent":0,"menu_order":9,"comment_status":"closed","ping_status":"closed","template":"templates\/template--warranty.php","meta":{"_acf_changed":false,"inline_featured_image":false,"footnotes":""},"class_list":["post-188737","page","type-page","status-publish","hentry"],"acf":[],"yoast_head":"<!-- This site is optimized with the Yoast SEO plugin v26.6 - https:\/\/yoast.com\/wordpress\/plugins\/seo\/ -->\n<title>Garant\u00eda - Hurom Europe<\/title>\n<meta name=\"description\" content=\"Aqu\u00ed puedes encontrar informaci\u00f3n sobre la garant\u00eda de tu producto y completar un formulario en l\u00ednea para finalizar el registro de tu garant\u00eda.\" \/>\n<meta name=\"robots\" content=\"index, follow, max-snippet:-1, max-image-preview:large, max-video-preview:-1\" \/>\n<link rel=\"canonical\" href=\"https:\/\/www.hurom-europe.com\/es\/garantia\/\" \/>\n<meta property=\"og:locale\" content=\"es_ES\" \/>\n<meta property=\"og:type\" content=\"article\" \/>\n<meta property=\"og:title\" content=\"Garant\u00eda - Hurom Europe\" \/>\n<meta property=\"og:description\" content=\"Aqu\u00ed puedes encontrar informaci\u00f3n sobre la garant\u00eda de tu producto y completar un formulario en l\u00ednea para finalizar el registro de tu garant\u00eda.\" \/>\n<meta property=\"og:url\" content=\"https:\/\/www.hurom-europe.com\/es\/garantia\/\" \/>\n<meta property=\"og:site_name\" content=\"Hurom Europe\" \/>\n<meta property=\"article:modified_time\" content=\"2026-03-31T08:33:40+00:00\" \/>\n<meta name=\"twitter:card\" content=\"summary_large_image\" \/>\n<meta name=\"twitter:label1\" content=\"Tiempo de lectura\" \/>\n\t<meta name=\"twitter:data1\" content=\"2 minutos\" \/>\n<script type=\"application\/ld+json\" class=\"yoast-schema-graph\">{\"@context\":\"https:\/\/schema.org\",\"@graph\":[{\"@type\":\"WebPage\",\"@id\":\"https:\/\/www.hurom-europe.com\/es\/garantia\/\",\"url\":\"https:\/\/www.hurom-europe.com\/es\/garantia\/\",\"name\":\"Garant\u00eda - Hurom Europe\",\"isPartOf\":{\"@id\":\"https:\/\/www.hurom-europe.com\/fr\/#website\"},\"datePublished\":\"2020-09-22T11:43:21+00:00\",\"dateModified\":\"2026-03-31T08:33:40+00:00\",\"description\":\"Aqu\u00ed puedes encontrar informaci\u00f3n sobre la garant\u00eda de tu producto y completar un formulario en l\u00ednea para finalizar el registro de tu garant\u00eda.\",\"breadcrumb\":{\"@id\":\"https:\/\/www.hurom-europe.com\/es\/garantia\/#breadcrumb\"},\"inLanguage\":\"es\",\"potentialAction\":[{\"@type\":\"ReadAction\",\"target\":[\"https:\/\/www.hurom-europe.com\/es\/garantia\/\"]}]},{\"@type\":\"BreadcrumbList\",\"@id\":\"https:\/\/www.hurom-europe.com\/es\/garantia\/#breadcrumb\",\"itemListElement\":[{\"@type\":\"ListItem\",\"position\":1,\"name\":\"Home\",\"item\":\"https:\/\/www.hurom-europe.com\/es\/\"},{\"@type\":\"ListItem\",\"position\":2,\"name\":\"Garant\u00eda\"}]},{\"@type\":\"WebSite\",\"@id\":\"https:\/\/www.hurom-europe.com\/fr\/#website\",\"url\":\"https:\/\/www.hurom-europe.com\/fr\/\",\"name\":\"Hurom Europe\",\"description\":\"Healthy Way of Life with Slow Juicers\",\"potentialAction\":[{\"@type\":\"SearchAction\",\"target\":{\"@type\":\"EntryPoint\",\"urlTemplate\":\"https:\/\/www.hurom-europe.com\/fr\/?s={search_term_string}\"},\"query-input\":{\"@type\":\"PropertyValueSpecification\",\"valueRequired\":true,\"valueName\":\"search_term_string\"}}],\"inLanguage\":\"es\"}]}<\/script>\n<!-- \/ Yoast SEO plugin. -->","yoast_head_json":{"title":"Garant\u00eda - Hurom Europe","description":"Aqu\u00ed puedes encontrar informaci\u00f3n sobre la garant\u00eda de tu producto y completar un formulario en l\u00ednea para finalizar el registro de tu garant\u00eda.","robots":{"index":"index","follow":"follow","max-snippet":"max-snippet:-1","max-image-preview":"max-image-preview:large","max-video-preview":"max-video-preview:-1"},"canonical":"https:\/\/www.hurom-europe.com\/es\/garantia\/","og_locale":"es_ES","og_type":"article","og_title":"Garant\u00eda - Hurom Europe","og_description":"Aqu\u00ed puedes encontrar informaci\u00f3n sobre la garant\u00eda de tu producto y completar un formulario en l\u00ednea para finalizar el registro de tu garant\u00eda.","og_url":"https:\/\/www.hurom-europe.com\/es\/garantia\/","og_site_name":"Hurom Europe","article_modified_time":"2026-03-31T08:33:40+00:00","twitter_card":"summary_large_image","twitter_misc":{"Tiempo de lectura":"2 minutos"},"schema":{"@context":"https:\/\/schema.org","@graph":[{"@type":"WebPage","@id":"https:\/\/www.hurom-europe.com\/es\/garantia\/","url":"https:\/\/www.hurom-europe.com\/es\/garantia\/","name":"Garant\u00eda - Hurom Europe","isPartOf":{"@id":"https:\/\/www.hurom-europe.com\/fr\/#website"},"datePublished":"2020-09-22T11:43:21+00:00","dateModified":"2026-03-31T08:33:40+00:00","description":"Aqu\u00ed puedes encontrar informaci\u00f3n sobre la garant\u00eda de tu producto y completar un formulario en l\u00ednea para finalizar el registro de tu garant\u00eda.","breadcrumb":{"@id":"https:\/\/www.hurom-europe.com\/es\/garantia\/#breadcrumb"},"inLanguage":"es","potentialAction":[{"@type":"ReadAction","target":["https:\/\/www.hurom-europe.com\/es\/garantia\/"]}]},{"@type":"BreadcrumbList","@id":"https:\/\/www.hurom-europe.com\/es\/garantia\/#breadcrumb","itemListElement":[{"@type":"ListItem","position":1,"name":"Home","item":"https:\/\/www.hurom-europe.com\/es\/"},{"@type":"ListItem","position":2,"name":"Garant\u00eda"}]},{"@type":"WebSite","@id":"https:\/\/www.hurom-europe.com\/fr\/#website","url":"https:\/\/www.hurom-europe.com\/fr\/","name":"Hurom Europe","description":"Healthy Way of Life with Slow Juicers","potentialAction":[{"@type":"SearchAction","target":{"@type":"EntryPoint","urlTemplate":"https:\/\/www.hurom-europe.com\/fr\/?s={search_term_string}"},"query-input":{"@type":"PropertyValueSpecification","valueRequired":true,"valueName":"search_term_string"}}],"inLanguage":"es"}]}},"_links":{"self":[{"href":"https:\/\/www.hurom-europe.com\/es\/wp-json\/wp\/v2\/pages\/188737","targetHints":{"allow":["GET"]}}],"collection":[{"href":"https:\/\/www.hurom-europe.com\/es\/wp-json\/wp\/v2\/pages"}],"about":[{"href":"https:\/\/www.hurom-europe.com\/es\/wp-json\/wp\/v2\/types\/page"}],"author":[{"embeddable":true,"href":"https:\/\/www.hurom-europe.com\/es\/wp-json\/wp\/v2\/users\/1"}],"replies":[{"embeddable":true,"href":"https:\/\/www.hurom-europe.com\/es\/wp-json\/wp\/v2\/comments?post=188737"}],"version-history":[{"count":0,"href":"https:\/\/www.hurom-europe.com\/es\/wp-json\/wp\/v2\/pages\/188737\/revisions"}],"wp:attachment":[{"href":"https:\/\/www.hurom-europe.com\/es\/wp-json\/wp\/v2\/media?parent=188737"}],"curies":[{"name":"wp","href":"https:\/\/api.w.org\/{rel}","templated":true}]}}