{"id":188662,"date":"2020-09-22T09:33:11","date_gmt":"2020-09-22T07:33:11","guid":{"rendered":"https:\/\/www.hurom-europe.com\/nutrition\/"},"modified":"2025-10-27T14:34:13","modified_gmt":"2025-10-27T13:34:13","slug":"nutricion","status":"publish","type":"page","link":"https:\/\/www.hurom-europe.com\/es\/nutricion\/","title":{"rendered":"Nutrition"},"content":{"rendered":"","protected":false},"excerpt":{"rendered":"","protected":false},"author":1,"featured_media":0,"parent":0,"menu_order":3,"comment_status":"closed","ping_status":"closed","template":"templates\/template--nutrition.php","meta":{"_acf_changed":true,"inline_featured_image":false,"footnotes":""},"class_list":["post-188662","page","type-page","status-publish","hentry"],"acf":[],"yoast_head":"<!-- This site is optimized with the Yoast SEO plugin v26.6 - https:\/\/yoast.com\/wordpress\/plugins\/seo\/ -->\n<title>Nutrition - Hurom Europe<\/title>\n<meta name=\"description\" content=\"La tecnolog\u00eda de prensado lento de Hurom crea jugos de alta calidad al minimizar la exposici\u00f3n al ox\u00edgeno y al calor, preservando eficazmente los nutrientes.\" \/>\n<meta name=\"robots\" content=\"index, follow, max-snippet:-1, max-image-preview:large, max-video-preview:-1\" \/>\n<link rel=\"canonical\" href=\"https:\/\/www.hurom-europe.com\/es\/nutricion\/\" \/>\n<meta property=\"og:locale\" content=\"es_ES\" \/>\n<meta property=\"og:type\" content=\"article\" \/>\n<meta property=\"og:title\" content=\"Nutrition - Hurom Europe\" \/>\n<meta property=\"og:description\" content=\"La tecnolog\u00eda de prensado lento de Hurom crea jugos de alta calidad al minimizar la exposici\u00f3n al ox\u00edgeno y al calor, preservando eficazmente los nutrientes.\" \/>\n<meta property=\"og:url\" content=\"https:\/\/www.hurom-europe.com\/es\/nutricion\/\" \/>\n<meta property=\"og:site_name\" content=\"Hurom Europe\" \/>\n<meta property=\"article:modified_time\" content=\"2025-10-27T13:34:13+00:00\" \/>\n<meta name=\"twitter:card\" content=\"summary_large_image\" \/>\n<script type=\"application\/ld+json\" class=\"yoast-schema-graph\">{\"@context\":\"https:\/\/schema.org\",\"@graph\":[{\"@type\":\"WebPage\",\"@id\":\"https:\/\/www.hurom-europe.com\/es\/nutricion\/\",\"url\":\"https:\/\/www.hurom-europe.com\/es\/nutricion\/\",\"name\":\"Nutrition - Hurom Europe\",\"isPartOf\":{\"@id\":\"https:\/\/www.hurom-europe.com\/fr\/#website\"},\"datePublished\":\"2020-09-22T07:33:11+00:00\",\"dateModified\":\"2025-10-27T13:34:13+00:00\",\"description\":\"La tecnolog\u00eda de prensado lento de Hurom crea jugos de alta calidad al minimizar la exposici\u00f3n al ox\u00edgeno y al calor, preservando eficazmente los nutrientes.\",\"breadcrumb\":{\"@id\":\"https:\/\/www.hurom-europe.com\/es\/nutricion\/#breadcrumb\"},\"inLanguage\":\"es\",\"potentialAction\":[{\"@type\":\"ReadAction\",\"target\":[\"https:\/\/www.hurom-europe.com\/es\/nutricion\/\"]}]},{\"@type\":\"BreadcrumbList\",\"@id\":\"https:\/\/www.hurom-europe.com\/es\/nutricion\/#breadcrumb\",\"itemListElement\":[{\"@type\":\"ListItem\",\"position\":1,\"name\":\"Home\",\"item\":\"https:\/\/www.hurom-europe.com\/es\/\"},{\"@type\":\"ListItem\",\"position\":2,\"name\":\"Nutrition\"}]},{\"@type\":\"WebSite\",\"@id\":\"https:\/\/www.hurom-europe.com\/fr\/#website\",\"url\":\"https:\/\/www.hurom-europe.com\/fr\/\",\"name\":\"Hurom Europe\",\"description\":\"Healthy Way of Life with Slow Juicers\",\"potentialAction\":[{\"@type\":\"SearchAction\",\"target\":{\"@type\":\"EntryPoint\",\"urlTemplate\":\"https:\/\/www.hurom-europe.com\/fr\/?s={search_term_string}\"},\"query-input\":{\"@type\":\"PropertyValueSpecification\",\"valueRequired\":true,\"valueName\":\"search_term_string\"}}],\"inLanguage\":\"es\"}]}<\/script>\n<!-- \/ Yoast SEO plugin. -->","yoast_head_json":{"title":"Nutrition - Hurom Europe","description":"La tecnolog\u00eda de prensado lento de Hurom crea jugos de alta calidad al minimizar la exposici\u00f3n al ox\u00edgeno y al calor, preservando eficazmente los nutrientes.","robots":{"index":"index","follow":"follow","max-snippet":"max-snippet:-1","max-image-preview":"max-image-preview:large","max-video-preview":"max-video-preview:-1"},"canonical":"https:\/\/www.hurom-europe.com\/es\/nutricion\/","og_locale":"es_ES","og_type":"article","og_title":"Nutrition - Hurom Europe","og_description":"La tecnolog\u00eda de prensado lento de Hurom crea jugos de alta calidad al minimizar la exposici\u00f3n al ox\u00edgeno y al calor, preservando eficazmente los nutrientes.","og_url":"https:\/\/www.hurom-europe.com\/es\/nutricion\/","og_site_name":"Hurom Europe","article_modified_time":"2025-10-27T13:34:13+00:00","twitter_card":"summary_large_image","schema":{"@context":"https:\/\/schema.org","@graph":[{"@type":"WebPage","@id":"https:\/\/www.hurom-europe.com\/es\/nutricion\/","url":"https:\/\/www.hurom-europe.com\/es\/nutricion\/","name":"Nutrition - Hurom Europe","isPartOf":{"@id":"https:\/\/www.hurom-europe.com\/fr\/#website"},"datePublished":"2020-09-22T07:33:11+00:00","dateModified":"2025-10-27T13:34:13+00:00","description":"La tecnolog\u00eda de prensado lento de Hurom crea jugos de alta calidad al minimizar la exposici\u00f3n al ox\u00edgeno y al calor, preservando eficazmente los nutrientes.","breadcrumb":{"@id":"https:\/\/www.hurom-europe.com\/es\/nutricion\/#breadcrumb"},"inLanguage":"es","potentialAction":[{"@type":"ReadAction","target":["https:\/\/www.hurom-europe.com\/es\/nutricion\/"]}]},{"@type":"BreadcrumbList","@id":"https:\/\/www.hurom-europe.com\/es\/nutricion\/#breadcrumb","itemListElement":[{"@type":"ListItem","position":1,"name":"Home","item":"https:\/\/www.hurom-europe.com\/es\/"},{"@type":"ListItem","position":2,"name":"Nutrition"}]},{"@type":"WebSite","@id":"https:\/\/www.hurom-europe.com\/fr\/#website","url":"https:\/\/www.hurom-europe.com\/fr\/","name":"Hurom Europe","description":"Healthy Way of Life with Slow Juicers","potentialAction":[{"@type":"SearchAction","target":{"@type":"EntryPoint","urlTemplate":"https:\/\/www.hurom-europe.com\/fr\/?s={search_term_string}"},"query-input":{"@type":"PropertyValueSpecification","valueRequired":true,"valueName":"search_term_string"}}],"inLanguage":"es"}]}},"_links":{"self":[{"href":"https:\/\/www.hurom-europe.com\/es\/wp-json\/wp\/v2\/pages\/188662","targetHints":{"allow":["GET"]}}],"collection":[{"href":"https:\/\/www.hurom-europe.com\/es\/wp-json\/wp\/v2\/pages"}],"about":[{"href":"https:\/\/www.hurom-europe.com\/es\/wp-json\/wp\/v2\/types\/page"}],"author":[{"embeddable":true,"href":"https:\/\/www.hurom-europe.com\/es\/wp-json\/wp\/v2\/users\/1"}],"replies":[{"embeddable":true,"href":"https:\/\/www.hurom-europe.com\/es\/wp-json\/wp\/v2\/comments?post=188662"}],"version-history":[{"count":0,"href":"https:\/\/www.hurom-europe.com\/es\/wp-json\/wp\/v2\/pages\/188662\/revisions"}],"wp:attachment":[{"href":"https:\/\/www.hurom-europe.com\/es\/wp-json\/wp\/v2\/media?parent=188662"}],"curies":[{"name":"wp","href":"https:\/\/api.w.org\/{rel}","templated":true}]}}