{"id":188397,"date":"2023-02-14T14:31:33","date_gmt":"2023-02-14T13:31:33","guid":{"rendered":"https:\/\/www.hurom-europe.com\/plus-en\/"},"modified":"2025-10-27T12:05:59","modified_gmt":"2025-10-27T11:05:59","slug":"plus-es","status":"publish","type":"page","link":"https:\/\/www.hurom-europe.com\/es\/plus-es\/","title":{"rendered":"\u00a1\u00danete al Programa de Colaboradores Hurom Plus!"},"content":{"rendered":"\n<figure class=\"wp-block-image size-large\" id=\"block-3c991404-0fb1-4a44-b410-8c3c7b56a5d9\"><img loading=\"lazy\" decoding=\"async\" width=\"1024\" height=\"1024\" src=\"https:\/\/www.hurom-europe.com\/wp-content\/uploads\/2023\/02\/230214_process-1024x1024.jpg\" alt=\"\" class=\"wp-image-13655\" srcset=\"https:\/\/www.hurom-europe.com\/wp-content\/uploads\/2023\/02\/230214_process-1024x1024.jpg 1024w, https:\/\/www.hurom-europe.com\/wp-content\/uploads\/2023\/02\/230214_process-300x300.jpg 300w, https:\/\/www.hurom-europe.com\/wp-content\/uploads\/2023\/02\/230214_process-150x150.jpg 150w, https:\/\/www.hurom-europe.com\/wp-content\/uploads\/2023\/02\/230214_process-768x768.jpg 768w, https:\/\/www.hurom-europe.com\/wp-content\/uploads\/2023\/02\/230214_process-690x690.jpg 690w, https:\/\/www.hurom-europe.com\/wp-content\/uploads\/2023\/02\/230214_process-600x600.jpg 600w, https:\/\/www.hurom-europe.com\/wp-content\/uploads\/2023\/02\/230214_process-100x100.jpg 100w, https:\/\/www.hurom-europe.com\/wp-content\/uploads\/2023\/02\/230214_process.jpg 1500w\" sizes=\"auto, (max-width: 1024px) 100vw, 1024px\" \/><\/figure>\n\n\n\n<ul class=\"wp-block-list\">\n<li><strong>Paso 1.<\/strong> Ve a la p\u00e1gina del <strong>Registro de Colaboradores<\/strong> y completa el formulario <a href=\"https:\/\/www.hurom-europe.com\/es\/hurom-asociacion\/\">https:\/\/www.hurom-europe.com\/partnership\/<\/a>                                                                   <em>No olvides incluir la URL de tu sitio web o de tus redes sociales. Si no tienes ninguna, describe en detalle tus canales y planes de promoci\u00f3n.<\/em><\/li>\n<\/ul>\n\n\n\n<div class=\"wp-block-group\"><div class=\"wp-block-group__inner-container is-layout-constrained wp-block-group-is-layout-constrained\">\n<div class=\"wp-block-group is-vertical is-layout-flex wp-container-core-group-is-layout-8cf370e7 wp-block-group-is-layout-flex\">\n<ul class=\"wp-block-list\">\n<li><strong>Paso 2.<\/strong> Espera el correo electr\u00f3nico de aprobaci\u00f3n                                                   Si tu solicitud es aprobada, recibir\u00e1s un correo electr\u00f3nico.<\/li>\n<\/ul>\n<\/div>\n\n\n\n<ul class=\"wp-block-list\">\n<li><strong>Paso 3.<\/strong> Recomienda <strong>Hurom<\/strong> a las personas de tu entorno y comparte tu <strong>c\u00f3digo de cup\u00f3n personal<\/strong> o tu <strong>URL de referido personalizada<\/strong>.<\/li>\n<\/ul>\n\n\n\n<ul class=\"wp-block-list\">\n<li><strong>Paso 4.<\/strong> Cuando se realice un pedido utilizando tu c\u00f3digo o URL de referido, <strong>ganar\u00e1s una comisi\u00f3n por cada venta<\/strong>. <\/li>\n<\/ul>\n<\/div><\/div>\n\n\n\n<ul class=\"wp-block-list\">\n<li><strong>Paso 5.<\/strong> Tambi\u00e9n puedes consultar el <strong>estado de tus ventas<\/strong> y otros datos directamente en tu <strong>panel de afiliado<\/strong>.<\/li>\n<\/ul>\n\n\n\n<ul class=\"wp-block-list\">\n<li><strong>Paso 6.<\/strong> Te enviaremos tus <strong>comisiones mensualmente<\/strong>.<\/li>\n<\/ul>\n\n\n\n<p id=\"block-1ae41d4b-1ad7-468b-b2fe-40de52690989\">* Ten en cuenta que <strong>solo cubrimos los pa\u00edses de Europa<\/strong> (algunos pa\u00edses europeos pueden estar excluidos por diferentes motivos).<\/p>\n\n\n\n<p id=\"block-1ae41d4b-1ad7-468b-b2fe-40de52690989\">** Si tienes tu propia empresa y deseas colaborar con nosotros como <strong>socio comercial<\/strong>, no dudes en contactarnos en <strong><a>info@hurom-europe.com<\/a><\/strong>.<\/p>\n","protected":false},"excerpt":{"rendered":"<p>* Ten en cuenta que solo cubrimos los pa\u00edses de Europa (algunos pa\u00edses europeos pueden estar excluidos por diferentes motivos). ** Si tienes tu propia empresa y deseas colaborar con nosotros como socio comercial, no dudes en contactarnos en info@hurom-europe.com.<\/p>\n","protected":false},"author":4,"featured_media":0,"parent":0,"menu_order":0,"comment_status":"closed","ping_status":"closed","template":"","meta":{"_acf_changed":false,"inline_featured_image":false,"footnotes":""},"class_list":["post-188397","page","type-page","status-publish","hentry"],"acf":[],"yoast_head":"<!-- This site is optimized with the Yoast SEO plugin v26.6 - https:\/\/yoast.com\/wordpress\/plugins\/seo\/ -->\n<title>\u00a1\u00danete al Programa de Colaboradores Hurom Plus! - Hurom Europe<\/title>\n<meta name=\"description\" content=\"Un estilo de vida saludable con extractores lentos.\" \/>\n<meta name=\"robots\" content=\"index, follow, max-snippet:-1, max-image-preview:large, max-video-preview:-1\" \/>\n<link rel=\"canonical\" href=\"https:\/\/www.hurom-europe.com\/es\/plus-es\/\" \/>\n<meta property=\"og:locale\" content=\"es_ES\" \/>\n<meta property=\"og:type\" content=\"article\" \/>\n<meta property=\"og:title\" content=\"\u00a1\u00danete al Programa de Colaboradores Hurom Plus! - Hurom Europe\" \/>\n<meta property=\"og:description\" content=\"Un estilo de vida saludable con extractores lentos.\" \/>\n<meta property=\"og:url\" content=\"https:\/\/www.hurom-europe.com\/es\/plus-es\/\" \/>\n<meta property=\"og:site_name\" content=\"Hurom Europe\" \/>\n<meta property=\"article:modified_time\" content=\"2025-10-27T11:05:59+00:00\" \/>\n<meta property=\"og:image\" content=\"https:\/\/www.hurom-europe.com\/wp-content\/uploads\/2023\/02\/230214_process.jpg\" \/>\n\t<meta property=\"og:image:width\" content=\"1500\" \/>\n\t<meta property=\"og:image:height\" content=\"1500\" \/>\n\t<meta property=\"og:image:type\" content=\"image\/jpeg\" \/>\n<meta name=\"twitter:card\" content=\"summary_large_image\" \/>\n<meta name=\"twitter:label1\" content=\"Tiempo de lectura\" \/>\n\t<meta name=\"twitter:data1\" content=\"1 minuto\" \/>\n<script type=\"application\/ld+json\" class=\"yoast-schema-graph\">{\"@context\":\"https:\/\/schema.org\",\"@graph\":[{\"@type\":\"WebPage\",\"@id\":\"https:\/\/www.hurom-europe.com\/es\/plus-es\/\",\"url\":\"https:\/\/www.hurom-europe.com\/es\/plus-es\/\",\"name\":\"\u00a1\u00danete al Programa de Colaboradores Hurom Plus! - Hurom Europe\",\"isPartOf\":{\"@id\":\"https:\/\/www.hurom-europe.com\/fr\/#website\"},\"primaryImageOfPage\":{\"@id\":\"https:\/\/www.hurom-europe.com\/es\/plus-es\/#primaryimage\"},\"image\":{\"@id\":\"https:\/\/www.hurom-europe.com\/es\/plus-es\/#primaryimage\"},\"thumbnailUrl\":\"https:\/\/www.hurom-europe.com\/wp-content\/uploads\/2023\/02\/230214_process-1024x1024.jpg\",\"datePublished\":\"2023-02-14T13:31:33+00:00\",\"dateModified\":\"2025-10-27T11:05:59+00:00\",\"description\":\"Un estilo de vida saludable con extractores lentos.\",\"breadcrumb\":{\"@id\":\"https:\/\/www.hurom-europe.com\/es\/plus-es\/#breadcrumb\"},\"inLanguage\":\"es\",\"potentialAction\":[{\"@type\":\"ReadAction\",\"target\":[\"https:\/\/www.hurom-europe.com\/es\/plus-es\/\"]}]},{\"@type\":\"ImageObject\",\"inLanguage\":\"es\",\"@id\":\"https:\/\/www.hurom-europe.com\/es\/plus-es\/#primaryimage\",\"url\":\"https:\/\/www.hurom-europe.com\/wp-content\/uploads\/2023\/02\/230214_process-1024x1024.jpg\",\"contentUrl\":\"https:\/\/www.hurom-europe.com\/wp-content\/uploads\/2023\/02\/230214_process-1024x1024.jpg\"},{\"@type\":\"BreadcrumbList\",\"@id\":\"https:\/\/www.hurom-europe.com\/es\/plus-es\/#breadcrumb\",\"itemListElement\":[{\"@type\":\"ListItem\",\"position\":1,\"name\":\"Home\",\"item\":\"https:\/\/www.hurom-europe.com\/es\/\"},{\"@type\":\"ListItem\",\"position\":2,\"name\":\"\u00a1\u00danete al Programa de Colaboradores Hurom Plus!\"}]},{\"@type\":\"WebSite\",\"@id\":\"https:\/\/www.hurom-europe.com\/fr\/#website\",\"url\":\"https:\/\/www.hurom-europe.com\/fr\/\",\"name\":\"Hurom Europe\",\"description\":\"Healthy Way of Life with Slow Juicers\",\"potentialAction\":[{\"@type\":\"SearchAction\",\"target\":{\"@type\":\"EntryPoint\",\"urlTemplate\":\"https:\/\/www.hurom-europe.com\/fr\/?s={search_term_string}\"},\"query-input\":{\"@type\":\"PropertyValueSpecification\",\"valueRequired\":true,\"valueName\":\"search_term_string\"}}],\"inLanguage\":\"es\"}]}<\/script>\n<!-- \/ Yoast SEO plugin. -->","yoast_head_json":{"title":"\u00a1\u00danete al Programa de Colaboradores Hurom Plus! - Hurom Europe","description":"Un estilo de vida saludable con extractores lentos.","robots":{"index":"index","follow":"follow","max-snippet":"max-snippet:-1","max-image-preview":"max-image-preview:large","max-video-preview":"max-video-preview:-1"},"canonical":"https:\/\/www.hurom-europe.com\/es\/plus-es\/","og_locale":"es_ES","og_type":"article","og_title":"\u00a1\u00danete al Programa de Colaboradores Hurom Plus! - Hurom Europe","og_description":"Un estilo de vida saludable con extractores lentos.","og_url":"https:\/\/www.hurom-europe.com\/es\/plus-es\/","og_site_name":"Hurom Europe","article_modified_time":"2025-10-27T11:05:59+00:00","og_image":[{"width":1500,"height":1500,"url":"https:\/\/www.hurom-europe.com\/wp-content\/uploads\/2023\/02\/230214_process.jpg","type":"image\/jpeg"}],"twitter_card":"summary_large_image","twitter_misc":{"Tiempo de lectura":"1 minuto"},"schema":{"@context":"https:\/\/schema.org","@graph":[{"@type":"WebPage","@id":"https:\/\/www.hurom-europe.com\/es\/plus-es\/","url":"https:\/\/www.hurom-europe.com\/es\/plus-es\/","name":"\u00a1\u00danete al Programa de Colaboradores Hurom Plus! - Hurom Europe","isPartOf":{"@id":"https:\/\/www.hurom-europe.com\/fr\/#website"},"primaryImageOfPage":{"@id":"https:\/\/www.hurom-europe.com\/es\/plus-es\/#primaryimage"},"image":{"@id":"https:\/\/www.hurom-europe.com\/es\/plus-es\/#primaryimage"},"thumbnailUrl":"https:\/\/www.hurom-europe.com\/wp-content\/uploads\/2023\/02\/230214_process-1024x1024.jpg","datePublished":"2023-02-14T13:31:33+00:00","dateModified":"2025-10-27T11:05:59+00:00","description":"Un estilo de vida saludable con extractores lentos.","breadcrumb":{"@id":"https:\/\/www.hurom-europe.com\/es\/plus-es\/#breadcrumb"},"inLanguage":"es","potentialAction":[{"@type":"ReadAction","target":["https:\/\/www.hurom-europe.com\/es\/plus-es\/"]}]},{"@type":"ImageObject","inLanguage":"es","@id":"https:\/\/www.hurom-europe.com\/es\/plus-es\/#primaryimage","url":"https:\/\/www.hurom-europe.com\/wp-content\/uploads\/2023\/02\/230214_process-1024x1024.jpg","contentUrl":"https:\/\/www.hurom-europe.com\/wp-content\/uploads\/2023\/02\/230214_process-1024x1024.jpg"},{"@type":"BreadcrumbList","@id":"https:\/\/www.hurom-europe.com\/es\/plus-es\/#breadcrumb","itemListElement":[{"@type":"ListItem","position":1,"name":"Home","item":"https:\/\/www.hurom-europe.com\/es\/"},{"@type":"ListItem","position":2,"name":"\u00a1\u00danete al Programa de Colaboradores Hurom Plus!"}]},{"@type":"WebSite","@id":"https:\/\/www.hurom-europe.com\/fr\/#website","url":"https:\/\/www.hurom-europe.com\/fr\/","name":"Hurom Europe","description":"Healthy Way of Life with Slow Juicers","potentialAction":[{"@type":"SearchAction","target":{"@type":"EntryPoint","urlTemplate":"https:\/\/www.hurom-europe.com\/fr\/?s={search_term_string}"},"query-input":{"@type":"PropertyValueSpecification","valueRequired":true,"valueName":"search_term_string"}}],"inLanguage":"es"}]}},"_links":{"self":[{"href":"https:\/\/www.hurom-europe.com\/es\/wp-json\/wp\/v2\/pages\/188397","targetHints":{"allow":["GET"]}}],"collection":[{"href":"https:\/\/www.hurom-europe.com\/es\/wp-json\/wp\/v2\/pages"}],"about":[{"href":"https:\/\/www.hurom-europe.com\/es\/wp-json\/wp\/v2\/types\/page"}],"author":[{"embeddable":true,"href":"https:\/\/www.hurom-europe.com\/es\/wp-json\/wp\/v2\/users\/4"}],"replies":[{"embeddable":true,"href":"https:\/\/www.hurom-europe.com\/es\/wp-json\/wp\/v2\/comments?post=188397"}],"version-history":[{"count":0,"href":"https:\/\/www.hurom-europe.com\/es\/wp-json\/wp\/v2\/pages\/188397\/revisions"}],"wp:attachment":[{"href":"https:\/\/www.hurom-europe.com\/es\/wp-json\/wp\/v2\/media?parent=188397"}],"curies":[{"name":"wp","href":"https:\/\/api.w.org\/{rel}","templated":true}]}}