{"id":188396,"date":"2023-10-03T12:55:07","date_gmt":"2023-10-03T10:55:07","guid":{"rendered":"https:\/\/www.hurom-europe.com\/refund_returns\/"},"modified":"2025-10-27T11:49:27","modified_gmt":"2025-10-27T10:49:27","slug":"reembolsos-devoluciones","status":"publish","type":"page","link":"https:\/\/www.hurom-europe.com\/es\/reembolsos-devoluciones\/","title":{"rendered":"Pol\u00edtica de Reembolsos y Devoluciones"},"content":{"rendered":"\n<p><b>Esta es una p\u00e1gina de ejemplo.<\/b><\/p>\n\n\n\n<p><strong>Resumen<\/strong><\/p>\n\n\n\n<p>Nuestra pol\u00edtica de reembolsos y devoluciones tiene una duraci\u00f3n de <strong>30 d\u00edas<\/strong>. Si han pasado m\u00e1s de 30 d\u00edas desde tu compra, no podemos ofrecerte un reembolso completo ni un cambio.<\/p>\n\n\n\n<p>Para ser elegible para una devoluci\u00f3n, tu art\u00edculo debe estar <strong>sin usar<\/strong> y en las <strong>mismas condiciones<\/strong> en que lo recibiste. Tambi\u00e9n debe estar en su <strong>empaque original<\/strong>.<\/p>\n\n\n\n<p>Varios tipos de productos est\u00e1n <strong>exentos de devoluci\u00f3n<\/strong>. Los bienes perecederos como alimentos, flores, peri\u00f3dicos o revistas no pueden devolverse. Tampoco aceptamos productos \u00edntimos o sanitarios, materiales peligrosos ni l\u00edquidos o gases inflamables.<\/p>\n\n\n\n<p><strong>Art\u00edculos adicionales no retornables:<\/strong><\/p>\n\n\n\n<ul class=\"wp-block-list\">\n<li>Tarjetas de regalo<\/li>\n\n\n\n<li>Productos de software descargables<\/li>\n\n\n\n<li>Algunos art\u00edculos de salud y cuidado personal<\/li>\n<\/ul>\n\n\n\n<p>Para completar tu devoluci\u00f3n, requerimos un <strong>recibo o comprobante de compra<\/strong>.<\/p>\n\n\n\n<p>Por favor, <strong>no env\u00edes tu compra de vuelta al fabricante<\/strong>.<\/p>\n\n\n\n<p>Se pueden otorgar reembolsos parciales solo en ciertas situaciones:<\/p>\n\n\n\n<ul class=\"wp-block-list\">\n<li>Libros con signos evidentes de uso.<\/li>\n\n\n\n<li>CD, DVD, cinta VHS, software, videojuego, casete o disco de vinilo que haya sido abierto.<\/li>\n\n\n\n<li>Cualquier art\u00edculo que no est\u00e9 en su condici\u00f3n original, est\u00e9 da\u00f1ado o falten piezas por razones no atribuibles a nuestro error.<\/li>\n\n\n\n<li>Cualquier art\u00edculo devuelto <strong>m\u00e1s de 30 d\u00edas despu\u00e9s de la entrega<\/strong>.<\/li>\n<\/ul>\n\n\n\n<p><strong>Reembolsos<\/strong><\/p>\n\n\n\n<p>Una vez que tu devoluci\u00f3n sea recibida e inspeccionada, te enviaremos un <strong>correo electr\u00f3nico notific\u00e1ndote la recepci\u00f3n<\/strong> del art\u00edculo devuelto. Tambi\u00e9n te informaremos sobre la <strong>aprobaci\u00f3n o rechazo<\/strong> de tu reembolso.<\/p>\n\n\n\n<p>Si es aprobado, el reembolso ser\u00e1 procesado y el cr\u00e9dito se aplicar\u00e1 autom\u00e1ticamente a tu <strong>tarjeta de cr\u00e9dito o m\u00e9todo de pago original<\/strong>, dentro de un plazo determinado.<\/p>\n\n\n\n<p><strong>Reembolsos tard\u00edos o faltantes<\/strong><\/p>\n\n\n\n<p>Si a\u00fan no has recibido tu reembolso, primero verifica nuevamente tu cuenta bancaria.<br>Luego, contacta a tu compa\u00f1\u00eda de tarjeta de cr\u00e9dito, ya que puede tardar un tiempo antes de que el reembolso se refleje oficialmente.<br>Despu\u00e9s, contacta a tu banco; a menudo hay un tiempo de procesamiento antes de que el reembolso se registre.<\/p>\n\n\n\n<p>Si has hecho todo esto y a\u00fan no has recibido tu reembolso, cont\u00e1ctanos en <strong>{direcci\u00f3n de correo electr\u00f3nico}<\/strong>.<\/p>\n\n\n\n<p><strong>Art\u00edculos en oferta<\/strong><\/p>\n\n\n\n<p>Solo los art\u00edculos a <strong>precio regular<\/strong> pueden ser reembolsados.<br>Los art\u00edculos en oferta <strong>no pueden ser reembolsados<\/strong>.<\/p>\n\n\n\n<p><strong>Cambios<\/strong><\/p>\n\n\n\n<p>Solo reemplazamos art\u00edculos si est\u00e1n <strong>defectuosos o da\u00f1ados<\/strong>.<br>Si necesitas cambiarlo por el mismo art\u00edculo, env\u00edanos un correo electr\u00f3nico a <strong>{direcci\u00f3n de correo electr\u00f3nico}<\/strong> y env\u00eda tu art\u00edculo a: <strong>{direcci\u00f3n f\u00edsica}<\/strong>.<\/p>\n\n\n\n<p><strong>Regalos<\/strong><\/p>\n\n\n\n<p>Si el art\u00edculo fue marcado como regalo al momento de la compra y se envi\u00f3 directamente a ti, recibir\u00e1s un <strong>cr\u00e9dito de regalo<\/strong> por el valor de tu devoluci\u00f3n. Una vez recibido el art\u00edculo devuelto, se te enviar\u00e1 un certificado de regalo.<\/p>\n\n\n\n<p>Si el art\u00edculo <strong>no fue marcado como regalo<\/strong>, o si quien lo regal\u00f3 lo envi\u00f3 a s\u00ed mismo para entreg\u00e1rtelo m\u00e1s tarde, se realizar\u00e1 el <strong>reembolso al comprador original<\/strong>, quien sabr\u00e1 de tu devoluci\u00f3n.<\/p>\n\n\n\n<p><strong>Env\u00edo de devoluciones<\/strong><\/p>\n\n\n\n<p>Para devolver tu producto, debes enviarlo a: <strong>{direcci\u00f3n f\u00edsica}<\/strong>.<\/p>\n\n\n\n<p>Ser\u00e1s responsable de pagar los <strong>costos de env\u00edo<\/strong> para devolver tu art\u00edculo. Los costos de env\u00edo <strong>no son reembolsables<\/strong>. Si recibes un reembolso, el costo del env\u00edo de devoluci\u00f3n se deducir\u00e1 del monto reembolsado.<\/p>\n\n\n\n<p>Dependiendo de tu ubicaci\u00f3n, el tiempo que tome recibir tu producto cambiado puede variar.<\/p>\n\n\n\n<p>Si devuelves art\u00edculos de alto valor, te recomendamos usar un <strong>servicio de env\u00edo con seguimiento<\/strong> o adquirir un <strong>seguro de env\u00edo<\/strong>. No garantizamos la recepci\u00f3n del art\u00edculo devuelto.<\/p>\n\n\n\n<p><strong>\u00bfNecesitas ayuda?<\/strong><\/p>\n\n\n\n<p>Cont\u00e1ctanos en <strong>{correo electr\u00f3nico}<\/strong> para cualquier pregunta relacionada con reembolsos y devoluciones.<\/p>\n","protected":false},"excerpt":{"rendered":"<p>Esta es una p\u00e1gina de ejemplo. Resumen Nuestra pol\u00edtica de reembolsos y devoluciones tiene una duraci\u00f3n de 30 d\u00edas. Si han pasado m\u00e1s de 30 d\u00edas desde tu compra, no podemos ofrecerte un reembolso completo ni un cambio. Para ser elegible para una devoluci\u00f3n, tu art\u00edculo debe estar sin usar y en las mismas condiciones [&hellip;]<\/p>\n","protected":false},"author":1,"featured_media":0,"parent":0,"menu_order":0,"comment_status":"closed","ping_status":"closed","template":"","meta":{"_acf_changed":false,"inline_featured_image":false,"footnotes":""},"class_list":["post-188396","page","type-page","status-publish","hentry"],"acf":[],"yoast_head":"<!-- This site is optimized with the Yoast SEO plugin v26.6 - https:\/\/yoast.com\/wordpress\/plugins\/seo\/ -->\n<title>Pol\u00edtica de Reembolsos y Devoluciones - Hurom Europe<\/title>\n<meta name=\"description\" content=\"Un estilo de vida saludable con extractores lentos.\" \/>\n<meta name=\"robots\" content=\"index, follow, max-snippet:-1, max-image-preview:large, max-video-preview:-1\" \/>\n<link rel=\"canonical\" href=\"https:\/\/www.hurom-europe.com\/es\/reembolsos-devoluciones\/\" \/>\n<meta property=\"og:locale\" content=\"es_ES\" \/>\n<meta property=\"og:type\" content=\"article\" \/>\n<meta property=\"og:title\" content=\"Pol\u00edtica de Reembolsos y Devoluciones - Hurom Europe\" \/>\n<meta property=\"og:description\" content=\"Un estilo de vida saludable con extractores lentos.\" \/>\n<meta property=\"og:url\" content=\"https:\/\/www.hurom-europe.com\/es\/reembolsos-devoluciones\/\" \/>\n<meta property=\"og:site_name\" content=\"Hurom Europe\" \/>\n<meta property=\"article:modified_time\" content=\"2025-10-27T10:49:27+00:00\" \/>\n<meta name=\"twitter:card\" content=\"summary_large_image\" \/>\n<meta name=\"twitter:label1\" content=\"Tiempo de lectura\" \/>\n\t<meta name=\"twitter:data1\" content=\"3 minutos\" \/>\n<script type=\"application\/ld+json\" class=\"yoast-schema-graph\">{\"@context\":\"https:\/\/schema.org\",\"@graph\":[{\"@type\":\"WebPage\",\"@id\":\"https:\/\/www.hurom-europe.com\/es\/reembolsos-devoluciones\/\",\"url\":\"https:\/\/www.hurom-europe.com\/es\/reembolsos-devoluciones\/\",\"name\":\"Pol\u00edtica de Reembolsos y Devoluciones - Hurom Europe\",\"isPartOf\":{\"@id\":\"https:\/\/www.hurom-europe.com\/fr\/#website\"},\"datePublished\":\"2023-10-03T10:55:07+00:00\",\"dateModified\":\"2025-10-27T10:49:27+00:00\",\"description\":\"Un estilo de vida saludable con extractores lentos.\",\"breadcrumb\":{\"@id\":\"https:\/\/www.hurom-europe.com\/es\/reembolsos-devoluciones\/#breadcrumb\"},\"inLanguage\":\"es\",\"potentialAction\":[{\"@type\":\"ReadAction\",\"target\":[\"https:\/\/www.hurom-europe.com\/es\/reembolsos-devoluciones\/\"]}]},{\"@type\":\"BreadcrumbList\",\"@id\":\"https:\/\/www.hurom-europe.com\/es\/reembolsos-devoluciones\/#breadcrumb\",\"itemListElement\":[{\"@type\":\"ListItem\",\"position\":1,\"name\":\"Home\",\"item\":\"https:\/\/www.hurom-europe.com\/es\/\"},{\"@type\":\"ListItem\",\"position\":2,\"name\":\"Pol\u00edtica de Reembolsos y Devoluciones\"}]},{\"@type\":\"WebSite\",\"@id\":\"https:\/\/www.hurom-europe.com\/fr\/#website\",\"url\":\"https:\/\/www.hurom-europe.com\/fr\/\",\"name\":\"Hurom Europe\",\"description\":\"Healthy Way of Life with Slow Juicers\",\"potentialAction\":[{\"@type\":\"SearchAction\",\"target\":{\"@type\":\"EntryPoint\",\"urlTemplate\":\"https:\/\/www.hurom-europe.com\/fr\/?s={search_term_string}\"},\"query-input\":{\"@type\":\"PropertyValueSpecification\",\"valueRequired\":true,\"valueName\":\"search_term_string\"}}],\"inLanguage\":\"es\"}]}<\/script>\n<!-- \/ Yoast SEO plugin. -->","yoast_head_json":{"title":"Pol\u00edtica de Reembolsos y Devoluciones - Hurom Europe","description":"Un estilo de vida saludable con extractores lentos.","robots":{"index":"index","follow":"follow","max-snippet":"max-snippet:-1","max-image-preview":"max-image-preview:large","max-video-preview":"max-video-preview:-1"},"canonical":"https:\/\/www.hurom-europe.com\/es\/reembolsos-devoluciones\/","og_locale":"es_ES","og_type":"article","og_title":"Pol\u00edtica de Reembolsos y Devoluciones - Hurom Europe","og_description":"Un estilo de vida saludable con extractores lentos.","og_url":"https:\/\/www.hurom-europe.com\/es\/reembolsos-devoluciones\/","og_site_name":"Hurom Europe","article_modified_time":"2025-10-27T10:49:27+00:00","twitter_card":"summary_large_image","twitter_misc":{"Tiempo de lectura":"3 minutos"},"schema":{"@context":"https:\/\/schema.org","@graph":[{"@type":"WebPage","@id":"https:\/\/www.hurom-europe.com\/es\/reembolsos-devoluciones\/","url":"https:\/\/www.hurom-europe.com\/es\/reembolsos-devoluciones\/","name":"Pol\u00edtica de Reembolsos y Devoluciones - Hurom Europe","isPartOf":{"@id":"https:\/\/www.hurom-europe.com\/fr\/#website"},"datePublished":"2023-10-03T10:55:07+00:00","dateModified":"2025-10-27T10:49:27+00:00","description":"Un estilo de vida saludable con extractores lentos.","breadcrumb":{"@id":"https:\/\/www.hurom-europe.com\/es\/reembolsos-devoluciones\/#breadcrumb"},"inLanguage":"es","potentialAction":[{"@type":"ReadAction","target":["https:\/\/www.hurom-europe.com\/es\/reembolsos-devoluciones\/"]}]},{"@type":"BreadcrumbList","@id":"https:\/\/www.hurom-europe.com\/es\/reembolsos-devoluciones\/#breadcrumb","itemListElement":[{"@type":"ListItem","position":1,"name":"Home","item":"https:\/\/www.hurom-europe.com\/es\/"},{"@type":"ListItem","position":2,"name":"Pol\u00edtica de Reembolsos y Devoluciones"}]},{"@type":"WebSite","@id":"https:\/\/www.hurom-europe.com\/fr\/#website","url":"https:\/\/www.hurom-europe.com\/fr\/","name":"Hurom Europe","description":"Healthy Way of Life with Slow Juicers","potentialAction":[{"@type":"SearchAction","target":{"@type":"EntryPoint","urlTemplate":"https:\/\/www.hurom-europe.com\/fr\/?s={search_term_string}"},"query-input":{"@type":"PropertyValueSpecification","valueRequired":true,"valueName":"search_term_string"}}],"inLanguage":"es"}]}},"_links":{"self":[{"href":"https:\/\/www.hurom-europe.com\/es\/wp-json\/wp\/v2\/pages\/188396","targetHints":{"allow":["GET"]}}],"collection":[{"href":"https:\/\/www.hurom-europe.com\/es\/wp-json\/wp\/v2\/pages"}],"about":[{"href":"https:\/\/www.hurom-europe.com\/es\/wp-json\/wp\/v2\/types\/page"}],"author":[{"embeddable":true,"href":"https:\/\/www.hurom-europe.com\/es\/wp-json\/wp\/v2\/users\/1"}],"replies":[{"embeddable":true,"href":"https:\/\/www.hurom-europe.com\/es\/wp-json\/wp\/v2\/comments?post=188396"}],"version-history":[{"count":0,"href":"https:\/\/www.hurom-europe.com\/es\/wp-json\/wp\/v2\/pages\/188396\/revisions"}],"wp:attachment":[{"href":"https:\/\/www.hurom-europe.com\/es\/wp-json\/wp\/v2\/media?parent=188396"}],"curies":[{"name":"wp","href":"https:\/\/api.w.org\/{rel}","templated":true}]}}